{"id":7339,"date":"2025-11-21T11:15:14","date_gmt":"2025-11-21T11:15:14","guid":{"rendered":"https:\/\/chemgramx.com\/?post_type=product&#038;p=7339"},"modified":"2025-11-21T11:17:15","modified_gmt":"2025-11-21T11:17:15","slug":"mirtillo-kush-24-thc","status":"publish","type":"product","link":"https:\/\/chemgramx.com\/it\/product\/blueberry-kush-24-thc\/","title":{"rendered":"Mirtillo Kush 24% THC"},"content":{"rendered":"<p>La variet\u00e0 <b>Mirtillo Kush<\/b> \u00e8 uno dei <b>variet\u00e0 ibride a predominanza Indica pi\u00f9 apprezzate<\/b> in tutto il mondo. <b>Tu<\/b> \u00e8 noto per la sua intensit\u00e0, <b>Effetto profondamente rilassante<\/b> e il loro sapore eccezionalmente ricco. <b>Con un contenuto di THC<\/b> da <b>fino a 24 %<\/b> questa variet\u00e0 \u00e8 una delle <b>linee genetiche altamente potenti<\/b>. <b>Di conseguenza<\/b> Viene utilizzato nella ricerca per studiare gli effetti delle variet\u00e0 di cannabis a forte predominanza di indica su <b>Riduzione dello stress e sonno<\/b> utilizzato. <b>Infatti<\/b> la combinazione del carattere dolce e fruttato con l'effetto terroso e pesante rappresenta una sinergia perfetta. <b>Pertanto<\/b> un'analisi dettagliata della linea genetica, del complesso profilo chimico e degli effetti farmacologici specifici \u00e8 di grande importanza.<\/p>\n<h2><b>Capolavoro genetico: la fusione di Blueberry e OG Kush<\/b><\/h2>\n<p>La Blueberry Kush \u00e8 il risultato di un incrocio tra due <b>variet\u00e0 leggendarie e geneticamente dominanti<\/b>. <b>Questi<\/b> La combinazione garantisce una genetica stabile e un profilo di fragranza intenso.<\/p>\n<ul>\n<li><b>Mirtillo (componente aromatica):<\/b> <b>Questi<\/b> classica linea Indica, nota per i suoi profondi sapori fruttati (mirtilli) e la sua <b>Forte effetto calmante fisico<\/b>, \u00e8 il principale responsabile della dominanza sedativa dell'indica.<\/li>\n<li><b>OG Kush (La componente di potenza e struttura):<\/b> <b>Il<\/b> La linea OG Kush controlla la <b>base terrosa e speziata<\/b> e il <b>Robustezza strutturale<\/b> con. <b>Soprattutto<\/b> \u00e8 per il <b>Elevata produzione di resina<\/b> che aumenta il contenuto di THC fino a 24 %.<\/li>\n<\/ul>\n<p><b>Il risultato<\/b> \u00e8 un <b>ibrido di alta qualit\u00e0 a dominanza indica<\/b>. <b>Lui<\/b> combina il sapore dolce del mirtillo con la potenza intensa e quasi narcotica della OG Kush. <b>Cos\u00ec<\/b> La Blueberry Kush \u00e8 una delle <b>gli ibridi Indica pi\u00f9 stabili e affidabili<\/b> sul mercato.<\/p>\n<h2><b>Profilo terpenico: la chimica dietro l'aroma di muffin al mirtillo<\/b><\/h2>\n<p>Il sapore ricco e fruttato della Blueberry Kush \u00e8 una delle sue <b>caratteristiche di definizione<\/b>. <b>Esso<\/b> \u00e8 determinata da un complesso profilo terpenico, che costituisce la base dell'esperienza sensoriale.<\/p>\n<h3><b>I terpeni dominanti e il loro effetto<\/b><\/h3>\n<ol start=\"1\">\n<li><b>Mircene (fruttato, calmante):<\/b> <b>Mircene<\/b> \u00e8 il terpene dominante. <b>Esso<\/b> presenta la caratteristica <b>note di mirtillo dolce e maturo<\/b> con. <a href=\"\/product\/green-mandala-mix-kaufen\/\"><b>Farmacologico<\/b> <\/a>il mircene diventa un forte <b>sedativo e rilassante muscolare<\/b> effetto \u00e8 attribuito. <b>Questo<\/b> Il terpene \u00e8 un attore chiave nella cosiddetta <b>\u201eEffetto \u201cblocco del divano<\/b>, che caratterizza il profondo rilassamento fisico della Blueberry Kush.<\/li>\n<li><b>Limonene (agrumi, migliora l'umore):<\/b> <b>Limoni<\/b> pu\u00f2 essere presente in quantit\u00e0 minori e fornisce <b>Sottotono leggermente piccante<\/b> e contribuisce all'iniziale <b>sensazione dolce ed euforica<\/b> con.<\/li>\n<li><b>Cariofillene (speziato, terroso):<\/b> <b>Questo<\/b> Il terpene fornisce il <b>base terrosa e pepata<\/b> della linea OG Kush. <b>Esso<\/b> \u00e8 importante per il <b>Profondit\u00e0 del sapore<\/b>. <b>Come<\/b> Come gi\u00e0 menzionato, il cariofillene \u00e8 unico in quanto agisce direttamente sui recettori CB2.<\/li>\n<\/ol>\n<p><b>Il<\/b> La combinazione di questi terpeni produce un <b>sapore cremoso e dolce<\/b>, che ricordano i prodotti da forno o i frutti di bosco freschi. <b>Questo<\/b> profilo armonioso contribuisce in modo significativo alla <b>benessere olistico<\/b> con.<\/p>\n<h2><b>Effetto farmacologico e profilo applicativo<\/b><\/h2>\n<p>Con <b>fino a 24 % THC<\/b> La Blueberry Kush \u00e8 uno degli ibridi pi\u00f9 forti. <b>Questi<\/b> alta concentrazione consente una <b>Effetto profondo e di lunga durata<\/b>, ideale per i consumatori esperti.<\/p>\n<ul>\n<li><b>Dominanza fisica:<\/b> L'effetto si manifesta rapidamente con un <b>sensazione di dolce euforia<\/b> in. <b>Questo<\/b> si trasforma rapidamente in un <b>Lenire la pesantezza fisica<\/b> circa. <b>Questi<\/b> Il profondo rilassamento fisico \u00e8 caratteristico delle variet\u00e0 indica pure o a predominanza indica.<\/li>\n<li><b>Potenziale terapeutico:<\/b> <b>Il<\/b> segnalato <b>Rilassamento muscolare<\/b> e il <b>Promozione della pace interiore<\/b> rendere Blueberry Kush un oggetto di ricerca in termini di:\n<ul>\n<li><b>Problemi di sonno (insonnia):<\/b> La forte sedazione pu\u00f2 aiutare ad addormentarsi.<\/li>\n<li><b>Tensione cronica:<\/b> Le propriet\u00e0 rilassanti per i muscoli sono utili in caso di tensione fisica.<\/li>\n<li><b>Stress e ansia:<\/b> L'effetto di equalizzazione mentale aiuta a calmare i pensieri legati allo stress.<\/li>\n<\/ul>\n<\/li>\n<\/ul>\n<p><b>Dritto<\/b> A causa di queste propriet\u00e0 fortemente sedative, la variet\u00e0 \u00e8 destinata principalmente al trattamento di <b>Applicazione serale<\/b> e <b>Momenti tranquilli di rigenerazione<\/b> adatto.<\/p>\n<h2><b>Standard di qualit\u00e0 e conformit\u00e0 legale<\/b><\/h2>\n<p>Il <b>alta potenza<\/b> di 24 % THC richiesto <b>Massimo controllo di qualit\u00e0<\/b> e la stretta osservanza della legge.<\/p>\n<ul>\n<li><b>Trasparenza analitica:<\/b> <b>Reale<\/b> Sono richiesti i certificati di analisi (CoA). <b>Questi<\/b> deve soddisfare il <b>contenuto dichiarato di THC<\/b> di 24 % e il <b>Assenza di contaminanti<\/b> (pesticidi, muffe).<\/li>\n<li><b>Situazione giuridica in Germania:<\/b> Va sottolineato in modo inequivocabile che <b>Mirtillo Kush<\/b> a causa del loro contenuto di THC in Germania, ai sensi del <b>Legge sugli stupefacenti (BtMG)<\/b> o il <b>Legge sulla cannabis per i consumatori (KCanG)<\/b> cade. <b>Da ci\u00f2 consegue<\/b>, che il <b>Acquisizione, possesso o commercio illegali<\/b> a meno che non vi sia una prescrizione medica o un'autorizzazione ufficiale. <b>Pertanto<\/b> queste informazioni dettagliate <b>scopi puramente scientifici, botanici e informativi<\/b>. <b>Tu<\/b> applicare <b>n\u00e9 il consumo n\u00e9 l'acquisizione illegale<\/b>.<\/li>\n<\/ul>","protected":false},"excerpt":{"rendered":"<p data-start=\"3482\" data-end=\"3618\">Blueberry Kush - Ibrido Indica con 24 % THC. Intenso sapore di mirtillo, profondo relax e qualit\u00e0 premium per intenditori e conoscitori.<\/p>","protected":false},"featured_media":7376,"comment_status":"open","ping_status":"closed","template":"","meta":{"_joinchat":[]},"product_brand":[],"product_cat":[62],"product_tag":[],"class_list":{"0":"post-7339","1":"product","2":"type-product","3":"status-publish","4":"has-post-thumbnail","6":"product_cat-marijuana","8":"first","9":"instock","10":"shipping-taxable","11":"purchasable","12":"product-type-variable"},"yoast_head":"<!-- This site is optimized with the Yoast SEO plugin v27.5 - https:\/\/yoast.com\/product\/yoast-seo-wordpress\/ -->\n<title>Blueberry Kush kaufen | 24% THC Premium Indica<\/title>\n<meta name=\"description\" content=\"Blueberry Kush kaufen \u2013 24% THC, s\u00fc\u00dfer Blaubeergeschmack und tiefe Entspannung. Premiumqualit\u00e4t, diskret geliefert in Deutschland &amp; EU.\" \/>\n<meta name=\"robots\" content=\"index, follow, max-snippet:-1, max-image-preview:large, max-video-preview:-1\" \/>\n<link rel=\"canonical\" href=\"https:\/\/chemgramx.com\/it\/prodotto-1\/mirtillo-kush-24-thc\/\" \/>\n<meta property=\"og:locale\" content=\"it_IT\" \/>\n<meta property=\"og:type\" content=\"article\" \/>\n<meta property=\"og:title\" content=\"Blueberry Kush kaufen | 24% THC Premium Indica\" \/>\n<meta property=\"og:description\" content=\"Blueberry Kush kaufen \u2013 24% THC, s\u00fc\u00dfer Blaubeergeschmack und tiefe Entspannung. Premiumqualit\u00e4t, diskret geliefert in Deutschland &amp; EU.\" \/>\n<meta property=\"og:url\" content=\"https:\/\/chemgramx.com\/it\/prodotto-1\/mirtillo-kush-24-thc\/\" \/>\n<meta property=\"og:site_name\" content=\"Chemgramx\" \/>\n<meta property=\"article:modified_time\" content=\"2025-11-21T11:17:15+00:00\" \/>\n<meta property=\"og:image\" content=\"https:\/\/chemgramx.com\/wp-content\/uploads\/2025\/11\/blueberry-kush-24-thc.jpg\" \/>\n\t<meta property=\"og:image:width\" content=\"800\" \/>\n\t<meta property=\"og:image:height\" content=\"800\" \/>\n\t<meta property=\"og:image:type\" content=\"image\/jpeg\" \/>\n<meta name=\"twitter:card\" content=\"summary_large_image\" \/>\n<meta name=\"twitter:label1\" content=\"Tempo di lettura stimato\" \/>\n\t<meta name=\"twitter:data1\" content=\"3 minuti\" \/>\n<script type=\"application\/ld+json\" class=\"yoast-schema-graph\">{\"@context\":\"https:\\\/\\\/schema.org\",\"@graph\":[{\"@type\":\"WebPage\",\"@id\":\"https:\\\/\\\/chemgramx.com\\\/product\\\/blueberry-kush-24-thc\\\/\",\"url\":\"https:\\\/\\\/chemgramx.com\\\/product\\\/blueberry-kush-24-thc\\\/\",\"name\":\"Blueberry Kush kaufen | 24% THC Premium Indica\",\"isPartOf\":{\"@id\":\"https:\\\/\\\/chemgramx.com\\\/#website\"},\"primaryImageOfPage\":{\"@id\":\"https:\\\/\\\/chemgramx.com\\\/product\\\/blueberry-kush-24-thc\\\/#primaryimage\"},\"image\":{\"@id\":\"https:\\\/\\\/chemgramx.com\\\/product\\\/blueberry-kush-24-thc\\\/#primaryimage\"},\"thumbnailUrl\":\"https:\\\/\\\/chemgramx.com\\\/wp-content\\\/uploads\\\/2025\\\/11\\\/blueberry-kush-24-thc.jpg\",\"datePublished\":\"2025-11-21T11:15:14+00:00\",\"dateModified\":\"2025-11-21T11:17:15+00:00\",\"description\":\"Blueberry Kush kaufen \u2013 24% THC, s\u00fc\u00dfer Blaubeergeschmack und tiefe Entspannung. Premiumqualit\u00e4t, diskret geliefert in Deutschland &amp; EU.\",\"breadcrumb\":{\"@id\":\"https:\\\/\\\/chemgramx.com\\\/product\\\/blueberry-kush-24-thc\\\/#breadcrumb\"},\"inLanguage\":\"it-IT\",\"potentialAction\":[{\"@type\":\"ReadAction\",\"target\":[\"https:\\\/\\\/chemgramx.com\\\/product\\\/blueberry-kush-24-thc\\\/\"]}]},{\"@type\":\"ImageObject\",\"inLanguage\":\"it-IT\",\"@id\":\"https:\\\/\\\/chemgramx.com\\\/product\\\/blueberry-kush-24-thc\\\/#primaryimage\",\"url\":\"https:\\\/\\\/chemgramx.com\\\/wp-content\\\/uploads\\\/2025\\\/11\\\/blueberry-kush-24-thc.jpg\",\"contentUrl\":\"https:\\\/\\\/chemgramx.com\\\/wp-content\\\/uploads\\\/2025\\\/11\\\/blueberry-kush-24-thc.jpg\",\"width\":800,\"height\":800},{\"@type\":\"BreadcrumbList\",\"@id\":\"https:\\\/\\\/chemgramx.com\\\/product\\\/blueberry-kush-24-thc\\\/#breadcrumb\",\"itemListElement\":[{\"@type\":\"ListItem\",\"position\":1,\"name\":\"Home\",\"item\":\"https:\\\/\\\/chemgramx.com\\\/\"},{\"@type\":\"ListItem\",\"position\":2,\"name\":\"Shop\",\"item\":\"https:\\\/\\\/chemgramx.com\\\/shop\\\/\"},{\"@type\":\"ListItem\",\"position\":3,\"name\":\"Blueberry Kush 24% THC\"}]},{\"@type\":\"WebSite\",\"@id\":\"https:\\\/\\\/chemgramx.com\\\/#website\",\"url\":\"https:\\\/\\\/chemgramx.com\\\/\",\"name\":\"Chemgramx\",\"description\":\"\",\"publisher\":{\"@id\":\"https:\\\/\\\/chemgramx.com\\\/#organization\"},\"potentialAction\":[{\"@type\":\"SearchAction\",\"target\":{\"@type\":\"EntryPoint\",\"urlTemplate\":\"https:\\\/\\\/chemgramx.com\\\/?s={search_term_string}\"},\"query-input\":{\"@type\":\"PropertyValueSpecification\",\"valueRequired\":true,\"valueName\":\"search_term_string\"}}],\"inLanguage\":\"it-IT\"},{\"@type\":\"Organization\",\"@id\":\"https:\\\/\\\/chemgramx.com\\\/#organization\",\"name\":\"Chemgramx\",\"url\":\"https:\\\/\\\/chemgramx.com\\\/\",\"logo\":{\"@type\":\"ImageObject\",\"inLanguage\":\"it-IT\",\"@id\":\"https:\\\/\\\/chemgramx.com\\\/#\\\/schema\\\/logo\\\/image\\\/\",\"url\":\"https:\\\/\\\/chemgramx.com\\\/wp-content\\\/uploads\\\/2024\\\/10\\\/final-logo.png\",\"contentUrl\":\"https:\\\/\\\/chemgramx.com\\\/wp-content\\\/uploads\\\/2024\\\/10\\\/final-logo.png\",\"width\":250,\"height\":48,\"caption\":\"Chemgramx\"},\"image\":{\"@id\":\"https:\\\/\\\/chemgramx.com\\\/#\\\/schema\\\/logo\\\/image\\\/\"}}]}<\/script>\n<!-- \/ Yoast SEO plugin. -->","yoast_head_json":{"title":"Comprare Blueberry Kush | 24% THC Premium Indica","description":"Blueberry Kush kaufen \u2013 24% THC, s\u00fc\u00dfer Blaubeergeschmack und tiefe Entspannung. Premiumqualit\u00e4t, diskret geliefert in Deutschland &amp; EU.","robots":{"index":"index","follow":"follow","max-snippet":"max-snippet:-1","max-image-preview":"max-image-preview:large","max-video-preview":"max-video-preview:-1"},"canonical":"https:\/\/chemgramx.com\/it\/prodotto-1\/mirtillo-kush-24-thc\/","og_locale":"it_IT","og_type":"article","og_title":"Blueberry Kush kaufen | 24% THC Premium Indica","og_description":"Blueberry Kush kaufen \u2013 24% THC, s\u00fc\u00dfer Blaubeergeschmack und tiefe Entspannung. Premiumqualit\u00e4t, diskret geliefert in Deutschland &amp; EU.","og_url":"https:\/\/chemgramx.com\/it\/prodotto-1\/mirtillo-kush-24-thc\/","og_site_name":"Chemgramx","article_modified_time":"2025-11-21T11:17:15+00:00","og_image":[{"width":800,"height":800,"url":"https:\/\/chemgramx.com\/wp-content\/uploads\/2025\/11\/blueberry-kush-24-thc.jpg","type":"image\/jpeg"}],"twitter_card":"summary_large_image","twitter_misc":{"Tempo di lettura stimato":"3 minuti"},"schema":{"@context":"https:\/\/schema.org","@graph":[{"@type":"WebPage","@id":"https:\/\/chemgramx.com\/product\/blueberry-kush-24-thc\/","url":"https:\/\/chemgramx.com\/product\/blueberry-kush-24-thc\/","name":"Comprare Blueberry Kush | 24% THC Premium Indica","isPartOf":{"@id":"https:\/\/chemgramx.com\/#website"},"primaryImageOfPage":{"@id":"https:\/\/chemgramx.com\/product\/blueberry-kush-24-thc\/#primaryimage"},"image":{"@id":"https:\/\/chemgramx.com\/product\/blueberry-kush-24-thc\/#primaryimage"},"thumbnailUrl":"https:\/\/chemgramx.com\/wp-content\/uploads\/2025\/11\/blueberry-kush-24-thc.jpg","datePublished":"2025-11-21T11:15:14+00:00","dateModified":"2025-11-21T11:17:15+00:00","description":"Blueberry Kush kaufen \u2013 24% THC, s\u00fc\u00dfer Blaubeergeschmack und tiefe Entspannung. Premiumqualit\u00e4t, diskret geliefert in Deutschland &amp; EU.","breadcrumb":{"@id":"https:\/\/chemgramx.com\/product\/blueberry-kush-24-thc\/#breadcrumb"},"inLanguage":"it-IT","potentialAction":[{"@type":"ReadAction","target":["https:\/\/chemgramx.com\/product\/blueberry-kush-24-thc\/"]}]},{"@type":"ImageObject","inLanguage":"it-IT","@id":"https:\/\/chemgramx.com\/product\/blueberry-kush-24-thc\/#primaryimage","url":"https:\/\/chemgramx.com\/wp-content\/uploads\/2025\/11\/blueberry-kush-24-thc.jpg","contentUrl":"https:\/\/chemgramx.com\/wp-content\/uploads\/2025\/11\/blueberry-kush-24-thc.jpg","width":800,"height":800},{"@type":"BreadcrumbList","@id":"https:\/\/chemgramx.com\/product\/blueberry-kush-24-thc\/#breadcrumb","itemListElement":[{"@type":"ListItem","position":1,"name":"Home","item":"https:\/\/chemgramx.com\/"},{"@type":"ListItem","position":2,"name":"Shop","item":"https:\/\/chemgramx.com\/shop\/"},{"@type":"ListItem","position":3,"name":"Blueberry Kush 24% THC"}]},{"@type":"WebSite","@id":"https:\/\/chemgramx.com\/#website","url":"https:\/\/chemgramx.com\/","name":"Chemgramx","description":"","publisher":{"@id":"https:\/\/chemgramx.com\/#organization"},"potentialAction":[{"@type":"SearchAction","target":{"@type":"EntryPoint","urlTemplate":"https:\/\/chemgramx.com\/?s={search_term_string}"},"query-input":{"@type":"PropertyValueSpecification","valueRequired":true,"valueName":"search_term_string"}}],"inLanguage":"it-IT"},{"@type":"Organization","@id":"https:\/\/chemgramx.com\/#organization","name":"Chemgramx","url":"https:\/\/chemgramx.com\/","logo":{"@type":"ImageObject","inLanguage":"it-IT","@id":"https:\/\/chemgramx.com\/#\/schema\/logo\/image\/","url":"https:\/\/chemgramx.com\/wp-content\/uploads\/2024\/10\/final-logo.png","contentUrl":"https:\/\/chemgramx.com\/wp-content\/uploads\/2024\/10\/final-logo.png","width":250,"height":48,"caption":"Chemgramx"},"image":{"@id":"https:\/\/chemgramx.com\/#\/schema\/logo\/image\/"}}]}},"_links":{"self":[{"href":"https:\/\/chemgramx.com\/it\/wp-json\/wp\/v2\/product\/7339","targetHints":{"allow":["GET"]}}],"collection":[{"href":"https:\/\/chemgramx.com\/it\/wp-json\/wp\/v2\/product"}],"about":[{"href":"https:\/\/chemgramx.com\/it\/wp-json\/wp\/v2\/types\/product"}],"replies":[{"embeddable":true,"href":"https:\/\/chemgramx.com\/it\/wp-json\/wp\/v2\/comments?post=7339"}],"wp:featuredmedia":[{"embeddable":true,"href":"https:\/\/chemgramx.com\/it\/wp-json\/wp\/v2\/media\/7376"}],"wp:attachment":[{"href":"https:\/\/chemgramx.com\/it\/wp-json\/wp\/v2\/media?parent=7339"}],"wp:term":[{"taxonomy":"product_brand","embeddable":true,"href":"https:\/\/chemgramx.com\/it\/wp-json\/wp\/v2\/product_brand?post=7339"},{"taxonomy":"product_cat","embeddable":true,"href":"https:\/\/chemgramx.com\/it\/wp-json\/wp\/v2\/product_cat?post=7339"},{"taxonomy":"product_tag","embeddable":true,"href":"https:\/\/chemgramx.com\/it\/wp-json\/wp\/v2\/product_tag?post=7339"}],"curies":[{"name":"wp","href":"https:\/\/api.w.org\/{rel}","templated":true}]}}