{"id":7362,"date":"2025-11-21T11:15:41","date_gmt":"2025-11-21T11:15:41","guid":{"rendered":"https:\/\/chemgramx.com\/?post_type=product&#038;p=7362"},"modified":"2025-11-21T11:17:27","modified_gmt":"2025-11-21T11:17:27","slug":"acquistare-biscotti-girl-scout-di-platino","status":"publish","type":"product","link":"https:\/\/chemgramx.com\/it\/product\/platinum-girl-scout-cookies-kaufen\/","title":{"rendered":"Acquistare i biscotti Girl Scout di platino"},"content":{"rendered":"<p>La variet\u00e0 di cannabis <b>Biscotti Girl Scout di Platino (PGSC)<\/b> rappresenta un'evoluzione molto apprezzata e potente del famoso fenotipo \u201eGirl Scout Cookies\u201c (GSC). Questa variet\u00e0 premium \u00e8 particolarmente caratterizzata da un'eccezionale produzione di resina e da un profilo terpenico complesso e stratificato. Botanici e genetisti si concentrano sull'equilibrio unico tra la dominanza indica e le qualit\u00e0 cerebrali rinvigorenti. Questa variet\u00e0 eredita i suoi tratti migliori dalle linee parentali.<\/p>\n<p>Questo articolo fornisce un'analisi approfondita delle caratteristiche botaniche, della composizione chimica (cannabinoidi e terpeni) e degli effetti tradizionalmente riportati di questo leggendario fenotipo ibrido.<\/p>\n<h2><b>Origine genetica e classificazione<\/b><\/h2>\n<p>La PGSC \u00e8 stata creata attraverso un incrocio e una selezione magistrali. L'obiettivo era quello di rafforzare le caratteristiche pi\u00f9 forti della linea GSC originale.<\/p>\n<h3><b>Il lignaggio delle GSC<\/b><\/h3>\n<p>La base della genetica PGSC \u00e8 la classica Girl Scout Cookies. Si tratta di un incrocio tra due variet\u00e0 ben note e leggendarie:<\/p>\n<ul>\n<li><b>Durban Poison (Sativa):<\/b> Questa pura variet\u00e0 sativa \u00e8 nota per la sua <b>chiaro, <a href=\"\/product\/black-gold-hash-kaufen\/\">cerebrale e spesso euforico<\/a><\/b> Effetti. Il suo sapore \u00e8 descritto come dolce e piccante.<\/li>\n<li><b>OG Kush (ibrido):<\/b> Un'esperienza estremamente <b>potente variet\u00e0 ibrida<\/b>. \u00c8 apprezzata per i suoi effetti fisici profondamente rilassanti e per il suo aroma terroso, simile a quello del pino.<\/li>\n<\/ul>\n<p>Questa combinazione d\u00e0 origine a un ibrido dominante. La variante PGSC viene solitamente indicata come <b>60 % Indica e 40 % Sativa<\/b> classificati. Ci\u00f2 consente di ottenere uno spettro equilibrato di propriet\u00e0.<\/p>\n<h4><b>Il significato della variante \u201eplatino<\/b><\/h4>\n<p>Il prefisso \u201ePlatinum\u201c \u00e8 usato nella cultura della cannabis per indicare una versione particolarmente resinosa o potente della variet\u00e0 di base. Nel caso della Platinum Girl Scout Cookies, questo porta a due caratteristiche principali:<\/p>\n<ul>\n<li><b>Estrema densit\u00e0 di tricomi:<\/b> I fiori sono densi. Sono ricoperti da uno strato insolitamente spesso di ghiandole resinose di colore bianco-argenteo (<b>Tricomi<\/b>). Questo conferisce ai boccioli un aspetto gelido, \u201ecolor platino\u201c.<\/li>\n<li><b>Alta concentrazione di cannabinoidi:<\/b> La concentrazione di THC di questa variet\u00e0 \u00e8 spesso nell'ordine di grandezza del <b>spettro superiore<\/b> - spesso tra <b>25 % e 28 %<\/b>. Questa elevata potenza li rende un importante oggetto di ricerca.<\/li>\n<\/ul>\n<h2><b>Il profilo sensoriale e chimico (terpeni)<\/b><\/h2>\n<p>La popolarit\u00e0 dei biscotti Girl Scout Platinum \u00e8 dovuta principalmente ai loro <b>profilo aromatico e gustativo complesso<\/b>. Ci\u00f2 \u00e8 determinato direttamente dalla loro composizione terpenica unica.<\/p>\n<h4><b>Sapore e gusto<\/b><\/h4>\n<p>Il profilo olfattivo \u00e8 una miscela armoniosa di dolcezza, terrosit\u00e0 e spezie:<\/p>\n<ol start=\"1\">\n<li><b>Dolcezza dominante:<\/b> Si noter\u00e0 un odore distinto e dolce. Ricorda fortemente i prodotti da forno freschi o i biscotti.<\/li>\n<li><b>Base terrosa:<\/b> Si percepiscono sfumature profonde, terrose e leggermente muschiate. Spesso provengono dalla genetica OG Kush.<\/li>\n<li><b>Accenti speziati\/diesel:<\/b> Sono presenti anche note speziate, quasi pepate. Un accenno di gasolio terroso conferisce al profilo un'ulteriore complessit\u00e0.<\/li>\n<\/ol>\n<h4><b>Sospetti terpeni principali<\/b><\/h4>\n<p>Le complesse note odorose suggeriscono una composizione dei seguenti terpeni primari:<\/p>\n<ul>\n<li><b>Cariofillene:<\/b> Questo terpene contribuisce alle note speziate e leggermente pepate. \u00c8 spesso associato al rilassamento fisico.<\/li>\n<li><b>Limoni:<\/b> \u00c8 responsabile delle sottili sfumature agrumate e luminose. Il limonene pu\u00f2 contribuire all'effetto euforico e cerebrale segnalato.<\/li>\n<li><b>Mircene:<\/b> Questo terpene \u00e8 noto per i suoi sapori terrosi e muschiati. \u00c8 spesso associato alle propriet\u00e0 sedative e rilassanti delle variet\u00e0 indica.<\/li>\n<\/ul>\n<h2><b>Profilo di efficacia osservato e aree di applicazione (segnalate)<\/b><\/h2>\n<p>Le segnalazioni dei consumatori e le osservazioni scientifiche indicano una caratteristica, <b>Schema di effetto bifase<\/b> verso. Questo schema riflette la natura ibrida della variet\u00e0.<\/p>\n<h4><b>Il doppio effetto<\/b><\/h4>\n<ol start=\"1\">\n<li><b>Fase cerebrale iniziale:<\/b> In genere, l'effetto inizia con una forte sensazione di euforia e rivitalizzazione. <b>intossicazione cerebrale<\/b>. Questo pu\u00f2 portare a un aumento della creativit\u00e0 e a un umore sollevato. L'eredit\u00e0 della genetica sativa (Durban Poison) \u00e8 evidente qui.<\/li>\n<li><b>Fase fisica successiva:<\/b> Nel corso del tempo, la stimolazione cerebrale diventa profonda, <b>rilassamento fisico<\/b> circa. Questa sensazione pu\u00f2 essere descritta come calmante, sedativa e fortemente rilassante per i muscoli. A causa della sua intensit\u00e0, questa variet\u00e0 viene spesso utilizzata per il <b>tarda serata<\/b> raccomandato.<\/li>\n<\/ol>\n<h4><b>Area di applicazione tradizionale<\/b><\/h4>\n<p>Grazie al suo profilo altamente potente e rilassante, questa variet\u00e0 \u00e8 interessante nelle seguenti aree:<\/p>\n<ul>\n<li><b>Disturbi del sonno:<\/b> A causa del forte effetto sedativo alla fine dello sballo.<\/li>\n<li><b>Tensione e stress cronici:<\/b> Promuovere un riposo fisico completo.<\/li>\n<li><b>Appetibile:<\/b> La variet\u00e0 \u00e8 nota per scatenare un pronunciato effetto \u201efame\u201c.<\/li>\n<\/ul>\n<h3><b>Caratteristiche botaniche della coltivazione<\/b><\/h3>\n<p>La coltivazione di Platinum Girl Scout Cookies \u00e8 una sfida mediamente impegnativa per i coltivatori. Ci\u00f2 enfatizza lo status premium della variet\u00e0.<\/p>\n<ul>\n<li><b>Clima e livello di difficolt\u00e0:<\/b> La variet\u00e0 predilige tipicamente una <b>Clima caldo e secco<\/b>. Reagisce in modo sensibile alle fluttuazioni di temperatura e all'elevata umidit\u00e0, soprattutto nella fase finale della fioritura.<\/li>\n<li><b>Tempo di fioritura:<\/b> Il periodo di fioritura \u00e8 <b>Da 9 a 10 settimane<\/b> relativamente lunga. Tuttavia, questa durata consente di sviluppare la massima produzione di resina e terpeni.<\/li>\n<li><b>Rendimento:<\/b> La resa \u00e8 considerata moderata rispetto ad alcune variet\u00e0 indica pure. La qualit\u00e0 e la potenza eccezionali compensano questo aspetto.<\/li>\n<\/ul>","protected":false},"excerpt":{"rendered":"<p>Acquista Platinum Girl Scout Cookies: Variet\u00e0 ibrida altamente potente con effetto euforico e cerebrale e profondo rilassamento. Complesso sapore dolce-terroso. Perfetta per le serate. Fresca e discreta.<\/p>","protected":false},"featured_media":7407,"comment_status":"open","ping_status":"closed","template":"","meta":{"_joinchat":[]},"product_brand":[],"product_cat":[62],"product_tag":[2978,2975,558,2972,2899,2974,2971,2973,2977,2976],"class_list":{"0":"post-7362","1":"product","2":"type-product","3":"status-publish","4":"has-post-thumbnail","6":"product_cat-marijuana","7":"product_tag-abendstrain","8":"product_tag-entspannung","9":"product_tag-euphorie","10":"product_tag-gsc-strain","11":"product_tag-hochpotent","12":"product_tag-indica-dominant","13":"product_tag-platinum-girl-scout-cookies","14":"product_tag-potente-hybrids","15":"product_tag-premium-cannabis","16":"product_tag-thc-reich","18":"first","19":"instock","20":"shipping-taxable","21":"purchasable","22":"product-type-variable"},"yoast_head":"<!-- This site is optimized with the Yoast SEO plugin v27.5 - https:\/\/yoast.com\/product\/yoast-seo-wordpress\/ -->\n<title>Platinum Girl Scout Cookies Kaufen | Potente Hybrid Strain Chemgramx<\/title>\n<meta name=\"description\" content=\"Platinum Girl Scout Cookies kaufen - Premium Hybrid mit euphorischer &amp; entspannender Wirkung. Komplexes Aroma. Diskret &amp; frisch. Jetzt bestellen!\" \/>\n<meta name=\"robots\" content=\"index, follow, max-snippet:-1, max-image-preview:large, max-video-preview:-1\" \/>\n<link rel=\"canonical\" href=\"https:\/\/chemgramx.com\/it\/prodotto-1\/acquistare-biscotti-girl-scout-di-platino\/\" \/>\n<meta property=\"og:locale\" content=\"it_IT\" \/>\n<meta property=\"og:type\" content=\"article\" \/>\n<meta property=\"og:title\" content=\"Platinum Girl Scout Cookies Kaufen | Potente Hybrid Strain Chemgramx\" \/>\n<meta property=\"og:description\" content=\"Platinum Girl Scout Cookies kaufen - Premium Hybrid mit euphorischer &amp; entspannender Wirkung. Komplexes Aroma. Diskret &amp; frisch. Jetzt bestellen!\" \/>\n<meta property=\"og:url\" content=\"https:\/\/chemgramx.com\/it\/prodotto-1\/acquistare-biscotti-girl-scout-di-platino\/\" \/>\n<meta property=\"og:site_name\" content=\"Chemgramx\" \/>\n<meta property=\"article:modified_time\" content=\"2025-11-21T11:17:27+00:00\" \/>\n<meta property=\"og:image\" content=\"https:\/\/chemgramx.com\/wp-content\/uploads\/2025\/11\/platinum-girl-scout-cookies-strain-18-26-thc.jpg\" \/>\n\t<meta property=\"og:image:width\" content=\"800\" \/>\n\t<meta property=\"og:image:height\" content=\"800\" \/>\n\t<meta property=\"og:image:type\" content=\"image\/jpeg\" \/>\n<meta name=\"twitter:card\" content=\"summary_large_image\" \/>\n<meta name=\"twitter:label1\" content=\"Tempo di lettura stimato\" \/>\n\t<meta name=\"twitter:data1\" content=\"4 minuti\" \/>\n<script type=\"application\/ld+json\" class=\"yoast-schema-graph\">{\"@context\":\"https:\\\/\\\/schema.org\",\"@graph\":[{\"@type\":\"WebPage\",\"@id\":\"https:\\\/\\\/chemgramx.com\\\/product\\\/platinum-girl-scout-cookies-kaufen\\\/\",\"url\":\"https:\\\/\\\/chemgramx.com\\\/product\\\/platinum-girl-scout-cookies-kaufen\\\/\",\"name\":\"Platinum Girl Scout Cookies Kaufen | Potente Hybrid Strain Chemgramx\",\"isPartOf\":{\"@id\":\"https:\\\/\\\/chemgramx.com\\\/#website\"},\"primaryImageOfPage\":{\"@id\":\"https:\\\/\\\/chemgramx.com\\\/product\\\/platinum-girl-scout-cookies-kaufen\\\/#primaryimage\"},\"image\":{\"@id\":\"https:\\\/\\\/chemgramx.com\\\/product\\\/platinum-girl-scout-cookies-kaufen\\\/#primaryimage\"},\"thumbnailUrl\":\"https:\\\/\\\/chemgramx.com\\\/wp-content\\\/uploads\\\/2025\\\/11\\\/platinum-girl-scout-cookies-strain-18-26-thc.jpg\",\"datePublished\":\"2025-11-21T11:15:41+00:00\",\"dateModified\":\"2025-11-21T11:17:27+00:00\",\"description\":\"Platinum Girl Scout Cookies kaufen - Premium Hybrid mit euphorischer &amp; entspannender Wirkung. Komplexes Aroma. Diskret &amp; frisch. Jetzt bestellen!\",\"breadcrumb\":{\"@id\":\"https:\\\/\\\/chemgramx.com\\\/product\\\/platinum-girl-scout-cookies-kaufen\\\/#breadcrumb\"},\"inLanguage\":\"it-IT\",\"potentialAction\":[{\"@type\":\"ReadAction\",\"target\":[\"https:\\\/\\\/chemgramx.com\\\/product\\\/platinum-girl-scout-cookies-kaufen\\\/\"]}]},{\"@type\":\"ImageObject\",\"inLanguage\":\"it-IT\",\"@id\":\"https:\\\/\\\/chemgramx.com\\\/product\\\/platinum-girl-scout-cookies-kaufen\\\/#primaryimage\",\"url\":\"https:\\\/\\\/chemgramx.com\\\/wp-content\\\/uploads\\\/2025\\\/11\\\/platinum-girl-scout-cookies-strain-18-26-thc.jpg\",\"contentUrl\":\"https:\\\/\\\/chemgramx.com\\\/wp-content\\\/uploads\\\/2025\\\/11\\\/platinum-girl-scout-cookies-strain-18-26-thc.jpg\",\"width\":800,\"height\":800},{\"@type\":\"BreadcrumbList\",\"@id\":\"https:\\\/\\\/chemgramx.com\\\/product\\\/platinum-girl-scout-cookies-kaufen\\\/#breadcrumb\",\"itemListElement\":[{\"@type\":\"ListItem\",\"position\":1,\"name\":\"Home\",\"item\":\"https:\\\/\\\/chemgramx.com\\\/\"},{\"@type\":\"ListItem\",\"position\":2,\"name\":\"Shop\",\"item\":\"https:\\\/\\\/chemgramx.com\\\/shop\\\/\"},{\"@type\":\"ListItem\",\"position\":3,\"name\":\"Platinum Girl Scout Cookies Kaufen\"}]},{\"@type\":\"WebSite\",\"@id\":\"https:\\\/\\\/chemgramx.com\\\/#website\",\"url\":\"https:\\\/\\\/chemgramx.com\\\/\",\"name\":\"Chemgramx\",\"description\":\"\",\"publisher\":{\"@id\":\"https:\\\/\\\/chemgramx.com\\\/#organization\"},\"potentialAction\":[{\"@type\":\"SearchAction\",\"target\":{\"@type\":\"EntryPoint\",\"urlTemplate\":\"https:\\\/\\\/chemgramx.com\\\/?s={search_term_string}\"},\"query-input\":{\"@type\":\"PropertyValueSpecification\",\"valueRequired\":true,\"valueName\":\"search_term_string\"}}],\"inLanguage\":\"it-IT\"},{\"@type\":\"Organization\",\"@id\":\"https:\\\/\\\/chemgramx.com\\\/#organization\",\"name\":\"Chemgramx\",\"url\":\"https:\\\/\\\/chemgramx.com\\\/\",\"logo\":{\"@type\":\"ImageObject\",\"inLanguage\":\"it-IT\",\"@id\":\"https:\\\/\\\/chemgramx.com\\\/#\\\/schema\\\/logo\\\/image\\\/\",\"url\":\"https:\\\/\\\/chemgramx.com\\\/wp-content\\\/uploads\\\/2024\\\/10\\\/final-logo.png\",\"contentUrl\":\"https:\\\/\\\/chemgramx.com\\\/wp-content\\\/uploads\\\/2024\\\/10\\\/final-logo.png\",\"width\":250,\"height\":48,\"caption\":\"Chemgramx\"},\"image\":{\"@id\":\"https:\\\/\\\/chemgramx.com\\\/#\\\/schema\\\/logo\\\/image\\\/\"}}]}<\/script>\n<!-- \/ Yoast SEO plugin. -->","yoast_head_json":{"title":"Acquista Platinum Girl Scout Cookies | Potente variet\u00e0 ibrida Chemgramx","description":"Acquista Platinum Girl Scout Cookies - Ibrido premium con effetto euforico e rilassante. Sapore complesso. Discreto e fresco. Ordinate ora!","robots":{"index":"index","follow":"follow","max-snippet":"max-snippet:-1","max-image-preview":"max-image-preview:large","max-video-preview":"max-video-preview:-1"},"canonical":"https:\/\/chemgramx.com\/it\/prodotto-1\/acquistare-biscotti-girl-scout-di-platino\/","og_locale":"it_IT","og_type":"article","og_title":"Platinum Girl Scout Cookies Kaufen | Potente Hybrid Strain Chemgramx","og_description":"Platinum Girl Scout Cookies kaufen - Premium Hybrid mit euphorischer &amp; entspannender Wirkung. Komplexes Aroma. Diskret &amp; frisch. Jetzt bestellen!","og_url":"https:\/\/chemgramx.com\/it\/prodotto-1\/acquistare-biscotti-girl-scout-di-platino\/","og_site_name":"Chemgramx","article_modified_time":"2025-11-21T11:17:27+00:00","og_image":[{"width":800,"height":800,"url":"https:\/\/chemgramx.com\/wp-content\/uploads\/2025\/11\/platinum-girl-scout-cookies-strain-18-26-thc.jpg","type":"image\/jpeg"}],"twitter_card":"summary_large_image","twitter_misc":{"Tempo di lettura stimato":"4 minuti"},"schema":{"@context":"https:\/\/schema.org","@graph":[{"@type":"WebPage","@id":"https:\/\/chemgramx.com\/product\/platinum-girl-scout-cookies-kaufen\/","url":"https:\/\/chemgramx.com\/product\/platinum-girl-scout-cookies-kaufen\/","name":"Acquista Platinum Girl Scout Cookies | Potente variet\u00e0 ibrida Chemgramx","isPartOf":{"@id":"https:\/\/chemgramx.com\/#website"},"primaryImageOfPage":{"@id":"https:\/\/chemgramx.com\/product\/platinum-girl-scout-cookies-kaufen\/#primaryimage"},"image":{"@id":"https:\/\/chemgramx.com\/product\/platinum-girl-scout-cookies-kaufen\/#primaryimage"},"thumbnailUrl":"https:\/\/chemgramx.com\/wp-content\/uploads\/2025\/11\/platinum-girl-scout-cookies-strain-18-26-thc.jpg","datePublished":"2025-11-21T11:15:41+00:00","dateModified":"2025-11-21T11:17:27+00:00","description":"Acquista Platinum Girl Scout Cookies - Ibrido premium con effetto euforico e rilassante. Sapore complesso. Discreto e fresco. Ordinate ora!","breadcrumb":{"@id":"https:\/\/chemgramx.com\/product\/platinum-girl-scout-cookies-kaufen\/#breadcrumb"},"inLanguage":"it-IT","potentialAction":[{"@type":"ReadAction","target":["https:\/\/chemgramx.com\/product\/platinum-girl-scout-cookies-kaufen\/"]}]},{"@type":"ImageObject","inLanguage":"it-IT","@id":"https:\/\/chemgramx.com\/product\/platinum-girl-scout-cookies-kaufen\/#primaryimage","url":"https:\/\/chemgramx.com\/wp-content\/uploads\/2025\/11\/platinum-girl-scout-cookies-strain-18-26-thc.jpg","contentUrl":"https:\/\/chemgramx.com\/wp-content\/uploads\/2025\/11\/platinum-girl-scout-cookies-strain-18-26-thc.jpg","width":800,"height":800},{"@type":"BreadcrumbList","@id":"https:\/\/chemgramx.com\/product\/platinum-girl-scout-cookies-kaufen\/#breadcrumb","itemListElement":[{"@type":"ListItem","position":1,"name":"Home","item":"https:\/\/chemgramx.com\/"},{"@type":"ListItem","position":2,"name":"Shop","item":"https:\/\/chemgramx.com\/shop\/"},{"@type":"ListItem","position":3,"name":"Platinum Girl Scout Cookies Kaufen"}]},{"@type":"WebSite","@id":"https:\/\/chemgramx.com\/#website","url":"https:\/\/chemgramx.com\/","name":"Chemgramx","description":"","publisher":{"@id":"https:\/\/chemgramx.com\/#organization"},"potentialAction":[{"@type":"SearchAction","target":{"@type":"EntryPoint","urlTemplate":"https:\/\/chemgramx.com\/?s={search_term_string}"},"query-input":{"@type":"PropertyValueSpecification","valueRequired":true,"valueName":"search_term_string"}}],"inLanguage":"it-IT"},{"@type":"Organization","@id":"https:\/\/chemgramx.com\/#organization","name":"Chemgramx","url":"https:\/\/chemgramx.com\/","logo":{"@type":"ImageObject","inLanguage":"it-IT","@id":"https:\/\/chemgramx.com\/#\/schema\/logo\/image\/","url":"https:\/\/chemgramx.com\/wp-content\/uploads\/2024\/10\/final-logo.png","contentUrl":"https:\/\/chemgramx.com\/wp-content\/uploads\/2024\/10\/final-logo.png","width":250,"height":48,"caption":"Chemgramx"},"image":{"@id":"https:\/\/chemgramx.com\/#\/schema\/logo\/image\/"}}]}},"_links":{"self":[{"href":"https:\/\/chemgramx.com\/it\/wp-json\/wp\/v2\/product\/7362","targetHints":{"allow":["GET"]}}],"collection":[{"href":"https:\/\/chemgramx.com\/it\/wp-json\/wp\/v2\/product"}],"about":[{"href":"https:\/\/chemgramx.com\/it\/wp-json\/wp\/v2\/types\/product"}],"replies":[{"embeddable":true,"href":"https:\/\/chemgramx.com\/it\/wp-json\/wp\/v2\/comments?post=7362"}],"wp:featuredmedia":[{"embeddable":true,"href":"https:\/\/chemgramx.com\/it\/wp-json\/wp\/v2\/media\/7407"}],"wp:attachment":[{"href":"https:\/\/chemgramx.com\/it\/wp-json\/wp\/v2\/media?parent=7362"}],"wp:term":[{"taxonomy":"product_brand","embeddable":true,"href":"https:\/\/chemgramx.com\/it\/wp-json\/wp\/v2\/product_brand?post=7362"},{"taxonomy":"product_cat","embeddable":true,"href":"https:\/\/chemgramx.com\/it\/wp-json\/wp\/v2\/product_cat?post=7362"},{"taxonomy":"product_tag","embeddable":true,"href":"https:\/\/chemgramx.com\/it\/wp-json\/wp\/v2\/product_tag?post=7362"}],"curies":[{"name":"wp","href":"https:\/\/api.w.org\/{rel}","templated":true}]}}