{"id":7365,"date":"2025-11-21T11:15:41","date_gmt":"2025-11-21T11:15:41","guid":{"rendered":"https:\/\/chemgramx.com\/?post_type=product&#038;p=7365"},"modified":"2025-12-10T09:09:35","modified_gmt":"2025-12-10T09:09:35","slug":"acapulco-gold-sativa-ibrido-19-24-thc-ordine-online","status":"publish","type":"product","link":"https:\/\/chemgramx.com\/it\/product\/acapulco-gold-sativa-hybrid-19-24-thc-online-bestellung\/","title":{"rendered":"Acapulco Gold - Ibrido Sativa 19-24 % THC Ordine online"},"content":{"rendered":"<p><b>Oro di Acapulco<\/b> non \u00e8 solo una variet\u00e0 di cannabis: \u00e8 una leggenda senza tempo, un pezzo di storia della cannabis che ha deliziato gli intenditori e gli appassionati di tutto il mondo per decenni. Chi <b><a href=\"\/product\/acapulco-gold-sativa-hybrid-19-24-thc\/\">Acapulco<\/a> Comprare oro online<\/b> Se siete alla ricerca di una squisita esperienza ibrida a predominanza sativa che non \u00e8 seconda a nessuno. Conosciuta per i suoi caratteristici fiori color oro, l'aroma intenso e complesso e l'effetto potente, ma incredibilmente chiaro e rinvigorente, questo classico offre uno sballo perfettamente bilanciato per la mente attiva.<\/p>\n<p>Con un <b>Contenuto di THC<\/b>, che in genere si verifica tra <b>19 % e 24 %<\/b> Acapulco Gold offre un'esperienza potente, ideale per il giorno. \u00c8 la chiave per una maggiore creativit\u00e0, una motivazione inarrestabile e un umore euforico, senza la sovrastimolazione spesso indesiderata delle sativa pure. Immergetevi nel mondo di queste genetiche iconiche e scoprite perch\u00e9 Acapulco Gold \u00e8 ancora oggi considerata il \u201egold standard\u201c tra gli ibridi sativa.<\/p>\n<h2>\u00a0Origine e genetica: la razza autoctona delle regioni tropicali del Messico<\/h2>\n<p>La storia dell'Oro di Acapulco risale al <b>1960s<\/b> e ha le sue origini nelle regioni tropicali baciate dal sole intorno al <b>Acapulco, Messico<\/b>. Si tratta di uno dei pochi casi autentici di <a href=\"\/product\/diclazepam-online-kaufen\/\"><b>Landraces<\/b> <\/a>(una variet\u00e0 che si \u00e8 adattata al suo ambiente naturale) che \u00e8 riuscita a mantenere il suo status leggendario nell'era moderna della cannabis.<\/p>\n<h3>L'origine del nome d'oro<\/h3>\n<p>Il nome \u201eAcapulco Gold\u201c va preso alla lettera e descrive perfettamente l'aspetto unico di questo fiore. Maturando sotto l'intenso sole messicano, le cime dense e compatte sviluppano un colore caratteristico: una brillantezza dorata e ambrata, intervallata da pistilli bruno-rossastri. Uno spesso strato di cristalli di THC scintillanti (tricomi) ricopre la superficie e sottolinea l'aspetto lussuoso di questa variet\u00e0 premium. Questa unicit\u00e0 visiva rende Acapulco Gold immediatamente riconoscibile e molto ricercata da collezionisti e intenditori.<\/p>\n<p>Acapulco Gold \u00e8 geneticamente forte <b>A predominanza sativa<\/b> (spesso 70-80 % Sativa), il che spiega il suo carattere energico. La sua natura robusta e la sua resistenza alle muffe e ai parassiti sono il risultato diretto delle sue origini tropicali e di un'attenta selezione per generazioni.<\/p>\n<h2>Aroma, sapore e profilo terpenico: una lussuosa esperienza di gusto<\/h2>\n<p>Il bouquet di Acapulco Gold \u00e8 leggendario quanto il suo effetto. \u00c8 un profilo gustativo complesso, caldo e ricco, che va ben oltre le semplici note floreali o terrose. Chi apprezza un sapore inconfondibile dovrebbe <b>Ordinare Acapulco Gold online<\/b>.<\/p>\n<h3>I terpeni dominanti<\/h3>\n<p>La fragranza e il sapore unici sono in gran parte determinati dal loro ricco profilo terpenico. I terpeni pi\u00f9 frequenti sono<\/p>\n<ul>\n<li><b>Limoni:<\/b> Responsabile per i colori chiari, <b>agrumato<\/b> e note rinfrescanti. Il limonene contribuisce all'effetto di benessere e chiarezza di questa variet\u00e0.<\/li>\n<li><b>Mircene:<\/b> Questo terpene conferisce alla variet\u00e0 il suo <b>terroso, dolce<\/b> e sfumature leggermente muschiate, spesso associate al caramello e al miele. Il mircene sostiene anche la componente fisicamente rilassante dell'ibrido.<\/li>\n<li><b>Cariofillene:<\/b> Fornisce il <b>piccante, pepato<\/b> ed \u00e8 noto per le sue potenziali propriet\u00e0 antinfiammatorie.<\/li>\n<\/ul>\n<h3>L'esperienza del gusto<\/h3>\n<p>Quando viene fumata o vaporizzata, sviluppa un aroma cremoso, leggermente <b>Gusto piccante<\/b> con un chiaro accenno di <b><a href=\"\/product\/acapulco-gold-sativa-hybrid-19-24-thc\/\">Caramello<\/a> e caff\u00e8 tostato<\/b>. La dolcezza del miele si fonde elegantemente con le note terrose e di <b>Sfumature di pineta<\/b>, che lascia un retrogusto lussuoso, quasi tropicale, che permane a lungo. Questa combinazione di dolcezza, piccantezza e terrosit\u00e0 rende l'Acapulco Gold un vero e proprio classico della \u201evecchia scuola\u201c, che si distingue nettamente dalle variet\u00e0 moderne e fruttate in termini di sapore.<\/p>\n<h2>\u00a0Effetto e propriet\u00e0: L'ibrido sativa perfetto per il giorno<\/h2>\n<p>Acapulco Gold \u00e8 utilizzato dagli utenti di tutto il mondo per i loro <b>chiaramente focalizzato, cerebrale alto<\/b> che \u00e8 perfetto per mantenere la giornata attiva e produttiva. \u00c8 la scelta ideale per gli utenti che hanno bisogno di una <b>Energia senza nervosismo o paranoia<\/b> come a volte pu\u00f2 accadere con le sativa pure.<\/p>\n<h3>La triade di effetti positivi<\/h3>\n<ol start=\"1\">\n<li><b>Energia e motivazione:<\/b> L'effetto si manifesta rapidamente e porta a una forte sensazione di <b>Euforia<\/b> e l'energia positiva. Promuove l'attivit\u00e0 mentale e pu\u00f2 aiutare a rimanere motivati anche nelle giornate pi\u00f9 lunghe.<\/li>\n<li><b>Creativit\u00e0 e concentrazione:<\/b> L'Acapulco Gold \u00e8 particolarmente apprezzata da artisti, scrittori o da chiunque abbia bisogno di svolgere un lavoro creativo o di concentrazione. Lo sballo \u00e8 <b>Chiaro nella testa<\/b>, promuove lo scambio di idee e pu\u00f2 aumentare l'apprezzamento dell'arte e della musica.<\/li>\n<li><b>Miglioramento dell'umore:<\/b> Questa variet\u00e0 \u00e8 nota per la sua capacit\u00e0 di migliorare profondamente l'umore e di promuovere sentimenti di felicit\u00e0 e socievolezza. \u00c8 un'ottima compagna per le occasioni sociali o per le attivit\u00e0 all'aperto come le escursioni o lo sport.<\/li>\n<\/ol>\n<p>Sebbene l'Acapulco Gold sia a predominanza sativa, la componente ibrida fornisce un rilassamento fisico sottile e rilassante. Questo effetto evita che lo sballo mentale diventi troppo intenso e arrotonda l'esperienza, rendendola un ottimo rimedio per lo stress e la stanchezza cronica.<\/p>\n<h2>\u00a0Acquistare Oro di Acapulco online: Qualit\u00e0, sicurezza e trasparenza<\/h2>\n<p>Se si decide di utilizzare questa icona <b>Comprare ibridi sativa online<\/b>, La scelta del fornitore giusto \u00e8 fondamentale. Per garantire la purezza e la qualit\u00e0 di questa razza, \u00e8 necessario prestare attenzione ai seguenti criteri:<\/p>\n<h3>Qualit\u00e0 e potenza certificate<\/h3>\n<p>I fornitori affidabili forniscono informazioni trasparenti sul lotto:<\/p>\n<ul>\n<li><b>Profilo del THC e dei cannabinoidi:<\/b> Controllare il contenuto di THC dichiarato (idealmente tra 19 % e 24 %) e la presenza di altri importanti cannabinoidi come il CBD (tipicamente basso, inferiore a 1 %).<\/li>\n<li><b>Analisi dei terpeni:<\/b> Una cosa seria <b>Certificato di analisi (CoA)<\/b> dovrebbe confermare i terpeni dominanti (limonene, mircene, cariofillene), poich\u00e9 questi sono decisivi per il sapore e l'effetto unici.<\/li>\n<\/ul>\n<h3>L'esperienza di acquisto: discrezione e freschezza<\/h3>\n<p>Assicurarsi che la spedizione <b>sicuro, discreto<\/b> e all'interno della Germania o dell'UE. La freschezza del prodotto \u00e8 altrettanto importante: solo i fiori di colore giallo oro, appena raccolti, conservano tutto il sapore del caramello e del caff\u00e8. Acapulco Gold \u00e8 un investimento in storia e qualit\u00e0. Assicuratevi di ottenere l'autentica genetica maturata al sole.<\/p>\n<p><b>Oro di Acapulco<\/b> \u00e8 pi\u00f9 di una semplice variet\u00e0 di cannabis: \u00e8 un'esperienza. Incarna l'epoca d'oro della cannabis e offre ancora oggi una combinazione imbattibile di genetica storica, sapori lussuosi e uno sballo edificante e concentrante.<\/p>\n<p data-start=\"3291\" data-end=\"3420\">Chi <strong data-start=\"3295\" data-end=\"3319\">Comprare oro di Acapulco<\/strong> Se volete coltivare cannabis, otterrete un vero e proprio pezzo di storia della cannabis - forte, aromatico e di altissima qualit\u00e0.<\/p>","protected":false},"excerpt":{"rendered":"<p data-start=\"3468\" data-end=\"3619\">Acapulco Gold - Ibrido sativa con 19-24 % THC. Fiori dorati, sapore dolce-speziato ed effetto rinvigorente. Un classico leggendario di qualit\u00e0 superiore.<\/p>","protected":false},"featured_media":7410,"comment_status":"open","ping_status":"closed","template":"","meta":{"_joinchat":[]},"product_brand":[],"product_cat":[62],"product_tag":[],"class_list":{"0":"post-7365","1":"product","2":"type-product","3":"status-publish","4":"has-post-thumbnail","6":"product_cat-marijuana","8":"first","9":"instock","10":"shipping-taxable","11":"purchasable","12":"product-type-variable"},"yoast_head":"<!-- This site is optimized with the Yoast SEO plugin v27.5 - https:\/\/yoast.com\/product\/yoast-seo-wordpress\/ -->\n<title>Acapulco Gold kaufen | 19\u201324% THC Sativa Klassiker<\/title>\n<meta name=\"description\" content=\"Acapulco Gold kaufen \u2013 Sativa-Hybrid mit 19\u201324% THC. Energetisch, aromatisch und legend\u00e4r. Premiumqualit\u00e4t mit diskretem Versand in Deutschland &amp; EU.\" \/>\n<meta name=\"robots\" content=\"index, follow, max-snippet:-1, max-image-preview:large, max-video-preview:-1\" \/>\n<link rel=\"canonical\" href=\"https:\/\/chemgramx.com\/it\/prodotto-1\/acapulco-gold-sativa-ibrido-19-24-thc-ordine-online\/\" \/>\n<meta property=\"og:locale\" content=\"it_IT\" \/>\n<meta property=\"og:type\" content=\"article\" \/>\n<meta property=\"og:title\" content=\"Acapulco Gold kaufen | 19\u201324% THC Sativa Klassiker\" \/>\n<meta property=\"og:description\" content=\"Acapulco Gold kaufen \u2013 Sativa-Hybrid mit 19\u201324% THC. Energetisch, aromatisch und legend\u00e4r. Premiumqualit\u00e4t mit diskretem Versand in Deutschland &amp; EU.\" \/>\n<meta property=\"og:url\" content=\"https:\/\/chemgramx.com\/it\/prodotto-1\/acapulco-gold-sativa-ibrido-19-24-thc-ordine-online\/\" \/>\n<meta property=\"og:site_name\" content=\"Chemgramx\" \/>\n<meta property=\"article:modified_time\" content=\"2025-12-10T09:09:35+00:00\" \/>\n<meta property=\"og:image\" content=\"https:\/\/chemgramx.com\/wp-content\/uploads\/2025\/11\/acapulco-gold-sativa-hybrid-19-24-thc.jpg\" \/>\n\t<meta property=\"og:image:width\" content=\"800\" \/>\n\t<meta property=\"og:image:height\" content=\"800\" \/>\n\t<meta property=\"og:image:type\" content=\"image\/jpeg\" \/>\n<meta name=\"twitter:card\" content=\"summary_large_image\" \/>\n<meta name=\"twitter:label1\" content=\"Tempo di lettura stimato\" \/>\n\t<meta name=\"twitter:data1\" content=\"5 minuti\" \/>\n<script type=\"application\/ld+json\" class=\"yoast-schema-graph\">{\"@context\":\"https:\\\/\\\/schema.org\",\"@graph\":[{\"@type\":\"WebPage\",\"@id\":\"https:\\\/\\\/chemgramx.com\\\/product\\\/acapulco-gold-sativa-hybrid-19-24-thc-online-bestellung\\\/\",\"url\":\"https:\\\/\\\/chemgramx.com\\\/product\\\/acapulco-gold-sativa-hybrid-19-24-thc-online-bestellung\\\/\",\"name\":\"Acapulco Gold kaufen | 19\u201324% THC Sativa Klassiker\",\"isPartOf\":{\"@id\":\"https:\\\/\\\/chemgramx.com\\\/#website\"},\"primaryImageOfPage\":{\"@id\":\"https:\\\/\\\/chemgramx.com\\\/product\\\/acapulco-gold-sativa-hybrid-19-24-thc-online-bestellung\\\/#primaryimage\"},\"image\":{\"@id\":\"https:\\\/\\\/chemgramx.com\\\/product\\\/acapulco-gold-sativa-hybrid-19-24-thc-online-bestellung\\\/#primaryimage\"},\"thumbnailUrl\":\"https:\\\/\\\/chemgramx.com\\\/wp-content\\\/uploads\\\/2025\\\/11\\\/acapulco-gold-sativa-hybrid-19-24-thc.jpg\",\"datePublished\":\"2025-11-21T11:15:41+00:00\",\"dateModified\":\"2025-12-10T09:09:35+00:00\",\"description\":\"Acapulco Gold kaufen \u2013 Sativa-Hybrid mit 19\u201324% THC. Energetisch, aromatisch und legend\u00e4r. Premiumqualit\u00e4t mit diskretem Versand in Deutschland & EU.\",\"breadcrumb\":{\"@id\":\"https:\\\/\\\/chemgramx.com\\\/product\\\/acapulco-gold-sativa-hybrid-19-24-thc-online-bestellung\\\/#breadcrumb\"},\"inLanguage\":\"it-IT\",\"potentialAction\":[{\"@type\":\"ReadAction\",\"target\":[\"https:\\\/\\\/chemgramx.com\\\/product\\\/acapulco-gold-sativa-hybrid-19-24-thc-online-bestellung\\\/\"]}]},{\"@type\":\"ImageObject\",\"inLanguage\":\"it-IT\",\"@id\":\"https:\\\/\\\/chemgramx.com\\\/product\\\/acapulco-gold-sativa-hybrid-19-24-thc-online-bestellung\\\/#primaryimage\",\"url\":\"https:\\\/\\\/chemgramx.com\\\/wp-content\\\/uploads\\\/2025\\\/11\\\/acapulco-gold-sativa-hybrid-19-24-thc.jpg\",\"contentUrl\":\"https:\\\/\\\/chemgramx.com\\\/wp-content\\\/uploads\\\/2025\\\/11\\\/acapulco-gold-sativa-hybrid-19-24-thc.jpg\",\"width\":800,\"height\":800},{\"@type\":\"BreadcrumbList\",\"@id\":\"https:\\\/\\\/chemgramx.com\\\/product\\\/acapulco-gold-sativa-hybrid-19-24-thc-online-bestellung\\\/#breadcrumb\",\"itemListElement\":[{\"@type\":\"ListItem\",\"position\":1,\"name\":\"Home\",\"item\":\"https:\\\/\\\/chemgramx.com\\\/\"},{\"@type\":\"ListItem\",\"position\":2,\"name\":\"Shop\",\"item\":\"https:\\\/\\\/chemgramx.com\\\/shop\\\/\"},{\"@type\":\"ListItem\",\"position\":3,\"name\":\"Acapulco Gold \u2013 Sativa Hybrid 19\u201324 % THC Online Bestellung\"}]},{\"@type\":\"WebSite\",\"@id\":\"https:\\\/\\\/chemgramx.com\\\/#website\",\"url\":\"https:\\\/\\\/chemgramx.com\\\/\",\"name\":\"Chemgramx\",\"description\":\"\",\"publisher\":{\"@id\":\"https:\\\/\\\/chemgramx.com\\\/#organization\"},\"potentialAction\":[{\"@type\":\"SearchAction\",\"target\":{\"@type\":\"EntryPoint\",\"urlTemplate\":\"https:\\\/\\\/chemgramx.com\\\/?s={search_term_string}\"},\"query-input\":{\"@type\":\"PropertyValueSpecification\",\"valueRequired\":true,\"valueName\":\"search_term_string\"}}],\"inLanguage\":\"it-IT\"},{\"@type\":\"Organization\",\"@id\":\"https:\\\/\\\/chemgramx.com\\\/#organization\",\"name\":\"Chemgramx\",\"url\":\"https:\\\/\\\/chemgramx.com\\\/\",\"logo\":{\"@type\":\"ImageObject\",\"inLanguage\":\"it-IT\",\"@id\":\"https:\\\/\\\/chemgramx.com\\\/#\\\/schema\\\/logo\\\/image\\\/\",\"url\":\"https:\\\/\\\/chemgramx.com\\\/wp-content\\\/uploads\\\/2024\\\/10\\\/final-logo.png\",\"contentUrl\":\"https:\\\/\\\/chemgramx.com\\\/wp-content\\\/uploads\\\/2024\\\/10\\\/final-logo.png\",\"width\":250,\"height\":48,\"caption\":\"Chemgramx\"},\"image\":{\"@id\":\"https:\\\/\\\/chemgramx.com\\\/#\\\/schema\\\/logo\\\/image\\\/\"}}]}<\/script>\n<!-- \/ Yoast SEO plugin. -->","yoast_head_json":{"title":"Comprare Acapulco Gold | 19-24% THC Sativa classica","description":"Acquista Acapulco Gold - Ibrido sativa con 19-24% THC. Energetica, aromatica e leggendaria. Qualit\u00e0 premium con spedizione discreta in Germania e nell'UE.","robots":{"index":"index","follow":"follow","max-snippet":"max-snippet:-1","max-image-preview":"max-image-preview:large","max-video-preview":"max-video-preview:-1"},"canonical":"https:\/\/chemgramx.com\/it\/prodotto-1\/acapulco-gold-sativa-ibrido-19-24-thc-ordine-online\/","og_locale":"it_IT","og_type":"article","og_title":"Acapulco Gold kaufen | 19\u201324% THC Sativa Klassiker","og_description":"Acapulco Gold kaufen \u2013 Sativa-Hybrid mit 19\u201324% THC. Energetisch, aromatisch und legend\u00e4r. Premiumqualit\u00e4t mit diskretem Versand in Deutschland & EU.","og_url":"https:\/\/chemgramx.com\/it\/prodotto-1\/acapulco-gold-sativa-ibrido-19-24-thc-ordine-online\/","og_site_name":"Chemgramx","article_modified_time":"2025-12-10T09:09:35+00:00","og_image":[{"width":800,"height":800,"url":"https:\/\/chemgramx.com\/wp-content\/uploads\/2025\/11\/acapulco-gold-sativa-hybrid-19-24-thc.jpg","type":"image\/jpeg"}],"twitter_card":"summary_large_image","twitter_misc":{"Tempo di lettura stimato":"5 minuti"},"schema":{"@context":"https:\/\/schema.org","@graph":[{"@type":"WebPage","@id":"https:\/\/chemgramx.com\/product\/acapulco-gold-sativa-hybrid-19-24-thc-online-bestellung\/","url":"https:\/\/chemgramx.com\/product\/acapulco-gold-sativa-hybrid-19-24-thc-online-bestellung\/","name":"Comprare Acapulco Gold | 19-24% THC Sativa classica","isPartOf":{"@id":"https:\/\/chemgramx.com\/#website"},"primaryImageOfPage":{"@id":"https:\/\/chemgramx.com\/product\/acapulco-gold-sativa-hybrid-19-24-thc-online-bestellung\/#primaryimage"},"image":{"@id":"https:\/\/chemgramx.com\/product\/acapulco-gold-sativa-hybrid-19-24-thc-online-bestellung\/#primaryimage"},"thumbnailUrl":"https:\/\/chemgramx.com\/wp-content\/uploads\/2025\/11\/acapulco-gold-sativa-hybrid-19-24-thc.jpg","datePublished":"2025-11-21T11:15:41+00:00","dateModified":"2025-12-10T09:09:35+00:00","description":"Acquista Acapulco Gold - Ibrido sativa con 19-24% THC. Energetica, aromatica e leggendaria. Qualit\u00e0 premium con spedizione discreta in Germania e nell'UE.","breadcrumb":{"@id":"https:\/\/chemgramx.com\/product\/acapulco-gold-sativa-hybrid-19-24-thc-online-bestellung\/#breadcrumb"},"inLanguage":"it-IT","potentialAction":[{"@type":"ReadAction","target":["https:\/\/chemgramx.com\/product\/acapulco-gold-sativa-hybrid-19-24-thc-online-bestellung\/"]}]},{"@type":"ImageObject","inLanguage":"it-IT","@id":"https:\/\/chemgramx.com\/product\/acapulco-gold-sativa-hybrid-19-24-thc-online-bestellung\/#primaryimage","url":"https:\/\/chemgramx.com\/wp-content\/uploads\/2025\/11\/acapulco-gold-sativa-hybrid-19-24-thc.jpg","contentUrl":"https:\/\/chemgramx.com\/wp-content\/uploads\/2025\/11\/acapulco-gold-sativa-hybrid-19-24-thc.jpg","width":800,"height":800},{"@type":"BreadcrumbList","@id":"https:\/\/chemgramx.com\/product\/acapulco-gold-sativa-hybrid-19-24-thc-online-bestellung\/#breadcrumb","itemListElement":[{"@type":"ListItem","position":1,"name":"Home","item":"https:\/\/chemgramx.com\/"},{"@type":"ListItem","position":2,"name":"Shop","item":"https:\/\/chemgramx.com\/shop\/"},{"@type":"ListItem","position":3,"name":"Acapulco Gold \u2013 Sativa Hybrid 19\u201324 % THC Online Bestellung"}]},{"@type":"WebSite","@id":"https:\/\/chemgramx.com\/#website","url":"https:\/\/chemgramx.com\/","name":"Chemgramx","description":"","publisher":{"@id":"https:\/\/chemgramx.com\/#organization"},"potentialAction":[{"@type":"SearchAction","target":{"@type":"EntryPoint","urlTemplate":"https:\/\/chemgramx.com\/?s={search_term_string}"},"query-input":{"@type":"PropertyValueSpecification","valueRequired":true,"valueName":"search_term_string"}}],"inLanguage":"it-IT"},{"@type":"Organization","@id":"https:\/\/chemgramx.com\/#organization","name":"Chemgramx","url":"https:\/\/chemgramx.com\/","logo":{"@type":"ImageObject","inLanguage":"it-IT","@id":"https:\/\/chemgramx.com\/#\/schema\/logo\/image\/","url":"https:\/\/chemgramx.com\/wp-content\/uploads\/2024\/10\/final-logo.png","contentUrl":"https:\/\/chemgramx.com\/wp-content\/uploads\/2024\/10\/final-logo.png","width":250,"height":48,"caption":"Chemgramx"},"image":{"@id":"https:\/\/chemgramx.com\/#\/schema\/logo\/image\/"}}]}},"_links":{"self":[{"href":"https:\/\/chemgramx.com\/it\/wp-json\/wp\/v2\/product\/7365","targetHints":{"allow":["GET"]}}],"collection":[{"href":"https:\/\/chemgramx.com\/it\/wp-json\/wp\/v2\/product"}],"about":[{"href":"https:\/\/chemgramx.com\/it\/wp-json\/wp\/v2\/types\/product"}],"replies":[{"embeddable":true,"href":"https:\/\/chemgramx.com\/it\/wp-json\/wp\/v2\/comments?post=7365"}],"wp:featuredmedia":[{"embeddable":true,"href":"https:\/\/chemgramx.com\/it\/wp-json\/wp\/v2\/media\/7410"}],"wp:attachment":[{"href":"https:\/\/chemgramx.com\/it\/wp-json\/wp\/v2\/media?parent=7365"}],"wp:term":[{"taxonomy":"product_brand","embeddable":true,"href":"https:\/\/chemgramx.com\/it\/wp-json\/wp\/v2\/product_brand?post=7365"},{"taxonomy":"product_cat","embeddable":true,"href":"https:\/\/chemgramx.com\/it\/wp-json\/wp\/v2\/product_cat?post=7365"},{"taxonomy":"product_tag","embeddable":true,"href":"https:\/\/chemgramx.com\/it\/wp-json\/wp\/v2\/product_tag?post=7365"}],"curies":[{"name":"wp","href":"https:\/\/api.w.org\/{rel}","templated":true}]}}