{"id":7480,"date":"2025-11-21T11:17:29","date_gmt":"2025-11-21T11:17:29","guid":{"rendered":"https:\/\/chemgramx.com\/?post_type=product&#038;p=7480"},"modified":"2025-11-21T11:17:53","modified_gmt":"2025-11-21T11:17:53","slug":"5f-akb-48-ordine-online","status":"publish","type":"product","link":"https:\/\/chemgramx.com\/it\/product\/5f-akb-48-online-bestellung\/","title":{"rendered":"5F-AKB-48 ordine online"},"content":{"rendered":"<p data-start=\"108\" data-end=\"607\"><strong data-start=\"108\" data-end=\"121\">5F-AKB-48<\/strong> \u00e8 un cannabinoide sintetico altamente potente utilizzato nella moderna ricerca farmacologica e neurochimica. Serve a studiare il legame e l'attivazione di <strong data-start=\"312\" data-end=\"352\">Recettori dei cannabinoidi (CB1 e CB2)<\/strong>, che svolgono un ruolo centrale nel sistema endocannabinoide umano. I ricercatori che <strong data-start=\"436\" data-end=\"463\">Acquistare 5F-AKB-48 online<\/strong>, ottengono cos\u00ec una sostanza preziosa per lo studio della trasduzione del segnale, dell'attivit\u00e0 dei recettori e delle possibili applicazioni terapeutiche.<\/p>\n<p data-start=\"609\" data-end=\"919\">Poich\u00e9 sul mercato sono presenti anche <em data-start=\"631\" data-end=\"664\">5F-AKB-48 vero o falso in vendita<\/em> pu\u00f2 essere offerto, \u00e8 particolarmente importante ordinare esclusivamente da fonti affidabili e certificate. Solo il <strong data-start=\"791\" data-end=\"829\">Il posto migliore per acquistare 5F-AKB-48<\/strong>, offre qualit\u00e0 di laboratorio certificata, certificati di analisi trasparenti e consegna discreta.<\/p>\n<h2 data-start=\"926\" data-end=\"949\">Che cos'\u00e8 il 5F-AKB-48?<\/h2>\n<p data-start=\"951\" data-end=\"1212\"><strong data-start=\"951\" data-end=\"964\">5F-AKB-48<\/strong>conosciuto anche come <strong data-start=\"983\" data-end=\"997\">5F-APINACA<\/strong>, appartiene al gruppo dei cannabinoidi sintetici a base di indazolo. Queste sostanze sono analoghi strutturali dei cannabinoidi naturali e sono state sviluppate per studiarne le propriet\u00e0 farmacologiche.<\/p>\n<p data-start=\"1214\" data-end=\"1553\">A differenza dei cannabinoidi classici, il 5F-AKB-48 si lega con affinit\u00e0 particolarmente elevata ai recettori CB1, il che lo rende uno strumento importante nella <strong data-start=\"1364\" data-end=\"1401\">Ricerca sui recettori e tossicologia<\/strong> . Grazie a queste caratteristiche, \u00e8 un materiale di analisi molto richiesto dai laboratori che studiano i meccanismi d'azione dei cannabinoidi sintetici.<\/p>\n<p data-start=\"1555\" data-end=\"1661\">Gli istituti scientifici e le organizzazioni di ricerca ordinano <strong data-start=\"1622\" data-end=\"1644\">5F-AKB-48 in vendita<\/strong> soprattutto per:<\/p>\n<ul data-start=\"1662\" data-end=\"1853\">\n<li data-start=\"1662\" data-end=\"1705\">\n<p data-start=\"1664\" data-end=\"1705\">Condurre studi sul legame dei recettori,<\/p>\n<\/li>\n<li data-start=\"1706\" data-end=\"1780\">\n<p data-start=\"1708\" data-end=\"1780\">confrontare gli effetti farmacologici con i cannabinoidi naturali,<\/p>\n<\/li>\n<li data-start=\"1781\" data-end=\"1853\">\n<p data-start=\"1783\" data-end=\"1853\">e sviluppare nuovi metodi di rilevamento per applicazioni forensi.<\/p>\n<\/li>\n<\/ul>\n<h2 data-start=\"1860\" data-end=\"1882\">Profilo chimico<\/h2>\n<ul data-start=\"1884\" data-end=\"2239\">\n<li data-start=\"1884\" data-end=\"1975\">\n<p data-start=\"1886\" data-end=\"1975\"><strong data-start=\"1886\" data-end=\"1912\">Nome chimico:<\/strong> N-(adamantano-1-il)-1-(5-fluoropentil)-1H-indazolo-3-carbossamide<\/p>\n<\/li>\n<li data-start=\"1976\" data-end=\"2009\">\n<p data-start=\"1978\" data-end=\"2009\"><strong data-start=\"1978\" data-end=\"1996\">Formula molecolare:<\/strong> C23H31FN2O<\/p>\n<\/li>\n<li data-start=\"2010\" data-end=\"2047\">\n<p data-start=\"2012\" data-end=\"2047\"><strong data-start=\"2012\" data-end=\"2033\">Peso molecolare:<\/strong> 370,5 g\/mol<\/p>\n<\/li>\n<li data-start=\"2048\" data-end=\"2088\">\n<p data-start=\"2050\" data-end=\"2088\"><strong data-start=\"2050\" data-end=\"2059\">Stampo:<\/strong> Polvere cristallina fine<\/p>\n<\/li>\n<li data-start=\"2089\" data-end=\"2127\">\n<p data-start=\"2091\" data-end=\"2127\"><strong data-start=\"2091\" data-end=\"2104\">Purezza:<\/strong> \u226598 % (testato in HPLC)<\/p>\n<\/li>\n<li data-start=\"2128\" data-end=\"2186\">\n<p data-start=\"2130\" data-end=\"2186\"><strong data-start=\"2130\" data-end=\"2146\">Solubilit\u00e0:<\/strong> Solubile in solventi organici<\/p>\n<\/li>\n<li data-start=\"2187\" data-end=\"2239\">\n<p data-start=\"2189\" data-end=\"2239\"><strong data-start=\"2189\" data-end=\"2204\">Stabilit\u00e0:<\/strong> Sensibile alla luce e alla temperatura<\/p>\n<\/li>\n<\/ul>\n<p data-start=\"2241\" data-end=\"2438\">Ogni lotto di 5F-AKB-48 viene testato in laboratori indipendenti per verificare la presenza di <a href=\"\/product\/mexikanisches-kokain\/\">La purezza<\/a>, identit\u00e0 e stabilit\u00e0. Il relativo <strong data-start=\"2359\" data-end=\"2392\">Certificato di analisi (COA)<\/strong> qualit\u00e0 verificata analiticamente.<\/p>\n<h2 data-start=\"2445\" data-end=\"2471\">Applicazioni di ricerca<\/h2>\n<p data-start=\"2473\" data-end=\"2732\"><strong data-start=\"2473\" data-end=\"2486\">5F-AKB-48<\/strong> \u00e8 offerto esclusivamente per la ricerca scientifica e non pu\u00f2 essere utilizzato <strong data-start=\"2558\" data-end=\"2578\">non consumato<\/strong> . Nei laboratori viene utilizzato per <strong data-start=\"2622\" data-end=\"2683\">propriet\u00e0 farmacodinamiche e farmacocinetiche<\/strong> dei cannabinoidi sintetici.<\/p>\n<p data-start=\"2734\" data-end=\"2784\">Le applicazioni di ricerca pi\u00f9 comuni includono<\/p>\n<ul data-start=\"2785\" data-end=\"3126\">\n<li data-start=\"2785\" data-end=\"2861\">\n<p data-start=\"2787\" data-end=\"2861\"><strong data-start=\"2787\" data-end=\"2815\">Studi sui recettori CB1\/CB2:<\/strong> Analisi dell'affinit\u00e0 e della selettivit\u00e0<\/p>\n<\/li>\n<li data-start=\"2862\" data-end=\"2938\">\n<p data-start=\"2864\" data-end=\"2938\"><strong data-start=\"2864\" data-end=\"2896\">Analisi della trasduzione del segnale:<\/strong> Ricerca sui meccanismi intracellulari<\/p>\n<\/li>\n<li data-start=\"2939\" data-end=\"3040\">\n<p data-start=\"2941\" data-end=\"3040\"><strong data-start=\"2941\" data-end=\"2963\">Studi comparativi:<\/strong> Confronto con altri cannabinoidi (ad es. AMB-FUBINACA, 5F-MN-18)<\/p>\n<\/li>\n<li data-start=\"3041\" data-end=\"3126\">\n<p data-start=\"3043\" data-end=\"3126\"><strong data-start=\"3043\" data-end=\"3068\">Test tossicologici:<\/strong> Valutazione dei possibili effetti collaterali e delle vie metaboliche<\/p>\n<\/li>\n<\/ul>\n<p data-start=\"3128\" data-end=\"3327\">Grazie all'uso del 5F-AKB-48, gli scienziati possono comprendere meglio il comportamento dei cannabinoidi sintetici nell'organismo e trarne conclusioni utili a fini medici o forensi.<\/p>\n<h2 data-start=\"3334\" data-end=\"3364\">Sicurezza e manipolazione<\/h2>\n<p data-start=\"3366\" data-end=\"3522\">La sostanza \u00e8 <strong data-start=\"3383\" data-end=\"3412\">non destinato al consumo umano<\/strong> e deve essere utilizzato esclusivamente da personale di laboratorio qualificato in condizioni controllate.<\/p>\n<p data-start=\"3524\" data-end=\"3582\">Per l'utilizzo si applicano le seguenti norme di sicurezza:<\/p>\n<ul data-start=\"3583\" data-end=\"3825\">\n<li data-start=\"3583\" data-end=\"3635\">\n<p data-start=\"3585\" data-end=\"3635\">Lavorare sotto una cappa chimica ventilata<\/p>\n<\/li>\n<li data-start=\"3636\" data-end=\"3702\">\n<p data-start=\"3638\" data-end=\"3702\">Utilizzo di camici da laboratorio, guanti protettivi e occhiali protettivi<\/p>\n<\/li>\n<li data-start=\"3703\" data-end=\"3769\">\n<p data-start=\"3705\" data-end=\"3769\">Conservare in contenitori ermetici, al riparo dalla luce, a 2-8 \u00b0C.<\/p>\n<\/li>\n<li data-start=\"3770\" data-end=\"3825\">\n<p data-start=\"3772\" data-end=\"3825\">Documentazione nel giornale di laboratorio secondo le linee guida GLP<\/p>\n<\/li>\n<\/ul>\n<p data-start=\"3827\" data-end=\"3934\">Queste misure garantiscono un utilizzo sicuro e prevengono contaminazioni o decomposizioni chimiche.<\/p>\n<h2 data-start=\"3941\" data-end=\"3985\">Vantaggi dell'acquisto online di 5F-AKB-48<\/h2>\n<p data-start=\"3987\" data-end=\"4145\">L'acquisto online offre numerosi vantaggi agli scienziati, in particolare grazie alla qualit\u00e0 certificata di laboratorio, alla consegna rapida e alla trasparenza dei prezzi.<\/p>\n<ul data-start=\"4147\" data-end=\"4515\">\n<li data-start=\"4147\" data-end=\"4210\">\n<p data-start=\"4149\" data-end=\"4210\"><strong data-start=\"4149\" data-end=\"4171\">Qualit\u00e0 testata:<\/strong> Ogni lotto \u00e8 testato in laboratorio<\/p>\n<\/li>\n<li data-start=\"4211\" data-end=\"4292\">\n<p data-start=\"4213\" data-end=\"4292\"><strong data-start=\"4213\" data-end=\"4244\">Struttura dei prezzi trasparente:<\/strong> Prezzo chiaro per 5F-AKB-48 senza costi nascosti<\/p>\n<\/li>\n<li data-start=\"4293\" data-end=\"4392\">\n<p data-start=\"4295\" data-end=\"4392\"><strong data-start=\"4295\" data-end=\"4317\">Sconti per grandi quantit\u00e0:<\/strong> Possibilit\u00e0, <strong data-start=\"4331\" data-end=\"4369\">Acquista 5F-AKB-48 online a prezzi convenienti<\/strong> per scopi di ricerca<\/p>\n<\/li>\n<li data-start=\"4393\" data-end=\"4454\">\n<p data-start=\"4395\" data-end=\"4454\"><strong data-start=\"4395\" data-end=\"4417\">Spedizione discreta:<\/strong> Confezionato in modo neutro, consegnato in modo anonimo<\/p>\n<\/li>\n<li data-start=\"4455\" data-end=\"4515\">\n<p data-start=\"4457\" data-end=\"4515\"><strong data-start=\"4457\" data-end=\"4484\">Origine certificata:<\/strong> Solo prodotti originali con COA<\/p>\n<\/li>\n<\/ul>\n<p data-start=\"4517\" data-end=\"4668\">Il <strong data-start=\"4521\" data-end=\"4559\">Il posto migliore per acquistare 5F-AKB-48<\/strong>, offre queste caratteristiche in modo affidabile, con spedizioni sicure in Germania, Austria e Svizzera.<\/p>\n<h2 data-start=\"4675\" data-end=\"4704\">Informazioni legali<\/h2>\n<p data-start=\"4706\" data-end=\"4976\">La categorizzazione legale di <strong data-start=\"4736\" data-end=\"4749\">5F-AKB-48<\/strong> varia a seconda del Paese.<br data-start=\"4772\" data-end=\"4775\" \/>In Germania, la sostanza rientra nel <strong data-start=\"4819\" data-end=\"4861\">Nuove sostanze psicoattive<a href=\"\/product\/4-ho-mipt-20mg-pellets-kaufen\/\">tessuti<\/a>Legge (NpSG)<\/strong> e pu\u00f2 quindi essere utilizzato solo per la ricerca. In Svizzera e in Austria vigono restrizioni simili.<\/p>\n<p data-start=\"4978\" data-end=\"5218\">Gli acquirenti sono tenuti a informarsi sulle normative vigenti nel proprio Paese prima di effettuare l'ordine. La vendita \u00e8 riservata esclusivamente a <strong data-start=\"5128\" data-end=\"5168\">istituti di ricerca registrati<\/strong> o laboratori con finalit\u00e0 di ricerca documentate.<\/p>\n<h2 data-start=\"5225\" data-end=\"5253\">Prezzo e disponibilit\u00e0<\/h2>\n<p data-start=\"5255\" data-end=\"5464\">Il <strong data-start=\"5259\" data-end=\"5278\">5F-AKB-48 Prezzo<\/strong> dipende dalla quantit\u00e0, dal grado di purezza e dalla regione di consegna. Gli istituti scientifici che necessitano regolarmente di grandi quantit\u00e0 possono acquistare tramite <strong data-start=\"5413\" data-end=\"5452\">Condizioni speciali e sconti quantit\u00e0<\/strong> disporre.<\/p>\n<p data-start=\"5466\" data-end=\"5634\">La spedizione avviene di norma entro <strong data-start=\"5513\" data-end=\"5530\">1-3 giorni lavorativi<\/strong>, opzionalmente anche come <strong data-start=\"5550\" data-end=\"5575\">Spedizione espressa (24 ore)<\/strong>. L'imballaggio e la spedizione avvengono in modo completamente discreto.<\/p>\n<h3 data-start=\"2464\" data-end=\"2474\">Conclusione<\/h3>\n<p data-start=\"2476\" data-end=\"2900\">Chiunque voglia acquistare 5F-AKB-48 online dovrebbe cercare dove acquistarlo e confrontare i prezzi. Il posto migliore per acquistare 5F-AKB-48 garantisce qualit\u00e0 di laboratorio testata, costi equi e consegna discreta. Che si ordini 5F-AKB-48 autentico o contraffatto per analisi scientifiche o che si desideri acquistare 5F-AKB-48 online a basso costo per progetti di ricerca pi\u00f9 ampi, scegliere una fonte affidabile \u00e8 sempre fondamentale.<\/p>","protected":false},"excerpt":{"rendered":"<p><strong>5F-AKB-48<\/strong> \u00e8 un cannabinoide sintetico utilizzato nella ricerca per studiare gli effetti dei recettori dei cannabinoidi. \u00c8 una molecola potente destinata esclusivamente agli esperimenti scientifici e non \u00e8 adatta al consumo umano.<\/p>","protected":false},"featured_media":7510,"comment_status":"open","ping_status":"closed","template":"","meta":{"_joinchat":[]},"product_brand":[],"product_cat":[1805],"product_tag":[2033,2039,2034,2037,2038,2036,2035,188,1814,333],"class_list":{"0":"post-7480","1":"product","2":"type-product","3":"status-publish","4":"has-post-thumbnail","6":"product_cat-indazol-basiert","7":"product_tag-5f-akb-48","8":"product_tag-5f-akb-48-chemikalien","9":"product_tag-5f-akb-48-kaufen","10":"product_tag-5f-akb-48-kristalle","11":"product_tag-5f-akb-48-online","12":"product_tag-5f-akb-48-pulver","13":"product_tag-5f-akb-48-zum-verkauf","14":"product_tag-forschungschemikalien","15":"product_tag-forschungsstoffe-kaufen","16":"product_tag-synthetische-cannabinoide","18":"first","19":"instock","20":"shipping-taxable","21":"purchasable","22":"product-type-variable"},"yoast_head":"<!-- This site is optimized with the Yoast SEO plugin v27.5 - https:\/\/yoast.com\/product\/yoast-seo-wordpress\/ -->\n<title>5F-AKB-48 online kaufen \u2013 5F-AKB-48 zu verkaufen | chemgramx<\/title>\n<meta name=\"description\" content=\"Verpassen Sie keine Gelegenheit, 5f-akb-48 online in unserem Shop zu kaufen. Wir verkaufen ausschlie\u00dflich 5f-akb-48 zu g\u00fcnstigen Preisen. Wir sind hier, um Ihnen zu helfen. Bestellen Sie jetzt!\" \/>\n<meta name=\"robots\" content=\"index, follow, max-snippet:-1, max-image-preview:large, max-video-preview:-1\" \/>\n<link rel=\"canonical\" href=\"https:\/\/chemgramx.com\/it\/prodotto-1\/5f-akb-48-ordine-online\/\" \/>\n<meta property=\"og:locale\" content=\"it_IT\" \/>\n<meta property=\"og:type\" content=\"article\" \/>\n<meta property=\"og:title\" content=\"5F-AKB-48 online kaufen \u2013 5F-AKB-48 zu verkaufen | chemgramx\" \/>\n<meta property=\"og:description\" content=\"Verpassen Sie keine Gelegenheit, 5f-akb-48 online in unserem Shop zu kaufen. Wir verkaufen ausschlie\u00dflich 5f-akb-48 zu g\u00fcnstigen Preisen. Wir sind hier, um Ihnen zu helfen. Bestellen Sie jetzt!\" \/>\n<meta property=\"og:url\" content=\"https:\/\/chemgramx.com\/it\/prodotto-1\/5f-akb-48-ordine-online\/\" \/>\n<meta property=\"og:site_name\" content=\"Chemgramx\" \/>\n<meta property=\"article:modified_time\" content=\"2025-11-21T11:17:53+00:00\" \/>\n<meta property=\"og:image\" content=\"https:\/\/chemgramx.com\/wp-content\/uploads\/2025\/11\/5fak48.png\" \/>\n\t<meta property=\"og:image:width\" content=\"600\" \/>\n\t<meta property=\"og:image:height\" content=\"400\" \/>\n\t<meta property=\"og:image:type\" content=\"image\/png\" \/>\n<meta name=\"twitter:card\" content=\"summary_large_image\" \/>\n<meta name=\"twitter:label1\" content=\"Tempo di lettura stimato\" \/>\n\t<meta name=\"twitter:data1\" content=\"4 minuti\" \/>\n<script type=\"application\/ld+json\" class=\"yoast-schema-graph\">{\"@context\":\"https:\\\/\\\/schema.org\",\"@graph\":[{\"@type\":\"WebPage\",\"@id\":\"https:\\\/\\\/chemgramx.com\\\/product\\\/5f-akb-48-online-bestellung\\\/\",\"url\":\"https:\\\/\\\/chemgramx.com\\\/product\\\/5f-akb-48-online-bestellung\\\/\",\"name\":\"5F-AKB-48 online kaufen \u2013 5F-AKB-48 zu verkaufen | chemgramx\",\"isPartOf\":{\"@id\":\"https:\\\/\\\/chemgramx.com\\\/#website\"},\"primaryImageOfPage\":{\"@id\":\"https:\\\/\\\/chemgramx.com\\\/product\\\/5f-akb-48-online-bestellung\\\/#primaryimage\"},\"image\":{\"@id\":\"https:\\\/\\\/chemgramx.com\\\/product\\\/5f-akb-48-online-bestellung\\\/#primaryimage\"},\"thumbnailUrl\":\"https:\\\/\\\/chemgramx.com\\\/wp-content\\\/uploads\\\/2025\\\/11\\\/5fak48.png\",\"datePublished\":\"2025-11-21T11:17:29+00:00\",\"dateModified\":\"2025-11-21T11:17:53+00:00\",\"description\":\"Verpassen Sie keine Gelegenheit, 5f-akb-48 online in unserem Shop zu kaufen. Wir verkaufen ausschlie\u00dflich 5f-akb-48 zu g\u00fcnstigen Preisen. Wir sind hier, um Ihnen zu helfen. Bestellen Sie jetzt!\",\"breadcrumb\":{\"@id\":\"https:\\\/\\\/chemgramx.com\\\/product\\\/5f-akb-48-online-bestellung\\\/#breadcrumb\"},\"inLanguage\":\"it-IT\",\"potentialAction\":[{\"@type\":\"ReadAction\",\"target\":[\"https:\\\/\\\/chemgramx.com\\\/product\\\/5f-akb-48-online-bestellung\\\/\"]}]},{\"@type\":\"ImageObject\",\"inLanguage\":\"it-IT\",\"@id\":\"https:\\\/\\\/chemgramx.com\\\/product\\\/5f-akb-48-online-bestellung\\\/#primaryimage\",\"url\":\"https:\\\/\\\/chemgramx.com\\\/wp-content\\\/uploads\\\/2025\\\/11\\\/5fak48.png\",\"contentUrl\":\"https:\\\/\\\/chemgramx.com\\\/wp-content\\\/uploads\\\/2025\\\/11\\\/5fak48.png\",\"width\":600,\"height\":400},{\"@type\":\"BreadcrumbList\",\"@id\":\"https:\\\/\\\/chemgramx.com\\\/product\\\/5f-akb-48-online-bestellung\\\/#breadcrumb\",\"itemListElement\":[{\"@type\":\"ListItem\",\"position\":1,\"name\":\"Home\",\"item\":\"https:\\\/\\\/chemgramx.com\\\/\"},{\"@type\":\"ListItem\",\"position\":2,\"name\":\"Shop\",\"item\":\"https:\\\/\\\/chemgramx.com\\\/shop\\\/\"},{\"@type\":\"ListItem\",\"position\":3,\"name\":\"5F-AKB-48 online bestellung\"}]},{\"@type\":\"WebSite\",\"@id\":\"https:\\\/\\\/chemgramx.com\\\/#website\",\"url\":\"https:\\\/\\\/chemgramx.com\\\/\",\"name\":\"Chemgramx\",\"description\":\"\",\"publisher\":{\"@id\":\"https:\\\/\\\/chemgramx.com\\\/#organization\"},\"potentialAction\":[{\"@type\":\"SearchAction\",\"target\":{\"@type\":\"EntryPoint\",\"urlTemplate\":\"https:\\\/\\\/chemgramx.com\\\/?s={search_term_string}\"},\"query-input\":{\"@type\":\"PropertyValueSpecification\",\"valueRequired\":true,\"valueName\":\"search_term_string\"}}],\"inLanguage\":\"it-IT\"},{\"@type\":\"Organization\",\"@id\":\"https:\\\/\\\/chemgramx.com\\\/#organization\",\"name\":\"Chemgramx\",\"url\":\"https:\\\/\\\/chemgramx.com\\\/\",\"logo\":{\"@type\":\"ImageObject\",\"inLanguage\":\"it-IT\",\"@id\":\"https:\\\/\\\/chemgramx.com\\\/#\\\/schema\\\/logo\\\/image\\\/\",\"url\":\"https:\\\/\\\/chemgramx.com\\\/wp-content\\\/uploads\\\/2024\\\/10\\\/final-logo.png\",\"contentUrl\":\"https:\\\/\\\/chemgramx.com\\\/wp-content\\\/uploads\\\/2024\\\/10\\\/final-logo.png\",\"width\":250,\"height\":48,\"caption\":\"Chemgramx\"},\"image\":{\"@id\":\"https:\\\/\\\/chemgramx.com\\\/#\\\/schema\\\/logo\\\/image\\\/\"}}]}<\/script>\n<!-- \/ Yoast SEO plugin. -->","yoast_head_json":{"title":"Acquista 5F-AKB-48 online \u2013 5F-AKB-48 in vendita | chemgramx","description":"Non perdere l'occasione di acquistare 5f-akb-48 online nel nostro negozio. Vendiamo esclusivamente 5f-akb-48 a prezzi accessibili. Siamo qui per aiutarti. Ordina subito!","robots":{"index":"index","follow":"follow","max-snippet":"max-snippet:-1","max-image-preview":"max-image-preview:large","max-video-preview":"max-video-preview:-1"},"canonical":"https:\/\/chemgramx.com\/it\/prodotto-1\/5f-akb-48-ordine-online\/","og_locale":"it_IT","og_type":"article","og_title":"5F-AKB-48 online kaufen \u2013 5F-AKB-48 zu verkaufen | chemgramx","og_description":"Verpassen Sie keine Gelegenheit, 5f-akb-48 online in unserem Shop zu kaufen. Wir verkaufen ausschlie\u00dflich 5f-akb-48 zu g\u00fcnstigen Preisen. Wir sind hier, um Ihnen zu helfen. Bestellen Sie jetzt!","og_url":"https:\/\/chemgramx.com\/it\/prodotto-1\/5f-akb-48-ordine-online\/","og_site_name":"Chemgramx","article_modified_time":"2025-11-21T11:17:53+00:00","og_image":[{"width":600,"height":400,"url":"https:\/\/chemgramx.com\/wp-content\/uploads\/2025\/11\/5fak48.png","type":"image\/png"}],"twitter_card":"summary_large_image","twitter_misc":{"Tempo di lettura stimato":"4 minuti"},"schema":{"@context":"https:\/\/schema.org","@graph":[{"@type":"WebPage","@id":"https:\/\/chemgramx.com\/product\/5f-akb-48-online-bestellung\/","url":"https:\/\/chemgramx.com\/product\/5f-akb-48-online-bestellung\/","name":"Acquista 5F-AKB-48 online \u2013 5F-AKB-48 in vendita | chemgramx","isPartOf":{"@id":"https:\/\/chemgramx.com\/#website"},"primaryImageOfPage":{"@id":"https:\/\/chemgramx.com\/product\/5f-akb-48-online-bestellung\/#primaryimage"},"image":{"@id":"https:\/\/chemgramx.com\/product\/5f-akb-48-online-bestellung\/#primaryimage"},"thumbnailUrl":"https:\/\/chemgramx.com\/wp-content\/uploads\/2025\/11\/5fak48.png","datePublished":"2025-11-21T11:17:29+00:00","dateModified":"2025-11-21T11:17:53+00:00","description":"Non perdere l'occasione di acquistare 5f-akb-48 online nel nostro negozio. Vendiamo esclusivamente 5f-akb-48 a prezzi accessibili. Siamo qui per aiutarti. Ordina subito!","breadcrumb":{"@id":"https:\/\/chemgramx.com\/product\/5f-akb-48-online-bestellung\/#breadcrumb"},"inLanguage":"it-IT","potentialAction":[{"@type":"ReadAction","target":["https:\/\/chemgramx.com\/product\/5f-akb-48-online-bestellung\/"]}]},{"@type":"ImageObject","inLanguage":"it-IT","@id":"https:\/\/chemgramx.com\/product\/5f-akb-48-online-bestellung\/#primaryimage","url":"https:\/\/chemgramx.com\/wp-content\/uploads\/2025\/11\/5fak48.png","contentUrl":"https:\/\/chemgramx.com\/wp-content\/uploads\/2025\/11\/5fak48.png","width":600,"height":400},{"@type":"BreadcrumbList","@id":"https:\/\/chemgramx.com\/product\/5f-akb-48-online-bestellung\/#breadcrumb","itemListElement":[{"@type":"ListItem","position":1,"name":"Home","item":"https:\/\/chemgramx.com\/"},{"@type":"ListItem","position":2,"name":"Shop","item":"https:\/\/chemgramx.com\/shop\/"},{"@type":"ListItem","position":3,"name":"5F-AKB-48 online bestellung"}]},{"@type":"WebSite","@id":"https:\/\/chemgramx.com\/#website","url":"https:\/\/chemgramx.com\/","name":"Chemgramx","description":"","publisher":{"@id":"https:\/\/chemgramx.com\/#organization"},"potentialAction":[{"@type":"SearchAction","target":{"@type":"EntryPoint","urlTemplate":"https:\/\/chemgramx.com\/?s={search_term_string}"},"query-input":{"@type":"PropertyValueSpecification","valueRequired":true,"valueName":"search_term_string"}}],"inLanguage":"it-IT"},{"@type":"Organization","@id":"https:\/\/chemgramx.com\/#organization","name":"Chemgramx","url":"https:\/\/chemgramx.com\/","logo":{"@type":"ImageObject","inLanguage":"it-IT","@id":"https:\/\/chemgramx.com\/#\/schema\/logo\/image\/","url":"https:\/\/chemgramx.com\/wp-content\/uploads\/2024\/10\/final-logo.png","contentUrl":"https:\/\/chemgramx.com\/wp-content\/uploads\/2024\/10\/final-logo.png","width":250,"height":48,"caption":"Chemgramx"},"image":{"@id":"https:\/\/chemgramx.com\/#\/schema\/logo\/image\/"}}]}},"_links":{"self":[{"href":"https:\/\/chemgramx.com\/it\/wp-json\/wp\/v2\/product\/7480","targetHints":{"allow":["GET"]}}],"collection":[{"href":"https:\/\/chemgramx.com\/it\/wp-json\/wp\/v2\/product"}],"about":[{"href":"https:\/\/chemgramx.com\/it\/wp-json\/wp\/v2\/types\/product"}],"replies":[{"embeddable":true,"href":"https:\/\/chemgramx.com\/it\/wp-json\/wp\/v2\/comments?post=7480"}],"wp:featuredmedia":[{"embeddable":true,"href":"https:\/\/chemgramx.com\/it\/wp-json\/wp\/v2\/media\/7510"}],"wp:attachment":[{"href":"https:\/\/chemgramx.com\/it\/wp-json\/wp\/v2\/media?parent=7480"}],"wp:term":[{"taxonomy":"product_brand","embeddable":true,"href":"https:\/\/chemgramx.com\/it\/wp-json\/wp\/v2\/product_brand?post=7480"},{"taxonomy":"product_cat","embeddable":true,"href":"https:\/\/chemgramx.com\/it\/wp-json\/wp\/v2\/product_cat?post=7480"},{"taxonomy":"product_tag","embeddable":true,"href":"https:\/\/chemgramx.com\/it\/wp-json\/wp\/v2\/product_tag?post=7480"}],"curies":[{"name":"wp","href":"https:\/\/api.w.org\/{rel}","templated":true}]}}