{"id":7484,"date":"2025-11-21T11:17:30","date_gmt":"2025-11-21T11:17:30","guid":{"rendered":"https:\/\/chemgramx.com\/?post_type=product&#038;p=7484"},"modified":"2025-11-21T11:18:24","modified_gmt":"2025-11-21T11:18:24","slug":"bb-22-ordine-online","status":"publish","type":"product","link":"https:\/\/chemgramx.com\/it\/product\/bb-22-online-bestellung\/","title":{"rendered":"Ordine online del BB-22"},"content":{"rendered":"<p data-start=\"113\" data-end=\"495\"><strong data-start=\"113\" data-end=\"122\">BB-22<\/strong> \u00e8 un cannabinoide sintetico avanzato utilizzato nella moderna ricerca farmacologica per studiare le interazioni tra i cannabinoidi e i recettori cannabinoidi umani CB1 e CB2. Appartiene alla nuova generazione di sostanze chimiche di ricerca sviluppate per precise analisi di laboratorio e studi sperimentali.<\/p>\n<p data-start=\"497\" data-end=\"973\">Un numero sempre maggiore di istituti e laboratori di ricerca \u00e8 alla ricerca di fonti affidabili per <strong data-start=\"581\" data-end=\"604\">Acquistare BB-22 online<\/strong> essere in grado di farlo. Come anche <em data-start=\"624\" data-end=\"653\">BB-22 vero o falso in vendita<\/em> possono essere in circolazione, la scelta di una fonte testata e certificata \u00e8 fondamentale per garantire autenticit\u00e0 e purezza. <a href=\"\/product\/kaufen-sie-kokain-online\/\">garantire<\/a>. Scienziati che si chiedono, <em data-start=\"825\" data-end=\"845\">dove acquistare BB-22<\/em>, prestare attenzione al <strong data-start=\"864\" data-end=\"879\">Prezzo BB-22<\/strong> in particolare su rapporti di laboratorio trasparenti, certificati COA e condizioni di consegna affidabili.<\/p>\n<h2 data-start=\"980\" data-end=\"999\">Che cos'\u00e8 il BB-22?<\/h2>\n<p data-start=\"1001\" data-end=\"1316\"><strong data-start=\"1001\" data-end=\"1010\">BB-22<\/strong> (nome chimico: chinolin-8-il 1-(cicloesilmetil)-1H-indolo-3-carbossilato) \u00e8 un cannabinoide sintetico che agisce come agonista dei recettori dei cannabinoidi. Questi recettori svolgono un ruolo importante in processi fisiologici come la percezione del dolore, l'umore, l'appetito e le reazioni infiammatorie.<\/p>\n<p data-start=\"1318\" data-end=\"1671\">Grazie alla sua struttura molecolare, il BB-22 si lega con elevata affinit\u00e0 ai recettori CB1 e CB2, diventando cos\u00ec uno strumento prezioso per la ricerca biochimica. Viene utilizzato per comprendere i meccanismi di attivazione dei recettori, per ottenere nuove conoscenze farmacologiche e per studiare potenziali applicazioni terapeutiche.<\/p>\n<p data-start=\"1673\" data-end=\"1943\">Rispetto ai cannabinoidi pi\u00f9 vecchi come AM-2201 o JWH-018 <strong data-start=\"1743\" data-end=\"1752\">BB-22<\/strong> una struttura pi\u00f9 stabile, un maggiore legame con i recettori e propriet\u00e0 farmacologiche ben definite: uno dei motivi per cui viene sempre pi\u00f9 spesso utilizzato come <strong data-start=\"1890\" data-end=\"1910\">Standard di riferimento<\/strong> viene utilizzato nelle analisi di laboratorio.<\/p>\n<h2 data-start=\"1950\" data-end=\"1976\">Applicazioni di ricerca<\/h2>\n<p data-start=\"1978\" data-end=\"2221\">La sostanza <strong data-start=\"1991\" data-end=\"2000\">BB-22<\/strong> \u00e8 destinato esclusivamente a scopi scientifici e non pu\u00f2 essere <strong data-start=\"2067\" data-end=\"2087\">non <a href=\"\/product\/peruanisches-kokain-sicher-online-kaufen\/\">consumato<\/a><\/strong> essere utilizzato. Viene utilizzato in ambienti di laboratorio controllati per studiare i processi molecolari del sistema endocannabinoide.<\/p>\n<p data-start=\"2223\" data-end=\"2273\">Le applicazioni di ricerca pi\u00f9 comuni includono<\/p>\n<ul data-start=\"2274\" data-end=\"2628\">\n<li data-start=\"2274\" data-end=\"2350\">\n<p data-start=\"2276\" data-end=\"2350\"><strong data-start=\"2276\" data-end=\"2305\">Studi farmacologici:<\/strong> Analisi dell'attivit\u00e0 dei recettori CB1 e CB2<\/p>\n<\/li>\n<li data-start=\"2351\" data-end=\"2442\">\n<p data-start=\"2353\" data-end=\"2442\"><strong data-start=\"2353\" data-end=\"2387\">Test tossicologici:<\/strong> Valutazione di possibili effetti collaterali e prodotti di degradazione<\/p>\n<\/li>\n<li data-start=\"2443\" data-end=\"2527\">\n<p data-start=\"2445\" data-end=\"2527\"><strong data-start=\"2445\" data-end=\"2467\">Studi comparativi:<\/strong> Confronto con altri cannabinoidi sintetici<\/p>\n<\/li>\n<li data-start=\"2528\" data-end=\"2628\">\n<p data-start=\"2530\" data-end=\"2628\"><strong data-start=\"2530\" data-end=\"2567\">Sviluppo di metodi di rilevamento:<\/strong> Sviluppo di standard analitici per test di laboratorio e forensi<\/p>\n<\/li>\n<\/ul>\n<p data-start=\"2630\" data-end=\"2806\">Attraverso questi approcci di ricerca, il BB-22 contribuisce ad acquisire nuove conoscenze sulle interazioni con i cannabinoidi e a comprendere meglio le potenziali applicazioni mediche.<\/p>\n<h2 data-start=\"2813\" data-end=\"2854\">Istruzioni per la sicurezza e la manipolazione<\/h2>\n<p data-start=\"2856\" data-end=\"3070\"><strong data-start=\"2856\" data-end=\"2865\">BB-22<\/strong> pu\u00f2 essere utilizzato solo in ambienti di laboratorio autorizzati e da personale addestrato. \u00c8 <strong data-start=\"2966\" data-end=\"2995\">non destinato al consumo umano<\/strong> e destinati esclusivamente a scopi analitici e sperimentali.<\/p>\n<p data-start=\"3072\" data-end=\"3168\">Quando si lavora con il BB-22, si applicano le norme di sicurezza generali della ricerca chimica:<\/p>\n<ul data-start=\"3169\" data-end=\"3384\">\n<li data-start=\"3169\" data-end=\"3229\">\n<p data-start=\"3171\" data-end=\"3229\">Uso di camice, guanti e occhiali di sicurezza.<\/p>\n<\/li>\n<li data-start=\"3230\" data-end=\"3271\">\n<p data-start=\"3232\" data-end=\"3271\">Lavorare sotto una cappa chimica<\/p>\n<\/li>\n<li data-start=\"3272\" data-end=\"3319\">\n<p data-start=\"3274\" data-end=\"3319\">Documentazione dell'utilizzo nel protocollo di laboratorio<\/p>\n<\/li>\n<li data-start=\"3320\" data-end=\"3384\">\n<p data-start=\"3322\" data-end=\"3384\">Conservare in contenitori freschi, asciutti e protetti dalla luce.<\/p>\n<\/li>\n<\/ul>\n<p data-start=\"3386\" data-end=\"3500\">Queste linee guida garantiscono la sicurezza dei dipendenti e l'affidabilit\u00e0 dei risultati della ricerca.<\/p>\n<h2 data-start=\"3507\" data-end=\"3529\">Profilo chimico<\/h2>\n<ul data-start=\"3531\" data-end=\"3848\">\n<li data-start=\"3531\" data-end=\"3618\">\n<p data-start=\"3533\" data-end=\"3618\"><strong data-start=\"3533\" data-end=\"3559\">Nome chimico:<\/strong> Quinolina-8-il 1-(cicloesilmetile)-1H-indolo-3-carbossilato<\/p>\n<\/li>\n<li data-start=\"3619\" data-end=\"3652\">\n<p data-start=\"3621\" data-end=\"3652\"><strong data-start=\"3621\" data-end=\"3639\">Formula molecolare:<\/strong> C25H24N2O2<\/p>\n<\/li>\n<li data-start=\"3653\" data-end=\"3690\">\n<p data-start=\"3655\" data-end=\"3690\"><strong data-start=\"3655\" data-end=\"3676\">Peso molecolare:<\/strong> 384,5 g\/mol<\/p>\n<\/li>\n<li data-start=\"3691\" data-end=\"3740\">\n<p data-start=\"3693\" data-end=\"3740\"><strong data-start=\"3693\" data-end=\"3702\">Stampo:<\/strong> Polvere fine di colore da bianco a beige chiaro<\/p>\n<\/li>\n<li data-start=\"3741\" data-end=\"3779\">\n<p data-start=\"3743\" data-end=\"3779\"><strong data-start=\"3743\" data-end=\"3756\">Purezza:<\/strong> \u226598 % (testato in HPLC)<\/p>\n<\/li>\n<li data-start=\"3780\" data-end=\"3848\">\n<p data-start=\"3782\" data-end=\"3848\"><strong data-start=\"3782\" data-end=\"3797\">Stabilit\u00e0:<\/strong> Stabile in conservazione a temperatura ambiente sotto protezione dalla luce.<\/p>\n<\/li>\n<\/ul>\n<p data-start=\"3850\" data-end=\"4149\">Ogni lotto di <strong data-start=\"3866\" data-end=\"3884\">BB-22 in vendita<\/strong> \u00e8 testato da un laboratorio indipendente per garantire la purezza, la struttura e la coerenza chimica. L'associato <strong data-start=\"4007\" data-end=\"4051\">Certificato COA (Certificato di analisi)<\/strong> garantisce la qualit\u00e0 del laboratorio e conferma che la sostanza soddisfa tutti gli standard di ricerca.<\/p>\n<h2 data-start=\"4156\" data-end=\"4196\">Vantaggi dell'acquisto online di BB-22<\/h2>\n<p data-start=\"4198\" data-end=\"4325\">Ricercatori che <strong data-start=\"4212\" data-end=\"4235\">Acquistare BB-22 online<\/strong>, beneficiate di una qualit\u00e0 di laboratorio testata, di una spedizione discreta e di prezzi equi.<\/p>\n<h3 data-start=\"4327\" data-end=\"4350\">Vantaggi centrali<\/h3>\n<ul data-start=\"4351\" data-end=\"4774\">\n<li data-start=\"4351\" data-end=\"4431\">\n<p data-start=\"4353\" data-end=\"4431\"><strong data-start=\"4353\" data-end=\"4375\">Qualit\u00e0 testata:<\/strong> Ogni lotto \u00e8 analiticamente testato e certificato<\/p>\n<\/li>\n<li data-start=\"4432\" data-end=\"4528\">\n<p data-start=\"4434\" data-end=\"4528\"><strong data-start=\"4434\" data-end=\"4467\">Prezzi trasparenti:<\/strong> Il <strong data-start=\"4472\" data-end=\"4487\">Prezzo BB-22<\/strong> \u00e8 chiaramente indicato e comprensibile<\/p>\n<\/li>\n<li data-start=\"4529\" data-end=\"4627\">\n<p data-start=\"4531\" data-end=\"4627\"><strong data-start=\"4531\" data-end=\"4554\">Opzioni di massa:<\/strong> Possibilit\u00e0, <strong data-start=\"4568\" data-end=\"4602\">Acquistare BB-22 a buon mercato online<\/strong> per progetti di ricerca<\/p>\n<\/li>\n<li data-start=\"4628\" data-end=\"4697\">\n<p data-start=\"4630\" data-end=\"4697\"><strong data-start=\"4630\" data-end=\"4652\">Spedizione discreta:<\/strong> Imballaggio neutro e consegna rapida<\/p>\n<\/li>\n<li data-start=\"4698\" data-end=\"4774\">\n<p data-start=\"4700\" data-end=\"4774\"><strong data-start=\"4700\" data-end=\"4727\">Origine certificata:<\/strong> Solo fonti di approvvigionamento verificate e documentate<\/p>\n<\/li>\n<\/ul>\n<p data-start=\"4776\" data-end=\"4921\">Il <strong data-start=\"4780\" data-end=\"4814\">Il miglior posto dove comprare BB-22<\/strong>, \u00e8 quindi sempre un distributore con una qualit\u00e0 di laboratorio verificabile e un'affidabilit\u00e0 di spedizione internazionale.<\/p>\n<h2 data-start=\"4928\" data-end=\"4956\">Prezzo e disponibilit\u00e0<\/h2>\n<p data-start=\"4958\" data-end=\"5145\">Il <strong data-start=\"4962\" data-end=\"4977\">Prezzo BB-22<\/strong> dipende dalla quantit\u00e0, dalla regione di fornitura e dal livello di certificazione. Gli istituti di ricerca con esigenze regolari possono spesso beneficiare di <strong data-start=\"5103\" data-end=\"5130\">Sconti per grandi quantit\u00e0<\/strong> beneficio.<\/p>\n<p data-start=\"5147\" data-end=\"5382\">Di norma, la consegna avviene entro <strong data-start=\"5196\" data-end=\"5213\">1-3 giorni lavorativi<\/strong>, facoltativamente anche tramite <strong data-start=\"5233\" data-end=\"5257\">Consegna espressa (24h)<\/strong>. Fornitori affidabili consegnano in Germania, Austria e Svizzera con tracciabilit\u00e0 della spedizione e imballaggio neutro.<\/p>\n<h2 data-start=\"5389\" data-end=\"5413\">Avviso legale<\/h2>\n<p data-start=\"5415\" data-end=\"5697\">La categorizzazione legale di <strong data-start=\"5445\" data-end=\"5454\">BB-22<\/strong> varia a livello internazionale. In Germania rientra nella categoria <strong data-start=\"5513\" data-end=\"5555\">Legge sulle nuove sostanze psicoattive (NpSG)<\/strong> e possono quindi essere acquisiti e utilizzati solo a scopo di ricerca. Norme simili si applicano in Austria e Svizzera.<\/p>\n<p data-start=\"5699\" data-end=\"5837\">Gli acquirenti devono assicurarsi di rispettare le normative vigenti e di utilizzare la sostanza solo per scopi scientifici.<\/p>\n<h2 data-start=\"2095\" data-end=\"2105\">Conclusione<\/h2>\n<p data-start=\"2107\" data-end=\"2480\">Se si desidera acquistare BB-22 online, \u00e8 necessario controllare esattamente dove \u00e8 possibile acquistare BB-22 e quali fornitori offrono la migliore purezza e un prezzo equo di BB-22. Il posto migliore per acquistare BB-22 \u00e8 un rivenditore che offre qualit\u00e0 testata, spedizione discreta e prove trasparenti. Questo \u00e8 l'unico modo per garantire che il prodotto supporti in modo affidabile la ricerca.<\/p>","protected":false},"excerpt":{"rendered":"<p><strong>BB-22<\/strong> \u00e8 un cannabinoide sintetico utilizzato nella ricerca per ampliare la comprensione dell'effetto dei cannabinoidi sul sistema endocannabinoide umano. \u00c8 destinato esclusivamente agli studi scientifici e non al consumo umano.<\/p>","protected":false},"featured_media":7514,"comment_status":"open","ping_status":"closed","template":"","meta":{"_joinchat":[]},"product_brand":[],"product_cat":[1805],"product_tag":[1995,2001,1996,1999,2000,1998,1997,188,1814,333],"class_list":{"0":"post-7484","1":"product","2":"type-product","3":"status-publish","4":"has-post-thumbnail","6":"product_cat-indazol-basiert","7":"product_tag-bb-22","8":"product_tag-bb-22-chemikalien","9":"product_tag-bb-22-kaufen","10":"product_tag-bb-22-kristalle","11":"product_tag-bb-22-online","12":"product_tag-bb-22-pulver","13":"product_tag-bb-22-zum-verkauf","14":"product_tag-forschungschemikalien","15":"product_tag-forschungsstoffe-kaufen","16":"product_tag-synthetische-cannabinoide","18":"first","19":"instock","20":"shipping-taxable","21":"purchasable","22":"product-type-variable"},"yoast_head":"<!-- This site is optimized with the Yoast SEO plugin v27.5 - https:\/\/yoast.com\/product\/yoast-seo-wordpress\/ -->\n<title>BB-22 online kaufen \u2013 BB-22 zu verkaufen | chemgramx<\/title>\n<meta name=\"description\" content=\"Unser Gesch\u00e4ft hat bb-22 in Topqualit\u00e4t zum Verkauf. Die Qualit\u00e4t unserer Produkte ist einfach unschlagbar. Wenn Sie es brauchen, kaufen Sie bb-22 gleich online. Jetzt bestellen!\" \/>\n<meta name=\"robots\" content=\"index, follow, max-snippet:-1, max-image-preview:large, max-video-preview:-1\" \/>\n<link rel=\"canonical\" href=\"https:\/\/chemgramx.com\/it\/prodotto-1\/bb-22-ordine-online\/\" \/>\n<meta property=\"og:locale\" content=\"it_IT\" \/>\n<meta property=\"og:type\" content=\"article\" \/>\n<meta property=\"og:title\" content=\"BB-22 online kaufen \u2013 BB-22 zu verkaufen | chemgramx\" \/>\n<meta property=\"og:description\" content=\"Unser Gesch\u00e4ft hat bb-22 in Topqualit\u00e4t zum Verkauf. Die Qualit\u00e4t unserer Produkte ist einfach unschlagbar. Wenn Sie es brauchen, kaufen Sie bb-22 gleich online. Jetzt bestellen!\" \/>\n<meta property=\"og:url\" content=\"https:\/\/chemgramx.com\/it\/prodotto-1\/bb-22-ordine-online\/\" \/>\n<meta property=\"og:site_name\" content=\"Chemgramx\" \/>\n<meta property=\"article:modified_time\" content=\"2025-11-21T11:18:24+00:00\" \/>\n<meta property=\"og:image\" content=\"https:\/\/chemgramx.com\/wp-content\/uploads\/2025\/11\/bb22.png\" \/>\n\t<meta property=\"og:image:width\" content=\"600\" \/>\n\t<meta property=\"og:image:height\" content=\"400\" \/>\n\t<meta property=\"og:image:type\" content=\"image\/png\" \/>\n<meta name=\"twitter:card\" content=\"summary_large_image\" \/>\n<meta name=\"twitter:label1\" content=\"Tempo di lettura stimato\" \/>\n\t<meta name=\"twitter:data1\" content=\"4 minuti\" \/>\n<script type=\"application\/ld+json\" class=\"yoast-schema-graph\">{\"@context\":\"https:\\\/\\\/schema.org\",\"@graph\":[{\"@type\":\"WebPage\",\"@id\":\"https:\\\/\\\/chemgramx.com\\\/product\\\/bb-22-online-bestellung\\\/\",\"url\":\"https:\\\/\\\/chemgramx.com\\\/product\\\/bb-22-online-bestellung\\\/\",\"name\":\"BB-22 online kaufen \u2013 BB-22 zu verkaufen | chemgramx\",\"isPartOf\":{\"@id\":\"https:\\\/\\\/chemgramx.com\\\/#website\"},\"primaryImageOfPage\":{\"@id\":\"https:\\\/\\\/chemgramx.com\\\/product\\\/bb-22-online-bestellung\\\/#primaryimage\"},\"image\":{\"@id\":\"https:\\\/\\\/chemgramx.com\\\/product\\\/bb-22-online-bestellung\\\/#primaryimage\"},\"thumbnailUrl\":\"https:\\\/\\\/chemgramx.com\\\/wp-content\\\/uploads\\\/2025\\\/11\\\/bb22.png\",\"datePublished\":\"2025-11-21T11:17:30+00:00\",\"dateModified\":\"2025-11-21T11:18:24+00:00\",\"description\":\"Unser Gesch\u00e4ft hat bb-22 in Topqualit\u00e4t zum Verkauf. Die Qualit\u00e4t unserer Produkte ist einfach unschlagbar. Wenn Sie es brauchen, kaufen Sie bb-22 gleich online. Jetzt bestellen!\",\"breadcrumb\":{\"@id\":\"https:\\\/\\\/chemgramx.com\\\/product\\\/bb-22-online-bestellung\\\/#breadcrumb\"},\"inLanguage\":\"it-IT\",\"potentialAction\":[{\"@type\":\"ReadAction\",\"target\":[\"https:\\\/\\\/chemgramx.com\\\/product\\\/bb-22-online-bestellung\\\/\"]}]},{\"@type\":\"ImageObject\",\"inLanguage\":\"it-IT\",\"@id\":\"https:\\\/\\\/chemgramx.com\\\/product\\\/bb-22-online-bestellung\\\/#primaryimage\",\"url\":\"https:\\\/\\\/chemgramx.com\\\/wp-content\\\/uploads\\\/2025\\\/11\\\/bb22.png\",\"contentUrl\":\"https:\\\/\\\/chemgramx.com\\\/wp-content\\\/uploads\\\/2025\\\/11\\\/bb22.png\",\"width\":600,\"height\":400},{\"@type\":\"BreadcrumbList\",\"@id\":\"https:\\\/\\\/chemgramx.com\\\/product\\\/bb-22-online-bestellung\\\/#breadcrumb\",\"itemListElement\":[{\"@type\":\"ListItem\",\"position\":1,\"name\":\"Home\",\"item\":\"https:\\\/\\\/chemgramx.com\\\/\"},{\"@type\":\"ListItem\",\"position\":2,\"name\":\"Shop\",\"item\":\"https:\\\/\\\/chemgramx.com\\\/shop\\\/\"},{\"@type\":\"ListItem\",\"position\":3,\"name\":\"BB-22 online bestellung\"}]},{\"@type\":\"WebSite\",\"@id\":\"https:\\\/\\\/chemgramx.com\\\/#website\",\"url\":\"https:\\\/\\\/chemgramx.com\\\/\",\"name\":\"Chemgramx\",\"description\":\"\",\"publisher\":{\"@id\":\"https:\\\/\\\/chemgramx.com\\\/#organization\"},\"potentialAction\":[{\"@type\":\"SearchAction\",\"target\":{\"@type\":\"EntryPoint\",\"urlTemplate\":\"https:\\\/\\\/chemgramx.com\\\/?s={search_term_string}\"},\"query-input\":{\"@type\":\"PropertyValueSpecification\",\"valueRequired\":true,\"valueName\":\"search_term_string\"}}],\"inLanguage\":\"it-IT\"},{\"@type\":\"Organization\",\"@id\":\"https:\\\/\\\/chemgramx.com\\\/#organization\",\"name\":\"Chemgramx\",\"url\":\"https:\\\/\\\/chemgramx.com\\\/\",\"logo\":{\"@type\":\"ImageObject\",\"inLanguage\":\"it-IT\",\"@id\":\"https:\\\/\\\/chemgramx.com\\\/#\\\/schema\\\/logo\\\/image\\\/\",\"url\":\"https:\\\/\\\/chemgramx.com\\\/wp-content\\\/uploads\\\/2024\\\/10\\\/final-logo.png\",\"contentUrl\":\"https:\\\/\\\/chemgramx.com\\\/wp-content\\\/uploads\\\/2024\\\/10\\\/final-logo.png\",\"width\":250,\"height\":48,\"caption\":\"Chemgramx\"},\"image\":{\"@id\":\"https:\\\/\\\/chemgramx.com\\\/#\\\/schema\\\/logo\\\/image\\\/\"}}]}<\/script>\n<!-- \/ Yoast SEO plugin. -->","yoast_head_json":{"title":"Acquista BB-22 online \u2013 BB-22 in vendita | chemgramx","description":"Il nostro negozio vende BB-22 di altissima qualit\u00e0. La qualit\u00e0 dei nostri prodotti \u00e8 semplicemente imbattibile. Se ne hai bisogno, acquista subito BB-22 online. Ordina subito!","robots":{"index":"index","follow":"follow","max-snippet":"max-snippet:-1","max-image-preview":"max-image-preview:large","max-video-preview":"max-video-preview:-1"},"canonical":"https:\/\/chemgramx.com\/it\/prodotto-1\/bb-22-ordine-online\/","og_locale":"it_IT","og_type":"article","og_title":"BB-22 online kaufen \u2013 BB-22 zu verkaufen | chemgramx","og_description":"Unser Gesch\u00e4ft hat bb-22 in Topqualit\u00e4t zum Verkauf. Die Qualit\u00e4t unserer Produkte ist einfach unschlagbar. Wenn Sie es brauchen, kaufen Sie bb-22 gleich online. Jetzt bestellen!","og_url":"https:\/\/chemgramx.com\/it\/prodotto-1\/bb-22-ordine-online\/","og_site_name":"Chemgramx","article_modified_time":"2025-11-21T11:18:24+00:00","og_image":[{"width":600,"height":400,"url":"https:\/\/chemgramx.com\/wp-content\/uploads\/2025\/11\/bb22.png","type":"image\/png"}],"twitter_card":"summary_large_image","twitter_misc":{"Tempo di lettura stimato":"4 minuti"},"schema":{"@context":"https:\/\/schema.org","@graph":[{"@type":"WebPage","@id":"https:\/\/chemgramx.com\/product\/bb-22-online-bestellung\/","url":"https:\/\/chemgramx.com\/product\/bb-22-online-bestellung\/","name":"Acquista BB-22 online \u2013 BB-22 in vendita | chemgramx","isPartOf":{"@id":"https:\/\/chemgramx.com\/#website"},"primaryImageOfPage":{"@id":"https:\/\/chemgramx.com\/product\/bb-22-online-bestellung\/#primaryimage"},"image":{"@id":"https:\/\/chemgramx.com\/product\/bb-22-online-bestellung\/#primaryimage"},"thumbnailUrl":"https:\/\/chemgramx.com\/wp-content\/uploads\/2025\/11\/bb22.png","datePublished":"2025-11-21T11:17:30+00:00","dateModified":"2025-11-21T11:18:24+00:00","description":"Il nostro negozio vende BB-22 di altissima qualit\u00e0. La qualit\u00e0 dei nostri prodotti \u00e8 semplicemente imbattibile. Se ne hai bisogno, acquista subito BB-22 online. Ordina subito!","breadcrumb":{"@id":"https:\/\/chemgramx.com\/product\/bb-22-online-bestellung\/#breadcrumb"},"inLanguage":"it-IT","potentialAction":[{"@type":"ReadAction","target":["https:\/\/chemgramx.com\/product\/bb-22-online-bestellung\/"]}]},{"@type":"ImageObject","inLanguage":"it-IT","@id":"https:\/\/chemgramx.com\/product\/bb-22-online-bestellung\/#primaryimage","url":"https:\/\/chemgramx.com\/wp-content\/uploads\/2025\/11\/bb22.png","contentUrl":"https:\/\/chemgramx.com\/wp-content\/uploads\/2025\/11\/bb22.png","width":600,"height":400},{"@type":"BreadcrumbList","@id":"https:\/\/chemgramx.com\/product\/bb-22-online-bestellung\/#breadcrumb","itemListElement":[{"@type":"ListItem","position":1,"name":"Home","item":"https:\/\/chemgramx.com\/"},{"@type":"ListItem","position":2,"name":"Shop","item":"https:\/\/chemgramx.com\/shop\/"},{"@type":"ListItem","position":3,"name":"BB-22 online bestellung"}]},{"@type":"WebSite","@id":"https:\/\/chemgramx.com\/#website","url":"https:\/\/chemgramx.com\/","name":"Chemgramx","description":"","publisher":{"@id":"https:\/\/chemgramx.com\/#organization"},"potentialAction":[{"@type":"SearchAction","target":{"@type":"EntryPoint","urlTemplate":"https:\/\/chemgramx.com\/?s={search_term_string}"},"query-input":{"@type":"PropertyValueSpecification","valueRequired":true,"valueName":"search_term_string"}}],"inLanguage":"it-IT"},{"@type":"Organization","@id":"https:\/\/chemgramx.com\/#organization","name":"Chemgramx","url":"https:\/\/chemgramx.com\/","logo":{"@type":"ImageObject","inLanguage":"it-IT","@id":"https:\/\/chemgramx.com\/#\/schema\/logo\/image\/","url":"https:\/\/chemgramx.com\/wp-content\/uploads\/2024\/10\/final-logo.png","contentUrl":"https:\/\/chemgramx.com\/wp-content\/uploads\/2024\/10\/final-logo.png","width":250,"height":48,"caption":"Chemgramx"},"image":{"@id":"https:\/\/chemgramx.com\/#\/schema\/logo\/image\/"}}]}},"_links":{"self":[{"href":"https:\/\/chemgramx.com\/it\/wp-json\/wp\/v2\/product\/7484","targetHints":{"allow":["GET"]}}],"collection":[{"href":"https:\/\/chemgramx.com\/it\/wp-json\/wp\/v2\/product"}],"about":[{"href":"https:\/\/chemgramx.com\/it\/wp-json\/wp\/v2\/types\/product"}],"replies":[{"embeddable":true,"href":"https:\/\/chemgramx.com\/it\/wp-json\/wp\/v2\/comments?post=7484"}],"wp:featuredmedia":[{"embeddable":true,"href":"https:\/\/chemgramx.com\/it\/wp-json\/wp\/v2\/media\/7514"}],"wp:attachment":[{"href":"https:\/\/chemgramx.com\/it\/wp-json\/wp\/v2\/media?parent=7484"}],"wp:term":[{"taxonomy":"product_brand","embeddable":true,"href":"https:\/\/chemgramx.com\/it\/wp-json\/wp\/v2\/product_brand?post=7484"},{"taxonomy":"product_cat","embeddable":true,"href":"https:\/\/chemgramx.com\/it\/wp-json\/wp\/v2\/product_cat?post=7484"},{"taxonomy":"product_tag","embeddable":true,"href":"https:\/\/chemgramx.com\/it\/wp-json\/wp\/v2\/product_tag?post=7484"}],"curies":[{"name":"wp","href":"https:\/\/api.w.org\/{rel}","templated":true}]}}