{"id":7485,"date":"2025-11-21T11:17:30","date_gmt":"2025-11-21T11:17:30","guid":{"rendered":"https:\/\/chemgramx.com\/?post_type=product&#038;p=7485"},"modified":"2025-11-21T11:18:24","modified_gmt":"2025-11-21T11:18:24","slug":"acquista-px-1-online","status":"publish","type":"product","link":"https:\/\/chemgramx.com\/it\/product\/px-1-online-kaufen\/","title":{"rendered":"Acquistare PX-1 online"},"content":{"rendered":"<p data-start=\"110\" data-end=\"466\"><strong data-start=\"110\" data-end=\"118\">PX-1<\/strong> \u00e8 un prodotto sintetico avanzato sviluppato appositamente per l'uso in studi scientifici. Viene utilizzato in progetti di ricerca incentrati sul <strong data-start=\"304\" data-end=\"330\">Sistema endocannabinoide<\/strong> e il suo ruolo nei processi fisiologici quali la regolazione del dolore, l'inibizione dell'infiammazione e la comunicazione neuronale.<\/p>\n<p data-start=\"468\" data-end=\"982\">Sempre pi\u00f9 istituti di ricerca si informano sulle fonti di approvvigionamento affidabili per <strong data-start=\"556\" data-end=\"578\">Acquistare PX-1 online<\/strong> essere in grado di farlo. Come anche <em data-start=\"598\" data-end=\"626\">PX-1 vero o falso in vendita<\/em> pu\u00f2 apparire sul mercato, \u00e8 fondamentale scegliere una fonte affidabile. Gli scienziati che <strong data-start=\"728\" data-end=\"747\">acquista PX-1 online<\/strong>, prestiamo particolare attenzione alla qualit\u00e0 certificata in laboratorio, alla purezza e alla trasparenza dei prezzi. Il <strong data-start=\"841\" data-end=\"874\">Il posto migliore dove acquistare PX-1<\/strong>, offre sostanze certificate che soddisfano gli elevati requisiti della moderna ricerca di laboratorio.<\/p>\n<h2 data-start=\"989\" data-end=\"1007\">Che cos'\u00e8 PX-1?<\/h2>\n<p data-start=\"1009\" data-end=\"1401\"><strong data-start=\"1009\" data-end=\"1017\">PX-1<\/strong> (noto anche come <em data-start=\"1036\" data-end=\"1058\">5F-ADB-PINACA analogico<\/em>) appartiene alla classe dei cannabinoidi sintetici, sviluppati per studiare il comportamento dei recettori dei cannabinoidi nel corpo umano. La sostanza agisce come un potente <strong data-start=\"1248\" data-end=\"1281\">Agonista dei recettori CB1 e CB2<\/strong> e consente ai ricercatori di analizzare la trasmissione dei segnali e i meccanismi molecolari nel sistema endocannabinoide.<\/p>\n<p data-start=\"1403\" data-end=\"1691\">A differenza dei cannabinoidi naturali, il PX-1 offre una struttura chimica definita con precisione che garantisce risultati costanti in ambienti di laboratorio controllati. Ci\u00f2 lo rende ideale per studi scientifici riproducibili e test farmacologici.<\/p>\n<h2 data-start=\"1698\" data-end=\"1726\">Propriet\u00e0 chimiche<\/h2>\n<ul data-start=\"1728\" data-end=\"2127\">\n<li data-start=\"1728\" data-end=\"1836\">\n<p data-start=\"1730\" data-end=\"1836\"><strong data-start=\"1730\" data-end=\"1750\">Nome chimico:<\/strong> N-(1-ammino-3,3-dimetil-1-ossobutan-2-il)-1-(5-fluoropentil)-1H-indazolo-3-carbossamide<\/p>\n<\/li>\n<li data-start=\"1837\" data-end=\"1871\">\n<p data-start=\"1839\" data-end=\"1871\"><strong data-start=\"1839\" data-end=\"1857\">Formula molecolare:<\/strong> C22H30FN3O3<\/p>\n<\/li>\n<li data-start=\"1872\" data-end=\"1909\">\n<p data-start=\"1874\" data-end=\"1909\"><strong data-start=\"1874\" data-end=\"1895\">Peso molecolare:<\/strong> 403,5 g\/mol<\/p>\n<\/li>\n<li data-start=\"1910\" data-end=\"1965\">\n<p data-start=\"1912\" data-end=\"1965\"><strong data-start=\"1912\" data-end=\"1921\">Stampo:<\/strong> Polvere cristallina di colore da bianco a giallo chiaro<\/p>\n<\/li>\n<li data-start=\"1966\" data-end=\"2004\">\n<p data-start=\"1968\" data-end=\"2004\"><strong data-start=\"1968\" data-end=\"1981\">Purezza:<\/strong> \u226598 % (testato in HPLC)<\/p>\n<\/li>\n<li data-start=\"2005\" data-end=\"2067\">\n<p data-start=\"2007\" data-end=\"2067\"><strong data-start=\"2007\" data-end=\"2023\">Solubilit\u00e0:<\/strong> Facilmente solubile in etanolo, metanolo e DMSO<\/p>\n<\/li>\n<li data-start=\"2068\" data-end=\"2127\">\n<p data-start=\"2070\" data-end=\"2127\"><strong data-start=\"2070\" data-end=\"2083\">Stoccaggio:<\/strong> Conservare in luogo fresco (2\u20138 \u00b0C), asciutto e al riparo dalla luce.<\/p>\n<\/li>\n<\/ul>\n<p data-start=\"2129\" data-end=\"2298\">Ogni lotto di PX-1 viene testato in laboratorio <a href=\"\/product\/duty-free-hash-kaufen\/\">controllato<\/a> e con un <strong data-start=\"2186\" data-end=\"2219\">Certificato di analisi (COA)<\/strong> consegnato per confermare la purezza, l'identit\u00e0 e la stabilit\u00e0 chimica.<\/p>\n<h2 data-start=\"2305\" data-end=\"2331\">Applicazioni di ricerca<\/h2>\n<p data-start=\"2333\" data-end=\"2539\"><strong data-start=\"2333\" data-end=\"2341\">PX-1<\/strong> \u00e8 utilizzato esclusivamente a scopo di ricerca ed \u00e8 <strong data-start=\"2401\" data-end=\"2438\">non destinato al consumo umano<\/strong> determinato. \u00c8 uno strumento prezioso nella ricerca biochimica e farmacologica.<\/p>\n<p data-start=\"2541\" data-end=\"2581\">Tra i principali campi di applicazione figurano:<\/p>\n<ul data-start=\"2583\" data-end=\"3030\">\n<li data-start=\"2583\" data-end=\"2673\">\n<p data-start=\"2585\" data-end=\"2673\"><strong data-start=\"2585\" data-end=\"2614\">Studi farmacologici:<\/strong> <a href=\"\/product\/kokain-volkswagen-90-rein\/\">Indagine<\/a> l'attivazione dei recettori CB1 e CB2<\/p>\n<\/li>\n<li data-start=\"2674\" data-end=\"2746\">\n<p data-start=\"2676\" data-end=\"2746\"><strong data-start=\"2676\" data-end=\"2705\">Ricerca neurochimica:<\/strong> Analisi delle vie di trasmissione dei segnali nel sistema nervoso<\/p>\n<\/li>\n<li data-start=\"2747\" data-end=\"2821\">\n<p data-start=\"2749\" data-end=\"2821\"><strong data-start=\"2749\" data-end=\"2774\">Test tossicologici:<\/strong> Valutazione dei metaboliti e dei prodotti di degradazione<\/p>\n<\/li>\n<li data-start=\"2822\" data-end=\"2922\">\n<p data-start=\"2824\" data-end=\"2922\"><strong data-start=\"2824\" data-end=\"2845\">Analisi di riferimento:<\/strong> Sviluppo di metodi analitici per il rilevamento dei cannabinoidi sintetici<\/p>\n<\/li>\n<li data-start=\"2923\" data-end=\"3030\">\n<p data-start=\"2925\" data-end=\"3030\"><strong data-start=\"2925\" data-end=\"2947\">Studi comparativi:<\/strong> Confronto tra PX-1 e sostanze correlate quali 5F-ADB o AB-FUBINACA<\/p>\n<\/li>\n<\/ul>\n<p data-start=\"3032\" data-end=\"3211\">Grazie a queste applicazioni, PX-1 contribuisce ad ampliare la comprensione dell'effetto molecolare dei cannabinoidi e a identificare potenziali approcci terapeutici.<\/p>\n<h2 data-start=\"3218\" data-end=\"3256\">Istruzioni per la sicurezza e l'uso<\/h2>\n<p data-start=\"3258\" data-end=\"3484\"><strong data-start=\"3258\" data-end=\"3266\">PX-1<\/strong> pu\u00f2 essere utilizzato esclusivamente da personale specializzato e qualificato in istituti di ricerca autorizzati. \u00c8 <strong data-start=\"3380\" data-end=\"3409\">non destinato al consumo umano<\/strong> e destinati esclusivamente a scopi analitici e sperimentali.<\/p>\n<p data-start=\"3486\" data-end=\"3570\">Durante la manipolazione \u00e8 necessario rispettare le norme di sicurezza vigenti:<\/p>\n<ul data-start=\"3571\" data-end=\"3832\">\n<li data-start=\"3571\" data-end=\"3646\">\n<p data-start=\"3573\" data-end=\"3646\">Uso di dispositivi di protezione (camici da laboratorio, guanti, occhiali protettivi)<\/p>\n<\/li>\n<li data-start=\"3647\" data-end=\"3719\">\n<p data-start=\"3649\" data-end=\"3719\">Lavorare in aree ben ventilate o sotto una cappa chimica.<\/p>\n<\/li>\n<li data-start=\"3720\" data-end=\"3772\">\n<p data-start=\"3722\" data-end=\"3772\">Conservazione in contenitori ermetici ed etichettati<\/p>\n<\/li>\n<li data-start=\"3773\" data-end=\"3832\">\n<p data-start=\"3775\" data-end=\"3832\">Smaltimento secondo le norme di sicurezza chimica<\/p>\n<\/li>\n<\/ul>\n<p data-start=\"3834\" data-end=\"3953\">Queste precauzioni garantiscono la sicurezza del personale di laboratorio e l'integrit\u00e0 dei risultati della ricerca.<\/p>\n<h2 data-start=\"3960\" data-end=\"3999\">Vantaggi dell'acquisto online di PX-1<\/h2>\n<p data-start=\"4001\" data-end=\"4122\">Ricercatori che <strong data-start=\"4015\" data-end=\"4037\">Acquistare PX-1 online<\/strong>, beneficiano di una qualit\u00e0 certificata, di una consegna discreta e di una struttura dei prezzi trasparente.<\/p>\n<h3 data-start=\"4124\" data-end=\"4156\">Caratteristiche e vantaggi principali<\/h3>\n<ul data-start=\"4157\" data-end=\"4609\">\n<li data-start=\"4157\" data-end=\"4263\">\n<p data-start=\"4159\" data-end=\"4263\"><strong data-start=\"4159\" data-end=\"4185\">Prodotto sintetico:<\/strong> Sviluppato per studi scientifici sul sistema endocannabinoide<\/p>\n<\/li>\n<li data-start=\"4264\" data-end=\"4362\">\n<p data-start=\"4266\" data-end=\"4362\"><strong data-start=\"4266\" data-end=\"4298\">Ricerca scientifica:<\/strong> Supporta le analisi delle potenziali applicazioni terapeutiche<\/p>\n<\/li>\n<li data-start=\"4363\" data-end=\"4447\">\n<p data-start=\"4365\" data-end=\"4447\"><strong data-start=\"4365\" data-end=\"4393\">Disponibilit\u00e0 esclusiva:<\/strong> Solo fornitori certificati <strong data-start=\"4428\" data-end=\"4445\">PX-1 in vendita<\/strong><\/p>\n<\/li>\n<li data-start=\"4448\" data-end=\"4530\">\n<p data-start=\"4450\" data-end=\"4530\"><strong data-start=\"4450\" data-end=\"4474\">Prezzo trasparente:<\/strong> Chiaramente definito <strong data-start=\"4492\" data-end=\"4506\">Prezzo PX-1<\/strong> per i bilanci di ricerca<\/p>\n<\/li>\n<li data-start=\"4531\" data-end=\"4609\">\n<p data-start=\"4533\" data-end=\"4609\"><strong data-start=\"4533\" data-end=\"4555\">Spedizione discreta:<\/strong> Imballaggio neutro, sicuro e con tracciabilit\u00e0 della spedizione<\/p>\n<\/li>\n<\/ul>\n<p data-start=\"4611\" data-end=\"4808\">Il <strong data-start=\"4615\" data-end=\"4648\">Il posto migliore dove acquistare PX-1<\/strong>, offre qualit\u00e0 di laboratorio certificata, produzione certificata ISO e un servizio su misura per le esigenze delle istituzioni scientifiche.<\/p>\n<h2 data-start=\"4815\" data-end=\"4843\">Prezzo e disponibilit\u00e0<\/h2>\n<p data-start=\"4845\" data-end=\"5068\">Il <strong data-start=\"4849\" data-end=\"4863\">Prezzo PX-1<\/strong> varia a seconda del fornitore, della quantit\u00e0 ordinata e del grado di purezza. Gli istituti di ricerca che ordinano regolarmente grandi quantit\u00e0 possono <strong data-start=\"4996\" data-end=\"5026\">Acquista PX-1 online a un prezzo conveniente<\/strong> e approfittare di sconti su grandi quantit\u00e0.<\/p>\n<p data-start=\"5070\" data-end=\"5311\">I fornitori certificati consegnano entro <strong data-start=\"5115\" data-end=\"5132\">1-3 giorni lavorativi<\/strong>, a scelta tramite <strong data-start=\"5148\" data-end=\"5172\">Consegna espressa (24h)<\/strong>. Spedizione discreta dopo <strong data-start=\"5207\" data-end=\"5253\">Germania, Austria e Svizzera<\/strong>, imballato in modo neutro e con tracciabilit\u00e0 completa.<\/p>\n<h2 data-start=\"5318\" data-end=\"5342\">Avviso legale<\/h2>\n<p data-start=\"5344\" data-end=\"5571\"><strong data-start=\"5344\" data-end=\"5352\">PX-1<\/strong> in Germania rientra nel <strong data-start=\"5384\" data-end=\"5426\">Legge sulle nuove sostanze psicoattive (NpSG)<\/strong> e pu\u00f2 essere utilizzato esclusivamente per <strong data-start=\"5454\" data-end=\"5475\">Finalit\u00e0 di ricerca<\/strong> acquistati e utilizzati. In Svizzera e in Austria vigono disposizioni simili.<\/p>\n<p data-start=\"5573\" data-end=\"5745\">Prima dell'acquisto, i ricercatori dovrebbero verificare la situazione giuridica nel rispettivo Paese per assicurarsi che l'acquisto e l'uso di PX-1 siano legalmente consentiti.<\/p>\n<h2 data-start=\"1952\" data-end=\"1962\">Conclusione<\/h2>\n<p data-start=\"1964\" data-end=\"2319\">PX-1 \u00e8 destinato esclusivamente alla ricerca e non deve mai essere utilizzato per il consumo. Chi desidera acquistare PX-1 online dovrebbe verificare attentamente dove \u00e8 possibile acquistarlo e quali fornitori offrono il miglior servizio. Il posto migliore per acquistare PX-1 \u00e8 sempre un rivenditore che garantisce purezza certificata, opzioni di pagamento sicure e spedizione discreta.<\/p>","protected":false},"excerpt":{"rendered":"<p><strong>PX-1<\/strong> \u00e8 un prodotto sintetico altamente potente sviluppato esclusivamente per scopi di ricerca scientifica. Viene utilizzato per approfondire la comprensione di alcuni processi biochimici legati al sistema endocannabinoide. <strong>PX-1<\/strong> non \u00e8 adatto al consumo umano e deve essere utilizzato solo con rigorose precauzioni di sicurezza.<\/p>","protected":false},"featured_media":7515,"comment_status":"open","ping_status":"closed","template":"","meta":{"_joinchat":[]},"product_brand":[],"product_cat":[1805],"product_tag":[188,1814,1988,1994,1989,1992,1993,1991,1990,248],"class_list":{"0":"post-7485","1":"product","2":"type-product","3":"status-publish","4":"has-post-thumbnail","6":"product_cat-indazol-basiert","7":"product_tag-forschungschemikalien","8":"product_tag-forschungsstoffe-kaufen","9":"product_tag-px-1","10":"product_tag-px-1-chemikalien","11":"product_tag-px-1-kaufen","12":"product_tag-px-1-kristalle","13":"product_tag-px-1-online","14":"product_tag-px-1-pulver","15":"product_tag-px-1-zum-verkauf","16":"product_tag-synthetische-stimulanzien","18":"first","19":"instock","20":"shipping-taxable","21":"purchasable","22":"product-type-variable"},"yoast_head":"<!-- This site is optimized with the Yoast SEO plugin v27.5 - https:\/\/yoast.com\/product\/yoast-seo-wordpress\/ -->\n<title>PX-1 | Synthetisches Produkt f\u00fcr wissenschaftliche Forschung<\/title>\n<meta name=\"description\" content=\"PX-1 ist ein synthetisches Produkt f\u00fcr die Forschung, das hilft, das Endocannabinoid-System und seine therapeutischen M\u00f6glichkeiten zu untersuchen. Nur f\u00fcr Laborzwecke.\" \/>\n<meta name=\"robots\" content=\"index, follow, max-snippet:-1, max-image-preview:large, max-video-preview:-1\" \/>\n<link rel=\"canonical\" href=\"https:\/\/chemgramx.com\/it\/prodotto-1\/acquista-px-1-online\/\" \/>\n<meta property=\"og:locale\" content=\"it_IT\" \/>\n<meta property=\"og:type\" content=\"article\" \/>\n<meta property=\"og:title\" content=\"PX-1 | Synthetisches Produkt f\u00fcr wissenschaftliche Forschung\" \/>\n<meta property=\"og:description\" content=\"PX-1 ist ein synthetisches Produkt f\u00fcr die Forschung, das hilft, das Endocannabinoid-System und seine therapeutischen M\u00f6glichkeiten zu untersuchen. Nur f\u00fcr Laborzwecke.\" \/>\n<meta property=\"og:url\" content=\"https:\/\/chemgramx.com\/it\/prodotto-1\/acquista-px-1-online\/\" \/>\n<meta property=\"og:site_name\" content=\"Chemgramx\" \/>\n<meta property=\"article:modified_time\" content=\"2025-11-21T11:18:24+00:00\" \/>\n<meta property=\"og:image\" content=\"https:\/\/chemgramx.com\/wp-content\/uploads\/2025\/11\/px-1.png\" \/>\n\t<meta property=\"og:image:width\" content=\"600\" \/>\n\t<meta property=\"og:image:height\" content=\"400\" \/>\n\t<meta property=\"og:image:type\" content=\"image\/png\" \/>\n<meta name=\"twitter:card\" content=\"summary_large_image\" \/>\n<meta name=\"twitter:label1\" content=\"Tempo di lettura stimato\" \/>\n\t<meta name=\"twitter:data1\" content=\"4 minuti\" \/>\n<script type=\"application\/ld+json\" class=\"yoast-schema-graph\">{\"@context\":\"https:\\\/\\\/schema.org\",\"@graph\":[{\"@type\":\"WebPage\",\"@id\":\"https:\\\/\\\/chemgramx.com\\\/product\\\/px-1-online-kaufen\\\/\",\"url\":\"https:\\\/\\\/chemgramx.com\\\/product\\\/px-1-online-kaufen\\\/\",\"name\":\"PX-1 | Synthetisches Produkt f\u00fcr wissenschaftliche Forschung\",\"isPartOf\":{\"@id\":\"https:\\\/\\\/chemgramx.com\\\/#website\"},\"primaryImageOfPage\":{\"@id\":\"https:\\\/\\\/chemgramx.com\\\/product\\\/px-1-online-kaufen\\\/#primaryimage\"},\"image\":{\"@id\":\"https:\\\/\\\/chemgramx.com\\\/product\\\/px-1-online-kaufen\\\/#primaryimage\"},\"thumbnailUrl\":\"https:\\\/\\\/chemgramx.com\\\/wp-content\\\/uploads\\\/2025\\\/11\\\/px-1.png\",\"datePublished\":\"2025-11-21T11:17:30+00:00\",\"dateModified\":\"2025-11-21T11:18:24+00:00\",\"description\":\"PX-1 ist ein synthetisches Produkt f\u00fcr die Forschung, das hilft, das Endocannabinoid-System und seine therapeutischen M\u00f6glichkeiten zu untersuchen. Nur f\u00fcr Laborzwecke.\",\"breadcrumb\":{\"@id\":\"https:\\\/\\\/chemgramx.com\\\/product\\\/px-1-online-kaufen\\\/#breadcrumb\"},\"inLanguage\":\"it-IT\",\"potentialAction\":[{\"@type\":\"ReadAction\",\"target\":[\"https:\\\/\\\/chemgramx.com\\\/product\\\/px-1-online-kaufen\\\/\"]}]},{\"@type\":\"ImageObject\",\"inLanguage\":\"it-IT\",\"@id\":\"https:\\\/\\\/chemgramx.com\\\/product\\\/px-1-online-kaufen\\\/#primaryimage\",\"url\":\"https:\\\/\\\/chemgramx.com\\\/wp-content\\\/uploads\\\/2025\\\/11\\\/px-1.png\",\"contentUrl\":\"https:\\\/\\\/chemgramx.com\\\/wp-content\\\/uploads\\\/2025\\\/11\\\/px-1.png\",\"width\":600,\"height\":400},{\"@type\":\"BreadcrumbList\",\"@id\":\"https:\\\/\\\/chemgramx.com\\\/product\\\/px-1-online-kaufen\\\/#breadcrumb\",\"itemListElement\":[{\"@type\":\"ListItem\",\"position\":1,\"name\":\"Home\",\"item\":\"https:\\\/\\\/chemgramx.com\\\/\"},{\"@type\":\"ListItem\",\"position\":2,\"name\":\"Shop\",\"item\":\"https:\\\/\\\/chemgramx.com\\\/shop\\\/\"},{\"@type\":\"ListItem\",\"position\":3,\"name\":\"PX-1 online kaufen\"}]},{\"@type\":\"WebSite\",\"@id\":\"https:\\\/\\\/chemgramx.com\\\/#website\",\"url\":\"https:\\\/\\\/chemgramx.com\\\/\",\"name\":\"Chemgramx\",\"description\":\"\",\"publisher\":{\"@id\":\"https:\\\/\\\/chemgramx.com\\\/#organization\"},\"potentialAction\":[{\"@type\":\"SearchAction\",\"target\":{\"@type\":\"EntryPoint\",\"urlTemplate\":\"https:\\\/\\\/chemgramx.com\\\/?s={search_term_string}\"},\"query-input\":{\"@type\":\"PropertyValueSpecification\",\"valueRequired\":true,\"valueName\":\"search_term_string\"}}],\"inLanguage\":\"it-IT\"},{\"@type\":\"Organization\",\"@id\":\"https:\\\/\\\/chemgramx.com\\\/#organization\",\"name\":\"Chemgramx\",\"url\":\"https:\\\/\\\/chemgramx.com\\\/\",\"logo\":{\"@type\":\"ImageObject\",\"inLanguage\":\"it-IT\",\"@id\":\"https:\\\/\\\/chemgramx.com\\\/#\\\/schema\\\/logo\\\/image\\\/\",\"url\":\"https:\\\/\\\/chemgramx.com\\\/wp-content\\\/uploads\\\/2024\\\/10\\\/final-logo.png\",\"contentUrl\":\"https:\\\/\\\/chemgramx.com\\\/wp-content\\\/uploads\\\/2024\\\/10\\\/final-logo.png\",\"width\":250,\"height\":48,\"caption\":\"Chemgramx\"},\"image\":{\"@id\":\"https:\\\/\\\/chemgramx.com\\\/#\\\/schema\\\/logo\\\/image\\\/\"}}]}<\/script>\n<!-- \/ Yoast SEO plugin. -->","yoast_head_json":{"title":"PX-1 | Prodotto sintetico per la ricerca scientifica","description":"PX-1 \u00e8 un prodotto di ricerca sintetico utilizzato per studiare il sistema endocannabinoide e il suo potenziale terapeutico. Solo per uso di laboratorio.","robots":{"index":"index","follow":"follow","max-snippet":"max-snippet:-1","max-image-preview":"max-image-preview:large","max-video-preview":"max-video-preview:-1"},"canonical":"https:\/\/chemgramx.com\/it\/prodotto-1\/acquista-px-1-online\/","og_locale":"it_IT","og_type":"article","og_title":"PX-1 | Synthetisches Produkt f\u00fcr wissenschaftliche Forschung","og_description":"PX-1 ist ein synthetisches Produkt f\u00fcr die Forschung, das hilft, das Endocannabinoid-System und seine therapeutischen M\u00f6glichkeiten zu untersuchen. Nur f\u00fcr Laborzwecke.","og_url":"https:\/\/chemgramx.com\/it\/prodotto-1\/acquista-px-1-online\/","og_site_name":"Chemgramx","article_modified_time":"2025-11-21T11:18:24+00:00","og_image":[{"width":600,"height":400,"url":"https:\/\/chemgramx.com\/wp-content\/uploads\/2025\/11\/px-1.png","type":"image\/png"}],"twitter_card":"summary_large_image","twitter_misc":{"Tempo di lettura stimato":"4 minuti"},"schema":{"@context":"https:\/\/schema.org","@graph":[{"@type":"WebPage","@id":"https:\/\/chemgramx.com\/product\/px-1-online-kaufen\/","url":"https:\/\/chemgramx.com\/product\/px-1-online-kaufen\/","name":"PX-1 | Prodotto sintetico per la ricerca scientifica","isPartOf":{"@id":"https:\/\/chemgramx.com\/#website"},"primaryImageOfPage":{"@id":"https:\/\/chemgramx.com\/product\/px-1-online-kaufen\/#primaryimage"},"image":{"@id":"https:\/\/chemgramx.com\/product\/px-1-online-kaufen\/#primaryimage"},"thumbnailUrl":"https:\/\/chemgramx.com\/wp-content\/uploads\/2025\/11\/px-1.png","datePublished":"2025-11-21T11:17:30+00:00","dateModified":"2025-11-21T11:18:24+00:00","description":"PX-1 \u00e8 un prodotto di ricerca sintetico utilizzato per studiare il sistema endocannabinoide e il suo potenziale terapeutico. Solo per uso di laboratorio.","breadcrumb":{"@id":"https:\/\/chemgramx.com\/product\/px-1-online-kaufen\/#breadcrumb"},"inLanguage":"it-IT","potentialAction":[{"@type":"ReadAction","target":["https:\/\/chemgramx.com\/product\/px-1-online-kaufen\/"]}]},{"@type":"ImageObject","inLanguage":"it-IT","@id":"https:\/\/chemgramx.com\/product\/px-1-online-kaufen\/#primaryimage","url":"https:\/\/chemgramx.com\/wp-content\/uploads\/2025\/11\/px-1.png","contentUrl":"https:\/\/chemgramx.com\/wp-content\/uploads\/2025\/11\/px-1.png","width":600,"height":400},{"@type":"BreadcrumbList","@id":"https:\/\/chemgramx.com\/product\/px-1-online-kaufen\/#breadcrumb","itemListElement":[{"@type":"ListItem","position":1,"name":"Home","item":"https:\/\/chemgramx.com\/"},{"@type":"ListItem","position":2,"name":"Shop","item":"https:\/\/chemgramx.com\/shop\/"},{"@type":"ListItem","position":3,"name":"PX-1 online kaufen"}]},{"@type":"WebSite","@id":"https:\/\/chemgramx.com\/#website","url":"https:\/\/chemgramx.com\/","name":"Chemgramx","description":"","publisher":{"@id":"https:\/\/chemgramx.com\/#organization"},"potentialAction":[{"@type":"SearchAction","target":{"@type":"EntryPoint","urlTemplate":"https:\/\/chemgramx.com\/?s={search_term_string}"},"query-input":{"@type":"PropertyValueSpecification","valueRequired":true,"valueName":"search_term_string"}}],"inLanguage":"it-IT"},{"@type":"Organization","@id":"https:\/\/chemgramx.com\/#organization","name":"Chemgramx","url":"https:\/\/chemgramx.com\/","logo":{"@type":"ImageObject","inLanguage":"it-IT","@id":"https:\/\/chemgramx.com\/#\/schema\/logo\/image\/","url":"https:\/\/chemgramx.com\/wp-content\/uploads\/2024\/10\/final-logo.png","contentUrl":"https:\/\/chemgramx.com\/wp-content\/uploads\/2024\/10\/final-logo.png","width":250,"height":48,"caption":"Chemgramx"},"image":{"@id":"https:\/\/chemgramx.com\/#\/schema\/logo\/image\/"}}]}},"_links":{"self":[{"href":"https:\/\/chemgramx.com\/it\/wp-json\/wp\/v2\/product\/7485","targetHints":{"allow":["GET"]}}],"collection":[{"href":"https:\/\/chemgramx.com\/it\/wp-json\/wp\/v2\/product"}],"about":[{"href":"https:\/\/chemgramx.com\/it\/wp-json\/wp\/v2\/types\/product"}],"replies":[{"embeddable":true,"href":"https:\/\/chemgramx.com\/it\/wp-json\/wp\/v2\/comments?post=7485"}],"wp:featuredmedia":[{"embeddable":true,"href":"https:\/\/chemgramx.com\/it\/wp-json\/wp\/v2\/media\/7515"}],"wp:attachment":[{"href":"https:\/\/chemgramx.com\/it\/wp-json\/wp\/v2\/media?parent=7485"}],"wp:term":[{"taxonomy":"product_brand","embeddable":true,"href":"https:\/\/chemgramx.com\/it\/wp-json\/wp\/v2\/product_brand?post=7485"},{"taxonomy":"product_cat","embeddable":true,"href":"https:\/\/chemgramx.com\/it\/wp-json\/wp\/v2\/product_cat?post=7485"},{"taxonomy":"product_tag","embeddable":true,"href":"https:\/\/chemgramx.com\/it\/wp-json\/wp\/v2\/product_tag?post=7485"}],"curies":[{"name":"wp","href":"https:\/\/api.w.org\/{rel}","templated":true}]}}