{"id":7531,"date":"2025-11-21T11:17:59","date_gmt":"2025-11-21T11:17:59","guid":{"rendered":"https:\/\/chemgramx.com\/?post_type=product&#038;p=7531"},"modified":"2025-11-21T11:18:43","modified_gmt":"2025-11-21T11:18:43","slug":"comprare-eroina-non-tagliata","status":"publish","type":"product","link":"https:\/\/chemgramx.com\/it\/prodotto-2\/comprare-eroina-non-tagliata\/","title":{"rendered":"Comprare eroina non tagliata"},"content":{"rendered":"<p>L'eroina non distribuita pu\u00f2 essere acquistata online da alcuni fornitori, ma ci sono alcuni rischi. Quindi, se vi state chiedendo dove potete acquistare eroina non distribuita online che sia autentica e sicura, Narco Powders \u00e8 il posto giusto.<\/p>\n<h3>Come viene prodotta l'eroina non tagliata?<\/h3>\n<p>L'eroina grezza si ricava dai baccelli essiccati del papavero da oppio. Viene raccolta e trasformata in una sostanza bianca e polverosa. Contiene alte concentrazioni di potenti oppioidi e altre droghe, tra cui morfina e codeina. Il prodotto finale \u00e8 un tipo di oppio non raffinato e privo di additivi e agenti di lavorazione aggiuntivi. Il<a href=\"https:\/\/chemgramx.com\/it\/prodotto-2\/efedrina-cloridrato-in-polvere\/\"> Efficacia<\/a> della droga varia a seconda dell'umidit\u00e0 e del contenuto di alcaloidi.<\/p>\n<h3>Vantaggi dell'eroina non tagliata<\/h3>\n<p>Se si desidera uno sballo migliore degli altri, si dovrebbe scegliere l'eroina non diluita. L'eroina non diluita ha una potenza e una purezza maggiori rispetto agli altri tipi di eroina, il che si traduce in uno sballo migliore e in risultati migliori a lungo termine. Inoltre, pu\u00f2 essere personalizzata in base alle esigenze dell'utente, creando cocktail che offrono un maggiore controllo sul dosaggio e sulla qualit\u00e0 della droga.<\/p>\n<p>L'eroina non tagliata venduta online \u00e8 pi\u00f9 sicura da usare in un ambiente controllato. Grazie alla sua maggiore potenza, il rischio di overdose \u00e8 minore. Inoltre, l'eroina grezza ha meno effetti collaterali e un minor rischio di dipendenza rispetto ad altre forme di eroina. In effetti, gli utenti hanno persino affermato che \u00e8 pi\u00f9 facile trovare eroina grezza pura e potente online su Narco Powders.<\/p>\n<h3>Effetti collaterali dell'eroina non tagliata<\/h3>\n<p>I rischi per la salute derivanti dall'uso di eroina non distribuita includono un aumento del rischio di dipendenza e di overdose, nonch\u00e9 un tasso pi\u00f9 elevato di HIV e altre infezioni. L'eroina non distribuita pu\u00f2 anche avere effetti fisici come nausea, vomito e aumento della frequenza cardiaca, aumentando il rischio di overdose. In alcuni casi pu\u00f2 anche portare alla morte.<\/p>\n<h3>Dove si pu\u00f2 acquistare eroina non tagliata online?<\/h3>\n<p>Quando cercate eroina non diluita sfusa online, cercate fonti come Narco Powders che siano state verificate da fornitori terzi. Quando si considerano i prezzi dell'eroina non diluita online, bisogna tenere presente che i prezzi possono variare in modo significativo a seconda del luogo (ad esempio, nelle citt\u00e0 in cui il prezzo di strada dell'eroina tende ad essere pi\u00f9 alto), dell'ora del giorno (le cerimonie di eutanasia spesso comportano prezzi pi\u00f9 alti), del metodo di pagamento (le carte di credito tendono ad applicare commissioni pi\u00f9 alte rispetto a PayPal), ecc. \u00c8 importante non farsi prendere troppo la mano dai dettagli del prezzo, poich\u00e9 ci\u00f2 che si sta acquistando finir\u00e0 comunque per essere mescolato ad altre sostanze, indipendentemente dalla fonte. Quindi, se lo fate, assicuratevi che la purezza e la freschezza siano mantenute durante tutto il processo di trasporto e di acquisto e non solo nella fase finale del prodotto.<\/p>\n<h3>Acquistare eroina non tagliata online su Narco Powders<\/h3>\n<p>\u00c8 importante ricordare che l'uso di eroina non sviluppata pu\u00f2 avere gravi conseguenze se non viene utilizzata in modo corretto e responsabile. Pertanto, ordinate l'eroina non sviluppata online solo da farmacie affidabili come Narco Powders. Vendiamo solo eroina non sviluppata autentica all'ingrosso al miglior prezzo.<\/p>","protected":false},"excerpt":{"rendered":"<p>L'eroina non distribuita pu\u00f2 essere acquistata online da alcuni fornitori, ma ci sono alcuni rischi. Quindi, se vi state chiedendo dove potete acquistare eroina non distribuita online che sia autentica e sicura, Narco Powders \u00e8 il posto giusto.<\/p>\n<h3><\/h3>","protected":false},"featured_media":7549,"comment_status":"open","ping_status":"closed","template":"","meta":{"_joinchat":[]},"product_brand":[],"product_cat":[3193],"product_tag":[],"class_list":{"0":"post-7531","1":"product","2":"type-product","3":"status-publish","4":"has-post-thumbnail","6":"product_cat-heroin","8":"first","9":"instock","10":"shipping-taxable","11":"purchasable","12":"product-type-variable"},"yoast_head":"<!-- This site is optimized with the Yoast SEO plugin v26.3 - https:\/\/yoast.com\/wordpress\/plugins\/seo\/ -->\n<title>Kaufen Sie unverschnittenes Heroin Chemgramx<\/title>\n<meta name=\"description\" content=\"Zu den gesundheitlichen Risiken des Konsums von unverstrecktem Heroin z\u00e4hlen ein erh\u00f6htes Sucht- und \u00dcberdosisrisiko sowie eine h\u00f6here HIV- und andere Infektionsrate.\" \/>\n<meta name=\"robots\" content=\"noindex, follow, max-snippet:-1, max-image-preview:large, max-video-preview:-1\" \/>\n<meta property=\"og:locale\" content=\"it_IT\" \/>\n<meta property=\"og:type\" content=\"article\" \/>\n<meta property=\"og:title\" content=\"Kaufen Sie unverschnittenes Heroin Chemgramx\" \/>\n<meta property=\"og:description\" content=\"Zu den gesundheitlichen Risiken des Konsums von unverstrecktem Heroin z\u00e4hlen ein erh\u00f6htes Sucht- und \u00dcberdosisrisiko sowie eine h\u00f6here HIV- und andere Infektionsrate.\" \/>\n<meta property=\"og:url\" content=\"https:\/\/chemgramx.com\/it\/prodotto-2\/comprare-eroina-non-tagliata\/\" \/>\n<meta property=\"og:site_name\" content=\"Chemgramx\" \/>\n<meta property=\"article:modified_time\" content=\"2025-11-21T11:18:43+00:00\" \/>\n<meta property=\"og:image\" content=\"https:\/\/chemgramx.com\/wp-content\/uploads\/2025\/11\/ungeschnittenes-heroin.jpg\" \/>\n\t<meta property=\"og:image:width\" content=\"600\" \/>\n\t<meta property=\"og:image:height\" content=\"600\" \/>\n\t<meta property=\"og:image:type\" content=\"image\/jpeg\" \/>\n<meta name=\"twitter:card\" content=\"summary_large_image\" \/>\n<meta name=\"twitter:label1\" content=\"Tempo di lettura stimato\" \/>\n\t<meta name=\"twitter:data1\" content=\"3 minuti\" \/>\n<script type=\"application\/ld+json\" class=\"yoast-schema-graph\">{\"@context\":\"https:\/\/schema.org\",\"@graph\":[{\"@type\":\"WebPage\",\"@id\":\"https:\/\/chemgramx.com\/product\/kaufen-sie-unverschnittenes-heroin\/\",\"url\":\"https:\/\/chemgramx.com\/product\/kaufen-sie-unverschnittenes-heroin\/\",\"name\":\"Kaufen Sie unverschnittenes Heroin Chemgramx\",\"isPartOf\":{\"@id\":\"https:\/\/chemgramx.com\/#website\"},\"primaryImageOfPage\":{\"@id\":\"https:\/\/chemgramx.com\/product\/kaufen-sie-unverschnittenes-heroin\/#primaryimage\"},\"image\":{\"@id\":\"https:\/\/chemgramx.com\/product\/kaufen-sie-unverschnittenes-heroin\/#primaryimage\"},\"thumbnailUrl\":\"https:\/\/chemgramx.com\/wp-content\/uploads\/2025\/11\/ungeschnittenes-heroin.jpg\",\"datePublished\":\"2025-11-21T11:17:59+00:00\",\"dateModified\":\"2025-11-21T11:18:43+00:00\",\"description\":\"Zu den gesundheitlichen Risiken des Konsums von unverstrecktem Heroin z\u00e4hlen ein erh\u00f6htes Sucht- und \u00dcberdosisrisiko sowie eine h\u00f6here HIV- und andere Infektionsrate.\",\"breadcrumb\":{\"@id\":\"https:\/\/chemgramx.com\/product\/kaufen-sie-unverschnittenes-heroin\/#breadcrumb\"},\"inLanguage\":\"it-IT\",\"potentialAction\":[{\"@type\":\"ReadAction\",\"target\":[\"https:\/\/chemgramx.com\/product\/kaufen-sie-unverschnittenes-heroin\/\"]}]},{\"@type\":\"ImageObject\",\"inLanguage\":\"it-IT\",\"@id\":\"https:\/\/chemgramx.com\/product\/kaufen-sie-unverschnittenes-heroin\/#primaryimage\",\"url\":\"https:\/\/chemgramx.com\/wp-content\/uploads\/2025\/11\/ungeschnittenes-heroin.jpg\",\"contentUrl\":\"https:\/\/chemgramx.com\/wp-content\/uploads\/2025\/11\/ungeschnittenes-heroin.jpg\",\"width\":600,\"height\":600},{\"@type\":\"BreadcrumbList\",\"@id\":\"https:\/\/chemgramx.com\/product\/kaufen-sie-unverschnittenes-heroin\/#breadcrumb\",\"itemListElement\":[{\"@type\":\"ListItem\",\"position\":1,\"name\":\"Home\",\"item\":\"https:\/\/chemgramx.com\/\"},{\"@type\":\"ListItem\",\"position\":2,\"name\":\"Shop\",\"item\":\"https:\/\/chemgramx.com\/shop\/\"},{\"@type\":\"ListItem\",\"position\":3,\"name\":\"Kaufen Sie unverschnittenes Heroin\"}]},{\"@type\":\"WebSite\",\"@id\":\"https:\/\/chemgramx.com\/#website\",\"url\":\"https:\/\/chemgramx.com\/\",\"name\":\"Chemgramx\",\"description\":\"\",\"publisher\":{\"@id\":\"https:\/\/chemgramx.com\/#organization\"},\"potentialAction\":[{\"@type\":\"SearchAction\",\"target\":{\"@type\":\"EntryPoint\",\"urlTemplate\":\"https:\/\/chemgramx.com\/?s={search_term_string}\"},\"query-input\":{\"@type\":\"PropertyValueSpecification\",\"valueRequired\":true,\"valueName\":\"search_term_string\"}}],\"inLanguage\":\"it-IT\"},{\"@type\":\"Organization\",\"@id\":\"https:\/\/chemgramx.com\/#organization\",\"name\":\"Chemgramx\",\"url\":\"https:\/\/chemgramx.com\/\",\"logo\":{\"@type\":\"ImageObject\",\"inLanguage\":\"it-IT\",\"@id\":\"https:\/\/chemgramx.com\/#\/schema\/logo\/image\/\",\"url\":\"https:\/\/chemgramx.com\/wp-content\/uploads\/2024\/10\/final-logo.png\",\"contentUrl\":\"https:\/\/chemgramx.com\/wp-content\/uploads\/2024\/10\/final-logo.png\",\"width\":250,\"height\":48,\"caption\":\"Chemgramx\"},\"image\":{\"@id\":\"https:\/\/chemgramx.com\/#\/schema\/logo\/image\/\"}}]}<\/script>\n<!-- \/ Yoast SEO plugin. -->","yoast_head_json":{"title":"Comprare eroina non tagliata Chemgramx","description":"I rischi per la salute associati all'uso di eroina non sviluppata includono un aumento del rischio di dipendenza e di overdose, nonch\u00e9 un tasso pi\u00f9 elevato di HIV e di altre infezioni.","robots":{"index":"noindex","follow":"follow","max-snippet":"max-snippet:-1","max-image-preview":"max-image-preview:large","max-video-preview":"max-video-preview:-1"},"og_locale":"it_IT","og_type":"article","og_title":"Kaufen Sie unverschnittenes Heroin Chemgramx","og_description":"Zu den gesundheitlichen Risiken des Konsums von unverstrecktem Heroin z\u00e4hlen ein erh\u00f6htes Sucht- und \u00dcberdosisrisiko sowie eine h\u00f6here HIV- und andere Infektionsrate.","og_url":"https:\/\/chemgramx.com\/it\/prodotto-2\/comprare-eroina-non-tagliata\/","og_site_name":"Chemgramx","article_modified_time":"2025-11-21T11:18:43+00:00","og_image":[{"width":600,"height":600,"url":"https:\/\/chemgramx.com\/wp-content\/uploads\/2025\/11\/ungeschnittenes-heroin.jpg","type":"image\/jpeg"}],"twitter_card":"summary_large_image","twitter_misc":{"Tempo di lettura stimato":"3 minuti"},"schema":{"@context":"https:\/\/schema.org","@graph":[{"@type":"WebPage","@id":"https:\/\/chemgramx.com\/product\/kaufen-sie-unverschnittenes-heroin\/","url":"https:\/\/chemgramx.com\/product\/kaufen-sie-unverschnittenes-heroin\/","name":"Comprare eroina non tagliata Chemgramx","isPartOf":{"@id":"https:\/\/chemgramx.com\/#website"},"primaryImageOfPage":{"@id":"https:\/\/chemgramx.com\/product\/kaufen-sie-unverschnittenes-heroin\/#primaryimage"},"image":{"@id":"https:\/\/chemgramx.com\/product\/kaufen-sie-unverschnittenes-heroin\/#primaryimage"},"thumbnailUrl":"https:\/\/chemgramx.com\/wp-content\/uploads\/2025\/11\/ungeschnittenes-heroin.jpg","datePublished":"2025-11-21T11:17:59+00:00","dateModified":"2025-11-21T11:18:43+00:00","description":"I rischi per la salute associati all'uso di eroina non sviluppata includono un aumento del rischio di dipendenza e di overdose, nonch\u00e9 un tasso pi\u00f9 elevato di HIV e di altre infezioni.","breadcrumb":{"@id":"https:\/\/chemgramx.com\/product\/kaufen-sie-unverschnittenes-heroin\/#breadcrumb"},"inLanguage":"it-IT","potentialAction":[{"@type":"ReadAction","target":["https:\/\/chemgramx.com\/product\/kaufen-sie-unverschnittenes-heroin\/"]}]},{"@type":"ImageObject","inLanguage":"it-IT","@id":"https:\/\/chemgramx.com\/product\/kaufen-sie-unverschnittenes-heroin\/#primaryimage","url":"https:\/\/chemgramx.com\/wp-content\/uploads\/2025\/11\/ungeschnittenes-heroin.jpg","contentUrl":"https:\/\/chemgramx.com\/wp-content\/uploads\/2025\/11\/ungeschnittenes-heroin.jpg","width":600,"height":600},{"@type":"BreadcrumbList","@id":"https:\/\/chemgramx.com\/product\/kaufen-sie-unverschnittenes-heroin\/#breadcrumb","itemListElement":[{"@type":"ListItem","position":1,"name":"Home","item":"https:\/\/chemgramx.com\/"},{"@type":"ListItem","position":2,"name":"Shop","item":"https:\/\/chemgramx.com\/shop\/"},{"@type":"ListItem","position":3,"name":"Kaufen Sie unverschnittenes Heroin"}]},{"@type":"WebSite","@id":"https:\/\/chemgramx.com\/#website","url":"https:\/\/chemgramx.com\/","name":"Chemgramx","description":"","publisher":{"@id":"https:\/\/chemgramx.com\/#organization"},"potentialAction":[{"@type":"SearchAction","target":{"@type":"EntryPoint","urlTemplate":"https:\/\/chemgramx.com\/?s={search_term_string}"},"query-input":{"@type":"PropertyValueSpecification","valueRequired":true,"valueName":"search_term_string"}}],"inLanguage":"it-IT"},{"@type":"Organization","@id":"https:\/\/chemgramx.com\/#organization","name":"Chemgramx","url":"https:\/\/chemgramx.com\/","logo":{"@type":"ImageObject","inLanguage":"it-IT","@id":"https:\/\/chemgramx.com\/#\/schema\/logo\/image\/","url":"https:\/\/chemgramx.com\/wp-content\/uploads\/2024\/10\/final-logo.png","contentUrl":"https:\/\/chemgramx.com\/wp-content\/uploads\/2024\/10\/final-logo.png","width":250,"height":48,"caption":"Chemgramx"},"image":{"@id":"https:\/\/chemgramx.com\/#\/schema\/logo\/image\/"}}]}},"_links":{"self":[{"href":"https:\/\/chemgramx.com\/it\/wp-json\/wp\/v2\/product\/7531","targetHints":{"allow":["GET"]}}],"collection":[{"href":"https:\/\/chemgramx.com\/it\/wp-json\/wp\/v2\/product"}],"about":[{"href":"https:\/\/chemgramx.com\/it\/wp-json\/wp\/v2\/types\/product"}],"replies":[{"embeddable":true,"href":"https:\/\/chemgramx.com\/it\/wp-json\/wp\/v2\/comments?post=7531"}],"wp:featuredmedia":[{"embeddable":true,"href":"https:\/\/chemgramx.com\/it\/wp-json\/wp\/v2\/media\/7549"}],"wp:attachment":[{"href":"https:\/\/chemgramx.com\/it\/wp-json\/wp\/v2\/media?parent=7531"}],"wp:term":[{"taxonomy":"product_brand","embeddable":true,"href":"https:\/\/chemgramx.com\/it\/wp-json\/wp\/v2\/product_brand?post=7531"},{"taxonomy":"product_cat","embeddable":true,"href":"https:\/\/chemgramx.com\/it\/wp-json\/wp\/v2\/product_cat?post=7531"},{"taxonomy":"product_tag","embeddable":true,"href":"https:\/\/chemgramx.com\/it\/wp-json\/wp\/v2\/product_tag?post=7531"}],"curies":[{"name":"wp","href":"https:\/\/api.w.org\/{rel}","templated":true}]}}