{"id":7535,"date":"2025-11-21T11:18:00","date_gmt":"2025-11-21T11:18:00","guid":{"rendered":"https:\/\/chemgramx.com\/?post_type=product&#038;p=7535"},"modified":"2025-11-21T11:19:12","modified_gmt":"2025-11-21T11:19:12","slug":"bk-2c-b-ordine-online","status":"publish","type":"product","link":"https:\/\/chemgramx.com\/it\/product\/bk-2c-b-online-bestellung\/","title":{"rendered":"Bk-2C-B Ordine online"},"content":{"rendered":"<h2>Comprare Bk-2C-B autentico o contraffatto online<\/h2>\n<p><a href=\"https:\/\/chemgramx.com\/product\/bk-2c-b\/\">Bk-2C-B<\/a> \u00e8 un composto sintetico di elevata purezza utilizzato nella ricerca scientifica per acquisire conoscenze in chimica e farmacologia. I ricercatori che desiderano acquistare Bk-2C-B online possono contare sulla sua stabilit\u00e0 e consistenza, che lo rendono ideale per studi ed esperimenti di laboratorio dettagliati.<\/p>\n<h3>Perch\u00e9 acquistare Bk-2C-B online?<\/h3>\n<p>Gli scienziati comprano vero o falso <a href=\"https:\/\/en.wikipedia.org\/wiki\/%CE%92k-2C-B\">Bk-2C-B<\/a>, per analizzare le reazioni chimiche e studiare gli effetti sui sistemi biologici. Questa sostanza svolge un ruolo cruciale nella scoperta di farmaci e negli studi di interazione con i recettori. Se si desidera acquistare Bk-2C-B o ordinare Bk-2C-B autentico o falso, la nostra piattaforma offre un'opzione sicura e affidabile.<\/p>\n<h3>Applicazione e sicurezza<\/h3>\n<p>Come tutti i composti chimici specializzati, il Bk-2C-B \u00e8 destinato all'uso da parte di professionisti qualificati e solo per scopi di ricerca. Non \u00e8 destinato al consumo umano. Per ordinare il Bk-2C-B online \u00e8 essenziale una manipolazione sicura secondo gli standard di sicurezza del laboratorio.<\/p>\n<h3>Istruzioni per la conservazione<\/h3>\n<p>Per mantenere l'integrit\u00e0 chimica, Bk-2C-B deve essere conservato in un luogo fresco e asciutto, lontano dalla luce solare diretta. Una corretta conservazione garantisce stabilit\u00e0 e risultati costanti, sia che si acquisti Bk-2C-B online che all'ingrosso.<\/p>\n<h3>Caratteristiche e vantaggi<\/h3>\n<ul>\n<li>Elevata purezza: garantisce risultati di ricerca accurati e affidabili.<\/li>\n<li>Stabilit\u00e0: ideale per esperimenti e studi chimici a lungo termine<\/li>\n<li>Rigoroso controllo di qualit\u00e0: ogni lotto di Bk-2C-B autentico o contraffatto viene testato per verificarne la purezza e la consistenza.<\/li>\n<li>Solo per uso di ricerca: non adatto al consumo umano.<\/li>\n<\/ul>\n<h3>Fonti di approvvigionamento per Bk-2C-B<\/h3>\n<p>Per coloro che desiderano acquistare Bk-2C-B al miglior prezzo, offriamo prezzi interessanti e quantit\u00e0 d'ordine flessibili. \u00c8 possibile acquistare Bk-2C-B in modo sicuro e discreto online, assicurando un processo di ordinazione regolare e affidabile.<\/p>","protected":false},"excerpt":{"rendered":"<p><strong>BK-2C-B<\/strong> \u00e8 un composto chimico sintetico avanzato sviluppato esclusivamente per scopi di ricerca scientifica. Questa sostanza stabile viene utilizzata per studiare le reazioni chimiche e i processi farmacologici. Ogni lotto \u00e8 testato per garantire la massima purezza. Solo per uso di ricerca - non adatto all'uso umano.<\/p>","protected":false},"featured_media":7553,"comment_status":"open","ping_status":"closed","template":"","meta":{"_joinchat":[]},"product_brand":[],"product_cat":[1798],"product_tag":[2373,2379,2378,2374,2380,2377,2375,2376,2381,2182],"class_list":{"0":"post-7535","1":"product","2":"type-product","3":"status-publish","4":"has-post-thumbnail","6":"product_cat-empathogene","7":"product_tag-bk-2c-b","8":"product_tag-bk-2c-b-chemikalien","9":"product_tag-bk-2c-b-forschung","10":"product_tag-bk-2c-b-kaufen","11":"product_tag-bk-2c-b-kaufen-online","12":"product_tag-bk-2c-b-kristalle","13":"product_tag-bk-2c-b-online","14":"product_tag-bk-2c-b-pulver","15":"product_tag-forschung-bk-2c-b","16":"product_tag-synthetische-chemikalien","18":"first","19":"instock","20":"shipping-taxable","21":"purchasable","22":"product-type-variable"},"yoast_head":"<!-- This site is optimized with the Yoast SEO plugin v27.5 - https:\/\/yoast.com\/product\/yoast-seo-wordpress\/ -->\n<title>Bk-2C-B online kaufen \u2013 Bk-2C-B zu verkaufen | chemgramx<\/title>\n<meta name=\"description\" content=\"Chemgramx ist der beste Ort, um BK-2C-B online zu kaufen. Wir bieten BK-2C-B zu den besten Preisen zum Verkauf an. Sichern Sie sich den besten Preis mit tollen Angeboten. Bestellen Sie jetzt!\" \/>\n<meta name=\"robots\" content=\"index, follow, max-snippet:-1, max-image-preview:large, max-video-preview:-1\" \/>\n<link rel=\"canonical\" href=\"https:\/\/chemgramx.com\/it\/prodotto-1\/bk-2c-b-ordine-online\/\" \/>\n<meta property=\"og:locale\" content=\"it_IT\" \/>\n<meta property=\"og:type\" content=\"article\" \/>\n<meta property=\"og:title\" content=\"Bk-2C-B online kaufen \u2013 Bk-2C-B zu verkaufen | chemgramx\" \/>\n<meta property=\"og:description\" content=\"Chemgramx ist der beste Ort, um BK-2C-B online zu kaufen. Wir bieten BK-2C-B zu den besten Preisen zum Verkauf an. Sichern Sie sich den besten Preis mit tollen Angeboten. Bestellen Sie jetzt!\" \/>\n<meta property=\"og:url\" content=\"https:\/\/chemgramx.com\/it\/prodotto-1\/bk-2c-b-ordine-online\/\" \/>\n<meta property=\"og:site_name\" content=\"Chemgramx\" \/>\n<meta property=\"article:modified_time\" content=\"2025-11-21T11:19:12+00:00\" \/>\n<meta property=\"og:image\" content=\"https:\/\/chemgramx.com\/wp-content\/uploads\/2025\/11\/bk2cb.png\" \/>\n\t<meta property=\"og:image:width\" content=\"600\" \/>\n\t<meta property=\"og:image:height\" content=\"400\" \/>\n\t<meta property=\"og:image:type\" content=\"image\/png\" \/>\n<meta name=\"twitter:card\" content=\"summary_large_image\" \/>\n<meta name=\"twitter:label1\" content=\"Tempo di lettura stimato\" \/>\n\t<meta name=\"twitter:data1\" content=\"2 minuti\" \/>\n<script type=\"application\/ld+json\" class=\"yoast-schema-graph\">{\"@context\":\"https:\\\/\\\/schema.org\",\"@graph\":[{\"@type\":\"WebPage\",\"@id\":\"https:\\\/\\\/chemgramx.com\\\/product\\\/bk-2c-b-online-bestellung\\\/\",\"url\":\"https:\\\/\\\/chemgramx.com\\\/product\\\/bk-2c-b-online-bestellung\\\/\",\"name\":\"Bk-2C-B online kaufen \u2013 Bk-2C-B zu verkaufen | chemgramx\",\"isPartOf\":{\"@id\":\"https:\\\/\\\/chemgramx.com\\\/#website\"},\"primaryImageOfPage\":{\"@id\":\"https:\\\/\\\/chemgramx.com\\\/product\\\/bk-2c-b-online-bestellung\\\/#primaryimage\"},\"image\":{\"@id\":\"https:\\\/\\\/chemgramx.com\\\/product\\\/bk-2c-b-online-bestellung\\\/#primaryimage\"},\"thumbnailUrl\":\"https:\\\/\\\/chemgramx.com\\\/wp-content\\\/uploads\\\/2025\\\/11\\\/bk2cb.png\",\"datePublished\":\"2025-11-21T11:18:00+00:00\",\"dateModified\":\"2025-11-21T11:19:12+00:00\",\"description\":\"Chemgramx ist der beste Ort, um BK-2C-B online zu kaufen. Wir bieten BK-2C-B zu den besten Preisen zum Verkauf an. Sichern Sie sich den besten Preis mit tollen Angeboten. Bestellen Sie jetzt!\",\"breadcrumb\":{\"@id\":\"https:\\\/\\\/chemgramx.com\\\/product\\\/bk-2c-b-online-bestellung\\\/#breadcrumb\"},\"inLanguage\":\"it-IT\",\"potentialAction\":[{\"@type\":\"ReadAction\",\"target\":[\"https:\\\/\\\/chemgramx.com\\\/product\\\/bk-2c-b-online-bestellung\\\/\"]}]},{\"@type\":\"ImageObject\",\"inLanguage\":\"it-IT\",\"@id\":\"https:\\\/\\\/chemgramx.com\\\/product\\\/bk-2c-b-online-bestellung\\\/#primaryimage\",\"url\":\"https:\\\/\\\/chemgramx.com\\\/wp-content\\\/uploads\\\/2025\\\/11\\\/bk2cb.png\",\"contentUrl\":\"https:\\\/\\\/chemgramx.com\\\/wp-content\\\/uploads\\\/2025\\\/11\\\/bk2cb.png\",\"width\":600,\"height\":400},{\"@type\":\"BreadcrumbList\",\"@id\":\"https:\\\/\\\/chemgramx.com\\\/product\\\/bk-2c-b-online-bestellung\\\/#breadcrumb\",\"itemListElement\":[{\"@type\":\"ListItem\",\"position\":1,\"name\":\"Home\",\"item\":\"https:\\\/\\\/chemgramx.com\\\/\"},{\"@type\":\"ListItem\",\"position\":2,\"name\":\"Shop\",\"item\":\"https:\\\/\\\/chemgramx.com\\\/shop\\\/\"},{\"@type\":\"ListItem\",\"position\":3,\"name\":\"Bk-2C-B Online Bestellung\"}]},{\"@type\":\"WebSite\",\"@id\":\"https:\\\/\\\/chemgramx.com\\\/#website\",\"url\":\"https:\\\/\\\/chemgramx.com\\\/\",\"name\":\"Chemgramx\",\"description\":\"\",\"publisher\":{\"@id\":\"https:\\\/\\\/chemgramx.com\\\/#organization\"},\"potentialAction\":[{\"@type\":\"SearchAction\",\"target\":{\"@type\":\"EntryPoint\",\"urlTemplate\":\"https:\\\/\\\/chemgramx.com\\\/?s={search_term_string}\"},\"query-input\":{\"@type\":\"PropertyValueSpecification\",\"valueRequired\":true,\"valueName\":\"search_term_string\"}}],\"inLanguage\":\"it-IT\"},{\"@type\":\"Organization\",\"@id\":\"https:\\\/\\\/chemgramx.com\\\/#organization\",\"name\":\"Chemgramx\",\"url\":\"https:\\\/\\\/chemgramx.com\\\/\",\"logo\":{\"@type\":\"ImageObject\",\"inLanguage\":\"it-IT\",\"@id\":\"https:\\\/\\\/chemgramx.com\\\/#\\\/schema\\\/logo\\\/image\\\/\",\"url\":\"https:\\\/\\\/chemgramx.com\\\/wp-content\\\/uploads\\\/2024\\\/10\\\/final-logo.png\",\"contentUrl\":\"https:\\\/\\\/chemgramx.com\\\/wp-content\\\/uploads\\\/2024\\\/10\\\/final-logo.png\",\"width\":250,\"height\":48,\"caption\":\"Chemgramx\"},\"image\":{\"@id\":\"https:\\\/\\\/chemgramx.com\\\/#\\\/schema\\\/logo\\\/image\\\/\"}}]}<\/script>\n<!-- \/ Yoast SEO plugin. -->","yoast_head_json":{"title":"Acquista Bk-2C-B online \u2013 Bk-2C-B in vendita | chemgramx","description":"Chemgramx \u00e8 il posto migliore per acquistare BK-2C-B online. Offriamo BK-2C-B in vendita ai prezzi migliori. Assicurati il \u200b\u200bmiglior prezzo con offerte vantaggiose. Ordina ora!","robots":{"index":"index","follow":"follow","max-snippet":"max-snippet:-1","max-image-preview":"max-image-preview:large","max-video-preview":"max-video-preview:-1"},"canonical":"https:\/\/chemgramx.com\/it\/prodotto-1\/bk-2c-b-ordine-online\/","og_locale":"it_IT","og_type":"article","og_title":"Bk-2C-B online kaufen \u2013 Bk-2C-B zu verkaufen | chemgramx","og_description":"Chemgramx ist der beste Ort, um BK-2C-B online zu kaufen. Wir bieten BK-2C-B zu den besten Preisen zum Verkauf an. Sichern Sie sich den besten Preis mit tollen Angeboten. Bestellen Sie jetzt!","og_url":"https:\/\/chemgramx.com\/it\/prodotto-1\/bk-2c-b-ordine-online\/","og_site_name":"Chemgramx","article_modified_time":"2025-11-21T11:19:12+00:00","og_image":[{"width":600,"height":400,"url":"https:\/\/chemgramx.com\/wp-content\/uploads\/2025\/11\/bk2cb.png","type":"image\/png"}],"twitter_card":"summary_large_image","twitter_misc":{"Tempo di lettura stimato":"2 minuti"},"schema":{"@context":"https:\/\/schema.org","@graph":[{"@type":"WebPage","@id":"https:\/\/chemgramx.com\/product\/bk-2c-b-online-bestellung\/","url":"https:\/\/chemgramx.com\/product\/bk-2c-b-online-bestellung\/","name":"Acquista Bk-2C-B online \u2013 Bk-2C-B in vendita | chemgramx","isPartOf":{"@id":"https:\/\/chemgramx.com\/#website"},"primaryImageOfPage":{"@id":"https:\/\/chemgramx.com\/product\/bk-2c-b-online-bestellung\/#primaryimage"},"image":{"@id":"https:\/\/chemgramx.com\/product\/bk-2c-b-online-bestellung\/#primaryimage"},"thumbnailUrl":"https:\/\/chemgramx.com\/wp-content\/uploads\/2025\/11\/bk2cb.png","datePublished":"2025-11-21T11:18:00+00:00","dateModified":"2025-11-21T11:19:12+00:00","description":"Chemgramx \u00e8 il posto migliore per acquistare BK-2C-B online. Offriamo BK-2C-B in vendita ai prezzi migliori. Assicurati il \u200b\u200bmiglior prezzo con offerte vantaggiose. Ordina ora!","breadcrumb":{"@id":"https:\/\/chemgramx.com\/product\/bk-2c-b-online-bestellung\/#breadcrumb"},"inLanguage":"it-IT","potentialAction":[{"@type":"ReadAction","target":["https:\/\/chemgramx.com\/product\/bk-2c-b-online-bestellung\/"]}]},{"@type":"ImageObject","inLanguage":"it-IT","@id":"https:\/\/chemgramx.com\/product\/bk-2c-b-online-bestellung\/#primaryimage","url":"https:\/\/chemgramx.com\/wp-content\/uploads\/2025\/11\/bk2cb.png","contentUrl":"https:\/\/chemgramx.com\/wp-content\/uploads\/2025\/11\/bk2cb.png","width":600,"height":400},{"@type":"BreadcrumbList","@id":"https:\/\/chemgramx.com\/product\/bk-2c-b-online-bestellung\/#breadcrumb","itemListElement":[{"@type":"ListItem","position":1,"name":"Home","item":"https:\/\/chemgramx.com\/"},{"@type":"ListItem","position":2,"name":"Shop","item":"https:\/\/chemgramx.com\/shop\/"},{"@type":"ListItem","position":3,"name":"Bk-2C-B Online Bestellung"}]},{"@type":"WebSite","@id":"https:\/\/chemgramx.com\/#website","url":"https:\/\/chemgramx.com\/","name":"Chemgramx","description":"","publisher":{"@id":"https:\/\/chemgramx.com\/#organization"},"potentialAction":[{"@type":"SearchAction","target":{"@type":"EntryPoint","urlTemplate":"https:\/\/chemgramx.com\/?s={search_term_string}"},"query-input":{"@type":"PropertyValueSpecification","valueRequired":true,"valueName":"search_term_string"}}],"inLanguage":"it-IT"},{"@type":"Organization","@id":"https:\/\/chemgramx.com\/#organization","name":"Chemgramx","url":"https:\/\/chemgramx.com\/","logo":{"@type":"ImageObject","inLanguage":"it-IT","@id":"https:\/\/chemgramx.com\/#\/schema\/logo\/image\/","url":"https:\/\/chemgramx.com\/wp-content\/uploads\/2024\/10\/final-logo.png","contentUrl":"https:\/\/chemgramx.com\/wp-content\/uploads\/2024\/10\/final-logo.png","width":250,"height":48,"caption":"Chemgramx"},"image":{"@id":"https:\/\/chemgramx.com\/#\/schema\/logo\/image\/"}}]}},"_links":{"self":[{"href":"https:\/\/chemgramx.com\/it\/wp-json\/wp\/v2\/product\/7535","targetHints":{"allow":["GET"]}}],"collection":[{"href":"https:\/\/chemgramx.com\/it\/wp-json\/wp\/v2\/product"}],"about":[{"href":"https:\/\/chemgramx.com\/it\/wp-json\/wp\/v2\/types\/product"}],"replies":[{"embeddable":true,"href":"https:\/\/chemgramx.com\/it\/wp-json\/wp\/v2\/comments?post=7535"}],"wp:featuredmedia":[{"embeddable":true,"href":"https:\/\/chemgramx.com\/it\/wp-json\/wp\/v2\/media\/7553"}],"wp:attachment":[{"href":"https:\/\/chemgramx.com\/it\/wp-json\/wp\/v2\/media?parent=7535"}],"wp:term":[{"taxonomy":"product_brand","embeddable":true,"href":"https:\/\/chemgramx.com\/it\/wp-json\/wp\/v2\/product_brand?post=7535"},{"taxonomy":"product_cat","embeddable":true,"href":"https:\/\/chemgramx.com\/it\/wp-json\/wp\/v2\/product_cat?post=7535"},{"taxonomy":"product_tag","embeddable":true,"href":"https:\/\/chemgramx.com\/it\/wp-json\/wp\/v2\/product_tag?post=7535"}],"curies":[{"name":"wp","href":"https:\/\/api.w.org\/{rel}","templated":true}]}}