{"id":7601,"date":"2025-11-21T11:18:50","date_gmt":"2025-11-21T11:18:50","guid":{"rendered":"https:\/\/chemgramx.com\/?post_type=product&#038;p=7601"},"modified":"2025-11-21T11:19:55","modified_gmt":"2025-11-21T11:19:55","slug":"2cl-2-cloro-acido-lisergico-dietilamide-comprare-online-2","status":"publish","type":"product","link":"https:\/\/chemgramx.com\/it\/product\/2cl-2-chlor-lysergsaeurediethylamid-online-kaufen\/","title":{"rendered":"2CL (dietilamide dell'acido 2-cloro-lisergico) Acquistare online"},"content":{"rendered":"<p>Stai cercando una fonte affidabile per acquistare 2C-L online? ChemGramX offre 2C-L puri e testati in laboratorio <a href=\"https:\/\/chemgramx.com\/product\/2cl-2-chlor-lysergsaurediethylamid\/\">2C-L<\/a> Per scopi di ricerca scientifica. Il 2C-L \u00e8 una delle sostanze psichedeliche meno note della serie 2C, utilizzata nella ricerca per studiare la percezione e la coscienza alterate. ChemGramX garantisce la massima purezza e una spedizione discreta per le vostre esigenze di ricerca.<a href=\"https:\/\/medicijnenkoop.com\/es\/producto\/methylfenidaat-poeder\/\">.<\/a><\/p>\n<h3>Che cos'\u00e8 il 2C-L?<\/h3>\n<p><a href=\"https:\/\/en.wikipedia.org\/wiki\/2-Chloroethanol\">2C-L<\/a>\u00a0Appartiene alla classe delle fenetilammine, sostanze psichedeliche note per i loro effetti allucinogeni e per la loro interazione con i recettori della serotonina nel cervello. I ricercatori che acquistano 2C-L lo utilizzano per studiare i cambiamenti comportamentali, le reazioni emotive e i suoi effetti sul sistema nervoso centrale. Questo composto fornisce informazioni approfondite sul funzionamento dei neurotrasmettitori, in particolare della serotonina, e sul loro ruolo nella percezione e nell'umore.<\/p>\n<h3>Perch\u00e9 acquistare 2C-L?<\/h3>\n<p>Acquistando 2C-L, si ottiene un composto altamente purificato, perfetto per la ricerca psichedelica. 2C-L viene utilizzato in studi scientifici per analizzare gli effetti delle sostanze psichedeliche sul cervello e sul comportamento. Grazie ai suoi effetti psicoattivi, \u00e8 uno strumento prezioso per i ricercatori che studiano i meccanismi alla base dei cambiamenti nella percezione e negli stati di coscienza.<\/p>\n<h3>Acquistare 2C-L online su ChemGramX<\/h3>\n<p>ChemGramX ofrece una forma segura y sencilla de comprar 2C-L en l\u00ednea. Nuestro polvo de 2C-L se prueba en laboratorios independientes y cumple con los m\u00e1s altos est\u00e1ndares de calidad. Si necesita 2C-L para investigaci\u00f3n, puede confiar en ChemGramX como proveedor confiable, que le ofrece la mejor pureza y calidad.<\/p>\n<h3>Vantaggi dell'acquisto di 2C-L da ChemGramX<\/h3>\n<ul>\n<li>Purezza testata in laboratorio: il nostro 2C-L viene sottoposto a rigorosi test per garantire la massima purezza e consistenza.<\/li>\n<li>Spedizione discreta: il tuo ordine verr\u00e0 consegnato in modo sicuro e discreto per proteggere la tua privacy.<\/li>\n<li>Ideale per la ricerca: 2C-L \u00e8 perfetto per studi scientifici sull'attivit\u00e0 dei neurotrasmettitori, sugli effetti della serotonina e sulla ricerca psichedelica.<\/li>\n<\/ul>\n<h3>2C-L Legalit\u00e0 e spedizione sicura<\/h3>\n<p>La legalit\u00e0 del 2C-L varia da paese a paese, pertanto si prega di verificare le normative vigenti nel proprio paese prima di acquistarlo. ChemGramX vende il 2C-L esclusivamente per scopi scientifici e garantisce il rispetto di tutti i requisiti legali. Offriamo spedizioni discrete, garantendo che il tuo ordine venga consegnato in modo sicuro e anonimo.<\/p>\n<h3>Acquista ora 2C-L<\/h3>\n<p>Se desideri acquistare 2C-L, ChemGramX offre una soluzione semplice e sicura. Acquista ora e approfitta della nostra consegna rapida e discreta e della purezza garantita dei nostri prodotti. Acquistare 2C-L online non \u00e8 mai stato cos\u00ec facile e affidabile!<\/p>\n<p>ChemGramX - La vostra fonte di fiducia per 2C-L e prodotti chimici di ricerca di alta qualit\u00e0<\/p>","protected":false},"excerpt":{"rendered":"<p><strong>2CL (dietilammide dell'acido cloro-lisergico)<\/strong> appartiene alla famiglia delle lisergamidi ed \u00e8 nota per i suoi forti effetti psichedelici. Sviluppata a scopo di ricerca, la 2CL \u00e8 comunemente utilizzata nella chimica sperimentale e dagli utenti in cerca di nuove esperienze. Ha il potenziale di espandere la coscienza e di offrire intuizioni pi\u00f9 profonde.<\/p>\n<ul>\n<li><strong>Formula<\/strong>C20H25ClN2O | <strong>Peso molecolare<\/strong>344,88 g\/mol<\/li>\n<li><strong>Propriet\u00e0 importante<\/strong>L'atomo di cloro sull'anello indolico aumenta la stabilit\u00e0 e modifica il profilo farmacologico.<\/li>\n<\/ul>\n<p><strong>Come funziona 2CL<\/strong><br \/>\nIl 2CL interagisce con i recettori della serotonina presenti nel cervello, in particolare <strong>5-HT2A<\/strong>e influenza la neurotrasmissione:<\/p>\n<ul>\n<li><strong>Legame con il recettore<\/strong>Modifica le vie di segnalazione della serotonina.<\/li>\n<li><strong>Effetti neurologici<\/strong>Agisce sulle vie della serotonina, della dopamina e della noradrenalina e altera la cognizione, l'umore e la percezione.<\/li>\n<\/ul>","protected":false},"featured_media":7609,"comment_status":"open","ping_status":"closed","template":"","meta":{"_joinchat":[]},"product_brand":[],"product_cat":[96],"product_tag":[1121,1114,1102,1107,1123,1111,1106,1119,1120,1104,1116,1101,1117,1113,1108,1105,1112,1126,1140,1133,1103,1122,1110,1132,1115,1118,1109,1137,1138,1125,1124,1136,1142,1141,1139,1129,1134,1131,1130,1128,1135,1127],"class_list":{"0":"post-7601","1":"product","2":"type-product","3":"status-publish","4":"has-post-thumbnail","6":"product_cat-psychedelische-droge","7":"product_tag-2-chlor-lysergsaurediethylamid-lieferant","8":"product_tag-2cl-anbieter","9":"product_tag-2cl-bestellen","10":"product_tag-2cl-chemikalie","11":"product_tag-2cl-distributoren-weltweit","12":"product_tag-2cl-experimente","13":"product_tag-2cl-forschung","14":"product_tag-2cl-forschung-chemikalie","15":"product_tag-2cl-forschung-chemikalie-kaufen","16":"product_tag-2cl-groshandel","17":"product_tag-2cl-gunstig","18":"product_tag-2cl-kaufen","19":"product_tag-2cl-kaufen-online","20":"product_tag-2cl-labor","21":"product_tag-2cl-legal","22":"product_tag-2cl-lieferant","23":"product_tag-2cl-lysergamid","24":"product_tag-2cl-lysergamid-groshandel","25":"product_tag-2cl-markttrends","26":"product_tag-2cl-neurowissenschaftliche-experimente","27":"product_tag-2cl-online","28":"product_tag-2cl-online-bestellen","29":"product_tag-2cl-preis","30":"product_tag-2cl-psychoaktive-forschung-chemikalie","31":"product_tag-2cl-qualitat","32":"product_tag-2cl-sicher","33":"product_tag-2cl-versand","34":"product_tag-5-ht2a-agonist-verbindungen","35":"product_tag-akademischer-2cl-kauf","36":"product_tag-erschwingliche-2cl-fur-forscher","37":"product_tag-forschung-chemikalien-anbieter","38":"product_tag-hochreines-2cl-chemikalie","39":"product_tag-individuelle-chemikalienbeschaffung-2cl","40":"product_tag-innovative-lysergamide-im-angebot","41":"product_tag-klinische-studienverbindungen-2cl","42":"product_tag-laborqualitat-2cl","43":"product_tag-legaler-lysergamid-lieferant","44":"product_tag-lysergamid-verbindungen-kaufen","45":"product_tag-pharmazeutische-qualitat-2cl","46":"product_tag-serotonin-modulator-fur-studien","47":"product_tag-sicherer-2cl-versand","48":"product_tag-vertrauenswurdiger-2cl-verkaufer","50":"first","51":"instock","52":"shipping-taxable","53":"purchasable","54":"product-type-variable"},"yoast_head":"<!-- This site is optimized with the Yoast SEO plugin v27.5 - https:\/\/yoast.com\/product\/yoast-seo-wordpress\/ -->\n<title>2CL (2-Chlor-Lysergs\u00e4urediethylamid) online kaufen<\/title>\n<meta name=\"description\" content=\"Ihre Bestellung von 2cl (2-Chlor-Lysergs\u00e4urediethylamid) zum Verkauf liegt in unserer Verantwortung. Wir werden Ihre Anfrage zum Online-Kauf von 2cl (2-Chlor-Lysergs\u00e4urediethylamid) ber\u00fccksichtigen und Sie in kurzer Zeit erreichen. Jetzt Gro\u00dfbestellungen aufgeben!\" \/>\n<meta name=\"robots\" content=\"index, follow, max-snippet:-1, max-image-preview:large, max-video-preview:-1\" \/>\n<link rel=\"canonical\" href=\"https:\/\/chemgramx.com\/it\/prodotto-1\/2cl-2-cloro-acido-lisergico-dietilamide-comprare-online-2\/\" \/>\n<meta property=\"og:locale\" content=\"it_IT\" \/>\n<meta property=\"og:type\" content=\"article\" \/>\n<meta property=\"og:title\" content=\"2CL (2-Chlor-Lysergs\u00e4urediethylamid) online kaufen\" \/>\n<meta property=\"og:description\" content=\"Ihre Bestellung von 2cl (2-Chlor-Lysergs\u00e4urediethylamid) zum Verkauf liegt in unserer Verantwortung. Wir werden Ihre Anfrage zum Online-Kauf von 2cl (2-Chlor-Lysergs\u00e4urediethylamid) ber\u00fccksichtigen und Sie in kurzer Zeit erreichen. Jetzt Gro\u00dfbestellungen aufgeben!\" \/>\n<meta property=\"og:url\" content=\"https:\/\/chemgramx.com\/it\/prodotto-1\/2cl-2-cloro-acido-lisergico-dietilamide-comprare-online-2\/\" \/>\n<meta property=\"og:site_name\" content=\"Chemgramx\" \/>\n<meta property=\"article:modified_time\" content=\"2025-11-21T11:19:55+00:00\" \/>\n<meta property=\"og:image\" content=\"https:\/\/chemgramx.com\/wp-content\/uploads\/2025\/11\/2C-L-kaufen.webp\" \/>\n\t<meta property=\"og:image:width\" content=\"375\" \/>\n\t<meta property=\"og:image:height\" content=\"500\" \/>\n\t<meta property=\"og:image:type\" content=\"image\/webp\" \/>\n<meta name=\"twitter:card\" content=\"summary_large_image\" \/>\n<meta name=\"twitter:label1\" content=\"Tempo di lettura stimato\" \/>\n\t<meta name=\"twitter:data1\" content=\"2 minuti\" \/>\n<script type=\"application\/ld+json\" class=\"yoast-schema-graph\">{\"@context\":\"https:\\\/\\\/schema.org\",\"@graph\":[{\"@type\":\"WebPage\",\"@id\":\"https:\\\/\\\/chemgramx.com\\\/product\\\/2cl-2-chlor-lysergsaeurediethylamid-online-kaufen\\\/\",\"url\":\"https:\\\/\\\/chemgramx.com\\\/product\\\/2cl-2-chlor-lysergsaeurediethylamid-online-kaufen\\\/\",\"name\":\"2CL (2-Chlor-Lysergs\u00e4urediethylamid) online kaufen\",\"isPartOf\":{\"@id\":\"https:\\\/\\\/chemgramx.com\\\/#website\"},\"primaryImageOfPage\":{\"@id\":\"https:\\\/\\\/chemgramx.com\\\/product\\\/2cl-2-chlor-lysergsaeurediethylamid-online-kaufen\\\/#primaryimage\"},\"image\":{\"@id\":\"https:\\\/\\\/chemgramx.com\\\/product\\\/2cl-2-chlor-lysergsaeurediethylamid-online-kaufen\\\/#primaryimage\"},\"thumbnailUrl\":\"https:\\\/\\\/chemgramx.com\\\/wp-content\\\/uploads\\\/2025\\\/11\\\/2C-L-kaufen.webp\",\"datePublished\":\"2025-11-21T11:18:50+00:00\",\"dateModified\":\"2025-11-21T11:19:55+00:00\",\"description\":\"Ihre Bestellung von 2cl (2-Chlor-Lysergs\u00e4urediethylamid) zum Verkauf liegt in unserer Verantwortung. Wir werden Ihre Anfrage zum Online-Kauf von 2cl (2-Chlor-Lysergs\u00e4urediethylamid) ber\u00fccksichtigen und Sie in kurzer Zeit erreichen. Jetzt Gro\u00dfbestellungen aufgeben!\",\"breadcrumb\":{\"@id\":\"https:\\\/\\\/chemgramx.com\\\/product\\\/2cl-2-chlor-lysergsaeurediethylamid-online-kaufen\\\/#breadcrumb\"},\"inLanguage\":\"it-IT\",\"potentialAction\":[{\"@type\":\"ReadAction\",\"target\":[\"https:\\\/\\\/chemgramx.com\\\/product\\\/2cl-2-chlor-lysergsaeurediethylamid-online-kaufen\\\/\"]}]},{\"@type\":\"ImageObject\",\"inLanguage\":\"it-IT\",\"@id\":\"https:\\\/\\\/chemgramx.com\\\/product\\\/2cl-2-chlor-lysergsaeurediethylamid-online-kaufen\\\/#primaryimage\",\"url\":\"https:\\\/\\\/chemgramx.com\\\/wp-content\\\/uploads\\\/2025\\\/11\\\/2C-L-kaufen.webp\",\"contentUrl\":\"https:\\\/\\\/chemgramx.com\\\/wp-content\\\/uploads\\\/2025\\\/11\\\/2C-L-kaufen.webp\",\"width\":375,\"height\":500},{\"@type\":\"BreadcrumbList\",\"@id\":\"https:\\\/\\\/chemgramx.com\\\/product\\\/2cl-2-chlor-lysergsaeurediethylamid-online-kaufen\\\/#breadcrumb\",\"itemListElement\":[{\"@type\":\"ListItem\",\"position\":1,\"name\":\"Home\",\"item\":\"https:\\\/\\\/chemgramx.com\\\/\"},{\"@type\":\"ListItem\",\"position\":2,\"name\":\"Shop\",\"item\":\"https:\\\/\\\/chemgramx.com\\\/shop\\\/\"},{\"@type\":\"ListItem\",\"position\":3,\"name\":\"2CL (2-Chlor-Lysergs\u00e4urediethylamid) Online Kaufen\"}]},{\"@type\":\"WebSite\",\"@id\":\"https:\\\/\\\/chemgramx.com\\\/#website\",\"url\":\"https:\\\/\\\/chemgramx.com\\\/\",\"name\":\"Chemgramx\",\"description\":\"\",\"publisher\":{\"@id\":\"https:\\\/\\\/chemgramx.com\\\/#organization\"},\"potentialAction\":[{\"@type\":\"SearchAction\",\"target\":{\"@type\":\"EntryPoint\",\"urlTemplate\":\"https:\\\/\\\/chemgramx.com\\\/?s={search_term_string}\"},\"query-input\":{\"@type\":\"PropertyValueSpecification\",\"valueRequired\":true,\"valueName\":\"search_term_string\"}}],\"inLanguage\":\"it-IT\"},{\"@type\":\"Organization\",\"@id\":\"https:\\\/\\\/chemgramx.com\\\/#organization\",\"name\":\"Chemgramx\",\"url\":\"https:\\\/\\\/chemgramx.com\\\/\",\"logo\":{\"@type\":\"ImageObject\",\"inLanguage\":\"it-IT\",\"@id\":\"https:\\\/\\\/chemgramx.com\\\/#\\\/schema\\\/logo\\\/image\\\/\",\"url\":\"https:\\\/\\\/chemgramx.com\\\/wp-content\\\/uploads\\\/2024\\\/10\\\/final-logo.png\",\"contentUrl\":\"https:\\\/\\\/chemgramx.com\\\/wp-content\\\/uploads\\\/2024\\\/10\\\/final-logo.png\",\"width\":250,\"height\":48,\"caption\":\"Chemgramx\"},\"image\":{\"@id\":\"https:\\\/\\\/chemgramx.com\\\/#\\\/schema\\\/logo\\\/image\\\/\"}}]}<\/script>\n<!-- \/ Yoast SEO plugin. -->","yoast_head_json":{"title":"Acquistare 2CL (dietilamide dell'acido cloro-lisergico) online","description":"Il tuo ordine di 2cl (dietilamide dell'acido 2-clorolisergico) in vendita \u00e8 sotto la nostra responsabilit\u00e0. Valuteremo la tua richiesta di acquisto online di 2cl (dietilamide dell'acido 2-clorolisergico) e ti contatteremo a breve. Effettua subito ordini all'ingrosso!","robots":{"index":"index","follow":"follow","max-snippet":"max-snippet:-1","max-image-preview":"max-image-preview:large","max-video-preview":"max-video-preview:-1"},"canonical":"https:\/\/chemgramx.com\/it\/prodotto-1\/2cl-2-cloro-acido-lisergico-dietilamide-comprare-online-2\/","og_locale":"it_IT","og_type":"article","og_title":"2CL (2-Chlor-Lysergs\u00e4urediethylamid) online kaufen","og_description":"Ihre Bestellung von 2cl (2-Chlor-Lysergs\u00e4urediethylamid) zum Verkauf liegt in unserer Verantwortung. Wir werden Ihre Anfrage zum Online-Kauf von 2cl (2-Chlor-Lysergs\u00e4urediethylamid) ber\u00fccksichtigen und Sie in kurzer Zeit erreichen. Jetzt Gro\u00dfbestellungen aufgeben!","og_url":"https:\/\/chemgramx.com\/it\/prodotto-1\/2cl-2-cloro-acido-lisergico-dietilamide-comprare-online-2\/","og_site_name":"Chemgramx","article_modified_time":"2025-11-21T11:19:55+00:00","og_image":[{"width":375,"height":500,"url":"https:\/\/chemgramx.com\/wp-content\/uploads\/2025\/11\/2C-L-kaufen.webp","type":"image\/webp"}],"twitter_card":"summary_large_image","twitter_misc":{"Tempo di lettura stimato":"2 minuti"},"schema":{"@context":"https:\/\/schema.org","@graph":[{"@type":"WebPage","@id":"https:\/\/chemgramx.com\/product\/2cl-2-chlor-lysergsaeurediethylamid-online-kaufen\/","url":"https:\/\/chemgramx.com\/product\/2cl-2-chlor-lysergsaeurediethylamid-online-kaufen\/","name":"Acquistare 2CL (dietilamide dell'acido cloro-lisergico) online","isPartOf":{"@id":"https:\/\/chemgramx.com\/#website"},"primaryImageOfPage":{"@id":"https:\/\/chemgramx.com\/product\/2cl-2-chlor-lysergsaeurediethylamid-online-kaufen\/#primaryimage"},"image":{"@id":"https:\/\/chemgramx.com\/product\/2cl-2-chlor-lysergsaeurediethylamid-online-kaufen\/#primaryimage"},"thumbnailUrl":"https:\/\/chemgramx.com\/wp-content\/uploads\/2025\/11\/2C-L-kaufen.webp","datePublished":"2025-11-21T11:18:50+00:00","dateModified":"2025-11-21T11:19:55+00:00","description":"Il tuo ordine di 2cl (dietilamide dell'acido 2-clorolisergico) in vendita \u00e8 sotto la nostra responsabilit\u00e0. Valuteremo la tua richiesta di acquisto online di 2cl (dietilamide dell'acido 2-clorolisergico) e ti contatteremo a breve. Effettua subito ordini all'ingrosso!","breadcrumb":{"@id":"https:\/\/chemgramx.com\/product\/2cl-2-chlor-lysergsaeurediethylamid-online-kaufen\/#breadcrumb"},"inLanguage":"it-IT","potentialAction":[{"@type":"ReadAction","target":["https:\/\/chemgramx.com\/product\/2cl-2-chlor-lysergsaeurediethylamid-online-kaufen\/"]}]},{"@type":"ImageObject","inLanguage":"it-IT","@id":"https:\/\/chemgramx.com\/product\/2cl-2-chlor-lysergsaeurediethylamid-online-kaufen\/#primaryimage","url":"https:\/\/chemgramx.com\/wp-content\/uploads\/2025\/11\/2C-L-kaufen.webp","contentUrl":"https:\/\/chemgramx.com\/wp-content\/uploads\/2025\/11\/2C-L-kaufen.webp","width":375,"height":500},{"@type":"BreadcrumbList","@id":"https:\/\/chemgramx.com\/product\/2cl-2-chlor-lysergsaeurediethylamid-online-kaufen\/#breadcrumb","itemListElement":[{"@type":"ListItem","position":1,"name":"Home","item":"https:\/\/chemgramx.com\/"},{"@type":"ListItem","position":2,"name":"Shop","item":"https:\/\/chemgramx.com\/shop\/"},{"@type":"ListItem","position":3,"name":"2CL (2-Chlor-Lysergs\u00e4urediethylamid) Online Kaufen"}]},{"@type":"WebSite","@id":"https:\/\/chemgramx.com\/#website","url":"https:\/\/chemgramx.com\/","name":"Chemgramx","description":"","publisher":{"@id":"https:\/\/chemgramx.com\/#organization"},"potentialAction":[{"@type":"SearchAction","target":{"@type":"EntryPoint","urlTemplate":"https:\/\/chemgramx.com\/?s={search_term_string}"},"query-input":{"@type":"PropertyValueSpecification","valueRequired":true,"valueName":"search_term_string"}}],"inLanguage":"it-IT"},{"@type":"Organization","@id":"https:\/\/chemgramx.com\/#organization","name":"Chemgramx","url":"https:\/\/chemgramx.com\/","logo":{"@type":"ImageObject","inLanguage":"it-IT","@id":"https:\/\/chemgramx.com\/#\/schema\/logo\/image\/","url":"https:\/\/chemgramx.com\/wp-content\/uploads\/2024\/10\/final-logo.png","contentUrl":"https:\/\/chemgramx.com\/wp-content\/uploads\/2024\/10\/final-logo.png","width":250,"height":48,"caption":"Chemgramx"},"image":{"@id":"https:\/\/chemgramx.com\/#\/schema\/logo\/image\/"}}]}},"_links":{"self":[{"href":"https:\/\/chemgramx.com\/it\/wp-json\/wp\/v2\/product\/7601","targetHints":{"allow":["GET"]}}],"collection":[{"href":"https:\/\/chemgramx.com\/it\/wp-json\/wp\/v2\/product"}],"about":[{"href":"https:\/\/chemgramx.com\/it\/wp-json\/wp\/v2\/types\/product"}],"replies":[{"embeddable":true,"href":"https:\/\/chemgramx.com\/it\/wp-json\/wp\/v2\/comments?post=7601"}],"wp:featuredmedia":[{"embeddable":true,"href":"https:\/\/chemgramx.com\/it\/wp-json\/wp\/v2\/media\/7609"}],"wp:attachment":[{"href":"https:\/\/chemgramx.com\/it\/wp-json\/wp\/v2\/media?parent=7601"}],"wp:term":[{"taxonomy":"product_brand","embeddable":true,"href":"https:\/\/chemgramx.com\/it\/wp-json\/wp\/v2\/product_brand?post=7601"},{"taxonomy":"product_cat","embeddable":true,"href":"https:\/\/chemgramx.com\/it\/wp-json\/wp\/v2\/product_cat?post=7601"},{"taxonomy":"product_tag","embeddable":true,"href":"https:\/\/chemgramx.com\/it\/wp-json\/wp\/v2\/product_tag?post=7601"}],"curies":[{"name":"wp","href":"https:\/\/api.w.org\/{rel}","templated":true}]}}