{"id":7613,"date":"2025-11-21T11:19:16","date_gmt":"2025-11-21T11:19:16","guid":{"rendered":"https:\/\/chemgramx.com\/?post_type=product&#038;p=7613"},"modified":"2025-11-21T11:20:09","modified_gmt":"2025-11-21T11:20:09","slug":"6-mapb-6-metil-2-aminopropilbenzofuran-acquistare-online","status":"publish","type":"product","link":"https:\/\/chemgramx.com\/it\/product\/6-mapb-6-methyl-2-aminopropylbenzofuran-online-kaufen\/","title":{"rendered":"Acquistare 6-MAPB (6-Methyl-2-Aminopropylbenzofuran) online"},"content":{"rendered":"<p data-start=\"294\" data-end=\"740\">Stai cercando un fornitore affidabile per acquistare 6-MAPB online da una fonte di ricerca affidabile? Allora sei nel posto giusto. Chemgramx offre 6-MAPB altamente purificato e testato in laboratorio, destinato esclusivamente alla ricerca. Sempre pi\u00f9 ricercatori scelgono di acquistare 6-MAPB da noi. <a href=\"https:\/\/chemgramx.com\/product\/6-mapb-6-methyl-2-aminopropylbenzofuran\/\">Acquistare 6-MAPB online<\/a>per studiare gli effetti degli stimolanti e degli entactogeni sui neurotrasmettitori, sull'umore e sul comportamento.<\/p>\n<h3 data-start=\"742\" data-end=\"762\">Che cos'\u00e8 il 6-MAPB?<\/h3>\n<p data-start=\"764\" data-end=\"1211\"><a href=\"https:\/\/en.wikipedia.org\/wiki\/6-MAPB\">6-MAPB<\/a> Il 6-metil-2-amminopropilbenzofurano \u00e8 strutturalmente strettamente correlato all'MDMA e agisce principalmente sui trasportatori di serotonina, dopamina e noradrenalina. Grazie alle sue propriet\u00e0 entactogene e stimolanti, viene spesso utilizzato negli studi per esplorare gli stati emotivi, le interazioni sociali e gli effetti cognitivi. Molti scienziati ordinano il 6-MAPB per ottenere informazioni precise sugli effetti di questa sostanza.<\/p>\n<h3 data-start=\"1213\" data-end=\"1256\">Perch\u00e9 scegliere 6-MAPB per la ricerca?<\/h3>\n<p data-start=\"1258\" data-end=\"1598\">La ricerca sul 6-MAPB fornisce preziose informazioni sul funzionamento dei neurotrasmettitori e sul ruolo degli stimolanti nella modulazione dell'umore e nel comportamento. Aiuta anche a studiare potenziali applicazioni terapeutiche. Chiunque si chieda dove acquistare il 6-MAP trover\u00e0 un fornitore affidabile e verificato su Chemgramx.<\/p>\n<h3 data-start=\"1600\" data-end=\"1634\">6-MAPB in vendita presso Chemgramx<\/h3>\n<p data-start=\"1636\" data-end=\"2016\">Chemgramx offre 6-MAPB rigorosamente testato e altamente purificato. Ogni lotto viene sottoposto a test approfonditi di qualit\u00e0 e purezza per garantire l'affidabilit\u00e0 dei risultati della ricerca. Che siate interessati a studi sui neurotrasmettitori, sugli effetti psicoattivi o sull'analisi comportamentale, Chemgramx vi offre la sostanza chimica di ricerca giusta.<\/p>\n<h3 data-start=\"2018\" data-end=\"2067\">Vantaggi dell'acquisto di 6-MAPB da Chemgramx<\/h3>\n<ul data-start=\"2068\" data-end=\"2327\">\n<li data-start=\"2068\" data-end=\"2152\">\n<p data-start=\"2070\" data-end=\"2152\">Test di laboratorio per la purezza: qualit\u00e0 garantita per studi scientifici.<\/p>\n<\/li>\n<li data-start=\"2153\" data-end=\"2222\">\n<p data-start=\"2155\" data-end=\"2222\">Consegna discreta: consegna rapida e sicura in tutto il mondo.<\/p>\n<\/li>\n<li data-start=\"2223\" data-end=\"2327\">\n<p data-start=\"2225\" data-end=\"2327\">Ricerca affidabile: ideale per studi sull'umore, sul comportamento e sull'attivit\u00e0 dei neurotrasmettitori.<\/p>\n<\/li>\n<\/ul>\n<h3 data-start=\"2329\" data-end=\"2374\">Status legale e consegna sicura<\/h3>\n<p data-start=\"2376\" data-end=\"2695\">Prima di acquistare 6-MAPB online, si prega di verificare le normative legali del proprio Paese. Chemgramx vende 6-MAPB esclusivamente per scopi di ricerca e si attiene rigorosamente a tutte le normative. La consegna discreta garantisce che il tuo ordine arrivi in \u200b\u200bmodo riservato e sicuro.<\/p>\n<h3 data-start=\"2697\" data-end=\"2733\">6-MAPB Prezzo e processo di ordine<\/h3>\n<p data-start=\"2735\" data-end=\"2982\">Offriamo prezzi equi e trasparenti per 6-MAPB, consentendovi di ordinare in modo flessibile in base alle vostre esigenze di ricerca. Il processo di ordinazione \u00e8 semplice, veloce e sicuro: perfetto per chiunque cerchi il posto migliore per acquistare 6-MAPB online.<\/p>\n<h3 data-start=\"2984\" data-end=\"3026\">Conclusione \u2013 Ordina subito 6-MAPB online<\/h3>\n<p data-start=\"3028\" data-end=\"3346\">Se desideri supportare un laboratorio o un progetto di ricerca affidabile, Chemgramx \u00e8 il partner ideale. Esplora subito la nostra selezione e ordina comodamente 6-MAPB online. Con qualit\u00e0 garantita, spedizione discreta e prezzi equi, Chemgramx \u00e8 il posto migliore per acquistare 6-MAPB online.<\/p>\n<p data-start=\"3348\" data-end=\"3481\">Ordina oggi e approfitta del nostro servizio sicuro: acquista 6-MAPB online da un fornitore affidabile.<\/p>","protected":false},"excerpt":{"rendered":"<div class=\"group\/conversation-turn relative flex w-full min-w-0 flex-col agent-turn\">\n<div class=\"flex-col gap-1 md:gap-3\">\n<div class=\"flex max-w-full flex-col flex-grow\">\n<div class=\"min-h-8 text-message flex w-full flex-col items-end gap-2 whitespace-normal break-words [.text-message+&amp;]:mt-5\" dir=\"auto\" data-message-author-role=\"assistant\" data-message-id=\"62779292-48b5-4968-bc2b-acb51772039b\" data-message-model-slug=\"gpt-4o-mini\">\n<div class=\"flex w-full flex-col gap-1 empty:hidden first:pt-[3px]\">\n<div class=\"markdown prose w-full break-words dark:prose-invert light\">\n<p><strong>6-MAPB<\/strong> ist eine psychoaktive Substanz, die zur Klasse der empathogenen und stimulierenden Verbindungen geh\u00f6rt. \u00c4hnlich wie andere Verbindungen in dieser Klasse wird sie h\u00e4ufig f\u00fcr ihre positiven Wirkungen auf das Wohlbefinden und die soziale Interaktion untersucht.<\/p>\n<div class=\"group\/conversation-turn relative flex w-full min-w-0 flex-col agent-turn\">\n<div class=\"flex-col gap-1 md:gap-3\">\n<div class=\"flex max-w-full flex-col flex-grow\">\n<div class=\"min-h-8 text-message flex w-full flex-col items-end gap-2 whitespace-normal break-words [.text-message+&amp;]:mt-5\" dir=\"auto\" data-message-author-role=\"assistant\" data-message-id=\"62779292-48b5-4968-bc2b-acb51772039b\" data-message-model-slug=\"gpt-4o-mini\">\n<div class=\"flex w-full flex-col gap-1 empty:hidden first:pt-[3px]\">\n<div class=\"markdown prose w-full break-words dark:prose-invert light\">\n<ul>\n<li><strong>CAS Number:<\/strong> <strong>145204-55-7<\/strong><\/li>\n<li><strong>Chemical Formula:<\/strong> <strong>C12H15N<\/strong><\/li>\n<\/ul>\n<\/div>\n<\/div>\n<\/div>\n<\/div>\n<\/div>\n<\/div>\n<\/div>\n<\/div>\n<\/div>\n<\/div>\n<\/div>\n<\/div>\n","protected":false},"featured_media":7643,"comment_status":"open","ping_status":"closed","template":"","meta":{"_joinchat":[]},"product_brand":[],"product_cat":[96],"product_tag":[2392,2697,2387,2696,2393,2390,2692,2694,2693,2695],"class_list":{"0":"post-7613","1":"product","2":"type-product","3":"status-publish","4":"has-post-thumbnail","6":"product_cat-psychedelische-droge","7":"product_tag-6-mapb-chemikalien","8":"product_tag-6-mapb-drogen","9":"product_tag-6-mapb-kaufen","10":"product_tag-6-mapb-kaufen-deutschland","11":"product_tag-6-mapb-kaufen-online","12":"product_tag-6-mapb-kristalle","13":"product_tag-6-mapb-online-kaufen","14":"product_tag-6-mapb-preis","15":"product_tag-6-mapb-prodej","16":"product_tag-6-methyl-2-aminopropylbenzofuran","18":"first","19":"instock","20":"shipping-taxable","21":"purchasable","22":"product-type-variable"},"yoast_head":"<!-- This site is optimized with the Yoast SEO plugin v27.5 - https:\/\/yoast.com\/product\/yoast-seo-wordpress\/ -->\n<title>6-MAPB (6-Methyl-2-Aminopropylbenzofuran) online kaufen<\/title>\n<meta name=\"description\" content=\"Sie m\u00f6chten 6-MAPB (6-Methyl-2-Aminopropylbenzofuran) online zu einem vern\u00fcnftigen Preis kaufen? Besuchen Sie unseren renommierten Chemgramx-Onlineshop und holen Sie sich noch heute 6-mapb zu verkaufen. Jetzt bestellen!\" \/>\n<meta name=\"robots\" content=\"index, follow, max-snippet:-1, max-image-preview:large, max-video-preview:-1\" \/>\n<link rel=\"canonical\" href=\"https:\/\/chemgramx.com\/it\/prodotto-1\/6-mapb-6-metil-2-aminopropilbenzofuran-acquistare-online\/\" \/>\n<meta property=\"og:locale\" content=\"it_IT\" \/>\n<meta property=\"og:type\" content=\"article\" \/>\n<meta property=\"og:title\" content=\"6-MAPB (6-Methyl-2-Aminopropylbenzofuran) online kaufen\" \/>\n<meta property=\"og:description\" content=\"Sie m\u00f6chten 6-MAPB (6-Methyl-2-Aminopropylbenzofuran) online zu einem vern\u00fcnftigen Preis kaufen? Besuchen Sie unseren renommierten Chemgramx-Onlineshop und holen Sie sich noch heute 6-mapb zu verkaufen. Jetzt bestellen!\" \/>\n<meta property=\"og:url\" content=\"https:\/\/chemgramx.com\/it\/prodotto-1\/6-mapb-6-metil-2-aminopropilbenzofuran-acquistare-online\/\" \/>\n<meta property=\"og:site_name\" content=\"Chemgramx\" \/>\n<meta property=\"article:modified_time\" content=\"2025-11-21T11:20:09+00:00\" \/>\n<meta property=\"og:image\" content=\"https:\/\/chemgramx.com\/wp-content\/uploads\/2025\/11\/6-MAPB-Online-Kaufen.jpeg\" \/>\n\t<meta property=\"og:image:width\" content=\"800\" \/>\n\t<meta property=\"og:image:height\" content=\"600\" \/>\n\t<meta property=\"og:image:type\" content=\"image\/jpeg\" \/>\n<meta name=\"twitter:card\" content=\"summary_large_image\" \/>\n<meta name=\"twitter:label1\" content=\"Tempo di lettura stimato\" \/>\n\t<meta name=\"twitter:data1\" content=\"2 minuti\" \/>\n<script type=\"application\/ld+json\" class=\"yoast-schema-graph\">{\"@context\":\"https:\\\/\\\/schema.org\",\"@graph\":[{\"@type\":\"WebPage\",\"@id\":\"https:\\\/\\\/chemgramx.com\\\/product\\\/6-mapb-6-methyl-2-aminopropylbenzofuran-online-kaufen\\\/\",\"url\":\"https:\\\/\\\/chemgramx.com\\\/product\\\/6-mapb-6-methyl-2-aminopropylbenzofuran-online-kaufen\\\/\",\"name\":\"6-MAPB (6-Methyl-2-Aminopropylbenzofuran) online kaufen\",\"isPartOf\":{\"@id\":\"https:\\\/\\\/chemgramx.com\\\/#website\"},\"primaryImageOfPage\":{\"@id\":\"https:\\\/\\\/chemgramx.com\\\/product\\\/6-mapb-6-methyl-2-aminopropylbenzofuran-online-kaufen\\\/#primaryimage\"},\"image\":{\"@id\":\"https:\\\/\\\/chemgramx.com\\\/product\\\/6-mapb-6-methyl-2-aminopropylbenzofuran-online-kaufen\\\/#primaryimage\"},\"thumbnailUrl\":\"https:\\\/\\\/chemgramx.com\\\/wp-content\\\/uploads\\\/2025\\\/11\\\/6-MAPB-Online-Kaufen.jpeg\",\"datePublished\":\"2025-11-21T11:19:16+00:00\",\"dateModified\":\"2025-11-21T11:20:09+00:00\",\"description\":\"Sie m\u00f6chten 6-MAPB (6-Methyl-2-Aminopropylbenzofuran) online zu einem vern\u00fcnftigen Preis kaufen? Besuchen Sie unseren renommierten Chemgramx-Onlineshop und holen Sie sich noch heute 6-mapb zu verkaufen. Jetzt bestellen!\",\"breadcrumb\":{\"@id\":\"https:\\\/\\\/chemgramx.com\\\/product\\\/6-mapb-6-methyl-2-aminopropylbenzofuran-online-kaufen\\\/#breadcrumb\"},\"inLanguage\":\"it-IT\",\"potentialAction\":[{\"@type\":\"ReadAction\",\"target\":[\"https:\\\/\\\/chemgramx.com\\\/product\\\/6-mapb-6-methyl-2-aminopropylbenzofuran-online-kaufen\\\/\"]}]},{\"@type\":\"ImageObject\",\"inLanguage\":\"it-IT\",\"@id\":\"https:\\\/\\\/chemgramx.com\\\/product\\\/6-mapb-6-methyl-2-aminopropylbenzofuran-online-kaufen\\\/#primaryimage\",\"url\":\"https:\\\/\\\/chemgramx.com\\\/wp-content\\\/uploads\\\/2025\\\/11\\\/6-MAPB-Online-Kaufen.jpeg\",\"contentUrl\":\"https:\\\/\\\/chemgramx.com\\\/wp-content\\\/uploads\\\/2025\\\/11\\\/6-MAPB-Online-Kaufen.jpeg\",\"width\":800,\"height\":600},{\"@type\":\"BreadcrumbList\",\"@id\":\"https:\\\/\\\/chemgramx.com\\\/product\\\/6-mapb-6-methyl-2-aminopropylbenzofuran-online-kaufen\\\/#breadcrumb\",\"itemListElement\":[{\"@type\":\"ListItem\",\"position\":1,\"name\":\"Home\",\"item\":\"https:\\\/\\\/chemgramx.com\\\/\"},{\"@type\":\"ListItem\",\"position\":2,\"name\":\"Shop\",\"item\":\"https:\\\/\\\/chemgramx.com\\\/shop\\\/\"},{\"@type\":\"ListItem\",\"position\":3,\"name\":\"6-MAPB (6-Methyl-2-Aminopropylbenzofuran) online kaufen\"}]},{\"@type\":\"WebSite\",\"@id\":\"https:\\\/\\\/chemgramx.com\\\/#website\",\"url\":\"https:\\\/\\\/chemgramx.com\\\/\",\"name\":\"Chemgramx\",\"description\":\"\",\"publisher\":{\"@id\":\"https:\\\/\\\/chemgramx.com\\\/#organization\"},\"potentialAction\":[{\"@type\":\"SearchAction\",\"target\":{\"@type\":\"EntryPoint\",\"urlTemplate\":\"https:\\\/\\\/chemgramx.com\\\/?s={search_term_string}\"},\"query-input\":{\"@type\":\"PropertyValueSpecification\",\"valueRequired\":true,\"valueName\":\"search_term_string\"}}],\"inLanguage\":\"it-IT\"},{\"@type\":\"Organization\",\"@id\":\"https:\\\/\\\/chemgramx.com\\\/#organization\",\"name\":\"Chemgramx\",\"url\":\"https:\\\/\\\/chemgramx.com\\\/\",\"logo\":{\"@type\":\"ImageObject\",\"inLanguage\":\"it-IT\",\"@id\":\"https:\\\/\\\/chemgramx.com\\\/#\\\/schema\\\/logo\\\/image\\\/\",\"url\":\"https:\\\/\\\/chemgramx.com\\\/wp-content\\\/uploads\\\/2024\\\/10\\\/final-logo.png\",\"contentUrl\":\"https:\\\/\\\/chemgramx.com\\\/wp-content\\\/uploads\\\/2024\\\/10\\\/final-logo.png\",\"width\":250,\"height\":48,\"caption\":\"Chemgramx\"},\"image\":{\"@id\":\"https:\\\/\\\/chemgramx.com\\\/#\\\/schema\\\/logo\\\/image\\\/\"}}]}<\/script>\n<!-- \/ Yoast SEO plugin. -->","yoast_head_json":{"title":"Acquistare 6-MAPB (6-Methyl-2-Aminopropylbenzofuran) online","description":"Vuoi acquistare 6-MAPB (6-metil-2-amminopropilbenzofurano) online a un prezzo ragionevole? Visita il nostro rinomato negozio online Chemgramx e acquista subito 6-MAPB in offerta. Ordina subito!","robots":{"index":"index","follow":"follow","max-snippet":"max-snippet:-1","max-image-preview":"max-image-preview:large","max-video-preview":"max-video-preview:-1"},"canonical":"https:\/\/chemgramx.com\/it\/prodotto-1\/6-mapb-6-metil-2-aminopropilbenzofuran-acquistare-online\/","og_locale":"it_IT","og_type":"article","og_title":"6-MAPB (6-Methyl-2-Aminopropylbenzofuran) online kaufen","og_description":"Sie m\u00f6chten 6-MAPB (6-Methyl-2-Aminopropylbenzofuran) online zu einem vern\u00fcnftigen Preis kaufen? Besuchen Sie unseren renommierten Chemgramx-Onlineshop und holen Sie sich noch heute 6-mapb zu verkaufen. Jetzt bestellen!","og_url":"https:\/\/chemgramx.com\/it\/prodotto-1\/6-mapb-6-metil-2-aminopropilbenzofuran-acquistare-online\/","og_site_name":"Chemgramx","article_modified_time":"2025-11-21T11:20:09+00:00","og_image":[{"width":800,"height":600,"url":"https:\/\/chemgramx.com\/wp-content\/uploads\/2025\/11\/6-MAPB-Online-Kaufen.jpeg","type":"image\/jpeg"}],"twitter_card":"summary_large_image","twitter_misc":{"Tempo di lettura stimato":"2 minuti"},"schema":{"@context":"https:\/\/schema.org","@graph":[{"@type":"WebPage","@id":"https:\/\/chemgramx.com\/product\/6-mapb-6-methyl-2-aminopropylbenzofuran-online-kaufen\/","url":"https:\/\/chemgramx.com\/product\/6-mapb-6-methyl-2-aminopropylbenzofuran-online-kaufen\/","name":"Acquistare 6-MAPB (6-Methyl-2-Aminopropylbenzofuran) online","isPartOf":{"@id":"https:\/\/chemgramx.com\/#website"},"primaryImageOfPage":{"@id":"https:\/\/chemgramx.com\/product\/6-mapb-6-methyl-2-aminopropylbenzofuran-online-kaufen\/#primaryimage"},"image":{"@id":"https:\/\/chemgramx.com\/product\/6-mapb-6-methyl-2-aminopropylbenzofuran-online-kaufen\/#primaryimage"},"thumbnailUrl":"https:\/\/chemgramx.com\/wp-content\/uploads\/2025\/11\/6-MAPB-Online-Kaufen.jpeg","datePublished":"2025-11-21T11:19:16+00:00","dateModified":"2025-11-21T11:20:09+00:00","description":"Vuoi acquistare 6-MAPB (6-metil-2-amminopropilbenzofurano) online a un prezzo ragionevole? Visita il nostro rinomato negozio online Chemgramx e acquista subito 6-MAPB in offerta. Ordina subito!","breadcrumb":{"@id":"https:\/\/chemgramx.com\/product\/6-mapb-6-methyl-2-aminopropylbenzofuran-online-kaufen\/#breadcrumb"},"inLanguage":"it-IT","potentialAction":[{"@type":"ReadAction","target":["https:\/\/chemgramx.com\/product\/6-mapb-6-methyl-2-aminopropylbenzofuran-online-kaufen\/"]}]},{"@type":"ImageObject","inLanguage":"it-IT","@id":"https:\/\/chemgramx.com\/product\/6-mapb-6-methyl-2-aminopropylbenzofuran-online-kaufen\/#primaryimage","url":"https:\/\/chemgramx.com\/wp-content\/uploads\/2025\/11\/6-MAPB-Online-Kaufen.jpeg","contentUrl":"https:\/\/chemgramx.com\/wp-content\/uploads\/2025\/11\/6-MAPB-Online-Kaufen.jpeg","width":800,"height":600},{"@type":"BreadcrumbList","@id":"https:\/\/chemgramx.com\/product\/6-mapb-6-methyl-2-aminopropylbenzofuran-online-kaufen\/#breadcrumb","itemListElement":[{"@type":"ListItem","position":1,"name":"Home","item":"https:\/\/chemgramx.com\/"},{"@type":"ListItem","position":2,"name":"Shop","item":"https:\/\/chemgramx.com\/shop\/"},{"@type":"ListItem","position":3,"name":"6-MAPB (6-Methyl-2-Aminopropylbenzofuran) online kaufen"}]},{"@type":"WebSite","@id":"https:\/\/chemgramx.com\/#website","url":"https:\/\/chemgramx.com\/","name":"Chemgramx","description":"","publisher":{"@id":"https:\/\/chemgramx.com\/#organization"},"potentialAction":[{"@type":"SearchAction","target":{"@type":"EntryPoint","urlTemplate":"https:\/\/chemgramx.com\/?s={search_term_string}"},"query-input":{"@type":"PropertyValueSpecification","valueRequired":true,"valueName":"search_term_string"}}],"inLanguage":"it-IT"},{"@type":"Organization","@id":"https:\/\/chemgramx.com\/#organization","name":"Chemgramx","url":"https:\/\/chemgramx.com\/","logo":{"@type":"ImageObject","inLanguage":"it-IT","@id":"https:\/\/chemgramx.com\/#\/schema\/logo\/image\/","url":"https:\/\/chemgramx.com\/wp-content\/uploads\/2024\/10\/final-logo.png","contentUrl":"https:\/\/chemgramx.com\/wp-content\/uploads\/2024\/10\/final-logo.png","width":250,"height":48,"caption":"Chemgramx"},"image":{"@id":"https:\/\/chemgramx.com\/#\/schema\/logo\/image\/"}}]}},"_links":{"self":[{"href":"https:\/\/chemgramx.com\/it\/wp-json\/wp\/v2\/product\/7613","targetHints":{"allow":["GET"]}}],"collection":[{"href":"https:\/\/chemgramx.com\/it\/wp-json\/wp\/v2\/product"}],"about":[{"href":"https:\/\/chemgramx.com\/it\/wp-json\/wp\/v2\/types\/product"}],"replies":[{"embeddable":true,"href":"https:\/\/chemgramx.com\/it\/wp-json\/wp\/v2\/comments?post=7613"}],"wp:featuredmedia":[{"embeddable":true,"href":"https:\/\/chemgramx.com\/it\/wp-json\/wp\/v2\/media\/7643"}],"wp:attachment":[{"href":"https:\/\/chemgramx.com\/it\/wp-json\/wp\/v2\/media?parent=7613"}],"wp:term":[{"taxonomy":"product_brand","embeddable":true,"href":"https:\/\/chemgramx.com\/it\/wp-json\/wp\/v2\/product_brand?post=7613"},{"taxonomy":"product_cat","embeddable":true,"href":"https:\/\/chemgramx.com\/it\/wp-json\/wp\/v2\/product_cat?post=7613"},{"taxonomy":"product_tag","embeddable":true,"href":"https:\/\/chemgramx.com\/it\/wp-json\/wp\/v2\/product_tag?post=7613"}],"curies":[{"name":"wp","href":"https:\/\/api.w.org\/{rel}","templated":true}]}}