{"id":7614,"date":"2025-11-21T11:19:16","date_gmt":"2025-11-21T11:19:16","guid":{"rendered":"https:\/\/chemgramx.com\/?post_type=product&#038;p=7614"},"modified":"2025-11-21T11:20:22","modified_gmt":"2025-11-21T11:20:22","slug":"acquistare-allylescaline-online","status":"publish","type":"product","link":"https:\/\/chemgramx.com\/it\/product\/allylescaline-online-kaufen\/","title":{"rendered":"Acquistare Allylescaline online"},"content":{"rendered":"<p data-start=\"292\" data-end=\"649\">Cercare una possibilit\u00e0, <a href=\"https:\/\/chemgramx.com\/product\/allylescaline\/\">Acquista Allylescalin online<\/a> Cerchi una fonte di ricerca affidabile? Su Chemgramx puoi acquistare allilescalina di alta qualit\u00e0 per scopi di ricerca. Offriamo allilescalina in vendita, rigorosamente testata e verificata in laboratorio per soddisfare i pi\u00f9 elevati standard di purezza e affidabilit\u00e0.<\/p>\n<h2 data-start=\"651\" data-end=\"678\">Che cos'\u00e8 l'allilescalina?<\/h2>\n<p data-start=\"680\" data-end=\"1160\"><a href=\"https:\/\/en.wikipedia.org\/wiki\/Allylescaline\">Allylescaline<\/a> L'allylescalina \u00e8 una fenetilammina psichedelica strutturalmente strettamente correlata alla mescalina. Viene utilizzata nella ricerca per studiare gli effetti delle sostanze psichedeliche sul sistema nervoso centrale e sull'attivit\u00e0 dei neurotrasmettitori. I ricercatori che ordinano l'allylescalina o la acquistano online la utilizzano principalmente per analizzare i recettori della serotonina e il loro ruolo nella coscienza, nella percezione e nell'elaborazione delle emozioni.<\/p>\n<h3 data-start=\"1162\" data-end=\"1208\">Perch\u00e9 scegliere Allylescaline per la ricerca?<\/h3>\n<p data-start=\"1210\" data-end=\"1394\">La domanda di acquisto di allilescalina online \u00e8 in crescita, poich\u00e9 questa sostanza offre preziose informazioni sugli effetti dei composti psichedelici. I ricercatori apprezzano l'allilescalina per:<\/p>\n<ul data-start=\"1396\" data-end=\"1591\">\n<li data-start=\"1396\" data-end=\"1460\">\n<p data-start=\"1398\" data-end=\"1460\">per analizzare l'effetto degli agonisti del recettore della serotonina,<\/p>\n<\/li>\n<li data-start=\"1461\" data-end=\"1528\">\n<p data-start=\"1463\" data-end=\"1528\">per esplorare i cambiamenti nella percezione e nella coscienza,<\/p>\n<\/li>\n<\/ul>\n<p data-start=\"1593\" data-end=\"1741\">Per molti scienziati, Chemgramx \u00e8 il posto migliore per acquistare Allylescaline online perch\u00e9 garantiamo la massima purezza e qualit\u00e0 testata.<\/p>\n<h2 data-start=\"1743\" data-end=\"1787\">Allylescaline in vendita su Chemgramx<\/h2>\n<p data-start=\"1789\" data-end=\"2124\">Offriamo allilescalina in vendita, convalidata da rigorosi test di laboratorio. Il nostro prodotto soddisfa i pi\u00f9 elevati standard ed \u00e8 la scelta ideale per qualsiasi studio di ricerca. Che stiate studiando gli effetti psichedelici o la modulazione dei neurotrasmettitori, la nostra allilescalina \u00e8 la soluzione giusta.<\/p>\n<h2 data-start=\"2126\" data-end=\"2165\">Vantaggi dell'acquisto da Chemgramx:<\/h2>\n<ul data-start=\"2167\" data-end=\"2425\">\n<li data-start=\"2167\" data-end=\"2244\">\n<p data-start=\"2169\" data-end=\"2244\">Purezza testata in laboratorio: garantisce risultati di ricerca affidabili.<\/p>\n<\/li>\n<li data-start=\"2245\" data-end=\"2323\">\n<p data-start=\"2247\" data-end=\"2323\">Consegna rapida e discreta, in tutta sicurezza e riservatezza al tuo indirizzo.<\/p>\n<\/li>\n<li data-start=\"2324\" data-end=\"2425\">\n<p data-start=\"2326\" data-end=\"2425\">Idoneit\u00e0 alla ricerca: perfetto per studi sulla coscienza, sulla percezione e sulla modulazione della serotonina.<\/p>\n<\/li>\n<\/ul>\n<p data-start=\"2427\" data-end=\"2568\">Molti ricercatori si chiedono: <em data-start=\"2455\" data-end=\"2483\">dove acquistare Allylescaline<\/em>? \u2013 La risposta \u00e8 Chemgramx, il tuo fornitore affidabile di sostanze ad alta purezza.<\/p>\n<h2 data-start=\"2570\" data-end=\"2609\">Prezzo e ordine di Allylescaline<\/h2>\n<p data-start=\"2611\" data-end=\"2817\">Offriamo prezzi vantaggiosi per Allylescaline a scopo di ricerca. Ordinando Allylescaline, puoi essere certo di ricevere un prodotto testato e conforme agli standard pi\u00f9 elevati.<\/p>\n<h2 data-start=\"2819\" data-end=\"2864\">Status legale e consegna sicura<\/h2>\n<p data-start=\"2866\" data-end=\"3120\">Si prega di verificare lo status legale dell'allilescalina nel proprio Paese o regione prima di acquistarla online. Chemgramx vende l'allilescalina esclusivamente a scopo di ricerca e garantisce una consegna sicura e riservata.<\/p>\n<h2 data-start=\"3122\" data-end=\"3163\">Ordina subito Allylescaline online<\/h2>\n<p data-start=\"3165\" data-end=\"3425\">Siete pronti ad ampliare la vostra ricerca? Allora potete acquistare l'allilescalina, direttamente tramite la nostra piattaforma o effettuando un ordine discreto. La nostra selezione di allilescalina in vendita garantisce purezza, qualit\u00e0 e consegna rapida.<\/p>\n<p data-start=\"3427\" data-end=\"3594\">Chemgramx \u00e8 il tuo partner affidabile per le sostanze di ricerca: il posto migliore per acquistare Allylescaline online con purezza testata e servizio professionale.<\/p>","protected":false},"excerpt":{"rendered":"<p>L'allilescalina \u00e8 una sostanza psicoattiva appartenente alla classe delle feniletilamine. \u00c8 chimicamente correlata ad altri composti psichedelici noti e attira l'interesse di ricercatori e utenti per i suoi potenziali effetti sulla coscienza.<\/p>\n<ul>\n<li><strong>Numero CAS:<\/strong> <strong>10064-94-1<\/strong><\/li>\n<li><strong>Formula chimica:<\/strong> <strong>C12H17NO2<\/strong><\/li>\n<\/ul>","protected":false},"featured_media":7644,"comment_status":"open","ping_status":"closed","template":"","meta":{"_joinchat":[]},"product_brand":[],"product_cat":[96],"product_tag":[2679,2681,2673,2680,2678,2674,2675,2677,2676,2015],"class_list":{"0":"post-7614","1":"product","2":"type-product","3":"status-publish","4":"has-post-thumbnail","6":"product_cat-psychedelische-droge","7":"product_tag-allylescaline-chemikalien","8":"product_tag-allylescaline-drogen","9":"product_tag-allylescaline-kaufen","10":"product_tag-allylescaline-kaufen-deutschland","11":"product_tag-allylescaline-kaufen-online","12":"product_tag-allylescaline-kristalle","13":"product_tag-allylescaline-online-kaufen","14":"product_tag-allylescaline-preis","15":"product_tag-allylescaline-prodej","16":"product_tag-synthetische-drogen","18":"first","19":"instock","20":"shipping-taxable","21":"purchasable","22":"product-type-variable"},"yoast_head":"<!-- This site is optimized with the Yoast SEO plugin v27.5 - https:\/\/yoast.com\/product\/yoast-seo-wordpress\/ -->\n<title>Allylescaline online kaufen \u2013 Allylescaline zu verkaufen<\/title>\n<meta name=\"description\" content=\"Es ist die beste Zeit, unseren Chemgramx-Onlineshop zu besuchen und Allylescaline online zu kaufen. Wir haben hier Allylescaline zum Verkauf. Treffen Sie uns online und bestellen Sie noch heute!\" \/>\n<meta name=\"robots\" content=\"index, follow, max-snippet:-1, max-image-preview:large, max-video-preview:-1\" \/>\n<link rel=\"canonical\" href=\"https:\/\/chemgramx.com\/it\/prodotto-1\/acquistare-allylescaline-online\/\" \/>\n<meta property=\"og:locale\" content=\"it_IT\" \/>\n<meta property=\"og:type\" content=\"article\" \/>\n<meta property=\"og:title\" content=\"Allylescaline online kaufen \u2013 Allylescaline zu verkaufen\" \/>\n<meta property=\"og:description\" content=\"Es ist die beste Zeit, unseren Chemgramx-Onlineshop zu besuchen und Allylescaline online zu kaufen. Wir haben hier Allylescaline zum Verkauf. Treffen Sie uns online und bestellen Sie noch heute!\" \/>\n<meta property=\"og:url\" content=\"https:\/\/chemgramx.com\/it\/prodotto-1\/acquistare-allylescaline-online\/\" \/>\n<meta property=\"og:site_name\" content=\"Chemgramx\" \/>\n<meta property=\"article:modified_time\" content=\"2025-11-21T11:20:22+00:00\" \/>\n<meta property=\"og:image\" content=\"https:\/\/chemgramx.com\/wp-content\/uploads\/2025\/11\/Allylescaline.jpg\" \/>\n\t<meta property=\"og:image:width\" content=\"474\" \/>\n\t<meta property=\"og:image:height\" content=\"347\" \/>\n\t<meta property=\"og:image:type\" content=\"image\/jpeg\" \/>\n<meta name=\"twitter:card\" content=\"summary_large_image\" \/>\n<meta name=\"twitter:label1\" content=\"Tempo di lettura stimato\" \/>\n\t<meta name=\"twitter:data1\" content=\"2 minuti\" \/>\n<script type=\"application\/ld+json\" class=\"yoast-schema-graph\">{\"@context\":\"https:\\\/\\\/schema.org\",\"@graph\":[{\"@type\":\"WebPage\",\"@id\":\"https:\\\/\\\/chemgramx.com\\\/product\\\/allylescaline-online-kaufen\\\/\",\"url\":\"https:\\\/\\\/chemgramx.com\\\/product\\\/allylescaline-online-kaufen\\\/\",\"name\":\"Allylescaline online kaufen \u2013 Allylescaline zu verkaufen\",\"isPartOf\":{\"@id\":\"https:\\\/\\\/chemgramx.com\\\/#website\"},\"primaryImageOfPage\":{\"@id\":\"https:\\\/\\\/chemgramx.com\\\/product\\\/allylescaline-online-kaufen\\\/#primaryimage\"},\"image\":{\"@id\":\"https:\\\/\\\/chemgramx.com\\\/product\\\/allylescaline-online-kaufen\\\/#primaryimage\"},\"thumbnailUrl\":\"https:\\\/\\\/chemgramx.com\\\/wp-content\\\/uploads\\\/2025\\\/11\\\/Allylescaline.jpg\",\"datePublished\":\"2025-11-21T11:19:16+00:00\",\"dateModified\":\"2025-11-21T11:20:22+00:00\",\"description\":\"Es ist die beste Zeit, unseren Chemgramx-Onlineshop zu besuchen und Allylescaline online zu kaufen. Wir haben hier Allylescaline zum Verkauf. Treffen Sie uns online und bestellen Sie noch heute!\",\"breadcrumb\":{\"@id\":\"https:\\\/\\\/chemgramx.com\\\/product\\\/allylescaline-online-kaufen\\\/#breadcrumb\"},\"inLanguage\":\"it-IT\",\"potentialAction\":[{\"@type\":\"ReadAction\",\"target\":[\"https:\\\/\\\/chemgramx.com\\\/product\\\/allylescaline-online-kaufen\\\/\"]}]},{\"@type\":\"ImageObject\",\"inLanguage\":\"it-IT\",\"@id\":\"https:\\\/\\\/chemgramx.com\\\/product\\\/allylescaline-online-kaufen\\\/#primaryimage\",\"url\":\"https:\\\/\\\/chemgramx.com\\\/wp-content\\\/uploads\\\/2025\\\/11\\\/Allylescaline.jpg\",\"contentUrl\":\"https:\\\/\\\/chemgramx.com\\\/wp-content\\\/uploads\\\/2025\\\/11\\\/Allylescaline.jpg\",\"width\":474,\"height\":347},{\"@type\":\"BreadcrumbList\",\"@id\":\"https:\\\/\\\/chemgramx.com\\\/product\\\/allylescaline-online-kaufen\\\/#breadcrumb\",\"itemListElement\":[{\"@type\":\"ListItem\",\"position\":1,\"name\":\"Home\",\"item\":\"https:\\\/\\\/chemgramx.com\\\/\"},{\"@type\":\"ListItem\",\"position\":2,\"name\":\"Shop\",\"item\":\"https:\\\/\\\/chemgramx.com\\\/shop\\\/\"},{\"@type\":\"ListItem\",\"position\":3,\"name\":\"Allylescaline online kaufen\"}]},{\"@type\":\"WebSite\",\"@id\":\"https:\\\/\\\/chemgramx.com\\\/#website\",\"url\":\"https:\\\/\\\/chemgramx.com\\\/\",\"name\":\"Chemgramx\",\"description\":\"\",\"publisher\":{\"@id\":\"https:\\\/\\\/chemgramx.com\\\/#organization\"},\"potentialAction\":[{\"@type\":\"SearchAction\",\"target\":{\"@type\":\"EntryPoint\",\"urlTemplate\":\"https:\\\/\\\/chemgramx.com\\\/?s={search_term_string}\"},\"query-input\":{\"@type\":\"PropertyValueSpecification\",\"valueRequired\":true,\"valueName\":\"search_term_string\"}}],\"inLanguage\":\"it-IT\"},{\"@type\":\"Organization\",\"@id\":\"https:\\\/\\\/chemgramx.com\\\/#organization\",\"name\":\"Chemgramx\",\"url\":\"https:\\\/\\\/chemgramx.com\\\/\",\"logo\":{\"@type\":\"ImageObject\",\"inLanguage\":\"it-IT\",\"@id\":\"https:\\\/\\\/chemgramx.com\\\/#\\\/schema\\\/logo\\\/image\\\/\",\"url\":\"https:\\\/\\\/chemgramx.com\\\/wp-content\\\/uploads\\\/2024\\\/10\\\/final-logo.png\",\"contentUrl\":\"https:\\\/\\\/chemgramx.com\\\/wp-content\\\/uploads\\\/2024\\\/10\\\/final-logo.png\",\"width\":250,\"height\":48,\"caption\":\"Chemgramx\"},\"image\":{\"@id\":\"https:\\\/\\\/chemgramx.com\\\/#\\\/schema\\\/logo\\\/image\\\/\"}}]}<\/script>\n<!-- \/ Yoast SEO plugin. -->","yoast_head_json":{"title":"Acquista Allylescaline online \u2013 Allylescaline in vendita","description":"\u00c8 il momento migliore per visitare il nostro negozio online Chemgramx e acquistare Allylescaline online. Abbiamo Allylescaline in vendita qui. Vieni a trovarci online e ordina oggi stesso!","robots":{"index":"index","follow":"follow","max-snippet":"max-snippet:-1","max-image-preview":"max-image-preview:large","max-video-preview":"max-video-preview:-1"},"canonical":"https:\/\/chemgramx.com\/it\/prodotto-1\/acquistare-allylescaline-online\/","og_locale":"it_IT","og_type":"article","og_title":"Allylescaline online kaufen \u2013 Allylescaline zu verkaufen","og_description":"Es ist die beste Zeit, unseren Chemgramx-Onlineshop zu besuchen und Allylescaline online zu kaufen. Wir haben hier Allylescaline zum Verkauf. Treffen Sie uns online und bestellen Sie noch heute!","og_url":"https:\/\/chemgramx.com\/it\/prodotto-1\/acquistare-allylescaline-online\/","og_site_name":"Chemgramx","article_modified_time":"2025-11-21T11:20:22+00:00","og_image":[{"width":474,"height":347,"url":"https:\/\/chemgramx.com\/wp-content\/uploads\/2025\/11\/Allylescaline.jpg","type":"image\/jpeg"}],"twitter_card":"summary_large_image","twitter_misc":{"Tempo di lettura stimato":"2 minuti"},"schema":{"@context":"https:\/\/schema.org","@graph":[{"@type":"WebPage","@id":"https:\/\/chemgramx.com\/product\/allylescaline-online-kaufen\/","url":"https:\/\/chemgramx.com\/product\/allylescaline-online-kaufen\/","name":"Acquista Allylescaline online \u2013 Allylescaline in vendita","isPartOf":{"@id":"https:\/\/chemgramx.com\/#website"},"primaryImageOfPage":{"@id":"https:\/\/chemgramx.com\/product\/allylescaline-online-kaufen\/#primaryimage"},"image":{"@id":"https:\/\/chemgramx.com\/product\/allylescaline-online-kaufen\/#primaryimage"},"thumbnailUrl":"https:\/\/chemgramx.com\/wp-content\/uploads\/2025\/11\/Allylescaline.jpg","datePublished":"2025-11-21T11:19:16+00:00","dateModified":"2025-11-21T11:20:22+00:00","description":"\u00c8 il momento migliore per visitare il nostro negozio online Chemgramx e acquistare Allylescaline online. Abbiamo Allylescaline in vendita qui. Vieni a trovarci online e ordina oggi stesso!","breadcrumb":{"@id":"https:\/\/chemgramx.com\/product\/allylescaline-online-kaufen\/#breadcrumb"},"inLanguage":"it-IT","potentialAction":[{"@type":"ReadAction","target":["https:\/\/chemgramx.com\/product\/allylescaline-online-kaufen\/"]}]},{"@type":"ImageObject","inLanguage":"it-IT","@id":"https:\/\/chemgramx.com\/product\/allylescaline-online-kaufen\/#primaryimage","url":"https:\/\/chemgramx.com\/wp-content\/uploads\/2025\/11\/Allylescaline.jpg","contentUrl":"https:\/\/chemgramx.com\/wp-content\/uploads\/2025\/11\/Allylescaline.jpg","width":474,"height":347},{"@type":"BreadcrumbList","@id":"https:\/\/chemgramx.com\/product\/allylescaline-online-kaufen\/#breadcrumb","itemListElement":[{"@type":"ListItem","position":1,"name":"Home","item":"https:\/\/chemgramx.com\/"},{"@type":"ListItem","position":2,"name":"Shop","item":"https:\/\/chemgramx.com\/shop\/"},{"@type":"ListItem","position":3,"name":"Allylescaline online kaufen"}]},{"@type":"WebSite","@id":"https:\/\/chemgramx.com\/#website","url":"https:\/\/chemgramx.com\/","name":"Chemgramx","description":"","publisher":{"@id":"https:\/\/chemgramx.com\/#organization"},"potentialAction":[{"@type":"SearchAction","target":{"@type":"EntryPoint","urlTemplate":"https:\/\/chemgramx.com\/?s={search_term_string}"},"query-input":{"@type":"PropertyValueSpecification","valueRequired":true,"valueName":"search_term_string"}}],"inLanguage":"it-IT"},{"@type":"Organization","@id":"https:\/\/chemgramx.com\/#organization","name":"Chemgramx","url":"https:\/\/chemgramx.com\/","logo":{"@type":"ImageObject","inLanguage":"it-IT","@id":"https:\/\/chemgramx.com\/#\/schema\/logo\/image\/","url":"https:\/\/chemgramx.com\/wp-content\/uploads\/2024\/10\/final-logo.png","contentUrl":"https:\/\/chemgramx.com\/wp-content\/uploads\/2024\/10\/final-logo.png","width":250,"height":48,"caption":"Chemgramx"},"image":{"@id":"https:\/\/chemgramx.com\/#\/schema\/logo\/image\/"}}]}},"_links":{"self":[{"href":"https:\/\/chemgramx.com\/it\/wp-json\/wp\/v2\/product\/7614","targetHints":{"allow":["GET"]}}],"collection":[{"href":"https:\/\/chemgramx.com\/it\/wp-json\/wp\/v2\/product"}],"about":[{"href":"https:\/\/chemgramx.com\/it\/wp-json\/wp\/v2\/types\/product"}],"replies":[{"embeddable":true,"href":"https:\/\/chemgramx.com\/it\/wp-json\/wp\/v2\/comments?post=7614"}],"wp:featuredmedia":[{"embeddable":true,"href":"https:\/\/chemgramx.com\/it\/wp-json\/wp\/v2\/media\/7644"}],"wp:attachment":[{"href":"https:\/\/chemgramx.com\/it\/wp-json\/wp\/v2\/media?parent=7614"}],"wp:term":[{"taxonomy":"product_brand","embeddable":true,"href":"https:\/\/chemgramx.com\/it\/wp-json\/wp\/v2\/product_brand?post=7614"},{"taxonomy":"product_cat","embeddable":true,"href":"https:\/\/chemgramx.com\/it\/wp-json\/wp\/v2\/product_cat?post=7614"},{"taxonomy":"product_tag","embeddable":true,"href":"https:\/\/chemgramx.com\/it\/wp-json\/wp\/v2\/product_tag?post=7614"}],"curies":[{"name":"wp","href":"https:\/\/api.w.org\/{rel}","templated":true}]}}