{"id":7619,"date":"2025-11-21T11:19:17","date_gmt":"2025-11-21T11:19:17","guid":{"rendered":"https:\/\/chemgramx.com\/?post_type=product&#038;p=7619"},"modified":"2025-11-21T11:20:53","modified_gmt":"2025-11-21T11:20:53","slug":"acquistare-mescalina-in-polvere-online","status":"publish","type":"product","link":"https:\/\/chemgramx.com\/it\/product\/mescalin-pulver-online-kaufen\/","title":{"rendered":"Acquistare polvere di mescalina online"},"content":{"rendered":"<p data-start=\"583\" data-end=\"1140\">La mescalina \u00e8 un alcaloide psicoattivo presente in natura in diverse specie di cactus (ad esempio peyote, San Pedro). Grazie ai suoi effetti psichedelici pronunciati e al suo noto meccanismo d'azione, la mescalina \u00e8 oggetto di interesse nella ricerca accademica, in particolare nei campi della neurofarmacologia, della ricerca sulla coscienza e della ricerca psicoterapeutica. Negli studi scientifici si ricorre solitamente a campioni sintetici e analiticamente caratterizzati per ottenere risultati riproducibili e controllati.<\/p>\n<h2>Finalit\u00e0 di ricerca e valore aggiunto scientifico<\/h2>\n<p data-start=\"1196\" data-end=\"1503\">Nella ricerca, la mescalina funge da sostanza modello per lo studio delle vie di segnalazione serotoninergiche. Si lega principalmente a <strong data-start=\"1314\" data-end=\"1335\">Recettori 5-HT2A<\/strong>, modulando la percezione, l'elaborazione sensoriale e i processi cognitivi. Le domande di ricerca per cui viene utilizzata la mescalina includono, tra le altre:<\/p>\n<ul data-start=\"1504\" data-end=\"1868\">\n<li data-start=\"1504\" data-end=\"1596\">\n<p data-start=\"1506\" data-end=\"1596\">Meccanismi di cambiamento della percezione e dell'autocoscienza indotti da sostanze psichedeliche,<\/p>\n<\/li>\n<li data-start=\"1597\" data-end=\"1665\">\n<p data-start=\"1599\" data-end=\"1665\">trasduzione del segnale recettoriale e relazioni dose-risposta,<\/p>\n<\/li>\n<li data-start=\"1666\" data-end=\"1784\">\n<p data-start=\"1668\" data-end=\"1784\">Potenziale utilizzo di supporto negli interventi psicoterapeutici (studi sperimentali in contesti specifici),<\/p>\n<\/li>\n<li data-start=\"1785\" data-end=\"1868\">\n<p data-start=\"1787\" data-end=\"1868\">Sviluppo di metodi analitici di rilevamento e standard di riferimento per la medicina legale.<\/p>\n<\/li>\n<\/ul>\n<h2>Requisiti di qualit\u00e0 e documentazione analitica<\/h2>\n<p data-start=\"1928\" data-end=\"2054\">Per scopi scientifici \u00e8 essenziale lavorare con campioni ben documentati. Criteri di qualit\u00e0 importanti sono:<\/p>\n<ul data-start=\"2055\" data-end=\"2281\">\n<li data-start=\"2055\" data-end=\"2104\">\n<p data-start=\"2057\" data-end=\"2104\"><strong data-start=\"2057\" data-end=\"2069\">La purezza<\/strong> (dati verificati, ad esempio tramite HPLC),<\/p>\n<\/li>\n<li data-start=\"2105\" data-end=\"2151\">\n<p data-start=\"2107\" data-end=\"2151\"><strong data-start=\"2107\" data-end=\"2132\">conferma dell'identit\u00e0<\/strong> (ad es. NMR, MS),<\/p>\n<\/li>\n<li data-start=\"2152\" data-end=\"2189\">\n<p data-start=\"2154\" data-end=\"2189\"><strong data-start=\"2154\" data-end=\"2186\">Dati relativi ai lotti e alla stabilit\u00e0<\/strong>,<\/p>\n<\/li>\n<li data-start=\"2190\" data-end=\"2281\">\n<p data-start=\"2192\" data-end=\"2281\"><strong data-start=\"2192\" data-end=\"2225\">Certificato di analisi (COA)<\/strong> e, se necessario, la scheda di sicurezza dei materiali (MSDS).<\/p>\n<\/li>\n<\/ul>\n<p data-start=\"2283\" data-end=\"2381\">Solo cos\u00ec \u00e8 possibile ottenere condizioni sperimentali riproducibili e risultati scientifici attendibili.<\/p>\n<h2 data-start=\"2383\" data-end=\"2428\">Consigli per la sicurezza e l'utilizzo<\/h2>\n<p data-start=\"2429\" data-end=\"2564\">La mescalina \u00e8 una sostanza psicoattiva potenzialmente potente; pertanto, in ambiente di laboratorio \u00e8 necessario adottare rigorose <a href=\"\/product\/blue-punisher-220mg-mdma-online-kaufen\/\">Precauzioni di sicurezza<\/a> necessario:<\/p>\n<ul data-start=\"2565\" data-end=\"2965\">\n<li data-start=\"2565\" data-end=\"2652\">\n<p data-start=\"2567\" data-end=\"2652\">Lavorare solo in laboratori autorizzati e controllati e con personale qualificato;<\/p>\n<\/li>\n<li data-start=\"2653\" data-end=\"2738\">\n<p data-start=\"2655\" data-end=\"2738\">Utilizzo di dispositivi di protezione individuale (guanti, occhiali protettivi, camici da laboratorio);<\/p>\n<\/li>\n<li data-start=\"2739\" data-end=\"2827\">\n<p data-start=\"2741\" data-end=\"2827\">Misure per ridurre al minimo l'esposizione accidentale (cappe, sistemi chiusi);<\/p>\n<\/li>\n<li data-start=\"2828\" data-end=\"2872\">\n<p data-start=\"2830\" data-end=\"2872\">documentazione chiara e registri di magazzino;<\/p>\n<\/li>\n<li data-start=\"2873\" data-end=\"2965\">\n<p data-start=\"2875\" data-end=\"2965\">Smaltimento secondo le normative locali relative alle sostanze pericolose o farmacologicamente attive.<\/p>\n<\/li>\n<\/ul>\n<h2 data-start=\"2967\" data-end=\"2995\">Conservazione e stabilit\u00e0<\/h2>\n<p data-start=\"2996\" data-end=\"3091\">Per garantire l'integrit\u00e0 chimica e l'accuratezza dell'analisi, si applicano i seguenti valori di riferimento:<\/p>\n<ul data-start=\"3092\" data-end=\"3255\">\n<li data-start=\"3092\" data-end=\"3145\">\n<p data-start=\"3094\" data-end=\"3145\">Conservare in luogo fresco e asciutto; si consiglia di proteggere dalla luce;<\/p>\n<\/li>\n<li data-start=\"3146\" data-end=\"3192\">\n<p data-start=\"3148\" data-end=\"3192\">contenitori ermetici, resistenti agli agenti chimici;<\/p>\n<\/li>\n<li data-start=\"3193\" data-end=\"3255\">\n<p data-start=\"3195\" data-end=\"3255\">Conservazione documentata dei lotti e monitoraggio delle scadenze.<\/p>\n<\/li>\n<\/ul>\n<p data-start=\"3257\" data-end=\"3366\">Le condizioni di stoccaggio specifiche devono essere stabilite sulla base delle indicazioni COA e SDS del rispettivo materiale.<\/p>\n<h2 data-start=\"3368\" data-end=\"3392\">Avviso legale<\/h2>\n<p data-start=\"3393\" data-end=\"3634\">La mescalina e le piante che la contengono sono soggette a severe restrizioni o vietate in molti paesi. La classificazione giuridica varia notevolmente tra i diversi stati e regioni. Prima di intraprendere qualsiasi ricerca con sostanze soggette a restrizioni giuridiche \u00e8 obbligatorio:<\/p>\n<ul data-start=\"3635\" data-end=\"3847\">\n<li data-start=\"3635\" data-end=\"3686\">\n<p data-start=\"3637\" data-end=\"3686\">esame giuridico della legislazione nazionale,<\/p>\n<\/li>\n<li data-start=\"3687\" data-end=\"3779\">\n<p data-start=\"3689\" data-end=\"3779\">autorizzazioni istituzionali (ad es. etica, autorit\u00e0 competente in materia di medicinali\/stupefacenti) e<\/p>\n<\/li>\n<li data-start=\"3780\" data-end=\"3847\">\n<p data-start=\"3782\" data-end=\"3847\">eventualmente licenze speciali per lo stoccaggio, il trasporto e l'utilizzo.<\/p>\n<\/li>\n<\/ul>\n<p data-start=\"3849\" data-end=\"3977\">La ricerca dovrebbe essere condotta solo in conformit\u00e0 con tutte le normative vigenti e sotto la supervisione di istituzioni autorizzate.<\/p>\n<h2 data-start=\"3979\" data-end=\"3989\">Conclusione<\/h2>\n<p data-start=\"3990\" data-end=\"4384\">La mescalina \u00e8 interessante dal punto di vista scientifico per gli studi sui meccanismi d'azione serotoninergici, sulla percezione e sulle potenziali applicazioni terapeutiche. Per una ricerca affidabile sono indispensabili campioni analizzati, standard di sicurezza rigorosi e conformit\u00e0 legale. Qualsiasi lavoro con tali sostanze richiede un approccio responsabile, trasparenza e autorizzazioni istituzionali.<\/p>","protected":false},"excerpt":{"rendered":"<p><strong>Mescalina in polvere<\/strong>un alcaloide presente in natura, \u00e8 noto per le sue propriet\u00e0 uniche ed \u00e8 apprezzato nelle neuroscienze e nella ricerca farmacologica. Viene estratto da varie specie di cactus come il Peyote (Lophophora williamsii) e il San Pedro (Echinopsis pachanoi) e offre una purezza e una precisione eccezionali per le applicazioni scientifiche.<\/p>","protected":false},"featured_media":7649,"comment_status":"open","ping_status":"closed","template":"","meta":{"_joinchat":[]},"product_brand":[],"product_cat":[96],"product_tag":[2308,2311,2307,2303,2309,2306,2305,2302,2304,2310],"class_list":{"0":"post-7619","1":"product","2":"type-product","3":"status-publish","4":"has-post-thumbnail","6":"product_cat-psychedelische-droge","7":"product_tag-mescalin-chemikalien","8":"product_tag-mescalin-forschung","9":"product_tag-mescalin-fur-forschung","10":"product_tag-mescalin-kaufen","11":"product_tag-mescalin-kaufen-online","12":"product_tag-mescalin-kristalle","13":"product_tag-mescalin-online","14":"product_tag-mescalin-pulver","15":"product_tag-mescalin-pulver-kaufen","16":"product_tag-synthetische-psychedelika","18":"first","19":"instock","20":"shipping-taxable","21":"purchasable","22":"product-type-variable"},"yoast_head":"<!-- This site is optimized with the Yoast SEO plugin v27.5 - https:\/\/yoast.com\/product\/yoast-seo-wordpress\/ -->\n<title>Mescalin-Pulver | Chemische Verbindung f\u00fcr<\/title>\n<meta name=\"description\" content=\"Erwerben Sie Mescalin-Pulver, eine hochreine chemische Verbindung f\u00fcr wissenschaftliche Studien. Nur f\u00fcr Forschungslabore \u2013 nicht f\u00fcr den menschlichen Konsum geeignet.\" \/>\n<meta name=\"robots\" content=\"index, follow, max-snippet:-1, max-image-preview:large, max-video-preview:-1\" \/>\n<link rel=\"canonical\" href=\"https:\/\/chemgramx.com\/it\/prodotto-1\/acquistare-mescalina-in-polvere-online\/\" \/>\n<meta property=\"og:locale\" content=\"it_IT\" \/>\n<meta property=\"og:type\" content=\"article\" \/>\n<meta property=\"og:title\" content=\"Mescalin-Pulver | Chemische Verbindung f\u00fcr\" \/>\n<meta property=\"og:description\" content=\"Erwerben Sie Mescalin-Pulver, eine hochreine chemische Verbindung f\u00fcr wissenschaftliche Studien. Nur f\u00fcr Forschungslabore \u2013 nicht f\u00fcr den menschlichen Konsum geeignet.\" \/>\n<meta property=\"og:url\" content=\"https:\/\/chemgramx.com\/it\/prodotto-1\/acquistare-mescalina-in-polvere-online\/\" \/>\n<meta property=\"og:site_name\" content=\"Chemgramx\" \/>\n<meta property=\"article:modified_time\" content=\"2025-11-21T11:20:53+00:00\" \/>\n<meta property=\"og:image\" content=\"https:\/\/chemgramx.com\/wp-content\/uploads\/2025\/11\/mecalinepowder.png\" \/>\n\t<meta property=\"og:image:width\" content=\"600\" \/>\n\t<meta property=\"og:image:height\" content=\"400\" \/>\n\t<meta property=\"og:image:type\" content=\"image\/png\" \/>\n<meta name=\"twitter:card\" content=\"summary_large_image\" \/>\n<meta name=\"twitter:label1\" content=\"Tempo di lettura stimato\" \/>\n\t<meta name=\"twitter:data1\" content=\"2 minuti\" \/>\n<script type=\"application\/ld+json\" class=\"yoast-schema-graph\">{\"@context\":\"https:\\\/\\\/schema.org\",\"@graph\":[{\"@type\":\"WebPage\",\"@id\":\"https:\\\/\\\/chemgramx.com\\\/product\\\/mescalin-pulver-online-kaufen\\\/\",\"url\":\"https:\\\/\\\/chemgramx.com\\\/product\\\/mescalin-pulver-online-kaufen\\\/\",\"name\":\"Mescalin-Pulver | Chemische Verbindung f\u00fcr\",\"isPartOf\":{\"@id\":\"https:\\\/\\\/chemgramx.com\\\/#website\"},\"primaryImageOfPage\":{\"@id\":\"https:\\\/\\\/chemgramx.com\\\/product\\\/mescalin-pulver-online-kaufen\\\/#primaryimage\"},\"image\":{\"@id\":\"https:\\\/\\\/chemgramx.com\\\/product\\\/mescalin-pulver-online-kaufen\\\/#primaryimage\"},\"thumbnailUrl\":\"https:\\\/\\\/chemgramx.com\\\/wp-content\\\/uploads\\\/2025\\\/11\\\/mecalinepowder.png\",\"datePublished\":\"2025-11-21T11:19:17+00:00\",\"dateModified\":\"2025-11-21T11:20:53+00:00\",\"description\":\"Erwerben Sie Mescalin-Pulver, eine hochreine chemische Verbindung f\u00fcr wissenschaftliche Studien. Nur f\u00fcr Forschungslabore \u2013 nicht f\u00fcr den menschlichen Konsum geeignet.\",\"breadcrumb\":{\"@id\":\"https:\\\/\\\/chemgramx.com\\\/product\\\/mescalin-pulver-online-kaufen\\\/#breadcrumb\"},\"inLanguage\":\"it-IT\",\"potentialAction\":[{\"@type\":\"ReadAction\",\"target\":[\"https:\\\/\\\/chemgramx.com\\\/product\\\/mescalin-pulver-online-kaufen\\\/\"]}]},{\"@type\":\"ImageObject\",\"inLanguage\":\"it-IT\",\"@id\":\"https:\\\/\\\/chemgramx.com\\\/product\\\/mescalin-pulver-online-kaufen\\\/#primaryimage\",\"url\":\"https:\\\/\\\/chemgramx.com\\\/wp-content\\\/uploads\\\/2025\\\/11\\\/mecalinepowder.png\",\"contentUrl\":\"https:\\\/\\\/chemgramx.com\\\/wp-content\\\/uploads\\\/2025\\\/11\\\/mecalinepowder.png\",\"width\":600,\"height\":400},{\"@type\":\"BreadcrumbList\",\"@id\":\"https:\\\/\\\/chemgramx.com\\\/product\\\/mescalin-pulver-online-kaufen\\\/#breadcrumb\",\"itemListElement\":[{\"@type\":\"ListItem\",\"position\":1,\"name\":\"Home\",\"item\":\"https:\\\/\\\/chemgramx.com\\\/\"},{\"@type\":\"ListItem\",\"position\":2,\"name\":\"Shop\",\"item\":\"https:\\\/\\\/chemgramx.com\\\/shop\\\/\"},{\"@type\":\"ListItem\",\"position\":3,\"name\":\"Mescalin Pulver online kaufen\"}]},{\"@type\":\"WebSite\",\"@id\":\"https:\\\/\\\/chemgramx.com\\\/#website\",\"url\":\"https:\\\/\\\/chemgramx.com\\\/\",\"name\":\"Chemgramx\",\"description\":\"\",\"publisher\":{\"@id\":\"https:\\\/\\\/chemgramx.com\\\/#organization\"},\"potentialAction\":[{\"@type\":\"SearchAction\",\"target\":{\"@type\":\"EntryPoint\",\"urlTemplate\":\"https:\\\/\\\/chemgramx.com\\\/?s={search_term_string}\"},\"query-input\":{\"@type\":\"PropertyValueSpecification\",\"valueRequired\":true,\"valueName\":\"search_term_string\"}}],\"inLanguage\":\"it-IT\"},{\"@type\":\"Organization\",\"@id\":\"https:\\\/\\\/chemgramx.com\\\/#organization\",\"name\":\"Chemgramx\",\"url\":\"https:\\\/\\\/chemgramx.com\\\/\",\"logo\":{\"@type\":\"ImageObject\",\"inLanguage\":\"it-IT\",\"@id\":\"https:\\\/\\\/chemgramx.com\\\/#\\\/schema\\\/logo\\\/image\\\/\",\"url\":\"https:\\\/\\\/chemgramx.com\\\/wp-content\\\/uploads\\\/2024\\\/10\\\/final-logo.png\",\"contentUrl\":\"https:\\\/\\\/chemgramx.com\\\/wp-content\\\/uploads\\\/2024\\\/10\\\/final-logo.png\",\"width\":250,\"height\":48,\"caption\":\"Chemgramx\"},\"image\":{\"@id\":\"https:\\\/\\\/chemgramx.com\\\/#\\\/schema\\\/logo\\\/image\\\/\"}}]}<\/script>\n<!-- \/ Yoast SEO plugin. -->","yoast_head_json":{"title":"Polvere di mescalina | Composto chimico per","description":"Acquista la polvere di mescalina, un composto chimico altamente puro per studi scientifici. Solo per laboratori di ricerca - non adatto al consumo umano.","robots":{"index":"index","follow":"follow","max-snippet":"max-snippet:-1","max-image-preview":"max-image-preview:large","max-video-preview":"max-video-preview:-1"},"canonical":"https:\/\/chemgramx.com\/it\/prodotto-1\/acquistare-mescalina-in-polvere-online\/","og_locale":"it_IT","og_type":"article","og_title":"Mescalin-Pulver | Chemische Verbindung f\u00fcr","og_description":"Erwerben Sie Mescalin-Pulver, eine hochreine chemische Verbindung f\u00fcr wissenschaftliche Studien. Nur f\u00fcr Forschungslabore \u2013 nicht f\u00fcr den menschlichen Konsum geeignet.","og_url":"https:\/\/chemgramx.com\/it\/prodotto-1\/acquistare-mescalina-in-polvere-online\/","og_site_name":"Chemgramx","article_modified_time":"2025-11-21T11:20:53+00:00","og_image":[{"width":600,"height":400,"url":"https:\/\/chemgramx.com\/wp-content\/uploads\/2025\/11\/mecalinepowder.png","type":"image\/png"}],"twitter_card":"summary_large_image","twitter_misc":{"Tempo di lettura stimato":"2 minuti"},"schema":{"@context":"https:\/\/schema.org","@graph":[{"@type":"WebPage","@id":"https:\/\/chemgramx.com\/product\/mescalin-pulver-online-kaufen\/","url":"https:\/\/chemgramx.com\/product\/mescalin-pulver-online-kaufen\/","name":"Polvere di mescalina | Composto chimico per","isPartOf":{"@id":"https:\/\/chemgramx.com\/#website"},"primaryImageOfPage":{"@id":"https:\/\/chemgramx.com\/product\/mescalin-pulver-online-kaufen\/#primaryimage"},"image":{"@id":"https:\/\/chemgramx.com\/product\/mescalin-pulver-online-kaufen\/#primaryimage"},"thumbnailUrl":"https:\/\/chemgramx.com\/wp-content\/uploads\/2025\/11\/mecalinepowder.png","datePublished":"2025-11-21T11:19:17+00:00","dateModified":"2025-11-21T11:20:53+00:00","description":"Acquista la polvere di mescalina, un composto chimico altamente puro per studi scientifici. Solo per laboratori di ricerca - non adatto al consumo umano.","breadcrumb":{"@id":"https:\/\/chemgramx.com\/product\/mescalin-pulver-online-kaufen\/#breadcrumb"},"inLanguage":"it-IT","potentialAction":[{"@type":"ReadAction","target":["https:\/\/chemgramx.com\/product\/mescalin-pulver-online-kaufen\/"]}]},{"@type":"ImageObject","inLanguage":"it-IT","@id":"https:\/\/chemgramx.com\/product\/mescalin-pulver-online-kaufen\/#primaryimage","url":"https:\/\/chemgramx.com\/wp-content\/uploads\/2025\/11\/mecalinepowder.png","contentUrl":"https:\/\/chemgramx.com\/wp-content\/uploads\/2025\/11\/mecalinepowder.png","width":600,"height":400},{"@type":"BreadcrumbList","@id":"https:\/\/chemgramx.com\/product\/mescalin-pulver-online-kaufen\/#breadcrumb","itemListElement":[{"@type":"ListItem","position":1,"name":"Home","item":"https:\/\/chemgramx.com\/"},{"@type":"ListItem","position":2,"name":"Shop","item":"https:\/\/chemgramx.com\/shop\/"},{"@type":"ListItem","position":3,"name":"Mescalin Pulver online kaufen"}]},{"@type":"WebSite","@id":"https:\/\/chemgramx.com\/#website","url":"https:\/\/chemgramx.com\/","name":"Chemgramx","description":"","publisher":{"@id":"https:\/\/chemgramx.com\/#organization"},"potentialAction":[{"@type":"SearchAction","target":{"@type":"EntryPoint","urlTemplate":"https:\/\/chemgramx.com\/?s={search_term_string}"},"query-input":{"@type":"PropertyValueSpecification","valueRequired":true,"valueName":"search_term_string"}}],"inLanguage":"it-IT"},{"@type":"Organization","@id":"https:\/\/chemgramx.com\/#organization","name":"Chemgramx","url":"https:\/\/chemgramx.com\/","logo":{"@type":"ImageObject","inLanguage":"it-IT","@id":"https:\/\/chemgramx.com\/#\/schema\/logo\/image\/","url":"https:\/\/chemgramx.com\/wp-content\/uploads\/2024\/10\/final-logo.png","contentUrl":"https:\/\/chemgramx.com\/wp-content\/uploads\/2024\/10\/final-logo.png","width":250,"height":48,"caption":"Chemgramx"},"image":{"@id":"https:\/\/chemgramx.com\/#\/schema\/logo\/image\/"}}]}},"_links":{"self":[{"href":"https:\/\/chemgramx.com\/it\/wp-json\/wp\/v2\/product\/7619","targetHints":{"allow":["GET"]}}],"collection":[{"href":"https:\/\/chemgramx.com\/it\/wp-json\/wp\/v2\/product"}],"about":[{"href":"https:\/\/chemgramx.com\/it\/wp-json\/wp\/v2\/types\/product"}],"replies":[{"embeddable":true,"href":"https:\/\/chemgramx.com\/it\/wp-json\/wp\/v2\/comments?post=7619"}],"wp:featuredmedia":[{"embeddable":true,"href":"https:\/\/chemgramx.com\/it\/wp-json\/wp\/v2\/media\/7649"}],"wp:attachment":[{"href":"https:\/\/chemgramx.com\/it\/wp-json\/wp\/v2\/media?parent=7619"}],"wp:term":[{"taxonomy":"product_brand","embeddable":true,"href":"https:\/\/chemgramx.com\/it\/wp-json\/wp\/v2\/product_brand?post=7619"},{"taxonomy":"product_cat","embeddable":true,"href":"https:\/\/chemgramx.com\/it\/wp-json\/wp\/v2\/product_cat?post=7619"},{"taxonomy":"product_tag","embeddable":true,"href":"https:\/\/chemgramx.com\/it\/wp-json\/wp\/v2\/product_tag?post=7619"}],"curies":[{"name":"wp","href":"https:\/\/api.w.org\/{rel}","templated":true}]}}