{"id":7733,"date":"2025-11-21T11:20:28","date_gmt":"2025-11-21T11:20:28","guid":{"rendered":"https:\/\/chemgramx.com\/?post_type=product&#038;p=7733"},"modified":"2025-11-21T11:21:52","modified_gmt":"2025-11-21T11:21:52","slug":"acquistare-promal-methallylescaline-21mg-pellets","status":"publish","type":"product","link":"https:\/\/chemgramx.com\/it\/product\/promal-methallylescaline-21mg-pellets-kaufen\/","title":{"rendered":"Comprare Promal Methallylescaline 21mg Pellets"},"content":{"rendered":"<p>Nel moderno <b>ricerca chimica e farmacologica<\/b> sta il <b>affidabilit\u00e0<\/b> del materiale di partenza. Ogni conclusione scientifica fondata e ogni studio di successo dipendono direttamente dalla <b>Precisione<\/b> e <b>La purezza<\/b> delle sostanze utilizzate. Siamo consapevoli di questo requisito critico e per questo vi offriamo la <b>Promal Metallylescaline 21 mg Pellet<\/b> come strumento di altissima qualit\u00e0.<\/p>\n<p>Questo prodotto \u00e8 stato <b>esclusivamente<\/b> per gli elevati requisiti <b>istituti di ricerca qualificati<\/b> sviluppato. Si tratta di un settore altamente specializzato, <b>Forma di dosaggio pressata<\/b> che facilita il lavoro in laboratorio e garantisce la qualit\u00e0 dei risultati.<\/p>\n<p>I pellet garantiscono un <b>Dosaggio esatto e definito di 21 mg per unit\u00e0<\/b>. Questa fase di precisione \u00e8 cruciale, in quanto determina l'andamento del <b>pesatura manuale<\/b> Il rischio di errore associato a quantit\u00e0 criticamente piccole viene eliminato. Il <a href=\"\/product\/king-palm-pre-rolled-weed-5-pack\/\"><b>Riproducibilit\u00e0<\/b> <\/a>e il <b>Efficienza<\/b> Questo migliora notevolmente gli esperimenti, il che \u00e8 essenziale per i progetti di ricerca che richiedono molto tempo.<\/p>\n<p><b>Promal Metallylescaline<\/b> \u00e8 una molecola di grande interesse scientifico. Appartiene alla classe delle <b>fenetilammine sostituite<\/b> ed \u00e8 strettamente <b>Derivati della mescalina<\/b> correlati. I ricercatori sfruttano questa connessione per avere una visione approfondita della <b>Relazioni struttura-attivit\u00e0 (SAR)<\/b> di queste molecole e di analizzare il loro complesso <b>Vie metaboliche<\/b> in dettaglio.<\/p>\n<p>Garantiamo una purezza di <b><span class=\"math-inline\" data-math=\"geq 98%\">\u00a098%<\/span><\/b>, che \u00e8 caratterizzato da un'ampia <b>Analisi HPLC<\/b> (Cromatografia liquida ad alte prestazioni). Queste specifiche elevate assicurano che i risultati della vostra ricerca si basino sulle pi\u00f9 solide fondamenta scientifiche, il che \u00e8 di grande importanza per la credibilit\u00e0 del vostro lavoro scientifico a livello internazionale.<\/p>\n<h2><b>Integrit\u00e0 chimica e qualit\u00e0 garantita<\/b><\/h2>\n<p>La garanzia di qualit\u00e0 \u00e8 la nostra priorit\u00e0 assoluta quando lavoriamo con i prodotti chimici per la ricerca. Utilizziamo processi produttivi ottimizzati e controlli rigorosi per assicurare che ogni pellet sia di qualit\u00e0 garantita e costante.<\/p>\n<p>La forma di dosaggio compressa \u00e8 stata appositamente progettata per mantenere la sostanza stabile e <a href=\"\/product\/beta-k-2c-b-pellets-kaufen\/\"><b>omogeneo<\/b> <\/a>sull'intera matrice. Ci\u00f2 semplifica la manipolazione, la conservazione e la dissoluzione dei pellet per la produzione delle soluzioni madre.<\/p>\n<h3><b>Le specifiche principali in sintesi<\/b><\/h3>\n<p>Le seguenti propriet\u00e0 sono rilevanti per la documentazione:<\/p>\n<ul>\n<li><b>Sostanza:<\/b> Promal Metallylescaline.<\/li>\n<li><b>Forma di dosaggio:<\/b> Pellet pressati per una distribuzione omogenea.<\/li>\n<li><b>Dosaggio:<\/b> Esattamente <b>21 mg per pellet<\/b> per la massima precisione.<\/li>\n<li><b>Purezza:<\/b> <b><span class=\"math-inline\" data-math=\"geq 98%\">98%<\/span><\/b>, confermato da <b>Test HPLC<\/b>.<\/li>\n<li><b>Stabilit\u00e0:<\/b> <b>Stabilit\u00e0 a lungo termine<\/b> in condizioni di conservazione corrette (almeno 18 mesi).<\/li>\n<\/ul>\n<p>Una caratteristica fondamentale dei nostri prodotti \u00e8 la <b>Documentazione analitica<\/b>. Per ogni lotto riceverete un <b>Certificato di analisi (CoA) completo<\/b>. Questo certificato non solo documenta la <b>Purezza testata in HPLC<\/b>, ma anche il numero di lotto e l'accuratezza del dosaggio. Questa trasparenza \u00e8 un fattore chiave per la conformit\u00e0 con <b>Standard GLP<\/b> (Good Laboratory Practice) e per la pubblicazione dei risultati della ricerca.<\/p>\n<p>Garantiamo inoltre un elevato livello di <b>Coerenza del lotto<\/b>. Il profilo chimico e fisico della vostra fornitura rimane costante nelle diverse date d'ordine. Questo <b>Riproducibilit\u00e0<\/b> \u00e8 per <b>Studi a lungo termine<\/b> e per la convalida dei metodi su periodi di tempo pi\u00f9 lunghi.<\/p>\n<h2><b>Applicazioni di ricerca versatili<\/b><\/h2>\n<p>Il <b>Promal Metallylescaline 21 mg Pellet<\/b> sono predestinati a un'ampia gamma di studi scientifici impegnativi grazie alla loro dose definita e all'elevata purezza. Il semplice dosaggio sotto forma di pellet \u00e8 un grande vantaggio in tutti gli studi in cui \u00e8 necessario introdurre una quantit\u00e0 esatta in modo rapido e preciso nei sistemi analitici o biologici.<\/p>\n<p><b>Tossicologia analitica e medicina legale<\/b> Questi pellet apportano enormi benefici. Servono come <b>Standard di riferimento di alta qualit\u00e0<\/b> al <b>Calibrazione<\/b> e <b>Convalida<\/b> di dispositivi ad alta risoluzione come LC\/MS e GC\/MS. Questa \u00e8 la base per l'affidabilit\u00e0 <b>Prova<\/b> e il <b>Quantificazione<\/b> di Promal Metallylescaline in campioni forensi e biologici.<\/p>\n<p>Il <b>Ricerca farmacologica e biochimica<\/b> utilizza i pellet per la produzione di pellet di precisione <b>Soluzioni di magazzino<\/b> per <i>In vitro<\/i>-esperimenti. Qui il <b>Relazioni dose-risposta<\/b> possono essere analizzati a livello molecolare e cellulare. Inoltre, i pellet sono indispensabili per la <b>Ricerca sul metabolismo<\/b>. Analizzare il <b>Biotrasformazione<\/b> della molecola attraverso i sistemi enzimatici fornisce indicazioni critiche sulla <b>Percorsi minerari<\/b> e i profili tossicologici dei metaboliti, il che \u00e8 di grande importanza per la valutazione del rischio.<\/p>\n<p>Nell'area di <b>Scienza dei materiali<\/b> i pellet consentono di realizzare <b>Studi di stabilit\u00e0<\/b> in condizioni controllate. I ricercatori possono analizzare i <b>Durata<\/b> del materiale in presenza di diversi fattori ambientali (temperatura, luce, umidit\u00e0) per l'intera durata di vita del materiale. <b>Durata di conservazione documentata di 18 mesi<\/b> con precisione su un ampio intervallo.<\/p>\n<h2><b>Protocolli di sicurezza e conformit\u00e0<\/b><\/h2>\n<p>La gestione responsabile di questi <b>Ricerca chimica<\/b> \u00e8 la nostra massima priorit\u00e0. Il rispetto rigoroso di tutte le <b>Sicurezza e normative legali<\/b> \u00e8 obbligatorio ed \u00e8 responsabilit\u00e0 dell'acquirente.<\/p>\n<p>Il prodotto \u00e8 <b>espressamente non destinato al consumo umano<\/b> o per applicazioni terapeutiche. <b>\u00c8 vietato qualsiasi uso non autorizzato.<\/b> La manipolazione dei pellet deve <b>esclusivamente<\/b> in un ambiente adeguatamente attrezzato, <b>Strutture di laboratorio conformi alle norme GLP<\/b> attraverso <b>Personale specializzato addestrato<\/b> si svolga.<\/p>\n<p>Il <b>Dispositivi di protezione individuale (DPI)<\/b>, Durante l'intero processo di manipolazione \u00e8 obbligatorio l'uso di dispositivi di protezione come camici da laboratorio, guanti monouso e occhiali di sicurezza. Inoltre, l'acquirente \u00e8 responsabile della <b>Conformit\u00e0 a tutte le leggi locali, nazionali e internazionali.<\/b> L'azienda \u00e8 responsabile del possesso e della ricerca con questa specifica classe di sostanze.<\/p>\n<p>Per garantire la <b>integrit\u00e0 chimica<\/b> e il <b>Stabilit\u00e0 a lungo termine<\/b> le condizioni ottimali di conservazione devono essere rigorosamente rispettate. Ci\u00f2 include lo stoccaggio a <b>temperatura ambiente controllata<\/b> <span class=\"math-inline\" data-math=\"15-25^circtext{C}\">15-25C<\/span>, in un <b>ambiente secco<\/b> (<span class=\"math-inline\" data-math=\"&lt;60%\">&lt;60%<\/span>\u00a0umidit\u00e0 relativa) e la protezione dalla luce mantenendo il <b>Confezione originale<\/b>.<\/p>\n<h2><b>Servizio di informazione e ricerca sugli ordini<\/b><\/h2>\n<p>Offriamo confezioni flessibili che coprono in modo ottimale le esigenze di piccoli studi di validazione fino a programmi di ricerca estesi.<\/p>\n<h3><b>Quantit\u00e0 disponibili per le vostre esigenze di ricerca<\/b><\/h3>\n<p>Le quantit\u00e0 sono state selezionate per coprire un'ampia gamma di scenari di ricerca:<\/p>\n<ul>\n<li><b>Confezione piccola:<\/b> 30 palline, ideali per i primi test attitudinali.<\/li>\n<li><b>Imballaggio standard:<\/b> 60 pellet, adatti per analisi in serie continua.<\/li>\n<li><b>Confezione sfusa:<\/b> 100 pellet, per studi di stabilit\u00e0 completi.<\/li>\n<li><b>Confezione sfusa per la ricerca:<\/b> 200 pellet, l'opzione pi\u00f9 conveniente per i progetti su larga scala.<\/li>\n<\/ul>\n<p>Il processo di ordinazione richiede la presentazione di un <b>Certificato dell'Istituto<\/b> dell'organismo di ricerca qualificato, uno scritto <b>Descrizione del progetto di ricerca<\/b> e la conferma della <b>Competenza in materia di sicurezza<\/b>. La spedizione avviene sempre <b>Discreto<\/b> in un imballaggio neutro da laboratorio per proteggere la riservatezza della vostra ricerca.<\/p>\n<h2><b>Domande frequenti (FAQ)<\/b><\/h2>\n<ul>\n<li><b>D: I pellet sono adatti al consumo umano?<\/b><br \/>\n<b>A:<\/b> No, <b>esclusivamente<\/b> per scopi di ricerca in ambienti di laboratorio.<\/li>\n<li><b>D: Quali dati di analisi vengono forniti?<\/b><br \/>\n<b>A:<\/b> A <b>Certificato di analisi completo<\/b> con <b>Analisi HPLC<\/b> sar\u00e0 consegnato.<\/li>\n<li><b>D: Qual \u00e8 la durata di conservazione dei pellet?<\/b><br \/>\n<b>A:<\/b> Se conservato correttamente, il <b>Durata minima di conservazione 18 mesi<\/b>.<\/li>\n<\/ul>\n<h3 class=\"ds-markdown-paragraph\"><strong>Avviso legale<\/strong><\/h3>\n<p class=\"ds-markdown-paragraph\">Questo prodotto \u00e8 destinato esclusivamente a scopi di ricerca. L'acquirente conferma l'acquisto:<\/p>\n<ul>\n<li>\n<p class=\"ds-markdown-paragraph\">Da utilizzare solo in ambienti di ricerca legale<\/p>\n<\/li>\n<li>\n<p class=\"ds-markdown-paragraph\">Conformit\u00e0 a tutte le leggi e i regolamenti applicabili<\/p>\n<\/li>\n<li>\n<p class=\"ds-markdown-paragraph\">L'implementazione di misure di sicurezza adeguate<\/p>\n<\/li>\n<li>\n<p class=\"ds-markdown-paragraph\">Il divieto di utilizzo non autorizzato<\/p>\n<\/li>\n<\/ul>","protected":false},"excerpt":{"rendered":"<p>Acquistare Promal Metallylescaline 21mg Pellets: Prodotto chimico per la ricerca in pellet a dosaggio uniforme per un lavoro scientifico preciso. Esclusivamente per scopi di ricerca in ambienti di laboratorio.<\/p>","protected":false},"featured_media":7770,"comment_status":"open","ping_status":"closed","template":"","meta":{"_joinchat":[]},"product_brand":[],"product_cat":[51],"product_tag":[3098,3088,2907,2908,3086,3084,3097,3074,3087],"class_list":{"0":"post-7733","1":"product","2":"type-product","3":"status-publish","4":"has-post-thumbnail","6":"product_cat-phenethylamines","7":"product_tag-21mg","8":"product_tag-dosierungsstudien","9":"product_tag-forschungschemikalie","10":"product_tag-laborbedarf","11":"product_tag-laborforschung","12":"product_tag-pellets","13":"product_tag-promal-methallylescaline","14":"product_tag-research-chemical","15":"product_tag-wissenschaftliche-analyse","17":"first","18":"instock","19":"shipping-taxable","20":"purchasable","21":"product-type-variable"},"yoast_head":"<!-- This site is optimized with the Yoast SEO plugin v27.5 - https:\/\/yoast.com\/product\/yoast-seo-wordpress\/ -->\n<title>Promal Methallylescaline Pellets | Research Chemical | 21mg Chemgramx<\/title>\n<meta name=\"description\" content=\"Promal Methallylescaline 21mg Pellets kaufen - Forschungschemikalie in pelletierter Form. F\u00fcr wissenschaftliche Analysen. Laborgepr\u00fcft &amp; diskret.\" \/>\n<meta name=\"robots\" content=\"index, follow, max-snippet:-1, max-image-preview:large, max-video-preview:-1\" \/>\n<link rel=\"canonical\" href=\"https:\/\/chemgramx.com\/it\/prodotto-1\/acquistare-promal-methallylescaline-21mg-pellets\/\" \/>\n<meta property=\"og:locale\" content=\"it_IT\" \/>\n<meta property=\"og:type\" content=\"article\" \/>\n<meta property=\"og:title\" content=\"Promal Methallylescaline Pellets | Research Chemical | 21mg Chemgramx\" \/>\n<meta property=\"og:description\" content=\"Promal Methallylescaline 21mg Pellets kaufen - Forschungschemikalie in pelletierter Form. F\u00fcr wissenschaftliche Analysen. Laborgepr\u00fcft &amp; diskret.\" \/>\n<meta property=\"og:url\" content=\"https:\/\/chemgramx.com\/it\/prodotto-1\/acquistare-promal-methallylescaline-21mg-pellets\/\" \/>\n<meta property=\"og:site_name\" content=\"Chemgramx\" \/>\n<meta property=\"article:modified_time\" content=\"2025-11-21T11:21:52+00:00\" \/>\n<meta property=\"og:image\" content=\"https:\/\/chemgramx.com\/wp-content\/uploads\/2025\/11\/promal-methallylescaline-21-mg-pellets-chem-store-online.png\" \/>\n\t<meta property=\"og:image:width\" content=\"810\" \/>\n\t<meta property=\"og:image:height\" content=\"526\" \/>\n\t<meta property=\"og:image:type\" content=\"image\/png\" \/>\n<meta name=\"twitter:card\" content=\"summary_large_image\" \/>\n<meta name=\"twitter:label1\" content=\"Tempo di lettura stimato\" \/>\n\t<meta name=\"twitter:data1\" content=\"5 minuti\" \/>\n<script type=\"application\/ld+json\" class=\"yoast-schema-graph\">{\"@context\":\"https:\\\/\\\/schema.org\",\"@graph\":[{\"@type\":\"WebPage\",\"@id\":\"https:\\\/\\\/chemgramx.com\\\/product\\\/promal-methallylescaline-21mg-pellets-kaufen\\\/\",\"url\":\"https:\\\/\\\/chemgramx.com\\\/product\\\/promal-methallylescaline-21mg-pellets-kaufen\\\/\",\"name\":\"Promal Methallylescaline Pellets | Research Chemical | 21mg Chemgramx\",\"isPartOf\":{\"@id\":\"https:\\\/\\\/chemgramx.com\\\/#website\"},\"primaryImageOfPage\":{\"@id\":\"https:\\\/\\\/chemgramx.com\\\/product\\\/promal-methallylescaline-21mg-pellets-kaufen\\\/#primaryimage\"},\"image\":{\"@id\":\"https:\\\/\\\/chemgramx.com\\\/product\\\/promal-methallylescaline-21mg-pellets-kaufen\\\/#primaryimage\"},\"thumbnailUrl\":\"https:\\\/\\\/chemgramx.com\\\/wp-content\\\/uploads\\\/2025\\\/11\\\/promal-methallylescaline-21-mg-pellets-chem-store-online.png\",\"datePublished\":\"2025-11-21T11:20:28+00:00\",\"dateModified\":\"2025-11-21T11:21:52+00:00\",\"description\":\"Promal Methallylescaline 21mg Pellets kaufen - Forschungschemikalie in pelletierter Form. F\u00fcr wissenschaftliche Analysen. Laborgepr\u00fcft &amp; diskret.\",\"breadcrumb\":{\"@id\":\"https:\\\/\\\/chemgramx.com\\\/product\\\/promal-methallylescaline-21mg-pellets-kaufen\\\/#breadcrumb\"},\"inLanguage\":\"it-IT\",\"potentialAction\":[{\"@type\":\"ReadAction\",\"target\":[\"https:\\\/\\\/chemgramx.com\\\/product\\\/promal-methallylescaline-21mg-pellets-kaufen\\\/\"]}]},{\"@type\":\"ImageObject\",\"inLanguage\":\"it-IT\",\"@id\":\"https:\\\/\\\/chemgramx.com\\\/product\\\/promal-methallylescaline-21mg-pellets-kaufen\\\/#primaryimage\",\"url\":\"https:\\\/\\\/chemgramx.com\\\/wp-content\\\/uploads\\\/2025\\\/11\\\/promal-methallylescaline-21-mg-pellets-chem-store-online.png\",\"contentUrl\":\"https:\\\/\\\/chemgramx.com\\\/wp-content\\\/uploads\\\/2025\\\/11\\\/promal-methallylescaline-21-mg-pellets-chem-store-online.png\",\"width\":810,\"height\":526},{\"@type\":\"BreadcrumbList\",\"@id\":\"https:\\\/\\\/chemgramx.com\\\/product\\\/promal-methallylescaline-21mg-pellets-kaufen\\\/#breadcrumb\",\"itemListElement\":[{\"@type\":\"ListItem\",\"position\":1,\"name\":\"Home\",\"item\":\"https:\\\/\\\/chemgramx.com\\\/\"},{\"@type\":\"ListItem\",\"position\":2,\"name\":\"Shop\",\"item\":\"https:\\\/\\\/chemgramx.com\\\/shop\\\/\"},{\"@type\":\"ListItem\",\"position\":3,\"name\":\"Promal Methallylescaline 21mg Pellets kaufen\"}]},{\"@type\":\"WebSite\",\"@id\":\"https:\\\/\\\/chemgramx.com\\\/#website\",\"url\":\"https:\\\/\\\/chemgramx.com\\\/\",\"name\":\"Chemgramx\",\"description\":\"\",\"publisher\":{\"@id\":\"https:\\\/\\\/chemgramx.com\\\/#organization\"},\"potentialAction\":[{\"@type\":\"SearchAction\",\"target\":{\"@type\":\"EntryPoint\",\"urlTemplate\":\"https:\\\/\\\/chemgramx.com\\\/?s={search_term_string}\"},\"query-input\":{\"@type\":\"PropertyValueSpecification\",\"valueRequired\":true,\"valueName\":\"search_term_string\"}}],\"inLanguage\":\"it-IT\"},{\"@type\":\"Organization\",\"@id\":\"https:\\\/\\\/chemgramx.com\\\/#organization\",\"name\":\"Chemgramx\",\"url\":\"https:\\\/\\\/chemgramx.com\\\/\",\"logo\":{\"@type\":\"ImageObject\",\"inLanguage\":\"it-IT\",\"@id\":\"https:\\\/\\\/chemgramx.com\\\/#\\\/schema\\\/logo\\\/image\\\/\",\"url\":\"https:\\\/\\\/chemgramx.com\\\/wp-content\\\/uploads\\\/2024\\\/10\\\/final-logo.png\",\"contentUrl\":\"https:\\\/\\\/chemgramx.com\\\/wp-content\\\/uploads\\\/2024\\\/10\\\/final-logo.png\",\"width\":250,\"height\":48,\"caption\":\"Chemgramx\"},\"image\":{\"@id\":\"https:\\\/\\\/chemgramx.com\\\/#\\\/schema\\\/logo\\\/image\\\/\"}}]}<\/script>\n<!-- \/ Yoast SEO plugin. -->","yoast_head_json":{"title":"Promal Metallylescaline Pellets | Research Chemical | 21mg Chemgramx","description":"Comprare Promal Methallylescaline 21mg Pellets - Prodotto chimico di ricerca in forma di pellet. Per analisi scientifiche. Testato in laboratorio e discreto.","robots":{"index":"index","follow":"follow","max-snippet":"max-snippet:-1","max-image-preview":"max-image-preview:large","max-video-preview":"max-video-preview:-1"},"canonical":"https:\/\/chemgramx.com\/it\/prodotto-1\/acquistare-promal-methallylescaline-21mg-pellets\/","og_locale":"it_IT","og_type":"article","og_title":"Promal Methallylescaline Pellets | Research Chemical | 21mg Chemgramx","og_description":"Promal Methallylescaline 21mg Pellets kaufen - Forschungschemikalie in pelletierter Form. F\u00fcr wissenschaftliche Analysen. Laborgepr\u00fcft &amp; diskret.","og_url":"https:\/\/chemgramx.com\/it\/prodotto-1\/acquistare-promal-methallylescaline-21mg-pellets\/","og_site_name":"Chemgramx","article_modified_time":"2025-11-21T11:21:52+00:00","og_image":[{"width":810,"height":526,"url":"https:\/\/chemgramx.com\/wp-content\/uploads\/2025\/11\/promal-methallylescaline-21-mg-pellets-chem-store-online.png","type":"image\/png"}],"twitter_card":"summary_large_image","twitter_misc":{"Tempo di lettura stimato":"5 minuti"},"schema":{"@context":"https:\/\/schema.org","@graph":[{"@type":"WebPage","@id":"https:\/\/chemgramx.com\/product\/promal-methallylescaline-21mg-pellets-kaufen\/","url":"https:\/\/chemgramx.com\/product\/promal-methallylescaline-21mg-pellets-kaufen\/","name":"Promal Metallylescaline Pellets | Research Chemical | 21mg Chemgramx","isPartOf":{"@id":"https:\/\/chemgramx.com\/#website"},"primaryImageOfPage":{"@id":"https:\/\/chemgramx.com\/product\/promal-methallylescaline-21mg-pellets-kaufen\/#primaryimage"},"image":{"@id":"https:\/\/chemgramx.com\/product\/promal-methallylescaline-21mg-pellets-kaufen\/#primaryimage"},"thumbnailUrl":"https:\/\/chemgramx.com\/wp-content\/uploads\/2025\/11\/promal-methallylescaline-21-mg-pellets-chem-store-online.png","datePublished":"2025-11-21T11:20:28+00:00","dateModified":"2025-11-21T11:21:52+00:00","description":"Comprare Promal Methallylescaline 21mg Pellets - Prodotto chimico di ricerca in forma di pellet. Per analisi scientifiche. Testato in laboratorio e discreto.","breadcrumb":{"@id":"https:\/\/chemgramx.com\/product\/promal-methallylescaline-21mg-pellets-kaufen\/#breadcrumb"},"inLanguage":"it-IT","potentialAction":[{"@type":"ReadAction","target":["https:\/\/chemgramx.com\/product\/promal-methallylescaline-21mg-pellets-kaufen\/"]}]},{"@type":"ImageObject","inLanguage":"it-IT","@id":"https:\/\/chemgramx.com\/product\/promal-methallylescaline-21mg-pellets-kaufen\/#primaryimage","url":"https:\/\/chemgramx.com\/wp-content\/uploads\/2025\/11\/promal-methallylescaline-21-mg-pellets-chem-store-online.png","contentUrl":"https:\/\/chemgramx.com\/wp-content\/uploads\/2025\/11\/promal-methallylescaline-21-mg-pellets-chem-store-online.png","width":810,"height":526},{"@type":"BreadcrumbList","@id":"https:\/\/chemgramx.com\/product\/promal-methallylescaline-21mg-pellets-kaufen\/#breadcrumb","itemListElement":[{"@type":"ListItem","position":1,"name":"Home","item":"https:\/\/chemgramx.com\/"},{"@type":"ListItem","position":2,"name":"Shop","item":"https:\/\/chemgramx.com\/shop\/"},{"@type":"ListItem","position":3,"name":"Promal Methallylescaline 21mg Pellets kaufen"}]},{"@type":"WebSite","@id":"https:\/\/chemgramx.com\/#website","url":"https:\/\/chemgramx.com\/","name":"Chemgramx","description":"","publisher":{"@id":"https:\/\/chemgramx.com\/#organization"},"potentialAction":[{"@type":"SearchAction","target":{"@type":"EntryPoint","urlTemplate":"https:\/\/chemgramx.com\/?s={search_term_string}"},"query-input":{"@type":"PropertyValueSpecification","valueRequired":true,"valueName":"search_term_string"}}],"inLanguage":"it-IT"},{"@type":"Organization","@id":"https:\/\/chemgramx.com\/#organization","name":"Chemgramx","url":"https:\/\/chemgramx.com\/","logo":{"@type":"ImageObject","inLanguage":"it-IT","@id":"https:\/\/chemgramx.com\/#\/schema\/logo\/image\/","url":"https:\/\/chemgramx.com\/wp-content\/uploads\/2024\/10\/final-logo.png","contentUrl":"https:\/\/chemgramx.com\/wp-content\/uploads\/2024\/10\/final-logo.png","width":250,"height":48,"caption":"Chemgramx"},"image":{"@id":"https:\/\/chemgramx.com\/#\/schema\/logo\/image\/"}}]}},"_links":{"self":[{"href":"https:\/\/chemgramx.com\/it\/wp-json\/wp\/v2\/product\/7733","targetHints":{"allow":["GET"]}}],"collection":[{"href":"https:\/\/chemgramx.com\/it\/wp-json\/wp\/v2\/product"}],"about":[{"href":"https:\/\/chemgramx.com\/it\/wp-json\/wp\/v2\/types\/product"}],"replies":[{"embeddable":true,"href":"https:\/\/chemgramx.com\/it\/wp-json\/wp\/v2\/comments?post=7733"}],"wp:featuredmedia":[{"embeddable":true,"href":"https:\/\/chemgramx.com\/it\/wp-json\/wp\/v2\/media\/7770"}],"wp:attachment":[{"href":"https:\/\/chemgramx.com\/it\/wp-json\/wp\/v2\/media?parent=7733"}],"wp:term":[{"taxonomy":"product_brand","embeddable":true,"href":"https:\/\/chemgramx.com\/it\/wp-json\/wp\/v2\/product_brand?post=7733"},{"taxonomy":"product_cat","embeddable":true,"href":"https:\/\/chemgramx.com\/it\/wp-json\/wp\/v2\/product_cat?post=7733"},{"taxonomy":"product_tag","embeddable":true,"href":"https:\/\/chemgramx.com\/it\/wp-json\/wp\/v2\/product_tag?post=7733"}],"curies":[{"name":"wp","href":"https:\/\/api.w.org\/{rel}","templated":true}]}}