{"id":777,"date":"2024-10-23T00:36:10","date_gmt":"2024-10-23T00:36:10","guid":{"rendered":"https:\/\/chemgramx.com\/?post_type=product&#038;p=777"},"modified":"2025-10-15T10:40:50","modified_gmt":"2025-10-15T10:40:50","slug":"5-meo-mipt","status":"publish","type":"product","link":"https:\/\/chemgramx.com\/it\/product\/5-meo-mipt\/","title":{"rendered":"Acquistare 5-MeO-MiPT online"},"content":{"rendered":"<h2 data-start=\"109\" data-end=\"179\">5-MeO-MiPT online kaufen \u2013 Qualit\u00e4t und Zuverl\u00e4ssigkeit bei ChemGramX<\/h2>\n<h3 data-start=\"181\" data-end=\"210\">Acquistare 5-MeO-MiPT online<\/h3>\n<p data-start=\"212\" data-end=\"575\">Stai cercando un modo affidabile per <a href=\"https:\/\/chemgramx.com\/it\/product\/5-meo-mipt\/\">Acquistare 5-MeO-MiPT online<\/a>ChemGramX offre 5-MeO-MiPT (5-metossi-N-metil-N-isopropiltriptamina) puro e testato in laboratorio, specificamente formulato per scopi di ricerca scientifica. I ricercatori che acquistano 5-MeO-MiPT online ottengono la massima purezza e qualit\u00e0 per i loro studi.<\/p>\n<h3 data-start=\"577\" data-end=\"601\">Che cos'\u00e8 il 5-MeO-MiPT?<\/h3>\n<p data-start=\"603\" data-end=\"1000\"><a href=\"https:\/\/en.wikipedia.org\/wiki\/5-MeO-MiPT\">5-MeO-MiPT<\/a> Appartiene alla famiglia delle triptamine ed \u00e8 noto per le sue propriet\u00e0 psicoattive. Viene utilizzato nella ricerca per studiare gli effetti delle sostanze psichedeliche sul sistema nervoso centrale. Gli scienziati che ordinano il 5-MeO-MiPT lo utilizzano per esplorarne gli effetti sui recettori della serotonina e sui meccanismi della percezione, dell'umore e della coscienza.<\/p>\n<h3 data-start=\"1002\" data-end=\"1031\">Perch\u00e9 acquistare il 5-MeO-MiPT?<\/h3>\n<p data-start=\"1033\" data-end=\"1389\">Il 5-MeO-MiPT \u00e8 una scelta privilegiata per la ricerca psichedelica perch\u00e9 offre approfondimenti approfonditi sul sistema della serotonina. Chi acquista il 5-MeO-MiPT online beneficia di un composto di alta qualit\u00e0, ideale per studi scientifici. La sostanza aiuta ad analizzare le funzioni dei neurotrasmettitori e gli effetti psicotropi.<\/p>\n<h3 data-start=\"1391\" data-end=\"1434\">Acquistare 5-MeO-MiPT online su ChemGramX<\/h3>\n<p data-start=\"1436\" data-end=\"1774\">ChemGramX erm\u00f6glicht es Forschern, buy 5-MeO-MiPT online sicher und bequem. Unser 5-MeO-MiPT zu verkaufen wird in unabh\u00e4ngigen Laboren getestet, um h\u00f6chste Qualit\u00e4t und Reinheit zu gew\u00e4hrleisten. Wer Wo kann man 5-MeO-MiPT kaufen? sucht, findet in ChemGramX einen verl\u00e4sslichen Anbieter f\u00fcr Forschung und wissenschaftliche Anwendungen.<\/p>\n<h3 data-start=\"1776\" data-end=\"1829\">Vantaggi dell'acquisto di 5-MeO-MiPT da ChemGramX<\/h3>\n<ul data-start=\"1831\" data-end=\"2277\">\n<li data-start=\"1831\" data-end=\"1958\">\n<p data-start=\"1833\" data-end=\"1958\">Purezza testata in laboratorio: tutti i prodotti vengono testati per garantire la massima qualit\u00e0 per i vostri progetti di ricerca.<\/p>\n<\/li>\n<li data-start=\"1959\" data-end=\"2035\">\n<p data-start=\"1961\" data-end=\"2035\">Spedizione discreta: il tuo ordine verr\u00e0 consegnato in modo sicuro e anonimo.<\/p>\n<\/li>\n<li data-start=\"2036\" data-end=\"2167\">\n<p data-start=\"2038\" data-end=\"2167\">Ideale per la ricerca: l'acquisto online di 5-MeO-MiPT \u00e8 ottimale per studi sui neurotrasmettitori e sulle sostanze psichedeliche.<\/p>\n<\/li>\n<li data-start=\"2168\" data-end=\"2277\">\n<p data-start=\"2170\" data-end=\"2277\">Transparente Preise: Sie erhalten stets einen fairen 5-MeO-MiPT-Preis f\u00fcr laborgepr\u00fcfte Qualit\u00e4t.<\/p>\n<\/li>\n<\/ul>\n<h3 data-start=\"2279\" data-end=\"2325\">5-MeO-MiPT Legalit\u00e0 e spedizione sicura<\/h3>\n<p data-start=\"2327\" data-end=\"2701\">La legalit\u00e0 del 5-MeO-MiPT varia a seconda del Paese. Gli acquirenti sono tenuti a verificare i requisiti legali prima dell'acquisto. ChemGramX vende il 5-MeO-MiPT esclusivamente per scopi scientifici e garantisce la conformit\u00e0 a tutte le normative. La nostra spedizione discreta garantisce che ogni ordine arrivi in \u200b\u200bmodo sicuro e anonimo.<\/p>\n<h3 data-start=\"2703\" data-end=\"2731\">Acquista ora 5-MeO-MiPT<\/h3>\n<p data-start=\"2733\" data-end=\"3026\">Bereit, 5-MeO-MiPT online zu kaufen? Bestellen Sie 5-MeO-MiPT bei ChemGramX und profitieren Sie von schneller Lieferung, garantiert hoher Reinheit und sicherem Versand. ChemGramX ist die bester Ort, um 5-MeO-MiPT online zu kaufen, um Ihre Forschungsprojekte erfolgreich zu unterst\u00fctzen.<\/p>\n<p data-start=\"3028\" data-end=\"3125\">ChemGramX \u2013 Ihre vertrauensw\u00fcrdige Quelle f\u00fcr 5-MeO-MiPT und hochwertige Forschungschemikalien<\/p>","protected":false},"excerpt":{"rendered":"<p>La 5-MeO-MiPT, nota anche come 5-metossi-N-metil-N-isopropiltriptamina, \u00e8 una sostanza chimica di ricerca della famiglia delle triptamine. \u00c8 ampiamente utilizzata nelle neuroscienze e in farmacologia per studiare le interazioni con i recettori della serotonina, in particolare <strong>5-HT2A<\/strong>nonch\u00e9 gli effetti sulla percezione e sulla cognizione.<\/p>\n<h3><strong>Formula e struttura<\/strong><\/h3>\n<ul>\n<li><strong>Formula chimica<\/strong>C15H22N2O<\/li>\n<li><strong>Peso molecolare<\/strong>246,35 g\/mol<\/li>\n<li><strong>Propriet\u00e0 chimiche<\/strong>Il gruppo metossi in quinta posizione dell'anello indolico e la sostituzione N-metilica e N-isopropilica conferiscono al 5-MeO-MiPT propriet\u00e0 farmacologiche e chimiche uniche.<\/li>\n<\/ul>\n<h3><strong>Durata ed effetti<\/strong><\/h3>\n<p>L'effetto della 5-MeO-MiPT dura tipicamente <strong>Da 4 a 6 ore<\/strong> a seconda del dosaggio e della tolleranza individuale:<\/p>\n<ul>\n<li><strong>Insorgenza dell'effetto<\/strong>Da 20 a 40 minuti.<\/li>\n<li><strong>In evidenza<\/strong>Da 1,5 a 3 ore.<\/li>\n<li><strong>Effetti collaterali<\/strong>Effetti sottili che svaniscono nell'arco di 1 o 2 ore.<\/li>\n<\/ul>","protected":false},"featured_media":778,"comment_status":"open","ping_status":"closed","template":"","meta":{"_joinchat":[]},"product_brand":[],"product_cat":[96],"product_tag":[1719,1716,1726,1712,1725,1709,1710,1705,1702,1721,1723,1706,1717,1720,1704,1711,1722,1727,1703,1724,1707,1708,1718,1713,1715,1714],"class_list":{"0":"post-777","1":"product","2":"type-product","3":"status-publish","4":"has-post-thumbnail","6":"product_cat-psychedelische-droge","7":"product_tag-5-meo-mipt-bestellen","8":"product_tag-5-meo-mipt-bulk-bestellung","9":"product_tag-5-meo-mipt-chemikalie","10":"product_tag-5-meo-mipt-experimente","11":"product_tag-5-meo-mipt-forschung","12":"product_tag-5-meo-mipt-forschung-chemikalie","13":"product_tag-5-meo-mipt-fur-neurowissenschaftliche-studien","14":"product_tag-5-meo-mipt-groshandel","15":"product_tag-5-meo-mipt-kaufen","16":"product_tag-5-meo-mipt-labor","17":"product_tag-5-meo-mipt-legal","18":"product_tag-5-meo-mipt-lieferant","19":"product_tag-5-meo-mipt-marktanalyse","20":"product_tag-5-meo-mipt-online","21":"product_tag-5-meo-mipt-online-bestellen","22":"product_tag-5-meo-mipt-pharmazeutische-forschung","23":"product_tag-5-meo-mipt-sicher","24":"product_tag-5-meo-mipt-versand","25":"product_tag-5-methoxy-n-methyl-n-isopropyltryptamin-bestellen","26":"product_tag-5meomipt-gunstig","27":"product_tag-forschung-chemikalien-5-meo-mipt","28":"product_tag-hochwertige-5-meo-mipt-kaufen","29":"product_tag-innovative-5-meo-mipt-forschung","30":"product_tag-laborqualitat-5-meo-mipt","31":"product_tag-legaler-5-meo-mipt-anbieter","32":"product_tag-sicherer-5-meo-mipt-versand","34":"first","35":"instock","36":"shipping-taxable","37":"purchasable","38":"product-type-variable"},"yoast_head":"<!-- This site is optimized with the Yoast SEO plugin v26.1.1 - https:\/\/yoast.com\/wordpress\/plugins\/seo\/ -->\n<title>5-MeO-MiPT online kaufen \u2013 5-MeO-MiPT zu verkaufen<\/title>\n<meta name=\"description\" content=\"Sie k\u00f6nnen 5-Meo-Mipt online zu den besten Preisen in unserem Online-Shop kaufen. Wir haben g\u00fcnstiges und hochwertiges 5-Meo-Mipt zum Verkauf und liefern weltweit. Sie k\u00f6nnen jederzeit und \u00fcberall bestellen.\" \/>\n<meta name=\"robots\" content=\"index, follow, max-snippet:-1, max-image-preview:large, max-video-preview:-1\" \/>\n<link rel=\"canonical\" href=\"https:\/\/chemgramx.com\/it\/product\/5-meo-mipt\/\" \/>\n<meta property=\"og:locale\" content=\"it_IT\" \/>\n<meta property=\"og:type\" content=\"article\" \/>\n<meta property=\"og:title\" content=\"5-MeO-MiPT online kaufen \u2013 5-MeO-MiPT zu verkaufen\" \/>\n<meta property=\"og:description\" content=\"Sie k\u00f6nnen 5-Meo-Mipt online zu den besten Preisen in unserem Online-Shop kaufen. Wir haben g\u00fcnstiges und hochwertiges 5-Meo-Mipt zum Verkauf und liefern weltweit. Sie k\u00f6nnen jederzeit und \u00fcberall bestellen.\" \/>\n<meta property=\"og:url\" content=\"https:\/\/chemgramx.com\/it\/product\/5-meo-mipt\/\" \/>\n<meta property=\"og:site_name\" content=\"Chemgramx\" \/>\n<meta property=\"article:modified_time\" content=\"2025-10-15T10:40:50+00:00\" \/>\n<meta property=\"og:image\" content=\"https:\/\/chemgramx.com\/wp-content\/uploads\/2024\/10\/5-MeO-MiP.webp\" \/>\n\t<meta property=\"og:image:width\" content=\"1500\" \/>\n\t<meta property=\"og:image:height\" content=\"1125\" \/>\n\t<meta property=\"og:image:type\" content=\"image\/webp\" \/>\n<meta name=\"twitter:card\" content=\"summary_large_image\" \/>\n<meta name=\"twitter:label1\" content=\"Tempo di lettura stimato\" \/>\n\t<meta name=\"twitter:data1\" content=\"2 minuti\" \/>\n<script type=\"application\/ld+json\" class=\"yoast-schema-graph\">{\"@context\":\"https:\/\/schema.org\",\"@graph\":[{\"@type\":\"WebPage\",\"@id\":\"https:\/\/chemgramx.com\/product\/5-meo-mipt\/\",\"url\":\"https:\/\/chemgramx.com\/product\/5-meo-mipt\/\",\"name\":\"5-MeO-MiPT online kaufen \u2013 5-MeO-MiPT zu verkaufen\",\"isPartOf\":{\"@id\":\"https:\/\/chemgramx.com\/#website\"},\"primaryImageOfPage\":{\"@id\":\"https:\/\/chemgramx.com\/product\/5-meo-mipt\/#primaryimage\"},\"image\":{\"@id\":\"https:\/\/chemgramx.com\/product\/5-meo-mipt\/#primaryimage\"},\"thumbnailUrl\":\"https:\/\/chemgramx.com\/wp-content\/uploads\/2024\/10\/5-MeO-MiP.webp\",\"datePublished\":\"2024-10-23T00:36:10+00:00\",\"dateModified\":\"2025-10-15T10:40:50+00:00\",\"description\":\"Sie k\u00f6nnen 5-Meo-Mipt online zu den besten Preisen in unserem Online-Shop kaufen. Wir haben g\u00fcnstiges und hochwertiges 5-Meo-Mipt zum Verkauf und liefern weltweit. Sie k\u00f6nnen jederzeit und \u00fcberall bestellen.\",\"breadcrumb\":{\"@id\":\"https:\/\/chemgramx.com\/product\/5-meo-mipt\/#breadcrumb\"},\"inLanguage\":\"it-IT\",\"potentialAction\":[{\"@type\":\"ReadAction\",\"target\":[\"https:\/\/chemgramx.com\/product\/5-meo-mipt\/\"]}]},{\"@type\":\"ImageObject\",\"inLanguage\":\"it-IT\",\"@id\":\"https:\/\/chemgramx.com\/product\/5-meo-mipt\/#primaryimage\",\"url\":\"https:\/\/chemgramx.com\/wp-content\/uploads\/2024\/10\/5-MeO-MiP.webp\",\"contentUrl\":\"https:\/\/chemgramx.com\/wp-content\/uploads\/2024\/10\/5-MeO-MiP.webp\",\"width\":1500,\"height\":1125,\"caption\":\"5-MeO-MiPT online kaufen\"},{\"@type\":\"BreadcrumbList\",\"@id\":\"https:\/\/chemgramx.com\/product\/5-meo-mipt\/#breadcrumb\",\"itemListElement\":[{\"@type\":\"ListItem\",\"position\":1,\"name\":\"Home\",\"item\":\"https:\/\/chemgramx.com\/\"},{\"@type\":\"ListItem\",\"position\":2,\"name\":\"Shop\",\"item\":\"https:\/\/chemgramx.com\/shop\/\"},{\"@type\":\"ListItem\",\"position\":3,\"name\":\"5-MeO-MiPT online kaufen\"}]},{\"@type\":\"WebSite\",\"@id\":\"https:\/\/chemgramx.com\/#website\",\"url\":\"https:\/\/chemgramx.com\/\",\"name\":\"Chemgramx\",\"description\":\"\",\"publisher\":{\"@id\":\"https:\/\/chemgramx.com\/#organization\"},\"potentialAction\":[{\"@type\":\"SearchAction\",\"target\":{\"@type\":\"EntryPoint\",\"urlTemplate\":\"https:\/\/chemgramx.com\/?s={search_term_string}\"},\"query-input\":{\"@type\":\"PropertyValueSpecification\",\"valueRequired\":true,\"valueName\":\"search_term_string\"}}],\"inLanguage\":\"it-IT\"},{\"@type\":\"Organization\",\"@id\":\"https:\/\/chemgramx.com\/#organization\",\"name\":\"Chemgramx\",\"url\":\"https:\/\/chemgramx.com\/\",\"logo\":{\"@type\":\"ImageObject\",\"inLanguage\":\"it-IT\",\"@id\":\"https:\/\/chemgramx.com\/#\/schema\/logo\/image\/\",\"url\":\"https:\/\/chemgramx.com\/wp-content\/uploads\/2024\/10\/final-logo.png\",\"contentUrl\":\"https:\/\/chemgramx.com\/wp-content\/uploads\/2024\/10\/final-logo.png\",\"width\":250,\"height\":48,\"caption\":\"Chemgramx\"},\"image\":{\"@id\":\"https:\/\/chemgramx.com\/#\/schema\/logo\/image\/\"}}]}<\/script>\n<!-- \/ Yoast SEO plugin. -->","yoast_head_json":{"title":"Acquista 5-MeO-MiPT online \u2013 5-MeO-MiPT in vendita","description":"Puoi acquistare 5-Meo-Mipt online ai migliori prezzi nel nostro negozio online. Offriamo 5-Meo-Mipt a prezzi accessibili e di alta qualit\u00e0, con spedizione in tutto il mondo. Puoi ordinare sempre e ovunque.","robots":{"index":"index","follow":"follow","max-snippet":"max-snippet:-1","max-image-preview":"max-image-preview:large","max-video-preview":"max-video-preview:-1"},"canonical":"https:\/\/chemgramx.com\/it\/product\/5-meo-mipt\/","og_locale":"it_IT","og_type":"article","og_title":"5-MeO-MiPT online kaufen \u2013 5-MeO-MiPT zu verkaufen","og_description":"Sie k\u00f6nnen 5-Meo-Mipt online zu den besten Preisen in unserem Online-Shop kaufen. Wir haben g\u00fcnstiges und hochwertiges 5-Meo-Mipt zum Verkauf und liefern weltweit. Sie k\u00f6nnen jederzeit und \u00fcberall bestellen.","og_url":"https:\/\/chemgramx.com\/it\/product\/5-meo-mipt\/","og_site_name":"Chemgramx","article_modified_time":"2025-10-15T10:40:50+00:00","og_image":[{"width":1500,"height":1125,"url":"https:\/\/chemgramx.com\/wp-content\/uploads\/2024\/10\/5-MeO-MiP.webp","type":"image\/webp"}],"twitter_card":"summary_large_image","twitter_misc":{"Tempo di lettura stimato":"2 minuti"},"schema":{"@context":"https:\/\/schema.org","@graph":[{"@type":"WebPage","@id":"https:\/\/chemgramx.com\/product\/5-meo-mipt\/","url":"https:\/\/chemgramx.com\/product\/5-meo-mipt\/","name":"Acquista 5-MeO-MiPT online \u2013 5-MeO-MiPT in vendita","isPartOf":{"@id":"https:\/\/chemgramx.com\/#website"},"primaryImageOfPage":{"@id":"https:\/\/chemgramx.com\/product\/5-meo-mipt\/#primaryimage"},"image":{"@id":"https:\/\/chemgramx.com\/product\/5-meo-mipt\/#primaryimage"},"thumbnailUrl":"https:\/\/chemgramx.com\/wp-content\/uploads\/2024\/10\/5-MeO-MiP.webp","datePublished":"2024-10-23T00:36:10+00:00","dateModified":"2025-10-15T10:40:50+00:00","description":"Puoi acquistare 5-Meo-Mipt online ai migliori prezzi nel nostro negozio online. Offriamo 5-Meo-Mipt a prezzi accessibili e di alta qualit\u00e0, con spedizione in tutto il mondo. Puoi ordinare sempre e ovunque.","breadcrumb":{"@id":"https:\/\/chemgramx.com\/product\/5-meo-mipt\/#breadcrumb"},"inLanguage":"it-IT","potentialAction":[{"@type":"ReadAction","target":["https:\/\/chemgramx.com\/product\/5-meo-mipt\/"]}]},{"@type":"ImageObject","inLanguage":"it-IT","@id":"https:\/\/chemgramx.com\/product\/5-meo-mipt\/#primaryimage","url":"https:\/\/chemgramx.com\/wp-content\/uploads\/2024\/10\/5-MeO-MiP.webp","contentUrl":"https:\/\/chemgramx.com\/wp-content\/uploads\/2024\/10\/5-MeO-MiP.webp","width":1500,"height":1125,"caption":"5-MeO-MiPT online kaufen"},{"@type":"BreadcrumbList","@id":"https:\/\/chemgramx.com\/product\/5-meo-mipt\/#breadcrumb","itemListElement":[{"@type":"ListItem","position":1,"name":"Home","item":"https:\/\/chemgramx.com\/"},{"@type":"ListItem","position":2,"name":"Shop","item":"https:\/\/chemgramx.com\/shop\/"},{"@type":"ListItem","position":3,"name":"5-MeO-MiPT online kaufen"}]},{"@type":"WebSite","@id":"https:\/\/chemgramx.com\/#website","url":"https:\/\/chemgramx.com\/","name":"Chemgramx","description":"","publisher":{"@id":"https:\/\/chemgramx.com\/#organization"},"potentialAction":[{"@type":"SearchAction","target":{"@type":"EntryPoint","urlTemplate":"https:\/\/chemgramx.com\/?s={search_term_string}"},"query-input":{"@type":"PropertyValueSpecification","valueRequired":true,"valueName":"search_term_string"}}],"inLanguage":"it-IT"},{"@type":"Organization","@id":"https:\/\/chemgramx.com\/#organization","name":"Chemgramx","url":"https:\/\/chemgramx.com\/","logo":{"@type":"ImageObject","inLanguage":"it-IT","@id":"https:\/\/chemgramx.com\/#\/schema\/logo\/image\/","url":"https:\/\/chemgramx.com\/wp-content\/uploads\/2024\/10\/final-logo.png","contentUrl":"https:\/\/chemgramx.com\/wp-content\/uploads\/2024\/10\/final-logo.png","width":250,"height":48,"caption":"Chemgramx"},"image":{"@id":"https:\/\/chemgramx.com\/#\/schema\/logo\/image\/"}}]}},"_links":{"self":[{"href":"https:\/\/chemgramx.com\/it\/wp-json\/wp\/v2\/product\/777","targetHints":{"allow":["GET"]}}],"collection":[{"href":"https:\/\/chemgramx.com\/it\/wp-json\/wp\/v2\/product"}],"about":[{"href":"https:\/\/chemgramx.com\/it\/wp-json\/wp\/v2\/types\/product"}],"replies":[{"embeddable":true,"href":"https:\/\/chemgramx.com\/it\/wp-json\/wp\/v2\/comments?post=777"}],"wp:featuredmedia":[{"embeddable":true,"href":"https:\/\/chemgramx.com\/it\/wp-json\/wp\/v2\/media\/778"}],"wp:attachment":[{"href":"https:\/\/chemgramx.com\/it\/wp-json\/wp\/v2\/media?parent=777"}],"wp:term":[{"taxonomy":"product_brand","embeddable":true,"href":"https:\/\/chemgramx.com\/it\/wp-json\/wp\/v2\/product_brand?post=777"},{"taxonomy":"product_cat","embeddable":true,"href":"https:\/\/chemgramx.com\/it\/wp-json\/wp\/v2\/product_cat?post=777"},{"taxonomy":"product_tag","embeddable":true,"href":"https:\/\/chemgramx.com\/it\/wp-json\/wp\/v2\/product_tag?post=777"}],"curies":[{"name":"wp","href":"https:\/\/api.w.org\/{rel}","templated":true}]}}