{"id":7811,"date":"2025-11-21T11:21:56","date_gmt":"2025-11-21T11:21:56","guid":{"rendered":"https:\/\/chemgramx.com\/?post_type=product&#038;p=7811"},"modified":"2025-11-21T14:26:38","modified_gmt":"2025-11-21T14:26:38","slug":"acquistare-funghi-mammut-dorati","status":"publish","type":"product","link":"https:\/\/chemgramx.com\/it\/product\/golden-mammoth-mushrooms-kaufen\/","title":{"rendered":"Comprare i funghi mammut d'oro"},"content":{"rendered":"<p>L'as <b>\u201eFunghi mammut d'oro\u201c<\/b> La variet\u00e0 conosciuta \u00e8 una variante di una <b>Fungo contenente psilocibina<\/b>. I botanici sono soliti classificare questa specie come tipo <i>Psilocybe cubensis<\/i> a. Grazie alle loro caratteristiche <b>tappi giallo oro<\/b> e uno <b>potenza equilibrata e costante<\/b> noto nei circoli scientifici. <b>Tuttavia<\/b> \u00e8 <b>di estrema importanza<\/b>, per chiarire questo contesto: In Germania e in molti altri Paesi, i funghi contenenti psilocibina sono soggetti al <b>Legge sugli stupefacenti (BtMG)<\/b>. <b>In termini concreti, ci\u00f2 significa<\/b>, che l'acquisizione, il possesso o il commercio <b>illegale<\/b> e sar\u00e0 perseguito penalmente. <b>Pertanto<\/b> questa analisi dettagliata serve <b>esclusivamente per scopi scientifici, botanici e informativi<\/b> e non costituisce un invito all'acquisto o una raccomandazione al consumo.<\/p>\n<h3><b>Basi chimiche e botaniche della variet\u00e0<\/b><\/h3>\n<p>La variet\u00e0 <b>Mammut d'oro<\/b> \u00e8 mostrato nella sezione <b>Micologia<\/b> (scienza dei funghi) per la loro <b>robuste propriet\u00e0 di coltivazione<\/b> e le loro <b><a href=\"\/product\/1d-lsd-225mcg-pellets-kaufen\/\">affidabile<\/a> Concentrazione di psilocibina<\/b> stimato. <b>Questo<\/b> lo rende un modello stabile nella ricerca.<\/p>\n<h4><b>Gli alcaloidi indolici psicoattivi<\/b><\/h4>\n<p>L'effetto psicoattivo si basa su due derivati della triptamina: <b>Psilocibina<\/b> e <b>Psilocina<\/b>. La psilocibina \u00e8 una sostanza relativamente stabile che si trova naturalmente nei funghi. <b>Derivato dell'estere dell'acido fosforico<\/b>. <b>Pertanto<\/b> \u00e8 la forma che preserva meglio l'integrit\u00e0 chimica durante la conservazione.<\/p>\n<p><b>Al contrario<\/b> \u00e8 <b>Psilocina<\/b> il <b>Composto biologicamente attivo<\/b>. Dopo l'ingestione, la psilocibina viene rapidamente de-fosforilata nell'organismo dagli enzimi e convertita nella psilocina attiva. <b>Poich\u00e9 la psilocina<\/b> (4-idrossi-N,N-dimetiltriptamina), il neurotrasmettitore proprio dell'organismo. <b>Serotonina<\/b> (5-HT), pu\u00f2 diventare attiva nel sistema nervoso centrale. La struttura chimica e la somiglianza molecolare con la serotonina sono le ragioni principali dell'interesse neurofarmacologico per questa classe di sostanze.<\/p>\n<h4><b>Potenza e riproducibilit\u00e0<\/b><\/h4>\n<p>Nell'analisi scientifica, il <b>Consistenza della potenza<\/b> decisivo. La variet\u00e0 <b>Mammut d'oro<\/b> \u00e8 caratterizzato da un <b>Distribuzione uniforme dei principi attivi<\/b> su vari lotti. <b>Questi<\/b> <b>Coerenza del lotto<\/b> \u00e8 essenziale per la <b>Riproducibilit\u00e0<\/b> dei risultati degli studi, soprattutto per quanto riguarda il dosaggio e le analisi comparative. <b>Infatti<\/b> la concentrazione media di psilocibina in <i>Psilocybe cubensis<\/i> in genere tra 0,5 % e 1,0 % del peso secco.<\/p>\n<h3><b>Farmacologia e \u201ecurva dell'effetto gentile\u201c.\u201c<\/b><\/h3>\n<p>L'effetto psichico della psilocina \u00e8 dovuto alla sua interazione specifica con il cervello.<\/p>\n<h4><b>Meccanismo d'azione\u00a0<\/b><\/h4>\n<p>Il meccanismo d'azione primario \u00e8 la <b>agonismo parziale<\/b> su <b>Recettore della serotonina 2A <\/b>. Questi recettori sono altamente concentrati nelle aree corticali, soprattutto nella corteccia prefrontale. <b>Di conseguenza<\/b> l'attivazione porta ad un <b>aumento dell'eccitabilit\u00e0 neuronale<\/b> e una profonda <b>Disorganizzazione della rete di modalit\u00e0 predefinita (DMN)<\/b>, che \u00e8 responsabile del senso di s\u00e9 e della percezione di s\u00e9.<\/p>\n<h4><b>Farmacocinetica e durata d'azione<\/b><\/h4>\n<p>Il descritto <b>\u201ecurva ad effetto dolce\u201c<\/b> pu\u00f2 essere spiegato farmacocineticamente. <b>Primo<\/b> La psilocibina deve essere assorbita e poi convertita in psilocina. <b>Questo<\/b> Il processo spiega il <b>inizio graduale<\/b> dell'effetto, che si verifica in genere da 30 a 60 minuti dopo l'ingestione. La durata d'azione totale del <b>Mammut d'oro<\/b> \u00e8 indicato come da 4 a 6 ore, che \u00e8 il <b>Emivita della psilocina<\/b> corrisponde. Il <b>Qualit\u00e0 costante<\/b> della variet\u00e0 la predestina anche all'utilizzo in <b>Protocolli di microdosaggio<\/b>, quando \u00e8 necessario un dosaggio preciso e subliminale per gli studi di potenziamento della cognizione.<\/p>\n<h3><b>Relazione dose-risposta e necessarie precauzioni di sicurezza<\/b><\/h3>\n<p>La relazione dose-risposta \u00e8 di importanza centrale per gli studi scientifici e tossicologici. <b>\u00c8 fondamentale<\/b>, per conoscere i potenziali effetti in relazione alla sostanza secca:<\/p>\n<ul>\n<li><b>Dosi leggere (1,0 - 1,5 g):<\/b> Negli studi, questa dose \u00e8 considerata <b>Dose minima<\/b> utilizzato. Provoca lievi effetti introspettivi e di miglioramento dell'umore.<\/li>\n<li><b>Dosaggi standard (1,5-2,5 g):<\/b> <b>Questi<\/b> La dose corrisponde alla <b>dose terapeutica moderata<\/b> negli attuali protocolli di ricerca clinica. In questo caso sono attesi effetti psicologici pronunciati.<\/li>\n<li><b>Dosi elevate (2,5 - 5,0 g):<\/b> <b>Tale<\/b> Le quantit\u00e0 portano ad un <b>esperienza profonda<\/b> (paragonabile alla dose mistica). <b>A causa di<\/b> dell'alta intensit\u00e0 qui sono <b>Misure di sicurezza rigorose<\/b> indispensabile.<\/li>\n<\/ul>\n<p><b>Da una prospettiva etica e scientifica<\/b> Sono in vigore regole severe per la gestione delle sostanze potenzialmente psicoattive. <b>Regole di base<\/b> da rispettare. <b>Questo include<\/b> la messa in sicurezza di un <b>\u201eSet &amp; Setting\u201c<\/b> (ambiente psicologico e fisico), nonch\u00e9 la presenza di una <b>Viaggiatori<\/b> (accompagnatore sobrio e affidabile).<\/p>\n<h3><b>Conformit\u00e0 legale ed etica - La natura illegale<\/b><\/h3>\n<p><b>Riassunto<\/b> la situazione giuridica deve essere spiegata chiaramente:<\/p>\n<ul>\n<li><b>Classificazione BtMG:<\/b> <b>Psilocibina e psilocina<\/b> sono in Germania in <b>Allegato I della legge sugli stupefacenti<\/b> elencati. <b>Si applicano<\/b> come narcotici non commerciabili.<\/li>\n<li><b>Responsabilit\u00e0 penale:<\/b> <b>Pertanto<\/b> \u00e8 il <b>Acquisizione, possesso, fabbricazione o commercio<\/b> con funghi mammut dorati <b>illegale<\/b> e sar\u00e0 perseguito.<\/li>\n<li><b>Editto:<\/b> <b>Tutti<\/b> Le informazioni fornite, comprese le tabelle di dosaggio e le descrizioni degli effetti, sono intese a <b>scopi di informazione puramente scientifici, educativi e tossicologici<\/b>. <b>Tu<\/b> luogo <b>Nessuna raccomandazione, istruzione o richiesta<\/b> per consumo illegale o manipolazione illegale.<\/li>\n<\/ul>","protected":false},"excerpt":{"rendered":"<p>Acquista Golden Mammoth Mushrooms - nota variet\u00e0 di psilocibina con tappi dorati. Effetto delicato ma profondo, ideale per principianti ed esperti. Raccolta fresca e consegnata in modo discreto.<\/p>","protected":false},"featured_media":7846,"comment_status":"open","ping_status":"closed","template":"","meta":{"_joinchat":[]},"product_brand":[],"product_cat":[3192,53],"product_tag":[2879,2925,2924,2900,2865,2881,2874,2875,2927,2926],"class_list":{"0":"post-7811","1":"product","2":"type-product","3":"status-publish","4":"has-post-thumbnail","6":"product_cat-ketamine","7":"product_cat-dissociatives","8":"product_tag-bewusstseinserweiternd","9":"product_tag-einsteiger-psychedelika","10":"product_tag-golden-mammoth-mushrooms","11":"product_tag-magic-mushrooms","12":"product_tag-mikrodosierung","13":"product_tag-pilze-online-kaufen","14":"product_tag-psilocybin-pilze","15":"product_tag-psychedelische-pilze","16":"product_tag-sanfte-wirkung","17":"product_tag-spirituelle-praxis","19":"first","20":"instock","21":"shipping-taxable","22":"purchasable","23":"product-type-variable"},"yoast_head":"<!-- This site is optimized with the Yoast SEO plugin v27.5 - https:\/\/yoast.com\/product\/yoast-seo-wordpress\/ -->\n<title>Golden Mammoth Mushrooms Kaufen | Premium Psilocybin Chemgramx<\/title>\n<meta name=\"description\" content=\"Golden Mammoth Mushrooms kaufen - beliebte Psilocybin Sorte f\u00fcr spirituelle Erfahrungen. Frisch &amp; diskret. Laborgepr\u00fcfte Qualit\u00e4t. Jetzt entdecken!\" \/>\n<meta name=\"robots\" content=\"index, follow, max-snippet:-1, max-image-preview:large, max-video-preview:-1\" \/>\n<link rel=\"canonical\" href=\"https:\/\/chemgramx.com\/it\/prodotto-1\/acquistare-funghi-mammut-dorati\/\" \/>\n<meta property=\"og:locale\" content=\"it_IT\" \/>\n<meta property=\"og:type\" content=\"article\" \/>\n<meta property=\"og:title\" content=\"Golden Mammoth Mushrooms Kaufen | Premium Psilocybin Chemgramx\" \/>\n<meta property=\"og:description\" content=\"Golden Mammoth Mushrooms kaufen - beliebte Psilocybin Sorte f\u00fcr spirituelle Erfahrungen. Frisch &amp; diskret. Laborgepr\u00fcfte Qualit\u00e4t. Jetzt entdecken!\" \/>\n<meta property=\"og:url\" content=\"https:\/\/chemgramx.com\/it\/prodotto-1\/acquistare-funghi-mammut-dorati\/\" \/>\n<meta property=\"og:site_name\" content=\"Chemgramx\" \/>\n<meta property=\"article:modified_time\" content=\"2025-11-21T14:26:38+00:00\" \/>\n<meta property=\"og:image\" content=\"https:\/\/chemgramx.com\/wp-content\/uploads\/2025\/11\/buy-golden-mammoth-mushrooms-online-premium-golden-mammoth-magic-mushrooms.webp\" \/>\n\t<meta property=\"og:image:width\" content=\"768\" \/>\n\t<meta property=\"og:image:height\" content=\"1152\" \/>\n\t<meta property=\"og:image:type\" content=\"image\/webp\" \/>\n<meta name=\"twitter:card\" content=\"summary_large_image\" \/>\n<meta name=\"twitter:label1\" content=\"Tempo di lettura stimato\" \/>\n\t<meta name=\"twitter:data1\" content=\"4 minuti\" \/>\n<script type=\"application\/ld+json\" class=\"yoast-schema-graph\">{\"@context\":\"https:\\\/\\\/schema.org\",\"@graph\":[{\"@type\":\"WebPage\",\"@id\":\"https:\\\/\\\/chemgramx.com\\\/product\\\/golden-mammoth-mushrooms-kaufen\\\/\",\"url\":\"https:\\\/\\\/chemgramx.com\\\/product\\\/golden-mammoth-mushrooms-kaufen\\\/\",\"name\":\"Golden Mammoth Mushrooms Kaufen | Premium Psilocybin Chemgramx\",\"isPartOf\":{\"@id\":\"https:\\\/\\\/chemgramx.com\\\/#website\"},\"primaryImageOfPage\":{\"@id\":\"https:\\\/\\\/chemgramx.com\\\/product\\\/golden-mammoth-mushrooms-kaufen\\\/#primaryimage\"},\"image\":{\"@id\":\"https:\\\/\\\/chemgramx.com\\\/product\\\/golden-mammoth-mushrooms-kaufen\\\/#primaryimage\"},\"thumbnailUrl\":\"https:\\\/\\\/chemgramx.com\\\/wp-content\\\/uploads\\\/2025\\\/11\\\/buy-golden-mammoth-mushrooms-online-premium-golden-mammoth-magic-mushrooms.webp\",\"datePublished\":\"2025-11-21T11:21:56+00:00\",\"dateModified\":\"2025-11-21T14:26:38+00:00\",\"description\":\"Golden Mammoth Mushrooms kaufen - beliebte Psilocybin Sorte f\u00fcr spirituelle Erfahrungen. Frisch &amp; diskret. Laborgepr\u00fcfte Qualit\u00e4t. Jetzt entdecken!\",\"breadcrumb\":{\"@id\":\"https:\\\/\\\/chemgramx.com\\\/product\\\/golden-mammoth-mushrooms-kaufen\\\/#breadcrumb\"},\"inLanguage\":\"it-IT\",\"potentialAction\":[{\"@type\":\"ReadAction\",\"target\":[\"https:\\\/\\\/chemgramx.com\\\/product\\\/golden-mammoth-mushrooms-kaufen\\\/\"]}]},{\"@type\":\"ImageObject\",\"inLanguage\":\"it-IT\",\"@id\":\"https:\\\/\\\/chemgramx.com\\\/product\\\/golden-mammoth-mushrooms-kaufen\\\/#primaryimage\",\"url\":\"https:\\\/\\\/chemgramx.com\\\/wp-content\\\/uploads\\\/2025\\\/11\\\/buy-golden-mammoth-mushrooms-online-premium-golden-mammoth-magic-mushrooms.webp\",\"contentUrl\":\"https:\\\/\\\/chemgramx.com\\\/wp-content\\\/uploads\\\/2025\\\/11\\\/buy-golden-mammoth-mushrooms-online-premium-golden-mammoth-magic-mushrooms.webp\",\"width\":768,\"height\":1152},{\"@type\":\"BreadcrumbList\",\"@id\":\"https:\\\/\\\/chemgramx.com\\\/product\\\/golden-mammoth-mushrooms-kaufen\\\/#breadcrumb\",\"itemListElement\":[{\"@type\":\"ListItem\",\"position\":1,\"name\":\"Home\",\"item\":\"https:\\\/\\\/chemgramx.com\\\/\"},{\"@type\":\"ListItem\",\"position\":2,\"name\":\"Shop\",\"item\":\"https:\\\/\\\/chemgramx.com\\\/shop\\\/\"},{\"@type\":\"ListItem\",\"position\":3,\"name\":\"Golden Mammoth Mushrooms Kaufen\"}]},{\"@type\":\"WebSite\",\"@id\":\"https:\\\/\\\/chemgramx.com\\\/#website\",\"url\":\"https:\\\/\\\/chemgramx.com\\\/\",\"name\":\"Chemgramx\",\"description\":\"\",\"publisher\":{\"@id\":\"https:\\\/\\\/chemgramx.com\\\/#organization\"},\"potentialAction\":[{\"@type\":\"SearchAction\",\"target\":{\"@type\":\"EntryPoint\",\"urlTemplate\":\"https:\\\/\\\/chemgramx.com\\\/?s={search_term_string}\"},\"query-input\":{\"@type\":\"PropertyValueSpecification\",\"valueRequired\":true,\"valueName\":\"search_term_string\"}}],\"inLanguage\":\"it-IT\"},{\"@type\":\"Organization\",\"@id\":\"https:\\\/\\\/chemgramx.com\\\/#organization\",\"name\":\"Chemgramx\",\"url\":\"https:\\\/\\\/chemgramx.com\\\/\",\"logo\":{\"@type\":\"ImageObject\",\"inLanguage\":\"it-IT\",\"@id\":\"https:\\\/\\\/chemgramx.com\\\/#\\\/schema\\\/logo\\\/image\\\/\",\"url\":\"https:\\\/\\\/chemgramx.com\\\/wp-content\\\/uploads\\\/2024\\\/10\\\/final-logo.png\",\"contentUrl\":\"https:\\\/\\\/chemgramx.com\\\/wp-content\\\/uploads\\\/2024\\\/10\\\/final-logo.png\",\"width\":250,\"height\":48,\"caption\":\"Chemgramx\"},\"image\":{\"@id\":\"https:\\\/\\\/chemgramx.com\\\/#\\\/schema\\\/logo\\\/image\\\/\"}}]}<\/script>\n<!-- \/ Yoast SEO plugin. -->","yoast_head_json":{"title":"Comprare i funghi Golden Mammoth | Premium Psilocybin Chemgramx","description":"Golden Mammoth Mushrooms kaufen - beliebte Psilocybin Sorte f\u00fcr spirituelle Erfahrungen. Frisch &amp; diskret. Laborgepr\u00fcfte Qualit\u00e4t. Jetzt entdecken!","robots":{"index":"index","follow":"follow","max-snippet":"max-snippet:-1","max-image-preview":"max-image-preview:large","max-video-preview":"max-video-preview:-1"},"canonical":"https:\/\/chemgramx.com\/it\/prodotto-1\/acquistare-funghi-mammut-dorati\/","og_locale":"it_IT","og_type":"article","og_title":"Golden Mammoth Mushrooms Kaufen | Premium Psilocybin Chemgramx","og_description":"Golden Mammoth Mushrooms kaufen - beliebte Psilocybin Sorte f\u00fcr spirituelle Erfahrungen. Frisch &amp; diskret. Laborgepr\u00fcfte Qualit\u00e4t. Jetzt entdecken!","og_url":"https:\/\/chemgramx.com\/it\/prodotto-1\/acquistare-funghi-mammut-dorati\/","og_site_name":"Chemgramx","article_modified_time":"2025-11-21T14:26:38+00:00","og_image":[{"width":768,"height":1152,"url":"https:\/\/chemgramx.com\/wp-content\/uploads\/2025\/11\/buy-golden-mammoth-mushrooms-online-premium-golden-mammoth-magic-mushrooms.webp","type":"image\/webp"}],"twitter_card":"summary_large_image","twitter_misc":{"Tempo di lettura stimato":"4 minuti"},"schema":{"@context":"https:\/\/schema.org","@graph":[{"@type":"WebPage","@id":"https:\/\/chemgramx.com\/product\/golden-mammoth-mushrooms-kaufen\/","url":"https:\/\/chemgramx.com\/product\/golden-mammoth-mushrooms-kaufen\/","name":"Comprare i funghi Golden Mammoth | Premium Psilocybin Chemgramx","isPartOf":{"@id":"https:\/\/chemgramx.com\/#website"},"primaryImageOfPage":{"@id":"https:\/\/chemgramx.com\/product\/golden-mammoth-mushrooms-kaufen\/#primaryimage"},"image":{"@id":"https:\/\/chemgramx.com\/product\/golden-mammoth-mushrooms-kaufen\/#primaryimage"},"thumbnailUrl":"https:\/\/chemgramx.com\/wp-content\/uploads\/2025\/11\/buy-golden-mammoth-mushrooms-online-premium-golden-mammoth-magic-mushrooms.webp","datePublished":"2025-11-21T11:21:56+00:00","dateModified":"2025-11-21T14:26:38+00:00","description":"Golden Mammoth Mushrooms kaufen - beliebte Psilocybin Sorte f\u00fcr spirituelle Erfahrungen. Frisch &amp; diskret. Laborgepr\u00fcfte Qualit\u00e4t. Jetzt entdecken!","breadcrumb":{"@id":"https:\/\/chemgramx.com\/product\/golden-mammoth-mushrooms-kaufen\/#breadcrumb"},"inLanguage":"it-IT","potentialAction":[{"@type":"ReadAction","target":["https:\/\/chemgramx.com\/product\/golden-mammoth-mushrooms-kaufen\/"]}]},{"@type":"ImageObject","inLanguage":"it-IT","@id":"https:\/\/chemgramx.com\/product\/golden-mammoth-mushrooms-kaufen\/#primaryimage","url":"https:\/\/chemgramx.com\/wp-content\/uploads\/2025\/11\/buy-golden-mammoth-mushrooms-online-premium-golden-mammoth-magic-mushrooms.webp","contentUrl":"https:\/\/chemgramx.com\/wp-content\/uploads\/2025\/11\/buy-golden-mammoth-mushrooms-online-premium-golden-mammoth-magic-mushrooms.webp","width":768,"height":1152},{"@type":"BreadcrumbList","@id":"https:\/\/chemgramx.com\/product\/golden-mammoth-mushrooms-kaufen\/#breadcrumb","itemListElement":[{"@type":"ListItem","position":1,"name":"Home","item":"https:\/\/chemgramx.com\/"},{"@type":"ListItem","position":2,"name":"Shop","item":"https:\/\/chemgramx.com\/shop\/"},{"@type":"ListItem","position":3,"name":"Golden Mammoth Mushrooms Kaufen"}]},{"@type":"WebSite","@id":"https:\/\/chemgramx.com\/#website","url":"https:\/\/chemgramx.com\/","name":"Chemgramx","description":"","publisher":{"@id":"https:\/\/chemgramx.com\/#organization"},"potentialAction":[{"@type":"SearchAction","target":{"@type":"EntryPoint","urlTemplate":"https:\/\/chemgramx.com\/?s={search_term_string}"},"query-input":{"@type":"PropertyValueSpecification","valueRequired":true,"valueName":"search_term_string"}}],"inLanguage":"it-IT"},{"@type":"Organization","@id":"https:\/\/chemgramx.com\/#organization","name":"Chemgramx","url":"https:\/\/chemgramx.com\/","logo":{"@type":"ImageObject","inLanguage":"it-IT","@id":"https:\/\/chemgramx.com\/#\/schema\/logo\/image\/","url":"https:\/\/chemgramx.com\/wp-content\/uploads\/2024\/10\/final-logo.png","contentUrl":"https:\/\/chemgramx.com\/wp-content\/uploads\/2024\/10\/final-logo.png","width":250,"height":48,"caption":"Chemgramx"},"image":{"@id":"https:\/\/chemgramx.com\/#\/schema\/logo\/image\/"}}]}},"_links":{"self":[{"href":"https:\/\/chemgramx.com\/it\/wp-json\/wp\/v2\/product\/7811","targetHints":{"allow":["GET"]}}],"collection":[{"href":"https:\/\/chemgramx.com\/it\/wp-json\/wp\/v2\/product"}],"about":[{"href":"https:\/\/chemgramx.com\/it\/wp-json\/wp\/v2\/types\/product"}],"replies":[{"embeddable":true,"href":"https:\/\/chemgramx.com\/it\/wp-json\/wp\/v2\/comments?post=7811"}],"wp:featuredmedia":[{"embeddable":true,"href":"https:\/\/chemgramx.com\/it\/wp-json\/wp\/v2\/media\/7846"}],"wp:attachment":[{"href":"https:\/\/chemgramx.com\/it\/wp-json\/wp\/v2\/media?parent=7811"}],"wp:term":[{"taxonomy":"product_brand","embeddable":true,"href":"https:\/\/chemgramx.com\/it\/wp-json\/wp\/v2\/product_brand?post=7811"},{"taxonomy":"product_cat","embeddable":true,"href":"https:\/\/chemgramx.com\/it\/wp-json\/wp\/v2\/product_cat?post=7811"},{"taxonomy":"product_tag","embeddable":true,"href":"https:\/\/chemgramx.com\/it\/wp-json\/wp\/v2\/product_tag?post=7811"}],"curies":[{"name":"wp","href":"https:\/\/api.w.org\/{rel}","templated":true}]}}