{"id":7814,"date":"2025-11-21T11:21:57","date_gmt":"2025-11-21T11:21:57","guid":{"rendered":"https:\/\/chemgramx.com\/?post_type=product&#038;p=7814"},"modified":"2025-11-21T11:24:12","modified_gmt":"2025-11-21T11:24:12","slug":"acquistare-la-fiala-di-ketamina","status":"publish","type":"product","link":"https:\/\/chemgramx.com\/it\/prodotto-2\/acquistare-la-fiala-di-ketamina\/","title":{"rendered":"Comprare Ketamine Fiala"},"content":{"rendered":"<p>L'integrit\u00e0 della vostra ricerca \u00e8 la nostra massima priorit\u00e0. Le nostre fiale offrono vantaggi specifici che le distinguono dai prodotti chimici di laboratorio standard. Questi vantaggi derivano dalla nostra costante attenzione alla purezza e alla sicurezza.<\/p>\n<h2><b>Caratteristiche di qualit\u00e0 ineguagliabili nei dettagli<\/b><\/h2>\n<p>Applichiamo protocolli di produzione rigorosi per garantire la massima coerenza. <b>Inoltre<\/b> le nostre caratteristiche qualitative pi\u00f9 importanti sono documentate in modo esauriente:<\/p>\n<ul>\n<li><b>99% Purezza farmaceutica:<\/b> Questo \u00e8 il massimo livello di qualit\u00e0 raggiungibile. Il livello di purezza di <span class=\"math-inline\" data-math=\"ge 99%\">\u00a099% <\/span>\u00e8 caratterizzato da <b>HPLC<\/b> (Cromatografia liquida ad alte prestazioni).<\/li>\n<li><b>Riempimento sterile:<\/b> La produzione avviene in rigorose condizioni di camera bianca. <b>Di conseguenza<\/b> il rischio di contaminazione \u00e8 ridotto al minimo.<\/li>\n<li><b>Filtrato pi\u00f9 volte:<\/b> Il prodotto \u00e8 privo di particelle e sterile. La sterilit\u00e0 \u00e8 garantita da un <b>0,22\u03bcm Filtro<\/b> garantito.<\/li>\n<li><b>Certificato dal laboratorio:<\/b> Ogni lotto \u00e8 indipendente <a href=\"\/it\/prodotto-2\/acquistare-promal-methallylescaline-21mg-pellets\/\"><b>Certificati di analisi<\/b> <\/a>(CoA).<\/li>\n<li><b>Valore del pH:<\/b> Il principio attivo \u00e8 tamponato per garantire la massima stabilit\u00e0 e la conservazione a lungo termine.<\/li>\n<\/ul>\n<p>Queste propriet\u00e0 garantiscono la possibilit\u00e0 di <b>Comprare Ketamine Fiala<\/b> un prodotto in grado di resistere alle procedure analitiche pi\u00f9 impegnative.<\/p>\n<h2>Specifiche del prodotto per le vostre esigenze di ricerca<\/h2>\n<p>Offriamo due dimensioni comuni per soddisfare le diverse esigenze dei laboratori. Entrambe le varianti contengono la stessa qualit\u00e0 garantita.<\/p>\n<p>Le fiale sono sigillate in confezioni sterili monouso, che ottimizzano la manipolazione e la sicurezza in laboratorio.<\/p>\n<h2><b>Note applicative importanti<\/b> e <b>Conformit\u00e0 legale<\/b><\/h2>\n<p>L'osservanza delle istruzioni per l'uso \u00e8 essenziale per l'integrit\u00e0 scientifica e la sicurezza del prodotto. <b>Conformit\u00e0 legale<\/b> essenziale. Le nostre fiale sono destinate esclusivamente a scopi specifici. <b>Pertanto<\/b> il prelievo \u00e8 strettamente regolamentato.<\/p>\n<h2><b>Uso esclusivo previsto<\/b><\/h2>\n<p>Il nostro <b>Ricerca sulle fiale di ketamina<\/b> non sono destinati all'uso medico. Sono destinati esclusivamente ai seguenti scopi:<\/p>\n<ul>\n<li>Studi farmacologici.<\/li>\n<li>Ricerca biochimica e metodi analitici.<\/li>\n<li>Esami clinici (in stretta osservanza delle leggi nazionali).<\/li>\n<\/ul>\n<h2><b>Non adatto per<\/b><\/h2>\n<p>Per evitare abusi, lo indichiamo chiaramente:<\/p>\n<ul>\n<li><b>Medicina umana o veterinaria:<\/b> Le fiale non sono autorizzate per l'iniezione o l'uso su organismi viventi.<\/li>\n<li><b>Applicazione ricreativa<\/b> o un ulteriore trattamento non autorizzato.<\/li>\n<\/ul>\n<p>L'intero processo di ordinazione \u00e8 progettato per garantire la conformit\u00e0 a questi requisiti. <b>Questo include<\/b> esclude categoricamente la consegna a privati.<\/p>\n<h2><b>Sicurezza, logistica e processo di ordinazione<\/b><\/h2>\n<p>Sicurezza e trasparenza sono i cardini del nostro sistema di ordinazione. <b>Cos\u00ec<\/b> ci assicuriamo che solo <b>Ricercatori qualificati<\/b> e <b>istituzioni di ricerca documentate<\/b> possono acquistare i nostri prodotti.<\/p>\n<h2><b>Precauzioni di sicurezza essenziali<\/b><\/h2>\n<p>La manipolazione dell'ingrediente attivo puro richiede la massima attenzione. <b>Di conseguenza<\/b> \u00e8 necessario osservare le seguenti istruzioni di sicurezza:<\/p>\n<ul>\n<li>Il lavoro \u00e8 consentito solo ai ricercatori qualificati.<\/li>\n<li>Il rispetto delle condizioni di lavoro sterili \u00e8 obbligatorio.<\/li>\n<li><b>Inoltre<\/b> \u00c8 necessario indossare indumenti protettivi per evitare il contatto diretto.<\/li>\n<li>Lo smaltimento deve avvenire in conformit\u00e0 alle disposizioni dell'ordinanza sulle sostanze pericolose.<\/li>\n<\/ul>\n<h2><b>Processo di ordinazione Per gli istituti di ricerca<\/b><\/h2>\n<p>Una procedura chiaramente definita \u00e8 necessaria per organizzare il processo in modo efficiente e garantire la legalit\u00e0:<\/p>\n<ol start=\"1\">\n<li><b>Selezione delle varianti:<\/b> Determinare la dimensione richiesta (fiale sterili da 10 ml o 50 ml).<\/li>\n<li><b>Quantit\u00e0:<\/b> Immettere il numero di fiale necessarie.<\/li>\n<li><b>Certificato dell'Istituto:<\/b> Si tratta di un <b>Documentazione dell'organizzazione della ricerca<\/b> richiesto. <b>Per esempio<\/b> prova della registrazione dell'azienda o della licenza di ricerca.<\/li>\n<li><b>Spedizione professionale:<\/b> La spedizione \u00e8 discreta e, se necessario, a temperatura controllata.<\/li>\n<\/ol>\n<h2><b>Garanzia di qualit\u00e0 e trasparenza<\/b><\/h2>\n<p>Il nostro <b>Garanzia di qualit\u00e0<\/b> \u00e8 completo. Include <b>Tracciabilit\u00e0 dei lotti<\/b>, test di stabilit\u00e0 regolari e controlli di qualit\u00e0 documentati. Seguiamo pratiche di produzione conformi al fine di <b>Eccellenza scientifica<\/b> supporto. <b>Inoltre<\/b> vengono effettuati controlli microbiologici per confermare la garanzia di sterilit\u00e0.<\/p>\n<h2><b>Conclusione:<\/b><\/h2>\n<p>Se <b>Comprare Ketamine Fiala<\/b> per i processi neurologici, la ricerca sul dolore o i fenomeni di coscienza, la scelta della fonte \u00e8 fondamentale. I nostri prodotti offrono la purezza, la sterilit\u00e0 e la documentazione necessarie per <b>Ricerca seria<\/b>. <b>Infine<\/b> garantiamo un processo di ordinazione sicuro, legale e professionale.<\/p>","protected":false},"excerpt":{"rendered":"<p>Acquistare fiale di ketamina di grado farmaceutico. 99% ketamina pura e sterile per scopi di ricerca. Testata in laboratorio, multi-filtrata e confezionata in fiale sterili. Discreta e sicura.<\/p>","protected":false},"featured_media":7849,"comment_status":"open","ping_status":"closed","template":"","meta":{"_joinchat":[]},"product_brand":[],"product_cat":[3192],"product_tag":[2912,2911,2907,2909,2904,2903,2908,2910,2906,2905],"class_list":{"0":"post-7814","1":"product","2":"type-product","3":"status-publish","4":"has-post-thumbnail","6":"product_cat-ketamine","7":"product_tag-analgetika-forschung","8":"product_tag-bewusstseinsforschung","9":"product_tag-forschungschemikalie","10":"product_tag-hplc-gereinigt","11":"product_tag-ketamin-forschung","12":"product_tag-ketamine-vial","13":"product_tag-laborbedarf","14":"product_tag-neurologische-forschung","15":"product_tag-pharmazeutische-qualitaet","16":"product_tag-steriles-ketamin","18":"first","19":"instock","20":"shipping-taxable","21":"purchasable","22":"product-type-variable"},"yoast_head":"<!-- This site is optimized with the Yoast SEO plugin v26.3 - https:\/\/yoast.com\/wordpress\/plugins\/seo\/ -->\n<title>Ketamine Vial Kaufen | 99% Reinheit | Steril &amp; Laborgepr\u00fcft Chemgramx<\/title>\n<meta name=\"description\" content=\"Ketamine Vial kaufen mit 99% Reinheit. Steril gefiltert, laborgepr\u00fcft &amp; f\u00fcr Forschungszwecke. Diskret &amp; sicher. Pharmazeutische Qualit\u00e4t.\" \/>\n<meta name=\"robots\" content=\"noindex, follow, max-snippet:-1, max-image-preview:large, max-video-preview:-1\" \/>\n<meta property=\"og:locale\" content=\"it_IT\" \/>\n<meta property=\"og:type\" content=\"article\" \/>\n<meta property=\"og:title\" content=\"Ketamine Vial Kaufen | 99% Reinheit | Steril &amp; Laborgepr\u00fcft Chemgramx\" \/>\n<meta property=\"og:description\" content=\"Ketamine Vial kaufen mit 99% Reinheit. Steril gefiltert, laborgepr\u00fcft &amp; f\u00fcr Forschungszwecke. Diskret &amp; sicher. Pharmazeutische Qualit\u00e4t.\" \/>\n<meta property=\"og:url\" content=\"https:\/\/chemgramx.com\/it\/prodotto-2\/acquistare-la-fiala-di-ketamina\/\" \/>\n<meta property=\"og:site_name\" content=\"Chemgramx\" \/>\n<meta property=\"article:modified_time\" content=\"2025-11-21T11:24:12+00:00\" \/>\n<meta property=\"og:image\" content=\"https:\/\/chemgramx.com\/wp-content\/uploads\/2025\/11\/buy-ketamine-vial-online-100-high-quality-ketamine-vials-for-sale-medibo.jpeg\" \/>\n\t<meta property=\"og:image:width\" content=\"575\" \/>\n\t<meta property=\"og:image:height\" content=\"419\" \/>\n\t<meta property=\"og:image:type\" content=\"image\/jpeg\" \/>\n<meta name=\"twitter:card\" content=\"summary_large_image\" \/>\n<meta name=\"twitter:label1\" content=\"Tempo di lettura stimato\" \/>\n\t<meta name=\"twitter:data1\" content=\"3 minuti\" \/>\n<script type=\"application\/ld+json\" class=\"yoast-schema-graph\">{\"@context\":\"https:\/\/schema.org\",\"@graph\":[{\"@type\":\"WebPage\",\"@id\":\"https:\/\/chemgramx.com\/product\/ketamine-vial-kaufen\/\",\"url\":\"https:\/\/chemgramx.com\/product\/ketamine-vial-kaufen\/\",\"name\":\"Ketamine Vial Kaufen | 99% Reinheit | Steril &amp; Laborgepr\u00fcft Chemgramx\",\"isPartOf\":{\"@id\":\"https:\/\/chemgramx.com\/#website\"},\"primaryImageOfPage\":{\"@id\":\"https:\/\/chemgramx.com\/product\/ketamine-vial-kaufen\/#primaryimage\"},\"image\":{\"@id\":\"https:\/\/chemgramx.com\/product\/ketamine-vial-kaufen\/#primaryimage\"},\"thumbnailUrl\":\"https:\/\/chemgramx.com\/wp-content\/uploads\/2025\/11\/buy-ketamine-vial-online-100-high-quality-ketamine-vials-for-sale-medibo.jpeg\",\"datePublished\":\"2025-11-21T11:21:57+00:00\",\"dateModified\":\"2025-11-21T11:24:12+00:00\",\"description\":\"Ketamine Vial kaufen mit 99% Reinheit. Steril gefiltert, laborgepr\u00fcft &amp; f\u00fcr Forschungszwecke. Diskret &amp; sicher. Pharmazeutische Qualit\u00e4t.\",\"breadcrumb\":{\"@id\":\"https:\/\/chemgramx.com\/product\/ketamine-vial-kaufen\/#breadcrumb\"},\"inLanguage\":\"it-IT\",\"potentialAction\":[{\"@type\":\"ReadAction\",\"target\":[\"https:\/\/chemgramx.com\/product\/ketamine-vial-kaufen\/\"]}]},{\"@type\":\"ImageObject\",\"inLanguage\":\"it-IT\",\"@id\":\"https:\/\/chemgramx.com\/product\/ketamine-vial-kaufen\/#primaryimage\",\"url\":\"https:\/\/chemgramx.com\/wp-content\/uploads\/2025\/11\/buy-ketamine-vial-online-100-high-quality-ketamine-vials-for-sale-medibo.jpeg\",\"contentUrl\":\"https:\/\/chemgramx.com\/wp-content\/uploads\/2025\/11\/buy-ketamine-vial-online-100-high-quality-ketamine-vials-for-sale-medibo.jpeg\",\"width\":575,\"height\":419},{\"@type\":\"BreadcrumbList\",\"@id\":\"https:\/\/chemgramx.com\/product\/ketamine-vial-kaufen\/#breadcrumb\",\"itemListElement\":[{\"@type\":\"ListItem\",\"position\":1,\"name\":\"Home\",\"item\":\"https:\/\/chemgramx.com\/\"},{\"@type\":\"ListItem\",\"position\":2,\"name\":\"Shop\",\"item\":\"https:\/\/chemgramx.com\/shop\/\"},{\"@type\":\"ListItem\",\"position\":3,\"name\":\"Ketamine Vial kaufen\"}]},{\"@type\":\"WebSite\",\"@id\":\"https:\/\/chemgramx.com\/#website\",\"url\":\"https:\/\/chemgramx.com\/\",\"name\":\"Chemgramx\",\"description\":\"\",\"publisher\":{\"@id\":\"https:\/\/chemgramx.com\/#organization\"},\"potentialAction\":[{\"@type\":\"SearchAction\",\"target\":{\"@type\":\"EntryPoint\",\"urlTemplate\":\"https:\/\/chemgramx.com\/?s={search_term_string}\"},\"query-input\":{\"@type\":\"PropertyValueSpecification\",\"valueRequired\":true,\"valueName\":\"search_term_string\"}}],\"inLanguage\":\"it-IT\"},{\"@type\":\"Organization\",\"@id\":\"https:\/\/chemgramx.com\/#organization\",\"name\":\"Chemgramx\",\"url\":\"https:\/\/chemgramx.com\/\",\"logo\":{\"@type\":\"ImageObject\",\"inLanguage\":\"it-IT\",\"@id\":\"https:\/\/chemgramx.com\/#\/schema\/logo\/image\/\",\"url\":\"https:\/\/chemgramx.com\/wp-content\/uploads\/2024\/10\/final-logo.png\",\"contentUrl\":\"https:\/\/chemgramx.com\/wp-content\/uploads\/2024\/10\/final-logo.png\",\"width\":250,\"height\":48,\"caption\":\"Chemgramx\"},\"image\":{\"@id\":\"https:\/\/chemgramx.com\/#\/schema\/logo\/image\/\"}}]}<\/script>\n<!-- \/ Yoast SEO plugin. -->","yoast_head_json":{"title":"Ketamine Vial Kaufen | 99% Reinheit | Steril &amp; Laborgepr\u00fcft Chemgramx","description":"Ketamine Vial kaufen mit 99% Reinheit. Steril gefiltert, laborgepr\u00fcft &amp; f\u00fcr Forschungszwecke. Diskret &amp; sicher. Pharmazeutische Qualit\u00e4t.","robots":{"index":"noindex","follow":"follow","max-snippet":"max-snippet:-1","max-image-preview":"max-image-preview:large","max-video-preview":"max-video-preview:-1"},"og_locale":"it_IT","og_type":"article","og_title":"Ketamine Vial Kaufen | 99% Reinheit | Steril &amp; Laborgepr\u00fcft Chemgramx","og_description":"Ketamine Vial kaufen mit 99% Reinheit. Steril gefiltert, laborgepr\u00fcft &amp; f\u00fcr Forschungszwecke. Diskret &amp; sicher. Pharmazeutische Qualit\u00e4t.","og_url":"https:\/\/chemgramx.com\/it\/prodotto-2\/acquistare-la-fiala-di-ketamina\/","og_site_name":"Chemgramx","article_modified_time":"2025-11-21T11:24:12+00:00","og_image":[{"width":575,"height":419,"url":"https:\/\/chemgramx.com\/wp-content\/uploads\/2025\/11\/buy-ketamine-vial-online-100-high-quality-ketamine-vials-for-sale-medibo.jpeg","type":"image\/jpeg"}],"twitter_card":"summary_large_image","twitter_misc":{"Tempo di lettura stimato":"3 minuti"},"schema":{"@context":"https:\/\/schema.org","@graph":[{"@type":"WebPage","@id":"https:\/\/chemgramx.com\/product\/ketamine-vial-kaufen\/","url":"https:\/\/chemgramx.com\/product\/ketamine-vial-kaufen\/","name":"Ketamine Vial Kaufen | 99% Reinheit | Steril &amp; Laborgepr\u00fcft Chemgramx","isPartOf":{"@id":"https:\/\/chemgramx.com\/#website"},"primaryImageOfPage":{"@id":"https:\/\/chemgramx.com\/product\/ketamine-vial-kaufen\/#primaryimage"},"image":{"@id":"https:\/\/chemgramx.com\/product\/ketamine-vial-kaufen\/#primaryimage"},"thumbnailUrl":"https:\/\/chemgramx.com\/wp-content\/uploads\/2025\/11\/buy-ketamine-vial-online-100-high-quality-ketamine-vials-for-sale-medibo.jpeg","datePublished":"2025-11-21T11:21:57+00:00","dateModified":"2025-11-21T11:24:12+00:00","description":"Ketamine Vial kaufen mit 99% Reinheit. Steril gefiltert, laborgepr\u00fcft &amp; f\u00fcr Forschungszwecke. Diskret &amp; sicher. Pharmazeutische Qualit\u00e4t.","breadcrumb":{"@id":"https:\/\/chemgramx.com\/product\/ketamine-vial-kaufen\/#breadcrumb"},"inLanguage":"it-IT","potentialAction":[{"@type":"ReadAction","target":["https:\/\/chemgramx.com\/product\/ketamine-vial-kaufen\/"]}]},{"@type":"ImageObject","inLanguage":"it-IT","@id":"https:\/\/chemgramx.com\/product\/ketamine-vial-kaufen\/#primaryimage","url":"https:\/\/chemgramx.com\/wp-content\/uploads\/2025\/11\/buy-ketamine-vial-online-100-high-quality-ketamine-vials-for-sale-medibo.jpeg","contentUrl":"https:\/\/chemgramx.com\/wp-content\/uploads\/2025\/11\/buy-ketamine-vial-online-100-high-quality-ketamine-vials-for-sale-medibo.jpeg","width":575,"height":419},{"@type":"BreadcrumbList","@id":"https:\/\/chemgramx.com\/product\/ketamine-vial-kaufen\/#breadcrumb","itemListElement":[{"@type":"ListItem","position":1,"name":"Home","item":"https:\/\/chemgramx.com\/"},{"@type":"ListItem","position":2,"name":"Shop","item":"https:\/\/chemgramx.com\/shop\/"},{"@type":"ListItem","position":3,"name":"Ketamine Vial kaufen"}]},{"@type":"WebSite","@id":"https:\/\/chemgramx.com\/#website","url":"https:\/\/chemgramx.com\/","name":"Chemgramx","description":"","publisher":{"@id":"https:\/\/chemgramx.com\/#organization"},"potentialAction":[{"@type":"SearchAction","target":{"@type":"EntryPoint","urlTemplate":"https:\/\/chemgramx.com\/?s={search_term_string}"},"query-input":{"@type":"PropertyValueSpecification","valueRequired":true,"valueName":"search_term_string"}}],"inLanguage":"it-IT"},{"@type":"Organization","@id":"https:\/\/chemgramx.com\/#organization","name":"Chemgramx","url":"https:\/\/chemgramx.com\/","logo":{"@type":"ImageObject","inLanguage":"it-IT","@id":"https:\/\/chemgramx.com\/#\/schema\/logo\/image\/","url":"https:\/\/chemgramx.com\/wp-content\/uploads\/2024\/10\/final-logo.png","contentUrl":"https:\/\/chemgramx.com\/wp-content\/uploads\/2024\/10\/final-logo.png","width":250,"height":48,"caption":"Chemgramx"},"image":{"@id":"https:\/\/chemgramx.com\/#\/schema\/logo\/image\/"}}]}},"_links":{"self":[{"href":"https:\/\/chemgramx.com\/it\/wp-json\/wp\/v2\/product\/7814","targetHints":{"allow":["GET"]}}],"collection":[{"href":"https:\/\/chemgramx.com\/it\/wp-json\/wp\/v2\/product"}],"about":[{"href":"https:\/\/chemgramx.com\/it\/wp-json\/wp\/v2\/types\/product"}],"replies":[{"embeddable":true,"href":"https:\/\/chemgramx.com\/it\/wp-json\/wp\/v2\/comments?post=7814"}],"wp:featuredmedia":[{"embeddable":true,"href":"https:\/\/chemgramx.com\/it\/wp-json\/wp\/v2\/media\/7849"}],"wp:attachment":[{"href":"https:\/\/chemgramx.com\/it\/wp-json\/wp\/v2\/media?parent=7814"}],"wp:term":[{"taxonomy":"product_brand","embeddable":true,"href":"https:\/\/chemgramx.com\/it\/wp-json\/wp\/v2\/product_brand?post=7814"},{"taxonomy":"product_cat","embeddable":true,"href":"https:\/\/chemgramx.com\/it\/wp-json\/wp\/v2\/product_cat?post=7814"},{"taxonomy":"product_tag","embeddable":true,"href":"https:\/\/chemgramx.com\/it\/wp-json\/wp\/v2\/product_tag?post=7814"}],"curies":[{"name":"wp","href":"https:\/\/api.w.org\/{rel}","templated":true}]}}