{"id":7985,"date":"2025-11-21T16:44:47","date_gmt":"2025-11-21T16:44:47","guid":{"rendered":"https:\/\/chemgramx.com\/?post_type=product&#038;p=7985"},"modified":"2025-12-10T17:34:13","modified_gmt":"2025-12-10T17:34:13","slug":"bottiglie-heineken-verde-230mg-mdma-ordine-online","status":"publish","type":"product","link":"https:\/\/chemgramx.com\/it\/product\/green-heineken-bottles-230mg-mdma-online-bestellung\/","title":{"rendered":"Ordina MDMA \u2013 230 mg di purezza (acquista online)"},"content":{"rendered":"<p>Benvenuti su Chemgramx, la vostra fonte leader per prodotti chimici di alta qualit\u00e0 per la ricerca. Siamo lieti di presentarvi la <b>Bottiglie Heineken verdi 230 mg di MDMA in vendita<\/b> un prodotto rinomato per la sua eccezionale purezza e consistenza. Questo prodotto, dosato con precisione e preparato con cura, \u00e8 stato appositamente progettato per scopi scientifici e progetti di ricerca. Di conseguenza, \u00e8 ideale per laboratori esigenti e istituzioni accademiche che mirano ai pi\u00f9 alti standard.<\/p>\n<p>Il nostro <b>Bottiglie Heineken verdi da 230 mg di MDMA<\/b> rappresenta il meglio di ci\u00f2 che \u00e8 disponibile sul mercato dei prodotti chimici per la ricerca. Inoltre, garantiamo una qualit\u00e0 superiore, supportata da rigorosi test e procedure di analisi. Se <b>Ordina MDMA online<\/b> desiderate, vi offriamo una piattaforma sicura e affidabile. Potete quindi stare certi di ricevere un prodotto autentico e altamente puro, in grado di soddisfare le vostre esigenze di ricerca.<\/p>\n<h2>Scopri le bottiglie Green Heineken da 230 mg di MDMA<\/h2>\n<h3>Un prodotto di precisione per la ricerca pi\u00f9 esigente<\/h3>\n<p>Il <b>Bottiglie Heineken verdi da 230 mg di MDMA<\/b> sono una formulazione accuratamente realizzata, sviluppata appositamente per scopi di ricerca. Ogni flacone contiene 230 mg di MDMA, il che consente un dosaggio preciso e risultati riproducibili in ambienti sperimentali. Inoltre, questo prodotto \u00e8 realizzato in condizioni di laboratorio estremamente rigorose per garantire la massima omogeneit\u00e0 e stabilit\u00e0. \u00c8 quindi una scelta eccellente per studi scientifici precisi.<\/p>\n<p>Il colore verde e il design della bottiglia Heineken fungono da chiara identificazione e indicano il lotto e la composizione specifici. Ci\u00f2 aiuta i ricercatori a confermare rapidamente l'identit\u00e0 del materiale ed evitare confusione. Pertanto, la coerenza e l'affidabilit\u00e0 che ci si aspetta da <a href=\"https:\/\/chemgramx.com\/product\/green-heineken-bottles-230mg-mdma-online-bestellung\/\">Ordina online le bottiglie Green Heineken da 230 mg di MDMA<\/a>, di fondamentale importanza per qualsiasi lavoro di ricerca serio. Potete contare su di noi per <b>MDMA di prima qualit\u00e0<\/b> lasciare.<\/p>\n<h2>Purezza e qualit\u00e0 di Chemgramx<\/h2>\n<h3>I nostri standard di qualit\u00e0 senza compromessi<\/h3>\n<p>Noi di Chemgramx attribuiamo grande importanza alla purezza e alla qualit\u00e0 dei nostri prodotti. In particolare, la <b>Bottiglie Heineken verdi da 230 mg di MDMA<\/b> sono sottoposti a severi test per garantire una purezza che va ben oltre gli standard industriali. Comprendiamo che nella ricerca qualsiasi contaminazione pu\u00f2 falsare i risultati. Per questo motivo offriamo esclusivamente prodotti di <b>alta purezza in vendita<\/b> che soddisfano i requisiti pi\u00f9 elevati.<\/p>\n<p>Ogni lotto viene analizzato da laboratori indipendenti per confermare l'integrit\u00e0 chimica e l'esatta concentrazione. Di conseguenza, i nostri clienti ricevono solo <b>MDMA autentico<\/b> di qualit\u00e0 insuperabile. Siamo orgogliosi di, <b>Qualit\u00e0 della ricerca in vendita<\/b> in grado di soddisfare le pi\u00f9 elevate aspettative di scienziati e ricercatori.<\/p>\n<h3>Verifica analitica e tracciabilit\u00e0<\/h3>\n<p>La trasparenza dei nostri processi di controllo qualit\u00e0 \u00e8 per noi molto importante. Ogni prodotto, compresi i <b>Bottiglie Heineken verdi da 230 mg di MDMA<\/b>, viene fornito con rapporti di analisi dettagliati che ne confermano la purezza e la composizione. Ci\u00f2 consente ai ricercatori di verificare e fidarsi della qualit\u00e0 dei nostri prodotti in qualsiasi momento. Inoltre, garantiamo che tutti i nostri materiali vengano manipolati e lavorati in un ambiente controllato, al fine di preservarne l'integrit\u00e0 fino al momento dell'utilizzo.<\/p>\n<p>Questo impegno per la tracciabilit\u00e0 e la garanzia della qualit\u00e0 ci rende un partner privilegiato per progetti di ricerca ambiziosi. Se <b>Qualit\u00e0 da laboratorio in vendita<\/b> , Chemgramx \u00e8 il posto giusto per voi. Potete quindi essere certi che con ogni <b>Ordine online di MDMA<\/b> riceverete un prodotto che ha superato i nostri severi controlli.<\/p>\n<h2>Applicazioni e potenziale di ricerca<\/h2>\n<h3>Per la scienza e l'analisi<\/h3>\n<p>Il <b>Bottiglie Heineken verdi da 230 mg di MDMA<\/b> trovano applicazione in una vasta gamma di studi scientifici. In particolare, viene utilizzato nella ricerca farmacologica per studiare i meccanismi dei sistemi serotoninergici e dopaminergici. Inoltre, \u00e8 uno strumento importante per i neurobiologi che studiano gli effetti delle sostanze empatogene sui circuiti neuronali. Pertanto, i nostri composti altamente puri contribuiscono in modo significativo al progresso in questi campi.<\/p>\n<p>Nel campo della psicologia sperimentale, l'MDMA viene inoltre utilizzata per valutare nuovi approcci nella gestione dello stress e dei traumi. Il dosaggio preciso del nostro <b>MDMA<\/b>I prodotti consentono di condurre tali studi in modo controllato e sicuro. Per questo motivo \u00e8 molto importante utilizzare prodotti di altissima qualit\u00e0 per ottenere risultati affidabili e validi.<\/p>\n<h3>Importanza nella ricerca e nello sviluppo<\/h3>\n<p>Il potenziale dell'MDMA nella ricerca terapeutica \u00e8 un argomento molto dibattuto. Gli studi sul supporto psicoterapeutico nel trattamento del disturbo da stress post-traumatico e dei disturbi d'ansia sono promettenti e sottolineano la necessit\u00e0 di materiali di ricerca di alta qualit\u00e0. Inoltre, la disponibilit\u00e0 di <b>MDMA di qualit\u00e0 scientifica<\/b> essenziale per lo sviluppo di nuovi metodi terapeutici e la comprensione di processi neurologici complessi.<\/p>\n<p>Chemgramx sostiene questi importanti sforzi di ricerca fornendo costantemente <b>Il miglior MDMA disponibile<\/b> . Siamo consapevoli della responsabilit\u00e0 che deriva dalla fornitura di questi materiali. Di conseguenza, lavoriamo instancabilmente per garantire che i nostri prodotti siano conformi agli standard globali per la ricerca scientifica. Considerate la nostra offerta come il vostro partner di fiducia nel campo dei prodotti chimici di alta qualit\u00e0 per la ricerca.<\/p>\n<h2>I vantaggi di ordinare su Chemgramx<\/h2>\n<h3>Fiducia e sicurezza in ogni transazione<\/h3>\n<p>La vostra sicurezza e soddisfazione sono la nostra massima priorit\u00e0 qui a Chemgramx. Se avete <b>Ordina online le bottiglie Green Heineken da 230 mg di MDMA<\/b>, potrete beneficiare di un processo di ordinazione sicuro e discreto. Utilizziamo le pi\u00f9 moderne tecnologie di crittografia per proteggere i vostri dati personali e le vostre transazioni. Inoltre, garantiamo che il vostro ordine sar\u00e0 trattato con la massima cura e discrezione, senza menzionarne il contenuto su documenti esterni.<\/p>\n<p>Il nostro team di assistenza clienti \u00e8 sempre a vostra disposizione per rispondere alle vostre domande e fornirvi supporto. Potete quindi fare acquisti in tutta tranquillit\u00e0 e sicurezza. Offriamo una <b>Ordine sicuro<\/b> per tutti i nostri materiali di ricerca. Ci impegniamo costantemente per rendere il processo di acquisto il pi\u00f9 agevole e affidabile possibile. <a href=\"https:\/\/chemgramx.com\/product\/white-widow-kush-18-25-thc\/\">Scoprite anche le nostre altre offerte<\/a> di prodotti chimici di alta qualit\u00e0 per la ricerca.<\/p>\n<h3>Il miglior MDMA sul mercato<\/h3>\n<p>Non solo affermiamo che <b>Le migliori bottiglie Green Heineken da 230 mg di MDMA disponibili<\/b> Lo dimostriamo attraverso i nostri rigorosi controlli di qualit\u00e0 e il feedback positivo dei nostri clienti. Il nostro obiettivo \u00e8 fornire ai ricercatori gli strumenti necessari per fare scoperte rivoluzionarie. Per questo motivo investiamo continuamente nell'ottimizzazione dei nostri processi di produzione e analisi.<\/p>\n<p>Se decidete di farlo, <b>Acquista ora online<\/b>, scegliete qualit\u00e0 e affidabilit\u00e0 senza pari. Il <a href=\"https:\/\/chemgramx.com\/product\/green-heineken-bottles-230mg-mdma-online-bestellung\/\">Bottiglie verdi Heineken 230mg MDMA ordine online<\/a> Chemgramx significa avere accesso a una risorsa che prende sul serio la tua ricerca. In definitiva, la qualit\u00e0 del materiale di partenza \u00e8 fondamentale per il successo dei tuoi progetti.<\/p>\n<h2>Come acquistare Green Heineken Bottles 230 mg MDMA<\/h2>\n<h3>Processo di ordinazione semplice e discreto<\/h3>\n<p>Il processo, <b>Green Heineken Bottles 230 mg MDMA da ordinare online<\/b>, con Chemgramx \u00e8 facile e semplice. Acceda alla nostra sezione prodotti, selezioni la quantit\u00e0 desiderata e completi l'ordine in modo sicuro. Il nostro sistema \u00e8 progettato per essere intuitivo e offrirle un'esperienza senza intoppi. Ci\u00f2 garantisce un'elaborazione rapida ed efficiente delle sue richieste. Pu\u00f2 <b>MDMA Bottiglie Heineken verdi 230 mg<\/b> semplicemente tramite la nostra piattaforma.<\/p>\n<p>Abbiamo ottimizzato tutte le fasi del processo affinch\u00e9 possiate concentrarvi sulla vostra ricerca invece di preoccuparvi dell'approvvigionamento dei materiali. Il nostro obiettivo \u00e8 quello di semplificare al massimo l'accesso ai prodotti chimici necessari per la vostra ricerca. Su Chemgramx potete <b>MDMA di alta qualit\u00e0<\/b> Acquistare in modo sicuro e comodo.<\/p>\n<h3>Il nostro impegno per la vostra ricerca<\/h3>\n<p>Il team di Chemgramx si impegna a superare le vostre aspettative. Comprendiamo l'importanza dell'affidabilit\u00e0 e della fiducia nella comunit\u00e0 scientifica. Pertanto, tutti gli ordini vengono elaborati con la massima cura e attenzione ai dettagli. Ci\u00f2 riflette il nostro impegno a fornire solo il meglio ai nostri clienti.<\/p>\n<p>Il <b>MDMA autentico<\/b>, che trovate da noi \u00e8 una testimonianza del nostro impegno per l'eccellenza. Siamo pi\u00f9 di un semplice fornitore; siamo un partner nella vostra ricerca. Potete <b>Acquista su Chemgramx<\/b> e contare su un servizio di prima classe e una qualit\u00e0 dei prodotti senza pari. Saremo lieti di supportarvi nei vostri prossimi progetti di ricerca.<\/p>","protected":false},"excerpt":{"rendered":"<p><b>Bottiglie Heineken verdi da 230 mg di MDMA<\/b> \u2013 adesso <b>ordine online<\/b> presso Chemgramx. Il nostro prodotto convince grazie a:<\/p>\n<ul>\n<li><b>Massima purezza<\/b> per una ricerca accurata.<\/li>\n<li>Pi\u00f9 preciso <b>Dosaggio da 230 mg<\/b> per bottiglia.<\/li>\n<li><b>qualit\u00e0 della ricerca<\/b>, testato in laboratorio e verificato.<\/li>\n<li>Ideale per studi scientifici e analisi.<\/li>\n<\/ul>\n<p>Acquistate <b>MDMA autentico<\/b> sicuro e affidabile.<\/p>","protected":false},"featured_media":8027,"comment_status":"open","ping_status":"closed","template":"","meta":{"_joinchat":[]},"product_brand":[],"product_cat":[2846],"product_tag":[2518,2014,2517,2521,2520,2519,2017,2164,2018,2015],"class_list":{"0":"post-7985","1":"product","2":"type-product","3":"status-publish","4":"has-post-thumbnail","6":"product_cat-ecstasy-pills","7":"product_tag-230mg-mdma","8":"product_tag-230mg-mdma-kaufen","9":"product_tag-green-heineken-mdma","10":"product_tag-heineken-mdma-230mg","11":"product_tag-heineken-mdma-kaufen","12":"product_tag-mdma-green-heineken","13":"product_tag-mdma-kristalle","14":"product_tag-mdma-online-kaufen","15":"product_tag-mdma-zum-verkauf","16":"product_tag-synthetische-drogen","18":"first","19":"instock","20":"shipping-taxable","21":"purchasable","22":"product-type-variable"},"yoast_head":"<!-- This site is optimized with the Yoast SEO plugin v27.5 - https:\/\/yoast.com\/product\/yoast-seo-wordpress\/ -->\n<title>MDMA bestellen - 230mg Reinheit (Online kaufen)<\/title>\n<meta name=\"description\" content=\"Green Heineken Bottles 230mg MDMA online bestellen. Top-Qualit\u00e4t und hohe Reinheit f\u00fcr Ihre Forschung. Sicher MDMA in Laborqualit\u00e4t bei Chemgramx erwerben.\" \/>\n<meta name=\"robots\" content=\"index, follow, max-snippet:-1, max-image-preview:large, max-video-preview:-1\" \/>\n<link rel=\"canonical\" href=\"https:\/\/chemgramx.com\/it\/prodotto-1\/bottiglie-heineken-verde-230mg-mdma-ordine-online\/\" \/>\n<meta property=\"og:locale\" content=\"it_IT\" \/>\n<meta property=\"og:type\" content=\"article\" \/>\n<meta property=\"og:title\" content=\"MDMA bestellen - 230mg Reinheit (Online kaufen)\" \/>\n<meta property=\"og:description\" content=\"Green Heineken Bottles 230mg MDMA online bestellen. Top-Qualit\u00e4t und hohe Reinheit f\u00fcr Ihre Forschung. Sicher MDMA in Laborqualit\u00e4t bei Chemgramx erwerben.\" \/>\n<meta property=\"og:url\" content=\"https:\/\/chemgramx.com\/it\/prodotto-1\/bottiglie-heineken-verde-230mg-mdma-ordine-online\/\" \/>\n<meta property=\"og:site_name\" content=\"Chemgramx\" \/>\n<meta property=\"article:modified_time\" content=\"2025-12-10T17:34:13+00:00\" \/>\n<meta property=\"og:image\" content=\"https:\/\/chemgramx.com\/wp-content\/uploads\/2025\/11\/p17-1-1.png\" \/>\n\t<meta property=\"og:image:width\" content=\"600\" \/>\n\t<meta property=\"og:image:height\" content=\"400\" \/>\n\t<meta property=\"og:image:type\" content=\"image\/png\" \/>\n<meta name=\"twitter:card\" content=\"summary_large_image\" \/>\n<meta name=\"twitter:label1\" content=\"Tempo di lettura stimato\" \/>\n\t<meta name=\"twitter:data1\" content=\"6 minuti\" \/>\n<script type=\"application\/ld+json\" class=\"yoast-schema-graph\">{\"@context\":\"https:\\\/\\\/schema.org\",\"@graph\":[{\"@type\":\"WebPage\",\"@id\":\"https:\\\/\\\/chemgramx.com\\\/product\\\/green-heineken-bottles-230mg-mdma-online-bestellung\\\/\",\"url\":\"https:\\\/\\\/chemgramx.com\\\/product\\\/green-heineken-bottles-230mg-mdma-online-bestellung\\\/\",\"name\":\"MDMA bestellen - 230mg Reinheit (Online kaufen)\",\"isPartOf\":{\"@id\":\"https:\\\/\\\/chemgramx.com\\\/#website\"},\"primaryImageOfPage\":{\"@id\":\"https:\\\/\\\/chemgramx.com\\\/product\\\/green-heineken-bottles-230mg-mdma-online-bestellung\\\/#primaryimage\"},\"image\":{\"@id\":\"https:\\\/\\\/chemgramx.com\\\/product\\\/green-heineken-bottles-230mg-mdma-online-bestellung\\\/#primaryimage\"},\"thumbnailUrl\":\"https:\\\/\\\/chemgramx.com\\\/wp-content\\\/uploads\\\/2025\\\/11\\\/p17-1-1.png\",\"datePublished\":\"2025-11-21T16:44:47+00:00\",\"dateModified\":\"2025-12-10T17:34:13+00:00\",\"description\":\"Green Heineken Bottles 230mg MDMA online bestellen. Top-Qualit\u00e4t und hohe Reinheit f\u00fcr Ihre Forschung. Sicher MDMA in Laborqualit\u00e4t bei Chemgramx erwerben.\",\"breadcrumb\":{\"@id\":\"https:\\\/\\\/chemgramx.com\\\/product\\\/green-heineken-bottles-230mg-mdma-online-bestellung\\\/#breadcrumb\"},\"inLanguage\":\"it-IT\",\"potentialAction\":[{\"@type\":\"ReadAction\",\"target\":[\"https:\\\/\\\/chemgramx.com\\\/product\\\/green-heineken-bottles-230mg-mdma-online-bestellung\\\/\"]}]},{\"@type\":\"ImageObject\",\"inLanguage\":\"it-IT\",\"@id\":\"https:\\\/\\\/chemgramx.com\\\/product\\\/green-heineken-bottles-230mg-mdma-online-bestellung\\\/#primaryimage\",\"url\":\"https:\\\/\\\/chemgramx.com\\\/wp-content\\\/uploads\\\/2025\\\/11\\\/p17-1-1.png\",\"contentUrl\":\"https:\\\/\\\/chemgramx.com\\\/wp-content\\\/uploads\\\/2025\\\/11\\\/p17-1-1.png\",\"width\":600,\"height\":400},{\"@type\":\"BreadcrumbList\",\"@id\":\"https:\\\/\\\/chemgramx.com\\\/product\\\/green-heineken-bottles-230mg-mdma-online-bestellung\\\/#breadcrumb\",\"itemListElement\":[{\"@type\":\"ListItem\",\"position\":1,\"name\":\"Home\",\"item\":\"https:\\\/\\\/chemgramx.com\\\/\"},{\"@type\":\"ListItem\",\"position\":2,\"name\":\"Shop\",\"item\":\"https:\\\/\\\/chemgramx.com\\\/shop\\\/\"},{\"@type\":\"ListItem\",\"position\":3,\"name\":\"MDMA bestellen &#8211; 230mg Reinheit (Online kaufen)\"}]},{\"@type\":\"WebSite\",\"@id\":\"https:\\\/\\\/chemgramx.com\\\/#website\",\"url\":\"https:\\\/\\\/chemgramx.com\\\/\",\"name\":\"Chemgramx\",\"description\":\"\",\"publisher\":{\"@id\":\"https:\\\/\\\/chemgramx.com\\\/#organization\"},\"potentialAction\":[{\"@type\":\"SearchAction\",\"target\":{\"@type\":\"EntryPoint\",\"urlTemplate\":\"https:\\\/\\\/chemgramx.com\\\/?s={search_term_string}\"},\"query-input\":{\"@type\":\"PropertyValueSpecification\",\"valueRequired\":true,\"valueName\":\"search_term_string\"}}],\"inLanguage\":\"it-IT\"},{\"@type\":\"Organization\",\"@id\":\"https:\\\/\\\/chemgramx.com\\\/#organization\",\"name\":\"Chemgramx\",\"url\":\"https:\\\/\\\/chemgramx.com\\\/\",\"logo\":{\"@type\":\"ImageObject\",\"inLanguage\":\"it-IT\",\"@id\":\"https:\\\/\\\/chemgramx.com\\\/#\\\/schema\\\/logo\\\/image\\\/\",\"url\":\"https:\\\/\\\/chemgramx.com\\\/wp-content\\\/uploads\\\/2024\\\/10\\\/final-logo.png\",\"contentUrl\":\"https:\\\/\\\/chemgramx.com\\\/wp-content\\\/uploads\\\/2024\\\/10\\\/final-logo.png\",\"width\":250,\"height\":48,\"caption\":\"Chemgramx\"},\"image\":{\"@id\":\"https:\\\/\\\/chemgramx.com\\\/#\\\/schema\\\/logo\\\/image\\\/\"}}]}<\/script>\n<!-- \/ Yoast SEO plugin. -->","yoast_head_json":{"title":"Ordina MDMA - 230 mg di purezza (acquista online)","description":"Ordina online bottiglie Green Heineken da 230 mg di MDMA. Massima qualit\u00e0 e elevata purezza per la tua ricerca. Acquista MDMA di qualit\u00e0 da laboratorio in tutta sicurezza su Chemgramx.","robots":{"index":"index","follow":"follow","max-snippet":"max-snippet:-1","max-image-preview":"max-image-preview:large","max-video-preview":"max-video-preview:-1"},"canonical":"https:\/\/chemgramx.com\/it\/prodotto-1\/bottiglie-heineken-verde-230mg-mdma-ordine-online\/","og_locale":"it_IT","og_type":"article","og_title":"MDMA bestellen - 230mg Reinheit (Online kaufen)","og_description":"Green Heineken Bottles 230mg MDMA online bestellen. Top-Qualit\u00e4t und hohe Reinheit f\u00fcr Ihre Forschung. Sicher MDMA in Laborqualit\u00e4t bei Chemgramx erwerben.","og_url":"https:\/\/chemgramx.com\/it\/prodotto-1\/bottiglie-heineken-verde-230mg-mdma-ordine-online\/","og_site_name":"Chemgramx","article_modified_time":"2025-12-10T17:34:13+00:00","og_image":[{"width":600,"height":400,"url":"https:\/\/chemgramx.com\/wp-content\/uploads\/2025\/11\/p17-1-1.png","type":"image\/png"}],"twitter_card":"summary_large_image","twitter_misc":{"Tempo di lettura stimato":"6 minuti"},"schema":{"@context":"https:\/\/schema.org","@graph":[{"@type":"WebPage","@id":"https:\/\/chemgramx.com\/product\/green-heineken-bottles-230mg-mdma-online-bestellung\/","url":"https:\/\/chemgramx.com\/product\/green-heineken-bottles-230mg-mdma-online-bestellung\/","name":"Ordina MDMA - 230 mg di purezza (acquista online)","isPartOf":{"@id":"https:\/\/chemgramx.com\/#website"},"primaryImageOfPage":{"@id":"https:\/\/chemgramx.com\/product\/green-heineken-bottles-230mg-mdma-online-bestellung\/#primaryimage"},"image":{"@id":"https:\/\/chemgramx.com\/product\/green-heineken-bottles-230mg-mdma-online-bestellung\/#primaryimage"},"thumbnailUrl":"https:\/\/chemgramx.com\/wp-content\/uploads\/2025\/11\/p17-1-1.png","datePublished":"2025-11-21T16:44:47+00:00","dateModified":"2025-12-10T17:34:13+00:00","description":"Ordina online bottiglie Green Heineken da 230 mg di MDMA. Massima qualit\u00e0 e elevata purezza per la tua ricerca. Acquista MDMA di qualit\u00e0 da laboratorio in tutta sicurezza su Chemgramx.","breadcrumb":{"@id":"https:\/\/chemgramx.com\/product\/green-heineken-bottles-230mg-mdma-online-bestellung\/#breadcrumb"},"inLanguage":"it-IT","potentialAction":[{"@type":"ReadAction","target":["https:\/\/chemgramx.com\/product\/green-heineken-bottles-230mg-mdma-online-bestellung\/"]}]},{"@type":"ImageObject","inLanguage":"it-IT","@id":"https:\/\/chemgramx.com\/product\/green-heineken-bottles-230mg-mdma-online-bestellung\/#primaryimage","url":"https:\/\/chemgramx.com\/wp-content\/uploads\/2025\/11\/p17-1-1.png","contentUrl":"https:\/\/chemgramx.com\/wp-content\/uploads\/2025\/11\/p17-1-1.png","width":600,"height":400},{"@type":"BreadcrumbList","@id":"https:\/\/chemgramx.com\/product\/green-heineken-bottles-230mg-mdma-online-bestellung\/#breadcrumb","itemListElement":[{"@type":"ListItem","position":1,"name":"Home","item":"https:\/\/chemgramx.com\/"},{"@type":"ListItem","position":2,"name":"Shop","item":"https:\/\/chemgramx.com\/shop\/"},{"@type":"ListItem","position":3,"name":"MDMA bestellen &#8211; 230mg Reinheit (Online kaufen)"}]},{"@type":"WebSite","@id":"https:\/\/chemgramx.com\/#website","url":"https:\/\/chemgramx.com\/","name":"Chemgramx","description":"","publisher":{"@id":"https:\/\/chemgramx.com\/#organization"},"potentialAction":[{"@type":"SearchAction","target":{"@type":"EntryPoint","urlTemplate":"https:\/\/chemgramx.com\/?s={search_term_string}"},"query-input":{"@type":"PropertyValueSpecification","valueRequired":true,"valueName":"search_term_string"}}],"inLanguage":"it-IT"},{"@type":"Organization","@id":"https:\/\/chemgramx.com\/#organization","name":"Chemgramx","url":"https:\/\/chemgramx.com\/","logo":{"@type":"ImageObject","inLanguage":"it-IT","@id":"https:\/\/chemgramx.com\/#\/schema\/logo\/image\/","url":"https:\/\/chemgramx.com\/wp-content\/uploads\/2024\/10\/final-logo.png","contentUrl":"https:\/\/chemgramx.com\/wp-content\/uploads\/2024\/10\/final-logo.png","width":250,"height":48,"caption":"Chemgramx"},"image":{"@id":"https:\/\/chemgramx.com\/#\/schema\/logo\/image\/"}}]}},"_links":{"self":[{"href":"https:\/\/chemgramx.com\/it\/wp-json\/wp\/v2\/product\/7985","targetHints":{"allow":["GET"]}}],"collection":[{"href":"https:\/\/chemgramx.com\/it\/wp-json\/wp\/v2\/product"}],"about":[{"href":"https:\/\/chemgramx.com\/it\/wp-json\/wp\/v2\/types\/product"}],"replies":[{"embeddable":true,"href":"https:\/\/chemgramx.com\/it\/wp-json\/wp\/v2\/comments?post=7985"}],"wp:featuredmedia":[{"embeddable":true,"href":"https:\/\/chemgramx.com\/it\/wp-json\/wp\/v2\/media\/8027"}],"wp:attachment":[{"href":"https:\/\/chemgramx.com\/it\/wp-json\/wp\/v2\/media?parent=7985"}],"wp:term":[{"taxonomy":"product_brand","embeddable":true,"href":"https:\/\/chemgramx.com\/it\/wp-json\/wp\/v2\/product_brand?post=7985"},{"taxonomy":"product_cat","embeddable":true,"href":"https:\/\/chemgramx.com\/it\/wp-json\/wp\/v2\/product_cat?post=7985"},{"taxonomy":"product_tag","embeddable":true,"href":"https:\/\/chemgramx.com\/it\/wp-json\/wp\/v2\/product_tag?post=7985"}],"curies":[{"name":"wp","href":"https:\/\/api.w.org\/{rel}","templated":true}]}}