{"id":8020,"date":"2025-11-21T16:45:56","date_gmt":"2025-11-21T16:45:56","guid":{"rendered":"https:\/\/chemgramx.com\/?post_type=product&#038;p=8020"},"modified":"2025-12-09T10:37:38","modified_gmt":"2025-12-09T10:37:38","slug":"md-pihp-acquista-online","status":"publish","type":"product","link":"https:\/\/chemgramx.com\/it\/product\/md-pihp-online-kaufen\/","title":{"rendered":"Acquista MD-PiHP online \u2013 Elevata purezza e massima qualit\u00e0"},"content":{"rendered":"<p>Siete alla ricerca di una fonte affidabile di prodotti chimici di alta qualit\u00e0 per la ricerca? Chemgramx \u00e8 quello che fa per voi. Qui potete <b>MD-PiHP in vendita<\/b> , un composto sintetico di grande interesse scientifico. Lavoriamo questa sostanza con la massima cura e secondo i pi\u00f9 severi standard. Di conseguenza, vi garantiamo <b>elevata purezza in vendita<\/b> ed eccellente <b>Qualit\u00e0 della ricerca in vendita<\/b>. Il nostro obiettivo \u00e8 quello di fornire ai ricercatori l'accesso a materiali di prima qualit\u00e0.<\/p>\n<h2>Che cos'\u00e8 MD-PiHP? Una panoramica scientifica<\/h2>\n<p>L'MD-PiHP, un derivato delle pirrolidinofenoni, appartiene alla classe delle catinoni. Queste sostanze sono simili agli alcaloidi naturali e sono note per le loro propriet\u00e0 stimolanti. La struttura \u00e8 caratterizzata da un gruppo metilendiossi sul ciclo fenilico e da un gruppo pirrolidina. <b>Come risultato<\/b> \u00e8 interessante per la ricerca sperimentale grazie al suo profilo farmacologico. \u00c8 oggetto di studio in ricerche sui neurotrasmettitori e sui percorsi di segnalazione neuronale, con particolare attenzione ai trasportatori dopaminergici e noradrenergici. <b>Inoltre<\/b> MD-PiHP consente ai ricercatori di studiare le relazioni struttura-attivit\u00e0. <b>Cos\u00ec<\/b> L'analisi di questa sostanza contribuisce ad ampliare le conoscenze sugli stimolanti sintetici.<\/p>\n<h2>L'importanza della purezza: perch\u00e9 Chemgramx?<\/h2>\n<p>La purezza di una sostanza chimica utilizzata nella ricerca \u00e8 fondamentale per ottenere risultati validi. <b>Pertanto<\/b> Chemgramx attribuisce grande importanza alla qualit\u00e0 dei prodotti. Se <b>Ordinare MD-PiHP online<\/b>, riceverete un prodotto che \u00e8 stato sottoposto a severi controlli di qualit\u00e0. Vi garantiamo <b>MD-PiHP di altissima qualit\u00e0<\/b> , poich\u00e9 le impurit\u00e0 possono falsare gli esperimenti. <b>Inoltre<\/b> Utilizziamo metodi di analisi avanzati come GC-MS e NMR per confermare la composizione e la purezza. <b>Di conseguenza<\/b> riceverete da noi <b>Qualit\u00e0 da laboratorio in vendita<\/b>, indispensabile per esperimenti precisi e riproducibili. <b>In breve<\/b>, Chemgramx \u00e8 sinonimo di affidabilit\u00e0 ed eccellenza.<\/p>\n<h2>Applicazioni e potenzialit\u00e0 di ricerca dell'MD-PiHP<\/h2>\n<p>MD-PiHP \u00e8 destinato principalmente alla ricerca scientifica e non al consumo umano. Consente una comprensione pi\u00f9 approfondita dei meccanismi d'azione degli stimolanti sul SNC. <b>Inoltre<\/b> diventa MD-PiHP <i>in vitro<\/i> e <i>in vivo<\/i> utilizzato per caratterizzare i profili farmacologici.<\/p>\n<ul>\n<li><b>Neurofarmacologia:<\/b> Legame recettoriale, ricaptazione.<\/li>\n<li><b>Studi sul metabolismo:<\/b> Biotrasformazione.<\/li>\n<li><b>Chimica analitica:<\/b> Metodi di rilevamento.<\/li>\n<li><b>Relazioni struttura-effetto:<\/b> Confronta.<\/li>\n<\/ul>\n<p><b>Nel processo<\/b> gli esperimenti devono essere condotti nel rigoroso rispetto delle norme etiche e di sicurezza. Chemgramx offre <b>Il miglior MD-PiHP disponibile<\/b> per questi delicati campi di ricerca.<\/p>\n<h2>Sicurezza e manipolazione: avvertenze importanti per i ricercatori<\/h2>\n<p>\u00c8 fondamentale maneggiare MD-PiHP in modo sicuro. <b>Prima di tutto<\/b> Maneggiare solo in laboratori dotati di ventilazione e DPI (occhiali protettivi, guanti, camici da laboratorio). Evitare il contatto con la pelle, gli occhi e le mucose. In caso di contatto, sciacquare immediatamente; in caso di sintomi, consultare un medico.<\/p>\n<p><b>Inoltre<\/b> La conservazione \u00e8 fondamentale. Conservare in un luogo fresco, asciutto, buio e ben chiuso, lontano da fonti di calore. Controllare rigorosamente l'accesso. <b>Di conseguenza<\/b> Chiaramente identificabile. <b>Inoltre<\/b> Rispettare tutte le norme relative allo stoccaggio, alla manipolazione e allo smaltimento. L'accurata lavorazione da parte del nostro team garantisce la qualit\u00e0.<\/p>\n<h2>Panoramica dei prodotti: specifiche MD-PiHP su Chemgramx<\/h2>\n<p>Noi di Chemgramx attribuiamo grande importanza alla trasparenza. Il nostro <b>MD-PiHP in vendita<\/b> offre una purezza superiore a 98%, ideale per ricerche sofisticate. <b>Come risultato<\/b> potete contare sulla sua consistenza. Si presenta sotto forma di polvere cristallina, di colore da bianco a crema. I prodotti vengono lavorati nel rispetto delle condizioni pi\u00f9 rigorose.<\/p>\n<table border=\"1\">\n<thead>\n<tr>\n<th>specifica<\/th>\n<th>Dettagli<\/th>\n<\/tr>\n<\/thead>\n<tbody>\n<tr>\n<td>Nome chimico<\/td>\n<td>1-(4-metilfenil)-2-(pirrolidin-1-il)pentan-1-one<\/td>\n<\/tr>\n<tr>\n<td>La purezza<\/td>\n<td>&gt; 98%<\/td>\n<\/tr>\n<tr>\n<td>Forma<\/td>\n<td>Polvere cristallina<\/td>\n<\/tr>\n<tr>\n<td>Applicazione<\/td>\n<td>Esclusivamente a fini di ricerca<\/td>\n<\/tr>\n<tr>\n<td>Immagazzinamento<\/td>\n<td>Fresco, asciutto, buio, ben chiuso<\/td>\n<\/tr>\n<\/tbody>\n<\/table>\n<p><b>Inoltre<\/b> I certificati di analisi (CoA) sono disponibili su richiesta. Offriamo ai ricercatori l'accesso a <b>MD-PiHP di alta qualit\u00e0<\/b>. Questo prodotto pu\u00f2 essere utilizzato <a href=\"https:\/\/chemgramx.com\/product\/md-pihp-online-kaufen\/\">acquistare online<\/a>.<\/p>\n<h2>Perch\u00e9 acquistare MD-PiHP da Chemgramx?<\/h2>\n<p>Chemgramx \u00e8 il vostro partner di fiducia per i prodotti chimici per la ricerca. Vi garantiamo <b>elevata purezza in vendita<\/b>, confermato da analisi di laboratorio. <b>Inoltre<\/b> Offriamo un processo di lavorazione discreto e sicuro. I prodotti sono di eccellente qualit\u00e0 e contrassegnati con precisione. <\/p>\n<p><b>Inoltre<\/b> Diamo grande importanza all'eccellenza del servizio clienti e al supporto scientifico. Il nostro team \u00e8 al vostro fianco. <b>Cos\u00ec<\/b> approfittate di un servizio completo. Se <b>Acquista MD-PiHP online<\/b> Chemgramx offre un'esperienza fluida e sicura. <a href=\"https:\/\/chemgramx.com\/product\/md-pihp-online-kaufen\/\">Acquista ora online<\/a>. Scoprite anche <a href=\"https:\/\/chemgramx.com\/product\/kaufen-sie-unverschnittenes-heroin\/\">altri prodotti chimici per la ricerca<\/a>. \u00c8 possibile <b>MD-PiHP autentico<\/b> sicuro <a href=\"https:\/\/chemgramx.com\/product\/md-pihp-online-kaufen\/\">Acquista su Chemgramx<\/a>.<\/p>\n<h2>Domande frequenti (FAQ) su MD-PiHP<\/h2>\n<h3>MD-PiHP \u00e8 destinato al consumo umano?<\/h3>\n<p><b>No, assolutamente no.<\/b> MD-PiHP \u00e8 destinato esclusivamente alla ricerca. Pericolo per la salute in caso di uso improprio. <b>Pertanto<\/b> \u00c8 indispensabile il rigoroso rispetto dei protocolli di sicurezza del laboratorio.<\/p>\n<h3>Come viene verificata la purezza dell'MD-PiHP su Chemgramx?<\/h3>\n<p>Utilizziamo moderne tecniche analitiche (GC-MS, NMR) per verificare la purezza. <b>Inoltre<\/b> effettuiamo regolari controlli di qualit\u00e0. Ogni lotto viene accuratamente controllato affinch\u00e9 possiate ottenere il <b>Il miglior MD-PiHP disponibile<\/b> ottenere.<\/p>","protected":false},"excerpt":{"rendered":"<p>Scoprire <b>MD-PiHP di altissima qualit\u00e0<\/b> per i vostri scopi di ricerca. Questo derivato sintetico della catinone offre una purezza superiore al 98% ed \u00e8 ideale per studi approfonditi nel campo della neurofarmacologia e della chimica analitica. <b>Acquista MD-PiHP<\/b> In modo sicuro e comodo <a href=\"https:\/\/chemgramx.com\/product\/md-pihp-online-kaufen\/\">presso Chemgramx<\/a>. Garantiamo autenticit\u00e0 e qualit\u00e0 di laboratorio per i vostri progetti scientifici.<\/p>","protected":false},"featured_media":8075,"comment_status":"open","ping_status":"closed","template":"","meta":{"_joinchat":[]},"product_brand":[],"product_cat":[48],"product_tag":[2820,2814,2818,2817,2815,2819,2822,2816,2821,2015],"class_list":{"0":"post-8020","1":"product","2":"type-product","3":"status-publish","4":"has-post-thumbnail","6":"product_cat-stimulants","7":"product_tag-md-pihp-chemikalien","8":"product_tag-md-pihp-kaufen","9":"product_tag-md-pihp-kaufen-deutschland","10":"product_tag-md-pihp-kristalle","11":"product_tag-md-pihp-online","12":"product_tag-md-pihp-preis","13":"product_tag-md-pihp-prodej","14":"product_tag-md-pihp-pulver","15":"product_tag-md-pihp-zum-verkauf","16":"product_tag-synthetische-drogen","18":"first","19":"instock","20":"shipping-taxable","21":"purchasable","22":"product-type-variable"},"yoast_head":"<!-- This site is optimized with the Yoast SEO plugin v27.5 - https:\/\/yoast.com\/product\/yoast-seo-wordpress\/ -->\n<title>MD-PiHP online erwerben \u2013 Hohe Reinheit &amp; Top Qualit\u00e4t<\/title>\n<meta name=\"description\" content=\"MD-PiHP in bester Forschungsqualit\u00e4t online finden. Bestellen Sie hochreines MD-PiHP f\u00fcr Ihre wissenschaftlichen Studien. Sicherer Kauf bei Chemgramx. MD-PiHP kaufen.\" \/>\n<meta name=\"robots\" content=\"index, follow, max-snippet:-1, max-image-preview:large, max-video-preview:-1\" \/>\n<link rel=\"canonical\" href=\"https:\/\/chemgramx.com\/it\/prodotto-1\/md-pihp-acquista-online\/\" \/>\n<meta property=\"og:locale\" content=\"it_IT\" \/>\n<meta property=\"og:type\" content=\"article\" \/>\n<meta property=\"og:title\" content=\"MD-PiHP online erwerben \u2013 Hohe Reinheit &amp; Top Qualit\u00e4t\" \/>\n<meta property=\"og:description\" content=\"MD-PiHP in bester Forschungsqualit\u00e4t online finden. Bestellen Sie hochreines MD-PiHP f\u00fcr Ihre wissenschaftlichen Studien. Sicherer Kauf bei Chemgramx. MD-PiHP kaufen.\" \/>\n<meta property=\"og:url\" content=\"https:\/\/chemgramx.com\/it\/prodotto-1\/md-pihp-acquista-online\/\" \/>\n<meta property=\"og:site_name\" content=\"Chemgramx\" \/>\n<meta property=\"article:modified_time\" content=\"2025-12-09T10:37:38+00:00\" \/>\n<meta property=\"og:image\" content=\"https:\/\/chemgramx.com\/wp-content\/uploads\/2025\/11\/MD-PiHP-kaufen.jpg\" \/>\n\t<meta property=\"og:image:width\" content=\"1000\" \/>\n\t<meta property=\"og:image:height\" content=\"800\" \/>\n\t<meta property=\"og:image:type\" content=\"image\/jpeg\" \/>\n<meta name=\"twitter:card\" content=\"summary_large_image\" \/>\n<meta name=\"twitter:label1\" content=\"Tempo di lettura stimato\" \/>\n\t<meta name=\"twitter:data1\" content=\"3 minuti\" \/>\n<script type=\"application\/ld+json\" class=\"yoast-schema-graph\">{\"@context\":\"https:\\\/\\\/schema.org\",\"@graph\":[{\"@type\":\"WebPage\",\"@id\":\"https:\\\/\\\/chemgramx.com\\\/product\\\/md-pihp-online-kaufen\\\/\",\"url\":\"https:\\\/\\\/chemgramx.com\\\/product\\\/md-pihp-online-kaufen\\\/\",\"name\":\"MD-PiHP online erwerben \u2013 Hohe Reinheit & Top Qualit\u00e4t\",\"isPartOf\":{\"@id\":\"https:\\\/\\\/chemgramx.com\\\/#website\"},\"primaryImageOfPage\":{\"@id\":\"https:\\\/\\\/chemgramx.com\\\/product\\\/md-pihp-online-kaufen\\\/#primaryimage\"},\"image\":{\"@id\":\"https:\\\/\\\/chemgramx.com\\\/product\\\/md-pihp-online-kaufen\\\/#primaryimage\"},\"thumbnailUrl\":\"https:\\\/\\\/chemgramx.com\\\/wp-content\\\/uploads\\\/2025\\\/11\\\/MD-PiHP-kaufen.jpg\",\"datePublished\":\"2025-11-21T16:45:56+00:00\",\"dateModified\":\"2025-12-09T10:37:38+00:00\",\"description\":\"MD-PiHP in bester Forschungsqualit\u00e4t online finden. Bestellen Sie hochreines MD-PiHP f\u00fcr Ihre wissenschaftlichen Studien. Sicherer Kauf bei Chemgramx. MD-PiHP kaufen.\",\"breadcrumb\":{\"@id\":\"https:\\\/\\\/chemgramx.com\\\/product\\\/md-pihp-online-kaufen\\\/#breadcrumb\"},\"inLanguage\":\"it-IT\",\"potentialAction\":[{\"@type\":\"ReadAction\",\"target\":[\"https:\\\/\\\/chemgramx.com\\\/product\\\/md-pihp-online-kaufen\\\/\"]}]},{\"@type\":\"ImageObject\",\"inLanguage\":\"it-IT\",\"@id\":\"https:\\\/\\\/chemgramx.com\\\/product\\\/md-pihp-online-kaufen\\\/#primaryimage\",\"url\":\"https:\\\/\\\/chemgramx.com\\\/wp-content\\\/uploads\\\/2025\\\/11\\\/MD-PiHP-kaufen.jpg\",\"contentUrl\":\"https:\\\/\\\/chemgramx.com\\\/wp-content\\\/uploads\\\/2025\\\/11\\\/MD-PiHP-kaufen.jpg\",\"width\":1000,\"height\":800},{\"@type\":\"BreadcrumbList\",\"@id\":\"https:\\\/\\\/chemgramx.com\\\/product\\\/md-pihp-online-kaufen\\\/#breadcrumb\",\"itemListElement\":[{\"@type\":\"ListItem\",\"position\":1,\"name\":\"Home\",\"item\":\"https:\\\/\\\/chemgramx.com\\\/\"},{\"@type\":\"ListItem\",\"position\":2,\"name\":\"Shop\",\"item\":\"https:\\\/\\\/chemgramx.com\\\/shop\\\/\"},{\"@type\":\"ListItem\",\"position\":3,\"name\":\"MD-PiHP online erwerben \u2013 Hohe Reinheit &amp; Top Qualit\u00e4t\"}]},{\"@type\":\"WebSite\",\"@id\":\"https:\\\/\\\/chemgramx.com\\\/#website\",\"url\":\"https:\\\/\\\/chemgramx.com\\\/\",\"name\":\"Chemgramx\",\"description\":\"\",\"publisher\":{\"@id\":\"https:\\\/\\\/chemgramx.com\\\/#organization\"},\"potentialAction\":[{\"@type\":\"SearchAction\",\"target\":{\"@type\":\"EntryPoint\",\"urlTemplate\":\"https:\\\/\\\/chemgramx.com\\\/?s={search_term_string}\"},\"query-input\":{\"@type\":\"PropertyValueSpecification\",\"valueRequired\":true,\"valueName\":\"search_term_string\"}}],\"inLanguage\":\"it-IT\"},{\"@type\":\"Organization\",\"@id\":\"https:\\\/\\\/chemgramx.com\\\/#organization\",\"name\":\"Chemgramx\",\"url\":\"https:\\\/\\\/chemgramx.com\\\/\",\"logo\":{\"@type\":\"ImageObject\",\"inLanguage\":\"it-IT\",\"@id\":\"https:\\\/\\\/chemgramx.com\\\/#\\\/schema\\\/logo\\\/image\\\/\",\"url\":\"https:\\\/\\\/chemgramx.com\\\/wp-content\\\/uploads\\\/2024\\\/10\\\/final-logo.png\",\"contentUrl\":\"https:\\\/\\\/chemgramx.com\\\/wp-content\\\/uploads\\\/2024\\\/10\\\/final-logo.png\",\"width\":250,\"height\":48,\"caption\":\"Chemgramx\"},\"image\":{\"@id\":\"https:\\\/\\\/chemgramx.com\\\/#\\\/schema\\\/logo\\\/image\\\/\"}}]}<\/script>\n<!-- \/ Yoast SEO plugin. -->","yoast_head_json":{"title":"Acquista MD-PiHP online \u2013 Elevata purezza e massima qualit\u00e0","description":"Trova MD-PiHP della migliore qualit\u00e0 per la ricerca online. Ordina MD-PiHP altamente puro per i tuoi studi scientifici. Acquisto sicuro su Chemgramx. Acquista MD-PiHP.","robots":{"index":"index","follow":"follow","max-snippet":"max-snippet:-1","max-image-preview":"max-image-preview:large","max-video-preview":"max-video-preview:-1"},"canonical":"https:\/\/chemgramx.com\/it\/prodotto-1\/md-pihp-acquista-online\/","og_locale":"it_IT","og_type":"article","og_title":"MD-PiHP online erwerben \u2013 Hohe Reinheit & Top Qualit\u00e4t","og_description":"MD-PiHP in bester Forschungsqualit\u00e4t online finden. Bestellen Sie hochreines MD-PiHP f\u00fcr Ihre wissenschaftlichen Studien. Sicherer Kauf bei Chemgramx. MD-PiHP kaufen.","og_url":"https:\/\/chemgramx.com\/it\/prodotto-1\/md-pihp-acquista-online\/","og_site_name":"Chemgramx","article_modified_time":"2025-12-09T10:37:38+00:00","og_image":[{"width":1000,"height":800,"url":"https:\/\/chemgramx.com\/wp-content\/uploads\/2025\/11\/MD-PiHP-kaufen.jpg","type":"image\/jpeg"}],"twitter_card":"summary_large_image","twitter_misc":{"Tempo di lettura stimato":"3 minuti"},"schema":{"@context":"https:\/\/schema.org","@graph":[{"@type":"WebPage","@id":"https:\/\/chemgramx.com\/product\/md-pihp-online-kaufen\/","url":"https:\/\/chemgramx.com\/product\/md-pihp-online-kaufen\/","name":"Acquista MD-PiHP online \u2013 Elevata purezza e massima qualit\u00e0","isPartOf":{"@id":"https:\/\/chemgramx.com\/#website"},"primaryImageOfPage":{"@id":"https:\/\/chemgramx.com\/product\/md-pihp-online-kaufen\/#primaryimage"},"image":{"@id":"https:\/\/chemgramx.com\/product\/md-pihp-online-kaufen\/#primaryimage"},"thumbnailUrl":"https:\/\/chemgramx.com\/wp-content\/uploads\/2025\/11\/MD-PiHP-kaufen.jpg","datePublished":"2025-11-21T16:45:56+00:00","dateModified":"2025-12-09T10:37:38+00:00","description":"Trova MD-PiHP della migliore qualit\u00e0 per la ricerca online. Ordina MD-PiHP altamente puro per i tuoi studi scientifici. Acquisto sicuro su Chemgramx. Acquista MD-PiHP.","breadcrumb":{"@id":"https:\/\/chemgramx.com\/product\/md-pihp-online-kaufen\/#breadcrumb"},"inLanguage":"it-IT","potentialAction":[{"@type":"ReadAction","target":["https:\/\/chemgramx.com\/product\/md-pihp-online-kaufen\/"]}]},{"@type":"ImageObject","inLanguage":"it-IT","@id":"https:\/\/chemgramx.com\/product\/md-pihp-online-kaufen\/#primaryimage","url":"https:\/\/chemgramx.com\/wp-content\/uploads\/2025\/11\/MD-PiHP-kaufen.jpg","contentUrl":"https:\/\/chemgramx.com\/wp-content\/uploads\/2025\/11\/MD-PiHP-kaufen.jpg","width":1000,"height":800},{"@type":"BreadcrumbList","@id":"https:\/\/chemgramx.com\/product\/md-pihp-online-kaufen\/#breadcrumb","itemListElement":[{"@type":"ListItem","position":1,"name":"Home","item":"https:\/\/chemgramx.com\/"},{"@type":"ListItem","position":2,"name":"Shop","item":"https:\/\/chemgramx.com\/shop\/"},{"@type":"ListItem","position":3,"name":"MD-PiHP online erwerben \u2013 Hohe Reinheit &amp; Top Qualit\u00e4t"}]},{"@type":"WebSite","@id":"https:\/\/chemgramx.com\/#website","url":"https:\/\/chemgramx.com\/","name":"Chemgramx","description":"","publisher":{"@id":"https:\/\/chemgramx.com\/#organization"},"potentialAction":[{"@type":"SearchAction","target":{"@type":"EntryPoint","urlTemplate":"https:\/\/chemgramx.com\/?s={search_term_string}"},"query-input":{"@type":"PropertyValueSpecification","valueRequired":true,"valueName":"search_term_string"}}],"inLanguage":"it-IT"},{"@type":"Organization","@id":"https:\/\/chemgramx.com\/#organization","name":"Chemgramx","url":"https:\/\/chemgramx.com\/","logo":{"@type":"ImageObject","inLanguage":"it-IT","@id":"https:\/\/chemgramx.com\/#\/schema\/logo\/image\/","url":"https:\/\/chemgramx.com\/wp-content\/uploads\/2024\/10\/final-logo.png","contentUrl":"https:\/\/chemgramx.com\/wp-content\/uploads\/2024\/10\/final-logo.png","width":250,"height":48,"caption":"Chemgramx"},"image":{"@id":"https:\/\/chemgramx.com\/#\/schema\/logo\/image\/"}}]}},"_links":{"self":[{"href":"https:\/\/chemgramx.com\/it\/wp-json\/wp\/v2\/product\/8020","targetHints":{"allow":["GET"]}}],"collection":[{"href":"https:\/\/chemgramx.com\/it\/wp-json\/wp\/v2\/product"}],"about":[{"href":"https:\/\/chemgramx.com\/it\/wp-json\/wp\/v2\/types\/product"}],"replies":[{"embeddable":true,"href":"https:\/\/chemgramx.com\/it\/wp-json\/wp\/v2\/comments?post=8020"}],"wp:featuredmedia":[{"embeddable":true,"href":"https:\/\/chemgramx.com\/it\/wp-json\/wp\/v2\/media\/8075"}],"wp:attachment":[{"href":"https:\/\/chemgramx.com\/it\/wp-json\/wp\/v2\/media?parent=8020"}],"wp:term":[{"taxonomy":"product_brand","embeddable":true,"href":"https:\/\/chemgramx.com\/it\/wp-json\/wp\/v2\/product_brand?post=8020"},{"taxonomy":"product_cat","embeddable":true,"href":"https:\/\/chemgramx.com\/it\/wp-json\/wp\/v2\/product_cat?post=8020"},{"taxonomy":"product_tag","embeddable":true,"href":"https:\/\/chemgramx.com\/it\/wp-json\/wp\/v2\/product_tag?post=8020"}],"curies":[{"name":"wp","href":"https:\/\/api.w.org\/{rel}","templated":true}]}}