{"id":8385,"date":"2025-11-21T18:18:26","date_gmt":"2025-11-21T18:18:26","guid":{"rendered":"https:\/\/chemgramx.com\/?post_type=product&#038;p=8385"},"modified":"2025-12-09T10:13:50","modified_gmt":"2025-12-09T10:13:50","slug":"4c-mar-ordine-online","status":"publish","type":"product","link":"https:\/\/chemgramx.com\/it\/product\/4c-mar-online-bestellung\/","title":{"rendered":"Acquista 4C-MAR \u2013 Qualit\u00e0 premium"},"content":{"rendered":"<p>Iniziate la vostra ricerca con Chemgramx, la fonte leader di prodotti chimici di alta qualit\u00e0. Se <b>Comprare 4C-MAR in vendita<\/b> vi offriamo una combinazione impareggiabile di purezza e affidabilit\u00e0. Il nostro impegno per l'eccellenza scientifica garantisce che ogni lotto soddisfi i pi\u00f9 severi standard di qualit\u00e0. Ci\u00f2 rende il nostro 4C-MAR la scelta ideale per i laboratori e le strutture di ricerca pi\u00f9 esigenti.<\/p>\n<h2>L'essenza di 4C-MAR: un'introduzione scientifica<\/h2>\n<p><b>4C-MAR<\/b>, una sostanza di grande interesse per la moderna ricerca chimica, richiede la massima precisione nella sua produzione e manipolazione. Chemgramx comprende questa esigenza. Inoltre, ci assicuriamo che il nostro prodotto non solo soddisfi, ma superi i requisiti analitici dei vostri progetti. Di conseguenza, potete contare su risultati coerenti e riproducibili.<\/p>\n<h3>Che cos'\u00e8 4C-MAR?<\/h3>\n<p>Il 4C-MAR \u00e8 un prodotto chimico sintetico di ricerca noto per la sua struttura molecolare unica e per le sue potenziali applicazioni in studi specialistici. \u00c8 particolarmente apprezzato dagli scienziati che lavorano sulle interazioni chimiche complesse. Inoltre, la comprensione dettagliata delle sue propriet\u00e0 offre nuove prospettive in varie discipline. Di conseguenza, una corretta caratterizzazione \u00e8 fondamentale.<\/p>\n<h3>L'importanza della purezza e della qualit\u00e0<\/h3>\n<p>La purezza di un prodotto chimico di ricerca \u00e8 di estrema importanza per la validit\u00e0 dei risultati sperimentali. Pi\u00f9 che un semplice punto di vendita, la purezza garantita \u00e8 un pilastro fondamentale della filosofia di Chemgramx. Vi offriamo <b>Alta qualit\u00e0 4C-MAR<\/b>, che viene prodotto e testato nelle pi\u00f9 severe condizioni di laboratorio. Ci\u00f2 garantisce che le impurit\u00e0 siano ridotte al minimo.<\/p>\n<h2>Perch\u00e9 acquistare 4C-MAR da Chemgramx?<\/h2>\n<p>La scelta del luogo di approvvigionamento dei prodotti chimici per la ricerca influisce direttamente sul successo dei vostri studi. Noi di Chemgramx siamo orgogliosi di essere riconosciuti come fornitori di fiducia. Inoltre, non offriamo solo prodotti, ma una partnership basata su qualit\u00e0 e scienza. Pertanto, va da s\u00e9 che i nostri <b>il miglior 4C-MAR disponibile<\/b> per supportare al meglio la vostra ricerca.<\/p>\n<h3>La nostra promessa di qualit\u00e0<\/h3>\n<p>Il nostro impegno per la qualit\u00e0 \u00e8 totale. Ogni spedizione viene elaborata con cura per garantire l'integrit\u00e0 del prodotto. Forniamo inoltre certificati di analisi dettagliati per confermare la purezza e l'identit\u00e0 dei nostri prodotti. <b>autentico 4C-MAR<\/b> confermare. Sappiamo che la vostra ricerca richiede una qualit\u00e0 senza compromessi, ed \u00e8 per questo che questa \u00e8 la nostra massima priorit\u00e0.<\/p>\n<ul>\n<li><b>Analisi rigorose:<\/b> Ogni lotto \u00e8 sottoposto a test approfonditi.<\/li>\n<li><b>Purezza documentata:<\/b> I certificati di analisi dettagliati sono standard.<\/li>\n<li><b>Gestione specifica del prodotto:<\/b> Garantire stabilit\u00e0 ed efficacia.<\/li>\n<\/ul>\n<h3>Applicazioni di ricerca e di laboratorio<\/h3>\n<p><b>4C-MAR<\/b> \u00e8 utilizzato principalmente nella ricerca e nell'analisi chimica specializzata. \u00c8 uno strumento prezioso per gli scienziati che studiano le propriet\u00e0 di stimolanti, empatogeni o composti correlati. Di conseguenza, il nostro <b>Qualit\u00e0 della ricerca in vendita<\/b> in piedi 4C-MAR ideale per <i>In vitro<\/i>-studi, standard analitici di riferimento o come componente in sintesi complesse. Volete saperne di pi\u00f9 su composti simili? Scoprite la nostra gamma, ad esempio <b><a href=\"https:\/\/chemgramx.com\/product\/6-mapb-6-methyl-2-aminopropylbenzofuran-online-kaufen\/\">Acquistare 6-MAPB (6-Methyl-2-aminopropylbenzofuran) online<\/a><\/b>, che \u00e8 stato progettato anche per le esigenze pi\u00f9 elevate.<\/p>\n<p>Inoltre, il nostro <b>Qualit\u00e0 da laboratorio in vendita<\/b> Il 4C-MAR \u00e8 ideale per i progetti che richiedono la massima precisione e affidabilit\u00e0. Ci\u00f2 include analisi tossicologiche, screening farmacologici o lo sviluppo di nuove vie di sintesi. Chemgramx offre quindi le risorse necessarie per raggiungere i vostri obiettivi scientifici. Inoltre, la disponibilit\u00e0 costante \u00e8 un vantaggio decisivo.<\/p>\n<h2>I vantaggi di una selezione accurata<\/h2>\n<p>La scelta del giusto fornitore di prodotti chimici per la ricerca \u00e8 una decisione di grande importanza. Chemgramx combina l'esperienza scientifica con un approccio orientato al cliente. Ci impegniamo a fornirvi il miglior servizio possibile. Inoltre, la nostra piattaforma \u00e8 specificamente progettata per rendere l'acquisto di prodotti chimici per la ricerca il pi\u00f9 efficiente e sicuro possibile.<\/p>\n<h3>4C-MAR autentico per i vostri studi<\/h3>\n<p>Solo <b>autentico 4C-MAR<\/b> fornisce i risultati attesi in esperimenti complessi. Garantiamo l'autenticit\u00e0 dei nostri prodotti attraverso una completa tracciabilit\u00e0 e controlli di qualit\u00e0 completi. Inoltre, investiamo continuamente in tecniche analitiche all'avanguardia per assicurare l'integrit\u00e0 di ogni sostanza. Di conseguenza, potete fare ricerca con la massima fiducia.<\/p>\n<h3>Fiducia attraverso processi trasparenti<\/h3>\n<p>Il processo di acquisizione di prodotti chimici per la ricerca dovrebbe essere trasparente e sicuro. Noi di Chemgramx attribuiamo grande importanza a una <b>acquisto sicuro<\/b>. Tutte le transazioni vengono elaborate con la massima discrezione e nel rispetto di rigorosi standard di sicurezza. Pertanto \u00e8 possibile <b>Ordinare 4C-MAR online<\/b> con la consapevolezza che i vostri dati e il vostro ordine sono in mani sicure con noi.<\/p>\n<p>Siamo consapevoli dei requisiti sensibili della comunit\u00e0 di ricerca. Di conseguenza, ogni ordine non solo viene elaborato con cura, ma anche preparato con discrezione. Questo garantisce che il vostro materiale di ricerca arrivi intatto e ai massimi livelli. Potete trovare maggiori informazioni sul nostro 4C-MAR direttamente sulla pagina del prodotto: <b><a href=\"https:\/\/chemgramx.com\/product\/4c-mar-online-bestellung\/\">Ordine online di 4C-MAR<\/a><\/b>.<\/p>\n<h2>Chemgramx: il vostro partner per prodotti chimici di ricerca di alta qualit\u00e0<\/h2>\n<p>Come partner dedicato alla ricerca, Chemgramx offre una piattaforma su misura per le esigenze della comunit\u00e0 scientifica. Il nostro obiettivo \u00e8 semplificare l'accesso ai prodotti chimici per la ricerca di livello mondiale. Inoltre, il nostro team \u00e8 sempre pronto a supportarvi con competenza e un servizio eccellente. Di conseguenza, potete concentrarvi completamente sui vostri esperimenti.<\/p>\n<h3>Scoprite la nostra vasta gamma<\/h3>\n<p>Inoltre <b>4C-MAR<\/b> il nostro portafoglio comprende un gran numero di altri prodotti chimici specializzati per la ricerca. La nostra gamma viene costantemente ampliata per soddisfare le pi\u00f9 recenti esigenze scientifiche. Ci\u00f2 significa che troverete sempre le sostanze di cui avete bisogno per i vostri progetti. Scoprite la variet\u00e0 della nostra gamma e la <b>elevata purezza in vendita<\/b> chimici che Chemgramx ha da offrire.<\/p>\n<table>\n<thead>\n<tr>\n<th>Caratteristiche del prodotto<\/th>\n<th>Vantaggi per la ricerca<\/th>\n<\/tr>\n<\/thead>\n<tbody>\n<tr>\n<td>Alta purezza<\/td>\n<td>Risultati garantiti e riproducibili<\/td>\n<\/tr>\n<tr>\n<td>Certificati di analisi<\/td>\n<td>Qualit\u00e0 e composizione verificate<\/td>\n<\/tr>\n<tr>\n<td>Controlli rigorosi<\/td>\n<td>Riduzione al minimo delle impurit\u00e0<\/td>\n<\/tr>\n<tr>\n<td>Gamma diversificata<\/td>\n<td>Ampio sostegno a vari progetti<\/td>\n<\/tr>\n<\/tbody>\n<\/table>\n<h3>Acquista ora 4C-MAR online<\/h3>\n<p>Pronti a iniziare la vostra ricerca con <b>Qualit\u00e0 superiore 4C-MAR<\/b> per andare avanti? La procedura \u00e8 semplice e sicura. Potete <b>Acquista ora online<\/b> ed essere certi di ricevere un prodotto che soddisfa gli standard pi\u00f9 elevati. Vi invitiamo a sperimentare personalmente i vantaggi di una partnership con Chemgramx. Il nostro team dedicato \u00e8 a disposizione per rispondere a qualsiasi domanda.<\/p>\n<p>Cogliete l'occasione, <b>4C-MAR<\/b> per i vostri studi e beneficiare della nostra esperienza. L'acquisizione \u00e8 progettata in modo da essere fluida, in modo da poter tornare rapidamente ai vostri esperimenti. Di conseguenza, Chemgramx \u00e8 la scelta ideale per le vostre esigenze.<\/p>\n<h2>Conclusioni e prossimi passi<\/h2>\n<p>In sintesi, si pu\u00f2 affermare che l'acquisto di <b>Comprare 4C-MAR in vendita<\/b> in Chemgramx significa scegliere una qualit\u00e0 senza compromessi, un'elevata purezza e un processo sicuro e trasparente. Il nostro <b>autentico 4C-MAR<\/b> \u00e8 stato progettato appositamente per le applicazioni di ricerca pi\u00f9 esigenti. Di conseguenza, \u00e8 la base perfetta per le vostre scoperte scientifiche. Affidatevi a un partner che condivide i vostri obiettivi scientifici e vi supporta con le migliori risorse disponibili.<\/p>\n<p>Vi invitiamo a scoprire i vantaggi di Chemgramx per i vostri laboratori. Il nostro team \u00e8 pronto ad assistervi nella scelta e nell'acquisto dei vostri prodotti chimici per la ricerca. Non esitate, <b>Acquistabile su Chemgramx<\/b> e sperimentate la differenza nella vostra ricerca. Saremo lieti di accogliervi come clienti stimati.<\/p>","protected":false},"excerpt":{"rendered":"<p>Scoprire <b>4C-MAR<\/b>, un prodotto chimico di ricerca sintetico di altissima purezza, ideale per gli studi di laboratorio pi\u00f9 impegnativi. Questo prodotto, sviluppato appositamente per scopi analitici e scientifici, costituisce una base affidabile per i vostri esperimenti. Garantiamo una lavorazione accurata. Se <b>Comprare 4C-MAR<\/b> noi di Chemgramx vi offriamo una qualit\u00e0 di prima classe e un acquisto sicuro.<\/p>\n<ul>\n<li>Qualit\u00e0 della ricerca con purezza garantita.<\/li>\n<li>Ideale per le applicazioni analitiche e <i>In vitro<\/i>-Studi.<\/li>\n<li>Acquisto sicuro e trattamento discreto.<\/li>\n<\/ul>","protected":false},"featured_media":8415,"comment_status":"open","ping_status":"closed","template":"","meta":{"_joinchat":[]},"product_brand":[],"product_cat":[48],"product_tag":[937,957,961,946,947,960,936,955,951,956,962,942,944,950,938,943,949,939,954,963,941,958,952,948,945,959,953,940],"class_list":{"0":"post-8385","1":"product","2":"type-product","3":"status-publish","4":"has-post-thumbnail","6":"product_cat-stimulants","7":"product_tag-4-chlormethylaminorex","8":"product_tag-4-chlormethylaminorex-effekte","9":"product_tag-4-chlormethylaminorex-fur-forschung","10":"product_tag-4-chlormethylaminorex-kaufen","11":"product_tag-4-chlormethylaminorex-lieferant","12":"product_tag-4-chlormethylaminorex-studien","13":"product_tag-4c-mar","14":"product_tag-4c-mar-analyse","15":"product_tag-4c-mar-anwendungen","16":"product_tag-4c-mar-chemie","17":"product_tag-4c-mar-eigenschaften","18":"product_tag-4c-mar-forschungschemikalie","19":"product_tag-4c-mar-groshandel","20":"product_tag-4c-mar-handhabung","21":"product_tag-4c-mar-kaufen","22":"product_tag-4c-mar-laboranwendung","23":"product_tag-4c-mar-lagerung","24":"product_tag-4c-mar-lieferant","25":"product_tag-4c-mar-markt","26":"product_tag-4c-mar-pharmakologie","27":"product_tag-4c-mar-preis","28":"product_tag-4c-mar-reinheit","29":"product_tag-4c-mar-risiken","30":"product_tag-4c-mar-sicherheit","31":"product_tag-4c-mar-verfugbarkeit","32":"product_tag-4c-mar-vertrieb","33":"product_tag-4c-mar-vorschriften","34":"product_tag-4c-mar-zum-verkauf","36":"first","37":"instock","38":"shipping-taxable","39":"purchasable","40":"product-type-variable"},"yoast_head":"<!-- This site is optimized with the Yoast SEO plugin v27.5 - https:\/\/yoast.com\/product\/yoast-seo-wordpress\/ -->\n<title>4C-MAR erwerben - Premium Qualit\u00e4t<\/title>\n<meta name=\"description\" content=\"Entdecken Sie 4C-MAR bei Chemgramx: Forschungsqualit\u00e4t zum Verkauf. Jetzt 4C-MAR kaufen f\u00fcr pr\u00e4zise Studien. Hohe Reinheit &amp; sicherer Erwerb f\u00fcr Ihr Labor.\" \/>\n<meta name=\"robots\" content=\"index, follow, max-snippet:-1, max-image-preview:large, max-video-preview:-1\" \/>\n<link rel=\"canonical\" href=\"https:\/\/chemgramx.com\/it\/prodotto-1\/4c-mar-ordine-online\/\" \/>\n<meta property=\"og:locale\" content=\"it_IT\" \/>\n<meta property=\"og:type\" content=\"article\" \/>\n<meta property=\"og:title\" content=\"4C-MAR erwerben - Premium Qualit\u00e4t\" \/>\n<meta property=\"og:description\" content=\"Entdecken Sie 4C-MAR bei Chemgramx: Forschungsqualit\u00e4t zum Verkauf. Jetzt 4C-MAR kaufen f\u00fcr pr\u00e4zise Studien. Hohe Reinheit &amp; sicherer Erwerb f\u00fcr Ihr Labor.\" \/>\n<meta property=\"og:url\" content=\"https:\/\/chemgramx.com\/it\/prodotto-1\/4c-mar-ordine-online\/\" \/>\n<meta property=\"og:site_name\" content=\"Chemgramx\" \/>\n<meta property=\"article:modified_time\" content=\"2025-12-09T10:13:50+00:00\" \/>\n<meta property=\"og:image\" content=\"https:\/\/chemgramx.com\/wp-content\/uploads\/2025\/11\/Buy-4C-MAR-online-2.webp\" \/>\n\t<meta property=\"og:image:width\" content=\"400\" \/>\n\t<meta property=\"og:image:height\" content=\"300\" \/>\n\t<meta property=\"og:image:type\" content=\"image\/webp\" \/>\n<meta name=\"twitter:card\" content=\"summary_large_image\" \/>\n<meta name=\"twitter:label1\" content=\"Tempo di lettura stimato\" \/>\n\t<meta name=\"twitter:data1\" content=\"2 minuti\" \/>\n<script type=\"application\/ld+json\" class=\"yoast-schema-graph\">{\"@context\":\"https:\\\/\\\/schema.org\",\"@graph\":[{\"@type\":\"WebPage\",\"@id\":\"https:\\\/\\\/chemgramx.com\\\/product\\\/4c-mar-online-bestellung\\\/\",\"url\":\"https:\\\/\\\/chemgramx.com\\\/product\\\/4c-mar-online-bestellung\\\/\",\"name\":\"4C-MAR erwerben - Premium Qualit\u00e4t\",\"isPartOf\":{\"@id\":\"https:\\\/\\\/chemgramx.com\\\/#website\"},\"primaryImageOfPage\":{\"@id\":\"https:\\\/\\\/chemgramx.com\\\/product\\\/4c-mar-online-bestellung\\\/#primaryimage\"},\"image\":{\"@id\":\"https:\\\/\\\/chemgramx.com\\\/product\\\/4c-mar-online-bestellung\\\/#primaryimage\"},\"thumbnailUrl\":\"https:\\\/\\\/chemgramx.com\\\/wp-content\\\/uploads\\\/2025\\\/11\\\/Buy-4C-MAR-online-2.webp\",\"datePublished\":\"2025-11-21T18:18:26+00:00\",\"dateModified\":\"2025-12-09T10:13:50+00:00\",\"description\":\"Entdecken Sie 4C-MAR bei Chemgramx: Forschungsqualit\u00e4t zum Verkauf. Jetzt 4C-MAR kaufen f\u00fcr pr\u00e4zise Studien. Hohe Reinheit & sicherer Erwerb f\u00fcr Ihr Labor.\",\"breadcrumb\":{\"@id\":\"https:\\\/\\\/chemgramx.com\\\/product\\\/4c-mar-online-bestellung\\\/#breadcrumb\"},\"inLanguage\":\"it-IT\",\"potentialAction\":[{\"@type\":\"ReadAction\",\"target\":[\"https:\\\/\\\/chemgramx.com\\\/product\\\/4c-mar-online-bestellung\\\/\"]}]},{\"@type\":\"ImageObject\",\"inLanguage\":\"it-IT\",\"@id\":\"https:\\\/\\\/chemgramx.com\\\/product\\\/4c-mar-online-bestellung\\\/#primaryimage\",\"url\":\"https:\\\/\\\/chemgramx.com\\\/wp-content\\\/uploads\\\/2025\\\/11\\\/Buy-4C-MAR-online-2.webp\",\"contentUrl\":\"https:\\\/\\\/chemgramx.com\\\/wp-content\\\/uploads\\\/2025\\\/11\\\/Buy-4C-MAR-online-2.webp\",\"width\":400,\"height\":300},{\"@type\":\"BreadcrumbList\",\"@id\":\"https:\\\/\\\/chemgramx.com\\\/product\\\/4c-mar-online-bestellung\\\/#breadcrumb\",\"itemListElement\":[{\"@type\":\"ListItem\",\"position\":1,\"name\":\"Home\",\"item\":\"https:\\\/\\\/chemgramx.com\\\/\"},{\"@type\":\"ListItem\",\"position\":2,\"name\":\"Shop\",\"item\":\"https:\\\/\\\/chemgramx.com\\\/shop\\\/\"},{\"@type\":\"ListItem\",\"position\":3,\"name\":\"4C-MAR erwerben &#8211; Premium Qualit\u00e4t\"}]},{\"@type\":\"WebSite\",\"@id\":\"https:\\\/\\\/chemgramx.com\\\/#website\",\"url\":\"https:\\\/\\\/chemgramx.com\\\/\",\"name\":\"Chemgramx\",\"description\":\"\",\"publisher\":{\"@id\":\"https:\\\/\\\/chemgramx.com\\\/#organization\"},\"potentialAction\":[{\"@type\":\"SearchAction\",\"target\":{\"@type\":\"EntryPoint\",\"urlTemplate\":\"https:\\\/\\\/chemgramx.com\\\/?s={search_term_string}\"},\"query-input\":{\"@type\":\"PropertyValueSpecification\",\"valueRequired\":true,\"valueName\":\"search_term_string\"}}],\"inLanguage\":\"it-IT\"},{\"@type\":\"Organization\",\"@id\":\"https:\\\/\\\/chemgramx.com\\\/#organization\",\"name\":\"Chemgramx\",\"url\":\"https:\\\/\\\/chemgramx.com\\\/\",\"logo\":{\"@type\":\"ImageObject\",\"inLanguage\":\"it-IT\",\"@id\":\"https:\\\/\\\/chemgramx.com\\\/#\\\/schema\\\/logo\\\/image\\\/\",\"url\":\"https:\\\/\\\/chemgramx.com\\\/wp-content\\\/uploads\\\/2024\\\/10\\\/final-logo.png\",\"contentUrl\":\"https:\\\/\\\/chemgramx.com\\\/wp-content\\\/uploads\\\/2024\\\/10\\\/final-logo.png\",\"width\":250,\"height\":48,\"caption\":\"Chemgramx\"},\"image\":{\"@id\":\"https:\\\/\\\/chemgramx.com\\\/#\\\/schema\\\/logo\\\/image\\\/\"}}]}<\/script>\n<!-- \/ Yoast SEO plugin. -->","yoast_head_json":{"title":"Acquista 4C-MAR - Qualit\u00e0 premium","description":"Scoprite il 4C-MAR su Chemgramx: qualit\u00e0 di ricerca in vendita. Acquistate ora il 4C-MAR per studi precisi. Alta purezza e acquisto sicuro per il tuo laboratorio.","robots":{"index":"index","follow":"follow","max-snippet":"max-snippet:-1","max-image-preview":"max-image-preview:large","max-video-preview":"max-video-preview:-1"},"canonical":"https:\/\/chemgramx.com\/it\/prodotto-1\/4c-mar-ordine-online\/","og_locale":"it_IT","og_type":"article","og_title":"4C-MAR erwerben - Premium Qualit\u00e4t","og_description":"Entdecken Sie 4C-MAR bei Chemgramx: Forschungsqualit\u00e4t zum Verkauf. Jetzt 4C-MAR kaufen f\u00fcr pr\u00e4zise Studien. Hohe Reinheit & sicherer Erwerb f\u00fcr Ihr Labor.","og_url":"https:\/\/chemgramx.com\/it\/prodotto-1\/4c-mar-ordine-online\/","og_site_name":"Chemgramx","article_modified_time":"2025-12-09T10:13:50+00:00","og_image":[{"width":400,"height":300,"url":"https:\/\/chemgramx.com\/wp-content\/uploads\/2025\/11\/Buy-4C-MAR-online-2.webp","type":"image\/webp"}],"twitter_card":"summary_large_image","twitter_misc":{"Tempo di lettura stimato":"2 minuti"},"schema":{"@context":"https:\/\/schema.org","@graph":[{"@type":"WebPage","@id":"https:\/\/chemgramx.com\/product\/4c-mar-online-bestellung\/","url":"https:\/\/chemgramx.com\/product\/4c-mar-online-bestellung\/","name":"Acquista 4C-MAR - Qualit\u00e0 premium","isPartOf":{"@id":"https:\/\/chemgramx.com\/#website"},"primaryImageOfPage":{"@id":"https:\/\/chemgramx.com\/product\/4c-mar-online-bestellung\/#primaryimage"},"image":{"@id":"https:\/\/chemgramx.com\/product\/4c-mar-online-bestellung\/#primaryimage"},"thumbnailUrl":"https:\/\/chemgramx.com\/wp-content\/uploads\/2025\/11\/Buy-4C-MAR-online-2.webp","datePublished":"2025-11-21T18:18:26+00:00","dateModified":"2025-12-09T10:13:50+00:00","description":"Scoprite il 4C-MAR su Chemgramx: qualit\u00e0 di ricerca in vendita. Acquistate ora il 4C-MAR per studi precisi. Alta purezza e acquisto sicuro per il tuo laboratorio.","breadcrumb":{"@id":"https:\/\/chemgramx.com\/product\/4c-mar-online-bestellung\/#breadcrumb"},"inLanguage":"it-IT","potentialAction":[{"@type":"ReadAction","target":["https:\/\/chemgramx.com\/product\/4c-mar-online-bestellung\/"]}]},{"@type":"ImageObject","inLanguage":"it-IT","@id":"https:\/\/chemgramx.com\/product\/4c-mar-online-bestellung\/#primaryimage","url":"https:\/\/chemgramx.com\/wp-content\/uploads\/2025\/11\/Buy-4C-MAR-online-2.webp","contentUrl":"https:\/\/chemgramx.com\/wp-content\/uploads\/2025\/11\/Buy-4C-MAR-online-2.webp","width":400,"height":300},{"@type":"BreadcrumbList","@id":"https:\/\/chemgramx.com\/product\/4c-mar-online-bestellung\/#breadcrumb","itemListElement":[{"@type":"ListItem","position":1,"name":"Home","item":"https:\/\/chemgramx.com\/"},{"@type":"ListItem","position":2,"name":"Shop","item":"https:\/\/chemgramx.com\/shop\/"},{"@type":"ListItem","position":3,"name":"4C-MAR erwerben &#8211; Premium Qualit\u00e4t"}]},{"@type":"WebSite","@id":"https:\/\/chemgramx.com\/#website","url":"https:\/\/chemgramx.com\/","name":"Chemgramx","description":"","publisher":{"@id":"https:\/\/chemgramx.com\/#organization"},"potentialAction":[{"@type":"SearchAction","target":{"@type":"EntryPoint","urlTemplate":"https:\/\/chemgramx.com\/?s={search_term_string}"},"query-input":{"@type":"PropertyValueSpecification","valueRequired":true,"valueName":"search_term_string"}}],"inLanguage":"it-IT"},{"@type":"Organization","@id":"https:\/\/chemgramx.com\/#organization","name":"Chemgramx","url":"https:\/\/chemgramx.com\/","logo":{"@type":"ImageObject","inLanguage":"it-IT","@id":"https:\/\/chemgramx.com\/#\/schema\/logo\/image\/","url":"https:\/\/chemgramx.com\/wp-content\/uploads\/2024\/10\/final-logo.png","contentUrl":"https:\/\/chemgramx.com\/wp-content\/uploads\/2024\/10\/final-logo.png","width":250,"height":48,"caption":"Chemgramx"},"image":{"@id":"https:\/\/chemgramx.com\/#\/schema\/logo\/image\/"}}]}},"_links":{"self":[{"href":"https:\/\/chemgramx.com\/it\/wp-json\/wp\/v2\/product\/8385","targetHints":{"allow":["GET"]}}],"collection":[{"href":"https:\/\/chemgramx.com\/it\/wp-json\/wp\/v2\/product"}],"about":[{"href":"https:\/\/chemgramx.com\/it\/wp-json\/wp\/v2\/types\/product"}],"replies":[{"embeddable":true,"href":"https:\/\/chemgramx.com\/it\/wp-json\/wp\/v2\/comments?post=8385"}],"wp:featuredmedia":[{"embeddable":true,"href":"https:\/\/chemgramx.com\/it\/wp-json\/wp\/v2\/media\/8415"}],"wp:attachment":[{"href":"https:\/\/chemgramx.com\/it\/wp-json\/wp\/v2\/media?parent=8385"}],"wp:term":[{"taxonomy":"product_brand","embeddable":true,"href":"https:\/\/chemgramx.com\/it\/wp-json\/wp\/v2\/product_brand?post=8385"},{"taxonomy":"product_cat","embeddable":true,"href":"https:\/\/chemgramx.com\/it\/wp-json\/wp\/v2\/product_cat?post=8385"},{"taxonomy":"product_tag","embeddable":true,"href":"https:\/\/chemgramx.com\/it\/wp-json\/wp\/v2\/product_tag?post=8385"}],"curies":[{"name":"wp","href":"https:\/\/api.w.org\/{rel}","templated":true}]}}