{"id":8390,"date":"2025-11-21T18:18:29","date_gmt":"2025-11-21T18:18:29","guid":{"rendered":"https:\/\/chemgramx.com\/?post_type=product&#038;p=8390"},"modified":"2025-12-09T09:56:56","modified_gmt":"2025-12-09T09:56:56","slug":"acquista-23-mdpv-online","status":"publish","type":"product","link":"https:\/\/chemgramx.com\/it\/product\/23-mdpv-online-kaufen\/","title":{"rendered":"Acquista 23-MDPV online"},"content":{"rendered":"<p>Scoprire <b>23-MDPV<\/b> nella sua forma pi\u00f9 pura, sviluppata appositamente per esigenze di ricerca esigenti. Se <b>23-MDPV in vendita<\/b> , Chemgramx \u00e8 il vostro punto di riferimento per eccellenza in termini di qualit\u00e0 e affidabilit\u00e0. Il nostro impegno \u00e8 quello di fornire prodotti che soddisfino i pi\u00f9 elevati standard per garantire che i vostri progetti scientifici ottengano i migliori risultati possibili. Con un'impressionante purezza di <b>99%<\/b> Il nostro 23-MDPV \u00e8 ideale per una vasta gamma di applicazioni di laboratorio, dalla chimica analitica alla scienza dei materiali. Comprendiamo quanto sia fondamentale la qualit\u00e0 delle materie prime per il successo della vostra ricerca. Per questo motivo, applichiamo rigorosi controlli di qualit\u00e0 in ogni fase della produzione.<\/p>\n<h2>23-MDPV di alta qualit\u00e0 per la tua ricerca<\/h2>\n<p>L'approvvigionamento di <b>Top Quality 23-MDPV<\/b> \u00e8 di grande importanza per i ricercatori. Il nostro prodotto si contraddistingue per la sua notevole purezza, confermata dalle pi\u00f9 moderne tecniche analitiche. Ci\u00f2 garantisce risultati costanti e riproducibili. Inoltre, siamo orgogliosi di, <b>Ricerca di grado 23-MDPV in vendita<\/b> che soddisfi i severi requisiti dei moderni laboratori scientifici. Sappiamo che il vostro lavoro richiede precisione e il nostro 23-MDPV \u00e8 stato progettato proprio per offrirvela. Affidatevi a Chemgramx per materiali che porteranno la vostra ricerca a un livello superiore.<\/p>\n<h3>Perch\u00e9 Chemgramx \u00e8 la scelta migliore per il 23-MDPV<\/h3>\n<p>Per Chemgramx la soddisfazione dei nostri clienti \u00e8 al primo posto. Vi offriamo la possibilit\u00e0 di, <b>Il miglior 23-MDPV disponibile<\/b> senza dover scendere a compromessi in termini di qualit\u00e0. Il nostro accurato processo di produzione garantisce che ogni lotto di 23-MDPV soddisfi o superi le specifiche. Inoltre, attribuiamo grande importanza all'integrit\u00e0 dei nostri prodotti. I ricercatori apprezzano l'affidabilit\u00e0 che offriamo quando <b>23-MDPV di grado da laboratorio in vendita<\/b> . Il nostro obiettivo \u00e8 offrirvi un'esperienza senza soluzione di continuit\u00e0, dalla selezione all'applicazione.<\/p>\n<h2>Analisi completa e garanzia di purezza<\/h2>\n<p>Sappiamo che la caratterizzazione analitica \u00e8 fondamentale. Per questo forniamo <b>Autentico 23-MDPV<\/b>, che \u00e8 stato sottoposto a test approfonditi. Ogni lotto del nostro prodotto viene analizzato con metodi analitici avanzati come HPLC e GC-MS per confermarne l'identit\u00e0 e la purezza. Di conseguenza, potete essere certi di ricevere un prodotto di altissima qualit\u00e0. Ci\u00f2 \u00e8 particolarmente importante se state <b>23-MDPV ad alta purezza in vendita<\/b> per esperimenti critici. Il nostro impegno alla trasparenza significa che su richiesta sono disponibili certificati di analisi dettagliati, che vi garantiscono la certezza necessaria per il vostro lavoro scientifico.<\/p>\n<h3>Campi di applicazione e utilit\u00e0 scientifica<\/h3>\n<p>Il 23-MDPV \u00e8 un composto chimico con diversi potenziali di ricerca. Trova applicazione in settori quali la ricerca neurochimica, la farmacologia e la tossicologia. I ricercatori che <b>Acquista 23-MDPV online<\/b> lo fanno spesso per studiare i meccanismi di determinati percorsi neuronali o per sviluppare nuovi standard analitici. L'elevata purezza del nostro prodotto garantisce che i risultati sperimentali non siano compromessi da impurit\u00e0. Se siete alla ricerca di una fonte affidabile di prodotti chimici per la ricerca, Chemgramx \u00e8 la scelta giusta. Supportiamo la comunit\u00e0 scientifica fornendo accesso a materiali di alta qualit\u00e0 come il 23-MDPV.<\/p>\n<h2>Approvvigionamento sicuro e gestione responsabile<\/h2>\n<p>Per noi \u00e8 importante <b>Acquisto sicuro<\/b> Esperienza per tutti i nostri clienti. Se desiderate <b>Ordina 23-MDPV online<\/b> Quando effettuate un ordine presso Chemgramx, potete contare su un processo che trasuda professionalit\u00e0 e discrezione. I nostri prodotti vengono gestiti con la massima cura per preservarne l'integrit\u00e0 fino all'arrivo a destinazione. Pertanto, ci assicuriamo che i materiali soddisfino i pi\u00f9 elevati standard quando raggiungono il vostro laboratorio. Comprendiamo l'importanza dell'affidabilit\u00e0 nella ricerca e ci impegniamo a garantirla attraverso i nostri processi. Scoprite le possibilit\u00e0 offerte dall'utilizzo dei prodotti Chemgramx.<\/p>\n<h3>Ampia gamma di prodotti chimici per la ricerca<\/h3>\n<p>Oltre al 23-MDPV, Chemgramx offre una vasta gamma di altri prodotti chimici di alta qualit\u00e0 per la ricerca. Per chi \u00e8 interessato a composti correlati, potrebbe essere interessante la nostra selezione di catinoni e altri nootropi. Scoprite, ad esempio, la nostra offerta di <a href=\"https:\/\/chemgramx.com\/product\/green-mandala-mix-kaufen\/\">miscele innovative<\/a>, progettati per specifici scopi di ricerca. Ampliamo costantemente il nostro portafoglio per soddisfare le esigenze in continua evoluzione della comunit\u00e0 scientifica. Chemgramx vi invita quindi a esplorare la nostra vasta gamma di prodotti e a trovare i materiali perfetti per le vostre prossime scoperte rivoluzionarie. La vostra ricerca merita solo il meglio.<\/p>\n<h2>Innovazione e progresso scientifico<\/h2>\n<p>L'obiettivo di Chemgramx \u00e8 promuovere il progresso scientifico fornendo l'accesso a prodotti chimici di elevata purezza per la ricerca. Se <b>Comprare 23-MDPV online<\/b>, investite nel futuro della vostra ricerca. Il nostro obiettivo \u00e8 fornire alla comunit\u00e0 scientifica gli strumenti necessari per ampliare i confini della conoscenza. Inoltre, ci impegniamo costantemente per migliorare i nostri prodotti e servizi. Per questo incoraggiamo i ricercatori a contattarci per qualsiasi domanda e ad avvalersi della nostra esperienza. Il vostro successo \u00e8 la nostra motivazione. Con Chemgramx otterrete pi\u00f9 di un semplice prodotto chimico: avrete un partner per le vostre aspirazioni scientifiche.<\/p>\n<h3>Controllo qualit\u00e0 e specifiche dei prodotti<\/h3>\n<p>Ogni prodotto che esce da Chemgramx \u00e8 soggetto a rigorosi controlli di qualit\u00e0. Ci assicuriamo che <b>23-MDPV in vendita<\/b> \u00e8 di altissima qualit\u00e0 e conforme alle specifiche indicate. La purezza viene regolarmente controllata mediante diverse tecniche analitiche per garantirne la costanza. Inoltre, ci impegniamo a garantire la massima trasparenza sulle caratteristiche dei nostri prodotti. Se desiderate una <b>Acquisto sicuro<\/b> per le vostre esigenze di laboratorio, siete nel posto giusto. Prendiamo molto sul serio la responsabilit\u00e0 della qualit\u00e0 dei nostri prodotti chimici, affinch\u00e9 possiate concentrarvi sulla vostra ricerca.<\/p>\n<h2>Il vostro partner per i prodotti chimici per la ricerca<\/h2>\n<p>Chemgramx \u00e8 pi\u00f9 di un semplice fornitore: siamo un partner per i vostri obiettivi scientifici. Se <b>Il miglior 23-MDPV disponibile<\/b> cercano, non offriamo solo un prodotto, ma anche la fiducia nella sua qualit\u00e0. Comprendiamo le sfide che i ricercatori devono affrontare e ci impegniamo ad alleviarle fornendo prodotti chimici di prima qualit\u00e0. Chemgramx vi invita quindi a beneficiare della nostra competenza e del nostro impegno per l'eccellenza. Scoprite perch\u00e9 cos\u00ec tanti ricercatori si affidano a noi quando <b>Ordina 23-MDPV online<\/b>.<\/p>\n<h3>Materiali di ricerca aggiuntivi su Chemgramx<\/h3>\n<p>Il nostro impegno per la scienza va oltre i singoli prodotti. Chemgramx offre una vasta gamma di prodotti chimici rilevanti per diversi settori di ricerca. Scoprite la nostra offerta di <a href=\"https:\/\/chemgramx.com\/product\/23-mdpv-online-kaufen\/\">composti specializzati<\/a>, che possono far progredire i vostri progetti di ricerca. Lavoriamo costantemente per ampliare la nostra offerta, al fine di soddisfare le mutevoli esigenze della ricerca scientifica. Vi invitiamo quindi a visitare regolarmente il nostro sito web per rimanere aggiornati sui nostri ultimi prodotti e offerte. Siamo qui per supportare le vostre scoperte scientifiche.<\/p>\n<h2>Impegno per la purezza e l'integrit\u00e0 scientifica<\/h2>\n<p>Noi di Chemgramx comprendiamo che l'integrit\u00e0 scientifica si basa sulla qualit\u00e0 dei materiali utilizzati. Per questo motivo ci impegniamo a fornirvi <b>Autentico 23-MDPV<\/b> che soddisfi rigorosi standard di purezza. Se desiderate <b>23-MDPV ad alta purezza in vendita<\/b> potete fare affidamento sui nostri rigorosi processi di test. Ogni fase, dalla sintesi al confezionamento, viene attentamente monitorata. Di conseguenza, potete essere certi che il prodotto che ricevete \u00e8 adatto alle vostre applicazioni pi\u00f9 esigenti. Affidatevi a Chemgramx per una qualit\u00e0 e un'affidabilit\u00e0 senza pari nella ricerca.<\/p>\n<table>\n<caption>Chemgramx 23-MDPV Dettagli sul prodotto<\/caption>\n<tr>\n<th>Caratteristica<\/th>\n<th>Descrizione<\/th>\n<\/tr>\n<tr>\n<td>Nome del prodotto<\/td>\n<td>23-MDPV<\/td>\n<\/tr>\n<tr>\n<td>La purezza<\/td>\n<td><b>99%<\/b> Minimo<\/td>\n<\/tr>\n<tr>\n<td>livello di qualit\u00e0<\/td>\n<td><b>Livello di ricerca<\/b>, <b>Grado da laboratorio<\/b><\/td>\n<\/tr>\n<tr>\n<td>Applicazione<\/td>\n<td>Ricerca e sviluppo, standard analitici<\/td>\n<\/tr>\n<tr>\n<td>Disponibilit\u00e0<\/td>\n<td><b>Acquista 23-MDPV online<\/b><\/td>\n<\/tr>\n<\/table>\n<p>Ci impegniamo costantemente per superare le aspettative dei nostri clienti. Se <b>Ordina 23-MDPV online<\/b> , scegliete un fornitore che si impegna a garantire l'eccellenza. Chemgramx \u00e8 il vostro partner di fiducia per tutte le vostre esigenze in materia di prodotti chimici per la ricerca. Scoprite la differenza che fa la qualit\u00e0 e provate un servizio di prima classe. Saremo lieti di supportarvi nei vostri sforzi scientifici.<\/p>","protected":false},"excerpt":{"rendered":"<p>Alta purezza <b>23-MDPV<\/b> (<b>99%<\/b> Purezza), disponibile in <b>Livello di ricerca<\/b> e <b>Grado da laboratorio<\/b>. Ideale per applicazioni di ricerca esigenti. Provate <b>Top Quality 23-MDPV<\/b> e <b>Acquisto sicuro<\/b>. Ordina <b>23-MDPV online<\/b> presso Chemgramx.<\/p>","protected":false},"featured_media":8426,"comment_status":"open","ping_status":"closed","template":"","meta":{"_joinchat":[]},"product_brand":[],"product_cat":[48],"product_tag":[2548,2552,2550,2556,2549,2555,2551,2553,2554,2015],"class_list":{"0":"post-8390","1":"product","2":"type-product","3":"status-publish","4":"has-post-thumbnail","6":"product_cat-stimulants","7":"product_tag-23-mdpv-kaufen","8":"product_tag-23-mdpv-kaufen-deutschland","9":"product_tag-23-mdpv-kristalle","10":"product_tag-23-mdpv-kristalle-kaufen","11":"product_tag-23-mdpv-online","12":"product_tag-23-mdpv-online-kaufen","13":"product_tag-23-mdpv-pulver","14":"product_tag-23-mdpv-research-chemical","15":"product_tag-23-mdpv-zum-verkauf","16":"product_tag-synthetische-drogen","18":"first","19":"instock","20":"shipping-taxable","21":"purchasable","22":"product-type-variable"},"yoast_head":"<!-- This site is optimized with the Yoast SEO plugin v27.5 - https:\/\/yoast.com\/product\/yoast-seo-wordpress\/ -->\n<title>23-MDPV Online Kaufen<\/title>\n<meta name=\"description\" content=\"Entdecken Sie 23-MDPV in Top-Qualit\u00e4t f\u00fcr Ihre Forschung. Sichere Beschaffung und h\u00f6chste Reinheit. Jetzt 23-MDPV online kaufen.\" \/>\n<meta name=\"robots\" content=\"index, follow, max-snippet:-1, max-image-preview:large, max-video-preview:-1\" \/>\n<link rel=\"canonical\" href=\"https:\/\/chemgramx.com\/it\/prodotto-1\/acquista-23-mdpv-online\/\" \/>\n<meta property=\"og:locale\" content=\"it_IT\" \/>\n<meta property=\"og:type\" content=\"article\" \/>\n<meta property=\"og:title\" content=\"23-MDPV Online Kaufen\" \/>\n<meta property=\"og:description\" content=\"Entdecken Sie 23-MDPV in Top-Qualit\u00e4t f\u00fcr Ihre Forschung. Sichere Beschaffung und h\u00f6chste Reinheit. Jetzt 23-MDPV online kaufen.\" \/>\n<meta property=\"og:url\" content=\"https:\/\/chemgramx.com\/it\/prodotto-1\/acquista-23-mdpv-online\/\" \/>\n<meta property=\"og:site_name\" content=\"Chemgramx\" \/>\n<meta property=\"article:modified_time\" content=\"2025-12-09T09:56:56+00:00\" \/>\n<meta property=\"og:image\" content=\"https:\/\/chemgramx.com\/wp-content\/uploads\/2025\/11\/2-3md.png\" \/>\n\t<meta property=\"og:image:width\" content=\"600\" \/>\n\t<meta property=\"og:image:height\" content=\"400\" \/>\n\t<meta property=\"og:image:type\" content=\"image\/png\" \/>\n<meta name=\"twitter:card\" content=\"summary_large_image\" \/>\n<meta name=\"twitter:label1\" content=\"Tempo di lettura stimato\" \/>\n\t<meta name=\"twitter:data1\" content=\"4 minuti\" \/>\n<script type=\"application\/ld+json\" class=\"yoast-schema-graph\">{\"@context\":\"https:\\\/\\\/schema.org\",\"@graph\":[{\"@type\":\"WebPage\",\"@id\":\"https:\\\/\\\/chemgramx.com\\\/product\\\/23-mdpv-online-kaufen\\\/\",\"url\":\"https:\\\/\\\/chemgramx.com\\\/product\\\/23-mdpv-online-kaufen\\\/\",\"name\":\"23-MDPV Online Kaufen\",\"isPartOf\":{\"@id\":\"https:\\\/\\\/chemgramx.com\\\/#website\"},\"primaryImageOfPage\":{\"@id\":\"https:\\\/\\\/chemgramx.com\\\/product\\\/23-mdpv-online-kaufen\\\/#primaryimage\"},\"image\":{\"@id\":\"https:\\\/\\\/chemgramx.com\\\/product\\\/23-mdpv-online-kaufen\\\/#primaryimage\"},\"thumbnailUrl\":\"https:\\\/\\\/chemgramx.com\\\/wp-content\\\/uploads\\\/2025\\\/11\\\/2-3md.png\",\"datePublished\":\"2025-11-21T18:18:29+00:00\",\"dateModified\":\"2025-12-09T09:56:56+00:00\",\"description\":\"Entdecken Sie 23-MDPV in Top-Qualit\u00e4t f\u00fcr Ihre Forschung. Sichere Beschaffung und h\u00f6chste Reinheit. Jetzt 23-MDPV online kaufen.\",\"breadcrumb\":{\"@id\":\"https:\\\/\\\/chemgramx.com\\\/product\\\/23-mdpv-online-kaufen\\\/#breadcrumb\"},\"inLanguage\":\"it-IT\",\"potentialAction\":[{\"@type\":\"ReadAction\",\"target\":[\"https:\\\/\\\/chemgramx.com\\\/product\\\/23-mdpv-online-kaufen\\\/\"]}]},{\"@type\":\"ImageObject\",\"inLanguage\":\"it-IT\",\"@id\":\"https:\\\/\\\/chemgramx.com\\\/product\\\/23-mdpv-online-kaufen\\\/#primaryimage\",\"url\":\"https:\\\/\\\/chemgramx.com\\\/wp-content\\\/uploads\\\/2025\\\/11\\\/2-3md.png\",\"contentUrl\":\"https:\\\/\\\/chemgramx.com\\\/wp-content\\\/uploads\\\/2025\\\/11\\\/2-3md.png\",\"width\":600,\"height\":400},{\"@type\":\"BreadcrumbList\",\"@id\":\"https:\\\/\\\/chemgramx.com\\\/product\\\/23-mdpv-online-kaufen\\\/#breadcrumb\",\"itemListElement\":[{\"@type\":\"ListItem\",\"position\":1,\"name\":\"Home\",\"item\":\"https:\\\/\\\/chemgramx.com\\\/\"},{\"@type\":\"ListItem\",\"position\":2,\"name\":\"Shop\",\"item\":\"https:\\\/\\\/chemgramx.com\\\/shop\\\/\"},{\"@type\":\"ListItem\",\"position\":3,\"name\":\"23-MDPV Online Kaufen\"}]},{\"@type\":\"WebSite\",\"@id\":\"https:\\\/\\\/chemgramx.com\\\/#website\",\"url\":\"https:\\\/\\\/chemgramx.com\\\/\",\"name\":\"Chemgramx\",\"description\":\"\",\"publisher\":{\"@id\":\"https:\\\/\\\/chemgramx.com\\\/#organization\"},\"potentialAction\":[{\"@type\":\"SearchAction\",\"target\":{\"@type\":\"EntryPoint\",\"urlTemplate\":\"https:\\\/\\\/chemgramx.com\\\/?s={search_term_string}\"},\"query-input\":{\"@type\":\"PropertyValueSpecification\",\"valueRequired\":true,\"valueName\":\"search_term_string\"}}],\"inLanguage\":\"it-IT\"},{\"@type\":\"Organization\",\"@id\":\"https:\\\/\\\/chemgramx.com\\\/#organization\",\"name\":\"Chemgramx\",\"url\":\"https:\\\/\\\/chemgramx.com\\\/\",\"logo\":{\"@type\":\"ImageObject\",\"inLanguage\":\"it-IT\",\"@id\":\"https:\\\/\\\/chemgramx.com\\\/#\\\/schema\\\/logo\\\/image\\\/\",\"url\":\"https:\\\/\\\/chemgramx.com\\\/wp-content\\\/uploads\\\/2024\\\/10\\\/final-logo.png\",\"contentUrl\":\"https:\\\/\\\/chemgramx.com\\\/wp-content\\\/uploads\\\/2024\\\/10\\\/final-logo.png\",\"width\":250,\"height\":48,\"caption\":\"Chemgramx\"},\"image\":{\"@id\":\"https:\\\/\\\/chemgramx.com\\\/#\\\/schema\\\/logo\\\/image\\\/\"}}]}<\/script>\n<!-- \/ Yoast SEO plugin. -->","yoast_head_json":{"title":"Acquista 23-MDPV online","description":"Scoprite il 23-MDPV di alta qualit\u00e0 per la vostra ricerca. Approvvigionamento sicuro e massima purezza. Acquistate ora il 23-MDPV online.","robots":{"index":"index","follow":"follow","max-snippet":"max-snippet:-1","max-image-preview":"max-image-preview:large","max-video-preview":"max-video-preview:-1"},"canonical":"https:\/\/chemgramx.com\/it\/prodotto-1\/acquista-23-mdpv-online\/","og_locale":"it_IT","og_type":"article","og_title":"23-MDPV Online Kaufen","og_description":"Entdecken Sie 23-MDPV in Top-Qualit\u00e4t f\u00fcr Ihre Forschung. Sichere Beschaffung und h\u00f6chste Reinheit. Jetzt 23-MDPV online kaufen.","og_url":"https:\/\/chemgramx.com\/it\/prodotto-1\/acquista-23-mdpv-online\/","og_site_name":"Chemgramx","article_modified_time":"2025-12-09T09:56:56+00:00","og_image":[{"width":600,"height":400,"url":"https:\/\/chemgramx.com\/wp-content\/uploads\/2025\/11\/2-3md.png","type":"image\/png"}],"twitter_card":"summary_large_image","twitter_misc":{"Tempo di lettura stimato":"4 minuti"},"schema":{"@context":"https:\/\/schema.org","@graph":[{"@type":"WebPage","@id":"https:\/\/chemgramx.com\/product\/23-mdpv-online-kaufen\/","url":"https:\/\/chemgramx.com\/product\/23-mdpv-online-kaufen\/","name":"Acquista 23-MDPV online","isPartOf":{"@id":"https:\/\/chemgramx.com\/#website"},"primaryImageOfPage":{"@id":"https:\/\/chemgramx.com\/product\/23-mdpv-online-kaufen\/#primaryimage"},"image":{"@id":"https:\/\/chemgramx.com\/product\/23-mdpv-online-kaufen\/#primaryimage"},"thumbnailUrl":"https:\/\/chemgramx.com\/wp-content\/uploads\/2025\/11\/2-3md.png","datePublished":"2025-11-21T18:18:29+00:00","dateModified":"2025-12-09T09:56:56+00:00","description":"Scoprite il 23-MDPV di alta qualit\u00e0 per la vostra ricerca. Approvvigionamento sicuro e massima purezza. Acquistate ora il 23-MDPV online.","breadcrumb":{"@id":"https:\/\/chemgramx.com\/product\/23-mdpv-online-kaufen\/#breadcrumb"},"inLanguage":"it-IT","potentialAction":[{"@type":"ReadAction","target":["https:\/\/chemgramx.com\/product\/23-mdpv-online-kaufen\/"]}]},{"@type":"ImageObject","inLanguage":"it-IT","@id":"https:\/\/chemgramx.com\/product\/23-mdpv-online-kaufen\/#primaryimage","url":"https:\/\/chemgramx.com\/wp-content\/uploads\/2025\/11\/2-3md.png","contentUrl":"https:\/\/chemgramx.com\/wp-content\/uploads\/2025\/11\/2-3md.png","width":600,"height":400},{"@type":"BreadcrumbList","@id":"https:\/\/chemgramx.com\/product\/23-mdpv-online-kaufen\/#breadcrumb","itemListElement":[{"@type":"ListItem","position":1,"name":"Home","item":"https:\/\/chemgramx.com\/"},{"@type":"ListItem","position":2,"name":"Shop","item":"https:\/\/chemgramx.com\/shop\/"},{"@type":"ListItem","position":3,"name":"23-MDPV Online Kaufen"}]},{"@type":"WebSite","@id":"https:\/\/chemgramx.com\/#website","url":"https:\/\/chemgramx.com\/","name":"Chemgramx","description":"","publisher":{"@id":"https:\/\/chemgramx.com\/#organization"},"potentialAction":[{"@type":"SearchAction","target":{"@type":"EntryPoint","urlTemplate":"https:\/\/chemgramx.com\/?s={search_term_string}"},"query-input":{"@type":"PropertyValueSpecification","valueRequired":true,"valueName":"search_term_string"}}],"inLanguage":"it-IT"},{"@type":"Organization","@id":"https:\/\/chemgramx.com\/#organization","name":"Chemgramx","url":"https:\/\/chemgramx.com\/","logo":{"@type":"ImageObject","inLanguage":"it-IT","@id":"https:\/\/chemgramx.com\/#\/schema\/logo\/image\/","url":"https:\/\/chemgramx.com\/wp-content\/uploads\/2024\/10\/final-logo.png","contentUrl":"https:\/\/chemgramx.com\/wp-content\/uploads\/2024\/10\/final-logo.png","width":250,"height":48,"caption":"Chemgramx"},"image":{"@id":"https:\/\/chemgramx.com\/#\/schema\/logo\/image\/"}}]}},"_links":{"self":[{"href":"https:\/\/chemgramx.com\/it\/wp-json\/wp\/v2\/product\/8390","targetHints":{"allow":["GET"]}}],"collection":[{"href":"https:\/\/chemgramx.com\/it\/wp-json\/wp\/v2\/product"}],"about":[{"href":"https:\/\/chemgramx.com\/it\/wp-json\/wp\/v2\/types\/product"}],"replies":[{"embeddable":true,"href":"https:\/\/chemgramx.com\/it\/wp-json\/wp\/v2\/comments?post=8390"}],"wp:featuredmedia":[{"embeddable":true,"href":"https:\/\/chemgramx.com\/it\/wp-json\/wp\/v2\/media\/8426"}],"wp:attachment":[{"href":"https:\/\/chemgramx.com\/it\/wp-json\/wp\/v2\/media?parent=8390"}],"wp:term":[{"taxonomy":"product_brand","embeddable":true,"href":"https:\/\/chemgramx.com\/it\/wp-json\/wp\/v2\/product_brand?post=8390"},{"taxonomy":"product_cat","embeddable":true,"href":"https:\/\/chemgramx.com\/it\/wp-json\/wp\/v2\/product_cat?post=8390"},{"taxonomy":"product_tag","embeddable":true,"href":"https:\/\/chemgramx.com\/it\/wp-json\/wp\/v2\/product_tag?post=8390"}],"curies":[{"name":"wp","href":"https:\/\/api.w.org\/{rel}","templated":true}]}}