{"id":8395,"date":"2025-11-21T18:18:30","date_gmt":"2025-11-21T18:18:30","guid":{"rendered":"https:\/\/chemgramx.com\/?post_type=product&#038;p=8395"},"modified":"2025-12-09T09:56:06","modified_gmt":"2025-12-09T09:56:06","slug":"4-cec-ordine-online","status":"publish","type":"product","link":"https:\/\/chemgramx.com\/it\/product\/4-cec-bestellung-online\/","title":{"rendered":"Acquista 4-CEC \u2013 Ricerca, massima qualit\u00e0"},"content":{"rendered":"<p>Scoprite l'opportunit\u00e0 esclusiva di, <b>4-CEC in vendita<\/b> , un prodotto rinomato per la sua eccezionale purezza e qualit\u00e0 scientifica. Noi di Chemgramx comprendiamo il ruolo fondamentale che i prodotti chimici di alta qualit\u00e0 svolgono nella ricerca e nello sviluppo. Per questo motivo offriamo <b>Massima qualit\u00e0 4-CEC<\/b> sottoposto a severi controlli di qualit\u00e0 per garantire che soddisfi i pi\u00f9 elevati standard. Questo connettore \u00e8 progettato per applicazioni esigenti in cui la precisione e l'affidabilit\u00e0 sono di fondamentale importanza. Se state cercando il <b>migliori 4-CEC disponibili<\/b> allora siete nel posto giusto. Siamo orgogliosi di offrire a ricercatori e laboratori materiali che supportano e promuovono il loro lavoro. L'approvvigionamento di prodotti chimici pu\u00f2 essere una sfida, ma abbiamo ottimizzato il processo per rendere il pi\u00f9 semplice possibile l'accesso alle sostanze necessarie. Affidatevi alla nostra competenza per raggiungere i vostri obiettivi scientifici.<\/p>\n<h2>Che cos'\u00e8 il 4-CEC?<\/h2>\n<p>Il 4-CEC, chimicamente noto come 4-cloro-N-etilcatinone, \u00e8 un composto sintetico appartenente alla classe delle catinoni. Queste molecole sono strutturalmente correlate alla catinone, un composto psicoattivo presente in natura che si trova nella pianta del khat. Il 4-CEC \u00e8 caratterizzato da modifiche specifiche della sua struttura chimica che ne influenzano le propriet\u00e0 e le potenziali applicazioni. Come sostanza chimica di ricerca, il 4-CEC viene utilizzato principalmente in ambienti di laboratorio per studi preclinici e analitici. La sua sintesi richiede processi chimici precisi per garantire la struttura e la purezza desiderate.<\/p>\n<h2>L'importanza della purezza e della qualit\u00e0<\/h2>\n<p>Per ogni ricerca scientifica, la purezza dei reagenti utilizzati \u00e8 di fondamentale importanza. Le impurit\u00e0 possono distorcere i risultati sperimentali, portare a conclusioni errate e compromettere la riproducibilit\u00e0 degli studi. Chemgramx si impegna a, <b>4-CEC ad alta purezza in vendita<\/b> . I nostri prodotti sono realizzati e analizzati con cura per garantire che soddisfino le specifiche richieste per scopi di ricerca esigenti. Ci\u00f2 significa che potete contare sulla consistenza e sull'affidabilit\u00e0 dei nostri prodotti chimici. L'approvvigionamento di materiali di ricerca da fornitori affidabili come noi \u00e8 un passo fondamentale per garantire l'integrit\u00e0 del vostro lavoro scientifico. Pertanto, \u00e8 consigliabile, quando si <b>Acquista 4-CEC online<\/b> prestare attenzione alla qualit\u00e0 offerta.<\/p>\n<h3>Applicazioni del 4-CEC nella ricerca<\/h3>\n<p>L'applicazione primaria del 4-CEC \u00e8 nel campo della ricerca scientifica. Serve come strumento per chimici e farmacologi che studiano le propriet\u00e0 delle catinoni e delle sostanze correlate. L'analisi dettagliata della sua attivit\u00e0 farmacologica pu\u00f2 fornire informazioni sul funzionamento di determinati sistemi neurotrasmettitori nel cervello. Inoltre, il 4-CEC viene utilizzato nella chimica analitica, ad esempio per lo sviluppo e la convalida di metodi di rilevamento di composti correlati in diverse matrici. La capacit\u00e0 di, <b>autentico 4-CEC<\/b> \u00c8 indispensabile per i ricercatori che studiano la relazione struttura-attivit\u00e0 di questa classe di sostanze.<\/p>\n<h2>Perch\u00e9 scegliere Chemgramx per le tue esigenze?<\/h2>\n<p>Noi di Chemgramx ci impegniamo a offrire un'esperienza senza intoppi per tutte le vostre esigenze di approvvigionamento di prodotti chimici. Comprendiamo che la ricerca di prodotti chimici specifici per la ricerca pu\u00f2 richiedere molto tempo. Per questo motivo abbiamo progettato i nostri processi in modo da consentirvi di trovare ci\u00f2 di cui avete bisogno in modo semplice ed efficiente. Se decidete di, <b>Ordina 4-CEC online<\/b>, potete contare su un servizio orientato alla professionalit\u00e0 e alla soddisfazione del cliente. La nostra esperienza nel campo della sintesi chimica e del controllo qualit\u00e0 garantisce che riceviate un prodotto che soddisfi o superi le vostre aspettative. Siamo pi\u00f9 di un semplice fornitore: siamo un partner nel vostro percorso scientifico. Per altri standard analitici e prodotti chimici per la ricerca, date un'occhiata alla nostra offerta. <a href=\"https:\/\/chemgramx.com\/product\/2c-d-10mg-pellets-kaufen\/\">2C-D 10 mg in pellet<\/a> che soddisfa anch'esso i pi\u00f9 elevati standard qualitativi.<\/p>\n<h3>Competenza nel settore dei prodotti chimici per la ricerca<\/h3>\n<p>Il nostro team \u00e8 composto da chimici esperti ed esperti del settore che hanno una profonda comprensione della complessit\u00e0 e delle esigenze dell'industria dei prodotti chimici per la ricerca. Selezioniamo con cura il nostro portafoglio di prodotti per garantire che offriamo solo sostanze adatte a scopi di ricerca legittimi. Ci\u00f2 include il 4-CEC, che \u00e8 considerato <b>Classe di ricerca per la vendita<\/b> . Il nostro impegno per la qualit\u00e0 va di pari passo con il nostro impegno per pratiche commerciali etiche. Quindi, se state cercando il <b>autentico 4-CEC<\/b> , Chemgramx \u00e8 la vostra fonte affidabile. La sicurezza e l'efficacia della vostra ricerca dipendono dalla qualit\u00e0 dei materiali che utilizzate e noi prendiamo molto sul serio questa responsabilit\u00e0.<\/p>\n<h2>I vantaggi dell'ordine online<\/h2>\n<p>La possibilit\u00e0 di, <b>Acquistare 4-CEC online<\/b>, offre notevoli vantaggi ai ricercatori e alle istituzioni. Innanzitutto, consente un rapido accesso ai materiali necessari senza richiedere lunghe procedure di approvvigionamento. In secondo luogo, confrontando diversi fornitori \u00e8 possibile assicurarsi il miglior rapporto qualit\u00e0-prezzo. Noi di Chemgramx attribuiamo grande importanza alla trasparenza e offriamo informazioni chiare sui prodotti e prezzi competitivi per i nostri <b>4-CEC in vendita<\/b>. Inoltre, il nostro sistema online consente di effettuare facilmente nuovi ordini e gestire i propri acquisti. Ci impegniamo a rendere il processo il pi\u00f9 agevole possibile, affinch\u00e9 possiate concentrarvi sulla vostra attivit\u00e0 di ricerca. La sicurezza delle transazioni \u00e8 ovviamente garantita.<\/p>\n<h3>Sicurezza e affidabilit\u00e0<\/h3>\n<p>La sicurezza nell'approvvigionamento di prodotti chimici \u00e8 di fondamentale importanza. Noi di Chemgramx attribuiamo grande importanza alla sicurezza delle nostre transazioni e all'integrit\u00e0 dei nostri prodotti. Se <b>Ordina 4-CEC online<\/b>, potete essere certi che i vostri dati sono protetti e che i prodotti soddisfano i pi\u00f9 elevati standard. Offriamo solo <b>Qualit\u00e0 da laboratorio 4-CEC<\/b> che \u00e8 stato accuratamente testato. Il nostro impegno per la sicurezza si estende a ogni aspetto della nostra attivit\u00e0, dalla gestione dei prodotti all'assistenza clienti. Ecco perch\u00e9 cos\u00ec tanti ricercatori si affidano a Chemgramx per le loro esigenze chimiche pi\u00f9 importanti. Ci impegniamo ad essere una fonte affidabile per le vostre attivit\u00e0 scientifiche. Scoprite anche la nostra gamma di altri reagenti di alta qualit\u00e0, come ad esempio i <a href=\"https:\/\/chemgramx.com\/product\/4-cec-bestellung-online\/\">4-CEC Ordine online<\/a>, che offriamo anche noi.<\/p>\n<h2>Prospettive future di ricerca<\/h2>\n<p>La ricerca su composti come il 4-CEC \u00e8 fondamentale per l'ulteriore sviluppo della nostra comprensione della biologia umana e della farmacologia. Ogni nuova scoperta pu\u00f2 aprire nuove strade per interventi terapeutici o strumenti diagnostici migliorati. Fornendo ai ricercatori l'accesso a <b>4-CEC di alta qualit\u00e0<\/b> , contribuiamo indirettamente alla comunit\u00e0 scientifica. Siamo entusiasti delle potenziali scoperte rese possibili dal lavoro dei nostri clienti con i nostri prodotti. Incoraggiamo i ricercatori ad ampliare i confini della conoscenza e siamo orgogliosi di supportarli in questo percorso. L'accesso alla <b>migliori 4-CEC disponibili<\/b> \u00e8 un passo importante per progetti di ricerca innovativi.<\/p>\n<h3>Approfondimento sui collegamenti correlati<\/h3>\n<p>La comprensione della struttura chimica del 4-CEC consente ai ricercatori di studiare composti con propriet\u00e0 simili o modificate. Ci\u00f2 \u00e8 particolarmente rilevante nel campo dello sviluppo di farmaci, dove piccole modifiche nella struttura molecolare possono portare a differenze significative nell'attivit\u00e0 biologica. L'analisi delle relazioni struttura-attivit\u00e0 \u00e8 un pilastro della farmacologia moderna. I ricercatori interessati a questa classe di composti apprezzeranno la disponibilit\u00e0 di <b>autentico 4-CEC<\/b> per condurre i loro studi. Ci\u00f2 favorisce una comprensione pi\u00f9 approfondita delle interazioni molecolari che sono importanti per la funzione dei farmaci. Chemgramx fornisce i materiali necessari per tali importanti ricerche.<\/p>\n<h2>Controllo qualit\u00e0 e analisi<\/h2>\n<p>Il nostro impegno per la qualit\u00e0 \u00e8 incrollabile. Ogni lotto di 4-CEC che offriamo viene sottoposto a rigorosi processi di controllo qualit\u00e0. Ci\u00f2 pu\u00f2 includere tecniche quali la cromatografia liquida ad alta prestazione (HPLC), la spettrometria di massa (MS) e la spettroscopia di risonanza magnetica nucleare (NMR) per confermare l'identit\u00e0, la purezza e la consistenza. Ci assicuriamo che tu <b>4-CEC in classe di ricerca in vendita<\/b> che soddisfi i pi\u00f9 elevati standard analitici. Questo controllo meticoloso \u00e8 fondamentale per poter avere fiducia nei risultati delle vostre ricerche. La fiducia nella qualit\u00e0 dei vostri prodotti chimici \u00e8 un pilastro fondamentale per il successo del lavoro scientifico. Pertanto, la scelta di un fornitore che mantenga questi standard \u00e8 di fondamentale importanza quando si <b>Acquistare 4-CEC online<\/b> desiderano.<\/p>\n<h3>Promuovere l'integrit\u00e0 scientifica<\/h3>\n<p>Crediamo fermamente che la promozione dell'integrit\u00e0 scientifica sia alla base di tutto ci\u00f2 che facciamo. Questo inizia con la fornitura di prodotti chimici di altissima qualit\u00e0, come il nostro <b>4-CEC di qualit\u00e0 da laboratorio in vendita<\/b>. Garantendo che i nostri prodotti soddisfino gli standard di purezza e qualit\u00e0, consentiamo ai ricercatori di ottenere risultati affidabili e riproducibili. Ci\u00f2 contribuisce in ultima analisi alla credibilit\u00e0 e al progresso della ricerca scientifica in tutto il mondo. Siamo orgogliosi di essere un partner affidabile per i ricercatori che danno priorit\u00e0 all'accuratezza del loro lavoro. L'approvvigionamento di reagenti affidabili \u00e8 un pilastro fondamentale per il progresso scientifico. Pertanto, \u00e8 importante che voi <b>miglior 4-CEC disponibile<\/b> da un fornitore affidabile come noi.<\/p>\n<h2>Sintesi e prospettive<\/h2>\n<p>In sintesi, si pu\u00f2 affermare che Chemgramx \u00e8 la fonte preferita per l'approvvigionamento di <b>4-CEC online<\/b> . Offriamo <b>Massima qualit\u00e0 4-CEC<\/b>, che soddisfa rigorosi standard di purezza e qualit\u00e0, supportando cos\u00ec i vostri progetti di ricerca. Il nostro impegno per l'eccellenza, combinato con un'esperienza online intuitiva, ci rende la scelta ideale per scienziati e ricercatori. Se state cercando la <b>miglior 4-CEC disponibile<\/b> affidatevi a noi. Vi invitiamo a esplorare il nostro vasto assortimento e a scoprire come possiamo supportare il vostro lavoro scientifico. Prendete una decisione informata acquistando i vostri prodotti chimici per la ricerca da un fornitore affidabile e attento alla qualit\u00e0. I risultati delle vostre ricerche meritano il meglio.<\/p>","protected":false},"excerpt":{"rendered":"<p><b>4-CEC in vendita<\/b> di Chemgramx \u2013 Prodotto chimico per ricerca ad elevata purezza.<\/p>\n<ul>\n<li>Qualit\u00e0 rigorosamente controllata per risultati di ricerca precisi.<\/li>\n<li>Ideale per studi analitici e farmacologici.<\/li>\n<li><b>Massima qualit\u00e0 4-CEC<\/b>, ora <b>ordine online<\/b>.<\/li>\n<\/ul>\n<p><b>Acquista ora online<\/b> presso Chemgramx per una <b>transazione sicura<\/b>.<\/p>","protected":false},"featured_media":8435,"comment_status":"open","ping_status":"closed","template":"","meta":{"_joinchat":[]},"product_brand":[],"product_cat":[48],"product_tag":[2475,2479,2478,717,2480,715,2476,2477,2481,2182],"class_list":{"0":"post-8395","1":"product","2":"type-product","3":"status-publish","4":"has-post-thumbnail","6":"product_cat-stimulants","7":"product_tag-4-cec","8":"product_tag-4-cec-chemikalien","9":"product_tag-4-cec-forschung","10":"product_tag-4-cec-kaufen","11":"product_tag-4-cec-kaufen-online","12":"product_tag-4-cec-kristalle","13":"product_tag-4-cec-online","14":"product_tag-4-cec-pulver","15":"product_tag-forschung-4-cec","16":"product_tag-synthetische-chemikalien","18":"first","19":"instock","20":"shipping-taxable","21":"purchasable","22":"product-type-variable"},"yoast_head":"<!-- This site is optimized with the Yoast SEO plugin v27.5 - https:\/\/yoast.com\/product\/yoast-seo-wordpress\/ -->\n<title>4-CEC Kaufen - Forschung, Top Qualit\u00e4t<\/title>\n<meta name=\"description\" content=\"Erwerben Sie hochwertiges 4-CEC online. Garantiert hohe Reinheit f\u00fcr Ihre Forschungsbed\u00fcrfnisse. Kaufen Sie jetzt bei Chemgramx.\" \/>\n<meta name=\"robots\" content=\"index, follow, max-snippet:-1, max-image-preview:large, max-video-preview:-1\" \/>\n<link rel=\"canonical\" href=\"https:\/\/chemgramx.com\/it\/prodotto-1\/4-cec-ordine-online\/\" \/>\n<meta property=\"og:locale\" content=\"it_IT\" \/>\n<meta property=\"og:type\" content=\"article\" \/>\n<meta property=\"og:title\" content=\"4-CEC Kaufen - Forschung, Top Qualit\u00e4t\" \/>\n<meta property=\"og:description\" content=\"Erwerben Sie hochwertiges 4-CEC online. Garantiert hohe Reinheit f\u00fcr Ihre Forschungsbed\u00fcrfnisse. Kaufen Sie jetzt bei Chemgramx.\" \/>\n<meta property=\"og:url\" content=\"https:\/\/chemgramx.com\/it\/prodotto-1\/4-cec-ordine-online\/\" \/>\n<meta property=\"og:site_name\" content=\"Chemgramx\" \/>\n<meta property=\"article:modified_time\" content=\"2025-12-09T09:56:06+00:00\" \/>\n<meta property=\"og:image\" content=\"https:\/\/chemgramx.com\/wp-content\/uploads\/2025\/11\/4cec.png\" \/>\n\t<meta property=\"og:image:width\" content=\"600\" \/>\n\t<meta property=\"og:image:height\" content=\"400\" \/>\n\t<meta property=\"og:image:type\" content=\"image\/png\" \/>\n<meta name=\"twitter:card\" content=\"summary_large_image\" \/>\n<meta name=\"twitter:label1\" content=\"Tempo di lettura stimato\" \/>\n\t<meta name=\"twitter:data1\" content=\"5 minuti\" \/>\n<script type=\"application\/ld+json\" class=\"yoast-schema-graph\">{\"@context\":\"https:\\\/\\\/schema.org\",\"@graph\":[{\"@type\":\"WebPage\",\"@id\":\"https:\\\/\\\/chemgramx.com\\\/product\\\/4-cec-bestellung-online\\\/\",\"url\":\"https:\\\/\\\/chemgramx.com\\\/product\\\/4-cec-bestellung-online\\\/\",\"name\":\"4-CEC Kaufen - Forschung, Top Qualit\u00e4t\",\"isPartOf\":{\"@id\":\"https:\\\/\\\/chemgramx.com\\\/#website\"},\"primaryImageOfPage\":{\"@id\":\"https:\\\/\\\/chemgramx.com\\\/product\\\/4-cec-bestellung-online\\\/#primaryimage\"},\"image\":{\"@id\":\"https:\\\/\\\/chemgramx.com\\\/product\\\/4-cec-bestellung-online\\\/#primaryimage\"},\"thumbnailUrl\":\"https:\\\/\\\/chemgramx.com\\\/wp-content\\\/uploads\\\/2025\\\/11\\\/4cec.png\",\"datePublished\":\"2025-11-21T18:18:30+00:00\",\"dateModified\":\"2025-12-09T09:56:06+00:00\",\"description\":\"Erwerben Sie hochwertiges 4-CEC online. Garantiert hohe Reinheit f\u00fcr Ihre Forschungsbed\u00fcrfnisse. Kaufen Sie jetzt bei Chemgramx.\",\"breadcrumb\":{\"@id\":\"https:\\\/\\\/chemgramx.com\\\/product\\\/4-cec-bestellung-online\\\/#breadcrumb\"},\"inLanguage\":\"it-IT\",\"potentialAction\":[{\"@type\":\"ReadAction\",\"target\":[\"https:\\\/\\\/chemgramx.com\\\/product\\\/4-cec-bestellung-online\\\/\"]}]},{\"@type\":\"ImageObject\",\"inLanguage\":\"it-IT\",\"@id\":\"https:\\\/\\\/chemgramx.com\\\/product\\\/4-cec-bestellung-online\\\/#primaryimage\",\"url\":\"https:\\\/\\\/chemgramx.com\\\/wp-content\\\/uploads\\\/2025\\\/11\\\/4cec.png\",\"contentUrl\":\"https:\\\/\\\/chemgramx.com\\\/wp-content\\\/uploads\\\/2025\\\/11\\\/4cec.png\",\"width\":600,\"height\":400},{\"@type\":\"BreadcrumbList\",\"@id\":\"https:\\\/\\\/chemgramx.com\\\/product\\\/4-cec-bestellung-online\\\/#breadcrumb\",\"itemListElement\":[{\"@type\":\"ListItem\",\"position\":1,\"name\":\"Home\",\"item\":\"https:\\\/\\\/chemgramx.com\\\/\"},{\"@type\":\"ListItem\",\"position\":2,\"name\":\"Shop\",\"item\":\"https:\\\/\\\/chemgramx.com\\\/shop\\\/\"},{\"@type\":\"ListItem\",\"position\":3,\"name\":\"4-CEC Kaufen &#8211; Forschung, Top Qualit\u00e4t\"}]},{\"@type\":\"WebSite\",\"@id\":\"https:\\\/\\\/chemgramx.com\\\/#website\",\"url\":\"https:\\\/\\\/chemgramx.com\\\/\",\"name\":\"Chemgramx\",\"description\":\"\",\"publisher\":{\"@id\":\"https:\\\/\\\/chemgramx.com\\\/#organization\"},\"potentialAction\":[{\"@type\":\"SearchAction\",\"target\":{\"@type\":\"EntryPoint\",\"urlTemplate\":\"https:\\\/\\\/chemgramx.com\\\/?s={search_term_string}\"},\"query-input\":{\"@type\":\"PropertyValueSpecification\",\"valueRequired\":true,\"valueName\":\"search_term_string\"}}],\"inLanguage\":\"it-IT\"},{\"@type\":\"Organization\",\"@id\":\"https:\\\/\\\/chemgramx.com\\\/#organization\",\"name\":\"Chemgramx\",\"url\":\"https:\\\/\\\/chemgramx.com\\\/\",\"logo\":{\"@type\":\"ImageObject\",\"inLanguage\":\"it-IT\",\"@id\":\"https:\\\/\\\/chemgramx.com\\\/#\\\/schema\\\/logo\\\/image\\\/\",\"url\":\"https:\\\/\\\/chemgramx.com\\\/wp-content\\\/uploads\\\/2024\\\/10\\\/final-logo.png\",\"contentUrl\":\"https:\\\/\\\/chemgramx.com\\\/wp-content\\\/uploads\\\/2024\\\/10\\\/final-logo.png\",\"width\":250,\"height\":48,\"caption\":\"Chemgramx\"},\"image\":{\"@id\":\"https:\\\/\\\/chemgramx.com\\\/#\\\/schema\\\/logo\\\/image\\\/\"}}]}<\/script>\n<!-- \/ Yoast SEO plugin. -->","yoast_head_json":{"title":"Acquista 4-CEC - Ricerca, massima qualit\u00e0","description":"Acquista online 4-CEC di alta qualit\u00e0. Elevata purezza garantita per le tue esigenze di ricerca. Acquista ora su Chemgramx.","robots":{"index":"index","follow":"follow","max-snippet":"max-snippet:-1","max-image-preview":"max-image-preview:large","max-video-preview":"max-video-preview:-1"},"canonical":"https:\/\/chemgramx.com\/it\/prodotto-1\/4-cec-ordine-online\/","og_locale":"it_IT","og_type":"article","og_title":"4-CEC Kaufen - Forschung, Top Qualit\u00e4t","og_description":"Erwerben Sie hochwertiges 4-CEC online. Garantiert hohe Reinheit f\u00fcr Ihre Forschungsbed\u00fcrfnisse. Kaufen Sie jetzt bei Chemgramx.","og_url":"https:\/\/chemgramx.com\/it\/prodotto-1\/4-cec-ordine-online\/","og_site_name":"Chemgramx","article_modified_time":"2025-12-09T09:56:06+00:00","og_image":[{"width":600,"height":400,"url":"https:\/\/chemgramx.com\/wp-content\/uploads\/2025\/11\/4cec.png","type":"image\/png"}],"twitter_card":"summary_large_image","twitter_misc":{"Tempo di lettura stimato":"5 minuti"},"schema":{"@context":"https:\/\/schema.org","@graph":[{"@type":"WebPage","@id":"https:\/\/chemgramx.com\/product\/4-cec-bestellung-online\/","url":"https:\/\/chemgramx.com\/product\/4-cec-bestellung-online\/","name":"Acquista 4-CEC - Ricerca, massima qualit\u00e0","isPartOf":{"@id":"https:\/\/chemgramx.com\/#website"},"primaryImageOfPage":{"@id":"https:\/\/chemgramx.com\/product\/4-cec-bestellung-online\/#primaryimage"},"image":{"@id":"https:\/\/chemgramx.com\/product\/4-cec-bestellung-online\/#primaryimage"},"thumbnailUrl":"https:\/\/chemgramx.com\/wp-content\/uploads\/2025\/11\/4cec.png","datePublished":"2025-11-21T18:18:30+00:00","dateModified":"2025-12-09T09:56:06+00:00","description":"Acquista online 4-CEC di alta qualit\u00e0. Elevata purezza garantita per le tue esigenze di ricerca. Acquista ora su Chemgramx.","breadcrumb":{"@id":"https:\/\/chemgramx.com\/product\/4-cec-bestellung-online\/#breadcrumb"},"inLanguage":"it-IT","potentialAction":[{"@type":"ReadAction","target":["https:\/\/chemgramx.com\/product\/4-cec-bestellung-online\/"]}]},{"@type":"ImageObject","inLanguage":"it-IT","@id":"https:\/\/chemgramx.com\/product\/4-cec-bestellung-online\/#primaryimage","url":"https:\/\/chemgramx.com\/wp-content\/uploads\/2025\/11\/4cec.png","contentUrl":"https:\/\/chemgramx.com\/wp-content\/uploads\/2025\/11\/4cec.png","width":600,"height":400},{"@type":"BreadcrumbList","@id":"https:\/\/chemgramx.com\/product\/4-cec-bestellung-online\/#breadcrumb","itemListElement":[{"@type":"ListItem","position":1,"name":"Home","item":"https:\/\/chemgramx.com\/"},{"@type":"ListItem","position":2,"name":"Shop","item":"https:\/\/chemgramx.com\/shop\/"},{"@type":"ListItem","position":3,"name":"4-CEC Kaufen &#8211; Forschung, Top Qualit\u00e4t"}]},{"@type":"WebSite","@id":"https:\/\/chemgramx.com\/#website","url":"https:\/\/chemgramx.com\/","name":"Chemgramx","description":"","publisher":{"@id":"https:\/\/chemgramx.com\/#organization"},"potentialAction":[{"@type":"SearchAction","target":{"@type":"EntryPoint","urlTemplate":"https:\/\/chemgramx.com\/?s={search_term_string}"},"query-input":{"@type":"PropertyValueSpecification","valueRequired":true,"valueName":"search_term_string"}}],"inLanguage":"it-IT"},{"@type":"Organization","@id":"https:\/\/chemgramx.com\/#organization","name":"Chemgramx","url":"https:\/\/chemgramx.com\/","logo":{"@type":"ImageObject","inLanguage":"it-IT","@id":"https:\/\/chemgramx.com\/#\/schema\/logo\/image\/","url":"https:\/\/chemgramx.com\/wp-content\/uploads\/2024\/10\/final-logo.png","contentUrl":"https:\/\/chemgramx.com\/wp-content\/uploads\/2024\/10\/final-logo.png","width":250,"height":48,"caption":"Chemgramx"},"image":{"@id":"https:\/\/chemgramx.com\/#\/schema\/logo\/image\/"}}]}},"_links":{"self":[{"href":"https:\/\/chemgramx.com\/it\/wp-json\/wp\/v2\/product\/8395","targetHints":{"allow":["GET"]}}],"collection":[{"href":"https:\/\/chemgramx.com\/it\/wp-json\/wp\/v2\/product"}],"about":[{"href":"https:\/\/chemgramx.com\/it\/wp-json\/wp\/v2\/types\/product"}],"replies":[{"embeddable":true,"href":"https:\/\/chemgramx.com\/it\/wp-json\/wp\/v2\/comments?post=8395"}],"wp:featuredmedia":[{"embeddable":true,"href":"https:\/\/chemgramx.com\/it\/wp-json\/wp\/v2\/media\/8435"}],"wp:attachment":[{"href":"https:\/\/chemgramx.com\/it\/wp-json\/wp\/v2\/media?parent=8395"}],"wp:term":[{"taxonomy":"product_brand","embeddable":true,"href":"https:\/\/chemgramx.com\/it\/wp-json\/wp\/v2\/product_brand?post=8395"},{"taxonomy":"product_cat","embeddable":true,"href":"https:\/\/chemgramx.com\/it\/wp-json\/wp\/v2\/product_cat?post=8395"},{"taxonomy":"product_tag","embeddable":true,"href":"https:\/\/chemgramx.com\/it\/wp-json\/wp\/v2\/product_tag?post=8395"}],"curies":[{"name":"wp","href":"https:\/\/api.w.org\/{rel}","templated":true}]}}