{"id":8397,"date":"2025-11-21T18:18:31","date_gmt":"2025-11-21T18:18:31","guid":{"rendered":"https:\/\/chemgramx.com\/?post_type=product&#038;p=8397"},"modified":"2025-12-09T09:54:27","modified_gmt":"2025-12-09T09:54:27","slug":"4-fmc-ordine-online","status":"publish","type":"product","link":"https:\/\/chemgramx.com\/it\/product\/4-fmc-bestellung-online\/","title":{"rendered":"Acquista 4-FMC \u2013 Alta qualit\u00e0, puro"},"content":{"rendered":"<h2>Chemgramx: il vostro fornitore affidabile di 4-FMC altamente puro<\/h2>\n<p>Stai cercando <b>Massima qualit\u00e0 4-FMC<\/b> per le vostre esigenze di ricerca pi\u00f9 sofisticate? Noi di Chemgramx comprendiamo l'importanza fondamentale della purezza e dell'affidabilit\u00e0 nella comunit\u00e0 scientifica. Per questo motivo vi offriamo la possibilit\u00e0 di, <b>4-FMC da ordinare online<\/b>, un prodotto che soddisfa i pi\u00f9 elevati standard. Siamo orgogliosi di offrirvi <b>4-FMC in vendita<\/b> che \u00e8 stato accuratamente testato per verificarne la composizione e l'efficacia. Il nostro impegno per l'eccellenza garantisce che riceviate sempre il <b>migliori 4-FMC disponibili<\/b> per portare avanti i vostri progetti di ricerca con fiducia. L'approvvigionamento di prodotti chimici pu\u00f2 essere una sfida, ma abbiamo semplificato il processo in modo che possiate concentrarvi su ci\u00f2 che conta davvero: il vostro lavoro scientifico. Scoprite la differenza quando scegliete un prodotto realizzato e lavorato con la massima cura. Il nostro obiettivo \u00e8 diventare il vostro fornitore preferito di prodotti chimici per la ricerca, offrendo prodotti eccezionali e un servizio senza pari. <b>Acquista subito 4-FMC online<\/b> e convincetevi voi stessi della qualit\u00e0 superiore che contraddistingue Chemgramx.<\/p>\n<h2>La scienza alla base del 4-FMC: purezza e applicazione<\/h2>\n<p>Il 4-FMC, noto anche come 4-fluorometcatinone, \u00e8 un composto chimico di interesse in diversi campi di ricerca. La sua struttura molecolare e le sue propriet\u00e0 lo rendono uno strumento prezioso per gli scienziati che studiano i meccanismi dei sistemi biologici complessi. La produzione del 4-FMC richiede processi precisi e rigorosi controlli di qualit\u00e0 per garantire un'elevata purezza. Noi di Chemgramx attribuiamo grande importanza a questi dettagli. Se desiderate <b>4-FMC di alta qualit\u00e0 in vendita<\/b> , da noi siete nel posto giusto. Il nostro impegno nei confronti dei consumatori attenti alla ricerca significa che offriamo solo prodotti che soddisfano i nostri rigorosi standard di purezza. Affidatevi alla <b>autentico 4-FMC<\/b> Prodotti Chemgramx per le vostre esigenze di laboratorio. Inoltre, \u00e8 importante comprendere il corretto utilizzo e stoccaggio dei prodotti chimici per preservarne l'integrit\u00e0.<\/p>\n<h3>Perch\u00e9 scegliere Chemgramx per il tuo 4-FMC?<\/h3>\n<p>La scelta del fornitore giusto di prodotti chimici per la ricerca \u00e8 fondamentale per il successo dei vostri esperimenti. Chemgramx si impegna a fornire <b>4-FMC di qualit\u00e0 da laboratorio<\/b> che soddisfa anche le esigenze pi\u00f9 elevate. Comprendiamo che la consistenza e l'affidabilit\u00e0 dei materiali che utilizzate sono di fondamentale importanza. Per questo motivo, ogni lotto del nostro 4-FMC viene sottoposto a severi test prima di essere immesso in commercio. Il nostro impegno a fornirvi il <b>migliori 4-FMC disponibili<\/b> ci spinge a investire continuamente in procedure di controllo della qualit\u00e0. Se decidete di, <b>Ordina 4-FMC online<\/b>, scegliete un partner che sostenga i vostri obiettivi scientifici.<\/p>\n<p>Non offriamo solo prodotti, ma anche la certezza di lavorare con materiali di prima qualit\u00e0. Il monitoraggio delle specifiche e dei certificati di analisi fa parte del nostro sistema completo di gestione della qualit\u00e0. In questo modo potete essere certi che i prodotti chimici acquistati abbiano la purezza dichiarata. L'integrit\u00e0 della vostra ricerca inizia con l'integrit\u00e0 delle vostre materie prime e noi di Chemgramx prendiamo molto sul serio questa responsabilit\u00e0. Se <b>4-FMC in vendita<\/b> Acquistando da noi, riceverete un prodotto realizzato con precisione e cura.<\/p>\n<h2>Controllo qualit\u00e0 completo per la vostra sicurezza e il vostro successo<\/h2>\n<p>La sicurezza e l'affidabilit\u00e0 dei nostri prodotti sono una priorit\u00e0 assoluta per Chemgramx. Implementiamo un sistema di controllo qualit\u00e0 a pi\u00f9 livelli che inizia gi\u00e0 dalla selezione delle materie prime e si estende fino al prodotto finale. Questo sistema garantisce che voi <b>4-FMC della massima purezza<\/b> adatto ai vostri scopi di ricerca. I metodi analitici che utilizziamo sono all'avanguardia e vengono regolarmente convalidati per garantire risultati accurati e coerenti. Se avete <b>4-FMC di alta qualit\u00e0 in vendita<\/b> , potete stare certi che soddisferemo e supereremo le vostre aspettative.<\/p>\n<p>Il nostro impegno per la qualit\u00e0 va oltre la semplice analisi dei prodotti. Investiamo nella formazione del nostro personale e nella manutenzione delle nostre attrezzature di laboratorio per garantire che ogni fase del processo produttivo sia eseguita con la massima precisione. Questo ci consente di offrirvi <b>autentico 4-FMC<\/b> su cui potete contare. Con Chemgramx scegliete un fornitore che sostiene la comunit\u00e0 scientifica fornendo costantemente prodotti chimici di qualit\u00e0 superiore per la ricerca. Il miglioramento continuo dei nostri processi \u00e8 parte integrante della nostra filosofia aziendale.<\/p>\n<h3>Applicazioni e potenzialit\u00e0 di ricerca del 4-FMC<\/h3>\n<p>Il 4-FMC \u00e8 un composto con un ampio spettro di potenziali applicazioni nella ricerca scientifica. I ricercatori lo utilizzano per studiare il funzionamento di determinati recettori e vie neurochimiche. La sua struttura specifica consente studi dettagliati nei campi delle neuroscienze e della farmacologia. La possibilit\u00e0 di, <b>4-FMC da ordinare online<\/b> da una fonte affidabile come Chemgramx, facilita ai ricercatori l'accesso a questo importante strumento.<\/p>\n<p>Inoltre, il 4-FMC pu\u00f2 fungere da standard di riferimento nei laboratori analitici o essere utilizzato nella sintesi di molecole pi\u00f9 complesse. La disponibilit\u00e0 di <b>4-FMC di qualit\u00e0 ricerca in vendita<\/b> \u00e8 fondamentale per la riproducibilit\u00e0 e la validit\u00e0 dei risultati scientifici. Ci impegniamo a fornire alla comunit\u00e0 scientifica prodotti che soddisfino rigorosi standard scientifici. Se desiderate <b>migliori 4-FMC disponibili<\/b> Se avete bisogno di testare le vostre ipotesi scientifiche o fare nuove scoperte, Chemgramx \u00e8 il vostro partner ideale.<\/p>\n<h3>Manipolazione sicura e uso responsabile<\/h3>\n<p>\u00c8 fondamentale utilizzare i prodotti chimici di ricerca in modo responsabile. Noi di Chemgramx riteniamo importante che i nostri clienti dispongano delle informazioni necessarie per maneggiare il 4-FMC in modo sicuro. Ci\u00f2 include la comprensione delle schede di sicurezza (SDS) pertinenti e il rispetto delle linee guida di laboratorio. Il nostro obiettivo \u00e8 quello di garantire che voi <b>4-FMC in vendita<\/b> acquistare prodotti non solo di alta qualit\u00e0, ma anche sicuri da utilizzare grazie alle conoscenze adeguate. La sicurezza in laboratorio non \u00e8 negoziabile e noi vi aiutiamo a garantirla.<\/p>\n<p>Anche un corretto stoccaggio \u00e8 fondamentale per preservare l'integrit\u00e0 e la durata del 4-FMC. Si consiglia di informarsi sui requisiti specifici di stoccaggio per garantire prestazioni ottimali del prodotto per tutta la sua durata. Se si decide di, <b>Ordina 4-FMC online<\/b>, assicuratevi di disporre delle precauzioni necessarie per lo stoccaggio e la manipolazione in sicurezza. Ci\u00f2 riflette il nostro impegno a fornire un servizio completo che va oltre la semplice vendita. Scoprite perch\u00e9 cos\u00ec tanti ricercatori ci considerano una fonte di <b>4-FMC di alta qualit\u00e0<\/b> fiducia.<\/p>\n<h2>Scopri i vantaggi di ordinare online su Chemgramx<\/h2>\n<p>La decisione di, <b>Ordina 4-FMC online<\/b>, vi offre comodit\u00e0 e accesso a un'ampia gamma di prodotti chimici per la ricerca. Noi di Chemgramx abbiamo ottimizzato il processo di ordinazione per renderlo il pi\u00f9 semplice ed efficiente possibile. Potete stare certi che la vostra transazione sar\u00e0 trattata in modo confidenziale. Il nostro obiettivo \u00e8 quello di offrirvi l'accesso a <b>4-FMC di qualit\u00e0 da laboratorio<\/b> il pi\u00f9 agevole possibile. Cogliete l'occasione per <b>migliori 4-FMC disponibili<\/b> acquistabili online, senza compromessi in termini di qualit\u00e0.<\/p>\n<p>Il nostro impegno per la soddisfazione dei clienti significa che ci sforziamo sempre di superare le vostre aspettative. Se avete domande sui nostri prodotti o avete bisogno di assistenza per il vostro ordine, il nostro team di assistenza clienti \u00e8 pronto ad aiutarvi. Vogliamo che la vostra esperienza con Chemgramx sia positiva e produttiva. Scegliete Chemgramx per le vostre esigenze se <b>autentico 4-FMC<\/b> e danno importanza all'affidabilit\u00e0. Ricordate che offriamo anche altri composti chimici di alta qualit\u00e0, come ad esempio <a href=\"https:\/\/chemgramx.com\/product\/proscaline-hydrochloride-kaufen\/\">Proscalina cloridrato<\/a>, anch'esso sottoposto a severi controlli di qualit\u00e0.<\/p>\n<h3>Integrit\u00e0 scientifica grazie a prodotti chimici di qualit\u00e0 superiore<\/h3>\n<p>La base di ogni ricerca scientifica di successo risiede nella qualit\u00e0 dei materiali utilizzati. Chemgramx si impegna a fornirvi <b>4-FMC in vendita<\/b> che soddisfi i pi\u00f9 elevati standard di purezza e consistenza. Sappiamo che la riproducibilit\u00e0 dei vostri risultati dipende dall'utilizzo di reagenti affidabili. Per questo investiamo continuamente in tecniche di analisi avanzate e rigorosi processi di garanzia della qualit\u00e0. Se avete <b>4-FMC di alta qualit\u00e0 in vendita<\/b> , scegliete Chemgramx per affidabilit\u00e0 e sicurezza.<\/p>\n<p>La nostra passione per la scienza ci spinge a offrire solo prodotti che noi stessi utilizzeremmo nei nostri progetti di ricerca. La disponibilit\u00e0 di <b>4-FMC di qualit\u00e0 scientifica<\/b> \u00e8 importante per noi quanto lo \u00e8 per voi. Affidatevi a Chemgramx per la fornitura di materiali che favoriscono il progresso nel vostro settore. Visitate anche la nostra pagina dedicata a <a href=\"https:\/\/chemgramx.com\/product\/4-fmc-bestellung-online\/\">4-FMC Ordina online<\/a>, per saperne di pi\u00f9 sulla nostra offerta.<\/p>\n<h2>Conclusione: il vostro partner per prodotti chimici di alta qualit\u00e0 destinati alla ricerca<\/h2>\n<p>In sintesi, Chemgramx \u00e8 il partner ideale se siete alla ricerca di <b>4-FMC in vendita<\/b> che soddisfi i pi\u00f9 elevati standard qualitativi. Vi offriamo <b>4-FMC di qualit\u00e0 da laboratorio<\/b>, garantito da rigorosi controlli per offrirvi l'affidabilit\u00e0 che la vostra ricerca merita. La possibilit\u00e0 di, <b>Ordina 4-FMC online<\/b>, \u00e8 semplice e comodo. Vi invitiamo a provare la qualit\u00e0 superiore e l'eccellente servizio di Chemgramx. Scoprite il <b>migliori 4-FMC disponibili<\/b> sul mercato e promuovete le vostre scoperte scientifiche. Il nostro impegno per l'eccellenza ci rende la prima scelta per i ricercatori di tutto il mondo. Ricordate che acquistando da noi avrete sempre <b>autentico 4-FMC<\/b> ottenuto con la massima cura nella lavorazione.<\/p>\n<p>Siamo orgogliosi di fornire alla comunit\u00e0 scientifica materiali di ricerca essenziali. Se avete esigenze specifiche o desiderate ulteriori informazioni sulla nostra gamma di prodotti, non esitate a contattarci. Chemgramx non \u00e8 solo un fornitore di prodotti, ma anche un partner dedicato al vostro percorso scientifico. Affidatevi a noi se avete bisogno di <b>Ordina 4-FMC online<\/b> e danno importanza alla qualit\u00e0, alla purezza e all'affidabilit\u00e0. Lavoriamo costantemente per ampliare la nostra offerta e soddisfare al meglio le esigenze dei nostri clienti, includendo prodotti come <a href=\"https:\/\/chemgramx.com\/product\/proscaline-hydrochloride-kaufen\/\">Proscalina cloridrato<\/a>.<\/p>","protected":false},"excerpt":{"rendered":"<p><b>4-FMC Ordina online<\/b> su Chemgramx. Ricevi <b>Massima qualit\u00e0 4-FMC<\/b> per la vostra ricerca. Offriamo <b>4-FMC di qualit\u00e0 da laboratorio<\/b>, soggetto a severi controlli. <\/p>\n<ul>\n<li>Elevata purezza per risultati affidabili.<\/li>\n<li>Autentico 4-FMC che puoi ordinare online.<\/li>\n<li>Il miglior 4-FMC disponibile per le vostre esigenze scientifiche.<\/li>\n<\/ul>\n<p><b>Acquista subito 4-FMC online<\/b> presso Chemgramx.<\/p>","protected":false},"featured_media":8442,"comment_status":"open","ping_status":"closed","template":"","meta":{"_joinchat":[]},"product_brand":[],"product_cat":[48],"product_tag":[2457,2463,2462,2458,2464,2461,2459,2460,2465,2182],"class_list":{"0":"post-8397","1":"product","2":"type-product","3":"status-publish","4":"has-post-thumbnail","6":"product_cat-stimulants","7":"product_tag-4-fmc","8":"product_tag-4-fmc-chemikalien","9":"product_tag-4-fmc-forschung","10":"product_tag-4-fmc-kaufen","11":"product_tag-4-fmc-kaufen-online","12":"product_tag-4-fmc-kristalle","13":"product_tag-4-fmc-online","14":"product_tag-4-fmc-pulver","15":"product_tag-forschung-4-fmc","16":"product_tag-synthetische-chemikalien","18":"first","19":"instock","20":"shipping-taxable","21":"purchasable","22":"product-type-variable"},"yoast_head":"<!-- This site is optimized with the Yoast SEO plugin v27.5 - https:\/\/yoast.com\/product\/yoast-seo-wordpress\/ -->\n<title>4-FMC Kaufen - Hochwertig, Rein<\/title>\n<meta name=\"description\" content=\"Bestellen Sie 4-FMC online bei Chemgramx. Erhalten Sie 4-FMC in h\u00f6chster Reinheit und Laborqualit\u00e4t. Sichere Transaktion.\" \/>\n<meta name=\"robots\" content=\"index, follow, max-snippet:-1, max-image-preview:large, max-video-preview:-1\" \/>\n<link rel=\"canonical\" href=\"https:\/\/chemgramx.com\/it\/prodotto-1\/4-fmc-ordine-online\/\" \/>\n<meta property=\"og:locale\" content=\"it_IT\" \/>\n<meta property=\"og:type\" content=\"article\" \/>\n<meta property=\"og:title\" content=\"4-FMC Kaufen - Hochwertig, Rein\" \/>\n<meta property=\"og:description\" content=\"Bestellen Sie 4-FMC online bei Chemgramx. Erhalten Sie 4-FMC in h\u00f6chster Reinheit und Laborqualit\u00e4t. Sichere Transaktion.\" \/>\n<meta property=\"og:url\" content=\"https:\/\/chemgramx.com\/it\/prodotto-1\/4-fmc-ordine-online\/\" \/>\n<meta property=\"og:site_name\" content=\"Chemgramx\" \/>\n<meta property=\"article:modified_time\" content=\"2025-12-09T09:54:27+00:00\" \/>\n<meta property=\"og:image\" content=\"https:\/\/chemgramx.com\/wp-content\/uploads\/2025\/11\/4fmc.png\" \/>\n\t<meta property=\"og:image:width\" content=\"600\" \/>\n\t<meta property=\"og:image:height\" content=\"400\" \/>\n\t<meta property=\"og:image:type\" content=\"image\/png\" \/>\n<meta name=\"twitter:card\" content=\"summary_large_image\" \/>\n<meta name=\"twitter:label1\" content=\"Tempo di lettura stimato\" \/>\n\t<meta name=\"twitter:data1\" content=\"3 minuti\" \/>\n<script type=\"application\/ld+json\" class=\"yoast-schema-graph\">{\"@context\":\"https:\\\/\\\/schema.org\",\"@graph\":[{\"@type\":\"WebPage\",\"@id\":\"https:\\\/\\\/chemgramx.com\\\/product\\\/4-fmc-bestellung-online\\\/\",\"url\":\"https:\\\/\\\/chemgramx.com\\\/product\\\/4-fmc-bestellung-online\\\/\",\"name\":\"4-FMC Kaufen - Hochwertig, Rein\",\"isPartOf\":{\"@id\":\"https:\\\/\\\/chemgramx.com\\\/#website\"},\"primaryImageOfPage\":{\"@id\":\"https:\\\/\\\/chemgramx.com\\\/product\\\/4-fmc-bestellung-online\\\/#primaryimage\"},\"image\":{\"@id\":\"https:\\\/\\\/chemgramx.com\\\/product\\\/4-fmc-bestellung-online\\\/#primaryimage\"},\"thumbnailUrl\":\"https:\\\/\\\/chemgramx.com\\\/wp-content\\\/uploads\\\/2025\\\/11\\\/4fmc.png\",\"datePublished\":\"2025-11-21T18:18:31+00:00\",\"dateModified\":\"2025-12-09T09:54:27+00:00\",\"description\":\"Bestellen Sie 4-FMC online bei Chemgramx. Erhalten Sie 4-FMC in h\u00f6chster Reinheit und Laborqualit\u00e4t. Sichere Transaktion.\",\"breadcrumb\":{\"@id\":\"https:\\\/\\\/chemgramx.com\\\/product\\\/4-fmc-bestellung-online\\\/#breadcrumb\"},\"inLanguage\":\"it-IT\",\"potentialAction\":[{\"@type\":\"ReadAction\",\"target\":[\"https:\\\/\\\/chemgramx.com\\\/product\\\/4-fmc-bestellung-online\\\/\"]}]},{\"@type\":\"ImageObject\",\"inLanguage\":\"it-IT\",\"@id\":\"https:\\\/\\\/chemgramx.com\\\/product\\\/4-fmc-bestellung-online\\\/#primaryimage\",\"url\":\"https:\\\/\\\/chemgramx.com\\\/wp-content\\\/uploads\\\/2025\\\/11\\\/4fmc.png\",\"contentUrl\":\"https:\\\/\\\/chemgramx.com\\\/wp-content\\\/uploads\\\/2025\\\/11\\\/4fmc.png\",\"width\":600,\"height\":400},{\"@type\":\"BreadcrumbList\",\"@id\":\"https:\\\/\\\/chemgramx.com\\\/product\\\/4-fmc-bestellung-online\\\/#breadcrumb\",\"itemListElement\":[{\"@type\":\"ListItem\",\"position\":1,\"name\":\"Home\",\"item\":\"https:\\\/\\\/chemgramx.com\\\/\"},{\"@type\":\"ListItem\",\"position\":2,\"name\":\"Shop\",\"item\":\"https:\\\/\\\/chemgramx.com\\\/shop\\\/\"},{\"@type\":\"ListItem\",\"position\":3,\"name\":\"4-FMC Kaufen &#8211; Hochwertig, Rein\"}]},{\"@type\":\"WebSite\",\"@id\":\"https:\\\/\\\/chemgramx.com\\\/#website\",\"url\":\"https:\\\/\\\/chemgramx.com\\\/\",\"name\":\"Chemgramx\",\"description\":\"\",\"publisher\":{\"@id\":\"https:\\\/\\\/chemgramx.com\\\/#organization\"},\"potentialAction\":[{\"@type\":\"SearchAction\",\"target\":{\"@type\":\"EntryPoint\",\"urlTemplate\":\"https:\\\/\\\/chemgramx.com\\\/?s={search_term_string}\"},\"query-input\":{\"@type\":\"PropertyValueSpecification\",\"valueRequired\":true,\"valueName\":\"search_term_string\"}}],\"inLanguage\":\"it-IT\"},{\"@type\":\"Organization\",\"@id\":\"https:\\\/\\\/chemgramx.com\\\/#organization\",\"name\":\"Chemgramx\",\"url\":\"https:\\\/\\\/chemgramx.com\\\/\",\"logo\":{\"@type\":\"ImageObject\",\"inLanguage\":\"it-IT\",\"@id\":\"https:\\\/\\\/chemgramx.com\\\/#\\\/schema\\\/logo\\\/image\\\/\",\"url\":\"https:\\\/\\\/chemgramx.com\\\/wp-content\\\/uploads\\\/2024\\\/10\\\/final-logo.png\",\"contentUrl\":\"https:\\\/\\\/chemgramx.com\\\/wp-content\\\/uploads\\\/2024\\\/10\\\/final-logo.png\",\"width\":250,\"height\":48,\"caption\":\"Chemgramx\"},\"image\":{\"@id\":\"https:\\\/\\\/chemgramx.com\\\/#\\\/schema\\\/logo\\\/image\\\/\"}}]}<\/script>\n<!-- \/ Yoast SEO plugin. -->","yoast_head_json":{"title":"Acquista 4-FMC - Alta qualit\u00e0, puro","description":"Ordina 4-FMC online su Chemgramx. Ricevi 4-FMC della massima purezza e qualit\u00e0 da laboratorio. Transazione sicura.","robots":{"index":"index","follow":"follow","max-snippet":"max-snippet:-1","max-image-preview":"max-image-preview:large","max-video-preview":"max-video-preview:-1"},"canonical":"https:\/\/chemgramx.com\/it\/prodotto-1\/4-fmc-ordine-online\/","og_locale":"it_IT","og_type":"article","og_title":"4-FMC Kaufen - Hochwertig, Rein","og_description":"Bestellen Sie 4-FMC online bei Chemgramx. Erhalten Sie 4-FMC in h\u00f6chster Reinheit und Laborqualit\u00e4t. Sichere Transaktion.","og_url":"https:\/\/chemgramx.com\/it\/prodotto-1\/4-fmc-ordine-online\/","og_site_name":"Chemgramx","article_modified_time":"2025-12-09T09:54:27+00:00","og_image":[{"width":600,"height":400,"url":"https:\/\/chemgramx.com\/wp-content\/uploads\/2025\/11\/4fmc.png","type":"image\/png"}],"twitter_card":"summary_large_image","twitter_misc":{"Tempo di lettura stimato":"3 minuti"},"schema":{"@context":"https:\/\/schema.org","@graph":[{"@type":"WebPage","@id":"https:\/\/chemgramx.com\/product\/4-fmc-bestellung-online\/","url":"https:\/\/chemgramx.com\/product\/4-fmc-bestellung-online\/","name":"Acquista 4-FMC - Alta qualit\u00e0, puro","isPartOf":{"@id":"https:\/\/chemgramx.com\/#website"},"primaryImageOfPage":{"@id":"https:\/\/chemgramx.com\/product\/4-fmc-bestellung-online\/#primaryimage"},"image":{"@id":"https:\/\/chemgramx.com\/product\/4-fmc-bestellung-online\/#primaryimage"},"thumbnailUrl":"https:\/\/chemgramx.com\/wp-content\/uploads\/2025\/11\/4fmc.png","datePublished":"2025-11-21T18:18:31+00:00","dateModified":"2025-12-09T09:54:27+00:00","description":"Ordina 4-FMC online su Chemgramx. Ricevi 4-FMC della massima purezza e qualit\u00e0 da laboratorio. Transazione sicura.","breadcrumb":{"@id":"https:\/\/chemgramx.com\/product\/4-fmc-bestellung-online\/#breadcrumb"},"inLanguage":"it-IT","potentialAction":[{"@type":"ReadAction","target":["https:\/\/chemgramx.com\/product\/4-fmc-bestellung-online\/"]}]},{"@type":"ImageObject","inLanguage":"it-IT","@id":"https:\/\/chemgramx.com\/product\/4-fmc-bestellung-online\/#primaryimage","url":"https:\/\/chemgramx.com\/wp-content\/uploads\/2025\/11\/4fmc.png","contentUrl":"https:\/\/chemgramx.com\/wp-content\/uploads\/2025\/11\/4fmc.png","width":600,"height":400},{"@type":"BreadcrumbList","@id":"https:\/\/chemgramx.com\/product\/4-fmc-bestellung-online\/#breadcrumb","itemListElement":[{"@type":"ListItem","position":1,"name":"Home","item":"https:\/\/chemgramx.com\/"},{"@type":"ListItem","position":2,"name":"Shop","item":"https:\/\/chemgramx.com\/shop\/"},{"@type":"ListItem","position":3,"name":"4-FMC Kaufen &#8211; Hochwertig, Rein"}]},{"@type":"WebSite","@id":"https:\/\/chemgramx.com\/#website","url":"https:\/\/chemgramx.com\/","name":"Chemgramx","description":"","publisher":{"@id":"https:\/\/chemgramx.com\/#organization"},"potentialAction":[{"@type":"SearchAction","target":{"@type":"EntryPoint","urlTemplate":"https:\/\/chemgramx.com\/?s={search_term_string}"},"query-input":{"@type":"PropertyValueSpecification","valueRequired":true,"valueName":"search_term_string"}}],"inLanguage":"it-IT"},{"@type":"Organization","@id":"https:\/\/chemgramx.com\/#organization","name":"Chemgramx","url":"https:\/\/chemgramx.com\/","logo":{"@type":"ImageObject","inLanguage":"it-IT","@id":"https:\/\/chemgramx.com\/#\/schema\/logo\/image\/","url":"https:\/\/chemgramx.com\/wp-content\/uploads\/2024\/10\/final-logo.png","contentUrl":"https:\/\/chemgramx.com\/wp-content\/uploads\/2024\/10\/final-logo.png","width":250,"height":48,"caption":"Chemgramx"},"image":{"@id":"https:\/\/chemgramx.com\/#\/schema\/logo\/image\/"}}]}},"_links":{"self":[{"href":"https:\/\/chemgramx.com\/it\/wp-json\/wp\/v2\/product\/8397","targetHints":{"allow":["GET"]}}],"collection":[{"href":"https:\/\/chemgramx.com\/it\/wp-json\/wp\/v2\/product"}],"about":[{"href":"https:\/\/chemgramx.com\/it\/wp-json\/wp\/v2\/types\/product"}],"replies":[{"embeddable":true,"href":"https:\/\/chemgramx.com\/it\/wp-json\/wp\/v2\/comments?post=8397"}],"wp:featuredmedia":[{"embeddable":true,"href":"https:\/\/chemgramx.com\/it\/wp-json\/wp\/v2\/media\/8442"}],"wp:attachment":[{"href":"https:\/\/chemgramx.com\/it\/wp-json\/wp\/v2\/media?parent=8397"}],"wp:term":[{"taxonomy":"product_brand","embeddable":true,"href":"https:\/\/chemgramx.com\/it\/wp-json\/wp\/v2\/product_brand?post=8397"},{"taxonomy":"product_cat","embeddable":true,"href":"https:\/\/chemgramx.com\/it\/wp-json\/wp\/v2\/product_cat?post=8397"},{"taxonomy":"product_tag","embeddable":true,"href":"https:\/\/chemgramx.com\/it\/wp-json\/wp\/v2\/product_tag?post=8397"}],"curies":[{"name":"wp","href":"https:\/\/api.w.org\/{rel}","templated":true}]}}