{"id":8399,"date":"2025-11-21T18:18:31","date_gmt":"2025-11-21T18:18:31","guid":{"rendered":"https:\/\/chemgramx.com\/?post_type=product&#038;p=8399"},"modified":"2025-12-09T09:55:20","modified_gmt":"2025-12-09T09:55:20","slug":"4-comprare-mpd-online","status":"publish","type":"product","link":"https:\/\/chemgramx.com\/it\/product\/4-mpd-online-kaufen\/","title":{"rendered":"Acquista 4-MPD \u2013 Alta purezza, in vendita"},"content":{"rendered":"<h2>Scoprite la ricerca all'avanguardia con il 4-MPD di Chemgramx<\/h2>\n<p>Chemgramx \u00e8 lieta di presentare <b>4-MPD<\/b>, una connessione sviluppata per ambienti di ricerca e analisi scientifiche impegnative. Se <b>4-MPD in vendita<\/b> siete nel posto giusto, perch\u00e9 vi offriamo un prodotto della massima purezza e consistenza. Il nostro impegno per l'eccellenza garantisce che ogni grammo <b>4-MPD<\/b> soddisfa i pi\u00f9 severi standard di qualit\u00e0. Scoprite le possibilit\u00e0 offerte dall'uso di <b>Qualit\u00e0 superiore 4-MPD<\/b> nei vostri progetti. La disponibilit\u00e0 di <b>Il miglior 4-MPD disponibile<\/b> ci rende il vostro partner ideale per le scoperte scientifiche. Siamo consapevoli dell'importanza di ottenere risultati accurati e per questo diamo priorit\u00e0 alla qualit\u00e0 dei nostri prodotti chimici.<\/p>\n<p>Il nostro obiettivo \u00e8 fornire a ricercatori e scienziati di tutto il mondo l'accesso a reagenti chimici di prima qualit\u00e0. \u00c8 quindi importante che <b>autentico 4-MPD<\/b> per garantire l'integrit\u00e0 degli esperimenti. Il <b>Ordina 4-MPD online<\/b> attraverso la nostra piattaforma \u00e8 un processo semplice ed efficiente. Abbiamo ottimizzato l'esperienza dell'utente per assicurarvi di ottenere i materiali di cui avete bisogno in modo rapido e semplice. Affidatevi a Chemgramx per le vostre esigenze di ricerca. Il continuo progresso della conoscenza scientifica dipende dalla disponibilit\u00e0 di sostanze affidabili e di elevata purezza.<\/p>\n<h2>L'importanza della purezza e della qualit\u00e0 nei prodotti chimici<\/h2>\n<p>Nel mondo della ricerca e dello sviluppo, la purezza di un composto chimico \u00e8 di estrema importanza. Anche le pi\u00f9 piccole impurit\u00e0 possono distorcere i risultati degli esperimenti e portare a interpretazioni errate. Per questo motivo, Chemgramx si dedica alla fornitura di prodotti chimici che sono <b>Alta purezza in vendita<\/b> etichettatura. I nostri processi di controllo della qualit\u00e0 sono rigorosi e prevedono pi\u00f9 fasi per assicurare che ogni lotto sia <b>4-MPD<\/b> soddisfa i nostri standard elevati. Se tenete a risultati precisi e riproducibili, la scelta di una fonte affidabile \u00e8 essenziale.<\/p>\n<p>La selezione di sostanze chimiche per scopi scientifici richiede attenzione e conoscenza. Ci assicuriamo che i nostri <b>4-MPD<\/b> non solo \u00e8 puro, ma soddisfa anche le specifiche per l'uso nei laboratori pi\u00f9 esigenti. Il nostro impegno \u00e8 quindi quello di offrirvi <b>Ricerca di grado in vendita<\/b> prodotti che supportano i vostri obiettivi di ricerca. Il <b>il miglior 4-MPD disponibile<\/b> si trovano proprio qui a Chemgramx, e ci impegniamo a superare le vostre aspettative. L'integrit\u00e0 del vostro lavoro scientifico inizia con la qualit\u00e0 dei materiali che utilizzate.<\/p>\n<h2>Perch\u00e9 Chemgramx \u00e8 la scelta preferita per la 4-MPD<\/h2>\n<p>In Chemgramx siamo consapevoli del ruolo critico che i prodotti chimici di alta qualit\u00e0 svolgono nella comunit\u00e0 scientifica. Ecco perch\u00e9 ci impegniamo a fornirvi non solo prodotti, ma anche fiducia e affidabilit\u00e0. Quando <b>4-MPD<\/b> potete essere certi che <b>autentico 4-MPD<\/b> di altissima qualit\u00e0. La nostra esperienza nella sintesi e nell'analisi chimica ci permette di offrire prodotti che soddisfano gli standard pi\u00f9 elevati. Inoltre, la possibilit\u00e0, <b>Ordina 4-MPD online<\/b> con noi, a riprova del nostro approccio incentrato sul cliente. Vogliamo che la vostra esperienza di acquisto sia la pi\u00f9 fluida ed efficiente possibile.<\/p>\n<p>Trovare prodotti chimici specifici per la ricerca pu\u00f2 essere una sfida. Tuttavia, Chemgramx semplifica questo processo fornendo un'ampia gamma di prodotti, tra cui <b>4-MPD<\/b>, accessibile. Siamo orgogliosi di essere una fonte affidabile per <b>Qualit\u00e0 superiore 4-MPD<\/b> di essere riconosciuti. La possibilit\u00e0, <b>Comprare 4-MPD In vendita<\/b> acquistare da noi significa scegliere la qualit\u00e0 e l'integrit\u00e0 scientifica. La nostra attenta manipolazione e lavorazione garantisce che i prodotti vi arrivino nelle migliori condizioni possibili. Per saperne di pi\u00f9 sui nostri standard di qualit\u00e0, consultate il nostro sito <a href=\"https:\/\/chemgramx.com\/product\/3-meo-pcp-3-methoxyphencyclidin-online-kaufen\/\">Pagine di dettaglio sui prodotti chimici<\/a>.<\/p>\n<h2>Applicazioni e valore scientifico della 4-MPD<\/h2>\n<p><b>4-MPD<\/b> \u00e8 un composto che riveste interesse in diversi campi di ricerca. La sua struttura chimica unica consente di studiare nuove interazioni molecolari e profili farmacologici. Gli scienziati utilizzano questi composti per esplorare questioni fondamentali della chimica e della biologia. La disponibilit\u00e0 di <b>4-MPD in vendita<\/b> di Chemgramx offre ai ricercatori l'opportunit\u00e0 di utilizzare questa affascinante sostanza nei loro studi. Per noi \u00e8 importante che i nostri clienti <b>il miglior 4-MPD disponibile<\/b> per massimizzare i risultati delle loro ricerche. La comunit\u00e0 scientifica trae vantaggio dalla fornitura di queste sostanze chimiche specializzate.<\/p>\n<p>La sintesi precisa del 4-MPD richiede tecniche chimiche avanzate e un rigoroso controllo di qualit\u00e0. Chemgramx investe continuamente in tecnologia e competenza per garantire che i nostri prodotti soddisfino le esigenze della ricerca moderna. Se <b>Ricerca di grado in vendita<\/b> sostanze, Chemgramx \u00e8 il vostro primo punto di riferimento. Con la possibilit\u00e0 di, <b>Ordina 4-MPD online<\/b>, Sosteniamo i ricercatori nel portare avanti i loro progetti senza compromettere la qualit\u00e0. Il nostro impegno per l'eccellenza \u00e8 costante.<\/p>\n<h2>Approvvigionamento sicuro e affidabile di prodotti chimici per la ricerca<\/h2>\n<p>In Chemgramx, la sicurezza e la soddisfazione dei nostri clienti sono la nostra massima priorit\u00e0. Siamo consapevoli che l'approvvigionamento di prodotti chimici per la ricerca richiede fiducia. Per questo motivo garantiamo un <b>Acquisto sicuro<\/b> processo, se si <b>4-MPD<\/b> o altri prodotti da noi. La nostra piattaforma \u00e8 stata progettata per essere facile da usare e sicura, in modo che possiate concentrarvi sulla vostra ricerca invece di preoccuparvi del processo di approvvigionamento. La disponibilit\u00e0 di <b>Alta purezza in vendita<\/b> I materiali sono il fulcro della nostra offerta.<\/p>\n<p>L'accurata manipolazione e lavorazione dei nostri prodotti \u00e8 fondamentale. Ci assicuriamo che ogni ordine venga elaborato con la massima cura per preservare l'integrit\u00e0 dei prodotti chimici. Quando <b>autentico 4-MPD<\/b> siete nel posto giusto: Chemgramx. La nostra esperienza nella gestione delle sostanze chimiche garantisce che riceverete un prodotto che soddisfa gli standard pi\u00f9 elevati. L'opportunit\u00e0, <b>Comprare 4-MPD In vendita<\/b> con fiducia \u00e8 una promessa che manteniamo in Chemgramx. Per saperne di pi\u00f9 sulla nostra gamma di prodotti <a href=\"https:\/\/chemgramx.com\/product\/4-mpd-online-kaufen\/\">4-MPD<\/a>.<\/p>\n<h2>Specifiche tecniche e garanzia di qualit\u00e0<\/h2>\n<p>Chemgramx si impegna a fornire una completa trasparenza sulla qualit\u00e0 dei propri prodotti. Ogni lotto dei nostri <b>4-MPD<\/b> \u00e8 sottoposto a test approfonditi per confermarne l'identit\u00e0 e la purezza. Offriamo <b>Grado da laboratorio in vendita<\/b> materiali adatti ad applicazioni analitiche complesse. Le specifiche tecniche sono documentate in dettaglio per garantire che il cliente sappia esattamente cosa sta ottenendo. L'opportunit\u00e0, <b>Ordina 4-MPD online<\/b> \u00e8 supportato dal nostro solido controllo di qualit\u00e0. Affidatevi a Chemgramx per le vostre esigenze di ricerca.<\/p>\n<p>I nostri processi di garanzia della qualit\u00e0 sono parte integrante della produzione. Utilizziamo metodi analitici all'avanguardia per determinare la composizione e la purezza dei prodotti. <b>4-MPD<\/b> da controllare. In questo modo si garantisce che <b>Qualit\u00e0 superiore 4-MPD<\/b> che soddisfa le vostre aspettative. Il monitoraggio e il miglioramento continuo dei nostri processi sono fondamentali per mantenere la nostra reputazione di eccellenza. Il <b>il miglior 4-MPD disponibile<\/b> con noi \u00e8 una certezza. Visitate anche la nostra pagina su <a href=\"https:\/\/chemgramx.com\/product\/3-meo-pcp-3-methoxyphencyclidin-online-kaufen\/\">altri composti correlati<\/a> per ulteriori opzioni.<\/p>\n<h2>Il vostro partner per l'innovazione scientifica<\/h2>\n<p>Il progresso scientifico dipende dalla disponibilit\u00e0 di eccellenti materiali di ricerca. Chemgramx comprende questa esigenza e si \u00e8 posta come missione quella di fornire ai ricercatori di tutto il mondo prodotti chimici di prima qualit\u00e0. Se <b>4-MPD in vendita<\/b> potete contare su di noi per la fornitura di prodotti che soddisfano gli standard pi\u00f9 elevati. L'opportunit\u00e0, <b>Comprare 4-MPD In vendita<\/b> online rende pi\u00f9 facile che mai l'accesso a questi importanti strumenti di ricerca. Siamo orgogliosi di essere parte integrante dell'ecosistema scientifico.<\/p>\n<p>Vi invitiamo a scoprire i vantaggi di lavorare con Chemgramx. Il nostro impegno per la qualit\u00e0, la purezza e la soddisfazione del cliente \u00e8 incrollabile. Se siete interessati a <b>autentico 4-MPD<\/b> si opta per l'affidabilit\u00e0 dei risultati della ricerca. Il <b>il miglior 4-MPD disponibile<\/b> e ci impegneremo a superare le vostre aspettative. Il vostro successo \u00e8 il nostro motore e non vediamo l'ora di sostenervi nelle vostre imprese scientifiche. Cogliete l'opportunit\u00e0, <b>Ordina 4-MPD online<\/b> e scoprite la differenza.<\/p>\n<h2>Riassunto dei vantaggi del prodotto<\/h2>\n<p>Chemgramx offre <b>4-MPD<\/b> della massima purezza per le applicazioni di ricerca pi\u00f9 esigenti. Ci assicuriamo che <b>Qualit\u00e0 superiore 4-MPD<\/b> che \u00e8 sottoposto a rigorosi controlli di qualit\u00e0. L'opzione semplice, <b>Ordina 4-MPD online<\/b> ci rende il vostro fornitore preferito. Potete essere certi di <b>autentico 4-MPD<\/b> da un fornitore affidabile. Inoltre, la disponibilit\u00e0 di <b>Alta purezza in vendita<\/b> un segno distintivo dei nostri servizi. Siamo il vostro partner affidabile per l'eccellenza scientifica e vi offriamo la <b>il miglior 4-MPD disponibile<\/b> per i vostri progetti.<\/p>\n<p>Scegliere Chemgramx significa scegliere la qualit\u00e0 e la precisione. Ci impegniamo a soddisfare le esigenze della comunit\u00e0 scientifica fornendo l'accesso a prodotti chimici per la ricerca di livello mondiale. Se <b>4-MPD in vendita<\/b> siete nel posto giusto. La nostra esperienza e il nostro impegno per la qualit\u00e0 ci rendono la scelta ideale per tutte le vostre esigenze di ricerca. L'opportunit\u00e0, <b>Comprare 4-MPD In vendita<\/b> attraverso la nostra piattaforma sicura, sottolinea il nostro impegno per la vostra soddisfazione. Affidatevi a Chemgramx per le vostre scoperte scientifiche.<\/p>","protected":false},"excerpt":{"rendered":"<p>Alta purezza <b>4-MPD<\/b> per scopi di ricerca impegnativi. Ricevere <b>Ricerca di grado in vendita<\/b> Qualit\u00e0 e <b>autentico 4-MPD<\/b> direttamente da Chemgramx. Ordinate subito online per i vostri progetti scientifici.<\/p>","protected":false},"featured_media":8444,"comment_status":"open","ping_status":"closed","template":"","meta":{"_joinchat":[]},"product_brand":[],"product_cat":[48],"product_tag":[2442,2448,2447,2443,2449,2446,2444,2445,2450,2182],"class_list":{"0":"post-8399","1":"product","2":"type-product","3":"status-publish","4":"has-post-thumbnail","6":"product_cat-stimulants","7":"product_tag-4-mpd","8":"product_tag-4-mpd-chemikalien","9":"product_tag-4-mpd-forschung","10":"product_tag-4-mpd-kaufen","11":"product_tag-4-mpd-kaufen-online","12":"product_tag-4-mpd-kristalle","13":"product_tag-4-mpd-online","14":"product_tag-4-mpd-pulver","15":"product_tag-forschung-4-mpd","16":"product_tag-synthetische-chemikalien","18":"first","19":"instock","20":"shipping-taxable","21":"purchasable","22":"product-type-variable"},"yoast_head":"<!-- This site is optimized with the Yoast SEO plugin v27.5 - https:\/\/yoast.com\/product\/yoast-seo-wordpress\/ -->\n<title>4-MPD Kaufen - Hochrein, For Sale<\/title>\n<meta name=\"description\" content=\"Erhalten Sie authentisches 4-MPD in Top-Qualit\u00e4t. Bestellen Sie Ihr 4-MPD online bei Chemgramx. Sichere und zuverl\u00e4ssige Beschaffung f\u00fcr Ihre Forschung.\" \/>\n<meta name=\"robots\" content=\"index, follow, max-snippet:-1, max-image-preview:large, max-video-preview:-1\" \/>\n<link rel=\"canonical\" href=\"https:\/\/chemgramx.com\/it\/prodotto-1\/4-comprare-mpd-online\/\" \/>\n<meta property=\"og:locale\" content=\"it_IT\" \/>\n<meta property=\"og:type\" content=\"article\" \/>\n<meta property=\"og:title\" content=\"4-MPD Kaufen - Hochrein, For Sale\" \/>\n<meta property=\"og:description\" content=\"Erhalten Sie authentisches 4-MPD in Top-Qualit\u00e4t. Bestellen Sie Ihr 4-MPD online bei Chemgramx. Sichere und zuverl\u00e4ssige Beschaffung f\u00fcr Ihre Forschung.\" \/>\n<meta property=\"og:url\" content=\"https:\/\/chemgramx.com\/it\/prodotto-1\/4-comprare-mpd-online\/\" \/>\n<meta property=\"og:site_name\" content=\"Chemgramx\" \/>\n<meta property=\"article:modified_time\" content=\"2025-12-09T09:55:20+00:00\" \/>\n<meta property=\"og:image\" content=\"https:\/\/chemgramx.com\/wp-content\/uploads\/2025\/11\/4-mpd.png\" \/>\n\t<meta property=\"og:image:width\" content=\"600\" \/>\n\t<meta property=\"og:image:height\" content=\"400\" \/>\n\t<meta property=\"og:image:type\" content=\"image\/png\" \/>\n<meta name=\"twitter:card\" content=\"summary_large_image\" \/>\n<meta name=\"twitter:label1\" content=\"Tempo di lettura stimato\" \/>\n\t<meta name=\"twitter:data1\" content=\"4 minuti\" \/>\n<script type=\"application\/ld+json\" class=\"yoast-schema-graph\">{\"@context\":\"https:\\\/\\\/schema.org\",\"@graph\":[{\"@type\":\"WebPage\",\"@id\":\"https:\\\/\\\/chemgramx.com\\\/product\\\/4-mpd-online-kaufen\\\/\",\"url\":\"https:\\\/\\\/chemgramx.com\\\/product\\\/4-mpd-online-kaufen\\\/\",\"name\":\"4-MPD Kaufen - Hochrein, For Sale\",\"isPartOf\":{\"@id\":\"https:\\\/\\\/chemgramx.com\\\/#website\"},\"primaryImageOfPage\":{\"@id\":\"https:\\\/\\\/chemgramx.com\\\/product\\\/4-mpd-online-kaufen\\\/#primaryimage\"},\"image\":{\"@id\":\"https:\\\/\\\/chemgramx.com\\\/product\\\/4-mpd-online-kaufen\\\/#primaryimage\"},\"thumbnailUrl\":\"https:\\\/\\\/chemgramx.com\\\/wp-content\\\/uploads\\\/2025\\\/11\\\/4-mpd.png\",\"datePublished\":\"2025-11-21T18:18:31+00:00\",\"dateModified\":\"2025-12-09T09:55:20+00:00\",\"description\":\"Erhalten Sie authentisches 4-MPD in Top-Qualit\u00e4t. Bestellen Sie Ihr 4-MPD online bei Chemgramx. Sichere und zuverl\u00e4ssige Beschaffung f\u00fcr Ihre Forschung.\",\"breadcrumb\":{\"@id\":\"https:\\\/\\\/chemgramx.com\\\/product\\\/4-mpd-online-kaufen\\\/#breadcrumb\"},\"inLanguage\":\"it-IT\",\"potentialAction\":[{\"@type\":\"ReadAction\",\"target\":[\"https:\\\/\\\/chemgramx.com\\\/product\\\/4-mpd-online-kaufen\\\/\"]}]},{\"@type\":\"ImageObject\",\"inLanguage\":\"it-IT\",\"@id\":\"https:\\\/\\\/chemgramx.com\\\/product\\\/4-mpd-online-kaufen\\\/#primaryimage\",\"url\":\"https:\\\/\\\/chemgramx.com\\\/wp-content\\\/uploads\\\/2025\\\/11\\\/4-mpd.png\",\"contentUrl\":\"https:\\\/\\\/chemgramx.com\\\/wp-content\\\/uploads\\\/2025\\\/11\\\/4-mpd.png\",\"width\":600,\"height\":400},{\"@type\":\"BreadcrumbList\",\"@id\":\"https:\\\/\\\/chemgramx.com\\\/product\\\/4-mpd-online-kaufen\\\/#breadcrumb\",\"itemListElement\":[{\"@type\":\"ListItem\",\"position\":1,\"name\":\"Home\",\"item\":\"https:\\\/\\\/chemgramx.com\\\/\"},{\"@type\":\"ListItem\",\"position\":2,\"name\":\"Shop\",\"item\":\"https:\\\/\\\/chemgramx.com\\\/shop\\\/\"},{\"@type\":\"ListItem\",\"position\":3,\"name\":\"4-MPD Kaufen &#8211; Hochrein, For Sale\"}]},{\"@type\":\"WebSite\",\"@id\":\"https:\\\/\\\/chemgramx.com\\\/#website\",\"url\":\"https:\\\/\\\/chemgramx.com\\\/\",\"name\":\"Chemgramx\",\"description\":\"\",\"publisher\":{\"@id\":\"https:\\\/\\\/chemgramx.com\\\/#organization\"},\"potentialAction\":[{\"@type\":\"SearchAction\",\"target\":{\"@type\":\"EntryPoint\",\"urlTemplate\":\"https:\\\/\\\/chemgramx.com\\\/?s={search_term_string}\"},\"query-input\":{\"@type\":\"PropertyValueSpecification\",\"valueRequired\":true,\"valueName\":\"search_term_string\"}}],\"inLanguage\":\"it-IT\"},{\"@type\":\"Organization\",\"@id\":\"https:\\\/\\\/chemgramx.com\\\/#organization\",\"name\":\"Chemgramx\",\"url\":\"https:\\\/\\\/chemgramx.com\\\/\",\"logo\":{\"@type\":\"ImageObject\",\"inLanguage\":\"it-IT\",\"@id\":\"https:\\\/\\\/chemgramx.com\\\/#\\\/schema\\\/logo\\\/image\\\/\",\"url\":\"https:\\\/\\\/chemgramx.com\\\/wp-content\\\/uploads\\\/2024\\\/10\\\/final-logo.png\",\"contentUrl\":\"https:\\\/\\\/chemgramx.com\\\/wp-content\\\/uploads\\\/2024\\\/10\\\/final-logo.png\",\"width\":250,\"height\":48,\"caption\":\"Chemgramx\"},\"image\":{\"@id\":\"https:\\\/\\\/chemgramx.com\\\/#\\\/schema\\\/logo\\\/image\\\/\"}}]}<\/script>\n<!-- \/ Yoast SEO plugin. -->","yoast_head_json":{"title":"Acquista 4-MPD - Alta purezza, in vendita","description":"Ottenete l'autentico 4-MPD in alta qualit\u00e0. Ordinate il vostro 4-MPD online su Chemgramx, fonte sicura e affidabile per la vostra ricerca.","robots":{"index":"index","follow":"follow","max-snippet":"max-snippet:-1","max-image-preview":"max-image-preview:large","max-video-preview":"max-video-preview:-1"},"canonical":"https:\/\/chemgramx.com\/it\/prodotto-1\/4-comprare-mpd-online\/","og_locale":"it_IT","og_type":"article","og_title":"4-MPD Kaufen - Hochrein, For Sale","og_description":"Erhalten Sie authentisches 4-MPD in Top-Qualit\u00e4t. Bestellen Sie Ihr 4-MPD online bei Chemgramx. Sichere und zuverl\u00e4ssige Beschaffung f\u00fcr Ihre Forschung.","og_url":"https:\/\/chemgramx.com\/it\/prodotto-1\/4-comprare-mpd-online\/","og_site_name":"Chemgramx","article_modified_time":"2025-12-09T09:55:20+00:00","og_image":[{"width":600,"height":400,"url":"https:\/\/chemgramx.com\/wp-content\/uploads\/2025\/11\/4-mpd.png","type":"image\/png"}],"twitter_card":"summary_large_image","twitter_misc":{"Tempo di lettura stimato":"4 minuti"},"schema":{"@context":"https:\/\/schema.org","@graph":[{"@type":"WebPage","@id":"https:\/\/chemgramx.com\/product\/4-mpd-online-kaufen\/","url":"https:\/\/chemgramx.com\/product\/4-mpd-online-kaufen\/","name":"Acquista 4-MPD - Alta purezza, in vendita","isPartOf":{"@id":"https:\/\/chemgramx.com\/#website"},"primaryImageOfPage":{"@id":"https:\/\/chemgramx.com\/product\/4-mpd-online-kaufen\/#primaryimage"},"image":{"@id":"https:\/\/chemgramx.com\/product\/4-mpd-online-kaufen\/#primaryimage"},"thumbnailUrl":"https:\/\/chemgramx.com\/wp-content\/uploads\/2025\/11\/4-mpd.png","datePublished":"2025-11-21T18:18:31+00:00","dateModified":"2025-12-09T09:55:20+00:00","description":"Ottenete l'autentico 4-MPD in alta qualit\u00e0. Ordinate il vostro 4-MPD online su Chemgramx, fonte sicura e affidabile per la vostra ricerca.","breadcrumb":{"@id":"https:\/\/chemgramx.com\/product\/4-mpd-online-kaufen\/#breadcrumb"},"inLanguage":"it-IT","potentialAction":[{"@type":"ReadAction","target":["https:\/\/chemgramx.com\/product\/4-mpd-online-kaufen\/"]}]},{"@type":"ImageObject","inLanguage":"it-IT","@id":"https:\/\/chemgramx.com\/product\/4-mpd-online-kaufen\/#primaryimage","url":"https:\/\/chemgramx.com\/wp-content\/uploads\/2025\/11\/4-mpd.png","contentUrl":"https:\/\/chemgramx.com\/wp-content\/uploads\/2025\/11\/4-mpd.png","width":600,"height":400},{"@type":"BreadcrumbList","@id":"https:\/\/chemgramx.com\/product\/4-mpd-online-kaufen\/#breadcrumb","itemListElement":[{"@type":"ListItem","position":1,"name":"Home","item":"https:\/\/chemgramx.com\/"},{"@type":"ListItem","position":2,"name":"Shop","item":"https:\/\/chemgramx.com\/shop\/"},{"@type":"ListItem","position":3,"name":"4-MPD Kaufen &#8211; Hochrein, For Sale"}]},{"@type":"WebSite","@id":"https:\/\/chemgramx.com\/#website","url":"https:\/\/chemgramx.com\/","name":"Chemgramx","description":"","publisher":{"@id":"https:\/\/chemgramx.com\/#organization"},"potentialAction":[{"@type":"SearchAction","target":{"@type":"EntryPoint","urlTemplate":"https:\/\/chemgramx.com\/?s={search_term_string}"},"query-input":{"@type":"PropertyValueSpecification","valueRequired":true,"valueName":"search_term_string"}}],"inLanguage":"it-IT"},{"@type":"Organization","@id":"https:\/\/chemgramx.com\/#organization","name":"Chemgramx","url":"https:\/\/chemgramx.com\/","logo":{"@type":"ImageObject","inLanguage":"it-IT","@id":"https:\/\/chemgramx.com\/#\/schema\/logo\/image\/","url":"https:\/\/chemgramx.com\/wp-content\/uploads\/2024\/10\/final-logo.png","contentUrl":"https:\/\/chemgramx.com\/wp-content\/uploads\/2024\/10\/final-logo.png","width":250,"height":48,"caption":"Chemgramx"},"image":{"@id":"https:\/\/chemgramx.com\/#\/schema\/logo\/image\/"}}]}},"_links":{"self":[{"href":"https:\/\/chemgramx.com\/it\/wp-json\/wp\/v2\/product\/8399","targetHints":{"allow":["GET"]}}],"collection":[{"href":"https:\/\/chemgramx.com\/it\/wp-json\/wp\/v2\/product"}],"about":[{"href":"https:\/\/chemgramx.com\/it\/wp-json\/wp\/v2\/types\/product"}],"replies":[{"embeddable":true,"href":"https:\/\/chemgramx.com\/it\/wp-json\/wp\/v2\/comments?post=8399"}],"wp:featuredmedia":[{"embeddable":true,"href":"https:\/\/chemgramx.com\/it\/wp-json\/wp\/v2\/media\/8444"}],"wp:attachment":[{"href":"https:\/\/chemgramx.com\/it\/wp-json\/wp\/v2\/media?parent=8399"}],"wp:term":[{"taxonomy":"product_brand","embeddable":true,"href":"https:\/\/chemgramx.com\/it\/wp-json\/wp\/v2\/product_brand?post=8399"},{"taxonomy":"product_cat","embeddable":true,"href":"https:\/\/chemgramx.com\/it\/wp-json\/wp\/v2\/product_cat?post=8399"},{"taxonomy":"product_tag","embeddable":true,"href":"https:\/\/chemgramx.com\/it\/wp-json\/wp\/v2\/product_tag?post=8399"}],"curies":[{"name":"wp","href":"https:\/\/api.w.org\/{rel}","templated":true}]}}