{"id":8732,"date":"2025-12-11T00:49:43","date_gmt":"2025-12-11T00:49:43","guid":{"rendered":"https:\/\/chemgramx.com\/?post_type=product&#038;p=8732"},"modified":"2025-12-11T01:06:35","modified_gmt":"2025-12-11T01:06:35","slug":"acquista-2c-e-online","status":"publish","type":"product","link":"https:\/\/chemgramx.com\/it\/product\/2c-e-online-kaufen\/","title":{"rendered":"Acquistare 2C-E online"},"content":{"rendered":"<p>La classe di <b>2C-Fenetilammina<\/b>, la cui ricerca chimica \u00e8 stata promossa in modo determinante da Alexander Shulgin, rappresenta un campo fondamentale per lo studio della <b>neurofarmacologia serotoninergica<\/b> rappresentare. <b>2C-E<\/b> \u00e8 una sostanza chimica di ricerca sintetica che <b>esclusivamente<\/b> \u00e8 progettato per indagini analitiche e scientifiche in ambienti di laboratorio strettamente controllati. Grazie alle sue specifiche <b>Sostituzione dell'etile<\/b> e delle relative propriet\u00e0 farmacologiche, il 2C-E funge da sistema modello essenziale nella <b>Ricerca sui recettori<\/b>.<\/p>\n<p>Questa sostanza di elevata purezza \u00e8 <b>esclusivamente per studi analitici e scientifici<\/b> offerti. Sottolineiamo che il 2C-E, a causa della sua nota attivit\u00e0 farmacologica, <b>protocolli di sicurezza e legali pi\u00f9 rigorosi<\/b> \u00e8 soggetto a e <b>non destinato al consumo umano<\/b> \u00e8.<\/p>\n<h2>Profilo chimico, origine e rilevanza farmacologica<\/h2>\n<p>La comprensione della struttura chimica del 2C-E e dei suoi effetti sulla neurobiologia \u00e8 al centro della ricerca che utilizza questo materiale.<\/p>\n<h3>Origine e profilo chimico<\/h3>\n<p><b>2C-E<\/b> (Nome chimico completo: <b>2,5-dimetossi-4-etilfenetilamina<\/b>) appartiene alla classe di <b>Fenetilammine<\/b>. \u00c8 stato sintetizzato per la prima volta negli anni '90 da Alexander Shulgin ed \u00e8 una delle sostanze di riferimento pi\u00f9 importanti della famiglia 2C.<\/p>\n<p>La struttura molecolare \u00e8 definita da<\/p>\n<ul>\n<li><b>Dorso di fenetilammina:<\/b> \u00c8 alla base di molti neurotrasmettitori monoamminici.<\/li>\n<li><b>Sostituzione dimetossica:<\/b> Il <span class=\"math-inline\" data-math=\"mathbf{2,5}\">2,5<\/span>&#8211;<b>Gruppi dimetossi<\/b> sull'anello fenilico sono caratteristici della famiglia 2C e influenzano l'affinit\u00e0 con i recettori della serotonina.<\/li>\n<li><b>Sostituzione dell'etile:<\/b> Il <span class=\"math-inline\" data-math=\"mathbf{4}\">4<\/span>&#8211;<b>Gruppo etilico<\/b> sul ciclo fenilico \u00e8 la modifica specifica che distingue il 2C-E da sostanze correlate come il 2C-B o il 2C-I. Questa sostituzione influenza la lipofilia, la stabilit\u00e0 metabolica e le propriet\u00e0 farmacologiche risultanti.<\/li>\n<\/ul>\n<p>In ambito scientifico, il 2C-E viene utilizzato per ottenere la <b>Meccanismi delle sostanze psichedeliche<\/b> da esaminare, in particolare in relazione al <span class=\"math-inline\" data-math=\"mathbf{5-HT_{2A}}\">5-HT_2A<\/span>&#8211;<b>recettore<\/b>.<\/p>\n<h3>Modalit\u00e0 d'azione molecolare e applicazioni di ricerca<\/h3>\n<p>La rilevanza primaria della ricerca sul 2C-E risiede nella sua elevata affinit\u00e0 con il <span class=\"math-inline\" data-math=\"mathbf{5-HT_{2A}}\">5-HT_2A<\/span>-recettore.<\/p>\n<p><b>1. Ricerca nel campo della neurochimica e della psicofarmacologia:<\/b><\/p>\n<ul>\n<li><b>Legame con il recettore:<\/b> La sostanza viene utilizzata per analizzare il <b>attivit\u00e0 funzionale<\/b> e il <b>Cinetica di legame<\/b> ai recettori serotoninergici.<\/li>\n<li><b>Meccanismi d'azione:<\/b> Analisi dei meccanismi molecolari descritti nei rapporti di ricerca <b>effetti visivi e mentali potenti<\/b> sono la base.<\/li>\n<\/ul>\n<p><b>2. chimica forense e analitica:<\/b><\/p>\n<ul>\n<li><b>Standardizzazione analitica:<\/b> Il materiale serve come <b>standard analitico<\/b> per lo sviluppo e la convalida di metodi di rilevamento che utilizzino <b>HPLC<\/b> o <b>GC\/MS<\/b>, il che \u00e8 di fondamentale importanza per i laboratori forensi.<\/li>\n<li><b>Ricerche sui legami dei recettori serotoninergici:<\/b> Studi sull'affinit\u00e0 e la selettivit\u00e0 per comprendere il ruolo del residuo 4-etile nel contesto della <b>Relazioni struttura-attivit\u00e0 (SAR)<\/b> per chiarire.<\/li>\n<\/ul>\n<h2>Garanzia di qualit\u00e0 analitica e requisiti di laboratorio<\/h2>\n<p>L'integrit\u00e0 della ricerca richiede il massimo livello di purezza. <span class=\"math-inline\" data-math=\"mathbf{ge 98%}\">98%<\/span>\u00a0e la documentazione completa del materiale.<\/p>\n<h3>Caratteristiche qualitative del materiale di ricerca<\/h3>\n<ul>\n<li><b>Garanzia di purezza:<\/b> La purezza chimica della polvere 2C-E deve essere <span class=\"math-inline\" data-math=\"mathbf{ge 98%}\">98%<\/span>\u00a0e da <b>Analisi HPLC<\/b> essere confermata.<\/li>\n<li><b>Documentazione:<\/b> Ogni lotto \u00e8 etichettato con <b>certificati di analisi (CoA) completi<\/b> consegnato.<\/li>\n<li><b>Coerenza:<\/b> <b>Coerenza dei lotti<\/b> \u00e8 assolutamente necessario per garantire la riproducibilit\u00e0.<\/li>\n<\/ul>\n<h3>Requisiti di stoccaggio e sicurezza<\/h3>\n<p>La manipolazione di questo potente materiale richiede la stretta osservanza degli standard GLP.<\/p>\n<p><b>1. misure di sicurezza necessarie:<\/b><\/p>\n<ul>\n<li><b>Dispositivi di protezione individuale (DPI):<\/b> Sono obbligatori camici, guanti monouso e occhiali di sicurezza.<\/li>\n<li><b>Ventilazione:<\/b> La manipolazione della polvere richiede di lavorare sotto <a href=\"\/product\/columbia-kokainblocke\/\"><b>Cappa chimica<\/b><\/a>.<\/li>\n<\/ul>\n<p><b>2. conservazione ottimale:<\/b><\/p>\n<ul>\n<li><b>Temperatura:<\/b> Il materiale deve <b>fresco<\/b> (idealmente <span class=\"math-inline\" data-math=\"mathbf{-20^circ C}\">-20 \u00b0C<\/span>e <b>asciutto<\/b> essere memorizzati.<\/li>\n<li><b>Protezione dalla luce:<\/b> Stoccaggio in <b>contenitori scuri e opachi<\/b>, per evitare la decomposizione da parte della luce.<\/li>\n<\/ul>\n<h2>Quadro normativo e responsabilit\u00e0 etica<\/h2>\n<p>La legalit\u00e0 e i requisiti normativi relativi al 2C-E sono estremamente complessi e richiedono una rigorosa osservanza da parte degli istituti di ricerca.<\/p>\n<h3>Stato giuridico (a seconda della giurisdizione)<\/h3>\n<p>Lo status giuridico del 2C-E varia notevolmente a livello internazionale:<\/p>\n<ul>\n<li>In molti paesi \u00e8 <b>Vietato o regolamentato<\/b> (ad esempio, le leggi sugli stupefacenti).<\/li>\n<li><b>Obbligo obbligatorio:<\/b> Gli istituti di ricerca devono <b>prima di procedere all'acquisto, verificare le norme vigenti nelle rispettive giurisdizioni.<\/b>. L'acquirente \u00e8 l'unico responsabile della conformit\u00e0 alla legge.<\/li>\n<\/ul>\n<h3>Controllo degli acquisti e informazioni sugli ordini<\/h3>\n<p>L'acquisto di 2C-E \u00e8 strettamente limitato alla ricerca scientifica documentata.<\/p>\n<ul>\n<li><b>Accesso e possibilit\u00e0 di scelta:<\/b> I laboratori possono <b>confezioni di diverse dimensioni<\/b> acquistare \u2013 ideale per campioni analitici pi\u00f9 piccoli o progetti pi\u00f9 ampi.<\/li>\n<li><b>Requisiti per l'ordine:<\/b>\n<ul>\n<li>Certificato dell'istituto di ricerca.<\/li>\n<li>Descrizione scientifica del progetto di ricerca.<\/li>\n<\/ul>\n<\/li>\n<\/ul>\n<p><b>Nota importante:<\/b> Il 2C-E \u00e8 <b>esclusivamente per scopi di ricerca<\/b> e <b>non destinato al consumo umano<\/b>. Qualsiasi uso non autorizzato costituisce una grave violazione.<\/p>\n<h3 data-start=\"3239\" data-end=\"3249\">Conclusione<\/h3>\n<p data-start=\"3251\" data-end=\"3507\">Chiunque voglia acquistare 2C-E online pu\u00f2 contare su una qualit\u00e0 comprovata, un prezzo equo, un'ampia scelta e una spedizione sicura e discreta. 2C-E in vendita \u00e8 ideale per i ricercatori che cercano una sostanza affidabile e pura per scopi scientifici.<\/p>","protected":false},"excerpt":{"rendered":"<p style=\"text-align: center;\"><strong>2C-E<\/strong><\/p>\n<hr \/>\n<p>2C-C \u00e8 un prodotto chimico di sintesi per la ricerca scientifica. Questo prodotto \u00e8 noto per la sua purezza e stabilit\u00e0, che lo rendono ideale per studi farmacologici e analisi di laboratorio. Ogni lotto viene accuratamente testato per garantire risultati affidabili e coerenti. Solo per uso di laboratorio.<\/p>","protected":false},"featured_media":8754,"comment_status":"open","ping_status":"closed","template":"","meta":{"_joinchat":[]},"product_brand":[],"product_cat":[1795],"product_tag":[1872,1876,1272,1875,1290,1874,1873,188,1814,1841],"class_list":{"0":"post-8732","1":"product","2":"type-product","3":"status-publish","4":"has-post-thumbnail","6":"product_cat-2c-serie","7":"product_tag-2c-e","8":"product_tag-2c-e-chemikalien","9":"product_tag-2c-e-kaufen","10":"product_tag-2c-e-kristalle","11":"product_tag-2c-e-online","12":"product_tag-2c-e-pulver","13":"product_tag-2c-e-zum-verkauf","14":"product_tag-forschungschemikalien","15":"product_tag-forschungsstoffe-kaufen","16":"product_tag-synthetische-phenethylamine","18":"first","19":"instock","20":"shipping-taxable","21":"purchasable","22":"product-type-variable"},"yoast_head":"<!-- This site is optimized with the Yoast SEO plugin v27.5 - https:\/\/yoast.com\/product\/yoast-seo-wordpress\/ -->\n<title>2C-E online kaufen \u2013 2C-E zu verkaufen | chemgramx<\/title>\n<meta name=\"description\" content=\"Sie m\u00f6chten 2C-E online zu einem vern\u00fcnftigen Preis kaufen? Besuchen Sie unseren renommierten Online-Chemikalienshop und kaufen Sie 2C-E noch heute zum Verkauf. Bestellen Sie jetzt und erhalten Sie den besten Preis in unserem Shop.1\" \/>\n<meta name=\"robots\" content=\"index, follow, max-snippet:-1, max-image-preview:large, max-video-preview:-1\" \/>\n<link rel=\"canonical\" href=\"https:\/\/chemgramx.com\/it\/prodotto-1\/acquista-2c-e-online\/\" \/>\n<meta property=\"og:locale\" content=\"it_IT\" \/>\n<meta property=\"og:type\" content=\"article\" \/>\n<meta property=\"og:title\" content=\"2C-E online kaufen \u2013 2C-E zu verkaufen | chemgramx\" \/>\n<meta property=\"og:description\" content=\"Sie m\u00f6chten 2C-E online zu einem vern\u00fcnftigen Preis kaufen? Besuchen Sie unseren renommierten Online-Chemikalienshop und kaufen Sie 2C-E noch heute zum Verkauf. Bestellen Sie jetzt und erhalten Sie den besten Preis in unserem Shop.1\" \/>\n<meta property=\"og:url\" content=\"https:\/\/chemgramx.com\/it\/prodotto-1\/acquista-2c-e-online\/\" \/>\n<meta property=\"og:site_name\" content=\"Chemgramx\" \/>\n<meta property=\"article:modified_time\" content=\"2025-12-11T01:06:35+00:00\" \/>\n<meta property=\"og:image\" content=\"https:\/\/chemgramx.com\/wp-content\/uploads\/2025\/12\/2ce.jpg\" \/>\n\t<meta property=\"og:image:width\" content=\"600\" \/>\n\t<meta property=\"og:image:height\" content=\"400\" \/>\n\t<meta property=\"og:image:type\" content=\"image\/jpeg\" \/>\n<meta name=\"twitter:card\" content=\"summary_large_image\" \/>\n<meta name=\"twitter:label1\" content=\"Tempo di lettura stimato\" \/>\n\t<meta name=\"twitter:data1\" content=\"3 minuti\" \/>\n<script type=\"application\/ld+json\" class=\"yoast-schema-graph\">{\"@context\":\"https:\\\/\\\/schema.org\",\"@graph\":[{\"@type\":\"WebPage\",\"@id\":\"https:\\\/\\\/chemgramx.com\\\/product\\\/2c-e-online-kaufen\\\/\",\"url\":\"https:\\\/\\\/chemgramx.com\\\/product\\\/2c-e-online-kaufen\\\/\",\"name\":\"2C-E online kaufen \u2013 2C-E zu verkaufen | chemgramx\",\"isPartOf\":{\"@id\":\"https:\\\/\\\/chemgramx.com\\\/#website\"},\"primaryImageOfPage\":{\"@id\":\"https:\\\/\\\/chemgramx.com\\\/product\\\/2c-e-online-kaufen\\\/#primaryimage\"},\"image\":{\"@id\":\"https:\\\/\\\/chemgramx.com\\\/product\\\/2c-e-online-kaufen\\\/#primaryimage\"},\"thumbnailUrl\":\"https:\\\/\\\/chemgramx.com\\\/wp-content\\\/uploads\\\/2025\\\/12\\\/2ce.jpg\",\"datePublished\":\"2025-12-11T00:49:43+00:00\",\"dateModified\":\"2025-12-11T01:06:35+00:00\",\"description\":\"Sie m\u00f6chten 2C-E online zu einem vern\u00fcnftigen Preis kaufen? Besuchen Sie unseren renommierten Online-Chemikalienshop und kaufen Sie 2C-E noch heute zum Verkauf. Bestellen Sie jetzt und erhalten Sie den besten Preis in unserem Shop.1\",\"breadcrumb\":{\"@id\":\"https:\\\/\\\/chemgramx.com\\\/product\\\/2c-e-online-kaufen\\\/#breadcrumb\"},\"inLanguage\":\"it-IT\",\"potentialAction\":[{\"@type\":\"ReadAction\",\"target\":[\"https:\\\/\\\/chemgramx.com\\\/product\\\/2c-e-online-kaufen\\\/\"]}]},{\"@type\":\"ImageObject\",\"inLanguage\":\"it-IT\",\"@id\":\"https:\\\/\\\/chemgramx.com\\\/product\\\/2c-e-online-kaufen\\\/#primaryimage\",\"url\":\"https:\\\/\\\/chemgramx.com\\\/wp-content\\\/uploads\\\/2025\\\/12\\\/2ce.jpg\",\"contentUrl\":\"https:\\\/\\\/chemgramx.com\\\/wp-content\\\/uploads\\\/2025\\\/12\\\/2ce.jpg\",\"width\":600,\"height\":400},{\"@type\":\"BreadcrumbList\",\"@id\":\"https:\\\/\\\/chemgramx.com\\\/product\\\/2c-e-online-kaufen\\\/#breadcrumb\",\"itemListElement\":[{\"@type\":\"ListItem\",\"position\":1,\"name\":\"Home\",\"item\":\"https:\\\/\\\/chemgramx.com\\\/\"},{\"@type\":\"ListItem\",\"position\":2,\"name\":\"Shop\",\"item\":\"https:\\\/\\\/chemgramx.com\\\/shop\\\/\"},{\"@type\":\"ListItem\",\"position\":3,\"name\":\"2C-E Online kaufen\"}]},{\"@type\":\"WebSite\",\"@id\":\"https:\\\/\\\/chemgramx.com\\\/#website\",\"url\":\"https:\\\/\\\/chemgramx.com\\\/\",\"name\":\"Chemgramx\",\"description\":\"\",\"publisher\":{\"@id\":\"https:\\\/\\\/chemgramx.com\\\/#organization\"},\"potentialAction\":[{\"@type\":\"SearchAction\",\"target\":{\"@type\":\"EntryPoint\",\"urlTemplate\":\"https:\\\/\\\/chemgramx.com\\\/?s={search_term_string}\"},\"query-input\":{\"@type\":\"PropertyValueSpecification\",\"valueRequired\":true,\"valueName\":\"search_term_string\"}}],\"inLanguage\":\"it-IT\"},{\"@type\":\"Organization\",\"@id\":\"https:\\\/\\\/chemgramx.com\\\/#organization\",\"name\":\"Chemgramx\",\"url\":\"https:\\\/\\\/chemgramx.com\\\/\",\"logo\":{\"@type\":\"ImageObject\",\"inLanguage\":\"it-IT\",\"@id\":\"https:\\\/\\\/chemgramx.com\\\/#\\\/schema\\\/logo\\\/image\\\/\",\"url\":\"https:\\\/\\\/chemgramx.com\\\/wp-content\\\/uploads\\\/2024\\\/10\\\/final-logo.png\",\"contentUrl\":\"https:\\\/\\\/chemgramx.com\\\/wp-content\\\/uploads\\\/2024\\\/10\\\/final-logo.png\",\"width\":250,\"height\":48,\"caption\":\"Chemgramx\"},\"image\":{\"@id\":\"https:\\\/\\\/chemgramx.com\\\/#\\\/schema\\\/logo\\\/image\\\/\"}}]}<\/script>\n<!-- \/ Yoast SEO plugin. -->","yoast_head_json":{"title":"Acquista 2C-E online \u2013 2C-E in vendita | chemgramx","description":"Vuoi acquistare 2C-E online a un prezzo ragionevole? Visita il nostro rinomato negozio di prodotti chimici online e acquista 2C-E in offerta oggi stesso. Ordina subito e ottieni il miglior prezzo nel nostro negozio.","robots":{"index":"index","follow":"follow","max-snippet":"max-snippet:-1","max-image-preview":"max-image-preview:large","max-video-preview":"max-video-preview:-1"},"canonical":"https:\/\/chemgramx.com\/it\/prodotto-1\/acquista-2c-e-online\/","og_locale":"it_IT","og_type":"article","og_title":"2C-E online kaufen \u2013 2C-E zu verkaufen | chemgramx","og_description":"Sie m\u00f6chten 2C-E online zu einem vern\u00fcnftigen Preis kaufen? Besuchen Sie unseren renommierten Online-Chemikalienshop und kaufen Sie 2C-E noch heute zum Verkauf. Bestellen Sie jetzt und erhalten Sie den besten Preis in unserem Shop.1","og_url":"https:\/\/chemgramx.com\/it\/prodotto-1\/acquista-2c-e-online\/","og_site_name":"Chemgramx","article_modified_time":"2025-12-11T01:06:35+00:00","og_image":[{"width":600,"height":400,"url":"https:\/\/chemgramx.com\/wp-content\/uploads\/2025\/12\/2ce.jpg","type":"image\/jpeg"}],"twitter_card":"summary_large_image","twitter_misc":{"Tempo di lettura stimato":"3 minuti"},"schema":{"@context":"https:\/\/schema.org","@graph":[{"@type":"WebPage","@id":"https:\/\/chemgramx.com\/product\/2c-e-online-kaufen\/","url":"https:\/\/chemgramx.com\/product\/2c-e-online-kaufen\/","name":"Acquista 2C-E online \u2013 2C-E in vendita | chemgramx","isPartOf":{"@id":"https:\/\/chemgramx.com\/#website"},"primaryImageOfPage":{"@id":"https:\/\/chemgramx.com\/product\/2c-e-online-kaufen\/#primaryimage"},"image":{"@id":"https:\/\/chemgramx.com\/product\/2c-e-online-kaufen\/#primaryimage"},"thumbnailUrl":"https:\/\/chemgramx.com\/wp-content\/uploads\/2025\/12\/2ce.jpg","datePublished":"2025-12-11T00:49:43+00:00","dateModified":"2025-12-11T01:06:35+00:00","description":"Vuoi acquistare 2C-E online a un prezzo ragionevole? Visita il nostro rinomato negozio di prodotti chimici online e acquista 2C-E in offerta oggi stesso. Ordina subito e ottieni il miglior prezzo nel nostro negozio.","breadcrumb":{"@id":"https:\/\/chemgramx.com\/product\/2c-e-online-kaufen\/#breadcrumb"},"inLanguage":"it-IT","potentialAction":[{"@type":"ReadAction","target":["https:\/\/chemgramx.com\/product\/2c-e-online-kaufen\/"]}]},{"@type":"ImageObject","inLanguage":"it-IT","@id":"https:\/\/chemgramx.com\/product\/2c-e-online-kaufen\/#primaryimage","url":"https:\/\/chemgramx.com\/wp-content\/uploads\/2025\/12\/2ce.jpg","contentUrl":"https:\/\/chemgramx.com\/wp-content\/uploads\/2025\/12\/2ce.jpg","width":600,"height":400},{"@type":"BreadcrumbList","@id":"https:\/\/chemgramx.com\/product\/2c-e-online-kaufen\/#breadcrumb","itemListElement":[{"@type":"ListItem","position":1,"name":"Home","item":"https:\/\/chemgramx.com\/"},{"@type":"ListItem","position":2,"name":"Shop","item":"https:\/\/chemgramx.com\/shop\/"},{"@type":"ListItem","position":3,"name":"2C-E Online kaufen"}]},{"@type":"WebSite","@id":"https:\/\/chemgramx.com\/#website","url":"https:\/\/chemgramx.com\/","name":"Chemgramx","description":"","publisher":{"@id":"https:\/\/chemgramx.com\/#organization"},"potentialAction":[{"@type":"SearchAction","target":{"@type":"EntryPoint","urlTemplate":"https:\/\/chemgramx.com\/?s={search_term_string}"},"query-input":{"@type":"PropertyValueSpecification","valueRequired":true,"valueName":"search_term_string"}}],"inLanguage":"it-IT"},{"@type":"Organization","@id":"https:\/\/chemgramx.com\/#organization","name":"Chemgramx","url":"https:\/\/chemgramx.com\/","logo":{"@type":"ImageObject","inLanguage":"it-IT","@id":"https:\/\/chemgramx.com\/#\/schema\/logo\/image\/","url":"https:\/\/chemgramx.com\/wp-content\/uploads\/2024\/10\/final-logo.png","contentUrl":"https:\/\/chemgramx.com\/wp-content\/uploads\/2024\/10\/final-logo.png","width":250,"height":48,"caption":"Chemgramx"},"image":{"@id":"https:\/\/chemgramx.com\/#\/schema\/logo\/image\/"}}]}},"_links":{"self":[{"href":"https:\/\/chemgramx.com\/it\/wp-json\/wp\/v2\/product\/8732","targetHints":{"allow":["GET"]}}],"collection":[{"href":"https:\/\/chemgramx.com\/it\/wp-json\/wp\/v2\/product"}],"about":[{"href":"https:\/\/chemgramx.com\/it\/wp-json\/wp\/v2\/types\/product"}],"replies":[{"embeddable":true,"href":"https:\/\/chemgramx.com\/it\/wp-json\/wp\/v2\/comments?post=8732"}],"wp:featuredmedia":[{"embeddable":true,"href":"https:\/\/chemgramx.com\/it\/wp-json\/wp\/v2\/media\/8754"}],"wp:attachment":[{"href":"https:\/\/chemgramx.com\/it\/wp-json\/wp\/v2\/media?parent=8732"}],"wp:term":[{"taxonomy":"product_brand","embeddable":true,"href":"https:\/\/chemgramx.com\/it\/wp-json\/wp\/v2\/product_brand?post=8732"},{"taxonomy":"product_cat","embeddable":true,"href":"https:\/\/chemgramx.com\/it\/wp-json\/wp\/v2\/product_cat?post=8732"},{"taxonomy":"product_tag","embeddable":true,"href":"https:\/\/chemgramx.com\/it\/wp-json\/wp\/v2\/product_tag?post=8732"}],"curies":[{"name":"wp","href":"https:\/\/api.w.org\/{rel}","templated":true}]}}