{"id":8733,"date":"2025-12-11T00:49:46","date_gmt":"2025-12-11T00:49:46","guid":{"rendered":"https:\/\/chemgramx.com\/?post_type=product&#038;p=8733"},"modified":"2025-12-11T01:04:29","modified_gmt":"2025-12-11T01:04:29","slug":"1b-lsd-100mcg-ordine-online","status":"publish","type":"product","link":"https:\/\/chemgramx.com\/it\/product\/1b-lsd-100mcg-online-bestellung\/","title":{"rendered":"1B-LSD 100mcg Ordine online"},"content":{"rendered":"<p data-start=\"469\" data-end=\"1006\"><strong data-start=\"469\" data-end=\"487\">1B-LSD 100 mcg<\/strong> \u00e8 una moderna sostanza chimica di ricerca della famiglia delle lisergamidi che sta suscitando un crescente interesse nella comunit\u00e0 scientifica. Strutturalmente \u00e8 molto simile alla classica <strong data-start=\"670\" data-end=\"680\">LSD-25<\/strong> e fornisce ai ricercatori una base stabile per lo studio mirato della coscienza, della percezione e dei processi cognitivi. Con un dosaggio standardizzato di <strong data-start=\"842\" data-end=\"872\">100 microgrammi per unit\u00e0<\/strong> la sostanza pu\u00f2 essere utilizzata in modo estremamente controllato e riproducibile - un vantaggio decisivo per ottenere risultati di laboratorio precisi.<\/p>\n<p data-start=\"1008\" data-end=\"1410\">Inoltre, l'1B-LSD consente una manipolazione sicura in quanto chimicamente stabile e facile da conservare. I ricercatori dei settori della neurochimica, della psicologia e della farmacologia lo utilizzano per comprendere meglio i meccanismi neurobiologici degli stati psichedelici. Grazie alle sue affidabili propriet\u00e0 di dosaggio, il comportamento della sostanza pu\u00f2 essere analizzato metodicamente in diverse condizioni.<\/p>\n<h2 data-start=\"1417\" data-end=\"1449\">Che cos'\u00e8 1B-LSD 100 mcg?<\/h2>\n<p data-start=\"1451\" data-end=\"1732\"><strong data-start=\"1451\" data-end=\"1497\">1B-LSD (dietilamide dell'acido 1-butanoil-lisergico)<\/strong> \u00e8 un derivato dell'LSD-25 e agisce come un cosiddetto <strong data-start=\"1550\" data-end=\"1561\">Prodrug<\/strong>. Dopo l'ingestione, viene parzialmente convertita nell'organismo in LSD attivo. Questo produce effetti simili, ma con un carattere pi\u00f9 delicato e chiaro.<\/p>\n<p data-start=\"1734\" data-end=\"2069\">A differenza dell'LSD-25, gli utilizzatori riferiscono un'esperienza equilibrata e concentrata. Queste propriet\u00e0 rendono la 1B-LSD particolarmente interessante per gli studi incentrati sulla percezione, la creativit\u00e0 e il pensiero introspettivo. Il composto \u00e8 inoltre considerato pi\u00f9 stabile, il che ne facilita notevolmente lo stoccaggio e il trasporto.<\/p>\n<h2 data-start=\"2076\" data-end=\"2108\">Effetti e applicazione<\/h2>\n<p data-start=\"2110\" data-end=\"2339\">L'effetto di <strong data-start=\"2126\" data-end=\"2144\">1B-LSD 100 mcg<\/strong> pu\u00f2 variare a seconda della persona, della dose e dell'ambiente. In <a href=\"\/product\/kolumbianisches-kokain-96-rein\/\">Ambienti di ricerca<\/a> di solito mostrano cambiamenti sottili ma evidenti nella percezione sensoriale e nell'elaborazione emotiva.<\/p>\n<p data-start=\"2341\" data-end=\"2389\">Gli effetti osservati di frequente includono<\/p>\n<ul data-start=\"2390\" data-end=\"2615\">\n<li data-start=\"2390\" data-end=\"2436\">\n<p data-start=\"2392\" data-end=\"2436\">Impressioni visive e uditive amplificate<\/p>\n<\/li>\n<li data-start=\"2437\" data-end=\"2478\">\n<p data-start=\"2439\" data-end=\"2478\">Cambiamento del senso del tempo e dello spazio<\/p>\n<\/li>\n<li data-start=\"2479\" data-end=\"2510\">\n<p data-start=\"2481\" data-end=\"2510\">Risonanza emotiva pi\u00f9 profonda<\/p>\n<\/li>\n<li data-start=\"2511\" data-end=\"2560\">\n<p data-start=\"2513\" data-end=\"2560\">Aumento della creativit\u00e0 e della chiarezza mentale<\/p>\n<\/li>\n<li data-start=\"2561\" data-end=\"2615\">\n<p data-start=\"2563\" data-end=\"2615\">Miglioramento della concentrazione con dosaggi moderati<\/p>\n<\/li>\n<\/ul>\n<p data-start=\"2617\" data-end=\"2828\">Durante l'effetto, molti soggetti riferiscono un andamento regolare e fluido, senza sovrastimolazione. La sostanza si presta quindi bene agli studi che indagano sui processi neurocognitivi e creativi.<\/p>\n<h2 data-start=\"2835\" data-end=\"2879\">Perch\u00e9 acquistare 1B-LSD 100 mcg online?<\/h2>\n<p data-start=\"2881\" data-end=\"3187\">L'acquisto via Internet offre a ricercatori e laboratori numerosi vantaggi. Da un lato <strong data-start=\"2974\" data-end=\"2994\">fonti verificate<\/strong> pi\u00f9 facilmente accessibili online che nei negozi tradizionali. D'altra parte, molti fornitori <strong data-start=\"3085\" data-end=\"3130\">Certificati COA (Certificato di analisi)<\/strong> pronto a confermare la purezza e l'accuratezza del dosaggio.<\/p>\n<p data-start=\"3189\" data-end=\"3446\">Chi <strong data-start=\"3193\" data-end=\"3222\">1B-LSD 100 mcg comprare online<\/strong> beneficia di un'ampia scelta di prodotti e di opzioni di spedizione internazionali. Inoltre, strutture di prezzo trasparenti e metodi di pagamento convenienti rendono il processo di ordinazione semplice e sicuro.<\/p>\n<p data-start=\"3448\" data-end=\"3486\">I vantaggi pi\u00f9 importanti sono<\/p>\n<ul data-start=\"3487\" data-end=\"3664\">\n<li data-start=\"3487\" data-end=\"3534\">\n<p data-start=\"3489\" data-end=\"3534\">Consegna in tutto il mondo in confezione neutra<\/p>\n<\/li>\n<li data-start=\"3535\" data-end=\"3570\">\n<p data-start=\"3537\" data-end=\"3570\">Qualit\u00e0 comprovata e testata<\/p>\n<\/li>\n<li data-start=\"3571\" data-end=\"3615\">\n<p data-start=\"3573\" data-end=\"3615\">Servizio clienti veloce e professionale<\/p>\n<\/li>\n<li data-start=\"3616\" data-end=\"3664\">\n<p data-start=\"3618\" data-end=\"3664\">Sconti interessanti per ordini pi\u00f9 consistenti<\/p>\n<\/li>\n<\/ul>\n<p data-start=\"3666\" data-end=\"3800\">Sempre pi\u00f9 istituti di ricerca decidono quindi di procurarsi i campioni esclusivamente da fonti certificate online.<\/p>\n<h3>Stato giuridico<\/h3>\n<p data-start=\"4150\" data-end=\"4543\">In Germania, la 1B-LSD si trova attualmente in una zona grigia: non \u00e8 esplicitamente elencata nella legge sugli stupefacenti, ma potrebbe essere inclusa nelle normative analogiche. \u00c8 quindi consigliabile informarsi dettagliatamente sulla situazione legale prima di effettuare un ordine. <strong data-start=\"4403\" data-end=\"4442\">disposizioni di legge vigenti<\/strong> nel proprio Paese. In questo modo si possono evitare possibili rischi legali.<\/p>\n<h2 data-start=\"4150\" data-end=\"4543\">Consegna discreta e ordine sicuro<\/h2>\n<p data-start=\"4602\" data-end=\"4944\">Un importante vantaggio del <strong data-start=\"4632\" data-end=\"4664\">Acquistare 1B-LSD 100 mcg online<\/strong> \u00e8 una consegna discreta e sicura. I fornitori affidabili utilizzano imballaggi poco appariscenti, senza alcuna indicazione del contenuto. Inoltre, le spedizioni sono solitamente assicurate ed etichettate con un numero di tracciamento. In questo modo si garantisce la tracciabilit\u00e0 e la riservatezza dell'intero processo.<\/p>\n<p data-start=\"4946\" data-end=\"5130\">Inoltre, molti negozi offrono opzioni di spedizione flessibili, come il servizio espresso o internazionale prioritario. Ci\u00f2 significa che i ricercatori ricevono i loro prodotti in modo affidabile e puntuale.<\/p>\n<h3 data-start=\"5137\" data-end=\"5178\">Selezione di un fornitore affidabile<\/h3>\n<p data-start=\"5180\" data-end=\"5339\">La fiducia \u00e8 fondamentale quando si acquistano prodotti chimici per la ricerca. Pertanto, \u00e8 bene ordinare solo da rivenditori che offrono prodotti di cui \u00e8 stata dimostrata la sicurezza.<\/p>\n<p data-start=\"5341\" data-end=\"5387\">Prestate particolare attenzione ai seguenti punti:<\/p>\n<ul data-start=\"5388\" data-end=\"5620\">\n<li data-start=\"5388\" data-end=\"5440\">\n<p data-start=\"5390\" data-end=\"5440\">Esistente <strong data-start=\"5401\" data-end=\"5418\">Rapporti di laboratorio<\/strong> e certificati COA<\/p>\n<\/li>\n<li data-start=\"5441\" data-end=\"5497\">\n<p data-start=\"5443\" data-end=\"5497\">Trasparente <strong data-start=\"5456\" data-end=\"5495\">Linee guida per la spedizione e la protezione dei dati<\/strong><\/p>\n<\/li>\n<li data-start=\"5498\" data-end=\"5532\">\n<p data-start=\"5500\" data-end=\"5532\">Positivo <strong data-start=\"5509\" data-end=\"5530\">Valutazioni dei clienti<\/strong><\/p>\n<\/li>\n<li data-start=\"5533\" data-end=\"5572\">\n<p data-start=\"5535\" data-end=\"5572\"><strong data-start=\"5535\" data-end=\"5557\">Crittografia SSL<\/strong> Metodi di pagamento<\/p>\n<\/li>\n<li data-start=\"5573\" data-end=\"5620\">\n<p data-start=\"5575\" data-end=\"5620\">Competente <strong data-start=\"5586\" data-end=\"5603\">Supporto per<\/strong> Per le interrogazioni<\/p>\n<\/li>\n<\/ul>\n<p data-start=\"5622\" data-end=\"5704\">Queste caratteristiche dimostrano che un fornitore lavora in modo affidabile e professionale.<\/p>\n<h2 data-start=\"5711\" data-end=\"5768\">Sicurezza e uso responsabile<\/h2>\n<p data-start=\"5770\" data-end=\"5988\">Anche se la 1B-LSD \u00e8 considerata una sostanza chimica di ricerca, deve essere sempre maneggiata con cautela. Il dosaggio standardizzato di <strong data-start=\"5899\" data-end=\"5910\">100 mcg<\/strong> facilita la movimentazione, ma non sostituisce le misure di sicurezza.<\/p>\n<p data-start=\"5990\" data-end=\"6027\">Raccomandazioni per l'uso in laboratorio:<\/p>\n<ul data-start=\"6028\" data-end=\"6236\">\n<li data-start=\"6028\" data-end=\"6074\">\n<p data-start=\"6030\" data-end=\"6074\">Utilizzare solo per scopi scientifici<\/p>\n<\/li>\n<li data-start=\"6075\" data-end=\"6136\">\n<p data-start=\"6077\" data-end=\"6136\">Evitare la combinazione con alcol o altre sostanze<\/p>\n<\/li>\n<li data-start=\"6137\" data-end=\"6192\">\n<p data-start=\"6139\" data-end=\"6192\">Conservare in un luogo fresco, asciutto e buio<\/p>\n<\/li>\n<li data-start=\"6193\" data-end=\"6236\">\n<p data-start=\"6195\" data-end=\"6236\">Conservare un'accurata documentazione di test<\/p>\n<\/li>\n<\/ul>\n<p data-start=\"6238\" data-end=\"6350\">Un lavoro disciplinato e una registrazione precisa garantiscono la riproducibilit\u00e0 e l'affidabilit\u00e0 dei risultati dello studio.<\/p>\n<h2 data-start=\"6238\" data-end=\"6350\">\u00a0Conclusione<\/h2>\n<p data-start=\"6373\" data-end=\"6652\"><strong data-start=\"6373\" data-end=\"6391\">1B-LSD 100 mcg<\/strong> \u00e8 esemplare per la nuova generazione di precisi derivati della lisergamide. Combina stabilit\u00e0, purezza e una caratteristica di effetto bilanciato che lo rende estremamente prezioso per la ricerca nei campi della neurochimica, della psicologia e della ricerca sulla coscienza.<\/p>\n<p data-start=\"6654\" data-end=\"7090\">Chi <strong data-start=\"6658\" data-end=\"6690\">Acquistare 1B-LSD 100 mcg online<\/strong> dovrebbero utilizzare solo fornitori affidabili con certificati di laboratorio. Questo garantisce che la sostanza soddisfi i pi\u00f9 alti standard di qualit\u00e0 e sicurezza. In combinazione con un uso responsabile e una metodologia scientifica, la 1B-LSD apre nuove prospettive per la ricerca sulla coscienza umana - precisa, sicura e legalmente informata.<\/p>","protected":false},"excerpt":{"rendered":"<p><strong>1B-LSD 100mcg<\/strong> \u00e8 un composto chimico altamente puro sviluppato per studi scientifici. Questa sostanza viene spesso utilizzata nella ricerca psicofarmacologica per studiarne gli effetti sul cervello umano. <strong>1B-LSD<\/strong> \u00e8 destinato esclusivamente all'uso in ambienti di laboratorio e non deve essere consumato dall'uomo.<\/p>","protected":false},"featured_media":8755,"comment_status":"open","ping_status":"closed","template":"","meta":{"_joinchat":[]},"product_brand":[],"product_cat":[1802],"product_tag":[2103,2105,2110,2111,2112,2104,2108,2106,2107,2109],"class_list":{"0":"post-8733","1":"product","2":"type-product","3":"status-publish","4":"has-post-thumbnail","6":"product_cat-blotters","7":"product_tag-1b-lsd-100mcg","8":"product_tag-1b-lsd-100mcg-zum-verkauf","9":"product_tag-1b-lsd-chemikalien","10":"product_tag-1b-lsd-forschung","11":"product_tag-1b-lsd-fur-forschung","12":"product_tag-1b-lsd-kaufen","13":"product_tag-1b-lsd-kristalle","14":"product_tag-1b-lsd-online","15":"product_tag-1b-lsd-pulver","16":"product_tag-lsd-derivate","18":"first","19":"instock","20":"shipping-taxable","21":"purchasable","22":"product-type-variable"},"yoast_head":"<!-- This site is optimized with the Yoast SEO plugin v27.5 - https:\/\/yoast.com\/product\/yoast-seo-wordpress\/ -->\n<title>1B-LSD 100mcg online Kaufen \u2013 1B-LSD 100mcg zu verkaufen<\/title>\n<meta name=\"description\" content=\"Finden Sie erstklassiges 1B-LSD 100mcg zu verkaufen in unserem Online-Shop, der eine sichere Plattform bietet, um 1B-LSD 100mcg ganz einfach online zu kaufen und Ihren Forschungsanforderungen gerecht zu werden.\" \/>\n<meta name=\"robots\" content=\"index, follow, max-snippet:-1, max-image-preview:large, max-video-preview:-1\" \/>\n<link rel=\"canonical\" href=\"https:\/\/chemgramx.com\/it\/prodotto-1\/1b-lsd-100mcg-ordine-online\/\" \/>\n<meta property=\"og:locale\" content=\"it_IT\" \/>\n<meta property=\"og:type\" content=\"article\" \/>\n<meta property=\"og:title\" content=\"1B-LSD 100mcg online Kaufen \u2013 1B-LSD 100mcg zu verkaufen\" \/>\n<meta property=\"og:description\" content=\"Finden Sie erstklassiges 1B-LSD 100mcg zu verkaufen in unserem Online-Shop, der eine sichere Plattform bietet, um 1B-LSD 100mcg ganz einfach online zu kaufen und Ihren Forschungsanforderungen gerecht zu werden.\" \/>\n<meta property=\"og:url\" content=\"https:\/\/chemgramx.com\/it\/prodotto-1\/1b-lsd-100mcg-ordine-online\/\" \/>\n<meta property=\"og:site_name\" content=\"Chemgramx\" \/>\n<meta property=\"article:modified_time\" content=\"2025-12-11T01:04:29+00:00\" \/>\n<meta property=\"og:image\" content=\"https:\/\/chemgramx.com\/wp-content\/uploads\/2025\/12\/1b-1.png\" \/>\n\t<meta property=\"og:image:width\" content=\"600\" \/>\n\t<meta property=\"og:image:height\" content=\"400\" \/>\n\t<meta property=\"og:image:type\" content=\"image\/png\" \/>\n<meta name=\"twitter:card\" content=\"summary_large_image\" \/>\n<meta name=\"twitter:label1\" content=\"Tempo di lettura stimato\" \/>\n\t<meta name=\"twitter:data1\" content=\"4 minuti\" \/>\n<script type=\"application\/ld+json\" class=\"yoast-schema-graph\">{\"@context\":\"https:\\\/\\\/schema.org\",\"@graph\":[{\"@type\":\"WebPage\",\"@id\":\"https:\\\/\\\/chemgramx.com\\\/product\\\/1b-lsd-100mcg-online-bestellung\\\/\",\"url\":\"https:\\\/\\\/chemgramx.com\\\/product\\\/1b-lsd-100mcg-online-bestellung\\\/\",\"name\":\"1B-LSD 100mcg online Kaufen \u2013 1B-LSD 100mcg zu verkaufen\",\"isPartOf\":{\"@id\":\"https:\\\/\\\/chemgramx.com\\\/#website\"},\"primaryImageOfPage\":{\"@id\":\"https:\\\/\\\/chemgramx.com\\\/product\\\/1b-lsd-100mcg-online-bestellung\\\/#primaryimage\"},\"image\":{\"@id\":\"https:\\\/\\\/chemgramx.com\\\/product\\\/1b-lsd-100mcg-online-bestellung\\\/#primaryimage\"},\"thumbnailUrl\":\"https:\\\/\\\/chemgramx.com\\\/wp-content\\\/uploads\\\/2025\\\/12\\\/1b-1.png\",\"datePublished\":\"2025-12-11T00:49:46+00:00\",\"dateModified\":\"2025-12-11T01:04:29+00:00\",\"description\":\"Finden Sie erstklassiges 1B-LSD 100mcg zu verkaufen in unserem Online-Shop, der eine sichere Plattform bietet, um 1B-LSD 100mcg ganz einfach online zu kaufen und Ihren Forschungsanforderungen gerecht zu werden.\",\"breadcrumb\":{\"@id\":\"https:\\\/\\\/chemgramx.com\\\/product\\\/1b-lsd-100mcg-online-bestellung\\\/#breadcrumb\"},\"inLanguage\":\"it-IT\",\"potentialAction\":[{\"@type\":\"ReadAction\",\"target\":[\"https:\\\/\\\/chemgramx.com\\\/product\\\/1b-lsd-100mcg-online-bestellung\\\/\"]}]},{\"@type\":\"ImageObject\",\"inLanguage\":\"it-IT\",\"@id\":\"https:\\\/\\\/chemgramx.com\\\/product\\\/1b-lsd-100mcg-online-bestellung\\\/#primaryimage\",\"url\":\"https:\\\/\\\/chemgramx.com\\\/wp-content\\\/uploads\\\/2025\\\/12\\\/1b-1.png\",\"contentUrl\":\"https:\\\/\\\/chemgramx.com\\\/wp-content\\\/uploads\\\/2025\\\/12\\\/1b-1.png\",\"width\":600,\"height\":400},{\"@type\":\"BreadcrumbList\",\"@id\":\"https:\\\/\\\/chemgramx.com\\\/product\\\/1b-lsd-100mcg-online-bestellung\\\/#breadcrumb\",\"itemListElement\":[{\"@type\":\"ListItem\",\"position\":1,\"name\":\"Home\",\"item\":\"https:\\\/\\\/chemgramx.com\\\/\"},{\"@type\":\"ListItem\",\"position\":2,\"name\":\"Shop\",\"item\":\"https:\\\/\\\/chemgramx.com\\\/shop\\\/\"},{\"@type\":\"ListItem\",\"position\":3,\"name\":\"1B-LSD 100mcg Online Bestellung\"}]},{\"@type\":\"WebSite\",\"@id\":\"https:\\\/\\\/chemgramx.com\\\/#website\",\"url\":\"https:\\\/\\\/chemgramx.com\\\/\",\"name\":\"Chemgramx\",\"description\":\"\",\"publisher\":{\"@id\":\"https:\\\/\\\/chemgramx.com\\\/#organization\"},\"potentialAction\":[{\"@type\":\"SearchAction\",\"target\":{\"@type\":\"EntryPoint\",\"urlTemplate\":\"https:\\\/\\\/chemgramx.com\\\/?s={search_term_string}\"},\"query-input\":{\"@type\":\"PropertyValueSpecification\",\"valueRequired\":true,\"valueName\":\"search_term_string\"}}],\"inLanguage\":\"it-IT\"},{\"@type\":\"Organization\",\"@id\":\"https:\\\/\\\/chemgramx.com\\\/#organization\",\"name\":\"Chemgramx\",\"url\":\"https:\\\/\\\/chemgramx.com\\\/\",\"logo\":{\"@type\":\"ImageObject\",\"inLanguage\":\"it-IT\",\"@id\":\"https:\\\/\\\/chemgramx.com\\\/#\\\/schema\\\/logo\\\/image\\\/\",\"url\":\"https:\\\/\\\/chemgramx.com\\\/wp-content\\\/uploads\\\/2024\\\/10\\\/final-logo.png\",\"contentUrl\":\"https:\\\/\\\/chemgramx.com\\\/wp-content\\\/uploads\\\/2024\\\/10\\\/final-logo.png\",\"width\":250,\"height\":48,\"caption\":\"Chemgramx\"},\"image\":{\"@id\":\"https:\\\/\\\/chemgramx.com\\\/#\\\/schema\\\/logo\\\/image\\\/\"}}]}<\/script>\n<!-- \/ Yoast SEO plugin. -->","yoast_head_json":{"title":"Acquista 1B-LSD 100mcg online \u2013 1B-LSD 100mcg in vendita","description":"Trova 1B-LSD 100mcg di prima qualit\u00e0 in vendita nel nostro negozio online, che fornisce una piattaforma sicura per acquistare facilmente 1B-LSD 100mcg online e soddisfare le tue esigenze di ricerca.","robots":{"index":"index","follow":"follow","max-snippet":"max-snippet:-1","max-image-preview":"max-image-preview:large","max-video-preview":"max-video-preview:-1"},"canonical":"https:\/\/chemgramx.com\/it\/prodotto-1\/1b-lsd-100mcg-ordine-online\/","og_locale":"it_IT","og_type":"article","og_title":"1B-LSD 100mcg online Kaufen \u2013 1B-LSD 100mcg zu verkaufen","og_description":"Finden Sie erstklassiges 1B-LSD 100mcg zu verkaufen in unserem Online-Shop, der eine sichere Plattform bietet, um 1B-LSD 100mcg ganz einfach online zu kaufen und Ihren Forschungsanforderungen gerecht zu werden.","og_url":"https:\/\/chemgramx.com\/it\/prodotto-1\/1b-lsd-100mcg-ordine-online\/","og_site_name":"Chemgramx","article_modified_time":"2025-12-11T01:04:29+00:00","og_image":[{"width":600,"height":400,"url":"https:\/\/chemgramx.com\/wp-content\/uploads\/2025\/12\/1b-1.png","type":"image\/png"}],"twitter_card":"summary_large_image","twitter_misc":{"Tempo di lettura stimato":"4 minuti"},"schema":{"@context":"https:\/\/schema.org","@graph":[{"@type":"WebPage","@id":"https:\/\/chemgramx.com\/product\/1b-lsd-100mcg-online-bestellung\/","url":"https:\/\/chemgramx.com\/product\/1b-lsd-100mcg-online-bestellung\/","name":"Acquista 1B-LSD 100mcg online \u2013 1B-LSD 100mcg in vendita","isPartOf":{"@id":"https:\/\/chemgramx.com\/#website"},"primaryImageOfPage":{"@id":"https:\/\/chemgramx.com\/product\/1b-lsd-100mcg-online-bestellung\/#primaryimage"},"image":{"@id":"https:\/\/chemgramx.com\/product\/1b-lsd-100mcg-online-bestellung\/#primaryimage"},"thumbnailUrl":"https:\/\/chemgramx.com\/wp-content\/uploads\/2025\/12\/1b-1.png","datePublished":"2025-12-11T00:49:46+00:00","dateModified":"2025-12-11T01:04:29+00:00","description":"Trova 1B-LSD 100mcg di prima qualit\u00e0 in vendita nel nostro negozio online, che fornisce una piattaforma sicura per acquistare facilmente 1B-LSD 100mcg online e soddisfare le tue esigenze di ricerca.","breadcrumb":{"@id":"https:\/\/chemgramx.com\/product\/1b-lsd-100mcg-online-bestellung\/#breadcrumb"},"inLanguage":"it-IT","potentialAction":[{"@type":"ReadAction","target":["https:\/\/chemgramx.com\/product\/1b-lsd-100mcg-online-bestellung\/"]}]},{"@type":"ImageObject","inLanguage":"it-IT","@id":"https:\/\/chemgramx.com\/product\/1b-lsd-100mcg-online-bestellung\/#primaryimage","url":"https:\/\/chemgramx.com\/wp-content\/uploads\/2025\/12\/1b-1.png","contentUrl":"https:\/\/chemgramx.com\/wp-content\/uploads\/2025\/12\/1b-1.png","width":600,"height":400},{"@type":"BreadcrumbList","@id":"https:\/\/chemgramx.com\/product\/1b-lsd-100mcg-online-bestellung\/#breadcrumb","itemListElement":[{"@type":"ListItem","position":1,"name":"Home","item":"https:\/\/chemgramx.com\/"},{"@type":"ListItem","position":2,"name":"Shop","item":"https:\/\/chemgramx.com\/shop\/"},{"@type":"ListItem","position":3,"name":"1B-LSD 100mcg Online Bestellung"}]},{"@type":"WebSite","@id":"https:\/\/chemgramx.com\/#website","url":"https:\/\/chemgramx.com\/","name":"Chemgramx","description":"","publisher":{"@id":"https:\/\/chemgramx.com\/#organization"},"potentialAction":[{"@type":"SearchAction","target":{"@type":"EntryPoint","urlTemplate":"https:\/\/chemgramx.com\/?s={search_term_string}"},"query-input":{"@type":"PropertyValueSpecification","valueRequired":true,"valueName":"search_term_string"}}],"inLanguage":"it-IT"},{"@type":"Organization","@id":"https:\/\/chemgramx.com\/#organization","name":"Chemgramx","url":"https:\/\/chemgramx.com\/","logo":{"@type":"ImageObject","inLanguage":"it-IT","@id":"https:\/\/chemgramx.com\/#\/schema\/logo\/image\/","url":"https:\/\/chemgramx.com\/wp-content\/uploads\/2024\/10\/final-logo.png","contentUrl":"https:\/\/chemgramx.com\/wp-content\/uploads\/2024\/10\/final-logo.png","width":250,"height":48,"caption":"Chemgramx"},"image":{"@id":"https:\/\/chemgramx.com\/#\/schema\/logo\/image\/"}}]}},"_links":{"self":[{"href":"https:\/\/chemgramx.com\/it\/wp-json\/wp\/v2\/product\/8733","targetHints":{"allow":["GET"]}}],"collection":[{"href":"https:\/\/chemgramx.com\/it\/wp-json\/wp\/v2\/product"}],"about":[{"href":"https:\/\/chemgramx.com\/it\/wp-json\/wp\/v2\/types\/product"}],"replies":[{"embeddable":true,"href":"https:\/\/chemgramx.com\/it\/wp-json\/wp\/v2\/comments?post=8733"}],"wp:featuredmedia":[{"embeddable":true,"href":"https:\/\/chemgramx.com\/it\/wp-json\/wp\/v2\/media\/8755"}],"wp:attachment":[{"href":"https:\/\/chemgramx.com\/it\/wp-json\/wp\/v2\/media?parent=8733"}],"wp:term":[{"taxonomy":"product_brand","embeddable":true,"href":"https:\/\/chemgramx.com\/it\/wp-json\/wp\/v2\/product_brand?post=8733"},{"taxonomy":"product_cat","embeddable":true,"href":"https:\/\/chemgramx.com\/it\/wp-json\/wp\/v2\/product_cat?post=8733"},{"taxonomy":"product_tag","embeddable":true,"href":"https:\/\/chemgramx.com\/it\/wp-json\/wp\/v2\/product_tag?post=8733"}],"curies":[{"name":"wp","href":"https:\/\/api.w.org\/{rel}","templated":true}]}}