{"id":8750,"date":"2025-12-11T00:50:03","date_gmt":"2025-12-11T00:50:03","guid":{"rendered":"https:\/\/chemgramx.com\/?post_type=product&#038;p=8750"},"modified":"2025-12-11T01:06:35","modified_gmt":"2025-12-11T01:06:35","slug":"oxycontin-oc-40-mg-2","status":"publish","type":"product","link":"https:\/\/chemgramx.com\/it\/product\/oxycontin-oc-40mg-2\/","title":{"rendered":"Oxycontin OC 40 mg"},"content":{"rendered":"<p><b>Ossicodone<\/b><span style=\"font-weight: 400;\"> \u00e8 un oppioide semisintetico altamente efficace che svolge un ruolo centrale nella moderna terapia del dolore. Viene utilizzato principalmente per il trattamento di <\/span><b>Dolore grave e cronico<\/b><span style=\"font-weight: 400;\"> che possono essere adeguatamente controllati solo dagli analgesici oppioidi. La sostanza offre una soluzione efficace per i pazienti in cui i farmaci non oppioidi o meno efficaci hanno fallito. Soprattutto, la formulazione con <\/span><b>rilascio controllato<\/b><span style=\"font-weight: 400;\"> {40 mg} compressa) \u00e8 stato concepito per garantire un sollievo dal dolore prolungato nel tempo. Ci\u00f2 \u00e8 fondamentale per migliorare in modo significativo la qualit\u00e0 della vita dei pazienti affetti da dolori cronici.<\/span><\/p>\n<p><span style=\"font-weight: 400;\">Questo articolo fornisce un'analisi dettagliata del principio attivo ossicodone, delle sue propriet\u00e0 farmacologiche e del rigoroso quadro normativo in base al quale pu\u00f2 essere utilizzato in Germania.<\/span><\/p>\n<h2><b>Profilo del farmaco e farmacologia: Il meccanismo di inibizione del dolore<\/b><\/h2>\n<p><span style=\"font-weight: 400;\">L'ossicodone appartiene al gruppo dei <\/span><b>agonisti puri dei recettori oppioidi<\/b><span style=\"font-weight: 400;\">. Ci\u00f2 significa che sviluppa l'intero effetto analgesico legandosi direttamente ai recettori oppioidi.<\/span><\/p>\n<h3><b>Meccanismo d'azione nel sistema nervoso centrale<\/b><\/h3>\n<p><span style=\"font-weight: 400;\">Il principio attivo esplica il suo effetto antidolorifico attraverso la <\/span><b>Legarsi a specifici recettori oppioidi<\/b><span style=\"font-weight: 400;\">\u00a0 \u00a0nel sistema nervoso centrale (SNC) e nel midollo spinale. Attraverso questo legame, il <\/span><b>Inibizione della trasmissione del dolore<\/b><span style=\"font-weight: 400;\"> e allo stesso tempo modifica la percezione del dolore nel cervello. Questo porta a una significativa riduzione della sensazione di dolore e a un allontanamento emotivo dal dolore.<\/span><\/p>\n<ul>\n<li style=\"font-weight: 400;\" aria-level=\"1\"><b>Alta potenza:<\/b><span style=\"font-weight: 400;\"> L'ossicodone ha un <\/span><b>Elevata potenza analgesica<\/b><span style=\"font-weight: 400;\"> on. Si tratta di un valore approssimativamente paragonabile a quello della morfina, ma che spesso presenta una <\/span><b><a href=\"\/product\/black-gold-hash-kaufen\/\">meglio<\/a> biodisponibilit\u00e0 orale<\/b><span style=\"font-weight: 400;\">, che lo rende un agente privilegiato per la terapia orale a lungo termine.<\/span><\/li>\n<li style=\"font-weight: 400;\" aria-level=\"1\"><b>Rilascio controllato (formulazione a rilascio prolungato):<\/b><span style=\"font-weight: 400;\"> Le compresse a rilascio prolungato (ad esempio le formulazioni $mathbf{OC}$) sono progettate in modo tale che il principio attivo rimanga attivo per molte ore. <\/span><b>Rilasciato lentamente<\/b><span style=\"font-weight: 400;\"> viene utilizzato. Ci\u00f2 garantisce un controllo continuo del dolore, evita i picchi di concentrazione nel plasma ed \u00e8 essenziale per un trattamento efficace del dolore cronico, in quanto consente un'analgesia costante per 12 ore.<\/span><\/li>\n<\/ul>\n<h2><b>Indicazioni e modalit\u00e0 di dosaggio (40 mg)<\/b><\/h2>\n<p><span style=\"font-weight: 400;\">Il dosaggio di {40 mg} \u00e8 un <\/span><b>Forza abituale<\/b><span style=\"font-weight: 400;\"> per il trattamento del dolore cronico severo nei pazienti che <\/span><b>hanno gi\u00e0 una tolleranza agli oppioidi<\/b><span style=\"font-weight: 400;\"> e richiedono una dose base pi\u00f9 elevata per mantenere il sollievo dal dolore. Di solito non \u00e8 destinato ai pazienti na\u00efve agli oppioidi.<\/span><\/p>\n<h3><b>Applicazione e obiettivi terapeutici<\/b><\/h3>\n<p><span style=\"font-weight: 400;\">L'uso di ossicodone \u00e8 <\/span><b>solo su stretto consiglio del medico<\/b><span style=\"font-weight: 400;\"> e richiede un alto grado di <\/span><b>Titolazione della dose individuale<\/b><span style=\"font-weight: 400;\">.<\/span><\/p>\n<ul>\n<li style=\"font-weight: 400;\" aria-level=\"1\"><b>Obiettivo della terapia:<\/b><span style=\"font-weight: 400;\"> L'obiettivo principale del trattamento \u00e8 <\/span><b>Qualit\u00e0 di vita dei pazienti<\/b><span style=\"font-weight: 400;\"> attraverso il controllo continuo del dolore. Questo riduce lo stress fisico e mentale associato al dolore cronico.<\/span><\/li>\n<li style=\"font-weight: 400;\" aria-level=\"1\"><b>Bilanciamento:<\/b><span style=\"font-weight: 400;\"> L'interruzione del farmaco deve essere sempre <\/span><b>livellamento lento e controllato<\/b><span style=\"font-weight: 400;\"> per evitare gravi sintomi di astinenza.<\/span><\/li>\n<li style=\"font-weight: 400;\" aria-level=\"1\"><b>Monitoraggio:<\/b><span style=\"font-weight: 400;\"> A causa dei rischi potenziali, un <\/span><b>Supervisione medica permanente<\/b><span style=\"font-weight: 400;\"> L'uso del farmaco \u00e8 essenziale per la valutazione dell'efficacia e l'individuazione precoce di effetti collaterali o modelli di abuso.<\/span><\/li>\n<\/ul>\n<h2><b>Informazioni sulla sicurezza e rischi significativi della terapia con oppioidi<\/b><\/h2>\n<p><span style=\"font-weight: 400;\">L'ossicodone \u00e8 un <\/span><b>Stupefacenti<\/b><span style=\"font-weight: 400;\"> e comporta rischi considerevoli che richiedono uno stretto controllo medico e l'adesione informata del paziente. I rischi devono essere attentamente soppesati rispetto ai benefici terapeutici.<\/span><\/p>\n<h3><b>Principali rischi e potenziali emergenze<\/b><\/h3>\n<ol>\n<li style=\"font-weight: 400;\" aria-level=\"1\"><b>Dipendenza e abuso:<\/b><span style=\"font-weight: 400;\"> L'ossicodone ha un <\/span><b>Alto potenziale di dipendenza primaria<\/b><span style=\"font-weight: 400;\">. Pertanto, l'assunzione <\/span><b>rigorosamente secondo la prescrizione medica<\/b><span style=\"font-weight: 400;\"> per prevenire lo sviluppo della dipendenza e dei modelli di abuso. L'euforia a breve termine dell'uso abusivo \u00e8 la forza trainante del rischio di abuso.<\/span><\/li>\n<li style=\"font-weight: 400;\" aria-level=\"1\"><b>Depressione respiratoria (rischio di sovradosaggio):<\/b><span style=\"font-weight: 400;\"> Un'overdose, sia essa involontaria o di uso improprio, pu\u00f2 portare ad una <\/span><b>depressione respiratoria pericolosa per la vita<\/b><span style=\"font-weight: 400;\"> (grave appiattimento e rallentamento della respirazione fino all'arresto respiratorio). Si tratta dell'emergenza pi\u00f9 critica associata agli oppioidi.<\/span><\/li>\n<li style=\"font-weight: 400;\" aria-level=\"1\"><b>Interazioni:<\/b><span style=\"font-weight: 400;\"> Il <\/span><b>Combinazione con alcol, benzodiazepine, altri oppioidi o sedativi<\/b><span style=\"font-weight: 400;\"> \u00e8 estremamente pericoloso, in quanto aumenta l'effetto depressivo centrale, in particolare la depressione respiratoria. Questa combinazione \u00e8 spesso causa di overdose fatali.<\/span><\/li>\n<li style=\"font-weight: 400;\" aria-level=\"1\"><b>Sviluppo della tolleranza:<\/b><span style=\"font-weight: 400;\"> L'efficacia del farmaco pu\u00f2 diminuire con l'uso prolungato a causa dello sviluppo di tolleranza. Ci\u00f2 richiede un'attenta regolazione della dose da parte del medico curante.<\/span><\/li>\n<\/ol>\n<h2><b>Situazione giuridica in Germania: la legge sugli stupefacenti (BtMG)<\/b><\/h2>\n<p><span style=\"font-weight: 400;\">In Germania, l'ossicodone \u00e8 soggetto al <\/span><b>Legge sugli stupefacenti (BtMG)<\/b><span style=\"font-weight: 400;\">. Questa classificazione legale \u00e8 determinante per la manipolazione, la distribuzione e lo stoccaggio della sostanza.<\/span><\/p>\n<h3><b>Requisiti normativi rigorosi<\/b><\/h3>\n<ul>\n<li style=\"font-weight: 400;\" aria-level=\"1\"><b>Solo su prescrizione medica:<\/b><span style=\"font-weight: 400;\"> Per la dispensazione, la detenzione e l'utilizzo di ossicodone \u00e8 necessario un <\/span><b>Prescrizione anestetica speciale in tre parti<\/b><span style=\"font-weight: 400;\">. Questa prescrizione \u00e8 strettamente regolamentata e deve essere rilasciata da un medico in base a particolari requisiti formali.<\/span><\/li>\n<li style=\"font-weight: 400;\" aria-level=\"1\"><b>Obbligo e controllo della farmacia:<\/b><span style=\"font-weight: 400;\"> L'approvvigionamento \u00e8 <\/span><b>esclusivamente attraverso le farmacie autorizzate<\/b><span style=\"font-weight: 400;\"> L'uso delle prescrizioni BtM \u00e8 consentito dalle autorit\u00e0, che sono tenute a controllarle attentamente e ad archiviarle per periodi pi\u00f9 lunghi.<\/span><\/li>\n<li style=\"font-weight: 400;\" aria-level=\"1\"><b>Illegalit\u00e0 degli acquisti online:<\/b><span style=\"font-weight: 400;\"> Il <\/span><b>Acquisizione e commercio non prescritti<\/b><span style=\"font-weight: 400;\"> (in particolare l'acquisto online di sorgenti senza licenza) \u00e8 vietato in Germania. <\/span><b>illegale<\/b><span style=\"font-weight: 400;\"> ed \u00e8 severamente perseguito dalle leggi penali e regolamentari. Le fonti illegali comportano anche il rischio di preparati contraffatti che possono contenere quantit\u00e0 errate di principi attivi o impurit\u00e0 altamente tossiche.<\/span><\/li>\n<\/ul>\n<p><span style=\"font-weight: 400;\">La stretta osservanza della BtMG serve a proteggere la salute pubblica e a prevenire gli abusi. Garantisce che l'ossicodone venga utilizzato solo quando \u00e8 indicato dal punto di vista medico e monitorato in modo sicuro.<\/span><\/p>","protected":false},"excerpt":{"rendered":"<p data-start=\"2017\" data-end=\"2166\">Oxycontin OC 40mg - forte antidolorifico a base di ossicodone. Effetto duraturo, qualit\u00e0 testata e spedizione discreta in Germania e nell'UE.<\/p>","protected":false},"featured_media":8771,"comment_status":"open","ping_status":"closed","template":"","meta":{"_joinchat":[]},"product_brand":[],"product_cat":[62],"product_tag":[],"class_list":{"0":"post-8750","1":"product","2":"type-product","3":"status-publish","4":"has-post-thumbnail","6":"product_cat-marijuana","8":"first","9":"instock","10":"shipping-taxable","11":"purchasable","12":"product-type-variable"},"yoast_head":"<!-- This site is optimized with the Yoast SEO plugin v27.5 - https:\/\/yoast.com\/product\/yoast-seo-wordpress\/ -->\n<title>Oxycontin OC 40mg online kaufen | Schmerzmittel<\/title>\n<meta name=\"description\" content=\"Oxycontin OC 40mg kaufen \u2013 starkes Schmerzmittel f\u00fcr chronische Schmerzen. Diskreter Versand in Deutschland &amp; EU f\u00fcr sichere und zuverl\u00e4ssige Wirkung.\" \/>\n<meta name=\"robots\" content=\"index, follow, max-snippet:-1, max-image-preview:large, max-video-preview:-1\" \/>\n<link rel=\"canonical\" href=\"https:\/\/chemgramx.com\/it\/prodotto-1\/oxycontin-oc-40-mg-2\/\" \/>\n<meta property=\"og:locale\" content=\"it_IT\" \/>\n<meta property=\"og:type\" content=\"article\" \/>\n<meta property=\"og:title\" content=\"Oxycontin OC 40mg online kaufen | Schmerzmittel\" \/>\n<meta property=\"og:description\" content=\"Oxycontin OC 40mg kaufen \u2013 starkes Schmerzmittel f\u00fcr chronische Schmerzen. Diskreter Versand in Deutschland &amp; EU f\u00fcr sichere und zuverl\u00e4ssige Wirkung.\" \/>\n<meta property=\"og:url\" content=\"https:\/\/chemgramx.com\/it\/prodotto-1\/oxycontin-oc-40-mg-2\/\" \/>\n<meta property=\"og:site_name\" content=\"Chemgramx\" \/>\n<meta property=\"article:modified_time\" content=\"2025-12-11T01:06:35+00:00\" \/>\n<meta property=\"og:image\" content=\"https:\/\/chemgramx.com\/wp-content\/uploads\/2025\/12\/oxycontin-oc-40mg.jpeg\" \/>\n\t<meta property=\"og:image:width\" content=\"1600\" \/>\n\t<meta property=\"og:image:height\" content=\"1199\" \/>\n\t<meta property=\"og:image:type\" content=\"image\/jpeg\" \/>\n<meta name=\"twitter:card\" content=\"summary_large_image\" \/>\n<meta name=\"twitter:label1\" content=\"Tempo di lettura stimato\" \/>\n\t<meta name=\"twitter:data1\" content=\"4 minuti\" \/>\n<script type=\"application\/ld+json\" class=\"yoast-schema-graph\">{\"@context\":\"https:\\\/\\\/schema.org\",\"@graph\":[{\"@type\":\"WebPage\",\"@id\":\"https:\\\/\\\/chemgramx.com\\\/product\\\/oxycontin-oc-40mg-2\\\/\",\"url\":\"https:\\\/\\\/chemgramx.com\\\/product\\\/oxycontin-oc-40mg-2\\\/\",\"name\":\"Oxycontin OC 40mg online kaufen | Schmerzmittel\",\"isPartOf\":{\"@id\":\"https:\\\/\\\/chemgramx.com\\\/#website\"},\"primaryImageOfPage\":{\"@id\":\"https:\\\/\\\/chemgramx.com\\\/product\\\/oxycontin-oc-40mg-2\\\/#primaryimage\"},\"image\":{\"@id\":\"https:\\\/\\\/chemgramx.com\\\/product\\\/oxycontin-oc-40mg-2\\\/#primaryimage\"},\"thumbnailUrl\":\"https:\\\/\\\/chemgramx.com\\\/wp-content\\\/uploads\\\/2025\\\/12\\\/oxycontin-oc-40mg.jpeg\",\"datePublished\":\"2025-12-11T00:50:03+00:00\",\"dateModified\":\"2025-12-11T01:06:35+00:00\",\"description\":\"Oxycontin OC 40mg kaufen \u2013 starkes Schmerzmittel f\u00fcr chronische Schmerzen. Diskreter Versand in Deutschland &amp; EU f\u00fcr sichere und zuverl\u00e4ssige Wirkung.\",\"breadcrumb\":{\"@id\":\"https:\\\/\\\/chemgramx.com\\\/product\\\/oxycontin-oc-40mg-2\\\/#breadcrumb\"},\"inLanguage\":\"it-IT\",\"potentialAction\":[{\"@type\":\"ReadAction\",\"target\":[\"https:\\\/\\\/chemgramx.com\\\/product\\\/oxycontin-oc-40mg-2\\\/\"]}]},{\"@type\":\"ImageObject\",\"inLanguage\":\"it-IT\",\"@id\":\"https:\\\/\\\/chemgramx.com\\\/product\\\/oxycontin-oc-40mg-2\\\/#primaryimage\",\"url\":\"https:\\\/\\\/chemgramx.com\\\/wp-content\\\/uploads\\\/2025\\\/12\\\/oxycontin-oc-40mg.jpeg\",\"contentUrl\":\"https:\\\/\\\/chemgramx.com\\\/wp-content\\\/uploads\\\/2025\\\/12\\\/oxycontin-oc-40mg.jpeg\",\"width\":1600,\"height\":1199},{\"@type\":\"BreadcrumbList\",\"@id\":\"https:\\\/\\\/chemgramx.com\\\/product\\\/oxycontin-oc-40mg-2\\\/#breadcrumb\",\"itemListElement\":[{\"@type\":\"ListItem\",\"position\":1,\"name\":\"Home\",\"item\":\"https:\\\/\\\/chemgramx.com\\\/\"},{\"@type\":\"ListItem\",\"position\":2,\"name\":\"Shop\",\"item\":\"https:\\\/\\\/chemgramx.com\\\/shop\\\/\"},{\"@type\":\"ListItem\",\"position\":3,\"name\":\"Oxycontin OC 40mg\"}]},{\"@type\":\"WebSite\",\"@id\":\"https:\\\/\\\/chemgramx.com\\\/#website\",\"url\":\"https:\\\/\\\/chemgramx.com\\\/\",\"name\":\"Chemgramx\",\"description\":\"\",\"publisher\":{\"@id\":\"https:\\\/\\\/chemgramx.com\\\/#organization\"},\"potentialAction\":[{\"@type\":\"SearchAction\",\"target\":{\"@type\":\"EntryPoint\",\"urlTemplate\":\"https:\\\/\\\/chemgramx.com\\\/?s={search_term_string}\"},\"query-input\":{\"@type\":\"PropertyValueSpecification\",\"valueRequired\":true,\"valueName\":\"search_term_string\"}}],\"inLanguage\":\"it-IT\"},{\"@type\":\"Organization\",\"@id\":\"https:\\\/\\\/chemgramx.com\\\/#organization\",\"name\":\"Chemgramx\",\"url\":\"https:\\\/\\\/chemgramx.com\\\/\",\"logo\":{\"@type\":\"ImageObject\",\"inLanguage\":\"it-IT\",\"@id\":\"https:\\\/\\\/chemgramx.com\\\/#\\\/schema\\\/logo\\\/image\\\/\",\"url\":\"https:\\\/\\\/chemgramx.com\\\/wp-content\\\/uploads\\\/2024\\\/10\\\/final-logo.png\",\"contentUrl\":\"https:\\\/\\\/chemgramx.com\\\/wp-content\\\/uploads\\\/2024\\\/10\\\/final-logo.png\",\"width\":250,\"height\":48,\"caption\":\"Chemgramx\"},\"image\":{\"@id\":\"https:\\\/\\\/chemgramx.com\\\/#\\\/schema\\\/logo\\\/image\\\/\"}}]}<\/script>\n<!-- \/ Yoast SEO plugin. -->","yoast_head_json":{"title":"Comprare Oxycontin OC 40mg online | Antidolorifici","description":"Comprare Oxycontin OC 40mg - forte antidolorifico per il dolore cronico. Spedizione discreta in Germania e nell'UE per effetti sicuri e affidabili.","robots":{"index":"index","follow":"follow","max-snippet":"max-snippet:-1","max-image-preview":"max-image-preview:large","max-video-preview":"max-video-preview:-1"},"canonical":"https:\/\/chemgramx.com\/it\/prodotto-1\/oxycontin-oc-40-mg-2\/","og_locale":"it_IT","og_type":"article","og_title":"Oxycontin OC 40mg online kaufen | Schmerzmittel","og_description":"Oxycontin OC 40mg kaufen \u2013 starkes Schmerzmittel f\u00fcr chronische Schmerzen. Diskreter Versand in Deutschland &amp; EU f\u00fcr sichere und zuverl\u00e4ssige Wirkung.","og_url":"https:\/\/chemgramx.com\/it\/prodotto-1\/oxycontin-oc-40-mg-2\/","og_site_name":"Chemgramx","article_modified_time":"2025-12-11T01:06:35+00:00","og_image":[{"width":1600,"height":1199,"url":"https:\/\/chemgramx.com\/wp-content\/uploads\/2025\/12\/oxycontin-oc-40mg.jpeg","type":"image\/jpeg"}],"twitter_card":"summary_large_image","twitter_misc":{"Tempo di lettura stimato":"4 minuti"},"schema":{"@context":"https:\/\/schema.org","@graph":[{"@type":"WebPage","@id":"https:\/\/chemgramx.com\/product\/oxycontin-oc-40mg-2\/","url":"https:\/\/chemgramx.com\/product\/oxycontin-oc-40mg-2\/","name":"Comprare Oxycontin OC 40mg online | Antidolorifici","isPartOf":{"@id":"https:\/\/chemgramx.com\/#website"},"primaryImageOfPage":{"@id":"https:\/\/chemgramx.com\/product\/oxycontin-oc-40mg-2\/#primaryimage"},"image":{"@id":"https:\/\/chemgramx.com\/product\/oxycontin-oc-40mg-2\/#primaryimage"},"thumbnailUrl":"https:\/\/chemgramx.com\/wp-content\/uploads\/2025\/12\/oxycontin-oc-40mg.jpeg","datePublished":"2025-12-11T00:50:03+00:00","dateModified":"2025-12-11T01:06:35+00:00","description":"Comprare Oxycontin OC 40mg - forte antidolorifico per il dolore cronico. Spedizione discreta in Germania e nell'UE per effetti sicuri e affidabili.","breadcrumb":{"@id":"https:\/\/chemgramx.com\/product\/oxycontin-oc-40mg-2\/#breadcrumb"},"inLanguage":"it-IT","potentialAction":[{"@type":"ReadAction","target":["https:\/\/chemgramx.com\/product\/oxycontin-oc-40mg-2\/"]}]},{"@type":"ImageObject","inLanguage":"it-IT","@id":"https:\/\/chemgramx.com\/product\/oxycontin-oc-40mg-2\/#primaryimage","url":"https:\/\/chemgramx.com\/wp-content\/uploads\/2025\/12\/oxycontin-oc-40mg.jpeg","contentUrl":"https:\/\/chemgramx.com\/wp-content\/uploads\/2025\/12\/oxycontin-oc-40mg.jpeg","width":1600,"height":1199},{"@type":"BreadcrumbList","@id":"https:\/\/chemgramx.com\/product\/oxycontin-oc-40mg-2\/#breadcrumb","itemListElement":[{"@type":"ListItem","position":1,"name":"Home","item":"https:\/\/chemgramx.com\/"},{"@type":"ListItem","position":2,"name":"Shop","item":"https:\/\/chemgramx.com\/shop\/"},{"@type":"ListItem","position":3,"name":"Oxycontin OC 40mg"}]},{"@type":"WebSite","@id":"https:\/\/chemgramx.com\/#website","url":"https:\/\/chemgramx.com\/","name":"Chemgramx","description":"","publisher":{"@id":"https:\/\/chemgramx.com\/#organization"},"potentialAction":[{"@type":"SearchAction","target":{"@type":"EntryPoint","urlTemplate":"https:\/\/chemgramx.com\/?s={search_term_string}"},"query-input":{"@type":"PropertyValueSpecification","valueRequired":true,"valueName":"search_term_string"}}],"inLanguage":"it-IT"},{"@type":"Organization","@id":"https:\/\/chemgramx.com\/#organization","name":"Chemgramx","url":"https:\/\/chemgramx.com\/","logo":{"@type":"ImageObject","inLanguage":"it-IT","@id":"https:\/\/chemgramx.com\/#\/schema\/logo\/image\/","url":"https:\/\/chemgramx.com\/wp-content\/uploads\/2024\/10\/final-logo.png","contentUrl":"https:\/\/chemgramx.com\/wp-content\/uploads\/2024\/10\/final-logo.png","width":250,"height":48,"caption":"Chemgramx"},"image":{"@id":"https:\/\/chemgramx.com\/#\/schema\/logo\/image\/"}}]}},"_links":{"self":[{"href":"https:\/\/chemgramx.com\/it\/wp-json\/wp\/v2\/product\/8750","targetHints":{"allow":["GET"]}}],"collection":[{"href":"https:\/\/chemgramx.com\/it\/wp-json\/wp\/v2\/product"}],"about":[{"href":"https:\/\/chemgramx.com\/it\/wp-json\/wp\/v2\/types\/product"}],"replies":[{"embeddable":true,"href":"https:\/\/chemgramx.com\/it\/wp-json\/wp\/v2\/comments?post=8750"}],"wp:featuredmedia":[{"embeddable":true,"href":"https:\/\/chemgramx.com\/it\/wp-json\/wp\/v2\/media\/8771"}],"wp:attachment":[{"href":"https:\/\/chemgramx.com\/it\/wp-json\/wp\/v2\/media?parent=8750"}],"wp:term":[{"taxonomy":"product_brand","embeddable":true,"href":"https:\/\/chemgramx.com\/it\/wp-json\/wp\/v2\/product_brand?post=8750"},{"taxonomy":"product_cat","embeddable":true,"href":"https:\/\/chemgramx.com\/it\/wp-json\/wp\/v2\/product_cat?post=8750"},{"taxonomy":"product_tag","embeddable":true,"href":"https:\/\/chemgramx.com\/it\/wp-json\/wp\/v2\/product_tag?post=8750"}],"curies":[{"name":"wp","href":"https:\/\/api.w.org\/{rel}","templated":true}]}}