{"id":8766,"date":"2025-12-11T01:04:04","date_gmt":"2025-12-11T01:04:04","guid":{"rendered":"https:\/\/chemgramx.com\/?post_type=product&#038;p=8766"},"modified":"2025-12-11T01:05:13","modified_gmt":"2025-12-11T01:05:13","slug":"acquistare-boh-2c-b-hcl","status":"publish","type":"product","link":"https:\/\/chemgramx.com\/it\/product\/boh-2c-b-hcl-kaufen\/","title":{"rendered":"BOH-2C-B HCL Comprare"},"content":{"rendered":"<p><b>BOH-2C-B HCL<\/b> \u00e8 un prodotto chimico di ricerca specializzato di <b>massima qualit\u00e0<\/b>. <b>Gli esperti li determinano<\/b> esclusivamente per indagini scientifiche in ambienti di laboratorio strettamente controllati. Il nostro <b>Qualit\u00e0 elevata e analiticamente testata<\/b> garantito <b>Risultati affidabili<\/b> per progetti di ricerca complessi. <b>Consegniamo<\/b> il cloridrato nella sua forma pi\u00f9 pura, garantendo l'integrit\u00e0 analitica dei vostri esperimenti al massimo livello. <b>Questo prodotto \u00e8 quindi<\/b> un reagente indispensabile nella moderna ricerca farmacologica e tossicologica di base.<\/p>\n<h2><b>Propriet\u00e0 chimiche dettagliate e qualit\u00e0 farmaceutica<\/b><\/h2>\n<p>Il cloridrato BOH-2C-B \u00e8 uno strumento chimico preciso. <b>Gli scienziati lo descrivono<\/b> come un importante derivato della nota classe delle fenetilamine, che si presta in modo ideale alla ricerca specializzata e basata sui recettori. <b>La sua struttura chimica<\/b> permette ai ricercatori di studiare le sottili interazioni del sistema della serotonina.<\/p>\n<h4><b>Specifiche del prodotto in dettaglio<\/b><\/h4>\n<ul>\n<li><b>Nome chimico:<\/b> Cloridrato di BOH-2C-B<\/li>\n<li><b>Stampo:<\/b> Fine, puro <b>polvere cristallina<\/b><\/li>\n<li><b>Solubilit\u00e0:<\/b> <b>La sostanza si dissolve<\/b> eccellente in acqua. <b>Questo \u00e8 importante<\/b>, perch\u00e9 facilita la preparazione di soluzioni master precise per <i>In vitro<\/i>-I test sono semplificati.<\/li>\n<li><b>Purezza:<\/b> Garantiamo <span class=\"math-inline\" data-math=\"ge 98%\">98%<\/span> (<b>Confermato dall'analisi HPLC<\/b>). <b>Questo grado di purezza estremamente elevato corrisponde a<\/b> la qualit\u00e0 farmaceutica richiesta per gli studi scientifici.<\/li>\n<\/ul>\n<h4><b>Garanzia di qualit\u00e0: il nostro impegno per la riproducibilit\u00e0<\/b><\/h4>\n<p><b>Proteggiamo<\/b> qualit\u00e0 costante attraverso processi analitici interni ed esterni in pi\u00f9 fasi. <b>Questo vi d\u00e0<\/b> risultati coerenti e comparabili in ogni esperimento.<\/p>\n<ol start=\"1\">\n<li><b>Documentazione analitica:<\/b> <b>Aggiungiamo ad ogni ordine<\/b> completo e firmato <b>Certificati di analisi<\/b> con.<\/li>\n<li><b>Consistenza del lotto:<\/b> <b>Garantiamo<\/b> qualit\u00e0 costante. <b>Grazie a questa coerenza<\/b> i ricercatori possono condurre studi a lungo termine senza fattori di confondimento variabili.<\/li>\n<li><b>Stabilit\u00e0 e conservazione:<\/b> <b>La sostanza consente<\/b> conservazione a lungo termine senza problemi. <b>Tuttavia, si consiglia di<\/b>, rispettare rigorosamente le condizioni ottimali elencate di seguito.<\/li>\n<li><b>Grado di purezza:<\/b> <b>Raggiungiamo<\/b> la massima qualit\u00e0 attraverso una regolare <b>Analisi di laboratorio indipendenti<\/b>.<\/li>\n<\/ol>\n<h2><b>Aree di applicazione principali e ruolo della ricerca<\/b><\/h2>\n<p>BOH-2C-B HCL \u00e8 un reagente versatile. <b>\u00c8 indispensabile<\/b> per i laboratori che si concentrano sull'analisi dettagliata di nuove sostanze psicoattive e della loro attivit\u00e0 biologica. <b>Come risultato<\/b> I ricercatori lo utilizzano in quattro aree primarie e critiche.<\/p>\n<h3><b>Possibili aree di ricerca<\/b><\/h3>\n<ul>\n<li><b>Studi biochimici:<\/b> <b>I ricercatori analizzano<\/b> l'esatto <b>Affinit\u00e0 del recettore<\/b> e la selettivit\u00e0 della sostanza, in particolare per i recettori della serotonina e della dopamina. <b>Tali dati<\/b> sono fondamentali per lo sviluppo di nuovi farmaci.<\/li>\n<li><b>Studi farmacologici:<\/b> <b>Chiarire i test<\/b> l'esatto <b>Meccanismi d'azione<\/b> e l'attivazione a valle di vie di segnalazione cellulare. <b>L'obiettivo \u00e8<\/b>, per comprendere la cascata molecolare.<\/li>\n<li><b>Chimica analitica e medicina legale:<\/b> <b>I chimici sviluppano<\/b> e convalidare i nuovi <b>Metodi di rilevamento<\/b> (ad esempio, utilizzando GC-MS o LC-MS). <b>Questo \u00e8 importante<\/b> per la tossicologia forense e la determinazione del valore limite.<\/li>\n<li><b>Ricerca tossicologica:<\/b> <b>Determinare le analisi<\/b> la preclinica <b>Profilo di sicurezza<\/b>, metaboliti e tossicit\u00e0 cellulare (citotossicit\u00e0). <b>Questi dati<\/b> sono essenziali per la valutazione dei rischi.<\/li>\n<\/ul>\n<p><b>Inoltre<\/b> il prodotto chimico di elevata purezza serve come <b>Standard di riferimento<\/b>. <b>Ne avete bisogno<\/b>, per calibrare altre sostanze e garantire la precisione degli analizzatori.<\/p>\n<h2><b>Protocolli di sicurezza, archiviazione e conformit\u00e0 legale<\/b><\/h2>\n<p>\u00c8 assolutamente necessario attenersi ai protocolli di sicurezza. <b>Pertanto<\/b> BOH-2C-B HCL <b>solo a scopo di ricerca<\/b> determinato. <b>Insistiamo su<\/b> conformit\u00e0 a tutte le specifiche.<\/p>\n<h3><b>Precauzioni e attrezzature di sicurezza necessarie<\/b><\/h3>\n<p><b>\u00c8 necessario<\/b> la sostanza in un <b>strutture di laboratorio professionali e ben attrezzate<\/b> maniglia. <b>Indossare<\/b> sempre appropriato <b>Indumenti di protezione (DPI)<\/b>, compresi occhiali di sicurezza, camice e guanti adatti. <b>Assicurarsi che<\/b>, che l'intero team abbia <b>Misure di primo soccorso<\/b> e la scheda di sicurezza. <b>Il laboratorio deve avere<\/b> l'infrastruttura necessaria per il <b>Smaltimento professionale<\/b> di rifiuti chimici.<\/p>\n<h3><b>Condizioni di conservazione ottimali<\/b><\/h3>\n<p>Mantenere la stabilit\u00e0 e l'integrit\u00e0 chimica per un lungo periodo di tempo, <b>negozio<\/b> la polvere in modo ottimale:<\/p>\n<ul>\n<li><b>Temperatura:<\/b> Con il controllo <b>Temperatura ambiente<\/b> <span class=\"math-inline\" data-math=\"15text{\u2013}25^{circ}text{C}\">15-25{C}<\/span>. <b>Evitare oscillazioni di temperatura estreme<\/b> nel processo.<\/li>\n<li><b>Umidit\u00e0:<\/b> In un <b>ambiente secco<\/b> (<span class=\"math-inline\" data-math=\"&lt;60%\">&lt;60%<\/span>\u00a0umidit\u00e0 relativa). <b>L'umidit\u00e0 pu\u00f2<\/b> influenzano l'idratazione del sale cloridrico.<\/li>\n<li><b>Protezione dalla luce:<\/b> <b>Proteggerlo<\/b> dalla luce diretta del sole. <b>Pertanto, memorizzarlo<\/b> in contenitori opachi.<\/li>\n<li><b>Contenitore:<\/b> <b>Tenetelo<\/b> Tenere sempre il contenitore ben chiuso per evitare contaminazioni.<\/li>\n<\/ul>\n<h2><b>Informazioni per l'ordine e disposizioni importanti<\/b><\/h2>\n<p><b>Consegniamo<\/b> BOH-2C-B HCL a organizzazioni di ricerca qualificate e registrate.<\/p>\n<h3><b>Quantit\u00e0 disponibili e requisiti per l'ordine<\/b><\/h3>\n<p><b>Offriamo quantit\u00e0 flessibili:<\/b> Campione di ricerca (10 mg), piccola quantit\u00e0 (25 mg), quantit\u00e0 standard (50 mg) e grande quantit\u00e0 (100 mg).<\/p>\n<p><b>L'ordine richiede quanto segue:<\/b><\/p>\n<ol start=\"1\">\n<li><b>Certificato dell'Istituto:<\/b> Presentazione della documentazione ufficiale dell'istituto di ricerca.<\/li>\n<li><b>Uso previsto:<\/b> Una descrizione dettagliata del progetto di ricerca.<\/li>\n<li><b>Prova di qualificazione:<\/b> <b>\u00c8 necessario<\/b> dimostrare la competenza professionale dello scienziato responsabile.<\/li>\n<\/ol>\n<h2><b>Le domande frequenti (FAQ) fanno luce sul suo utilizzo:<\/b><\/h2>\n<ul>\n<li><b>D: BOH-2C-B HCL \u00e8 adatto al consumo umano o alla medicina veterinaria?<\/b><b>A:<\/b> No, <b>Questo prodotto \u00e8 solo per scopi di ricerca<\/b> determinati in laboratori controllati. <b>Vietiamo<\/b> qualsiasi forma di consumo umano o animale, poich\u00e9 non sono disponibili dati di sicurezza per questo uso.<\/li>\n<li><b>D: Quale documentazione analitica \u00e8 inclusa in ogni consegna?<\/b><b>A:<\/b> Ogni consegna contiene un <b>Scheda tecnica analitica completa<\/b> e un <b>Certificato di lotto<\/b>. Questi documenti confermano il grado di purezza di <span class=\"math-inline\" data-math=\"ge 98%\">$ge 98%$<\/span> attraverso <b>Analisi HPLC<\/b>.<\/li>\n<li><b>D: Ho bisogno di permessi o licenze speciali per l'acquisto?<\/b><b>A:<\/b> S\u00ec, indirettamente. <b>Gli istituti di ricerca devono<\/b> il <b>leggi locali e normative nazionali<\/b> (ad es. regolamenti BtMG, se applicabili). <b>L'acquirente \u00e8 responsabile<\/b> per la conformit\u00e0 a tutte le norme di importazione e di utilizzo nel Paese di destinazione.<\/li>\n<li><b>D: Come si ottiene l'elevata purezza di <span class=\"math-inline\" data-math=\"ge 98%\">$ge 98%$<\/span> garantito?<\/b><b>A:<\/b> <b>Garantiamo la purezza<\/b> attraverso processi di sintesi strettamente controllati e <b>Analisi di laboratorio regolari e indipendenti<\/b> da fornitori terzi. <b>Questa procedura<\/b> garantisce la qualit\u00e0 farmaceutica costante necessaria per una ricerca affidabile.<\/li>\n<\/ul>\n<h4><b>Requisiti per l'ordine e informazioni legali<\/b><\/h4>\n<p>Offriamo diversi formati di imballaggio. <b>Per escludere un uso improprio<\/b>, forniamo solo istituti di ricerca qualificati.<\/p>\n<p><b>L'ordine richiede:<\/b><\/p>\n<ol start=\"1\">\n<li><b>Certificato dell'Istituto:<\/b> Presentazione della documentazione ufficiale.<\/li>\n<li><b>Uso previsto:<\/b> Una descrizione scientifica del progetto di ricerca.<\/li>\n<li><b>Scheda di sicurezza:<\/b> <b>\u00c8 necessario<\/b> confermate di averne preso nota.<\/li>\n<\/ol>","protected":false},"excerpt":{"rendered":"<p>Comprare BOH-2C-B HCL: Prodotto chimico di ricerca di elevata purezza in forma di cloridrato. Esclusivamente per scopi di ricerca scientifica in ambienti di laboratorio. Qualit\u00e0 testata in laboratorio con certificato di analisi.<\/p>","protected":false},"featured_media":8793,"comment_status":"open","ping_status":"closed","template":"","meta":{"_joinchat":[]},"product_brand":[],"product_cat":[51],"product_tag":[3076,3073,2907,3080,2917,3079,3077,3078,3074,3075],"class_list":{"0":"post-8766","1":"product","2":"type-product","3":"status-publish","4":"has-post-thumbnail","6":"product_cat-phenethylamines","7":"product_tag-analytische-chemie","8":"product_tag-boh-2c-b-hcl","9":"product_tag-forschungschemikalie","10":"product_tag-hydrochlorid","11":"product_tag-laborchemikalie","12":"product_tag-laborqualitaet","13":"product_tag-pharmakologische-studie","14":"product_tag-reinstoff","15":"product_tag-research-chemical","16":"product_tag-wissenschaftliche-forschung","18":"first","19":"instock","20":"shipping-taxable","21":"purchasable","22":"product-type-variable"},"yoast_head":"<!-- This site is optimized with the Yoast SEO plugin v27.5 - https:\/\/yoast.com\/product\/yoast-seo-wordpress\/ -->\n<title>BOH-2C-B HCL Kaufen | Research Chemical | Laborqualit\u00e4t Chemgramx<\/title>\n<meta name=\"description\" content=\"BOH-2C-B HCL kaufen - Hochreine Forschungschemikalie f\u00fcr wissenschaftliche Zwecke. Laborgepr\u00fcfte Qualit\u00e4t, diskret &amp; sicher. Nur f\u00fcr Forschungszwecke.\" \/>\n<meta name=\"robots\" content=\"index, follow, max-snippet:-1, max-image-preview:large, max-video-preview:-1\" \/>\n<link rel=\"canonical\" href=\"https:\/\/chemgramx.com\/it\/prodotto-1\/acquistare-boh-2c-b-hcl\/\" \/>\n<meta property=\"og:locale\" content=\"it_IT\" \/>\n<meta property=\"og:type\" content=\"article\" \/>\n<meta property=\"og:title\" content=\"BOH-2C-B HCL Kaufen | Research Chemical | Laborqualit\u00e4t Chemgramx\" \/>\n<meta property=\"og:description\" content=\"BOH-2C-B HCL kaufen - Hochreine Forschungschemikalie f\u00fcr wissenschaftliche Zwecke. Laborgepr\u00fcfte Qualit\u00e4t, diskret &amp; sicher. Nur f\u00fcr Forschungszwecke.\" \/>\n<meta property=\"og:url\" content=\"https:\/\/chemgramx.com\/it\/prodotto-1\/acquistare-boh-2c-b-hcl\/\" \/>\n<meta property=\"og:site_name\" content=\"Chemgramx\" \/>\n<meta property=\"article:modified_time\" content=\"2025-12-11T01:05:13+00:00\" \/>\n<meta property=\"og:image\" content=\"https:\/\/chemgramx.com\/wp-content\/uploads\/2025\/12\/boh-2c-b-hcl-hydrochloride-chem-store-online.png\" \/>\n\t<meta property=\"og:image:width\" content=\"689\" \/>\n\t<meta property=\"og:image:height\" content=\"357\" \/>\n\t<meta property=\"og:image:type\" content=\"image\/png\" \/>\n<meta name=\"twitter:card\" content=\"summary_large_image\" \/>\n<meta name=\"twitter:label1\" content=\"Tempo di lettura stimato\" \/>\n\t<meta name=\"twitter:data1\" content=\"4 minuti\" \/>\n<script type=\"application\/ld+json\" class=\"yoast-schema-graph\">{\"@context\":\"https:\\\/\\\/schema.org\",\"@graph\":[{\"@type\":\"WebPage\",\"@id\":\"https:\\\/\\\/chemgramx.com\\\/product\\\/boh-2c-b-hcl-kaufen\\\/\",\"url\":\"https:\\\/\\\/chemgramx.com\\\/product\\\/boh-2c-b-hcl-kaufen\\\/\",\"name\":\"BOH-2C-B HCL Kaufen | Research Chemical | Laborqualit\u00e4t Chemgramx\",\"isPartOf\":{\"@id\":\"https:\\\/\\\/chemgramx.com\\\/#website\"},\"primaryImageOfPage\":{\"@id\":\"https:\\\/\\\/chemgramx.com\\\/product\\\/boh-2c-b-hcl-kaufen\\\/#primaryimage\"},\"image\":{\"@id\":\"https:\\\/\\\/chemgramx.com\\\/product\\\/boh-2c-b-hcl-kaufen\\\/#primaryimage\"},\"thumbnailUrl\":\"https:\\\/\\\/chemgramx.com\\\/wp-content\\\/uploads\\\/2025\\\/12\\\/boh-2c-b-hcl-hydrochloride-chem-store-online.png\",\"datePublished\":\"2025-12-11T01:04:04+00:00\",\"dateModified\":\"2025-12-11T01:05:13+00:00\",\"description\":\"BOH-2C-B HCL kaufen - Hochreine Forschungschemikalie f\u00fcr wissenschaftliche Zwecke. Laborgepr\u00fcfte Qualit\u00e4t, diskret &amp; sicher. Nur f\u00fcr Forschungszwecke.\",\"breadcrumb\":{\"@id\":\"https:\\\/\\\/chemgramx.com\\\/product\\\/boh-2c-b-hcl-kaufen\\\/#breadcrumb\"},\"inLanguage\":\"it-IT\",\"potentialAction\":[{\"@type\":\"ReadAction\",\"target\":[\"https:\\\/\\\/chemgramx.com\\\/product\\\/boh-2c-b-hcl-kaufen\\\/\"]}]},{\"@type\":\"ImageObject\",\"inLanguage\":\"it-IT\",\"@id\":\"https:\\\/\\\/chemgramx.com\\\/product\\\/boh-2c-b-hcl-kaufen\\\/#primaryimage\",\"url\":\"https:\\\/\\\/chemgramx.com\\\/wp-content\\\/uploads\\\/2025\\\/12\\\/boh-2c-b-hcl-hydrochloride-chem-store-online.png\",\"contentUrl\":\"https:\\\/\\\/chemgramx.com\\\/wp-content\\\/uploads\\\/2025\\\/12\\\/boh-2c-b-hcl-hydrochloride-chem-store-online.png\",\"width\":689,\"height\":357},{\"@type\":\"BreadcrumbList\",\"@id\":\"https:\\\/\\\/chemgramx.com\\\/product\\\/boh-2c-b-hcl-kaufen\\\/#breadcrumb\",\"itemListElement\":[{\"@type\":\"ListItem\",\"position\":1,\"name\":\"Home\",\"item\":\"https:\\\/\\\/chemgramx.com\\\/\"},{\"@type\":\"ListItem\",\"position\":2,\"name\":\"Shop\",\"item\":\"https:\\\/\\\/chemgramx.com\\\/shop\\\/\"},{\"@type\":\"ListItem\",\"position\":3,\"name\":\"BOH-2C-B HCL Kaufen\"}]},{\"@type\":\"WebSite\",\"@id\":\"https:\\\/\\\/chemgramx.com\\\/#website\",\"url\":\"https:\\\/\\\/chemgramx.com\\\/\",\"name\":\"Chemgramx\",\"description\":\"\",\"publisher\":{\"@id\":\"https:\\\/\\\/chemgramx.com\\\/#organization\"},\"potentialAction\":[{\"@type\":\"SearchAction\",\"target\":{\"@type\":\"EntryPoint\",\"urlTemplate\":\"https:\\\/\\\/chemgramx.com\\\/?s={search_term_string}\"},\"query-input\":{\"@type\":\"PropertyValueSpecification\",\"valueRequired\":true,\"valueName\":\"search_term_string\"}}],\"inLanguage\":\"it-IT\"},{\"@type\":\"Organization\",\"@id\":\"https:\\\/\\\/chemgramx.com\\\/#organization\",\"name\":\"Chemgramx\",\"url\":\"https:\\\/\\\/chemgramx.com\\\/\",\"logo\":{\"@type\":\"ImageObject\",\"inLanguage\":\"it-IT\",\"@id\":\"https:\\\/\\\/chemgramx.com\\\/#\\\/schema\\\/logo\\\/image\\\/\",\"url\":\"https:\\\/\\\/chemgramx.com\\\/wp-content\\\/uploads\\\/2024\\\/10\\\/final-logo.png\",\"contentUrl\":\"https:\\\/\\\/chemgramx.com\\\/wp-content\\\/uploads\\\/2024\\\/10\\\/final-logo.png\",\"width\":250,\"height\":48,\"caption\":\"Chemgramx\"},\"image\":{\"@id\":\"https:\\\/\\\/chemgramx.com\\\/#\\\/schema\\\/logo\\\/image\\\/\"}}]}<\/script>\n<!-- \/ Yoast SEO plugin. -->","yoast_head_json":{"title":"BOH-2C-B HCL Comprare | Ricerca chimica | Qualit\u00e0 di laboratorio Chemgramx","description":"Comprare BOH-2C-B HCL - Prodotto chimico di ricerca ad alta purezza per scopi scientifici. Qualit\u00e0 testata in laboratorio, discreta e sicura. Solo per uso di ricerca.","robots":{"index":"index","follow":"follow","max-snippet":"max-snippet:-1","max-image-preview":"max-image-preview:large","max-video-preview":"max-video-preview:-1"},"canonical":"https:\/\/chemgramx.com\/it\/prodotto-1\/acquistare-boh-2c-b-hcl\/","og_locale":"it_IT","og_type":"article","og_title":"BOH-2C-B HCL Kaufen | Research Chemical | Laborqualit\u00e4t Chemgramx","og_description":"BOH-2C-B HCL kaufen - Hochreine Forschungschemikalie f\u00fcr wissenschaftliche Zwecke. Laborgepr\u00fcfte Qualit\u00e4t, diskret &amp; sicher. Nur f\u00fcr Forschungszwecke.","og_url":"https:\/\/chemgramx.com\/it\/prodotto-1\/acquistare-boh-2c-b-hcl\/","og_site_name":"Chemgramx","article_modified_time":"2025-12-11T01:05:13+00:00","og_image":[{"width":689,"height":357,"url":"https:\/\/chemgramx.com\/wp-content\/uploads\/2025\/12\/boh-2c-b-hcl-hydrochloride-chem-store-online.png","type":"image\/png"}],"twitter_card":"summary_large_image","twitter_misc":{"Tempo di lettura stimato":"4 minuti"},"schema":{"@context":"https:\/\/schema.org","@graph":[{"@type":"WebPage","@id":"https:\/\/chemgramx.com\/product\/boh-2c-b-hcl-kaufen\/","url":"https:\/\/chemgramx.com\/product\/boh-2c-b-hcl-kaufen\/","name":"BOH-2C-B HCL Comprare | Ricerca chimica | Qualit\u00e0 di laboratorio Chemgramx","isPartOf":{"@id":"https:\/\/chemgramx.com\/#website"},"primaryImageOfPage":{"@id":"https:\/\/chemgramx.com\/product\/boh-2c-b-hcl-kaufen\/#primaryimage"},"image":{"@id":"https:\/\/chemgramx.com\/product\/boh-2c-b-hcl-kaufen\/#primaryimage"},"thumbnailUrl":"https:\/\/chemgramx.com\/wp-content\/uploads\/2025\/12\/boh-2c-b-hcl-hydrochloride-chem-store-online.png","datePublished":"2025-12-11T01:04:04+00:00","dateModified":"2025-12-11T01:05:13+00:00","description":"Comprare BOH-2C-B HCL - Prodotto chimico di ricerca ad alta purezza per scopi scientifici. Qualit\u00e0 testata in laboratorio, discreta e sicura. Solo per uso di ricerca.","breadcrumb":{"@id":"https:\/\/chemgramx.com\/product\/boh-2c-b-hcl-kaufen\/#breadcrumb"},"inLanguage":"it-IT","potentialAction":[{"@type":"ReadAction","target":["https:\/\/chemgramx.com\/product\/boh-2c-b-hcl-kaufen\/"]}]},{"@type":"ImageObject","inLanguage":"it-IT","@id":"https:\/\/chemgramx.com\/product\/boh-2c-b-hcl-kaufen\/#primaryimage","url":"https:\/\/chemgramx.com\/wp-content\/uploads\/2025\/12\/boh-2c-b-hcl-hydrochloride-chem-store-online.png","contentUrl":"https:\/\/chemgramx.com\/wp-content\/uploads\/2025\/12\/boh-2c-b-hcl-hydrochloride-chem-store-online.png","width":689,"height":357},{"@type":"BreadcrumbList","@id":"https:\/\/chemgramx.com\/product\/boh-2c-b-hcl-kaufen\/#breadcrumb","itemListElement":[{"@type":"ListItem","position":1,"name":"Home","item":"https:\/\/chemgramx.com\/"},{"@type":"ListItem","position":2,"name":"Shop","item":"https:\/\/chemgramx.com\/shop\/"},{"@type":"ListItem","position":3,"name":"BOH-2C-B HCL Kaufen"}]},{"@type":"WebSite","@id":"https:\/\/chemgramx.com\/#website","url":"https:\/\/chemgramx.com\/","name":"Chemgramx","description":"","publisher":{"@id":"https:\/\/chemgramx.com\/#organization"},"potentialAction":[{"@type":"SearchAction","target":{"@type":"EntryPoint","urlTemplate":"https:\/\/chemgramx.com\/?s={search_term_string}"},"query-input":{"@type":"PropertyValueSpecification","valueRequired":true,"valueName":"search_term_string"}}],"inLanguage":"it-IT"},{"@type":"Organization","@id":"https:\/\/chemgramx.com\/#organization","name":"Chemgramx","url":"https:\/\/chemgramx.com\/","logo":{"@type":"ImageObject","inLanguage":"it-IT","@id":"https:\/\/chemgramx.com\/#\/schema\/logo\/image\/","url":"https:\/\/chemgramx.com\/wp-content\/uploads\/2024\/10\/final-logo.png","contentUrl":"https:\/\/chemgramx.com\/wp-content\/uploads\/2024\/10\/final-logo.png","width":250,"height":48,"caption":"Chemgramx"},"image":{"@id":"https:\/\/chemgramx.com\/#\/schema\/logo\/image\/"}}]}},"_links":{"self":[{"href":"https:\/\/chemgramx.com\/it\/wp-json\/wp\/v2\/product\/8766","targetHints":{"allow":["GET"]}}],"collection":[{"href":"https:\/\/chemgramx.com\/it\/wp-json\/wp\/v2\/product"}],"about":[{"href":"https:\/\/chemgramx.com\/it\/wp-json\/wp\/v2\/types\/product"}],"replies":[{"embeddable":true,"href":"https:\/\/chemgramx.com\/it\/wp-json\/wp\/v2\/comments?post=8766"}],"wp:featuredmedia":[{"embeddable":true,"href":"https:\/\/chemgramx.com\/it\/wp-json\/wp\/v2\/media\/8793"}],"wp:attachment":[{"href":"https:\/\/chemgramx.com\/it\/wp-json\/wp\/v2\/media?parent=8766"}],"wp:term":[{"taxonomy":"product_brand","embeddable":true,"href":"https:\/\/chemgramx.com\/it\/wp-json\/wp\/v2\/product_brand?post=8766"},{"taxonomy":"product_cat","embeddable":true,"href":"https:\/\/chemgramx.com\/it\/wp-json\/wp\/v2\/product_cat?post=8766"},{"taxonomy":"product_tag","embeddable":true,"href":"https:\/\/chemgramx.com\/it\/wp-json\/wp\/v2\/product_tag?post=8766"}],"curies":[{"name":"wp","href":"https:\/\/api.w.org\/{rel}","templated":true}]}}