{"id":8786,"date":"2025-12-11T01:04:48","date_gmt":"2025-12-11T01:04:48","guid":{"rendered":"https:\/\/chemgramx.com\/?post_type=product&#038;p=8786"},"modified":"2025-12-11T01:06:01","modified_gmt":"2025-12-11T01:06:01","slug":"acquistare-pillole-tesla-blu-mdma-online","status":"publish","type":"product","link":"https:\/\/chemgramx.com\/it\/product\/blue-tesla-pills-mdma-online-kaufen\/","title":{"rendered":"Comprare pillole di Tesla Blu MDMA online"},"content":{"rendered":"<h2 data-start=\"131\" data-end=\"221\">Acquista online le pillole Blue Tesla MDMA: Premium per il miglioramento cognitivo ed emotivo<\/h2>\n<h2 data-start=\"223\" data-end=\"238\">introduzione<\/h2>\n<p data-start=\"240\" data-end=\"678\">Con la crescente domanda di miglioramento delle prestazioni cognitive, <a href=\"https:\/\/chemgramx.com\/product\/blue-tesla-pills-mdma\/\">Acquistare online le pillole Blue Tesla MDMA<\/a> Si \u00e8 affermato come la scelta ideale per chi desidera migliorare la propria lucidit\u00e0 mentale, l'umore e la connessione emotiva. Noto per i suoi effetti intensi e costanti, questo prodotto offre un'esperienza potente ma equilibrata ed \u00e8 particolarmente apprezzato dagli utenti esperti che cercano risultati affidabili.<\/p>\n<h3 data-start=\"680\" data-end=\"715\">Cos'\u00e8 la Blue Tesla Pills MDMA?<\/h3>\n<p data-start=\"717\" data-end=\"1031\">Pillole Tesla blu <a href=\"https:\/\/en.wikipedia.org\/wiki\/MDMA\">MDMA<\/a> in vendita sono formulazioni di alta qualit\u00e0 di 3,4-metilendiossi-N-metilamfetamina (MDMA), progettate per un dosaggio preciso ed effetti psicoattivi sempre intensi. Le Blue Tesla Pills MDMA offrono risultati affidabili in termini di euforia, empatia e chiarezza mentale.<\/p>\n<h3 data-start=\"1033\" data-end=\"1070\">Profilo chimico e storia<\/h3>\n<p data-start=\"1072\" data-end=\"1428\">L'MDMA \u00e8 stata sintetizzata per la prima volta all'inizio del XX secolo ed \u00e8 nota per la sua capacit\u00e0 di promuovere l'empatia, l'apertura emotiva e le funzioni cognitive. Acquistare le pillole Blue Tesla MDMA da fornitori affidabili garantisce purezza e potenza, motivo per cui sono particolarmente apprezzate nella comunit\u00e0 del potenziamento cognitivo.<\/p>\n<h3 data-start=\"1430\" data-end=\"1448\">Modalit\u00e0 d'azione<\/h3>\n<p data-start=\"1450\" data-end=\"1580\">Pillole di Tesla Blu: l'MDMA favorisce il rilascio di neurotrasmettitori come serotonina, dopamina e noradrenalina. Questo porta a:<\/p>\n<ul data-start=\"1582\" data-end=\"1701\">\n<li data-start=\"1582\" data-end=\"1607\">\n<p data-start=\"1584\" data-end=\"1607\">Umore migliorato<\/p>\n<\/li>\n<li data-start=\"1608\" data-end=\"1642\">\n<p data-start=\"1610\" data-end=\"1642\">Maggiore prontezza mentale<\/p>\n<\/li>\n<li data-start=\"1643\" data-end=\"1668\">\n<p data-start=\"1645\" data-end=\"1668\">Maggiore empatia<\/p>\n<\/li>\n<li data-start=\"1669\" data-end=\"1701\">\n<p data-start=\"1671\" data-end=\"1701\">Legami sociali pi\u00f9 forti<\/p>\n<\/li>\n<\/ul>\n<p data-start=\"1703\" data-end=\"1835\">L'MDMA pu\u00f2 anche avere effetti neuroprotettivi favorendo la plasticit\u00e0 sinaptica e la salute cognitiva.<\/p>\n<h3 data-start=\"1837\" data-end=\"1876\">Benefici delle pillole Blue Tesla MDMA<\/h3>\n<ul data-start=\"1878\" data-end=\"2083\">\n<li data-start=\"1878\" data-end=\"1915\">\n<p data-start=\"1880\" data-end=\"1915\">Connessione emotiva migliorata<\/p>\n<\/li>\n<li data-start=\"1916\" data-end=\"1961\">\n<p data-start=\"1918\" data-end=\"1961\">Funzioni cognitive e concentrazione ottimizzate<\/p>\n<\/li>\n<li data-start=\"1962\" data-end=\"1994\">\n<p data-start=\"1964\" data-end=\"1994\">Aumento dell'umore e dell'energia<\/p>\n<\/li>\n<li data-start=\"1995\" data-end=\"2043\">\n<p data-start=\"1997\" data-end=\"2043\">Dosaggio costante per effetti affidabili<\/p>\n<\/li>\n<li data-start=\"2044\" data-end=\"2083\">\n<p data-start=\"2046\" data-end=\"2083\">Potenziali effetti neuroprotettivi<\/p>\n<\/li>\n<\/ul>\n<h3 data-start=\"2085\" data-end=\"2106\">Possibili effetti<\/h3>\n<p data-start=\"2108\" data-end=\"2132\">Gli utenti segnalano:<\/p>\n<ul data-start=\"2134\" data-end=\"2331\">\n<li data-start=\"2134\" data-end=\"2175\">\n<p data-start=\"2136\" data-end=\"2175\">Maggiore empatia e calore emotivo<\/p>\n<\/li>\n<li data-start=\"2176\" data-end=\"2220\">\n<p data-start=\"2178\" data-end=\"2220\">Aumento di energia e concentrazione<\/p>\n<\/li>\n<li data-start=\"2221\" data-end=\"2279\">\n<p data-start=\"2223\" data-end=\"2279\">Tensione temporanea della mascella o digrignamento dei denti<\/p>\n<\/li>\n<li data-start=\"2280\" data-end=\"2331\">\n<p data-start=\"2282\" data-end=\"2331\">Lieve aumento della frequenza cardiaca e della pressione sanguigna<\/p>\n<\/li>\n<\/ul>\n<p data-start=\"2333\" data-end=\"2449\">Un consumo responsabile, nel rispetto delle linee guida sul dosaggio, \u00e8 fondamentale per la sicurezza e per risultati ottimali.<\/p>\n<h3 data-start=\"2451\" data-end=\"2506\">Forme disponibili di Blue Tesla Pills MDMA online<\/h3>\n<ul data-start=\"2508\" data-end=\"2694\">\n<li data-start=\"2508\" data-end=\"2570\">\n<p data-start=\"2510\" data-end=\"2570\">Polvere: dosaggio flessibile e metodi di somministrazione preferiti<\/p>\n<\/li>\n<li data-start=\"2571\" data-end=\"2628\">\n<p data-start=\"2573\" data-end=\"2628\">Capsule: dosi premisurate per un uso discreto<\/p>\n<\/li>\n<li data-start=\"2629\" data-end=\"2694\">\n<p data-start=\"2631\" data-end=\"2694\">Compresse sublinguali: assorbimento e inizio dell'azione pi\u00f9 rapidi<\/p>\n<\/li>\n<\/ul>\n<h3 data-start=\"2696\" data-end=\"2719\">Stato giuridico<\/h3>\n<p data-start=\"2721\" data-end=\"2983\">La legalit\u00e0 dell'MDMA, comprese le Blue Tesla Pills MDMAonline kaufen, varia in tutto il mondo. In paesi come gli Stati Uniti, il Regno Unito e l'Unione Europea, l'MDMA \u00e8 una sostanza controllata. Prima di procedere all'acquisto, \u00e8 necessario verificare le leggi locali per evitare rischi.<\/p>\n<h3 data-start=\"2985\" data-end=\"3028\">Wie w\u00e4hlt man einen seri\u00f6sen Anbieter?<\/h3>\n<p data-start=\"3030\" data-end=\"3094\">Quando si acquistano online le pillole Blue Tesla MDMA, prestare attenzione a:<\/p>\n<ul data-start=\"3096\" data-end=\"3326\">\n<li data-start=\"3096\" data-end=\"3167\">\n<p data-start=\"3098\" data-end=\"3167\">Test di laboratorio trasparenti per confermare purezza e sicurezza<\/p>\n<\/li>\n<li data-start=\"3168\" data-end=\"3209\">\n<p data-start=\"3170\" data-end=\"3209\">Metodi di pagamento sicuri e discreti<\/p>\n<\/li>\n<li data-start=\"3210\" data-end=\"3272\">\n<p data-start=\"3212\" data-end=\"3272\">Recensioni positive dei clienti e servizio clienti affidabile<\/p>\n<\/li>\n<li data-start=\"3273\" data-end=\"3326\">\n<p data-start=\"3275\" data-end=\"3326\">Informazioni dettagliate sul prodotto e sul dosaggio<\/p>\n<\/li>\n<\/ul>\n<p data-start=\"3328\" data-end=\"3424\">Un fornitore affidabile garantisce l'autenticit\u00e0, la sicurezza e la soddisfazione del prodotto.<\/p>\n<h3 data-start=\"3426\" data-end=\"3436\">Conclusione<\/h3>\n<p data-start=\"3438\" data-end=\"3862\">Comprare Blue Tesla Pills L'MDMA \u00e8 una scelta di prima classe per chiunque voglia migliorare le proprie capacit\u00e0 cognitive ed emotive. Grazie agli effetti bilanciati, all'elevata purezza e al dosaggio costante, il prodotto \u00e8 ideale per gli utenti esperti. Trovate il posto migliore per acquistare Blue Tesla Pills MDMA online e iniziate oggi stesso il vostro viaggio verso una maggiore chiarezza mentale e connettivit\u00e0 emotiva.<\/p>","protected":false},"excerpt":{"rendered":"<p><strong>Pillole blu Tesla MDMA<\/strong>\u00a0offre la dose ideale per un'euforia di alta qualit\u00e0 e un'energia di lunga durata. Ogni compressa viene accuratamente testata, garantendo la massima sicurezza e purezza. Ideale per gli utenti esperti che cercano effetti potenti per festival, feste o serate rilassanti. Vivete un'esperienza indimenticabile con Blue Tesla Pills.<\/p>","protected":false},"featured_media":8821,"comment_status":"open","ping_status":"closed","template":"","meta":{"_joinchat":[]},"product_brand":[],"product_cat":[2846],"product_tag":[2345,2348,2344,2346,2017,2164,2347,2018,2015,2148],"class_list":{"0":"post-8786","1":"product","2":"type-product","3":"status-publish","4":"has-post-thumbnail","6":"product_cat-ecstasy-pills","7":"product_tag-blue-tesla-mdma","8":"product_tag-blue-tesla-mdma-kaufen","9":"product_tag-blue-tesla-pills","10":"product_tag-mdma-blue-tesla","11":"product_tag-mdma-kristalle","12":"product_tag-mdma-online-kaufen","13":"product_tag-mdma-pillen-kaufen","14":"product_tag-mdma-zum-verkauf","15":"product_tag-synthetische-drogen","16":"product_tag-tesla-pills-mdma","18":"first","19":"instock","20":"shipping-taxable","21":"purchasable","22":"product-type-variable"},"yoast_head":"<!-- This site is optimized with the Yoast SEO plugin v27.5 - https:\/\/yoast.com\/product\/yoast-seo-wordpress\/ -->\n<title>Blue Tesla Pills MDMA online Kaufen | Chemgramx<\/title>\n<meta name=\"description\" content=\"In unserem Chemgramx-Shop k\u00f6nnen Sie Blue Tesla Pills MDMA zu g\u00fcnstigen Preisen kaufen. Wir handeln ausschlie\u00dflich mit Produkten der Klasse A. Kaufen Sie Blue Tesla Pills MDMA jetzt online in unserem Shop mit schnellem und sicherem Versandservice.\" \/>\n<meta name=\"robots\" content=\"index, follow, max-snippet:-1, max-image-preview:large, max-video-preview:-1\" \/>\n<link rel=\"canonical\" href=\"https:\/\/chemgramx.com\/it\/prodotto-1\/acquistare-pillole-tesla-blu-mdma-online\/\" \/>\n<meta property=\"og:locale\" content=\"it_IT\" \/>\n<meta property=\"og:type\" content=\"article\" \/>\n<meta property=\"og:title\" content=\"Blue Tesla Pills MDMA online Kaufen | Chemgramx\" \/>\n<meta property=\"og:description\" content=\"In unserem Chemgramx-Shop k\u00f6nnen Sie Blue Tesla Pills MDMA zu g\u00fcnstigen Preisen kaufen. Wir handeln ausschlie\u00dflich mit Produkten der Klasse A. Kaufen Sie Blue Tesla Pills MDMA jetzt online in unserem Shop mit schnellem und sicherem Versandservice.\" \/>\n<meta property=\"og:url\" content=\"https:\/\/chemgramx.com\/it\/prodotto-1\/acquistare-pillole-tesla-blu-mdma-online\/\" \/>\n<meta property=\"og:site_name\" content=\"Chemgramx\" \/>\n<meta property=\"article:modified_time\" content=\"2025-12-11T01:06:01+00:00\" \/>\n<meta property=\"og:image\" content=\"https:\/\/chemgramx.com\/wp-content\/uploads\/2025\/12\/p-9.png\" \/>\n\t<meta property=\"og:image:width\" content=\"600\" \/>\n\t<meta property=\"og:image:height\" content=\"400\" \/>\n\t<meta property=\"og:image:type\" content=\"image\/png\" \/>\n<meta name=\"twitter:card\" content=\"summary_large_image\" \/>\n<meta name=\"twitter:label1\" content=\"Tempo di lettura stimato\" \/>\n\t<meta name=\"twitter:data1\" content=\"3 minuti\" \/>\n<script type=\"application\/ld+json\" class=\"yoast-schema-graph\">{\"@context\":\"https:\\\/\\\/schema.org\",\"@graph\":[{\"@type\":\"WebPage\",\"@id\":\"https:\\\/\\\/chemgramx.com\\\/product\\\/blue-tesla-pills-mdma-online-kaufen\\\/\",\"url\":\"https:\\\/\\\/chemgramx.com\\\/product\\\/blue-tesla-pills-mdma-online-kaufen\\\/\",\"name\":\"Blue Tesla Pills MDMA online Kaufen | Chemgramx\",\"isPartOf\":{\"@id\":\"https:\\\/\\\/chemgramx.com\\\/#website\"},\"primaryImageOfPage\":{\"@id\":\"https:\\\/\\\/chemgramx.com\\\/product\\\/blue-tesla-pills-mdma-online-kaufen\\\/#primaryimage\"},\"image\":{\"@id\":\"https:\\\/\\\/chemgramx.com\\\/product\\\/blue-tesla-pills-mdma-online-kaufen\\\/#primaryimage\"},\"thumbnailUrl\":\"https:\\\/\\\/chemgramx.com\\\/wp-content\\\/uploads\\\/2025\\\/12\\\/p-9.png\",\"datePublished\":\"2025-12-11T01:04:48+00:00\",\"dateModified\":\"2025-12-11T01:06:01+00:00\",\"description\":\"In unserem Chemgramx-Shop k\u00f6nnen Sie Blue Tesla Pills MDMA zu g\u00fcnstigen Preisen kaufen. Wir handeln ausschlie\u00dflich mit Produkten der Klasse A. Kaufen Sie Blue Tesla Pills MDMA jetzt online in unserem Shop mit schnellem und sicherem Versandservice.\",\"breadcrumb\":{\"@id\":\"https:\\\/\\\/chemgramx.com\\\/product\\\/blue-tesla-pills-mdma-online-kaufen\\\/#breadcrumb\"},\"inLanguage\":\"it-IT\",\"potentialAction\":[{\"@type\":\"ReadAction\",\"target\":[\"https:\\\/\\\/chemgramx.com\\\/product\\\/blue-tesla-pills-mdma-online-kaufen\\\/\"]}]},{\"@type\":\"ImageObject\",\"inLanguage\":\"it-IT\",\"@id\":\"https:\\\/\\\/chemgramx.com\\\/product\\\/blue-tesla-pills-mdma-online-kaufen\\\/#primaryimage\",\"url\":\"https:\\\/\\\/chemgramx.com\\\/wp-content\\\/uploads\\\/2025\\\/12\\\/p-9.png\",\"contentUrl\":\"https:\\\/\\\/chemgramx.com\\\/wp-content\\\/uploads\\\/2025\\\/12\\\/p-9.png\",\"width\":600,\"height\":400},{\"@type\":\"BreadcrumbList\",\"@id\":\"https:\\\/\\\/chemgramx.com\\\/product\\\/blue-tesla-pills-mdma-online-kaufen\\\/#breadcrumb\",\"itemListElement\":[{\"@type\":\"ListItem\",\"position\":1,\"name\":\"Home\",\"item\":\"https:\\\/\\\/chemgramx.com\\\/\"},{\"@type\":\"ListItem\",\"position\":2,\"name\":\"Shop\",\"item\":\"https:\\\/\\\/chemgramx.com\\\/shop\\\/\"},{\"@type\":\"ListItem\",\"position\":3,\"name\":\"Blue Tesla Pills MDMA Online kaufen\"}]},{\"@type\":\"WebSite\",\"@id\":\"https:\\\/\\\/chemgramx.com\\\/#website\",\"url\":\"https:\\\/\\\/chemgramx.com\\\/\",\"name\":\"Chemgramx\",\"description\":\"\",\"publisher\":{\"@id\":\"https:\\\/\\\/chemgramx.com\\\/#organization\"},\"potentialAction\":[{\"@type\":\"SearchAction\",\"target\":{\"@type\":\"EntryPoint\",\"urlTemplate\":\"https:\\\/\\\/chemgramx.com\\\/?s={search_term_string}\"},\"query-input\":{\"@type\":\"PropertyValueSpecification\",\"valueRequired\":true,\"valueName\":\"search_term_string\"}}],\"inLanguage\":\"it-IT\"},{\"@type\":\"Organization\",\"@id\":\"https:\\\/\\\/chemgramx.com\\\/#organization\",\"name\":\"Chemgramx\",\"url\":\"https:\\\/\\\/chemgramx.com\\\/\",\"logo\":{\"@type\":\"ImageObject\",\"inLanguage\":\"it-IT\",\"@id\":\"https:\\\/\\\/chemgramx.com\\\/#\\\/schema\\\/logo\\\/image\\\/\",\"url\":\"https:\\\/\\\/chemgramx.com\\\/wp-content\\\/uploads\\\/2024\\\/10\\\/final-logo.png\",\"contentUrl\":\"https:\\\/\\\/chemgramx.com\\\/wp-content\\\/uploads\\\/2024\\\/10\\\/final-logo.png\",\"width\":250,\"height\":48,\"caption\":\"Chemgramx\"},\"image\":{\"@id\":\"https:\\\/\\\/chemgramx.com\\\/#\\\/schema\\\/logo\\\/image\\\/\"}}]}<\/script>\n<!-- \/ Yoast SEO plugin. -->","yoast_head_json":{"title":"Acquista online le pillole Blue Tesla MDMA | Chemgramx","description":"Nel nostro negozio Chemgramx puoi acquistare Blue Tesla Pills MDMA a prezzi convenienti. Trattiamo solo prodotti di Classe A. Acquista subito Blue Tesla Pills MDMA online nel nostro negozio con un servizio di spedizione veloce e sicuro.","robots":{"index":"index","follow":"follow","max-snippet":"max-snippet:-1","max-image-preview":"max-image-preview:large","max-video-preview":"max-video-preview:-1"},"canonical":"https:\/\/chemgramx.com\/it\/prodotto-1\/acquistare-pillole-tesla-blu-mdma-online\/","og_locale":"it_IT","og_type":"article","og_title":"Blue Tesla Pills MDMA online Kaufen | Chemgramx","og_description":"In unserem Chemgramx-Shop k\u00f6nnen Sie Blue Tesla Pills MDMA zu g\u00fcnstigen Preisen kaufen. Wir handeln ausschlie\u00dflich mit Produkten der Klasse A. Kaufen Sie Blue Tesla Pills MDMA jetzt online in unserem Shop mit schnellem und sicherem Versandservice.","og_url":"https:\/\/chemgramx.com\/it\/prodotto-1\/acquistare-pillole-tesla-blu-mdma-online\/","og_site_name":"Chemgramx","article_modified_time":"2025-12-11T01:06:01+00:00","og_image":[{"width":600,"height":400,"url":"https:\/\/chemgramx.com\/wp-content\/uploads\/2025\/12\/p-9.png","type":"image\/png"}],"twitter_card":"summary_large_image","twitter_misc":{"Tempo di lettura stimato":"3 minuti"},"schema":{"@context":"https:\/\/schema.org","@graph":[{"@type":"WebPage","@id":"https:\/\/chemgramx.com\/product\/blue-tesla-pills-mdma-online-kaufen\/","url":"https:\/\/chemgramx.com\/product\/blue-tesla-pills-mdma-online-kaufen\/","name":"Acquista online le pillole Blue Tesla MDMA | Chemgramx","isPartOf":{"@id":"https:\/\/chemgramx.com\/#website"},"primaryImageOfPage":{"@id":"https:\/\/chemgramx.com\/product\/blue-tesla-pills-mdma-online-kaufen\/#primaryimage"},"image":{"@id":"https:\/\/chemgramx.com\/product\/blue-tesla-pills-mdma-online-kaufen\/#primaryimage"},"thumbnailUrl":"https:\/\/chemgramx.com\/wp-content\/uploads\/2025\/12\/p-9.png","datePublished":"2025-12-11T01:04:48+00:00","dateModified":"2025-12-11T01:06:01+00:00","description":"Nel nostro negozio Chemgramx puoi acquistare Blue Tesla Pills MDMA a prezzi convenienti. Trattiamo solo prodotti di Classe A. Acquista subito Blue Tesla Pills MDMA online nel nostro negozio con un servizio di spedizione veloce e sicuro.","breadcrumb":{"@id":"https:\/\/chemgramx.com\/product\/blue-tesla-pills-mdma-online-kaufen\/#breadcrumb"},"inLanguage":"it-IT","potentialAction":[{"@type":"ReadAction","target":["https:\/\/chemgramx.com\/product\/blue-tesla-pills-mdma-online-kaufen\/"]}]},{"@type":"ImageObject","inLanguage":"it-IT","@id":"https:\/\/chemgramx.com\/product\/blue-tesla-pills-mdma-online-kaufen\/#primaryimage","url":"https:\/\/chemgramx.com\/wp-content\/uploads\/2025\/12\/p-9.png","contentUrl":"https:\/\/chemgramx.com\/wp-content\/uploads\/2025\/12\/p-9.png","width":600,"height":400},{"@type":"BreadcrumbList","@id":"https:\/\/chemgramx.com\/product\/blue-tesla-pills-mdma-online-kaufen\/#breadcrumb","itemListElement":[{"@type":"ListItem","position":1,"name":"Home","item":"https:\/\/chemgramx.com\/"},{"@type":"ListItem","position":2,"name":"Shop","item":"https:\/\/chemgramx.com\/shop\/"},{"@type":"ListItem","position":3,"name":"Blue Tesla Pills MDMA Online kaufen"}]},{"@type":"WebSite","@id":"https:\/\/chemgramx.com\/#website","url":"https:\/\/chemgramx.com\/","name":"Chemgramx","description":"","publisher":{"@id":"https:\/\/chemgramx.com\/#organization"},"potentialAction":[{"@type":"SearchAction","target":{"@type":"EntryPoint","urlTemplate":"https:\/\/chemgramx.com\/?s={search_term_string}"},"query-input":{"@type":"PropertyValueSpecification","valueRequired":true,"valueName":"search_term_string"}}],"inLanguage":"it-IT"},{"@type":"Organization","@id":"https:\/\/chemgramx.com\/#organization","name":"Chemgramx","url":"https:\/\/chemgramx.com\/","logo":{"@type":"ImageObject","inLanguage":"it-IT","@id":"https:\/\/chemgramx.com\/#\/schema\/logo\/image\/","url":"https:\/\/chemgramx.com\/wp-content\/uploads\/2024\/10\/final-logo.png","contentUrl":"https:\/\/chemgramx.com\/wp-content\/uploads\/2024\/10\/final-logo.png","width":250,"height":48,"caption":"Chemgramx"},"image":{"@id":"https:\/\/chemgramx.com\/#\/schema\/logo\/image\/"}}]}},"_links":{"self":[{"href":"https:\/\/chemgramx.com\/it\/wp-json\/wp\/v2\/product\/8786","targetHints":{"allow":["GET"]}}],"collection":[{"href":"https:\/\/chemgramx.com\/it\/wp-json\/wp\/v2\/product"}],"about":[{"href":"https:\/\/chemgramx.com\/it\/wp-json\/wp\/v2\/types\/product"}],"replies":[{"embeddable":true,"href":"https:\/\/chemgramx.com\/it\/wp-json\/wp\/v2\/comments?post=8786"}],"wp:featuredmedia":[{"embeddable":true,"href":"https:\/\/chemgramx.com\/it\/wp-json\/wp\/v2\/media\/8821"}],"wp:attachment":[{"href":"https:\/\/chemgramx.com\/it\/wp-json\/wp\/v2\/media?parent=8786"}],"wp:term":[{"taxonomy":"product_brand","embeddable":true,"href":"https:\/\/chemgramx.com\/it\/wp-json\/wp\/v2\/product_brand?post=8786"},{"taxonomy":"product_cat","embeddable":true,"href":"https:\/\/chemgramx.com\/it\/wp-json\/wp\/v2\/product_cat?post=8786"},{"taxonomy":"product_tag","embeddable":true,"href":"https:\/\/chemgramx.com\/it\/wp-json\/wp\/v2\/product_tag?post=8786"}],"curies":[{"name":"wp","href":"https:\/\/api.w.org\/{rel}","templated":true}]}}