{"id":8788,"date":"2025-12-11T01:04:48","date_gmt":"2025-12-11T01:04:48","guid":{"rendered":"https:\/\/chemgramx.com\/?post_type=product&#038;p=8788"},"modified":"2025-12-11T01:06:19","modified_gmt":"2025-12-11T01:06:19","slug":"vaders-blu-220mg-mdma-comprare-online","status":"publish","type":"product","link":"https:\/\/chemgramx.com\/it\/product\/blue-vaders-220mg-mdma-online-kaufen\/","title":{"rendered":"Acquistare Blue Vaders 220mg MDMA online"},"content":{"rendered":"<h2 data-start=\"190\" data-end=\"282\">Acquista Blue Vaders 220 mg MDMA online: Premium per il miglioramento cognitivo ed emotivo<\/h2>\n<h3 data-start=\"284\" data-end=\"299\">introduzione<\/h3>\n<p data-start=\"301\" data-end=\"670\"><a href=\"https:\/\/chemgramx.com\/product\/blue-vaders-220-mg-mdma\/\">Acquistare Blue Vaders 220mg MDMA online<\/a> si \u00e8 rapidamente affermato come un prodotto popolare per chi cerca un'esperienza cognitiva ed emotiva potente, affidabile e profonda. Il suo dosaggio costante e l'elevata purezza lo rendono la prima scelta per gli utenti esperti che apprezzano la chiarezza mentale, una maggiore empatia e un'energia euforica.<\/p>\n<h3 data-start=\"672\" data-end=\"727\">Perch\u00e9 Blue Vaders 220mg MDMA \u00e8 cos\u00ec popolare online<\/h3>\n<p data-start=\"729\" data-end=\"1123\">La richiesta di empatogeni come <a href=\"https:\/\/en.wikipedia.org\/wiki\/MDMA\">MDMA<\/a> \u00e8 in costante aumento. Blue Vaders 220mg MDMA in vendita si distingue per i suoi forti effetti e la sua comprovata qualit\u00e0. Il prodotto \u00e8 noto per i suoi effetti equilibrati ma intensi ed \u00e8 quindi molto richiesto su molti mercati online. Chi sta valutando dove acquistare Blue Vaders 220mg MDMA trover\u00e0 le opzioni pi\u00f9 sicure online.<\/p>\n<h3 data-start=\"1125\" data-end=\"1175\">Cosa rende unica la MDMA da 220 mg di Blue Vader?<\/h3>\n<h3 data-start=\"1177\" data-end=\"1208\">Composizione chimica<\/h3>\n<p data-start=\"1209\" data-end=\"1450\">Blue Vaders 220 mg di MDMA offre un dosaggio preciso di 220 mg di 3,4-metilendiossimetanfetamina pura, prodotta sotto rigorosi controlli di qualit\u00e0. Questo garantisce agli utenti un prodotto pulito, potente e privo di impurit\u00e0.<\/p>\n<h3 data-start=\"1452\" data-end=\"1490\">Effetto e dosaggio consigliato<\/h3>\n<p data-start=\"1491\" data-end=\"1798\">Il prodotto favorisce il miglioramento dell'umore, l'apertura emotiva, l'aumento del legame sociale e il miglioramento delle funzioni cognitive. Con 220 mg, \u00e8 adatto agli utenti che desiderano effetti forti e duraturi. I principianti dovrebbero scegliere quantit\u00e0 minori prima di ordinare Blue Vaders 220mg MDMA.<\/p>\n<h3 data-start=\"1800\" data-end=\"1860\">\u00bfEs seguro comprar MDMA 220 mg de Blue Vader en l\u00ednea?<\/h3>\n<p data-start=\"1862\" data-end=\"2116\">Quando si acquista Blue Vaders 220 mg MDMA, si dovrebbero scegliere solo fornitori che forniscono analisi di laboratorio testate. I prodotti contraffatti rappresentano un rischio, per questo vale la pena di dare un'occhiata alle valutazioni, ai rapporti di autenticit\u00e0 e alle informazioni trasparenti sui fornitori.<\/p>\n<h3 data-start=\"2118\" data-end=\"2157\">Come si riconoscono i venditori affidabili?<\/h3>\n<p data-start=\"2159\" data-end=\"2224\">Der best place to buy Blue Vaders 220mg MDMA online offre:<\/p>\n<ul data-start=\"2226\" data-end=\"2399\">\n<li data-start=\"2226\" data-end=\"2281\">\n<p data-start=\"2228\" data-end=\"2281\">Metodi di pagamento e spedizione sicuri e discreti<\/p>\n<\/li>\n<li data-start=\"2282\" data-end=\"2312\">\n<p data-start=\"2284\" data-end=\"2312\">Rapporti di laboratorio trasparenti<\/p>\n<\/li>\n<li data-start=\"2313\" data-end=\"2343\">\n<p data-start=\"2315\" data-end=\"2343\">Recensioni positive dei clienti<\/p>\n<\/li>\n<li data-start=\"2344\" data-end=\"2371\">\n<p data-start=\"2346\" data-end=\"2371\">Istruzioni chiare sul dosaggio<\/p>\n<\/li>\n<li data-start=\"2372\" data-end=\"2399\">\n<p data-start=\"2374\" data-end=\"2399\">Servizio clienti veloce<\/p>\n<\/li>\n<\/ul>\n<h3 data-start=\"2401\" data-end=\"2435\">Panoramica della situazione giuridica<\/h3>\n<p data-start=\"2437\" data-end=\"2725\">L'MDMA, compresa l'MDMA 220 mg di Blue Vader in vendita, \u00e8 una sostanza controllata in molti paesi. Tuttavia, alcune regioni prevedono esenzioni per scopi di ricerca o medici. Controllare sempre le leggi del proprio paese prima di acquistare Blue Vader 220 mg MDMA online.<\/p>\n<h3 data-start=\"2727\" data-end=\"2746\">Panoramica dei prezzi<\/h3>\n<p data-start=\"2748\" data-end=\"2945\">Il prezzo di Blue Vaders 220 mg MDMA dipende dal fornitore, dalla quantit\u00e0 e dalla purezza. I negozi affidabili offrono prezzi equi con qualit\u00e0 garantita. Le offerte a buon mercato senza prove dovrebbero essere evitate.<\/p>\n<h3 data-start=\"3254\" data-end=\"3288\">Uso responsabile<\/h3>\n<ul data-start=\"3290\" data-end=\"3491\">\n<li data-start=\"3290\" data-end=\"3333\">\n<p data-start=\"3292\" data-end=\"3333\">Observe recomendaciones de dosificaci\u00f3n estrictas<\/p>\n<\/li>\n<li data-start=\"3334\" data-end=\"3386\">\n<p data-start=\"3336\" data-end=\"3386\">Bevi abbastanza liquidi, ma non troppi<\/p>\n<\/li>\n<li data-start=\"3387\" data-end=\"3418\">\n<p data-start=\"3389\" data-end=\"3418\">Consumo in un ambiente sicuro<\/p>\n<\/li>\n<li data-start=\"3419\" data-end=\"3463\">\n<p data-start=\"3421\" data-end=\"3463\">Nessuna combinazione con altre sostanze<\/p>\n<\/li>\n<li data-start=\"3464\" data-end=\"3491\">\n<p data-start=\"3466\" data-end=\"3491\">Pianificare il tempo di recupero<\/p>\n<\/li>\n<\/ul>\n<p data-start=\"3493\" data-end=\"3579\">In questo modo, il potenziale di Blue Vaders 220mg MDMA online kaufen pu\u00f2 essere sfruttato in modo sicuro.<\/p>\n<h3 data-start=\"3581\" data-end=\"3591\">Conclusione<\/h3>\n<p data-start=\"3593\" data-end=\"4007\">Acquistare Blue Vaders 220 mg MDMA online da una fonte di ricerca affidabile \u00e8 la scelta migliore per gli utenti che cercano purezza, forza e sicurezza. Se si desidera sapere dove acquistare Blue Vaders 220 mg MDMA, \u00e8 necessario utilizzare solo fornitori verificati. Grazie ai prezzi equi di Blue Vaders 220 mg MDMA, alla consegna discreta e al rigoroso controllo di qualit\u00e0, l'acquisto online offre una soluzione sicura e affidabile.<\/p>","protected":false},"excerpt":{"rendered":"<p><strong>Vader blu 220mg MDMA<\/strong> nab\u00edz\u00ed silnou d\u00e1vku \u010dist\u00e9ho MDMA pro nezapomenuteln\u00fd z\u00e1\u017eitek. La tavoletta \u00e8 un'idea per le u\u017eivatele, che si possono sfruttare in modo intenso euforii, energie e vjemy smyslov\u00e9. La tavoletta \u00e8 un testov\u00e1na na kvalitu e bezpe\u010dnost, che consente di massimizzare lo spolehlivost per le feste e i festival.<\/p>","protected":false},"featured_media":8823,"comment_status":"open","ping_status":"closed","template":"","meta":{"_joinchat":[]},"product_brand":[],"product_cat":[2846],"product_tag":[2187,2190,2191,2189,2186,2188,2017,2164,2018,2015],"class_list":{"0":"post-8788","1":"product","2":"type-product","3":"status-publish","4":"has-post-thumbnail","6":"product_cat-ecstasy-pills","7":"product_tag-220mg-mdma","8":"product_tag-220mg-mdma-kaufen","9":"product_tag-blue-vaders-220mg","10":"product_tag-blue-vaders-kaufen","11":"product_tag-blue-vaders-mdma","12":"product_tag-mdma-220mg-kaufen","13":"product_tag-mdma-kristalle","14":"product_tag-mdma-online-kaufen","15":"product_tag-mdma-zum-verkauf","16":"product_tag-synthetische-drogen","18":"first","19":"instock","20":"shipping-taxable","21":"purchasable","22":"product-type-variable"},"yoast_head":"<!-- This site is optimized with the Yoast SEO plugin v27.5 - https:\/\/yoast.com\/product\/yoast-seo-wordpress\/ -->\n<title>Blue Vaders 220 mg MDMA online Kaufen | Chemgramx<\/title>\n<meta name=\"description\" content=\"In unserem Chemgramx-Shop k\u00f6nnen Sie Blue Vaders 220 mg MDMA zu g\u00fcnstigen Preisen kaufen. Wir handeln ausschlie\u00dflich mit Produkten der Spitzenklasse. Kaufen Sie Blue Vaders 220 mg MDMA jetzt online in unserem Shop. Bestellen Sie gleich!\" \/>\n<meta name=\"robots\" content=\"index, follow, max-snippet:-1, max-image-preview:large, max-video-preview:-1\" \/>\n<link rel=\"canonical\" href=\"https:\/\/chemgramx.com\/it\/prodotto-1\/vaders-blu-220mg-mdma-comprare-online\/\" \/>\n<meta property=\"og:locale\" content=\"it_IT\" \/>\n<meta property=\"og:type\" content=\"article\" \/>\n<meta property=\"og:title\" content=\"Blue Vaders 220 mg MDMA online Kaufen | Chemgramx\" \/>\n<meta property=\"og:description\" content=\"In unserem Chemgramx-Shop k\u00f6nnen Sie Blue Vaders 220 mg MDMA zu g\u00fcnstigen Preisen kaufen. Wir handeln ausschlie\u00dflich mit Produkten der Spitzenklasse. Kaufen Sie Blue Vaders 220 mg MDMA jetzt online in unserem Shop. Bestellen Sie gleich!\" \/>\n<meta property=\"og:url\" content=\"https:\/\/chemgramx.com\/it\/prodotto-1\/vaders-blu-220mg-mdma-comprare-online\/\" \/>\n<meta property=\"og:site_name\" content=\"Chemgramx\" \/>\n<meta property=\"article:modified_time\" content=\"2025-12-11T01:06:19+00:00\" \/>\n<meta property=\"og:image\" content=\"https:\/\/chemgramx.com\/wp-content\/uploads\/2025\/12\/p-11.png\" \/>\n\t<meta property=\"og:image:width\" content=\"600\" \/>\n\t<meta property=\"og:image:height\" content=\"400\" \/>\n\t<meta property=\"og:image:type\" content=\"image\/png\" \/>\n<meta name=\"twitter:card\" content=\"summary_large_image\" \/>\n<meta name=\"twitter:label1\" content=\"Tempo di lettura stimato\" \/>\n\t<meta name=\"twitter:data1\" content=\"3 minuti\" \/>\n<script type=\"application\/ld+json\" class=\"yoast-schema-graph\">{\"@context\":\"https:\\\/\\\/schema.org\",\"@graph\":[{\"@type\":\"WebPage\",\"@id\":\"https:\\\/\\\/chemgramx.com\\\/product\\\/blue-vaders-220mg-mdma-online-kaufen\\\/\",\"url\":\"https:\\\/\\\/chemgramx.com\\\/product\\\/blue-vaders-220mg-mdma-online-kaufen\\\/\",\"name\":\"Blue Vaders 220 mg MDMA online Kaufen | Chemgramx\",\"isPartOf\":{\"@id\":\"https:\\\/\\\/chemgramx.com\\\/#website\"},\"primaryImageOfPage\":{\"@id\":\"https:\\\/\\\/chemgramx.com\\\/product\\\/blue-vaders-220mg-mdma-online-kaufen\\\/#primaryimage\"},\"image\":{\"@id\":\"https:\\\/\\\/chemgramx.com\\\/product\\\/blue-vaders-220mg-mdma-online-kaufen\\\/#primaryimage\"},\"thumbnailUrl\":\"https:\\\/\\\/chemgramx.com\\\/wp-content\\\/uploads\\\/2025\\\/12\\\/p-11.png\",\"datePublished\":\"2025-12-11T01:04:48+00:00\",\"dateModified\":\"2025-12-11T01:06:19+00:00\",\"description\":\"In unserem Chemgramx-Shop k\u00f6nnen Sie Blue Vaders 220 mg MDMA zu g\u00fcnstigen Preisen kaufen. Wir handeln ausschlie\u00dflich mit Produkten der Spitzenklasse. Kaufen Sie Blue Vaders 220 mg MDMA jetzt online in unserem Shop. Bestellen Sie gleich!\",\"breadcrumb\":{\"@id\":\"https:\\\/\\\/chemgramx.com\\\/product\\\/blue-vaders-220mg-mdma-online-kaufen\\\/#breadcrumb\"},\"inLanguage\":\"it-IT\",\"potentialAction\":[{\"@type\":\"ReadAction\",\"target\":[\"https:\\\/\\\/chemgramx.com\\\/product\\\/blue-vaders-220mg-mdma-online-kaufen\\\/\"]}]},{\"@type\":\"ImageObject\",\"inLanguage\":\"it-IT\",\"@id\":\"https:\\\/\\\/chemgramx.com\\\/product\\\/blue-vaders-220mg-mdma-online-kaufen\\\/#primaryimage\",\"url\":\"https:\\\/\\\/chemgramx.com\\\/wp-content\\\/uploads\\\/2025\\\/12\\\/p-11.png\",\"contentUrl\":\"https:\\\/\\\/chemgramx.com\\\/wp-content\\\/uploads\\\/2025\\\/12\\\/p-11.png\",\"width\":600,\"height\":400},{\"@type\":\"BreadcrumbList\",\"@id\":\"https:\\\/\\\/chemgramx.com\\\/product\\\/blue-vaders-220mg-mdma-online-kaufen\\\/#breadcrumb\",\"itemListElement\":[{\"@type\":\"ListItem\",\"position\":1,\"name\":\"Home\",\"item\":\"https:\\\/\\\/chemgramx.com\\\/\"},{\"@type\":\"ListItem\",\"position\":2,\"name\":\"Shop\",\"item\":\"https:\\\/\\\/chemgramx.com\\\/shop\\\/\"},{\"@type\":\"ListItem\",\"position\":3,\"name\":\"Blue Vaders 220mg MDMA Online kaufen\"}]},{\"@type\":\"WebSite\",\"@id\":\"https:\\\/\\\/chemgramx.com\\\/#website\",\"url\":\"https:\\\/\\\/chemgramx.com\\\/\",\"name\":\"Chemgramx\",\"description\":\"\",\"publisher\":{\"@id\":\"https:\\\/\\\/chemgramx.com\\\/#organization\"},\"potentialAction\":[{\"@type\":\"SearchAction\",\"target\":{\"@type\":\"EntryPoint\",\"urlTemplate\":\"https:\\\/\\\/chemgramx.com\\\/?s={search_term_string}\"},\"query-input\":{\"@type\":\"PropertyValueSpecification\",\"valueRequired\":true,\"valueName\":\"search_term_string\"}}],\"inLanguage\":\"it-IT\"},{\"@type\":\"Organization\",\"@id\":\"https:\\\/\\\/chemgramx.com\\\/#organization\",\"name\":\"Chemgramx\",\"url\":\"https:\\\/\\\/chemgramx.com\\\/\",\"logo\":{\"@type\":\"ImageObject\",\"inLanguage\":\"it-IT\",\"@id\":\"https:\\\/\\\/chemgramx.com\\\/#\\\/schema\\\/logo\\\/image\\\/\",\"url\":\"https:\\\/\\\/chemgramx.com\\\/wp-content\\\/uploads\\\/2024\\\/10\\\/final-logo.png\",\"contentUrl\":\"https:\\\/\\\/chemgramx.com\\\/wp-content\\\/uploads\\\/2024\\\/10\\\/final-logo.png\",\"width\":250,\"height\":48,\"caption\":\"Chemgramx\"},\"image\":{\"@id\":\"https:\\\/\\\/chemgramx.com\\\/#\\\/schema\\\/logo\\\/image\\\/\"}}]}<\/script>\n<!-- \/ Yoast SEO plugin. -->","yoast_head_json":{"title":"Acquista Blue Vaders 220 mg MDMA online | Chemgramx","description":"Nel nostro negozio Chemgramx puoi acquistare Blue Vaders 220 mg MDMA a prezzi convenienti. Trattiamo solo prodotti di alta qualit\u00e0. Acquista subito Blue Vaders 220 mg MDMA online nel nostro negozio. Ordina subito!","robots":{"index":"index","follow":"follow","max-snippet":"max-snippet:-1","max-image-preview":"max-image-preview:large","max-video-preview":"max-video-preview:-1"},"canonical":"https:\/\/chemgramx.com\/it\/prodotto-1\/vaders-blu-220mg-mdma-comprare-online\/","og_locale":"it_IT","og_type":"article","og_title":"Blue Vaders 220 mg MDMA online Kaufen | Chemgramx","og_description":"In unserem Chemgramx-Shop k\u00f6nnen Sie Blue Vaders 220 mg MDMA zu g\u00fcnstigen Preisen kaufen. Wir handeln ausschlie\u00dflich mit Produkten der Spitzenklasse. Kaufen Sie Blue Vaders 220 mg MDMA jetzt online in unserem Shop. Bestellen Sie gleich!","og_url":"https:\/\/chemgramx.com\/it\/prodotto-1\/vaders-blu-220mg-mdma-comprare-online\/","og_site_name":"Chemgramx","article_modified_time":"2025-12-11T01:06:19+00:00","og_image":[{"width":600,"height":400,"url":"https:\/\/chemgramx.com\/wp-content\/uploads\/2025\/12\/p-11.png","type":"image\/png"}],"twitter_card":"summary_large_image","twitter_misc":{"Tempo di lettura stimato":"3 minuti"},"schema":{"@context":"https:\/\/schema.org","@graph":[{"@type":"WebPage","@id":"https:\/\/chemgramx.com\/product\/blue-vaders-220mg-mdma-online-kaufen\/","url":"https:\/\/chemgramx.com\/product\/blue-vaders-220mg-mdma-online-kaufen\/","name":"Acquista Blue Vaders 220 mg MDMA online | Chemgramx","isPartOf":{"@id":"https:\/\/chemgramx.com\/#website"},"primaryImageOfPage":{"@id":"https:\/\/chemgramx.com\/product\/blue-vaders-220mg-mdma-online-kaufen\/#primaryimage"},"image":{"@id":"https:\/\/chemgramx.com\/product\/blue-vaders-220mg-mdma-online-kaufen\/#primaryimage"},"thumbnailUrl":"https:\/\/chemgramx.com\/wp-content\/uploads\/2025\/12\/p-11.png","datePublished":"2025-12-11T01:04:48+00:00","dateModified":"2025-12-11T01:06:19+00:00","description":"Nel nostro negozio Chemgramx puoi acquistare Blue Vaders 220 mg MDMA a prezzi convenienti. Trattiamo solo prodotti di alta qualit\u00e0. Acquista subito Blue Vaders 220 mg MDMA online nel nostro negozio. Ordina subito!","breadcrumb":{"@id":"https:\/\/chemgramx.com\/product\/blue-vaders-220mg-mdma-online-kaufen\/#breadcrumb"},"inLanguage":"it-IT","potentialAction":[{"@type":"ReadAction","target":["https:\/\/chemgramx.com\/product\/blue-vaders-220mg-mdma-online-kaufen\/"]}]},{"@type":"ImageObject","inLanguage":"it-IT","@id":"https:\/\/chemgramx.com\/product\/blue-vaders-220mg-mdma-online-kaufen\/#primaryimage","url":"https:\/\/chemgramx.com\/wp-content\/uploads\/2025\/12\/p-11.png","contentUrl":"https:\/\/chemgramx.com\/wp-content\/uploads\/2025\/12\/p-11.png","width":600,"height":400},{"@type":"BreadcrumbList","@id":"https:\/\/chemgramx.com\/product\/blue-vaders-220mg-mdma-online-kaufen\/#breadcrumb","itemListElement":[{"@type":"ListItem","position":1,"name":"Home","item":"https:\/\/chemgramx.com\/"},{"@type":"ListItem","position":2,"name":"Shop","item":"https:\/\/chemgramx.com\/shop\/"},{"@type":"ListItem","position":3,"name":"Blue Vaders 220mg MDMA Online kaufen"}]},{"@type":"WebSite","@id":"https:\/\/chemgramx.com\/#website","url":"https:\/\/chemgramx.com\/","name":"Chemgramx","description":"","publisher":{"@id":"https:\/\/chemgramx.com\/#organization"},"potentialAction":[{"@type":"SearchAction","target":{"@type":"EntryPoint","urlTemplate":"https:\/\/chemgramx.com\/?s={search_term_string}"},"query-input":{"@type":"PropertyValueSpecification","valueRequired":true,"valueName":"search_term_string"}}],"inLanguage":"it-IT"},{"@type":"Organization","@id":"https:\/\/chemgramx.com\/#organization","name":"Chemgramx","url":"https:\/\/chemgramx.com\/","logo":{"@type":"ImageObject","inLanguage":"it-IT","@id":"https:\/\/chemgramx.com\/#\/schema\/logo\/image\/","url":"https:\/\/chemgramx.com\/wp-content\/uploads\/2024\/10\/final-logo.png","contentUrl":"https:\/\/chemgramx.com\/wp-content\/uploads\/2024\/10\/final-logo.png","width":250,"height":48,"caption":"Chemgramx"},"image":{"@id":"https:\/\/chemgramx.com\/#\/schema\/logo\/image\/"}}]}},"_links":{"self":[{"href":"https:\/\/chemgramx.com\/it\/wp-json\/wp\/v2\/product\/8788","targetHints":{"allow":["GET"]}}],"collection":[{"href":"https:\/\/chemgramx.com\/it\/wp-json\/wp\/v2\/product"}],"about":[{"href":"https:\/\/chemgramx.com\/it\/wp-json\/wp\/v2\/types\/product"}],"replies":[{"embeddable":true,"href":"https:\/\/chemgramx.com\/it\/wp-json\/wp\/v2\/comments?post=8788"}],"wp:featuredmedia":[{"embeddable":true,"href":"https:\/\/chemgramx.com\/it\/wp-json\/wp\/v2\/media\/8823"}],"wp:attachment":[{"href":"https:\/\/chemgramx.com\/it\/wp-json\/wp\/v2\/media?parent=8788"}],"wp:term":[{"taxonomy":"product_brand","embeddable":true,"href":"https:\/\/chemgramx.com\/it\/wp-json\/wp\/v2\/product_brand?post=8788"},{"taxonomy":"product_cat","embeddable":true,"href":"https:\/\/chemgramx.com\/it\/wp-json\/wp\/v2\/product_cat?post=8788"},{"taxonomy":"product_tag","embeddable":true,"href":"https:\/\/chemgramx.com\/it\/wp-json\/wp\/v2\/product_tag?post=8788"}],"curies":[{"name":"wp","href":"https:\/\/api.w.org\/{rel}","templated":true}]}}