{"id":8894,"date":"2025-12-11T10:56:37","date_gmt":"2025-12-11T10:56:37","guid":{"rendered":"https:\/\/chemgramx.com\/?post_type=product&#038;p=8894"},"modified":"2025-12-11T10:57:03","modified_gmt":"2025-12-11T10:57:03","slug":"sweet-island-skunk-16-25-thc","status":"publish","type":"product","link":"https:\/\/chemgramx.com\/it\/product\/sweet-island-skunk-16-25-thc\/","title":{"rendered":"Sweet Island Skunk 16% - 25% THC"},"content":{"rendered":"<p><b>Puzzola dell'Isola Dolce<\/b> \u00e8 una variet\u00e0 di cannabis a predominanza sativa che \u00e8 stata riconosciuta dalla ricerca botanica per le sue caratteristiche di <b>sapore fruttato<\/b> e voi <b>Profilo chiaro e stimolante<\/b> \u00e8 apprezzato. <b>Tu<\/b> offre un contenuto di THC compreso tra <b>16 % e 25 %<\/b> uno spettro interessante per lo studio degli effetti della sativa. <b>Di conseguenza<\/b> \u00e8 considerata una variet\u00e0 premium per analizzare la chiarezza mentale e l'euforia.<\/p>\n<p>Questo articolo offre una <b>Analisi dettagliata<\/b> la parentela genetica, il profilo chimico e le caratteristiche botaniche della Sweet Island Skunk. <b>Nel processo<\/b> sottolineiamo sempre la necessit\u00e0 di attenersi a rigorosi standard qualitativi e legali nel lavoro scientifico.<\/p>\n<h2><b>Antenati genetici e classificazione<\/b><\/h2>\n<p>La Sweet Island Skunk \u00e8 stata allevata con l'obiettivo di combinare il popolare sapore di skunk con la dolcezza tropicale. <b>Pertanto<\/b> Il risultato \u00e8 un ibrido che combina le migliori caratteristiche di entrambi i mondi.<\/p>\n<h3 class=\"animating\"><b>L'origine dei geni<\/b><\/h3>\n<p>La Sweet Island Skunk \u00e8 nata dall'incrocio di:<\/p>\n<ul>\n<li><b>Island Sweet Skunk:<\/b> <b>Questi<\/b> La variet\u00e0 \u00e8 nota per la sua <b>dolce, fruttato<\/b> Note. <b>Inoltre<\/b> offre un chiaro effetto sativa.<\/li>\n<li><b>Variet\u00e0 classiche di skunk:<\/b> <b>Questi<\/b> base genetica fornisce la <b>crescita robusta<\/b> e il caratteristico sapore terroso di skunk.<\/li>\n<\/ul>\n<p><b>In sintesi:<\/b> Il risultato \u00e8 un <b>ibrido Sativa stabile e ricco di resina<\/b>. <b>Lui<\/b> produce fiori densi ed \u00e8 particolarmente popolare tra gli amanti della sativa nella ricerca.<\/p>\n<h3><b>Contenuto e potenza di THC<\/b><\/h3>\n<p>Con una potenza compresa tra 16 % e 25 % di THC, la Sweet Island Skunk appartiene alla categoria delle <b><a href=\"\/product\/lsd-kaufen\/\">media forza<\/a> a forti ibridi sativa<\/b>. <b>Da ci\u00f2 consegue<\/b>, che sono stati utilizzati per studi sull'effetto del THC sulla <b>Creativit\u00e0 e concentrazione<\/b> \u00e8 di grande interesse.<\/p>\n<h2><b>Profilo sensoriale e basi chimiche<\/b><\/h2>\n<p>Il sapore \u00e8 un fattore chiave della popolarit\u00e0 della Sweet Island Skunk. <b>Esso<\/b> \u00e8 una miscela complessa di dolcezza tropicale e un tocco terroso di skunk.<\/p>\n<h3><b>Componenti aromatici e gustativi<\/b><\/h3>\n<p>Il profilo olfattivo \u00e8 fruttato, tropicale e intenso:<\/p>\n<ol start=\"1\">\n<li><b>Note dolci e fruttate:<\/b> La fragranza \u00e8 una ricca miscela di <b>frutta tropicale<\/b> e una dolcezza pronunciata.<\/li>\n<li><b>Sentore di puzzola:<\/b> <b>Uno si accorge<\/b> una sottile ma caratteristica <b>terroso e speziato con sentori di puzzola<\/b>. <b>Questo<\/b> aggiunge complessit\u00e0 e profondit\u00e0 al sapore.<\/li>\n<li><b>Sapore gradevole:<\/b> <b>Il sapore<\/b> \u00e8 corposo e piacevolmente fruttato quando viene consumato. <b>Questo<\/b> lo rende ideale per gli intenditori.<\/li>\n<\/ol>\n<h3><b>Terpeni e sinergia d'azione<\/b><\/h3>\n<p>Il profilo fruttato e rinvigorente indica una concentrazione dei seguenti terpeni:<\/p>\n<ul>\n<li><b>Mircene:<\/b> <b>Questo terpene<\/b> contribuisce alle note dolci e fruttate. <b>Anche se<\/b> \u00e8 spesso associata alla sedazione, l'elevata potenza della sativa impedisce una forte sedazione.<\/li>\n<li><b>Limoni:<\/b> Fornisce le note agrumate e tropicali. <b>Questo terpene<\/b> \u00e8 riconosciuto per il suo potenziale <b>che solleva l'umore<\/b> e propriet\u00e0 euforizzanti.<\/li>\n<li><b>Pinene:<\/b> <b>Esso<\/b> offre accenti freschi e pungenti. <b>Cos\u00ec che<\/b> contribuisce alla chiarezza mentale e alla concentrazione.<\/li>\n<\/ul>\n<h2><b>Profilo d'impatto e potenziale di ricerca dichiarati<\/b><\/h2>\n<p>La Sweet Island Skunk \u00e8 riconosciuta per la sua <b>rinvigorente, euforico<\/b> e <b>Effetto di potenziamento della creativit\u00e0<\/b> stimato. <b>Questo effetto<\/b> \u00e8 tipica delle variet\u00e0 a dominanza sativa.<\/p>\n<h2><b>Effetti tipici<\/b><\/h2>\n<p>Le segnalazioni indicano i seguenti modelli di effetto caratteristici:<\/p>\n<ul>\n<li><b>Chiarezza mentale e concentrazione:<\/b> <b>La dominanza sativa<\/b> garantisce un effetto chiaro e motivante. <b>Pertanto<\/b> \u00e8 adatto per il lavoro concentrato.<\/li>\n<li><b>Energia creativa:<\/b> <b>Utenti<\/b> riferiscono un aumento della generazione di idee. <b>Questo<\/b> li rende ideali per le attivit\u00e0 artistiche.<\/li>\n<li><b>Euforia:<\/b> <b>L'effetto<\/b> \u00e8 considerato di lunga durata e <b>euforico<\/b> senza sviluppare un pesante effetto indica.<\/li>\n<\/ul>\n<h2><b>Potenziale di ricerca<\/b><\/h2>\n<p>L'effetto tonificante e chiaro rende la Sweet Island Skunk interessante per la ricerca nelle seguenti aree:<\/p>\n<ul>\n<li><b>Maggiore attenzione:<\/b> <b>Si potrebbe<\/b> indagare in che misura la variet\u00e0 pu\u00f2 influenzare positivamente la concentrazione e la produttivit\u00e0.<\/li>\n<li><b>Miglioramento dell'umore:<\/b> <b>Il profilo euforico<\/b> \u00e8 interessante per gli studi sul trattamento della depressione o del cattivo umore.<\/li>\n<\/ul>\n<h2><b>Requisiti botanici e garanzia di qualit\u00e0<\/b><\/h2>\n<p>La Sweet Island Skunk \u00e8 una variet\u00e0 robusta e ricca di resina. <b>Tu<\/b> \u00e8 apprezzata per il suo sapore intenso e i suoi fiori densi.<\/p>\n<ul>\n<li><b>Caratteristiche dei fiori:<\/b> I boccioli sono <b>denso<\/b> e hanno una forte produzione di resina. <b>Questo<\/b> sottolinea la loro alta qualit\u00e0 e potenza.<\/li>\n<li><b>Controllo di qualit\u00e0:<\/b> Per l'integrit\u00e0 dei campioni di ricerca <b>Valori di THC testati in laboratorio<\/b> e l'assenza di contaminanti. <b>Proprio cos\u00ec<\/b> \u00e8 possibile garantire un'efficacia stabile.<\/li>\n<\/ul>","protected":false},"excerpt":{"rendered":"<p data-start=\"2661\" data-end=\"2790\">Sweet Island Skunk - Ibrido sativa con 16-25 % THC. Sapore fruttato, high rinvigorente e qualit\u00e0 premium per i momenti creativi.<\/p>","protected":false},"featured_media":8770,"comment_status":"open","ping_status":"closed","template":"","meta":{"_joinchat":[]},"product_brand":[],"product_cat":[62],"product_tag":[],"class_list":{"0":"post-8894","1":"product","2":"type-product","3":"status-publish","4":"has-post-thumbnail","6":"product_cat-marijuana","8":"first","9":"instock","10":"shipping-taxable","11":"purchasable","12":"product-type-variable"},"yoast_head":"<!-- This site is optimized with the Yoast SEO plugin v27.5 - https:\/\/yoast.com\/product\/yoast-seo-wordpress\/ -->\n<title>Sweet Island Skunk kaufen | 16\u201325% THC Sativa<\/title>\n<meta name=\"description\" content=\"Sweet Island Skunk online kaufen \u2013 16\u201325 % THC, fruchtiges Aroma, belebendes High. Premium-Sativa mit diskretem Versand in Deutschland &amp; EU.\" \/>\n<meta name=\"robots\" content=\"index, follow, max-snippet:-1, max-image-preview:large, max-video-preview:-1\" \/>\n<link rel=\"canonical\" href=\"https:\/\/chemgramx.com\/it\/prodotto-1\/sweet-island-skunk-16-25-thc\/\" \/>\n<meta property=\"og:locale\" content=\"it_IT\" \/>\n<meta property=\"og:type\" content=\"article\" \/>\n<meta property=\"og:title\" content=\"Sweet Island Skunk kaufen | 16\u201325% THC Sativa\" \/>\n<meta property=\"og:description\" content=\"Sweet Island Skunk online kaufen \u2013 16\u201325 % THC, fruchtiges Aroma, belebendes High. Premium-Sativa mit diskretem Versand in Deutschland &amp; EU.\" \/>\n<meta property=\"og:url\" content=\"https:\/\/chemgramx.com\/it\/prodotto-1\/sweet-island-skunk-16-25-thc\/\" \/>\n<meta property=\"og:site_name\" content=\"Chemgramx\" \/>\n<meta property=\"article:modified_time\" content=\"2025-12-11T10:57:03+00:00\" \/>\n<meta property=\"og:image\" content=\"https:\/\/chemgramx.com\/wp-content\/uploads\/2025\/12\/sweet-island-skunk-16-25-thc.jpg\" \/>\n\t<meta property=\"og:image:width\" content=\"800\" \/>\n\t<meta property=\"og:image:height\" content=\"800\" \/>\n\t<meta property=\"og:image:type\" content=\"image\/jpeg\" \/>\n<meta name=\"twitter:card\" content=\"summary_large_image\" \/>\n<meta name=\"twitter:label1\" content=\"Tempo di lettura stimato\" \/>\n\t<meta name=\"twitter:data1\" content=\"3 minuti\" \/>\n<script type=\"application\/ld+json\" class=\"yoast-schema-graph\">{\"@context\":\"https:\\\/\\\/schema.org\",\"@graph\":[{\"@type\":\"WebPage\",\"@id\":\"https:\\\/\\\/chemgramx.com\\\/product\\\/sweet-island-skunk-16-25-thc\\\/\",\"url\":\"https:\\\/\\\/chemgramx.com\\\/product\\\/sweet-island-skunk-16-25-thc\\\/\",\"name\":\"Sweet Island Skunk kaufen | 16\u201325% THC Sativa\",\"isPartOf\":{\"@id\":\"https:\\\/\\\/chemgramx.com\\\/#website\"},\"primaryImageOfPage\":{\"@id\":\"https:\\\/\\\/chemgramx.com\\\/product\\\/sweet-island-skunk-16-25-thc\\\/#primaryimage\"},\"image\":{\"@id\":\"https:\\\/\\\/chemgramx.com\\\/product\\\/sweet-island-skunk-16-25-thc\\\/#primaryimage\"},\"thumbnailUrl\":\"https:\\\/\\\/chemgramx.com\\\/wp-content\\\/uploads\\\/2025\\\/12\\\/sweet-island-skunk-16-25-thc.jpg\",\"datePublished\":\"2025-12-11T10:56:37+00:00\",\"dateModified\":\"2025-12-11T10:57:03+00:00\",\"description\":\"Sweet Island Skunk online kaufen \u2013 16\u201325 % THC, fruchtiges Aroma, belebendes High. Premium-Sativa mit diskretem Versand in Deutschland &amp; EU.\",\"breadcrumb\":{\"@id\":\"https:\\\/\\\/chemgramx.com\\\/product\\\/sweet-island-skunk-16-25-thc\\\/#breadcrumb\"},\"inLanguage\":\"it-IT\",\"potentialAction\":[{\"@type\":\"ReadAction\",\"target\":[\"https:\\\/\\\/chemgramx.com\\\/product\\\/sweet-island-skunk-16-25-thc\\\/\"]}]},{\"@type\":\"ImageObject\",\"inLanguage\":\"it-IT\",\"@id\":\"https:\\\/\\\/chemgramx.com\\\/product\\\/sweet-island-skunk-16-25-thc\\\/#primaryimage\",\"url\":\"https:\\\/\\\/chemgramx.com\\\/wp-content\\\/uploads\\\/2025\\\/12\\\/sweet-island-skunk-16-25-thc.jpg\",\"contentUrl\":\"https:\\\/\\\/chemgramx.com\\\/wp-content\\\/uploads\\\/2025\\\/12\\\/sweet-island-skunk-16-25-thc.jpg\",\"width\":800,\"height\":800},{\"@type\":\"BreadcrumbList\",\"@id\":\"https:\\\/\\\/chemgramx.com\\\/product\\\/sweet-island-skunk-16-25-thc\\\/#breadcrumb\",\"itemListElement\":[{\"@type\":\"ListItem\",\"position\":1,\"name\":\"Home\",\"item\":\"https:\\\/\\\/chemgramx.com\\\/\"},{\"@type\":\"ListItem\",\"position\":2,\"name\":\"Shop\",\"item\":\"https:\\\/\\\/chemgramx.com\\\/shop\\\/\"},{\"@type\":\"ListItem\",\"position\":3,\"name\":\"Sweet Island Skunk 16% &#8211; 25% THC\"}]},{\"@type\":\"WebSite\",\"@id\":\"https:\\\/\\\/chemgramx.com\\\/#website\",\"url\":\"https:\\\/\\\/chemgramx.com\\\/\",\"name\":\"Chemgramx\",\"description\":\"\",\"publisher\":{\"@id\":\"https:\\\/\\\/chemgramx.com\\\/#organization\"},\"potentialAction\":[{\"@type\":\"SearchAction\",\"target\":{\"@type\":\"EntryPoint\",\"urlTemplate\":\"https:\\\/\\\/chemgramx.com\\\/?s={search_term_string}\"},\"query-input\":{\"@type\":\"PropertyValueSpecification\",\"valueRequired\":true,\"valueName\":\"search_term_string\"}}],\"inLanguage\":\"it-IT\"},{\"@type\":\"Organization\",\"@id\":\"https:\\\/\\\/chemgramx.com\\\/#organization\",\"name\":\"Chemgramx\",\"url\":\"https:\\\/\\\/chemgramx.com\\\/\",\"logo\":{\"@type\":\"ImageObject\",\"inLanguage\":\"it-IT\",\"@id\":\"https:\\\/\\\/chemgramx.com\\\/#\\\/schema\\\/logo\\\/image\\\/\",\"url\":\"https:\\\/\\\/chemgramx.com\\\/wp-content\\\/uploads\\\/2024\\\/10\\\/final-logo.png\",\"contentUrl\":\"https:\\\/\\\/chemgramx.com\\\/wp-content\\\/uploads\\\/2024\\\/10\\\/final-logo.png\",\"width\":250,\"height\":48,\"caption\":\"Chemgramx\"},\"image\":{\"@id\":\"https:\\\/\\\/chemgramx.com\\\/#\\\/schema\\\/logo\\\/image\\\/\"}}]}<\/script>\n<!-- \/ Yoast SEO plugin. -->","yoast_head_json":{"title":"Comprare Sweet Island Skunk | 16-25% THC Sativa","description":"Acquista online Sweet Island Skunk - 16-25 % THC, sapore fruttato, high rinvigorente. Sativa premium con spedizione discreta in Germania e nell'UE.","robots":{"index":"index","follow":"follow","max-snippet":"max-snippet:-1","max-image-preview":"max-image-preview:large","max-video-preview":"max-video-preview:-1"},"canonical":"https:\/\/chemgramx.com\/it\/prodotto-1\/sweet-island-skunk-16-25-thc\/","og_locale":"it_IT","og_type":"article","og_title":"Sweet Island Skunk kaufen | 16\u201325% THC Sativa","og_description":"Sweet Island Skunk online kaufen \u2013 16\u201325 % THC, fruchtiges Aroma, belebendes High. Premium-Sativa mit diskretem Versand in Deutschland &amp; EU.","og_url":"https:\/\/chemgramx.com\/it\/prodotto-1\/sweet-island-skunk-16-25-thc\/","og_site_name":"Chemgramx","article_modified_time":"2025-12-11T10:57:03+00:00","og_image":[{"width":800,"height":800,"url":"https:\/\/chemgramx.com\/wp-content\/uploads\/2025\/12\/sweet-island-skunk-16-25-thc.jpg","type":"image\/jpeg"}],"twitter_card":"summary_large_image","twitter_misc":{"Tempo di lettura stimato":"3 minuti"},"schema":{"@context":"https:\/\/schema.org","@graph":[{"@type":"WebPage","@id":"https:\/\/chemgramx.com\/product\/sweet-island-skunk-16-25-thc\/","url":"https:\/\/chemgramx.com\/product\/sweet-island-skunk-16-25-thc\/","name":"Comprare Sweet Island Skunk | 16-25% THC Sativa","isPartOf":{"@id":"https:\/\/chemgramx.com\/#website"},"primaryImageOfPage":{"@id":"https:\/\/chemgramx.com\/product\/sweet-island-skunk-16-25-thc\/#primaryimage"},"image":{"@id":"https:\/\/chemgramx.com\/product\/sweet-island-skunk-16-25-thc\/#primaryimage"},"thumbnailUrl":"https:\/\/chemgramx.com\/wp-content\/uploads\/2025\/12\/sweet-island-skunk-16-25-thc.jpg","datePublished":"2025-12-11T10:56:37+00:00","dateModified":"2025-12-11T10:57:03+00:00","description":"Acquista online Sweet Island Skunk - 16-25 % THC, sapore fruttato, high rinvigorente. Sativa premium con spedizione discreta in Germania e nell'UE.","breadcrumb":{"@id":"https:\/\/chemgramx.com\/product\/sweet-island-skunk-16-25-thc\/#breadcrumb"},"inLanguage":"it-IT","potentialAction":[{"@type":"ReadAction","target":["https:\/\/chemgramx.com\/product\/sweet-island-skunk-16-25-thc\/"]}]},{"@type":"ImageObject","inLanguage":"it-IT","@id":"https:\/\/chemgramx.com\/product\/sweet-island-skunk-16-25-thc\/#primaryimage","url":"https:\/\/chemgramx.com\/wp-content\/uploads\/2025\/12\/sweet-island-skunk-16-25-thc.jpg","contentUrl":"https:\/\/chemgramx.com\/wp-content\/uploads\/2025\/12\/sweet-island-skunk-16-25-thc.jpg","width":800,"height":800},{"@type":"BreadcrumbList","@id":"https:\/\/chemgramx.com\/product\/sweet-island-skunk-16-25-thc\/#breadcrumb","itemListElement":[{"@type":"ListItem","position":1,"name":"Home","item":"https:\/\/chemgramx.com\/"},{"@type":"ListItem","position":2,"name":"Shop","item":"https:\/\/chemgramx.com\/shop\/"},{"@type":"ListItem","position":3,"name":"Sweet Island Skunk 16% &#8211; 25% THC"}]},{"@type":"WebSite","@id":"https:\/\/chemgramx.com\/#website","url":"https:\/\/chemgramx.com\/","name":"Chemgramx","description":"","publisher":{"@id":"https:\/\/chemgramx.com\/#organization"},"potentialAction":[{"@type":"SearchAction","target":{"@type":"EntryPoint","urlTemplate":"https:\/\/chemgramx.com\/?s={search_term_string}"},"query-input":{"@type":"PropertyValueSpecification","valueRequired":true,"valueName":"search_term_string"}}],"inLanguage":"it-IT"},{"@type":"Organization","@id":"https:\/\/chemgramx.com\/#organization","name":"Chemgramx","url":"https:\/\/chemgramx.com\/","logo":{"@type":"ImageObject","inLanguage":"it-IT","@id":"https:\/\/chemgramx.com\/#\/schema\/logo\/image\/","url":"https:\/\/chemgramx.com\/wp-content\/uploads\/2024\/10\/final-logo.png","contentUrl":"https:\/\/chemgramx.com\/wp-content\/uploads\/2024\/10\/final-logo.png","width":250,"height":48,"caption":"Chemgramx"},"image":{"@id":"https:\/\/chemgramx.com\/#\/schema\/logo\/image\/"}}]}},"_links":{"self":[{"href":"https:\/\/chemgramx.com\/it\/wp-json\/wp\/v2\/product\/8894","targetHints":{"allow":["GET"]}}],"collection":[{"href":"https:\/\/chemgramx.com\/it\/wp-json\/wp\/v2\/product"}],"about":[{"href":"https:\/\/chemgramx.com\/it\/wp-json\/wp\/v2\/types\/product"}],"replies":[{"embeddable":true,"href":"https:\/\/chemgramx.com\/it\/wp-json\/wp\/v2\/comments?post=8894"}],"wp:featuredmedia":[{"embeddable":true,"href":"https:\/\/chemgramx.com\/it\/wp-json\/wp\/v2\/media\/8770"}],"wp:attachment":[{"href":"https:\/\/chemgramx.com\/it\/wp-json\/wp\/v2\/media?parent=8894"}],"wp:term":[{"taxonomy":"product_brand","embeddable":true,"href":"https:\/\/chemgramx.com\/it\/wp-json\/wp\/v2\/product_brand?post=8894"},{"taxonomy":"product_cat","embeddable":true,"href":"https:\/\/chemgramx.com\/it\/wp-json\/wp\/v2\/product_cat?post=8894"},{"taxonomy":"product_tag","embeddable":true,"href":"https:\/\/chemgramx.com\/it\/wp-json\/wp\/v2\/product_tag?post=8894"}],"curies":[{"name":"wp","href":"https:\/\/api.w.org\/{rel}","templated":true}]}}