{"id":8896,"date":"2025-12-11T10:56:40","date_gmt":"2025-12-11T10:56:40","guid":{"rendered":"https:\/\/chemgramx.com\/?post_type=product&#038;p=8896"},"modified":"2025-12-11T11:03:24","modified_gmt":"2025-12-11T11:03:24","slug":"xanax-alprazolam-2mg","status":"publish","type":"product","link":"https:\/\/chemgramx.com\/it\/product\/xanax-alprazolam-2mg\/","title":{"rendered":"acquistare Xanax (Alprazolam) online"},"content":{"rendered":"<p><b>Alprazolam<\/b>, noto con il nome commerciale <b>Xanax<\/b>, \u00e8 un farmaco molto forte, ad azione rapida, appartenente al gruppo delle <b>Benzodiazepine<\/b>. Infatti, viene utilizzato principalmente per <b>Trattamento a breve termine<\/b> utilizzato per il trattamento di gravi disturbi d'ansia, attacchi di panico e stati di forte tensione. Soprattutto il <b>Dosaggio 2 mg<\/b> \u00e8 una formulazione elevata che pu\u00f2 essere presa in considerazione solo per i pazienti con sintomi gravi o tolleranza preesistente. Pertanto, l'uso di alprazolam \u00e8 soggetto ai pi\u00f9 severi controlli medici e legali, poich\u00e9 il suo elevato potenziale terapeutico va di pari passo con rischi significativi. La necessit\u00e0 di un controllo medico costante non sar\u00e0 mai abbastanza sottolineata.<\/p>\n<h2>Il meccanismo d'azione farmacologico: rafforzare il \u201efreno GABA\u201c.\u201c<\/h2>\n<p>L'effetto terapeutico dell'alprazolam si basa sull'azione mirata di <b>Amplificazione di un neurotrasmettitore endogeno<\/b> denominato <b>GABA<\/b> (acido gamma-aminobutirrico). Il GABA agisce come <b>Freno naturale del sistema nervoso centrale (SNC)<\/b>. \u00c8 responsabile di calmare le cellule nervose sovrastimolate e di ridurre l'eccitabilit\u00e0 neuronale generale.<\/p>\n<p>L'alprazolam sviluppa il suo effetto legandosi a siti specifici delle cellule nervose, i recettori. Questo legame fa s\u00ec che la molecola endogena GABA <b>funziona in modo pi\u00f9 efficiente e mantiene il canale ionico del cloruro aperto pi\u00f9 a lungo<\/b>. Questo aumenta drasticamente l'effetto inibitorio del GABA. Il risultato \u00e8 un <b>Forte attenuazione dell'attivit\u00e0 nervosa<\/b> nelle regioni del cervello responsabili dell'ansia e del panico. Di conseguenza, l'ansia, il nervosismo e la tensione si riducono rapidamente, provocando i desiderati effetti calmanti, rilassanti per i muscoli e ansiolitici.<\/p>\n<p>Il <b>Rapido inizio d'azione<\/b> \u00e8 una caratteristica fondamentale dell'alprazolam che lo rende cos\u00ec importante per la terapia acuta. In genere, l'effetto completo \u00e8 gi\u00e0 <b>entro una o due ore<\/b> dopo la somministrazione orale. Questo effetto rapido \u00e8 particolarmente importante nell'interruzione acuta degli attacchi di panico.<\/p>\n<h2>Alta potenza, sviluppo di tolleranza e rischio di dipendenza<\/h2>\n<p>L'effetto rapido e forte dell'alprazolam, soprattutto alle alte dosi di <span class=\"math-inline\" data-math=\"mathbf{2-mg-Dosierung}\">{2-mg-Dosierung}$<\/span>, \u00e8 direttamente collegato a un sistema di <b>alto rischio di sviluppare dipendenza fisica e psicologica<\/b> collegato.<\/p>\n<p>In un primo momento, l'organismo si abitua rapidamente al principio attivo, un processo noto come <b>Tolleranza<\/b> \u00e8 descritto. Di conseguenza, i pazienti spesso richiedono dosi pi\u00f9 elevate dopo poche settimane di uso regolare per ottenere lo stesso effetto terapeutico. Questa rapida escalation della dose \u00e8 un problema centrale nel trattamento con benzodiazepine. Poich\u00e9 l'emivita dell'alprazolam \u00e8 circa <b>Da 11 a 15 ore<\/b> \u00e8 relativamente breve, i sintomi dell'ansia possono ritornare con maggiore intensit\u00e0 tra una dose e l'altra. Questo fenomeno \u00e8 noto come <b>Ansia da rimbalzo<\/b> ed \u00e8 un segno precoce dello sviluppo di una dipendenza. Per questo motivo, l'uso deve essere strettamente limitato a uno <b>breve periodo (massimo 2-4 settimane)<\/b> essere limitato per ridurre al minimo il rischio di dipendenza.<\/p>\n<h2>Linee guida di applicazione rigorose, pericoli e controindicazioni<\/h2>\n<p>L'uso dell'alprazolam richiede la stretta osservanza di tutti i <b>linee guida mediche<\/b>. Il farmaco deve <b>sempre secondo le istruzioni del medico<\/b> poich\u00e9 un dosaggio non autorizzato pu\u00f2 essere pericoloso per la vita.<\/p>\n<p>Alcune combinazioni sono estremamente pericolose e portano a gravi conseguenze. <b>Interazioni<\/b>. Ad esempio, l'alprazolam <b>Mai con l'alcol<\/b> o altri agenti smorzanti a livello centrale <b>(come gli oppioidi, alcuni antistaminici o altri tranquillanti)<\/b> possono essere combinati. Queste combinazioni possono ridurre al minimo l'effetto di smorzamento della respirazione. <b>aumento del rischio di vita<\/b> e nel peggiore dei casi ad un <b>Arresto respiratorio<\/b> pu\u00f2 provocare effetti collaterali. Inoltre, il farmaco deve essere sempre sospeso sotto controllo medico. <b>sbiadito<\/b> diventare. L'interruzione improvvisa pu\u00f2 causare gravi sintomi di astinenza, che <b>Crisi epilettiche, delirio<\/b> e stati d'ansia pericolosi per la vita.<\/p>\n<p>In sintesi, il trattamento richiede un <b>Supervisione medica permanente<\/b>, per apportare modifiche alla dose e guidare il paziente in modo sicuro durante la terapia. <b>Controindicazioni<\/b> sono, ad esempio, gravi malattie respiratorie (apnea del sonno), miastenia gravis o una storia nota di dipendenza.<\/p>\n<h2>Situazione giuridica, classificazione e rischio di fonti illegali<\/h2>\n<p><b>Alprazolam<\/b> \u00e8 riconosciuta in Germania e nella maggior parte dei paesi del mondo come una <b>Anestetico su prescrizione<\/b> classificati. Ci\u00f2 significa che \u00e8 vietato il possesso, il commercio e la distribuzione senza una prescrizione medica valida. <b>illegale<\/b> e sono soggetti a procedimento penale.<\/p>\n<p>\u00c8 quindi <b>Estremamente pericoloso<\/b>, Prodotti a base di Xanax o alprazolam <b>online senza ricetta<\/b> da acquistare. In effetti, le analisi di laboratorio e le indagini della polizia hanno dimostrato che le pillole ottenute illegalmente sono spesso <b>forgiato<\/b> sono. O contengono quantit\u00e0 errate di principio attivo (che possono portare a sovradosaggi imprevedibili) o, peggio ancora, contengono una quantit\u00e0 sbagliata di principio attivo, <b>sostanze altamente tossiche come gli analoghi del fentanil<\/b>. Questi oppioidi sintetici possono essere fatali anche in quantit\u00e0 minime e poco visibili. Per questo motivo, \u00e8 necessario <b>sempre esclusivamente alle farmacie autorizzate e ai professionisti del settore medico<\/b> per assicurare la vostra salute e sicurezza e per garantire il rispetto della legge sugli stupefacenti.<\/p>","protected":false},"excerpt":{"rendered":"<p data-start=\"1915\" data-end=\"2041\">Xanax 2mg - alprazolam ad azione rapida per ansia e panico. Dosaggio preciso e spedizione discreta in Germania e nell'UE.<\/p>","protected":false},"featured_media":8789,"comment_status":"open","ping_status":"closed","template":"","meta":{"_joinchat":[]},"product_brand":[],"product_cat":[62],"product_tag":[],"class_list":{"0":"post-8896","1":"product","2":"type-product","3":"status-publish","4":"has-post-thumbnail","6":"product_cat-marijuana","8":"first","9":"instock","10":"shipping-taxable","11":"purchasable","12":"product-type-variable"},"yoast_head":"<!-- This site is optimized with the Yoast SEO plugin v27.5 - https:\/\/yoast.com\/product\/yoast-seo-wordpress\/ -->\n<title>Xanax 2mg online kaufen | Alprazolam<\/title>\n<meta name=\"description\" content=\"Xanax 2mg (Alprazolam) kaufen \u2013 schnell wirksam bei Angst und Panik. Diskreter Versand in Deutschland &amp; EU f\u00fcr sichere, zuverl\u00e4ssige Wirkung.\" \/>\n<meta name=\"robots\" content=\"index, follow, max-snippet:-1, max-image-preview:large, max-video-preview:-1\" \/>\n<link rel=\"canonical\" href=\"https:\/\/chemgramx.com\/it\/prodotto-1\/xanax-alprazolam-2mg\/\" \/>\n<meta property=\"og:locale\" content=\"it_IT\" \/>\n<meta property=\"og:type\" content=\"article\" \/>\n<meta property=\"og:title\" content=\"Xanax 2mg online kaufen | Alprazolam\" \/>\n<meta property=\"og:description\" content=\"Xanax 2mg (Alprazolam) kaufen \u2013 schnell wirksam bei Angst und Panik. Diskreter Versand in Deutschland &amp; EU f\u00fcr sichere, zuverl\u00e4ssige Wirkung.\" \/>\n<meta property=\"og:url\" content=\"https:\/\/chemgramx.com\/it\/prodotto-1\/xanax-alprazolam-2mg\/\" \/>\n<meta property=\"og:site_name\" content=\"Chemgramx\" \/>\n<meta property=\"article:modified_time\" content=\"2025-12-11T11:03:24+00:00\" \/>\n<meta property=\"og:image\" content=\"https:\/\/chemgramx.com\/wp-content\/uploads\/2025\/12\/xanax-alprazolam-2mg.jpeg\" \/>\n\t<meta property=\"og:image:width\" content=\"1500\" \/>\n\t<meta property=\"og:image:height\" content=\"2000\" \/>\n\t<meta property=\"og:image:type\" content=\"image\/jpeg\" \/>\n<meta name=\"twitter:card\" content=\"summary_large_image\" \/>\n<meta name=\"twitter:label1\" content=\"Tempo di lettura stimato\" \/>\n\t<meta name=\"twitter:data1\" content=\"4 minuti\" \/>\n<script type=\"application\/ld+json\" class=\"yoast-schema-graph\">{\"@context\":\"https:\\\/\\\/schema.org\",\"@graph\":[{\"@type\":\"WebPage\",\"@id\":\"https:\\\/\\\/chemgramx.com\\\/product\\\/xanax-alprazolam-2mg\\\/\",\"url\":\"https:\\\/\\\/chemgramx.com\\\/product\\\/xanax-alprazolam-2mg\\\/\",\"name\":\"Xanax 2mg online kaufen | Alprazolam\",\"isPartOf\":{\"@id\":\"https:\\\/\\\/chemgramx.com\\\/#website\"},\"primaryImageOfPage\":{\"@id\":\"https:\\\/\\\/chemgramx.com\\\/product\\\/xanax-alprazolam-2mg\\\/#primaryimage\"},\"image\":{\"@id\":\"https:\\\/\\\/chemgramx.com\\\/product\\\/xanax-alprazolam-2mg\\\/#primaryimage\"},\"thumbnailUrl\":\"https:\\\/\\\/chemgramx.com\\\/wp-content\\\/uploads\\\/2025\\\/12\\\/xanax-alprazolam-2mg.jpeg\",\"datePublished\":\"2025-12-11T10:56:40+00:00\",\"dateModified\":\"2025-12-11T11:03:24+00:00\",\"description\":\"Xanax 2mg (Alprazolam) kaufen \u2013 schnell wirksam bei Angst und Panik. Diskreter Versand in Deutschland & EU f\u00fcr sichere, zuverl\u00e4ssige Wirkung.\",\"breadcrumb\":{\"@id\":\"https:\\\/\\\/chemgramx.com\\\/product\\\/xanax-alprazolam-2mg\\\/#breadcrumb\"},\"inLanguage\":\"it-IT\",\"potentialAction\":[{\"@type\":\"ReadAction\",\"target\":[\"https:\\\/\\\/chemgramx.com\\\/product\\\/xanax-alprazolam-2mg\\\/\"]}]},{\"@type\":\"ImageObject\",\"inLanguage\":\"it-IT\",\"@id\":\"https:\\\/\\\/chemgramx.com\\\/product\\\/xanax-alprazolam-2mg\\\/#primaryimage\",\"url\":\"https:\\\/\\\/chemgramx.com\\\/wp-content\\\/uploads\\\/2025\\\/12\\\/xanax-alprazolam-2mg.jpeg\",\"contentUrl\":\"https:\\\/\\\/chemgramx.com\\\/wp-content\\\/uploads\\\/2025\\\/12\\\/xanax-alprazolam-2mg.jpeg\",\"width\":1500,\"height\":2000},{\"@type\":\"BreadcrumbList\",\"@id\":\"https:\\\/\\\/chemgramx.com\\\/product\\\/xanax-alprazolam-2mg\\\/#breadcrumb\",\"itemListElement\":[{\"@type\":\"ListItem\",\"position\":1,\"name\":\"Home\",\"item\":\"https:\\\/\\\/chemgramx.com\\\/\"},{\"@type\":\"ListItem\",\"position\":2,\"name\":\"Shop\",\"item\":\"https:\\\/\\\/chemgramx.com\\\/shop\\\/\"},{\"@type\":\"ListItem\",\"position\":3,\"name\":\"kaufen Xanax (Alprazolam) online\"}]},{\"@type\":\"WebSite\",\"@id\":\"https:\\\/\\\/chemgramx.com\\\/#website\",\"url\":\"https:\\\/\\\/chemgramx.com\\\/\",\"name\":\"Chemgramx\",\"description\":\"\",\"publisher\":{\"@id\":\"https:\\\/\\\/chemgramx.com\\\/#organization\"},\"potentialAction\":[{\"@type\":\"SearchAction\",\"target\":{\"@type\":\"EntryPoint\",\"urlTemplate\":\"https:\\\/\\\/chemgramx.com\\\/?s={search_term_string}\"},\"query-input\":{\"@type\":\"PropertyValueSpecification\",\"valueRequired\":true,\"valueName\":\"search_term_string\"}}],\"inLanguage\":\"it-IT\"},{\"@type\":\"Organization\",\"@id\":\"https:\\\/\\\/chemgramx.com\\\/#organization\",\"name\":\"Chemgramx\",\"url\":\"https:\\\/\\\/chemgramx.com\\\/\",\"logo\":{\"@type\":\"ImageObject\",\"inLanguage\":\"it-IT\",\"@id\":\"https:\\\/\\\/chemgramx.com\\\/#\\\/schema\\\/logo\\\/image\\\/\",\"url\":\"https:\\\/\\\/chemgramx.com\\\/wp-content\\\/uploads\\\/2024\\\/10\\\/final-logo.png\",\"contentUrl\":\"https:\\\/\\\/chemgramx.com\\\/wp-content\\\/uploads\\\/2024\\\/10\\\/final-logo.png\",\"width\":250,\"height\":48,\"caption\":\"Chemgramx\"},\"image\":{\"@id\":\"https:\\\/\\\/chemgramx.com\\\/#\\\/schema\\\/logo\\\/image\\\/\"}}]}<\/script>\n<!-- \/ Yoast SEO plugin. -->","yoast_head_json":{"title":"Acquistare Xanax 2mg online | Alprazolam","description":"Acquistare Xanax 2mg (alprazolam) - rapidamente efficace per ansia e panico. Spedizione discreta in Germania e nell'UE per effetti sicuri e affidabili.","robots":{"index":"index","follow":"follow","max-snippet":"max-snippet:-1","max-image-preview":"max-image-preview:large","max-video-preview":"max-video-preview:-1"},"canonical":"https:\/\/chemgramx.com\/it\/prodotto-1\/xanax-alprazolam-2mg\/","og_locale":"it_IT","og_type":"article","og_title":"Xanax 2mg online kaufen | Alprazolam","og_description":"Xanax 2mg (Alprazolam) kaufen \u2013 schnell wirksam bei Angst und Panik. Diskreter Versand in Deutschland & EU f\u00fcr sichere, zuverl\u00e4ssige Wirkung.","og_url":"https:\/\/chemgramx.com\/it\/prodotto-1\/xanax-alprazolam-2mg\/","og_site_name":"Chemgramx","article_modified_time":"2025-12-11T11:03:24+00:00","og_image":[{"width":1500,"height":2000,"url":"https:\/\/chemgramx.com\/wp-content\/uploads\/2025\/12\/xanax-alprazolam-2mg.jpeg","type":"image\/jpeg"}],"twitter_card":"summary_large_image","twitter_misc":{"Tempo di lettura stimato":"4 minuti"},"schema":{"@context":"https:\/\/schema.org","@graph":[{"@type":"WebPage","@id":"https:\/\/chemgramx.com\/product\/xanax-alprazolam-2mg\/","url":"https:\/\/chemgramx.com\/product\/xanax-alprazolam-2mg\/","name":"Acquistare Xanax 2mg online | Alprazolam","isPartOf":{"@id":"https:\/\/chemgramx.com\/#website"},"primaryImageOfPage":{"@id":"https:\/\/chemgramx.com\/product\/xanax-alprazolam-2mg\/#primaryimage"},"image":{"@id":"https:\/\/chemgramx.com\/product\/xanax-alprazolam-2mg\/#primaryimage"},"thumbnailUrl":"https:\/\/chemgramx.com\/wp-content\/uploads\/2025\/12\/xanax-alprazolam-2mg.jpeg","datePublished":"2025-12-11T10:56:40+00:00","dateModified":"2025-12-11T11:03:24+00:00","description":"Acquistare Xanax 2mg (alprazolam) - rapidamente efficace per ansia e panico. Spedizione discreta in Germania e nell'UE per effetti sicuri e affidabili.","breadcrumb":{"@id":"https:\/\/chemgramx.com\/product\/xanax-alprazolam-2mg\/#breadcrumb"},"inLanguage":"it-IT","potentialAction":[{"@type":"ReadAction","target":["https:\/\/chemgramx.com\/product\/xanax-alprazolam-2mg\/"]}]},{"@type":"ImageObject","inLanguage":"it-IT","@id":"https:\/\/chemgramx.com\/product\/xanax-alprazolam-2mg\/#primaryimage","url":"https:\/\/chemgramx.com\/wp-content\/uploads\/2025\/12\/xanax-alprazolam-2mg.jpeg","contentUrl":"https:\/\/chemgramx.com\/wp-content\/uploads\/2025\/12\/xanax-alprazolam-2mg.jpeg","width":1500,"height":2000},{"@type":"BreadcrumbList","@id":"https:\/\/chemgramx.com\/product\/xanax-alprazolam-2mg\/#breadcrumb","itemListElement":[{"@type":"ListItem","position":1,"name":"Home","item":"https:\/\/chemgramx.com\/"},{"@type":"ListItem","position":2,"name":"Shop","item":"https:\/\/chemgramx.com\/shop\/"},{"@type":"ListItem","position":3,"name":"kaufen Xanax (Alprazolam) online"}]},{"@type":"WebSite","@id":"https:\/\/chemgramx.com\/#website","url":"https:\/\/chemgramx.com\/","name":"Chemgramx","description":"","publisher":{"@id":"https:\/\/chemgramx.com\/#organization"},"potentialAction":[{"@type":"SearchAction","target":{"@type":"EntryPoint","urlTemplate":"https:\/\/chemgramx.com\/?s={search_term_string}"},"query-input":{"@type":"PropertyValueSpecification","valueRequired":true,"valueName":"search_term_string"}}],"inLanguage":"it-IT"},{"@type":"Organization","@id":"https:\/\/chemgramx.com\/#organization","name":"Chemgramx","url":"https:\/\/chemgramx.com\/","logo":{"@type":"ImageObject","inLanguage":"it-IT","@id":"https:\/\/chemgramx.com\/#\/schema\/logo\/image\/","url":"https:\/\/chemgramx.com\/wp-content\/uploads\/2024\/10\/final-logo.png","contentUrl":"https:\/\/chemgramx.com\/wp-content\/uploads\/2024\/10\/final-logo.png","width":250,"height":48,"caption":"Chemgramx"},"image":{"@id":"https:\/\/chemgramx.com\/#\/schema\/logo\/image\/"}}]}},"_links":{"self":[{"href":"https:\/\/chemgramx.com\/it\/wp-json\/wp\/v2\/product\/8896","targetHints":{"allow":["GET"]}}],"collection":[{"href":"https:\/\/chemgramx.com\/it\/wp-json\/wp\/v2\/product"}],"about":[{"href":"https:\/\/chemgramx.com\/it\/wp-json\/wp\/v2\/types\/product"}],"replies":[{"embeddable":true,"href":"https:\/\/chemgramx.com\/it\/wp-json\/wp\/v2\/comments?post=8896"}],"wp:featuredmedia":[{"embeddable":true,"href":"https:\/\/chemgramx.com\/it\/wp-json\/wp\/v2\/media\/8789"}],"wp:attachment":[{"href":"https:\/\/chemgramx.com\/it\/wp-json\/wp\/v2\/media?parent=8896"}],"wp:term":[{"taxonomy":"product_brand","embeddable":true,"href":"https:\/\/chemgramx.com\/it\/wp-json\/wp\/v2\/product_brand?post=8896"},{"taxonomy":"product_cat","embeddable":true,"href":"https:\/\/chemgramx.com\/it\/wp-json\/wp\/v2\/product_cat?post=8896"},{"taxonomy":"product_tag","embeddable":true,"href":"https:\/\/chemgramx.com\/it\/wp-json\/wp\/v2\/product_tag?post=8896"}],"curies":[{"name":"wp","href":"https:\/\/api.w.org\/{rel}","templated":true}]}}