{"id":1020,"date":"2024-12-07T15:07:49","date_gmt":"2024-12-07T15:07:49","guid":{"rendered":"https:\/\/chemgramx.com\/?post_type=product&#038;p=1020"},"modified":"2025-10-15T04:48:13","modified_gmt":"2025-10-15T04:48:13","slug":"2c-t-4","status":"publish","type":"product","link":"https:\/\/chemgramx.com\/nl\/product\/2c-t-4\/","title":{"rendered":"2C-T-4 online kopen"},"content":{"rendered":"<h2 data-start=\"172\" data-end=\"191\">Wat is 2C-T-4?<\/h2>\n<p data-start=\"193\" data-end=\"793\"><a href=\"https:\/\/en.wikipedia.org\/wiki\/2C-T-4\">2C-T-4<\/a> is een psychedelische research chemical uit de bekende 2C-reeks van fenethylamines. De volledige chemische naam is 2,5-dimethoxy-4-isopropylthiofenethylamine. Deze stof werd oorspronkelijk ontwikkeld en beschreven door Alexander Shulgin. 2C-T-4 staat bekend om zijn uitgesproken visuele effecten, sensorische verbeteringen en algehele psychedelische effect, wat onderzoekers interessante mogelijkheden biedt voor wetenschappelijke experimenten. Vanwege het unieke werkingsprofiel wordt het voornamelijk gebruikt in neurochemische en psychologische studies.<\/p>\n<h3 data-start=\"795\" data-end=\"854\">Koop 2C-T-4 nu online \u2013 2C-T-4 beschikbaar voor verkoop<\/h3>\n<p data-start=\"856\" data-end=\"1264\">Als u overweegt om 2C-T-4 online te kopen, bent u bij ons aan het juiste adres. Wij bieden geteste kwaliteit en een eerlijke prijs voor uw onderzoek. Met onze service kunt u 2C-T-4 veilig bestellen \u2013 met discrete levering, flexibele betaalmethoden en transparante verwerking. Vertrouw op de <a href=\"https:\/\/chemgramx.com\/nl\/product\/2c-t-4\/\">beste plek om 2C-T-4 online te kopen<\/a>om hoogwaardige producten voor uw projecten te krijgen.<\/p>\n<p data-start=\"1266\" data-end=\"1393\">Bent u op zoek naar een betrouwbare bron? Dan is ons platform het juiste antwoord op de vraag: waar kunt u 2C-T-4 kopen?<\/p>\n<h3 data-start=\"1395\" data-end=\"1435\">Waarom 2C-T-4 online bij ons kopen?<\/h3>\n<ul data-start=\"1437\" data-end=\"1669\">\n<li data-start=\"1437\" data-end=\"1485\">\n<p data-start=\"1439\" data-end=\"1485\">Laboratoriumgeteste kwaliteit voor maximale zuiverheid<\/p>\n<\/li>\n<li data-start=\"1486\" data-end=\"1528\">\n<p data-start=\"1488\" data-end=\"1528\">Snelle en discrete verzending wereldwijd<\/p>\n<\/li>\n<li data-start=\"1529\" data-end=\"1568\">\n<p data-start=\"1531\" data-end=\"1568\">Flexibele en veilige betaalmethoden<\/p>\n<\/li>\n<li data-start=\"1569\" data-end=\"1612\">\n<p data-start=\"1571\" data-end=\"1612\">Aantrekkelijke kortingen bij bulkbestellingen<\/p>\n<\/li>\n<\/ul>\n<p data-start=\"1671\" data-end=\"1778\">Bij ons koopt u 2C-T-4 online \u2013 rechtstreeks bij de vakhandelaar, betrouwbaar en tegen eerlijke voorwaarden.<\/p>\n<h3 data-start=\"1780\" data-end=\"1815\">Oorsprong en chemisch profiel<\/h3>\n<p data-start=\"1817\" data-end=\"2238\">2C-T-4 wurde von Alexander Shulgin synthetisiert und in seinem Werk \u201ePiHKAL\u201c ausf\u00fchrlich dokumentiert. Chemisch ist es 2,5-Dimethoxy-4-isopropylthiophenethylamin, ein Thio-Analog aus der 2C-Gruppe. Die molekulare Struktur sorgt f\u00fcr eine Kombination aus sensorischer Verst\u00e4rkung und psychedelischer Tiefe. Forscher, die 2C-T-4 kaufen m\u00f6chten, sch\u00e4tzen diese Verbindung f\u00fcr ihre besonderen Eigenschaften in Laborstudien.<\/p>\n<h3 data-start=\"2240\" data-end=\"2266\">Gebruik van 2C-T-4<\/h3>\n<p data-start=\"2268\" data-end=\"2454\">2C-T-4 wordt uitsluitend aangeboden voor wetenschappelijk onderzoek. Instituten, laboratoria en forensische instellingen gebruiken het voor chemische analyses en neurologische studies.<\/p>\n<p data-start=\"2456\" data-end=\"2486\">Toepassingsgebieden:<\/p>\n<ul data-start=\"2488\" data-end=\"2645\">\n<li data-start=\"2488\" data-end=\"2532\">\n<p data-start=\"2490\" data-end=\"2532\">Onderzoek in neurochemie en psychologie<\/p>\n<\/li>\n<li data-start=\"2533\" data-end=\"2575\">\n<p data-start=\"2535\" data-end=\"2575\">\u00c9tudes sur les changements de perception<\/p>\n<\/li>\n<li data-start=\"2576\" data-end=\"2617\">\n<p data-start=\"2578\" data-end=\"2617\">Analytische en chemische experimenten<\/p>\n<\/li>\n<li data-start=\"2618\" data-end=\"2645\">\n<p data-start=\"2620\" data-end=\"2645\">Forensische toepassingen<\/p>\n<\/li>\n<\/ul>\n<h3 data-start=\"2647\" data-end=\"2696\">Hoe en waar kan ik 2C-T-4 online bestellen?<\/h3>\n<p data-start=\"2698\" data-end=\"2990\">2C-T-4 kopen is eenvoudig, veilig en snel bij ons. Onze online winkel biedt verschillende verpakkingseenheden, eerlijke 2C-T-4 prijzen en discrete verzending. Vertrouw op onze ervaring als u online 2C-T-4 wilt kopen bij een betrouwbare bron.<\/p>\n<h3 data-start=\"2992\" data-end=\"3033\">Voordelen van het online kopen van 2C-T-4<\/h3>\n<ul data-start=\"3035\" data-end=\"3253\">\n<li data-start=\"3035\" data-end=\"3066\">\n<p data-start=\"3037\" data-end=\"3066\">Uitgebreide productselectie<\/p>\n<\/li>\n<li data-start=\"3067\" data-end=\"3105\">\n<p data-start=\"3069\" data-end=\"3105\">Directe aankoop zonder tussenpersonen<\/p>\n<\/li>\n<li data-start=\"3106\" data-end=\"3153\">\n<p data-start=\"3108\" data-end=\"3153\">Discrete levering met neutrale verpakking<\/p>\n<\/li>\n<li data-start=\"3154\" data-end=\"3196\">\n<p data-start=\"3156\" data-end=\"3196\">Toegang tot speciale aanbiedingen en kortingen<\/p>\n<\/li>\n<li data-start=\"3197\" data-end=\"3253\">\n<p data-start=\"3199\" data-end=\"3253\">Mogelijkheid om 2C-T-4 online te kopen tegen eerlijke prijzen<\/p>\n<\/li>\n<\/ul>\n<h3 data-start=\"3255\" data-end=\"3296\">Hoe kiest u de juiste provider?<\/h3>\n<p data-start=\"3298\" data-end=\"3379\">Bij het bestellen van de 2C-T-4 mag u nooit concessies doen. Let op:<\/p>\n<ul data-start=\"3381\" data-end=\"3512\">\n<li data-start=\"3381\" data-end=\"3426\">\n<p data-start=\"3383\" data-end=\"3426\">Geteste kwaliteit met zuiverheidscertificaat<\/p>\n<\/li>\n<li data-start=\"3427\" data-end=\"3459\">\n<p data-start=\"3429\" data-end=\"3459\">Discrete, snelle verzending<\/p>\n<\/li>\n<li data-start=\"3460\" data-end=\"3488\">\n<p data-start=\"3462\" data-end=\"3488\">Veilige betaalmethoden<\/p>\n<\/li>\n<li data-start=\"3489\" data-end=\"3512\">\n<p data-start=\"3491\" data-end=\"3512\">Bekwame ondersteuning<\/p>\n<\/li>\n<\/ul>\n<h3 data-start=\"3514\" data-end=\"3524\">Conclusie<\/h3>\n<p data-start=\"3526\" data-end=\"3851\">Wanneer u 2C-T-4 online koopt, zijn wij uw betrouwbare partner. Met onze selectie 2C-T-4 profiteert u van bewezen zuiverheid, aantrekkelijke prijzen en professionele klantenservice. Vertrouw op de beste plek om online 2C-T-4 te kopen en verzeker u van de hoogste kwaliteit.<\/p>\n<p data-start=\"3853\" data-end=\"3984\">Koop 2C-T-4 nu online en profiteer van de voordelen van een gerenommeerde vakhandelaar: kwaliteit, veiligheid en discretie gegarandeerd.<\/p>","protected":false},"excerpt":{"rendered":"<p>Korte beschrijving (55 woorden) 2C-T-4 is een synthetische chemische stof voor wetenschappelijk onderzoek die bekend staat om zijn hoge zuiverheid en stabiliteit. Dit product is ideaal voor farmacologische experimenten, receptortests en chemische tests. Elke batch ondergaat strenge testen om kwaliteit en betrouwbaarheid te garanderen. Alleen voor laboratoriumgebruik.<\/p>","protected":false},"featured_media":1021,"comment_status":"open","ping_status":"closed","template":"","meta":{"_joinchat":[]},"product_brand":[],"product_cat":[1795],"product_tag":[1836,1843,1837,1840,1842,1839,1838,188,1814,1841],"class_list":{"0":"post-1020","1":"product","2":"type-product","3":"status-publish","4":"has-post-thumbnail","6":"product_cat-2c-serie","7":"product_tag-2c-t-4","8":"product_tag-2c-t-4-chemikalien","9":"product_tag-2c-t-4-kaufen","10":"product_tag-2c-t-4-kristalle","11":"product_tag-2c-t-4-online","12":"product_tag-2c-t-4-pulver","13":"product_tag-2c-t-4-zum-verkauf","14":"product_tag-forschungschemikalien","15":"product_tag-forschungsstoffe-kaufen","16":"product_tag-synthetische-phenethylamine","18":"first","19":"instock","20":"shipping-taxable","21":"purchasable","22":"product-type-variable"},"yoast_head":"<!-- This site is optimized with the Yoast SEO plugin v26.1.1 - https:\/\/yoast.com\/wordpress\/plugins\/seo\/ -->\n<title>2C-T-4 online kaufen \u2013 2C-T-4 zu verkaufen | chemgramx<\/title>\n<meta name=\"description\" content=\"Jetzt ist die beste Zeit, unseren Online-Shop zu besuchen und 2c-t-4 online zu kaufen. Wir haben hier hochwertiges 2c-t-4 zum g\u00fcnstigsten Preis zu verkaufen. Treffen Sie uns online und geben Sie noch heute Ihre Bestellung auf.\" \/>\n<meta name=\"robots\" content=\"index, follow, max-snippet:-1, max-image-preview:large, max-video-preview:-1\" \/>\n<link rel=\"canonical\" href=\"https:\/\/chemgramx.com\/nl\/product\/2c-t-4\/\" \/>\n<meta property=\"og:locale\" content=\"nl_BE\" \/>\n<meta property=\"og:type\" content=\"article\" \/>\n<meta property=\"og:title\" content=\"2C-T-4 online kaufen \u2013 2C-T-4 zu verkaufen | chemgramx\" \/>\n<meta property=\"og:description\" content=\"Jetzt ist die beste Zeit, unseren Online-Shop zu besuchen und 2c-t-4 online zu kaufen. Wir haben hier hochwertiges 2c-t-4 zum g\u00fcnstigsten Preis zu verkaufen. Treffen Sie uns online und geben Sie noch heute Ihre Bestellung auf.\" \/>\n<meta property=\"og:url\" content=\"https:\/\/chemgramx.com\/nl\/product\/2c-t-4\/\" \/>\n<meta property=\"og:site_name\" content=\"Chemgramx\" \/>\n<meta property=\"article:modified_time\" content=\"2025-10-15T04:48:13+00:00\" \/>\n<meta property=\"og:image\" content=\"https:\/\/chemgramx.com\/wp-content\/uploads\/2024\/12\/2ct4.jpg\" \/>\n\t<meta property=\"og:image:width\" content=\"600\" \/>\n\t<meta property=\"og:image:height\" content=\"400\" \/>\n\t<meta property=\"og:image:type\" content=\"image\/jpeg\" \/>\n<meta name=\"twitter:card\" content=\"summary_large_image\" \/>\n<meta name=\"twitter:label1\" content=\"Geschatte leestijd\" \/>\n\t<meta name=\"twitter:data1\" content=\"3 minuten\" \/>\n<script type=\"application\/ld+json\" class=\"yoast-schema-graph\">{\"@context\":\"https:\/\/schema.org\",\"@graph\":[{\"@type\":\"WebPage\",\"@id\":\"https:\/\/chemgramx.com\/product\/2c-t-4\/\",\"url\":\"https:\/\/chemgramx.com\/product\/2c-t-4\/\",\"name\":\"2C-T-4 online kaufen \u2013 2C-T-4 zu verkaufen | chemgramx\",\"isPartOf\":{\"@id\":\"https:\/\/chemgramx.com\/#website\"},\"primaryImageOfPage\":{\"@id\":\"https:\/\/chemgramx.com\/product\/2c-t-4\/#primaryimage\"},\"image\":{\"@id\":\"https:\/\/chemgramx.com\/product\/2c-t-4\/#primaryimage\"},\"thumbnailUrl\":\"https:\/\/chemgramx.com\/wp-content\/uploads\/2024\/12\/2ct4.jpg\",\"datePublished\":\"2024-12-07T15:07:49+00:00\",\"dateModified\":\"2025-10-15T04:48:13+00:00\",\"description\":\"Jetzt ist die beste Zeit, unseren Online-Shop zu besuchen und 2c-t-4 online zu kaufen. Wir haben hier hochwertiges 2c-t-4 zum g\u00fcnstigsten Preis zu verkaufen. Treffen Sie uns online und geben Sie noch heute Ihre Bestellung auf.\",\"breadcrumb\":{\"@id\":\"https:\/\/chemgramx.com\/product\/2c-t-4\/#breadcrumb\"},\"inLanguage\":\"nl-BE\",\"potentialAction\":[{\"@type\":\"ReadAction\",\"target\":[\"https:\/\/chemgramx.com\/product\/2c-t-4\/\"]}]},{\"@type\":\"ImageObject\",\"inLanguage\":\"nl-BE\",\"@id\":\"https:\/\/chemgramx.com\/product\/2c-t-4\/#primaryimage\",\"url\":\"https:\/\/chemgramx.com\/wp-content\/uploads\/2024\/12\/2ct4.jpg\",\"contentUrl\":\"https:\/\/chemgramx.com\/wp-content\/uploads\/2024\/12\/2ct4.jpg\",\"width\":600,\"height\":400,\"caption\":\"2C-T-4 online kaufen\"},{\"@type\":\"BreadcrumbList\",\"@id\":\"https:\/\/chemgramx.com\/product\/2c-t-4\/#breadcrumb\",\"itemListElement\":[{\"@type\":\"ListItem\",\"position\":1,\"name\":\"Home\",\"item\":\"https:\/\/chemgramx.com\/\"},{\"@type\":\"ListItem\",\"position\":2,\"name\":\"Shop\",\"item\":\"https:\/\/chemgramx.com\/shop\/\"},{\"@type\":\"ListItem\",\"position\":3,\"name\":\"2C-T-4 Online kaufen\"}]},{\"@type\":\"WebSite\",\"@id\":\"https:\/\/chemgramx.com\/#website\",\"url\":\"https:\/\/chemgramx.com\/\",\"name\":\"Chemgramx\",\"description\":\"\",\"publisher\":{\"@id\":\"https:\/\/chemgramx.com\/#organization\"},\"potentialAction\":[{\"@type\":\"SearchAction\",\"target\":{\"@type\":\"EntryPoint\",\"urlTemplate\":\"https:\/\/chemgramx.com\/?s={search_term_string}\"},\"query-input\":{\"@type\":\"PropertyValueSpecification\",\"valueRequired\":true,\"valueName\":\"search_term_string\"}}],\"inLanguage\":\"nl-BE\"},{\"@type\":\"Organization\",\"@id\":\"https:\/\/chemgramx.com\/#organization\",\"name\":\"Chemgramx\",\"url\":\"https:\/\/chemgramx.com\/\",\"logo\":{\"@type\":\"ImageObject\",\"inLanguage\":\"nl-BE\",\"@id\":\"https:\/\/chemgramx.com\/#\/schema\/logo\/image\/\",\"url\":\"https:\/\/chemgramx.com\/wp-content\/uploads\/2024\/10\/final-logo.png\",\"contentUrl\":\"https:\/\/chemgramx.com\/wp-content\/uploads\/2024\/10\/final-logo.png\",\"width\":250,\"height\":48,\"caption\":\"Chemgramx\"},\"image\":{\"@id\":\"https:\/\/chemgramx.com\/#\/schema\/logo\/image\/\"}}]}<\/script>\n<!-- \/ Yoast SEO plugin. -->","yoast_head_json":{"title":"2C-T-4 online kopen \u2013 2C-T-4 te koop | chemgramx","description":"Dit is h\u00e9t moment om onze webshop te bezoeken en online 2c-t-4 te kopen. We hebben hoogwaardige 2c-t-4 te koop voor de meest betaalbare prijs. Kom langs en plaats vandaag nog uw bestelling.","robots":{"index":"index","follow":"follow","max-snippet":"max-snippet:-1","max-image-preview":"max-image-preview:large","max-video-preview":"max-video-preview:-1"},"canonical":"https:\/\/chemgramx.com\/nl\/product\/2c-t-4\/","og_locale":"nl_BE","og_type":"article","og_title":"2C-T-4 online kaufen \u2013 2C-T-4 zu verkaufen | chemgramx","og_description":"Jetzt ist die beste Zeit, unseren Online-Shop zu besuchen und 2c-t-4 online zu kaufen. Wir haben hier hochwertiges 2c-t-4 zum g\u00fcnstigsten Preis zu verkaufen. Treffen Sie uns online und geben Sie noch heute Ihre Bestellung auf.","og_url":"https:\/\/chemgramx.com\/nl\/product\/2c-t-4\/","og_site_name":"Chemgramx","article_modified_time":"2025-10-15T04:48:13+00:00","og_image":[{"width":600,"height":400,"url":"https:\/\/chemgramx.com\/wp-content\/uploads\/2024\/12\/2ct4.jpg","type":"image\/jpeg"}],"twitter_card":"summary_large_image","twitter_misc":{"Geschatte leestijd":"3 minuten"},"schema":{"@context":"https:\/\/schema.org","@graph":[{"@type":"WebPage","@id":"https:\/\/chemgramx.com\/product\/2c-t-4\/","url":"https:\/\/chemgramx.com\/product\/2c-t-4\/","name":"2C-T-4 online kopen \u2013 2C-T-4 te koop | chemgramx","isPartOf":{"@id":"https:\/\/chemgramx.com\/#website"},"primaryImageOfPage":{"@id":"https:\/\/chemgramx.com\/product\/2c-t-4\/#primaryimage"},"image":{"@id":"https:\/\/chemgramx.com\/product\/2c-t-4\/#primaryimage"},"thumbnailUrl":"https:\/\/chemgramx.com\/wp-content\/uploads\/2024\/12\/2ct4.jpg","datePublished":"2024-12-07T15:07:49+00:00","dateModified":"2025-10-15T04:48:13+00:00","description":"Dit is h\u00e9t moment om onze webshop te bezoeken en online 2c-t-4 te kopen. We hebben hoogwaardige 2c-t-4 te koop voor de meest betaalbare prijs. Kom langs en plaats vandaag nog uw bestelling.","breadcrumb":{"@id":"https:\/\/chemgramx.com\/product\/2c-t-4\/#breadcrumb"},"inLanguage":"nl-BE","potentialAction":[{"@type":"ReadAction","target":["https:\/\/chemgramx.com\/product\/2c-t-4\/"]}]},{"@type":"ImageObject","inLanguage":"nl-BE","@id":"https:\/\/chemgramx.com\/product\/2c-t-4\/#primaryimage","url":"https:\/\/chemgramx.com\/wp-content\/uploads\/2024\/12\/2ct4.jpg","contentUrl":"https:\/\/chemgramx.com\/wp-content\/uploads\/2024\/12\/2ct4.jpg","width":600,"height":400,"caption":"2C-T-4 online kaufen"},{"@type":"BreadcrumbList","@id":"https:\/\/chemgramx.com\/product\/2c-t-4\/#breadcrumb","itemListElement":[{"@type":"ListItem","position":1,"name":"Home","item":"https:\/\/chemgramx.com\/"},{"@type":"ListItem","position":2,"name":"Shop","item":"https:\/\/chemgramx.com\/shop\/"},{"@type":"ListItem","position":3,"name":"2C-T-4 Online kaufen"}]},{"@type":"WebSite","@id":"https:\/\/chemgramx.com\/#website","url":"https:\/\/chemgramx.com\/","name":"Chemgramx","description":"","publisher":{"@id":"https:\/\/chemgramx.com\/#organization"},"potentialAction":[{"@type":"SearchAction","target":{"@type":"EntryPoint","urlTemplate":"https:\/\/chemgramx.com\/?s={search_term_string}"},"query-input":{"@type":"PropertyValueSpecification","valueRequired":true,"valueName":"search_term_string"}}],"inLanguage":"nl-BE"},{"@type":"Organization","@id":"https:\/\/chemgramx.com\/#organization","name":"Chemgramx","url":"https:\/\/chemgramx.com\/","logo":{"@type":"ImageObject","inLanguage":"nl-BE","@id":"https:\/\/chemgramx.com\/#\/schema\/logo\/image\/","url":"https:\/\/chemgramx.com\/wp-content\/uploads\/2024\/10\/final-logo.png","contentUrl":"https:\/\/chemgramx.com\/wp-content\/uploads\/2024\/10\/final-logo.png","width":250,"height":48,"caption":"Chemgramx"},"image":{"@id":"https:\/\/chemgramx.com\/#\/schema\/logo\/image\/"}}]}},"_links":{"self":[{"href":"https:\/\/chemgramx.com\/nl\/wp-json\/wp\/v2\/product\/1020","targetHints":{"allow":["GET"]}}],"collection":[{"href":"https:\/\/chemgramx.com\/nl\/wp-json\/wp\/v2\/product"}],"about":[{"href":"https:\/\/chemgramx.com\/nl\/wp-json\/wp\/v2\/types\/product"}],"replies":[{"embeddable":true,"href":"https:\/\/chemgramx.com\/nl\/wp-json\/wp\/v2\/comments?post=1020"}],"wp:featuredmedia":[{"embeddable":true,"href":"https:\/\/chemgramx.com\/nl\/wp-json\/wp\/v2\/media\/1021"}],"wp:attachment":[{"href":"https:\/\/chemgramx.com\/nl\/wp-json\/wp\/v2\/media?parent=1020"}],"wp:term":[{"taxonomy":"product_brand","embeddable":true,"href":"https:\/\/chemgramx.com\/nl\/wp-json\/wp\/v2\/product_brand?post=1020"},{"taxonomy":"product_cat","embeddable":true,"href":"https:\/\/chemgramx.com\/nl\/wp-json\/wp\/v2\/product_cat?post=1020"},{"taxonomy":"product_tag","embeddable":true,"href":"https:\/\/chemgramx.com\/nl\/wp-json\/wp\/v2\/product_tag?post=1020"}],"curies":[{"name":"wp","href":"https:\/\/api.w.org\/{rel}","templated":true}]}}