{"id":6818,"date":"2025-11-21T11:09:31","date_gmt":"2025-11-21T11:09:31","guid":{"rendered":"https:\/\/chemgramx.com\/?post_type=product&#038;p=6818"},"modified":"2025-11-21T11:10:13","modified_gmt":"2025-11-21T11:10:13","slug":"benzofuraan-2-carboxyl-online-kopen","status":"publish","type":"product","link":"https:\/\/chemgramx.com\/nl\/product\/benzofuran-2-carboxylic-online-kaufen\/","title":{"rendered":"Benzofuraan-2-carboxyl online kopen"},"content":{"rendered":"<p><b>Wat maakt benzofuraan-2-carbonzuur precies zo belangrijk in de organische synthese?<\/b> Benzofuraan-2-carbonzuur is een essentieel carboxylzuurderivaat. <b>Daarom<\/b> Het wordt gebruikt in organische synthese als een zeer reactief <b>heterocyclische bouwsteen<\/b>. De benzofuraanstructuur komt voor in veel <b>bioactieve moleculen<\/b> inbegrepen. <b>Bijgevolg<\/b> De stof wordt gebruikt om nieuwe moleculaire steigers te maken en <b>Kandidaat-geneesmiddelen<\/b> produceren. <b>Bovendien<\/b> de carboxylzuurgroep kan gemakkelijk worden omgezet in andere functionele groepen, waardoor het zeer veelzijdig is voor complexe chemische experimenten.<\/p>\n<p><b>Welke kwaliteitsniveaus zijn beschikbaar bij het online kopen van benzofuran-2-carboxyl en welke moet ik kiezen?<\/b> In het algemeen zijn er twee kwaliteitsniveaus. Ten eerste, de <b>Onderzoekskwaliteit<\/b>, die een zuiverheid heeft van <a href=\"http:\/\/product\/cocaine-powder-online-kaufen\/\"><b>ten minste<\/b><\/a>\u00a0aanbiedingen. <b>Dit niveau<\/b> is absoluut essentieel voor de meest gevoelige experimenten. Ten tweede is er de <b>Industri\u00eble kwaliteit<\/b>. <b>Dit is<\/b> kosteneffectiever, <b>maar<\/b> alleen geschikt voor industri\u00eble of technische toepassingen waarbij onzuiverheden aanvaardbaar zijn. <b>Let altijd op<\/b> om de onderzoekskwaliteit voor laboratoriumtoepassingen te selecteren.<\/p>\n<p><b>Is benzofuraan-2-carbonzuur een gereguleerd of gecontroleerd reagens?<\/b> In tegenstelling tot sommige psychoactieve stoffen is benzofuraan-2-carbonzuur <b>doorgaans geen gecontroleerde NpS<\/b> (Nieuwe psychoactieve stof). <b>Maar<\/b> het is onderworpen aan de algemene nationale en internationale wetgeving voor gevaarlijke stoffen. <b>Daarom<\/b> is het noodzakelijk dat de koper altijd voldoet aan de van toepassing zijnde <b>Chemicali\u00ebnwetgeving<\/b> en alle <b>Import-\/exportregelgeving<\/b> in zijn rechtsgebied. Naleving van de wet is de verantwoordelijkheid van de koper.<\/p>\n<h4>Vragen over kwaliteitsborging en logistiek<\/h4>\n<p><b>Hoe kan ik de zuiverheid van het benzofuraan-2-carbonzuurmateriaal garanderen?<\/b> De zuiverheid wordt gegarandeerd door een volledige <b>Certificaat van Analyse (COA)<\/b> gegarandeerd. Een gerenommeerde leverancier moet deze COA voor elke batch leveren. <b>Het COA<\/b> documenteert de zuiverheidsgraad, de toegepaste <b>Testmethoden<\/b> (zoals HPLC of NMR) en het chargenummer. <b>Bovendien<\/b> je moet de <b>Veiligheidsinformatieblad (SDS\/MSDS)<\/b> voor alle informatie over het gebruik en de veiligheid.<\/p>\n<p><b>Welke stappen worden er genomen om een veilige verzending en opslag te garanderen?<\/b> Ze worden professioneel verpakt verzonden in overeenstemming met de internationale normen voor chemische reagentia. <b>Hier<\/b> Er moet op worden toegezien dat de verpakking onbeschadigd is om transportschade te voorkomen. Voor opslag in het laboratorium geldt: De stof moet <b>koel, droog en goed afgesloten<\/b> worden opgeslagen. <b>Op deze manier<\/b> de chemische stabiliteit behouden blijft en afbraak door vocht of lucht uitgesloten is.<\/p>\n<p><b>Welke betaal- en leveringsvoorwaarden hanteert Chemgramx bij het kopen van benzofuraan-2-carboxylzuur?<\/b> We bieden veilige betaalmethoden die voldoen aan de eisen van onderzoeksorganisaties. <b>Deze omvatten<\/b> Creditcard en bankoverschrijving. De verzending vindt plaats <b>Discreet<\/b> met verzendvolgsysteem. <b>Daarnaast<\/b> U profiteert van transparante prijzen, omdat u rechtstreeks toegang hebt tot diverse <b>Hoeveelheden en zuiverheidsgraden<\/b> ontvangen.<\/p>","protected":false},"excerpt":{"rendered":"<div class=\"flex-shrink-0 flex flex-col relative items-end\">\n<div>\n<div class=\"pt-0\">\n<div class=\"gizmo-bot-avatar flex h-8 w-8 items-center justify-center overflow-hidden rounded-full\">\n<div class=\"relative p-1 rounded-sm flex items-center justify-center bg-token-main-surface-primary text-token-text-primary h-8 w-8\"><\/div>\n<\/div>\n<\/div>\n<\/div>\n<\/div>\n<div class=\"group\/conversation-turn relative flex w-full min-w-0 flex-col agent-turn\">\n<div class=\"flex-col gap-1 md:gap-3\">\n<div class=\"flex max-w-full flex-col flex-grow\">\n<div class=\"min-h-8 text-message flex w-full flex-col items-end gap-2 whitespace-normal break-words [.text-message+&amp;]:mt-5\" dir=\"auto\" data-message-author-role=\"assistant\" data-message-id=\"42c7ed22-510b-492b-8141-5cb0e68c07dc\" data-message-model-slug=\"gpt-4o-mini\">\n<div class=\"flex w-full flex-col gap-1 empty:hidden first:pt-[3px]\">\n<div class=\"result-streaming markdown prose w-full break-words dark:prose-invert light\">\n<p><strong>Benzofuran<\/strong> ist eine chemische Verbindung, die als Basiseinheit in verschiedenen organischen Verbindungen und Arzneimitteln dient. Die Struktur von Benzofuran besteht aus einem <strong>Furanring<\/strong> (ein f\u00fcnfgliedriger Ring, der ein Sauerstoffatom enth\u00e4lt) fusioniert mit einem <strong>Benzolring<\/strong> (ein sechsgliedriger Ring mit alternierenden Doppelbindungen). Diese Struktur ist eine der Gr\u00fcnde, warum Benzofuran und seine Derivate in der Chemie und Pharmakologie so relevant sind.<\/p>\n<ul>\n<li><strong>IUPAC-Name<\/strong>: Benzofuran<\/li>\n<li><strong>Summenformel<\/strong>: C8H6O<\/li>\n<li><strong>Struktur<\/strong>: Ein <strong>Benzolring<\/strong> (C6H5) ist an einen <strong>Furanring<\/strong> (C4H3O) gebunden. Der Furanring ist ein aromatischer Ring, der ein Sauerstoffatom enth\u00e4lt.<\/li>\n<\/ul>\n<\/div>\n<\/div>\n<\/div>\n<\/div>\n<\/div>\n<\/div>\n","protected":false},"featured_media":6836,"comment_status":"open","ping_status":"closed","template":"","meta":{"_joinchat":[]},"product_brand":[],"product_cat":[52],"product_tag":[2618,2613,2615,2612,2619,2614,2617,2616,2533,2015],"class_list":{"0":"post-6818","1":"product","2":"type-product","3":"status-publish","4":"has-post-thumbnail","6":"product_cat-benzofurans","7":"product_tag-benzofuran-chemikalien","8":"product_tag-benzofuran-kaufen","9":"product_tag-benzofuran-online-kaufen","10":"product_tag-benzofuran-2-carboxylat-kaufen","11":"product_tag-benzofuran-2-carboxylat-kaufen-online","12":"product_tag-benzofuran-2-carboxylat-kristalle","13":"product_tag-benzofuran-2-carboxylat-prodej","14":"product_tag-benzofuran-2-carboxylic-preis","15":"product_tag-chemikalien-kaufen","16":"product_tag-synthetische-drogen","18":"first","19":"instock","20":"shipping-taxable","21":"purchasable","22":"product-type-variable"},"yoast_head":"<!-- This site is optimized with the Yoast SEO plugin v27.5 - https:\/\/yoast.com\/product\/yoast-seo-wordpress\/ -->\n<title>Benzofuran-2-carbons\u00e4ure online kaufen | Chemgramx<\/title>\n<meta name=\"description\" content=\"Unser Gesch\u00e4ft hat Benzofuran-2-carbons\u00e4ure in Topqualit\u00e4t zum Verkauf. Wenn Sie Benzofuran-2-carbons\u00e4ure online in unserem Chemgramx-Gesch\u00e4ft kaufen.\" \/>\n<meta name=\"robots\" content=\"index, follow, max-snippet:-1, max-image-preview:large, max-video-preview:-1\" \/>\n<link rel=\"canonical\" href=\"https:\/\/chemgramx.com\/nl\/produkt-3\/benzofuraan-2-carboxyl-online-kopen\/\" \/>\n<meta property=\"og:locale\" content=\"nl_BE\" \/>\n<meta property=\"og:type\" content=\"article\" \/>\n<meta property=\"og:title\" content=\"Benzofuran-2-carbons\u00e4ure online kaufen | Chemgramx\" \/>\n<meta property=\"og:description\" content=\"Unser Gesch\u00e4ft hat Benzofuran-2-carbons\u00e4ure in Topqualit\u00e4t zum Verkauf. Wenn Sie Benzofuran-2-carbons\u00e4ure online in unserem Chemgramx-Gesch\u00e4ft kaufen.\" \/>\n<meta property=\"og:url\" content=\"https:\/\/chemgramx.com\/nl\/produkt-3\/benzofuraan-2-carboxyl-online-kopen\/\" \/>\n<meta property=\"og:site_name\" content=\"Chemgramx\" \/>\n<meta property=\"article:modified_time\" content=\"2025-11-21T11:10:13+00:00\" \/>\n<meta property=\"og:image\" content=\"https:\/\/chemgramx.com\/wp-content\/uploads\/2025\/11\/Benzofuran-2-carboxylic.jpg\" \/>\n\t<meta property=\"og:image:width\" content=\"600\" \/>\n\t<meta property=\"og:image:height\" content=\"600\" \/>\n\t<meta property=\"og:image:type\" content=\"image\/jpeg\" \/>\n<meta name=\"twitter:card\" content=\"summary_large_image\" \/>\n<meta name=\"twitter:label1\" content=\"Geschatte leestijd\" \/>\n\t<meta name=\"twitter:data1\" content=\"2 minuten\" \/>\n<script type=\"application\/ld+json\" class=\"yoast-schema-graph\">{\"@context\":\"https:\\\/\\\/schema.org\",\"@graph\":[{\"@type\":\"WebPage\",\"@id\":\"https:\\\/\\\/chemgramx.com\\\/product\\\/benzofuran-2-carboxylic-online-kaufen\\\/\",\"url\":\"https:\\\/\\\/chemgramx.com\\\/product\\\/benzofuran-2-carboxylic-online-kaufen\\\/\",\"name\":\"Benzofuran-2-carbons\u00e4ure online kaufen | Chemgramx\",\"isPartOf\":{\"@id\":\"https:\\\/\\\/chemgramx.com\\\/#website\"},\"primaryImageOfPage\":{\"@id\":\"https:\\\/\\\/chemgramx.com\\\/product\\\/benzofuran-2-carboxylic-online-kaufen\\\/#primaryimage\"},\"image\":{\"@id\":\"https:\\\/\\\/chemgramx.com\\\/product\\\/benzofuran-2-carboxylic-online-kaufen\\\/#primaryimage\"},\"thumbnailUrl\":\"https:\\\/\\\/chemgramx.com\\\/wp-content\\\/uploads\\\/2025\\\/11\\\/Benzofuran-2-carboxylic.jpg\",\"datePublished\":\"2025-11-21T11:09:31+00:00\",\"dateModified\":\"2025-11-21T11:10:13+00:00\",\"description\":\"Unser Gesch\u00e4ft hat Benzofuran-2-carbons\u00e4ure in Topqualit\u00e4t zum Verkauf. Wenn Sie Benzofuran-2-carbons\u00e4ure online in unserem Chemgramx-Gesch\u00e4ft kaufen.\",\"breadcrumb\":{\"@id\":\"https:\\\/\\\/chemgramx.com\\\/product\\\/benzofuran-2-carboxylic-online-kaufen\\\/#breadcrumb\"},\"inLanguage\":\"nl-BE\",\"potentialAction\":[{\"@type\":\"ReadAction\",\"target\":[\"https:\\\/\\\/chemgramx.com\\\/product\\\/benzofuran-2-carboxylic-online-kaufen\\\/\"]}]},{\"@type\":\"ImageObject\",\"inLanguage\":\"nl-BE\",\"@id\":\"https:\\\/\\\/chemgramx.com\\\/product\\\/benzofuran-2-carboxylic-online-kaufen\\\/#primaryimage\",\"url\":\"https:\\\/\\\/chemgramx.com\\\/wp-content\\\/uploads\\\/2025\\\/11\\\/Benzofuran-2-carboxylic.jpg\",\"contentUrl\":\"https:\\\/\\\/chemgramx.com\\\/wp-content\\\/uploads\\\/2025\\\/11\\\/Benzofuran-2-carboxylic.jpg\",\"width\":600,\"height\":600},{\"@type\":\"BreadcrumbList\",\"@id\":\"https:\\\/\\\/chemgramx.com\\\/product\\\/benzofuran-2-carboxylic-online-kaufen\\\/#breadcrumb\",\"itemListElement\":[{\"@type\":\"ListItem\",\"position\":1,\"name\":\"Home\",\"item\":\"https:\\\/\\\/chemgramx.com\\\/\"},{\"@type\":\"ListItem\",\"position\":2,\"name\":\"Shop\",\"item\":\"https:\\\/\\\/chemgramx.com\\\/shop\\\/\"},{\"@type\":\"ListItem\",\"position\":3,\"name\":\"Benzofuran-2-carboxylic Online Kaufen\"}]},{\"@type\":\"WebSite\",\"@id\":\"https:\\\/\\\/chemgramx.com\\\/#website\",\"url\":\"https:\\\/\\\/chemgramx.com\\\/\",\"name\":\"Chemgramx\",\"description\":\"\",\"publisher\":{\"@id\":\"https:\\\/\\\/chemgramx.com\\\/#organization\"},\"potentialAction\":[{\"@type\":\"SearchAction\",\"target\":{\"@type\":\"EntryPoint\",\"urlTemplate\":\"https:\\\/\\\/chemgramx.com\\\/?s={search_term_string}\"},\"query-input\":{\"@type\":\"PropertyValueSpecification\",\"valueRequired\":true,\"valueName\":\"search_term_string\"}}],\"inLanguage\":\"nl-BE\"},{\"@type\":\"Organization\",\"@id\":\"https:\\\/\\\/chemgramx.com\\\/#organization\",\"name\":\"Chemgramx\",\"url\":\"https:\\\/\\\/chemgramx.com\\\/\",\"logo\":{\"@type\":\"ImageObject\",\"inLanguage\":\"nl-BE\",\"@id\":\"https:\\\/\\\/chemgramx.com\\\/#\\\/schema\\\/logo\\\/image\\\/\",\"url\":\"https:\\\/\\\/chemgramx.com\\\/wp-content\\\/uploads\\\/2024\\\/10\\\/final-logo.png\",\"contentUrl\":\"https:\\\/\\\/chemgramx.com\\\/wp-content\\\/uploads\\\/2024\\\/10\\\/final-logo.png\",\"width\":250,\"height\":48,\"caption\":\"Chemgramx\"},\"image\":{\"@id\":\"https:\\\/\\\/chemgramx.com\\\/#\\\/schema\\\/logo\\\/image\\\/\"}}]}<\/script>\n<!-- \/ Yoast SEO plugin. -->","yoast_head_json":{"title":"Benzofuraan-2-carbonzuur online kopen | Chemgramx","description":"Onze winkel verkoopt benzofuran-2-carbonzuur van topkwaliteit. Als u benzofuran-2-carbonzuur online koopt in onze Chemgramx-winkel.","robots":{"index":"index","follow":"follow","max-snippet":"max-snippet:-1","max-image-preview":"max-image-preview:large","max-video-preview":"max-video-preview:-1"},"canonical":"https:\/\/chemgramx.com\/nl\/produkt-3\/benzofuraan-2-carboxyl-online-kopen\/","og_locale":"nl_BE","og_type":"article","og_title":"Benzofuran-2-carbons\u00e4ure online kaufen | Chemgramx","og_description":"Unser Gesch\u00e4ft hat Benzofuran-2-carbons\u00e4ure in Topqualit\u00e4t zum Verkauf. Wenn Sie Benzofuran-2-carbons\u00e4ure online in unserem Chemgramx-Gesch\u00e4ft kaufen.","og_url":"https:\/\/chemgramx.com\/nl\/produkt-3\/benzofuraan-2-carboxyl-online-kopen\/","og_site_name":"Chemgramx","article_modified_time":"2025-11-21T11:10:13+00:00","og_image":[{"width":600,"height":600,"url":"https:\/\/chemgramx.com\/wp-content\/uploads\/2025\/11\/Benzofuran-2-carboxylic.jpg","type":"image\/jpeg"}],"twitter_card":"summary_large_image","twitter_misc":{"Geschatte leestijd":"2 minuten"},"schema":{"@context":"https:\/\/schema.org","@graph":[{"@type":"WebPage","@id":"https:\/\/chemgramx.com\/product\/benzofuran-2-carboxylic-online-kaufen\/","url":"https:\/\/chemgramx.com\/product\/benzofuran-2-carboxylic-online-kaufen\/","name":"Benzofuraan-2-carbonzuur online kopen | Chemgramx","isPartOf":{"@id":"https:\/\/chemgramx.com\/#website"},"primaryImageOfPage":{"@id":"https:\/\/chemgramx.com\/product\/benzofuran-2-carboxylic-online-kaufen\/#primaryimage"},"image":{"@id":"https:\/\/chemgramx.com\/product\/benzofuran-2-carboxylic-online-kaufen\/#primaryimage"},"thumbnailUrl":"https:\/\/chemgramx.com\/wp-content\/uploads\/2025\/11\/Benzofuran-2-carboxylic.jpg","datePublished":"2025-11-21T11:09:31+00:00","dateModified":"2025-11-21T11:10:13+00:00","description":"Onze winkel verkoopt benzofuran-2-carbonzuur van topkwaliteit. Als u benzofuran-2-carbonzuur online koopt in onze Chemgramx-winkel.","breadcrumb":{"@id":"https:\/\/chemgramx.com\/product\/benzofuran-2-carboxylic-online-kaufen\/#breadcrumb"},"inLanguage":"nl-BE","potentialAction":[{"@type":"ReadAction","target":["https:\/\/chemgramx.com\/product\/benzofuran-2-carboxylic-online-kaufen\/"]}]},{"@type":"ImageObject","inLanguage":"nl-BE","@id":"https:\/\/chemgramx.com\/product\/benzofuran-2-carboxylic-online-kaufen\/#primaryimage","url":"https:\/\/chemgramx.com\/wp-content\/uploads\/2025\/11\/Benzofuran-2-carboxylic.jpg","contentUrl":"https:\/\/chemgramx.com\/wp-content\/uploads\/2025\/11\/Benzofuran-2-carboxylic.jpg","width":600,"height":600},{"@type":"BreadcrumbList","@id":"https:\/\/chemgramx.com\/product\/benzofuran-2-carboxylic-online-kaufen\/#breadcrumb","itemListElement":[{"@type":"ListItem","position":1,"name":"Home","item":"https:\/\/chemgramx.com\/"},{"@type":"ListItem","position":2,"name":"Shop","item":"https:\/\/chemgramx.com\/shop\/"},{"@type":"ListItem","position":3,"name":"Benzofuran-2-carboxylic Online Kaufen"}]},{"@type":"WebSite","@id":"https:\/\/chemgramx.com\/#website","url":"https:\/\/chemgramx.com\/","name":"Chemgramx","description":"","publisher":{"@id":"https:\/\/chemgramx.com\/#organization"},"potentialAction":[{"@type":"SearchAction","target":{"@type":"EntryPoint","urlTemplate":"https:\/\/chemgramx.com\/?s={search_term_string}"},"query-input":{"@type":"PropertyValueSpecification","valueRequired":true,"valueName":"search_term_string"}}],"inLanguage":"nl-BE"},{"@type":"Organization","@id":"https:\/\/chemgramx.com\/#organization","name":"Chemgramx","url":"https:\/\/chemgramx.com\/","logo":{"@type":"ImageObject","inLanguage":"nl-BE","@id":"https:\/\/chemgramx.com\/#\/schema\/logo\/image\/","url":"https:\/\/chemgramx.com\/wp-content\/uploads\/2024\/10\/final-logo.png","contentUrl":"https:\/\/chemgramx.com\/wp-content\/uploads\/2024\/10\/final-logo.png","width":250,"height":48,"caption":"Chemgramx"},"image":{"@id":"https:\/\/chemgramx.com\/#\/schema\/logo\/image\/"}}]}},"_links":{"self":[{"href":"https:\/\/chemgramx.com\/nl\/wp-json\/wp\/v2\/product\/6818","targetHints":{"allow":["GET"]}}],"collection":[{"href":"https:\/\/chemgramx.com\/nl\/wp-json\/wp\/v2\/product"}],"about":[{"href":"https:\/\/chemgramx.com\/nl\/wp-json\/wp\/v2\/types\/product"}],"replies":[{"embeddable":true,"href":"https:\/\/chemgramx.com\/nl\/wp-json\/wp\/v2\/comments?post=6818"}],"wp:featuredmedia":[{"embeddable":true,"href":"https:\/\/chemgramx.com\/nl\/wp-json\/wp\/v2\/media\/6836"}],"wp:attachment":[{"href":"https:\/\/chemgramx.com\/nl\/wp-json\/wp\/v2\/media?parent=6818"}],"wp:term":[{"taxonomy":"product_brand","embeddable":true,"href":"https:\/\/chemgramx.com\/nl\/wp-json\/wp\/v2\/product_brand?post=6818"},{"taxonomy":"product_cat","embeddable":true,"href":"https:\/\/chemgramx.com\/nl\/wp-json\/wp\/v2\/product_cat?post=6818"},{"taxonomy":"product_tag","embeddable":true,"href":"https:\/\/chemgramx.com\/nl\/wp-json\/wp\/v2\/product_tag?post=6818"}],"curies":[{"name":"wp","href":"https:\/\/api.w.org\/{rel}","templated":true}]}}