{"id":6979,"date":"2025-11-21T11:11:08","date_gmt":"2025-11-21T11:11:08","guid":{"rendered":"https:\/\/chemgramx.com\/?post_type=product&#038;p=6979"},"modified":"2025-11-21T11:12:44","modified_gmt":"2025-11-21T11:12:44","slug":"online-cocaine-kopen","status":"publish","type":"product","link":"https:\/\/chemgramx.com\/nl\/product\/online-cocaine-kopen\/","title":{"rendered":"Online coca\u00efne kopen"},"content":{"rendered":"<p data-start=\"360\" data-end=\"712\">Online coca\u00efne kopen is nu gemakkelijker, veiliger en discreter dan ooit tevoren. Als je waarde hecht aan de hoogste kwaliteit, absolute discretie en professionele service, ben je bij ons aan het juiste adres. Ons aanbod is gericht op klanten die op zoek zijn naar coca\u00efne van topkwaliteit uit geverifieerde bronnen en een soepele, anonieme orderverwerking op prijs stellen.<\/p>\n<p data-start=\"714\" data-end=\"770\"><strong data-start=\"714\" data-end=\"768\">Jouw voordelen als je online coca\u00efne bij ons koopt:<\/strong><\/p>\n<ul data-start=\"771\" data-end=\"1335\">\n<li data-start=\"771\" data-end=\"885\">\n<p data-start=\"773\" data-end=\"885\"><strong data-start=\"773\" data-end=\"798\">100% Origineel product:<\/strong> Elke batch wordt door onafhankelijke laboratoria getest op zuiverheid en samenstelling.<\/p>\n<\/li>\n<li data-start=\"886\" data-end=\"1001\">\n<p data-start=\"888\" data-end=\"1001\"><strong data-start=\"888\" data-end=\"910\">Discrete verzending:<\/strong> We versturen je bestelling neutraal verpakt, zonder verwijzing naar inhoud of winkelnaam.<\/p>\n<\/li>\n<li data-start=\"1002\" data-end=\"1122\">\n<p data-start=\"1004\" data-end=\"1122\"><strong data-start=\"1004\" data-end=\"1026\">Expresslevering:<\/strong> Snelle, betrouwbare levering binnen Duitsland, naar Oostenrijk en Zwitserland.<\/p>\n<\/li>\n<li data-start=\"1123\" data-end=\"1240\">\n<p data-start=\"1125\" data-end=\"1240\"><strong data-start=\"1125\" data-end=\"1160\">Flexibele betalingsopties:<\/strong> Je kunt gemakkelijk en anoniem betalen met Bitcoin, USDT of bankoverschrijving.<\/p>\n<\/li>\n<li data-start=\"1241\" data-end=\"1335\">\n<p data-start=\"1243\" data-end=\"1335\"><strong data-start=\"1243\" data-end=\"1261\">Klantenservice:<\/strong> Persoonlijke ondersteuning 24 uur per dag - vriendelijk, competent en discreet.<\/p>\n<\/li>\n<\/ul>\n<p data-start=\"1337\" data-end=\"1577\">Of het nu gaat om kleine monsters of grotere hoeveelheden: We bieden verschillende opties voor beginners, verzamelaars en professionele gebruikers. Alle bestellingen worden onmiddellijk verwerkt en zodanig verpakt dat je privacy te allen tijde wordt beschermd.<\/p>\n<p data-start=\"1579\" data-end=\"1870\"><strong data-start=\"1579\" data-end=\"1614\">Zo werkt de bestelling:<\/strong><br data-start=\"1614\" data-end=\"1617\" \/>Selecteer het gewenste product en de gewenste hoeveelheid, plaats alles in het winkelmandje en rond de aankoop af. Onze verwerking is anoniem, ongecompliceerd en gegarandeerd discreet - zodat je je coca\u00efne zonder risico, zonder omwegen en zonder zorgen ontvangt.<\/p>\n<p data-start=\"1872\" data-end=\"2089\"><strong data-start=\"1872\" data-end=\"1894\">Belangrijke opmerking:<\/strong><br data-start=\"1894\" data-end=\"1897\" \/>Onze producten zijn uitsluitend bedoeld voor onderzoek, analyse en verzamelaars. Houd u aan de geldende wetten in uw land en gebruik onze producten op verantwoorde wijze.<\/p>\n<p data-start=\"2091\" data-end=\"2328\"><strong data-start=\"2091\" data-end=\"2111\">Samengevat:<\/strong><br data-start=\"2111\" data-end=\"2114\" \/>Als u<a href=\"https:\/\/chemgramx.com\/nl\/product\/cocaine-volkswagen-90-pure\/\"> Coca\u00efne<\/a> online, kun je vertrouwen op geteste kwaliteit, discrete verzending en een ervaren partner. Vertrouw op onze expertise - bestel nu en ervaar het verschil!<\/p>\n<h2 data-start=\"2335\" data-end=\"2375\"><strong data-start=\"2341\" data-end=\"2375\">Online coca\u00efne kopen - FAQ<\/strong><\/h2>\n<p data-start=\"2377\" data-end=\"2584\"><strong data-start=\"2377\" data-end=\"2387\">Vraag:<\/strong><br data-start=\"2387\" data-end=\"2390\" \/><strong data-start=\"2390\" data-end=\"2461\">Hoe veilig en discreet is de verzending als je online coca\u00efne koopt?<\/strong><br data-start=\"2461\" data-end=\"2464\" \/><strong data-start=\"2464\" data-end=\"2476\">Antwoord:<\/strong><br data-start=\"2476\" data-end=\"2479\" \/>We verpakken alle bestellingen neutraal en anoniem - er is geen indicatie van inhoud of afzender.<\/p>\n<p data-start=\"2591\" data-end=\"2776\"><strong data-start=\"2591\" data-end=\"2601\">Vraag:<\/strong><br data-start=\"2601\" data-end=\"2604\" \/><strong data-start=\"2604\" data-end=\"2644\">Hoe wordt kwaliteit gegarandeerd?<\/strong><br data-start=\"2644\" data-end=\"2647\" \/><strong data-start=\"2647\" data-end=\"2659\">Antwoord:<\/strong><br data-start=\"2659\" data-end=\"2662\" \/>Alle producten worden voor verzending getest door onafhankelijke laboratoria en voldoen aan de hoogste zuiverheidsnormen.<\/p>\n<p data-start=\"2783\" data-end=\"2956\"><strong data-start=\"2783\" data-end=\"2793\">Vraag:<\/strong><br data-start=\"2793\" data-end=\"2796\" \/><strong data-start=\"2796\" data-end=\"2842\">Welke betaalmethoden worden geaccepteerd?<\/strong><br data-start=\"2842\" data-end=\"2845\" \/><strong data-start=\"2845\" data-end=\"2857\">Antwoord:<\/strong><br data-start=\"2857\" data-end=\"2860\" \/>U kunt anoniem betalen met Bitcoin, USDT of bankoverschrijving - snel, veilig en discreet.<\/p>\n<p data-start=\"2963\" data-end=\"3230\"><strong data-start=\"2963\" data-end=\"2973\">Vraag:<\/strong><br data-start=\"2973\" data-end=\"2976\" \/><strong data-start=\"2976\" data-end=\"3038\">Voor wie is de online aankoop van coca\u00efne bij jullie bedoeld?<\/strong><br data-start=\"3038\" data-end=\"3041\" \/><strong data-start=\"3041\" data-end=\"3053\">Antwoord:<\/strong><br data-start=\"3053\" data-end=\"3056\" \/>Onze aanbiedingen zijn uitsluitend gericht op verzamelaars, onderzoekers en mensen met een wetenschappelijke interesse. Houd u altijd aan de wettelijke voorschriften van uw land.<\/p>\n<p data-start=\"3237\" data-end=\"3391\"><strong data-start=\"3237\" data-end=\"3247\">Vraag:<\/strong><br data-start=\"3247\" data-end=\"3250\" \/><strong data-start=\"3250\" data-end=\"3285\">Hoe lang duurt de levering?<\/strong><br data-start=\"3285\" data-end=\"3288\" \/><strong data-start=\"3288\" data-end=\"3300\">Antwoord:<\/strong><br data-start=\"3300\" data-end=\"3303\" \/>In de regel ontvang je je bestelling binnen enkele werkdagen per expresse.<\/p>","protected":false},"excerpt":{"rendered":"<div class=\"woocommerce-product-details__short-description\">\n<p><strong><span dir=\"auto\">Coca\u00efne kopen<\/span><\/strong><span dir=\"auto\">\u00a0online. Coca\u00efne is een krachtig stimulerend middel dat voornamelijk wordt gebruikt als recreatieve drug. Het wordt meestal gesnoven, ge\u00efnhaleerd als rook of opgelost en ge\u00efnjecteerd in een ader.<\/span><\/p>\n<p><span dir=\"auto\">Verzending: 24-uurs verzending - wereldwijd.<\/span><br \/>\n<span dir=\"auto\">Gegarandeerde levering: retourzending of geld-terug-garantie.<\/span><br \/>\n<span dir=\"auto\">Bitcoin korting: 10 % korting bij gebruik van Bitcoin.<\/span><\/p>\n<p><span dir=\"auto\">Neem voor hoeveelheden van meer dan 1 kg contact met ons op om over de prijs te onderhandelen.<\/span><\/p>\n<\/div>","protected":false},"featured_media":6994,"comment_status":"closed","ping_status":"closed","template":"","meta":{"_joinchat":[]},"product_brand":[],"product_cat":[57],"product_tag":[3033,3177],"class_list":{"0":"post-6979","1":"product","2":"type-product","3":"status-publish","4":"has-post-thumbnail","6":"product_cat-cocaine","7":"product_tag-kokain","8":"product_tag-reines-kokain","10":"first","11":"instock","12":"shipping-taxable","13":"purchasable","14":"product-type-variable"},"yoast_head":"<!-- This site is optimized with the Yoast SEO plugin v26.3 - https:\/\/yoast.com\/wordpress\/plugins\/seo\/ -->\n<title>Kaufen Sie Kokain online \u2013 Forschungschemikalien zum Verkauf<\/title>\n<meta name=\"description\" content=\"Kaufen Sie Kokain online, europ\u00e4ischer Online-Lieferant f\u00fcr Kokain. Kokain ist ein starkes Stimulans, das haupts\u00e4chlich als Freizeitdroge verwendet wird.\" \/>\n<meta name=\"robots\" content=\"noindex, follow, max-snippet:-1, max-image-preview:large, max-video-preview:-1\" \/>\n<meta property=\"og:locale\" content=\"nl_BE\" \/>\n<meta property=\"og:type\" content=\"article\" \/>\n<meta property=\"og:title\" content=\"Kaufen Sie Kokain online \u2013 Forschungschemikalien zum Verkauf\" \/>\n<meta property=\"og:description\" content=\"Kaufen Sie Kokain online, europ\u00e4ischer Online-Lieferant f\u00fcr Kokain. Kokain ist ein starkes Stimulans, das haupts\u00e4chlich als Freizeitdroge verwendet wird.\" \/>\n<meta property=\"og:url\" content=\"https:\/\/chemgramx.com\/nl\/product\/online-cocaine-kopen\/\" \/>\n<meta property=\"og:site_name\" content=\"Chemgramx\" \/>\n<meta property=\"article:modified_time\" content=\"2025-11-21T11:12:44+00:00\" \/>\n<meta property=\"og:image\" content=\"https:\/\/chemgramx.com\/wp-content\/uploads\/2025\/11\/Buy-Cocaine-Online.jpg\" \/>\n\t<meta property=\"og:image:width\" content=\"600\" \/>\n\t<meta property=\"og:image:height\" content=\"450\" \/>\n\t<meta property=\"og:image:type\" content=\"image\/jpeg\" \/>\n<meta name=\"twitter:card\" content=\"summary_large_image\" \/>\n<meta name=\"twitter:label1\" content=\"Geschatte leestijd\" \/>\n\t<meta name=\"twitter:data1\" content=\"2 minuten\" \/>\n<script type=\"application\/ld+json\" class=\"yoast-schema-graph\">{\"@context\":\"https:\/\/schema.org\",\"@graph\":[{\"@type\":\"WebPage\",\"@id\":\"https:\/\/chemgramx.com\/product\/kaufen-sie-kokain-online\/\",\"url\":\"https:\/\/chemgramx.com\/product\/kaufen-sie-kokain-online\/\",\"name\":\"Kaufen Sie Kokain online \u2013 Forschungschemikalien zum Verkauf\",\"isPartOf\":{\"@id\":\"https:\/\/chemgramx.com\/#website\"},\"primaryImageOfPage\":{\"@id\":\"https:\/\/chemgramx.com\/product\/kaufen-sie-kokain-online\/#primaryimage\"},\"image\":{\"@id\":\"https:\/\/chemgramx.com\/product\/kaufen-sie-kokain-online\/#primaryimage\"},\"thumbnailUrl\":\"https:\/\/chemgramx.com\/wp-content\/uploads\/2025\/11\/Buy-Cocaine-Online.jpg\",\"datePublished\":\"2025-11-21T11:11:08+00:00\",\"dateModified\":\"2025-11-21T11:12:44+00:00\",\"description\":\"Kaufen Sie Kokain online, europ\u00e4ischer Online-Lieferant f\u00fcr Kokain. Kokain ist ein starkes Stimulans, das haupts\u00e4chlich als Freizeitdroge verwendet wird.\",\"breadcrumb\":{\"@id\":\"https:\/\/chemgramx.com\/product\/kaufen-sie-kokain-online\/#breadcrumb\"},\"inLanguage\":\"nl-BE\",\"potentialAction\":[{\"@type\":\"ReadAction\",\"target\":[\"https:\/\/chemgramx.com\/product\/kaufen-sie-kokain-online\/\"]}]},{\"@type\":\"ImageObject\",\"inLanguage\":\"nl-BE\",\"@id\":\"https:\/\/chemgramx.com\/product\/kaufen-sie-kokain-online\/#primaryimage\",\"url\":\"https:\/\/chemgramx.com\/wp-content\/uploads\/2025\/11\/Buy-Cocaine-Online.jpg\",\"contentUrl\":\"https:\/\/chemgramx.com\/wp-content\/uploads\/2025\/11\/Buy-Cocaine-Online.jpg\",\"width\":600,\"height\":450},{\"@type\":\"BreadcrumbList\",\"@id\":\"https:\/\/chemgramx.com\/product\/kaufen-sie-kokain-online\/#breadcrumb\",\"itemListElement\":[{\"@type\":\"ListItem\",\"position\":1,\"name\":\"Home\",\"item\":\"https:\/\/chemgramx.com\/\"},{\"@type\":\"ListItem\",\"position\":2,\"name\":\"Shop\",\"item\":\"https:\/\/chemgramx.com\/shop\/\"},{\"@type\":\"ListItem\",\"position\":3,\"name\":\"Kaufen Sie Kokain online\"}]},{\"@type\":\"WebSite\",\"@id\":\"https:\/\/chemgramx.com\/#website\",\"url\":\"https:\/\/chemgramx.com\/\",\"name\":\"Chemgramx\",\"description\":\"\",\"publisher\":{\"@id\":\"https:\/\/chemgramx.com\/#organization\"},\"potentialAction\":[{\"@type\":\"SearchAction\",\"target\":{\"@type\":\"EntryPoint\",\"urlTemplate\":\"https:\/\/chemgramx.com\/?s={search_term_string}\"},\"query-input\":{\"@type\":\"PropertyValueSpecification\",\"valueRequired\":true,\"valueName\":\"search_term_string\"}}],\"inLanguage\":\"nl-BE\"},{\"@type\":\"Organization\",\"@id\":\"https:\/\/chemgramx.com\/#organization\",\"name\":\"Chemgramx\",\"url\":\"https:\/\/chemgramx.com\/\",\"logo\":{\"@type\":\"ImageObject\",\"inLanguage\":\"nl-BE\",\"@id\":\"https:\/\/chemgramx.com\/#\/schema\/logo\/image\/\",\"url\":\"https:\/\/chemgramx.com\/wp-content\/uploads\/2024\/10\/final-logo.png\",\"contentUrl\":\"https:\/\/chemgramx.com\/wp-content\/uploads\/2024\/10\/final-logo.png\",\"width\":250,\"height\":48,\"caption\":\"Chemgramx\"},\"image\":{\"@id\":\"https:\/\/chemgramx.com\/#\/schema\/logo\/image\/\"}}]}<\/script>\n<!-- \/ Yoast SEO plugin. -->","yoast_head_json":{"title":"Online coca\u00efne kopen - onderzoekschemicali\u00ebn te koop","description":"Online coca\u00efne kopen, Europese online coca\u00efne leverancier. Coca\u00efne is een krachtig stimulerend middel dat voornamelijk wordt gebruikt als recreatieve drug.","robots":{"index":"noindex","follow":"follow","max-snippet":"max-snippet:-1","max-image-preview":"max-image-preview:large","max-video-preview":"max-video-preview:-1"},"og_locale":"nl_BE","og_type":"article","og_title":"Kaufen Sie Kokain online \u2013 Forschungschemikalien zum Verkauf","og_description":"Kaufen Sie Kokain online, europ\u00e4ischer Online-Lieferant f\u00fcr Kokain. Kokain ist ein starkes Stimulans, das haupts\u00e4chlich als Freizeitdroge verwendet wird.","og_url":"https:\/\/chemgramx.com\/nl\/product\/online-cocaine-kopen\/","og_site_name":"Chemgramx","article_modified_time":"2025-11-21T11:12:44+00:00","og_image":[{"width":600,"height":450,"url":"https:\/\/chemgramx.com\/wp-content\/uploads\/2025\/11\/Buy-Cocaine-Online.jpg","type":"image\/jpeg"}],"twitter_card":"summary_large_image","twitter_misc":{"Geschatte leestijd":"2 minuten"},"schema":{"@context":"https:\/\/schema.org","@graph":[{"@type":"WebPage","@id":"https:\/\/chemgramx.com\/product\/kaufen-sie-kokain-online\/","url":"https:\/\/chemgramx.com\/product\/kaufen-sie-kokain-online\/","name":"Online coca\u00efne kopen - onderzoekschemicali\u00ebn te koop","isPartOf":{"@id":"https:\/\/chemgramx.com\/#website"},"primaryImageOfPage":{"@id":"https:\/\/chemgramx.com\/product\/kaufen-sie-kokain-online\/#primaryimage"},"image":{"@id":"https:\/\/chemgramx.com\/product\/kaufen-sie-kokain-online\/#primaryimage"},"thumbnailUrl":"https:\/\/chemgramx.com\/wp-content\/uploads\/2025\/11\/Buy-Cocaine-Online.jpg","datePublished":"2025-11-21T11:11:08+00:00","dateModified":"2025-11-21T11:12:44+00:00","description":"Online coca\u00efne kopen, Europese online coca\u00efne leverancier. Coca\u00efne is een krachtig stimulerend middel dat voornamelijk wordt gebruikt als recreatieve drug.","breadcrumb":{"@id":"https:\/\/chemgramx.com\/product\/kaufen-sie-kokain-online\/#breadcrumb"},"inLanguage":"nl-BE","potentialAction":[{"@type":"ReadAction","target":["https:\/\/chemgramx.com\/product\/kaufen-sie-kokain-online\/"]}]},{"@type":"ImageObject","inLanguage":"nl-BE","@id":"https:\/\/chemgramx.com\/product\/kaufen-sie-kokain-online\/#primaryimage","url":"https:\/\/chemgramx.com\/wp-content\/uploads\/2025\/11\/Buy-Cocaine-Online.jpg","contentUrl":"https:\/\/chemgramx.com\/wp-content\/uploads\/2025\/11\/Buy-Cocaine-Online.jpg","width":600,"height":450},{"@type":"BreadcrumbList","@id":"https:\/\/chemgramx.com\/product\/kaufen-sie-kokain-online\/#breadcrumb","itemListElement":[{"@type":"ListItem","position":1,"name":"Home","item":"https:\/\/chemgramx.com\/"},{"@type":"ListItem","position":2,"name":"Shop","item":"https:\/\/chemgramx.com\/shop\/"},{"@type":"ListItem","position":3,"name":"Kaufen Sie Kokain online"}]},{"@type":"WebSite","@id":"https:\/\/chemgramx.com\/#website","url":"https:\/\/chemgramx.com\/","name":"Chemgramx","description":"","publisher":{"@id":"https:\/\/chemgramx.com\/#organization"},"potentialAction":[{"@type":"SearchAction","target":{"@type":"EntryPoint","urlTemplate":"https:\/\/chemgramx.com\/?s={search_term_string}"},"query-input":{"@type":"PropertyValueSpecification","valueRequired":true,"valueName":"search_term_string"}}],"inLanguage":"nl-BE"},{"@type":"Organization","@id":"https:\/\/chemgramx.com\/#organization","name":"Chemgramx","url":"https:\/\/chemgramx.com\/","logo":{"@type":"ImageObject","inLanguage":"nl-BE","@id":"https:\/\/chemgramx.com\/#\/schema\/logo\/image\/","url":"https:\/\/chemgramx.com\/wp-content\/uploads\/2024\/10\/final-logo.png","contentUrl":"https:\/\/chemgramx.com\/wp-content\/uploads\/2024\/10\/final-logo.png","width":250,"height":48,"caption":"Chemgramx"},"image":{"@id":"https:\/\/chemgramx.com\/#\/schema\/logo\/image\/"}}]}},"_links":{"self":[{"href":"https:\/\/chemgramx.com\/nl\/wp-json\/wp\/v2\/product\/6979","targetHints":{"allow":["GET"]}}],"collection":[{"href":"https:\/\/chemgramx.com\/nl\/wp-json\/wp\/v2\/product"}],"about":[{"href":"https:\/\/chemgramx.com\/nl\/wp-json\/wp\/v2\/types\/product"}],"replies":[{"embeddable":true,"href":"https:\/\/chemgramx.com\/nl\/wp-json\/wp\/v2\/comments?post=6979"}],"wp:featuredmedia":[{"embeddable":true,"href":"https:\/\/chemgramx.com\/nl\/wp-json\/wp\/v2\/media\/6994"}],"wp:attachment":[{"href":"https:\/\/chemgramx.com\/nl\/wp-json\/wp\/v2\/media?parent=6979"}],"wp:term":[{"taxonomy":"product_brand","embeddable":true,"href":"https:\/\/chemgramx.com\/nl\/wp-json\/wp\/v2\/product_brand?post=6979"},{"taxonomy":"product_cat","embeddable":true,"href":"https:\/\/chemgramx.com\/nl\/wp-json\/wp\/v2\/product_cat?post=6979"},{"taxonomy":"product_tag","embeddable":true,"href":"https:\/\/chemgramx.com\/nl\/wp-json\/wp\/v2\/product_tag?post=6979"}],"curies":[{"name":"wp","href":"https:\/\/api.w.org\/{rel}","templated":true}]}}