{"id":7599,"date":"2025-11-21T11:18:50","date_gmt":"2025-11-21T11:18:50","guid":{"rendered":"https:\/\/chemgramx.com\/?post_type=product&#038;p=7599"},"modified":"2025-11-21T11:19:55","modified_gmt":"2025-11-21T11:19:55","slug":"1p-lsd-1-propionyl-lysergsaeurediethylamid-online-kaufen","status":"publish","type":"product","link":"https:\/\/chemgramx.com\/nl\/product\/1p-lsd-1-propionyl-lysergsaeurediethylamid-online-kaufen\/","title":{"rendered":"1P-LSD (1-propionyl-lyserginezuurdi\u00ebthylamide) online kopen"},"content":{"rendered":"<p data-start=\"295\" data-end=\"867\">1P-LSD (1-Propionyl-Lysergs\u00e4urediethylamid) online kaufen ist ein synthetisches Psychedelikum, das strukturell eng mit LSD (Lysergs\u00e4urediethylamid) verwandt ist. Aufgrund seiner \u00c4hnlichkeiten mit LSD wird <a href=\"https:\/\/chemgramx.com\/product\/1p-lsd-1-propionyl-lysergsaurediethylamid\/\">1P-LSD online kaufen<\/a> in der Forschung h\u00e4ufig verwendet, um die Wirkung von Psychedelika auf das Gehirn zu untersuchen \u2013 insbesondere im Hinblick auf Wahrnehmung, Bewusstsein und Neurowissenschaft. Seit seiner Einf\u00fchrung hat 1P-LSD zu verkaufen das Interesse von Wissenschaftlern und Chemikern geweckt, da es eine wertvolle Erg\u00e4nzung zu psychedelischen Studien darstellt.<\/p>\n<h2 data-start=\"869\" data-end=\"889\">Wat is 1P-LSD?<\/h2>\n<p data-start=\"891\" data-end=\"1326\"><a href=\"https:\/\/en.wikipedia.org\/wiki\/1P-LSD\">1P-LSD<\/a> is een lysergamidederivaat dat wordt beschouwd als een prodrug van LSD. Dit betekent dat het in het lichaam kan worden omgezet in LSD, wat resulteert in zeer vergelijkbare psychedelische effecten. Onderzoekers gebruiken het in het laboratorium om de effecten van serotonine-receptoractivatie en neurotransmitterreacties te bestuderen. Deze studies helpen om dieper inzicht te krijgen in hoe de hersenen functioneren onder invloed van psychedelica.<\/p>\n<h2 data-start=\"1328\" data-end=\"1353\">Onderzoek met 1P-LSD<\/h2>\n<p data-start=\"1355\" data-end=\"1839\">In de wetenschappelijke gemeenschap wordt 1P-LSD gewaardeerd om zijn vermogen om het bewustzijn en de waarneming te veranderen zonder de intensiteit van LSD volledig te evenaren. Dit maakt het een waardevol hulpmiddel voor het begrijpen van de psychologische en neurologische mechanismen achter veranderde bewustzijnstoestanden. Onderzoekers analyseren ook mogelijke therapeutische toepassingen van psychedelica, zoals de behandeling van angst, depressie en PTSS.<\/p>\n<h2 data-start=\"1841\" data-end=\"1866\">Waarom kiezen voor 1P-LSD?<\/h2>\n<p data-start=\"1868\" data-end=\"2214\">1P-LSD online kaufen bietet \u00e4hnliche Effekte wie LSD, ist jedoch aufgrund seiner strukturellen Unterschiede und Prodrug-Natur besonders interessant f\u00fcr Forschungszwecke. Wissenschaftler nutzen es, um mehr \u00fcber Neurotransmitter-Aktivit\u00e4t und Reaktionen des Serotoninsystems zu erfahren, die f\u00fcr die psychedelische Erfahrung verantwortlich sind.<\/p>\n<h2 data-start=\"2216\" data-end=\"2264\">Voordelen van het kopen van 1P-LSD bij ChemGramX<\/h2>\n<ul data-start=\"2266\" data-end=\"2503\">\n<li data-start=\"2266\" data-end=\"2333\">\n<p data-start=\"2268\" data-end=\"2333\">Laboratoriumgeteste zuiverheid: gegarandeerde kwaliteit met strenge tests<\/p>\n<\/li>\n<li data-start=\"2334\" data-end=\"2401\">\n<p data-start=\"2336\" data-end=\"2401\">Snelle en discrete levering: Betrouwbare verzending wereldwijd<\/p>\n<\/li>\n<li data-start=\"2402\" data-end=\"2503\">\n<p data-start=\"2404\" data-end=\"2503\">Ideaal hulpmiddel voor onderzoek: Perfect voor wetenschappelijke studies naar psychedelische effecten<\/p>\n<\/li>\n<\/ul>\n<p data-start=\"2505\" data-end=\"2682\">Wer auf der Suche nach der best place to 1P-LSD online kaufen ist, sollte auf gepr\u00fcfte H\u00e4ndler setzen, die transparente Informationen, COAs und faire 1P-LSD price bieten.<\/p>\n<h2 data-start=\"2684\" data-end=\"2715\">Veilige omgang met 1P-LSD<\/h2>\n<p data-start=\"2717\" data-end=\"2876\">Da es sich bei 1P-LSD zu verkaufen um eine Forschungschemikalie handelt, sollte es nur unter kontrollierten Laborbedingungen verwendet werden. Wichtig dabei:<\/p>\n<ul data-start=\"2878\" data-end=\"3029\">\n<li data-start=\"2878\" data-end=\"2916\">\n<p data-start=\"2880\" data-end=\"2916\">Alleen gebruiken voor onderzoeksdoeleinden<\/p>\n<\/li>\n<li data-start=\"2966\" data-end=\"3029\">\n<p data-start=\"2968\" data-end=\"3029\">Neem beschermende maatregelen om direct contact te vermijden<\/p>\n<\/li>\n<\/ul>\n<h2 data-start=\"3031\" data-end=\"3072\">Bestel nu 1P-LSD bij ChemGramX<\/h2>\n<p data-start=\"3074\" data-end=\"3275\">Sind Sie bereit, 1P-LSD f\u00fcr Ihre wissenschaftlichen Studien zu nutzen? Dann ist ChemGramX die bester Ort, um 1P-LSD online zu kaufen \u2013 mit schneller Lieferung, gepr\u00fcfter Reinheit und fairen Konditionen.<\/p>\n<h2 data-start=\"3277\" data-end=\"3288\">Conclusie<\/h2>\n<p data-start=\"3290\" data-end=\"3549\">Wenn Sie \u00fcberlegen, where to buy 1P-LSD, sollten Sie auf seri\u00f6se Quellen vertrauen. ChemGramX bietet Ihnen gepr\u00fcfte Qualit\u00e4t, sichere Bestellung und transparente Informationen. So gelingt der Kauf von 1P-LSD legal online kaufen, sicher und zuverl\u00e4ssig.<\/p>\n<p data-start=\"3551\" data-end=\"3647\">Jetzt 1P-LSD online kaufen und von h\u00f6chster Reinheit f\u00fcr Ihre Forschungsprojekte profitieren.<\/p>","protected":false},"excerpt":{"rendered":"<p><strong>1P-LSD (1-Propionyl-Lysergs\u00e4urediethylamid)<\/strong> ist ein psychoaktives Tryptamin-Derivat, das strukturell mit LSD (Lysergs\u00e4urediethylamid) verwandt ist. Es geh\u00f6rt zur Klasse der sogenannten Forschungschemikalien und wird oft als Prodrug von LSD betrachtet, was bedeutet, dass es im K\u00f6rper in LSD umgewandelt wird und \u00e4hnliche psychedelische Effekte erzeugt.<\/p>\n<h3>Chemische Struktur und Formel<\/h3>\n<ul>\n<li><strong>Chemische Formel:<\/strong> C\u2081\u2086H\u2082\u2081N\u2083O<\/li>\n<li><strong>IUPAC-Name:<\/strong> (6aR,9R)-N,N-Diethyl-7-propanoyl-4,6,6a,7,8,9-hexahydroindolo[4,3-fg]quinoline-9-carboxamide<\/li>\n<li><strong>CAS-Nummer:<\/strong> 22536-46-1<\/li>\n<\/ul>\n","protected":false},"featured_media":7607,"comment_status":"open","ping_status":"closed","template":"","meta":{"_joinchat":[]},"product_brand":[],"product_cat":[96],"product_tag":[180,179,200,208,201,191,202,196,192,199,197,206,190,195,189,203,194,198,193,204,207,181,188,186,187,183,184,185,182,205],"class_list":{"0":"post-7599","1":"product","2":"type-product","3":"status-publish","4":"has-post-thumbnail","6":"product_cat-psychedelische-droge","7":"product_tag-1-propionyl-lysergsaurediethylamid","8":"product_tag-1p-lsd","9":"product_tag-1p-lsd-als-chemisches-referenzmaterial","10":"product_tag-1p-lsd-analyse","11":"product_tag-1p-lsd-beschaffungsrichtlinien","12":"product_tag-1p-lsd-fur-forschung","13":"product_tag-1p-lsd-fur-industrielle-anwendungen","14":"product_tag-1p-lsd-fur-laboranwendungen","15":"product_tag-1p-lsd-fur-wissenschaftliche-studien","16":"product_tag-1p-lsd-gesetzliche-vorschriften","17":"product_tag-1p-lsd-groshandelslieferung","18":"product_tag-1p-lsd-im-wissenschaftlichen-bereich","19":"product_tag-1p-lsd-kaufen","20":"product_tag-1p-lsd-lagerung-und-handhabung","21":"product_tag-1p-lsd-lieferant","22":"product_tag-1p-lsd-marktanalyse","23":"product_tag-1p-lsd-preis-und-verfugbarkeit","24":"product_tag-1p-lsd-risiken-und-gefahren","25":"product_tag-1p-lsd-sicherheitsrichtlinien","26":"product_tag-1p-lsd-verfugbarkeit","27":"product_tag-1p-lsd-vertrieb","28":"product_tag-chemische-formel-1p-lsd","29":"product_tag-forschungschemikalien","30":"product_tag-nebenwirkungen-1p-lsd","31":"product_tag-psychedelische-substanzen","32":"product_tag-rechtlicher-status-1p-lsd","33":"product_tag-risiken-1p-lsd","34":"product_tag-vergleich-1p-lsd-und-lsd","35":"product_tag-wirkungen-von-1p-lsd","36":"product_tag-wo-1p-lsd-kaufen","38":"first","39":"instock","40":"shipping-taxable","41":"purchasable","42":"product-type-variable"},"yoast_head":"<!-- This site is optimized with the Yoast SEO plugin v27.5 - https:\/\/yoast.com\/product\/yoast-seo-wordpress\/ -->\n<title>1P-LSD (1-Propionyl-Lysergs\u00e4urediethylamid) online kaufen<\/title>\n<meta name=\"description\" content=\"Wenn Sie 1P-LSD (1-Propionyl-Lysergs\u00e4urediethylamid) online kaufen m\u00f6chten und nach einem zuverl\u00e4ssigen Online-Shop suchen, dann kaufen Sie hier. Wir bieten nur hochwertiges 1P-LSD zu einem erschwinglichen Preis zum Verkauf an. Bestellen Sie 1P-LSD jetzt!\" \/>\n<meta name=\"robots\" content=\"index, follow, max-snippet:-1, max-image-preview:large, max-video-preview:-1\" \/>\n<link rel=\"canonical\" href=\"https:\/\/chemgramx.com\/nl\/produkt-3\/1p-lsd-1-propionyl-lysergsaeurediethylamid-online-kaufen\/\" \/>\n<meta property=\"og:locale\" content=\"nl_BE\" \/>\n<meta property=\"og:type\" content=\"article\" \/>\n<meta property=\"og:title\" content=\"1P-LSD (1-Propionyl-Lysergs\u00e4urediethylamid) online kaufen\" \/>\n<meta property=\"og:description\" content=\"Wenn Sie 1P-LSD (1-Propionyl-Lysergs\u00e4urediethylamid) online kaufen m\u00f6chten und nach einem zuverl\u00e4ssigen Online-Shop suchen, dann kaufen Sie hier. Wir bieten nur hochwertiges 1P-LSD zu einem erschwinglichen Preis zum Verkauf an. Bestellen Sie 1P-LSD jetzt!\" \/>\n<meta property=\"og:url\" content=\"https:\/\/chemgramx.com\/nl\/produkt-3\/1p-lsd-1-propionyl-lysergsaeurediethylamid-online-kaufen\/\" \/>\n<meta property=\"og:site_name\" content=\"Chemgramx\" \/>\n<meta property=\"article:modified_time\" content=\"2025-11-21T11:19:55+00:00\" \/>\n<meta property=\"og:image\" content=\"https:\/\/chemgramx.com\/wp-content\/uploads\/2025\/11\/1P-LSD-kaufen.jpg\" \/>\n\t<meta property=\"og:image:width\" content=\"350\" \/>\n\t<meta property=\"og:image:height\" content=\"350\" \/>\n\t<meta property=\"og:image:type\" content=\"image\/jpeg\" \/>\n<meta name=\"twitter:card\" content=\"summary_large_image\" \/>\n<meta name=\"twitter:label1\" content=\"Geschatte leestijd\" \/>\n\t<meta name=\"twitter:data1\" content=\"3 minuten\" \/>\n<script type=\"application\/ld+json\" class=\"yoast-schema-graph\">{\"@context\":\"https:\\\/\\\/schema.org\",\"@graph\":[{\"@type\":\"WebPage\",\"@id\":\"https:\\\/\\\/chemgramx.com\\\/product\\\/1p-lsd-1-propionyl-lysergsaeurediethylamid-online-kaufen\\\/\",\"url\":\"https:\\\/\\\/chemgramx.com\\\/product\\\/1p-lsd-1-propionyl-lysergsaeurediethylamid-online-kaufen\\\/\",\"name\":\"1P-LSD (1-Propionyl-Lysergs\u00e4urediethylamid) online kaufen\",\"isPartOf\":{\"@id\":\"https:\\\/\\\/chemgramx.com\\\/#website\"},\"primaryImageOfPage\":{\"@id\":\"https:\\\/\\\/chemgramx.com\\\/product\\\/1p-lsd-1-propionyl-lysergsaeurediethylamid-online-kaufen\\\/#primaryimage\"},\"image\":{\"@id\":\"https:\\\/\\\/chemgramx.com\\\/product\\\/1p-lsd-1-propionyl-lysergsaeurediethylamid-online-kaufen\\\/#primaryimage\"},\"thumbnailUrl\":\"https:\\\/\\\/chemgramx.com\\\/wp-content\\\/uploads\\\/2025\\\/11\\\/1P-LSD-kaufen.jpg\",\"datePublished\":\"2025-11-21T11:18:50+00:00\",\"dateModified\":\"2025-11-21T11:19:55+00:00\",\"description\":\"Wenn Sie 1P-LSD (1-Propionyl-Lysergs\u00e4urediethylamid) online kaufen m\u00f6chten und nach einem zuverl\u00e4ssigen Online-Shop suchen, dann kaufen Sie hier. Wir bieten nur hochwertiges 1P-LSD zu einem erschwinglichen Preis zum Verkauf an. Bestellen Sie 1P-LSD jetzt!\",\"breadcrumb\":{\"@id\":\"https:\\\/\\\/chemgramx.com\\\/product\\\/1p-lsd-1-propionyl-lysergsaeurediethylamid-online-kaufen\\\/#breadcrumb\"},\"inLanguage\":\"nl-BE\",\"potentialAction\":[{\"@type\":\"ReadAction\",\"target\":[\"https:\\\/\\\/chemgramx.com\\\/product\\\/1p-lsd-1-propionyl-lysergsaeurediethylamid-online-kaufen\\\/\"]}]},{\"@type\":\"ImageObject\",\"inLanguage\":\"nl-BE\",\"@id\":\"https:\\\/\\\/chemgramx.com\\\/product\\\/1p-lsd-1-propionyl-lysergsaeurediethylamid-online-kaufen\\\/#primaryimage\",\"url\":\"https:\\\/\\\/chemgramx.com\\\/wp-content\\\/uploads\\\/2025\\\/11\\\/1P-LSD-kaufen.jpg\",\"contentUrl\":\"https:\\\/\\\/chemgramx.com\\\/wp-content\\\/uploads\\\/2025\\\/11\\\/1P-LSD-kaufen.jpg\",\"width\":350,\"height\":350},{\"@type\":\"BreadcrumbList\",\"@id\":\"https:\\\/\\\/chemgramx.com\\\/product\\\/1p-lsd-1-propionyl-lysergsaeurediethylamid-online-kaufen\\\/#breadcrumb\",\"itemListElement\":[{\"@type\":\"ListItem\",\"position\":1,\"name\":\"Home\",\"item\":\"https:\\\/\\\/chemgramx.com\\\/\"},{\"@type\":\"ListItem\",\"position\":2,\"name\":\"Shop\",\"item\":\"https:\\\/\\\/chemgramx.com\\\/shop\\\/\"},{\"@type\":\"ListItem\",\"position\":3,\"name\":\"1P-LSD (1-Propionyl-Lysergs\u00e4urediethylamid) Online Kaufen\"}]},{\"@type\":\"WebSite\",\"@id\":\"https:\\\/\\\/chemgramx.com\\\/#website\",\"url\":\"https:\\\/\\\/chemgramx.com\\\/\",\"name\":\"Chemgramx\",\"description\":\"\",\"publisher\":{\"@id\":\"https:\\\/\\\/chemgramx.com\\\/#organization\"},\"potentialAction\":[{\"@type\":\"SearchAction\",\"target\":{\"@type\":\"EntryPoint\",\"urlTemplate\":\"https:\\\/\\\/chemgramx.com\\\/?s={search_term_string}\"},\"query-input\":{\"@type\":\"PropertyValueSpecification\",\"valueRequired\":true,\"valueName\":\"search_term_string\"}}],\"inLanguage\":\"nl-BE\"},{\"@type\":\"Organization\",\"@id\":\"https:\\\/\\\/chemgramx.com\\\/#organization\",\"name\":\"Chemgramx\",\"url\":\"https:\\\/\\\/chemgramx.com\\\/\",\"logo\":{\"@type\":\"ImageObject\",\"inLanguage\":\"nl-BE\",\"@id\":\"https:\\\/\\\/chemgramx.com\\\/#\\\/schema\\\/logo\\\/image\\\/\",\"url\":\"https:\\\/\\\/chemgramx.com\\\/wp-content\\\/uploads\\\/2024\\\/10\\\/final-logo.png\",\"contentUrl\":\"https:\\\/\\\/chemgramx.com\\\/wp-content\\\/uploads\\\/2024\\\/10\\\/final-logo.png\",\"width\":250,\"height\":48,\"caption\":\"Chemgramx\"},\"image\":{\"@id\":\"https:\\\/\\\/chemgramx.com\\\/#\\\/schema\\\/logo\\\/image\\\/\"}}]}<\/script>\n<!-- \/ Yoast SEO plugin. -->","yoast_head_json":{"title":"1P-LSD (1-Propionyl-Lysergs\u00e4urediethylamid) online kaufen","description":"Wenn Sie 1P-LSD (1-Propionyl-Lysergs\u00e4urediethylamid) online kaufen m\u00f6chten und nach einem zuverl\u00e4ssigen Online-Shop suchen, dann kaufen Sie hier. Wir bieten nur hochwertiges 1P-LSD zu einem erschwinglichen Preis zum Verkauf an. Bestellen Sie 1P-LSD jetzt!","robots":{"index":"index","follow":"follow","max-snippet":"max-snippet:-1","max-image-preview":"max-image-preview:large","max-video-preview":"max-video-preview:-1"},"canonical":"https:\/\/chemgramx.com\/nl\/produkt-3\/1p-lsd-1-propionyl-lysergsaeurediethylamid-online-kaufen\/","og_locale":"nl_BE","og_type":"article","og_title":"1P-LSD (1-Propionyl-Lysergs\u00e4urediethylamid) online kaufen","og_description":"Wenn Sie 1P-LSD (1-Propionyl-Lysergs\u00e4urediethylamid) online kaufen m\u00f6chten und nach einem zuverl\u00e4ssigen Online-Shop suchen, dann kaufen Sie hier. Wir bieten nur hochwertiges 1P-LSD zu einem erschwinglichen Preis zum Verkauf an. Bestellen Sie 1P-LSD jetzt!","og_url":"https:\/\/chemgramx.com\/nl\/produkt-3\/1p-lsd-1-propionyl-lysergsaeurediethylamid-online-kaufen\/","og_site_name":"Chemgramx","article_modified_time":"2025-11-21T11:19:55+00:00","og_image":[{"width":350,"height":350,"url":"https:\/\/chemgramx.com\/wp-content\/uploads\/2025\/11\/1P-LSD-kaufen.jpg","type":"image\/jpeg"}],"twitter_card":"summary_large_image","twitter_misc":{"Geschatte leestijd":"3 minuten"},"schema":{"@context":"https:\/\/schema.org","@graph":[{"@type":"WebPage","@id":"https:\/\/chemgramx.com\/product\/1p-lsd-1-propionyl-lysergsaeurediethylamid-online-kaufen\/","url":"https:\/\/chemgramx.com\/product\/1p-lsd-1-propionyl-lysergsaeurediethylamid-online-kaufen\/","name":"1P-LSD (1-Propionyl-Lysergs\u00e4urediethylamid) online kaufen","isPartOf":{"@id":"https:\/\/chemgramx.com\/#website"},"primaryImageOfPage":{"@id":"https:\/\/chemgramx.com\/product\/1p-lsd-1-propionyl-lysergsaeurediethylamid-online-kaufen\/#primaryimage"},"image":{"@id":"https:\/\/chemgramx.com\/product\/1p-lsd-1-propionyl-lysergsaeurediethylamid-online-kaufen\/#primaryimage"},"thumbnailUrl":"https:\/\/chemgramx.com\/wp-content\/uploads\/2025\/11\/1P-LSD-kaufen.jpg","datePublished":"2025-11-21T11:18:50+00:00","dateModified":"2025-11-21T11:19:55+00:00","description":"Wenn Sie 1P-LSD (1-Propionyl-Lysergs\u00e4urediethylamid) online kaufen m\u00f6chten und nach einem zuverl\u00e4ssigen Online-Shop suchen, dann kaufen Sie hier. Wir bieten nur hochwertiges 1P-LSD zu einem erschwinglichen Preis zum Verkauf an. Bestellen Sie 1P-LSD jetzt!","breadcrumb":{"@id":"https:\/\/chemgramx.com\/product\/1p-lsd-1-propionyl-lysergsaeurediethylamid-online-kaufen\/#breadcrumb"},"inLanguage":"nl-BE","potentialAction":[{"@type":"ReadAction","target":["https:\/\/chemgramx.com\/product\/1p-lsd-1-propionyl-lysergsaeurediethylamid-online-kaufen\/"]}]},{"@type":"ImageObject","inLanguage":"nl-BE","@id":"https:\/\/chemgramx.com\/product\/1p-lsd-1-propionyl-lysergsaeurediethylamid-online-kaufen\/#primaryimage","url":"https:\/\/chemgramx.com\/wp-content\/uploads\/2025\/11\/1P-LSD-kaufen.jpg","contentUrl":"https:\/\/chemgramx.com\/wp-content\/uploads\/2025\/11\/1P-LSD-kaufen.jpg","width":350,"height":350},{"@type":"BreadcrumbList","@id":"https:\/\/chemgramx.com\/product\/1p-lsd-1-propionyl-lysergsaeurediethylamid-online-kaufen\/#breadcrumb","itemListElement":[{"@type":"ListItem","position":1,"name":"Home","item":"https:\/\/chemgramx.com\/"},{"@type":"ListItem","position":2,"name":"Shop","item":"https:\/\/chemgramx.com\/shop\/"},{"@type":"ListItem","position":3,"name":"1P-LSD (1-Propionyl-Lysergs\u00e4urediethylamid) Online Kaufen"}]},{"@type":"WebSite","@id":"https:\/\/chemgramx.com\/#website","url":"https:\/\/chemgramx.com\/","name":"Chemgramx","description":"","publisher":{"@id":"https:\/\/chemgramx.com\/#organization"},"potentialAction":[{"@type":"SearchAction","target":{"@type":"EntryPoint","urlTemplate":"https:\/\/chemgramx.com\/?s={search_term_string}"},"query-input":{"@type":"PropertyValueSpecification","valueRequired":true,"valueName":"search_term_string"}}],"inLanguage":"nl-BE"},{"@type":"Organization","@id":"https:\/\/chemgramx.com\/#organization","name":"Chemgramx","url":"https:\/\/chemgramx.com\/","logo":{"@type":"ImageObject","inLanguage":"nl-BE","@id":"https:\/\/chemgramx.com\/#\/schema\/logo\/image\/","url":"https:\/\/chemgramx.com\/wp-content\/uploads\/2024\/10\/final-logo.png","contentUrl":"https:\/\/chemgramx.com\/wp-content\/uploads\/2024\/10\/final-logo.png","width":250,"height":48,"caption":"Chemgramx"},"image":{"@id":"https:\/\/chemgramx.com\/#\/schema\/logo\/image\/"}}]}},"_links":{"self":[{"href":"https:\/\/chemgramx.com\/nl\/wp-json\/wp\/v2\/product\/7599","targetHints":{"allow":["GET"]}}],"collection":[{"href":"https:\/\/chemgramx.com\/nl\/wp-json\/wp\/v2\/product"}],"about":[{"href":"https:\/\/chemgramx.com\/nl\/wp-json\/wp\/v2\/types\/product"}],"replies":[{"embeddable":true,"href":"https:\/\/chemgramx.com\/nl\/wp-json\/wp\/v2\/comments?post=7599"}],"wp:featuredmedia":[{"embeddable":true,"href":"https:\/\/chemgramx.com\/nl\/wp-json\/wp\/v2\/media\/7607"}],"wp:attachment":[{"href":"https:\/\/chemgramx.com\/nl\/wp-json\/wp\/v2\/media?parent=7599"}],"wp:term":[{"taxonomy":"product_brand","embeddable":true,"href":"https:\/\/chemgramx.com\/nl\/wp-json\/wp\/v2\/product_brand?post=7599"},{"taxonomy":"product_cat","embeddable":true,"href":"https:\/\/chemgramx.com\/nl\/wp-json\/wp\/v2\/product_cat?post=7599"},{"taxonomy":"product_tag","embeddable":true,"href":"https:\/\/chemgramx.com\/nl\/wp-json\/wp\/v2\/product_tag?post=7599"}],"curies":[{"name":"wp","href":"https:\/\/api.w.org\/{rel}","templated":true}]}}