{"id":7617,"date":"2025-11-21T11:19:17","date_gmt":"2025-11-21T11:19:17","guid":{"rendered":"https:\/\/chemgramx.com\/?post_type=product&#038;p=7617"},"modified":"2025-11-21T11:20:22","modified_gmt":"2025-11-21T11:20:22","slug":"5-meo-pyr-t-online-kopen","status":"publish","type":"product","link":"https:\/\/chemgramx.com\/nl\/product\/5-meo-pyr-t-online-kopen\/","title":{"rendered":"5-MeO-pyr-T online kopen"},"content":{"rendered":"<div class=\"flex-shrink-0 flex flex-col relative items-end\">\n<div class=\"pt-0\">\n<div class=\"gizmo-bot-avatar flex h-8 w-8 items-center justify-center overflow-hidden rounded-full\">\n<p><a href=\"https:\/\/chemgramx.com\/nl\/product\/5-meo-pyr-t\/\">5-MeO-Pyr-T<\/a> 5-MeO-Pyr-T is een synthetische psychoactieve stof die wordt gebruikt als onderzoekschemicalie om de psychedelische en neurochemische effecten ervan op de menselijke hersenen te bestuderen. Deze stof staat bekend om zijn sterke en snelle psychedelische effecten, gepaard gaande met ingrijpende veranderingen in het bewustzijn en intense hallucinaties. Onderzoekers die 5-MeO-Pyr-T online willen kopen, krijgen toegang tot een betrouwbare bron voor gecontroleerde laboratoriumstudies.<\/p>\n<h2>Waarom 5-MeO-Pyr-T online kopen?<\/h2>\n<p>Wetenschappers gebruiken 5-MeO-pyr-T om de interacties tussen verschillende neurochemische systemen, met name serotonerge receptoren, te onderzoeken. Dit onderzoek zou kunnen bijdragen aan de ontwikkeling van potenti\u00eble therapie\u00ebn voor psychische stoornissen. Bent u ge\u00efnteresseerd in de aankoop van 5-MeO-pyr-T? ChemGramx biedt hoogwaardige producten voor laboratoriumonderzoek. Bent u op zoek naar een plek om 5-MeO-pyr-T te kopen? Ons platform is de beste bron voor een veilige en betrouwbare aankoop. U kunt originele of namaak 5-MeO-pyr-T kopen. <a href=\"https:\/\/en.wikipedia.org\/wiki\/5-MeO-pyr-T\">5-MeO-pyr-T<\/a> voor wetenschappelijke doeleinden zonder aarzeling.<\/p>\n<h2>Toepassingen en voordelen van 5-MeO-pyr-T<\/h2>\n<p>Het gebruik van 5-MeO-pyr-T in onderzoek biedt verschillende voordelen:<\/p>\n<p>Hoge zuiverheid: garandeert nauwkeurige en betrouwbare onderzoeksresultaten.<\/p>\n<p>Chemische stabiliteit: Ideaal voor langetermijnstudies en experimentele toepassingen.<\/p>\n<p>Strenge kwaliteitscontrole: Elke partij originele of namaak 5-MeO-pyr-T wordt getest op zuiverheid en consistentie.<\/p>\n<h2>Alleen voor onderzoeksdoeleinden: niet bedoeld voor menselijke consumptie.<\/h2>\n<p>Of u nu goedkoop 5-MeO-pyr-T online wilt kopen of op zoek bent naar een geverifieerde leverancier - ChemGramx is een vertrouwd platform voor de veilige online aankoop van 5-MeO-pyr-T.<\/p>\n<h3>Veilige behandeling en opslag<\/h3>\n<p>Om de chemische integriteit te behouden, moet 5-MeO-pyr-T op een koele, droge plaats worden bewaard, uit de buurt van direct zonlicht. Volg bij het gebruik van 5-MeO-pyr-T voor verkoop altijd de veiligheidsrichtlijnen van het laboratorium om nauwkeurige onderzoeksresultaten en verantwoorde behandeling te garanderen.<\/p>\n<\/div>\n<\/div>\n<\/div>","protected":false},"excerpt":{"rendered":"<p><strong>5-MeO-DMT<\/strong> is een zeer zuivere synthetische chemische verbinding die werd ontwikkeld voor wetenschappelijk onderzoek. Het wordt gebruikt om de psychedelische effecten en neurochemische eigenschappen van stoffen te onderzoeken. Elke partij wordt getest op de hoogste zuiverheid. Alleen voor onderzoek - niet geschikt voor menselijke consumptie.<\/p>","protected":false},"featured_media":7647,"comment_status":"open","ping_status":"closed","template":"","meta":{"_joinchat":[]},"product_brand":[],"product_cat":[96],"product_tag":[2327,2334,2335,2332,2328,2333,2331,2329,2330,2182],"class_list":{"0":"post-7617","1":"product","2":"type-product","3":"status-publish","4":"has-post-thumbnail","6":"product_cat-psychedelische-droge","7":"product_tag-5-meo-pyr-t","8":"product_tag-5-meo-pyr-t-chemikalien","9":"product_tag-5-meo-pyr-t-forschung","10":"product_tag-5-meo-pyr-t-fur-forschung","11":"product_tag-5-meo-pyr-t-kaufen","12":"product_tag-5-meo-pyr-t-kaufen-online","13":"product_tag-5-meo-pyr-t-kristalle","14":"product_tag-5-meo-pyr-t-online","15":"product_tag-5-meo-pyr-t-pulver","16":"product_tag-synthetische-chemikalien","18":"first","19":"instock","20":"shipping-taxable","21":"purchasable","22":"product-type-variable"},"yoast_head":"<!-- This site is optimized with the Yoast SEO plugin v26.3 - https:\/\/yoast.com\/wordpress\/plugins\/seo\/ -->\n<title>5-MeO-Pyr-T online kaufen \u2013 5-MeO-Pyr-T zu verkaufen<\/title>\n<meta name=\"description\" content=\"Bei unserem Chemgramx k\u00f6nnen Sie 5-Meo-Pyr-T zu g\u00fcnstigen Preisen kaufen. Hier k\u00f6nnen Sie jetzt hochwertiges 5-Meo-Pyr-T online in unserem Shop mit schnellem und sicherem Versandservice kaufen.\" \/>\n<meta name=\"robots\" content=\"noindex, follow, max-snippet:-1, max-image-preview:large, max-video-preview:-1\" \/>\n<meta property=\"og:locale\" content=\"nl_BE\" \/>\n<meta property=\"og:type\" content=\"article\" \/>\n<meta property=\"og:title\" content=\"5-MeO-Pyr-T online kaufen \u2013 5-MeO-Pyr-T zu verkaufen\" \/>\n<meta property=\"og:description\" content=\"Bei unserem Chemgramx k\u00f6nnen Sie 5-Meo-Pyr-T zu g\u00fcnstigen Preisen kaufen. Hier k\u00f6nnen Sie jetzt hochwertiges 5-Meo-Pyr-T online in unserem Shop mit schnellem und sicherem Versandservice kaufen.\" \/>\n<meta property=\"og:url\" content=\"https:\/\/chemgramx.com\/nl\/product\/5-meo-pyr-t-online-kopen\/\" \/>\n<meta property=\"og:site_name\" content=\"Chemgramx\" \/>\n<meta property=\"article:modified_time\" content=\"2025-11-21T11:20:22+00:00\" \/>\n<meta property=\"og:image\" content=\"https:\/\/chemgramx.com\/wp-content\/uploads\/2025\/11\/5meo.png\" \/>\n\t<meta property=\"og:image:width\" content=\"600\" \/>\n\t<meta property=\"og:image:height\" content=\"400\" \/>\n\t<meta property=\"og:image:type\" content=\"image\/png\" \/>\n<meta name=\"twitter:card\" content=\"summary_large_image\" \/>\n<meta name=\"twitter:label1\" content=\"Geschatte leestijd\" \/>\n\t<meta name=\"twitter:data1\" content=\"2 minuten\" \/>\n<script type=\"application\/ld+json\" class=\"yoast-schema-graph\">{\"@context\":\"https:\/\/schema.org\",\"@graph\":[{\"@type\":\"WebPage\",\"@id\":\"https:\/\/chemgramx.com\/product\/5-meo-pyr-t-online-kaufen\/\",\"url\":\"https:\/\/chemgramx.com\/product\/5-meo-pyr-t-online-kaufen\/\",\"name\":\"5-MeO-Pyr-T online kaufen \u2013 5-MeO-Pyr-T zu verkaufen\",\"isPartOf\":{\"@id\":\"https:\/\/chemgramx.com\/#website\"},\"primaryImageOfPage\":{\"@id\":\"https:\/\/chemgramx.com\/product\/5-meo-pyr-t-online-kaufen\/#primaryimage\"},\"image\":{\"@id\":\"https:\/\/chemgramx.com\/product\/5-meo-pyr-t-online-kaufen\/#primaryimage\"},\"thumbnailUrl\":\"https:\/\/chemgramx.com\/wp-content\/uploads\/2025\/11\/5meo.png\",\"datePublished\":\"2025-11-21T11:19:17+00:00\",\"dateModified\":\"2025-11-21T11:20:22+00:00\",\"description\":\"Bei unserem Chemgramx k\u00f6nnen Sie 5-Meo-Pyr-T zu g\u00fcnstigen Preisen kaufen. Hier k\u00f6nnen Sie jetzt hochwertiges 5-Meo-Pyr-T online in unserem Shop mit schnellem und sicherem Versandservice kaufen.\",\"breadcrumb\":{\"@id\":\"https:\/\/chemgramx.com\/product\/5-meo-pyr-t-online-kaufen\/#breadcrumb\"},\"inLanguage\":\"nl-BE\",\"potentialAction\":[{\"@type\":\"ReadAction\",\"target\":[\"https:\/\/chemgramx.com\/product\/5-meo-pyr-t-online-kaufen\/\"]}]},{\"@type\":\"ImageObject\",\"inLanguage\":\"nl-BE\",\"@id\":\"https:\/\/chemgramx.com\/product\/5-meo-pyr-t-online-kaufen\/#primaryimage\",\"url\":\"https:\/\/chemgramx.com\/wp-content\/uploads\/2025\/11\/5meo.png\",\"contentUrl\":\"https:\/\/chemgramx.com\/wp-content\/uploads\/2025\/11\/5meo.png\",\"width\":600,\"height\":400},{\"@type\":\"BreadcrumbList\",\"@id\":\"https:\/\/chemgramx.com\/product\/5-meo-pyr-t-online-kaufen\/#breadcrumb\",\"itemListElement\":[{\"@type\":\"ListItem\",\"position\":1,\"name\":\"Home\",\"item\":\"https:\/\/chemgramx.com\/\"},{\"@type\":\"ListItem\",\"position\":2,\"name\":\"Shop\",\"item\":\"https:\/\/chemgramx.com\/shop\/\"},{\"@type\":\"ListItem\",\"position\":3,\"name\":\"5-MeO-pyr-T Online Kaufen\"}]},{\"@type\":\"WebSite\",\"@id\":\"https:\/\/chemgramx.com\/#website\",\"url\":\"https:\/\/chemgramx.com\/\",\"name\":\"Chemgramx\",\"description\":\"\",\"publisher\":{\"@id\":\"https:\/\/chemgramx.com\/#organization\"},\"potentialAction\":[{\"@type\":\"SearchAction\",\"target\":{\"@type\":\"EntryPoint\",\"urlTemplate\":\"https:\/\/chemgramx.com\/?s={search_term_string}\"},\"query-input\":{\"@type\":\"PropertyValueSpecification\",\"valueRequired\":true,\"valueName\":\"search_term_string\"}}],\"inLanguage\":\"nl-BE\"},{\"@type\":\"Organization\",\"@id\":\"https:\/\/chemgramx.com\/#organization\",\"name\":\"Chemgramx\",\"url\":\"https:\/\/chemgramx.com\/\",\"logo\":{\"@type\":\"ImageObject\",\"inLanguage\":\"nl-BE\",\"@id\":\"https:\/\/chemgramx.com\/#\/schema\/logo\/image\/\",\"url\":\"https:\/\/chemgramx.com\/wp-content\/uploads\/2024\/10\/final-logo.png\",\"contentUrl\":\"https:\/\/chemgramx.com\/wp-content\/uploads\/2024\/10\/final-logo.png\",\"width\":250,\"height\":48,\"caption\":\"Chemgramx\"},\"image\":{\"@id\":\"https:\/\/chemgramx.com\/#\/schema\/logo\/image\/\"}}]}<\/script>\n<!-- \/ Yoast SEO plugin. -->","yoast_head_json":{"title":"5-MeO-Pyr-T online kopen \u2013 5-MeO-Pyr-T te koop","description":"Bij onze Chemgramx kun je 5-Meo-Pyr-T kopen tegen voordelige prijzen. Hier kunt u nu hoge kwaliteit 5-Meo-Pyr-T online kopen in onze winkel met snelle en veilige verzending.","robots":{"index":"noindex","follow":"follow","max-snippet":"max-snippet:-1","max-image-preview":"max-image-preview:large","max-video-preview":"max-video-preview:-1"},"og_locale":"nl_BE","og_type":"article","og_title":"5-MeO-Pyr-T online kaufen \u2013 5-MeO-Pyr-T zu verkaufen","og_description":"Bei unserem Chemgramx k\u00f6nnen Sie 5-Meo-Pyr-T zu g\u00fcnstigen Preisen kaufen. Hier k\u00f6nnen Sie jetzt hochwertiges 5-Meo-Pyr-T online in unserem Shop mit schnellem und sicherem Versandservice kaufen.","og_url":"https:\/\/chemgramx.com\/nl\/product\/5-meo-pyr-t-online-kopen\/","og_site_name":"Chemgramx","article_modified_time":"2025-11-21T11:20:22+00:00","og_image":[{"width":600,"height":400,"url":"https:\/\/chemgramx.com\/wp-content\/uploads\/2025\/11\/5meo.png","type":"image\/png"}],"twitter_card":"summary_large_image","twitter_misc":{"Geschatte leestijd":"2 minuten"},"schema":{"@context":"https:\/\/schema.org","@graph":[{"@type":"WebPage","@id":"https:\/\/chemgramx.com\/product\/5-meo-pyr-t-online-kaufen\/","url":"https:\/\/chemgramx.com\/product\/5-meo-pyr-t-online-kaufen\/","name":"5-MeO-Pyr-T online kopen \u2013 5-MeO-Pyr-T te koop","isPartOf":{"@id":"https:\/\/chemgramx.com\/#website"},"primaryImageOfPage":{"@id":"https:\/\/chemgramx.com\/product\/5-meo-pyr-t-online-kaufen\/#primaryimage"},"image":{"@id":"https:\/\/chemgramx.com\/product\/5-meo-pyr-t-online-kaufen\/#primaryimage"},"thumbnailUrl":"https:\/\/chemgramx.com\/wp-content\/uploads\/2025\/11\/5meo.png","datePublished":"2025-11-21T11:19:17+00:00","dateModified":"2025-11-21T11:20:22+00:00","description":"Bij onze Chemgramx kun je 5-Meo-Pyr-T kopen tegen voordelige prijzen. Hier kunt u nu hoge kwaliteit 5-Meo-Pyr-T online kopen in onze winkel met snelle en veilige verzending.","breadcrumb":{"@id":"https:\/\/chemgramx.com\/product\/5-meo-pyr-t-online-kaufen\/#breadcrumb"},"inLanguage":"nl-BE","potentialAction":[{"@type":"ReadAction","target":["https:\/\/chemgramx.com\/product\/5-meo-pyr-t-online-kaufen\/"]}]},{"@type":"ImageObject","inLanguage":"nl-BE","@id":"https:\/\/chemgramx.com\/product\/5-meo-pyr-t-online-kaufen\/#primaryimage","url":"https:\/\/chemgramx.com\/wp-content\/uploads\/2025\/11\/5meo.png","contentUrl":"https:\/\/chemgramx.com\/wp-content\/uploads\/2025\/11\/5meo.png","width":600,"height":400},{"@type":"BreadcrumbList","@id":"https:\/\/chemgramx.com\/product\/5-meo-pyr-t-online-kaufen\/#breadcrumb","itemListElement":[{"@type":"ListItem","position":1,"name":"Home","item":"https:\/\/chemgramx.com\/"},{"@type":"ListItem","position":2,"name":"Shop","item":"https:\/\/chemgramx.com\/shop\/"},{"@type":"ListItem","position":3,"name":"5-MeO-pyr-T Online Kaufen"}]},{"@type":"WebSite","@id":"https:\/\/chemgramx.com\/#website","url":"https:\/\/chemgramx.com\/","name":"Chemgramx","description":"","publisher":{"@id":"https:\/\/chemgramx.com\/#organization"},"potentialAction":[{"@type":"SearchAction","target":{"@type":"EntryPoint","urlTemplate":"https:\/\/chemgramx.com\/?s={search_term_string}"},"query-input":{"@type":"PropertyValueSpecification","valueRequired":true,"valueName":"search_term_string"}}],"inLanguage":"nl-BE"},{"@type":"Organization","@id":"https:\/\/chemgramx.com\/#organization","name":"Chemgramx","url":"https:\/\/chemgramx.com\/","logo":{"@type":"ImageObject","inLanguage":"nl-BE","@id":"https:\/\/chemgramx.com\/#\/schema\/logo\/image\/","url":"https:\/\/chemgramx.com\/wp-content\/uploads\/2024\/10\/final-logo.png","contentUrl":"https:\/\/chemgramx.com\/wp-content\/uploads\/2024\/10\/final-logo.png","width":250,"height":48,"caption":"Chemgramx"},"image":{"@id":"https:\/\/chemgramx.com\/#\/schema\/logo\/image\/"}}]}},"_links":{"self":[{"href":"https:\/\/chemgramx.com\/nl\/wp-json\/wp\/v2\/product\/7617","targetHints":{"allow":["GET"]}}],"collection":[{"href":"https:\/\/chemgramx.com\/nl\/wp-json\/wp\/v2\/product"}],"about":[{"href":"https:\/\/chemgramx.com\/nl\/wp-json\/wp\/v2\/types\/product"}],"replies":[{"embeddable":true,"href":"https:\/\/chemgramx.com\/nl\/wp-json\/wp\/v2\/comments?post=7617"}],"wp:featuredmedia":[{"embeddable":true,"href":"https:\/\/chemgramx.com\/nl\/wp-json\/wp\/v2\/media\/7647"}],"wp:attachment":[{"href":"https:\/\/chemgramx.com\/nl\/wp-json\/wp\/v2\/media?parent=7617"}],"wp:term":[{"taxonomy":"product_brand","embeddable":true,"href":"https:\/\/chemgramx.com\/nl\/wp-json\/wp\/v2\/product_brand?post=7617"},{"taxonomy":"product_cat","embeddable":true,"href":"https:\/\/chemgramx.com\/nl\/wp-json\/wp\/v2\/product_cat?post=7617"},{"taxonomy":"product_tag","embeddable":true,"href":"https:\/\/chemgramx.com\/nl\/wp-json\/wp\/v2\/product_tag?post=7617"}],"curies":[{"name":"wp","href":"https:\/\/api.w.org\/{rel}","templated":true}]}}