{"id":7879,"date":"2025-11-21T11:23:56","date_gmt":"2025-11-21T11:23:56","guid":{"rendered":"https:\/\/chemgramx.com\/?post_type=product&#038;p=7879"},"modified":"2025-11-21T11:24:42","modified_gmt":"2025-11-21T11:24:42","slug":"subutex-online-kopen","status":"publish","type":"product","link":"https:\/\/chemgramx.com\/nl\/product\/subutex-online-kaufen\/","title":{"rendered":"Subutex online kopen"},"content":{"rendered":"<p>Subutex, waarvan het enige werkzame bestanddeel <b>Buprenorfine<\/b> is een centraal medicijn in het kader van de <b>Substitutie ondersteunde behandeling (SGB)<\/b> van mensen met een opio\u00efdenverslaving in Duitsland. In tegenstelling tot combinatiepreparaten bevat Subutex geen naloxon en wordt het daarom onder bijzonder strenge medische en wettelijke voorwaarden voorgeschreven. Het gebruik van dit geneesmiddel is uitsluitend toegestaan in combinatie met uitgebreide medische en psychosociale begeleiding.<\/p>\n<p>Deze uitgebreide informatiepagina biedt u duidelijke, betrouwbare en zoekmachine-geoptimaliseerde (SEO) details over de rol van Subutex in de moderne verslavingsgeneeskunde, de juiste legale verkrijgingswegen en de essenti\u00eble veiligheidsaspecten in Duitsland.<\/p>\n<h2><b>De rol van Subutex (buprenorfine) in substitutietherapie<\/b><\/h2>\n<p>Subutex, verkrijgbaar als sublinguale tablet, maakt gebruik van de eigenschappen van de werkzame stof buprenorfine om een therapeutische stabilisatie te bereiken. Het is belangrijk om te begrijpen dat de behandeling niet alleen bestaat uit medicatie, maar altijd ook gepaard gaat met een begeleidende verslavingsbehandeling.<\/p>\n<h3><b>Het werkingsmechanisme van de parti\u00eble agonist<\/b><\/h3>\n<p>Buprenorfine onderscheidt zich door een uniek werkingsmechanisme, waardoor het een effectief en veilig substitutiemiddel is:<\/p>\n<ul>\n<li><b>Gedeeltelijke opio\u00efde-agonist:<\/b> Buprenorfine bindt zich sterk aan de opio\u00efde receptoren in de hersenen, maar activeert deze slechts gedeeltelijk.<\/li>\n<li><b>Onderdrukking van ontwenningsverschijnselen:<\/b> Deze gedeeltelijke activering is voldoende om pijnlijke lichamelijke <b>ontwenningsverschijnselen<\/b> te voorkomen en het intensieve <b>Verlangen (cravings)<\/b> verminderen.<\/li>\n<li><b>Het \u201eplafondeffect\u201c:<\/b> In tegenstelling tot volledige opio\u00efde-agonisten bereikt het effect van buprenorfine vanaf een bepaalde dosis een verzadigingsgrens (plafondeffect). Dit minimaliseert het risico op ernstige <b>ademhalingsdepressie<\/b> \u2013 de meest voorkomende doodsoorzaak bij een overdosis opio\u00efden \u2013 en draagt bij aan de veiligheid.<\/li>\n<li><b>Verlichting van de therapie:<\/b> Door de pati\u00ebnt op fysiek vlak te stabiliseren, cre\u00ebert Subutex de nodige basis zodat de betrokkene zich kan concentreren op de <a href=\"http:\/\/18.116.49.136\/product\/5-meo-dmt-hydrochloride-kaufen\/\"><b>Psychosociale ondersteuning<\/b><\/a> zich concentreren en actief aan zijn herstel kunnen werken.<\/li>\n<\/ul>\n<h3><b>Subutex versus andere substitutiemiddelen<\/b><\/h3>\n<p>De keuze voor Subutex of een ander substitutiemiddel (zoals methadon of buprenorfine\/naloxon-combinaties) wordt altijd gemaakt door een verslavingsarts en is afhankelijk van de individuele anamnese, het gebruik en de behandelingsfase. De buprenorfine-monopreparaten (zoals Subutex) worden in Duitsland vaak gebruikt in de <b>inductiefase<\/b> of bij bepaalde pati\u00ebntengroepen worden gebruikt, omdat ze een hoge therapeutische flexibiliteit bieden.<\/p>\n<p><b>De strikte, legale aankooproute in Duitsland<\/b><\/p>\n<p>Subutex is volgens de Duitse <b>Wet verdovende middelen (BtMG)<\/b> een verdovend middel en is onderworpen aan zeer strenge voorschriften. <b>De aankoop, het bezit of de verkoop zonder een geldig recept voor verdovende middelen is een strafbaar feit en uiterst schadelijk voor de gezondheid.<\/b><\/p>\n<h3><b>De fasen van de behandeling en het voorschrijven<\/b><\/h3>\n<p>De toegang tot Subutex is nauw verbonden met een medische behandeling en verloopt volgens de volgende stappen:<\/p>\n<ol start=\"1\">\n<li><b>Consultatie verslavingsgeneeskunde:<\/b> Eerst moet contact worden opgenomen met een <b>gespecialiseerde verslavingsarts<\/b> (vervangende arts) worden opgenomen. Alleen erkende artsen met de juiste bevoegdheid mogen Subutex voorschrijven. De huisarts kan hierbij vaak het eerste aanspreekpunt zijn voor een verwijzing.<\/li>\n<li><b>Grondige diagnose:<\/b> De arts stelt de diagnose opio\u00efdenverslaving en controleert zorgvuldig alle medische en sociale voorwaarden voor een substitutietherapie.<\/li>\n<li><b>Recept voor verdovende middelen:<\/b> Subutex wordt op een speciale, <a href=\"\/product\/dmt-cartridges-kaufen\/\"><b>geel BtM-recept<\/b><\/a> voorgeschreven. De voorschrijving is strikt beperkt om misbruik en oneigenlijk gebruik te voorkomen.<\/li>\n<li><b>Afgifte door apotheken (onder toezicht):<\/b> Vooral aan het begin van de behandeling, de zogenaamde <b>instelperiode<\/b>, wordt het medicijn meestal <b>per dag<\/b> en onder <b>visuele controle<\/b> door het apotheekpersoneel toegediend. Dit dient ter bescherming van de pati\u00ebnt en om te voldoen aan de wettelijke voorschriften.<\/li>\n<li><b>Psychosociale begeleiding (PSB):<\/b> De behandeling moet altijd worden gecombineerd met een <b>Psychosociale begeleiding<\/b> worden gecombineerd. Deze regelmatige afspraken met maatschappelijk werkers of therapeuten zijn essentieel voor het succes van de behandeling en een voorwaarde voor voortzetting van de medicatie.<\/li>\n<\/ol>\n<h3><b>Juridische en veiligheidstechnische vereisten<\/b><\/h3>\n<ul>\n<li><b>Hoogste voorschriftplicht:<\/b> Elke reclame-uiting of elk aanbod om Subutex zonder medisch voorschrift aan te schaffen, is illegaal. Pati\u00ebnten die deze behandeling nodig hebben, moeten de legale weg via het Duitse gezondheidszorgsysteem volgen.<\/li>\n<li><b>Documentatieplicht:<\/b> Zowel artsen als apotheken houden een volledige administratie bij van elke voorgeschreven en afgeleverde eenheid, die ter controle aan de autoriteiten moet worden voorgelegd.<\/li>\n<li><b>Straatverkoop:<\/b> De verkoop van Subutex op de zwarte markt is zeer riskant. Afgezien van strafrechtelijke vervolging bestaat het gevaar dat men vervalste of verontreinigde stoffen krijgt.<\/li>\n<\/ul>\n<h2><b>Veiligheidsinstructies en gebruiksprincipes<\/b><\/h2>\n<p>Het veilige gebruik van Subutex is strikt gebonden aan het naleven van het medische behandelplan.<\/p>\n<h3><b>Toepassing en veel voorkomende bijwerkingen<\/b><\/h3>\n<p>De Subutex-tablet moet <b>onder de tong<\/b> worden gelegd, waar het volledig oplost. Het mag niet <b>niet inslikken, kauwen of injecteren<\/b> , omdat dit de werkzaamheid en veiligheid ernstig kan be\u00efnvloeden. Mogelijke, vaak voorkomende bijwerkingen zijn:<\/p>\n<ul>\n<li>Hoofdpijn en duizeligheid<\/li>\n<li>Constipatie en andere maag- en darmklachten<\/li>\n<li>Slapeloosheid of ongewone vermoeidheid<\/li>\n<li>Overmatig zweten (hyperhidrose)<\/li>\n<\/ul>\n<h3><b>Dringende waarschuwingen en contra-indicaties<\/b><\/h3>\n<p>Informeer uw behandelende arts uitgebreid over uw medische geschiedenis en alle medicijnen die u gebruikt. Subutex mag onder andere niet worden ingenomen bij:<\/p>\n<ul>\n<li><b>Ernstige aandoeningen van de luchtwegen<\/b> of bestaande, uitgesproken ademhalingsdepressie.<\/li>\n<li><b>Acute vergiftigingen<\/b> door alcohol of andere centraal werkende stoffen.<\/li>\n<li><b>Ernstige leverfunctiestoornissen<\/b>, aangezien buprenorfine door de lever wordt gemetaboliseerd.<\/li>\n<li>De gelijktijdige inname van <b>Benzodiazepinen<\/b>. De combinatie met kalmerende middelen is uiterst gevaarlijk, omdat het risico op levensbedreigende ademhalingsdepressie hierdoor enorm toeneemt.<\/li>\n<\/ul>\n<h2><b>Ondersteuning en hulp bij opio\u00efdenverslaving in Duitsland<\/b><\/h2>\n<p>Als u of uw familieleden hulp nodig hebben, zijn er tal van juridische en professionele instanties waar u terecht kunt. <b>Wacht niet tot er een noodgeval ontstaat, maar neem tijdig contact op met gespecialiseerd personeel.<\/b><\/p>\n<p>De belangrijkste contactpunten zijn:<\/p>\n<ul>\n<li><b>Huisarts of huisarts:<\/b> Ze fungeren als eerste aanspreekpunt voor doorverwijzing naar gespecialiseerde verslavingsartsen en kunnen algemene gezondheidscontroles uitvoeren.<\/li>\n<li><b>Plaatselijke centra voor verslavingsbegeleiding:<\/b> Deze bieden <b>gratis, vertrouwelijke hulp dicht bij huis<\/b>. Hier vindt u informatie over therapie, psychosociale begeleiding (PSB) en doorverwijzing naar behandelingscentra. Zoek naar \u201everslavingszorg\u201c en uw woonplaats.<\/li>\n<li><b>Hotlines voor drugs en verslaving:<\/b> Anonieme hulp en advies via de telefoon zijn vaak 24 uur per dag beschikbaar. Een bekend nummer is het <b>Hotline van het Federaal Centrum voor Gezondheidsvoorlichting (BZgA)<\/b>.<\/li>\n<li><b>Ziektekostenverzekeraars en pensioenverzekeraars:<\/b> Deze nemen de kosten voor de medische behandeling en vaak ook voor ontwennings- of revalidatiemaatregelen voor hun rekening.<\/li>\n<li><b>Noodnummer (112):<\/b> Bij vermoeden van een overdosis (ademnood, bewusteloosheid, blauwachtige lippen) moet onmiddellijk het alarmnummer worden gebeld.<\/li>\n<\/ul>","protected":false},"excerpt":{"rendered":"<p>Subutex kopen: Bevat buprenorfine voor de behandeling van opio\u00efdenverslaving. Alleen op recept verkrijgbaar \u2013 alleen verkrijgbaar met een geldig recept van een erkende arts. Discreet verkrijgbaar via Duitse postorderapotheken.<\/p>","protected":false},"featured_media":7884,"comment_status":"open","ping_status":"closed","template":"","meta":{"_joinchat":[]},"product_brand":[],"product_cat":[56],"product_tag":[2998,2990,2996,2991,2992,2989,2993,2995,2997,2994],"class_list":{"0":"post-7879","1":"product","2":"type-product","3":"status-publish","4":"has-post-thumbnail","6":"product_cat-opioids","7":"product_tag-betaeubungsmittel","8":"product_tag-buprenorphin","9":"product_tag-entzugsbehandlung","10":"product_tag-opioidabhaengigkeit","11":"product_tag-substitution","12":"product_tag-subutex","13":"product_tag-suchtbehandlung","14":"product_tag-suchtmedizin","15":"product_tag-therapie","16":"product_tag-verschreibungspflichtig","18":"first","19":"instock","20":"shipping-taxable","21":"purchasable","22":"product-type-variable"},"yoast_head":"<!-- This site is optimized with the Yoast SEO plugin v27.5 - https:\/\/yoast.com\/product\/yoast-seo-wordpress\/ -->\n<title>Subutex Rezept Online | Behandlung Opioidabh\u00e4ngigkeit Chemgramx<\/title>\n<meta name=\"description\" content=\"Subutex kaufen - Zur Behandlung von Opioidabh\u00e4ngigkeit mit Buprenorphin. Legal mit Online-Rezept von zugelassenen \u00c4rzt:innen. Diskret &amp; sicher.\" \/>\n<meta name=\"robots\" content=\"index, follow, max-snippet:-1, max-image-preview:large, max-video-preview:-1\" \/>\n<link rel=\"canonical\" href=\"https:\/\/chemgramx.com\/nl\/produkt-3\/subutex-online-kopen\/\" \/>\n<meta property=\"og:locale\" content=\"nl_BE\" \/>\n<meta property=\"og:type\" content=\"article\" \/>\n<meta property=\"og:title\" content=\"Subutex Rezept Online | Behandlung Opioidabh\u00e4ngigkeit Chemgramx\" \/>\n<meta property=\"og:description\" content=\"Subutex kaufen - Zur Behandlung von Opioidabh\u00e4ngigkeit mit Buprenorphin. Legal mit Online-Rezept von zugelassenen \u00c4rzt:innen. Diskret &amp; sicher.\" \/>\n<meta property=\"og:url\" content=\"https:\/\/chemgramx.com\/nl\/produkt-3\/subutex-online-kopen\/\" \/>\n<meta property=\"og:site_name\" content=\"Chemgramx\" \/>\n<meta property=\"article:modified_time\" content=\"2025-11-21T11:24:42+00:00\" \/>\n<meta property=\"og:image\" content=\"https:\/\/chemgramx.com\/wp-content\/uploads\/2025\/11\/subutex.jpeg\" \/>\n\t<meta property=\"og:image:width\" content=\"600\" \/>\n\t<meta property=\"og:image:height\" content=\"469\" \/>\n\t<meta property=\"og:image:type\" content=\"image\/jpeg\" \/>\n<meta name=\"twitter:card\" content=\"summary_large_image\" \/>\n<meta name=\"twitter:label1\" content=\"Geschatte leestijd\" \/>\n\t<meta name=\"twitter:data1\" content=\"5 minuten\" \/>\n<script type=\"application\/ld+json\" class=\"yoast-schema-graph\">{\"@context\":\"https:\\\/\\\/schema.org\",\"@graph\":[{\"@type\":\"WebPage\",\"@id\":\"https:\\\/\\\/chemgramx.com\\\/product\\\/subutex-online-kaufen\\\/\",\"url\":\"https:\\\/\\\/chemgramx.com\\\/product\\\/subutex-online-kaufen\\\/\",\"name\":\"Subutex Rezept Online | Behandlung Opioidabh\u00e4ngigkeit Chemgramx\",\"isPartOf\":{\"@id\":\"https:\\\/\\\/chemgramx.com\\\/#website\"},\"primaryImageOfPage\":{\"@id\":\"https:\\\/\\\/chemgramx.com\\\/product\\\/subutex-online-kaufen\\\/#primaryimage\"},\"image\":{\"@id\":\"https:\\\/\\\/chemgramx.com\\\/product\\\/subutex-online-kaufen\\\/#primaryimage\"},\"thumbnailUrl\":\"https:\\\/\\\/chemgramx.com\\\/wp-content\\\/uploads\\\/2025\\\/11\\\/subutex.jpeg\",\"datePublished\":\"2025-11-21T11:23:56+00:00\",\"dateModified\":\"2025-11-21T11:24:42+00:00\",\"description\":\"Subutex kaufen - Zur Behandlung von Opioidabh\u00e4ngigkeit mit Buprenorphin. Legal mit Online-Rezept von zugelassenen \u00c4rzt:innen. Diskret &amp; sicher.\",\"breadcrumb\":{\"@id\":\"https:\\\/\\\/chemgramx.com\\\/product\\\/subutex-online-kaufen\\\/#breadcrumb\"},\"inLanguage\":\"nl-BE\",\"potentialAction\":[{\"@type\":\"ReadAction\",\"target\":[\"https:\\\/\\\/chemgramx.com\\\/product\\\/subutex-online-kaufen\\\/\"]}]},{\"@type\":\"ImageObject\",\"inLanguage\":\"nl-BE\",\"@id\":\"https:\\\/\\\/chemgramx.com\\\/product\\\/subutex-online-kaufen\\\/#primaryimage\",\"url\":\"https:\\\/\\\/chemgramx.com\\\/wp-content\\\/uploads\\\/2025\\\/11\\\/subutex.jpeg\",\"contentUrl\":\"https:\\\/\\\/chemgramx.com\\\/wp-content\\\/uploads\\\/2025\\\/11\\\/subutex.jpeg\",\"width\":600,\"height\":469},{\"@type\":\"BreadcrumbList\",\"@id\":\"https:\\\/\\\/chemgramx.com\\\/product\\\/subutex-online-kaufen\\\/#breadcrumb\",\"itemListElement\":[{\"@type\":\"ListItem\",\"position\":1,\"name\":\"Home\",\"item\":\"https:\\\/\\\/chemgramx.com\\\/\"},{\"@type\":\"ListItem\",\"position\":2,\"name\":\"Shop\",\"item\":\"https:\\\/\\\/chemgramx.com\\\/shop\\\/\"},{\"@type\":\"ListItem\",\"position\":3,\"name\":\"Subutex Online Kaufen\"}]},{\"@type\":\"WebSite\",\"@id\":\"https:\\\/\\\/chemgramx.com\\\/#website\",\"url\":\"https:\\\/\\\/chemgramx.com\\\/\",\"name\":\"Chemgramx\",\"description\":\"\",\"publisher\":{\"@id\":\"https:\\\/\\\/chemgramx.com\\\/#organization\"},\"potentialAction\":[{\"@type\":\"SearchAction\",\"target\":{\"@type\":\"EntryPoint\",\"urlTemplate\":\"https:\\\/\\\/chemgramx.com\\\/?s={search_term_string}\"},\"query-input\":{\"@type\":\"PropertyValueSpecification\",\"valueRequired\":true,\"valueName\":\"search_term_string\"}}],\"inLanguage\":\"nl-BE\"},{\"@type\":\"Organization\",\"@id\":\"https:\\\/\\\/chemgramx.com\\\/#organization\",\"name\":\"Chemgramx\",\"url\":\"https:\\\/\\\/chemgramx.com\\\/\",\"logo\":{\"@type\":\"ImageObject\",\"inLanguage\":\"nl-BE\",\"@id\":\"https:\\\/\\\/chemgramx.com\\\/#\\\/schema\\\/logo\\\/image\\\/\",\"url\":\"https:\\\/\\\/chemgramx.com\\\/wp-content\\\/uploads\\\/2024\\\/10\\\/final-logo.png\",\"contentUrl\":\"https:\\\/\\\/chemgramx.com\\\/wp-content\\\/uploads\\\/2024\\\/10\\\/final-logo.png\",\"width\":250,\"height\":48,\"caption\":\"Chemgramx\"},\"image\":{\"@id\":\"https:\\\/\\\/chemgramx.com\\\/#\\\/schema\\\/logo\\\/image\\\/\"}}]}<\/script>\n<!-- \/ Yoast SEO plugin. -->","yoast_head_json":{"title":"Subutex recept online | Behandeling van opio\u00efdenverslaving Chemgramx","description":"Subutex kaufen - Zur Behandlung von Opioidabh\u00e4ngigkeit mit Buprenorphin. Legal mit Online-Rezept von zugelassenen \u00c4rzt:innen. Diskret &amp; sicher.","robots":{"index":"index","follow":"follow","max-snippet":"max-snippet:-1","max-image-preview":"max-image-preview:large","max-video-preview":"max-video-preview:-1"},"canonical":"https:\/\/chemgramx.com\/nl\/produkt-3\/subutex-online-kopen\/","og_locale":"nl_BE","og_type":"article","og_title":"Subutex Rezept Online | Behandlung Opioidabh\u00e4ngigkeit Chemgramx","og_description":"Subutex kaufen - Zur Behandlung von Opioidabh\u00e4ngigkeit mit Buprenorphin. Legal mit Online-Rezept von zugelassenen \u00c4rzt:innen. Diskret &amp; sicher.","og_url":"https:\/\/chemgramx.com\/nl\/produkt-3\/subutex-online-kopen\/","og_site_name":"Chemgramx","article_modified_time":"2025-11-21T11:24:42+00:00","og_image":[{"width":600,"height":469,"url":"https:\/\/chemgramx.com\/wp-content\/uploads\/2025\/11\/subutex.jpeg","type":"image\/jpeg"}],"twitter_card":"summary_large_image","twitter_misc":{"Geschatte leestijd":"5 minuten"},"schema":{"@context":"https:\/\/schema.org","@graph":[{"@type":"WebPage","@id":"https:\/\/chemgramx.com\/product\/subutex-online-kaufen\/","url":"https:\/\/chemgramx.com\/product\/subutex-online-kaufen\/","name":"Subutex recept online | Behandeling van opio\u00efdenverslaving Chemgramx","isPartOf":{"@id":"https:\/\/chemgramx.com\/#website"},"primaryImageOfPage":{"@id":"https:\/\/chemgramx.com\/product\/subutex-online-kaufen\/#primaryimage"},"image":{"@id":"https:\/\/chemgramx.com\/product\/subutex-online-kaufen\/#primaryimage"},"thumbnailUrl":"https:\/\/chemgramx.com\/wp-content\/uploads\/2025\/11\/subutex.jpeg","datePublished":"2025-11-21T11:23:56+00:00","dateModified":"2025-11-21T11:24:42+00:00","description":"Subutex kaufen - Zur Behandlung von Opioidabh\u00e4ngigkeit mit Buprenorphin. Legal mit Online-Rezept von zugelassenen \u00c4rzt:innen. Diskret &amp; sicher.","breadcrumb":{"@id":"https:\/\/chemgramx.com\/product\/subutex-online-kaufen\/#breadcrumb"},"inLanguage":"nl-BE","potentialAction":[{"@type":"ReadAction","target":["https:\/\/chemgramx.com\/product\/subutex-online-kaufen\/"]}]},{"@type":"ImageObject","inLanguage":"nl-BE","@id":"https:\/\/chemgramx.com\/product\/subutex-online-kaufen\/#primaryimage","url":"https:\/\/chemgramx.com\/wp-content\/uploads\/2025\/11\/subutex.jpeg","contentUrl":"https:\/\/chemgramx.com\/wp-content\/uploads\/2025\/11\/subutex.jpeg","width":600,"height":469},{"@type":"BreadcrumbList","@id":"https:\/\/chemgramx.com\/product\/subutex-online-kaufen\/#breadcrumb","itemListElement":[{"@type":"ListItem","position":1,"name":"Home","item":"https:\/\/chemgramx.com\/"},{"@type":"ListItem","position":2,"name":"Shop","item":"https:\/\/chemgramx.com\/shop\/"},{"@type":"ListItem","position":3,"name":"Subutex Online Kaufen"}]},{"@type":"WebSite","@id":"https:\/\/chemgramx.com\/#website","url":"https:\/\/chemgramx.com\/","name":"Chemgramx","description":"","publisher":{"@id":"https:\/\/chemgramx.com\/#organization"},"potentialAction":[{"@type":"SearchAction","target":{"@type":"EntryPoint","urlTemplate":"https:\/\/chemgramx.com\/?s={search_term_string}"},"query-input":{"@type":"PropertyValueSpecification","valueRequired":true,"valueName":"search_term_string"}}],"inLanguage":"nl-BE"},{"@type":"Organization","@id":"https:\/\/chemgramx.com\/#organization","name":"Chemgramx","url":"https:\/\/chemgramx.com\/","logo":{"@type":"ImageObject","inLanguage":"nl-BE","@id":"https:\/\/chemgramx.com\/#\/schema\/logo\/image\/","url":"https:\/\/chemgramx.com\/wp-content\/uploads\/2024\/10\/final-logo.png","contentUrl":"https:\/\/chemgramx.com\/wp-content\/uploads\/2024\/10\/final-logo.png","width":250,"height":48,"caption":"Chemgramx"},"image":{"@id":"https:\/\/chemgramx.com\/#\/schema\/logo\/image\/"}}]}},"_links":{"self":[{"href":"https:\/\/chemgramx.com\/nl\/wp-json\/wp\/v2\/product\/7879","targetHints":{"allow":["GET"]}}],"collection":[{"href":"https:\/\/chemgramx.com\/nl\/wp-json\/wp\/v2\/product"}],"about":[{"href":"https:\/\/chemgramx.com\/nl\/wp-json\/wp\/v2\/types\/product"}],"replies":[{"embeddable":true,"href":"https:\/\/chemgramx.com\/nl\/wp-json\/wp\/v2\/comments?post=7879"}],"wp:featuredmedia":[{"embeddable":true,"href":"https:\/\/chemgramx.com\/nl\/wp-json\/wp\/v2\/media\/7884"}],"wp:attachment":[{"href":"https:\/\/chemgramx.com\/nl\/wp-json\/wp\/v2\/media?parent=7879"}],"wp:term":[{"taxonomy":"product_brand","embeddable":true,"href":"https:\/\/chemgramx.com\/nl\/wp-json\/wp\/v2\/product_brand?post=7879"},{"taxonomy":"product_cat","embeddable":true,"href":"https:\/\/chemgramx.com\/nl\/wp-json\/wp\/v2\/product_cat?post=7879"},{"taxonomy":"product_tag","embeddable":true,"href":"https:\/\/chemgramx.com\/nl\/wp-json\/wp\/v2\/product_tag?post=7879"}],"curies":[{"name":"wp","href":"https:\/\/api.w.org\/{rel}","templated":true}]}}