{"id":7987,"date":"2025-11-21T16:44:48","date_gmt":"2025-11-21T16:44:48","guid":{"rendered":"https:\/\/chemgramx.com\/?post_type=product&#038;p=7987"},"modified":"2025-12-10T15:54:22","modified_gmt":"2025-12-10T15:54:22","slug":"gbl-gammabutyrolacton-online-kopen","status":"publish","type":"product","link":"https:\/\/chemgramx.com\/nl\/product\/gbl-gamma-butyrolacton-online-kaufen\/","title":{"rendered":"GBL (gamma-butyrolacton) online kopen"},"content":{"rendered":"<p data-start=\"318\" data-end=\"824\">Wer <a href=\"https:\/\/chemgramx.com\/product\/gbl-gamma-butyrolacton\/\">GBL (gamma-butyrolacton) kopen<\/a> De nadruk moet vooral liggen op geteste kwaliteit. Het kopen van GBL (gamma-butyrolacton) is met name interessant voor onderzoek, chemische studies en industri\u00eble toepassingen. Deze veelzijdige stof wordt vaak gebruikt als voorloper van GHB (gamma-hydroxybutyraat) en staat bekend om zijn sterke oplosmiddelachtige eigenschappen. Zowel in de industri\u00eble als in de wetenschappelijke sector overtuigt GBL door zijn effici\u00ebntie en veelzijdigheid.<\/p>\n<h3 data-start=\"826\" data-end=\"880\">Belangrijke toepassingen van GBL (gamma-butyrolacton)<\/h3>\n<ul data-start=\"882\" data-end=\"1312\">\n<li data-start=\"882\" data-end=\"1054\">\n<p data-start=\"884\" data-end=\"1054\">Oplosmiddelen in de industrie: GBL (gamma-butyrolacton) te koop wordt gebruikt voor reiniging, als verfafbijtmiddel en als oplosmiddel voor verschillende materialen.<\/p>\n<\/li>\n<li data-start=\"1055\" data-end=\"1157\">\n<p data-start=\"1057\" data-end=\"1157\">Voorloper van GHB: In de scheikunde wordt GBL vaak gebruikt als grondstof voor de productie van GHB.<\/p>\n<\/li>\n<li data-start=\"1158\" data-end=\"1312\">\n<p data-start=\"1160\" data-end=\"1312\">Onderzoek en experimenten: Veel wetenschappers en laboratoria gebruiken GBL (gamma-butyrolacton) voor organische syntheses en andere onderzoeksprojecten.<\/p>\n<\/li>\n<\/ul>\n<h3 data-start=\"1314\" data-end=\"1371\">\u00bfPor qu\u00e9 comprar GBL (Gamma-Butirolactona) de ChemGramX?<\/h3>\n<p data-start=\"1373\" data-end=\"1671\">Bij ChemGramX kun je GBL (gamma-butyrolacton) veilig en discreet online kopen. Wij bieden alleen zeer zuivere, in het laboratorium geteste producten die voldoen aan de hoogste kwaliteitsnormen. Als je je afvraagt waar je <a href=\"\/product\/14-butanediol-online-kaufen\/\">GBL<\/a> (gamma-butyrolacton), dan is ChemGramX uw betrouwbare bron.<\/p>\n<p data-start=\"1673\" data-end=\"1720\">Naast geteste kwaliteit profiteert u van:<\/p>\n<ul data-start=\"1721\" data-end=\"1846\">\n<li data-start=\"1721\" data-end=\"1759\">\n<p data-start=\"1723\" data-end=\"1759\">snelle en discrete levering,<\/p>\n<\/li>\n<li data-start=\"1760\" data-end=\"1788\">\n<p data-start=\"1762\" data-end=\"1788\">veilig bestelproces,<\/p>\n<\/li>\n<li data-start=\"1789\" data-end=\"1846\">\n<p data-start=\"1791\" data-end=\"1846\">Producten die voldoen aan internationale normen.<\/p>\n<\/li>\n<\/ul>\n<h3 data-start=\"1848\" data-end=\"1893\">Tips voor het veilig gebruik van GBL<\/h3>\n<ul data-start=\"1895\" data-end=\"2259\">\n<li data-start=\"1895\" data-end=\"1995\">\n<p data-start=\"1897\" data-end=\"1995\">Veilige behandeling: Gebruik GBL alleen in geventileerde ruimtes en met beschermende uitrusting.<\/p>\n<\/li>\n<li data-start=\"1996\" data-end=\"2153\">\n<p data-start=\"1998\" data-end=\"2153\">Verantwoord gebruik: Koop GBL (gamma-butyrolacton) online van een betrouwbare onderzoeksbron voor alleen industri\u00eble of wetenschappelijke doeleinden.<\/p>\n<\/li>\n<li data-start=\"2154\" data-end=\"2259\">\n<p data-start=\"2156\" data-end=\"2259\">Bewaren: Bewaar op een koele en droge plaats om de stabiliteit en zuiverheid te garanderen.<\/p>\n<\/li>\n<\/ul>\n<h3 data-start=\"2261\" data-end=\"2302\">Risico's en wettelijke voorschriften<\/h3>\n<p data-start=\"2304\" data-end=\"2388\">Voordat je xGBL (gamma-butyrolacton) koopt, moet je je bewust zijn van de mogelijke risico's:<\/p>\n<ul data-start=\"2390\" data-end=\"2705\">\n<li data-start=\"2390\" data-end=\"2454\">\n<p data-start=\"2392\" data-end=\"2454\">Huid- en oogirritatie door direct contact of dampen.<\/p>\n<\/li>\n<li data-start=\"2455\" data-end=\"2584\">\n<p data-start=\"2457\" data-end=\"2584\">Risico op misbruik: Omdat GBL ook dient als precursor van GHB, gaat oneigenlijk gebruik gepaard met aanzienlijke risico's.<\/p>\n<\/li>\n<li data-start=\"2585\" data-end=\"2705\">\n<p data-start=\"2587\" data-end=\"2705\">Juridische situatie: GBL is in veel landen onderworpen aan wettelijke beperkingen. Informeer u hierover voordat u bestelt.<\/p>\n<\/li>\n<\/ul>\n<h3 data-start=\"2707\" data-end=\"2735\">Prijs en beschikbaarheid<\/h3>\n<p data-start=\"2737\" data-end=\"2954\">De <a href=\"https:\/\/en.wikipedia.org\/wiki\/%CE%93-Hydroxybutyric_acid\">GBL (gamma-butyrolacton) Prijs<\/a> hangt af van de zuiverheid, de bestelde hoeveelheid en de leverancier. Iedereen die GBL (gamma-butyrolacton) te koop zoekt, moet letten op geverifieerde leveranciers en aanbiedingen zorgvuldig vergelijken.<\/p>\n<h3 data-start=\"2956\" data-end=\"3018\">De beste plaats om GBL (gamma-butyrolacton) online te kopen<\/h3>\n<p data-start=\"3020\" data-end=\"3232\">ChemGramX is de beste plek om GBL (gamma-butyrolacton) online te kopen als het gaat om kwaliteit, veiligheid en discretie. Vertrouw op in het lab geteste producten, eerlijke prijzen en snelle levering.<\/p>\n<p data-start=\"3234\" data-end=\"3369\">Koop GBL (Gamma-Butyrolactone) online van een betrouwbare onderzoeksbron - veilig, betrouwbaar en van de hoogste kwaliteit bij ChemGramX.<\/p>","protected":false},"excerpt":{"rendered":"<p>Wer GBL (Gamma-Butyrolacton) kaufen m\u00f6chte, sollte besonderen Wert auf gepr\u00fcfte Qualit\u00e4t legen. GBL (Gamma-Butyrolacton) kaufen ist vor allem&hellip;<\/p>","protected":false},"featured_media":8029,"comment_status":"open","ping_status":"closed","template":"","meta":{"_joinchat":[]},"product_brand":[],"product_cat":[97],"product_tag":[84,85,74,86,83],"class_list":{"0":"post-7987","1":"product","2":"type-product","3":"status-publish","4":"has-post-thumbnail","6":"product_cat-forschungschemikalien","7":"product_tag-gamma-butyrolacton-bestellen","8":"product_tag-reinigungsmittel-kaufen","9":"product_tag-research-chemical-kaufen","10":"product_tag-die-nach-gbl-suchen","11":"product_tag-gbl-kaufen","13":"first","14":"instock","15":"shipping-taxable","16":"purchasable","17":"product-type-variable"},"yoast_head":"<!-- This site is optimized with the Yoast SEO plugin v27.5 - https:\/\/yoast.com\/product\/yoast-seo-wordpress\/ -->\n<title>GBL (Gamma-Butyrolacton) online kaufen | Chemgramx<\/title>\n<meta name=\"description\" content=\"Kaufen Sie GBL (Gamma-Butyrolacton) bei ChemGramX. Reines, laborgetestetes GBL mit schneller und diskreter Lieferung. Jetzt online bestellen!\" \/>\n<meta name=\"robots\" content=\"index, follow, max-snippet:-1, max-image-preview:large, max-video-preview:-1\" \/>\n<link rel=\"canonical\" href=\"https:\/\/chemgramx.com\/nl\/produkt-3\/gbl-gammabutyrolacton-online-kopen\/\" \/>\n<meta property=\"og:locale\" content=\"nl_BE\" \/>\n<meta property=\"og:type\" content=\"article\" \/>\n<meta property=\"og:title\" content=\"GBL (Gamma-Butyrolacton) online kaufen | Chemgramx\" \/>\n<meta property=\"og:description\" content=\"Kaufen Sie GBL (Gamma-Butyrolacton) bei ChemGramX. Reines, laborgetestetes GBL mit schneller und diskreter Lieferung. Jetzt online bestellen!\" \/>\n<meta property=\"og:url\" content=\"https:\/\/chemgramx.com\/nl\/produkt-3\/gbl-gammabutyrolacton-online-kopen\/\" \/>\n<meta property=\"og:site_name\" content=\"Chemgramx\" \/>\n<meta property=\"article:modified_time\" content=\"2025-12-10T15:54:22+00:00\" \/>\n<meta property=\"og:image\" content=\"https:\/\/chemgramx.com\/wp-content\/uploads\/2025\/11\/GBL-Gamma-Butyrolacton-kaufen.jpg\" \/>\n\t<meta property=\"og:image:width\" content=\"227\" \/>\n\t<meta property=\"og:image:height\" content=\"234\" \/>\n\t<meta property=\"og:image:type\" content=\"image\/jpeg\" \/>\n<meta name=\"twitter:card\" content=\"summary_large_image\" \/>\n<meta name=\"twitter:label1\" content=\"Geschatte leestijd\" \/>\n\t<meta name=\"twitter:data1\" content=\"2 minuten\" \/>\n<script type=\"application\/ld+json\" class=\"yoast-schema-graph\">{\"@context\":\"https:\\\/\\\/schema.org\",\"@graph\":[{\"@type\":\"WebPage\",\"@id\":\"https:\\\/\\\/chemgramx.com\\\/product\\\/gbl-gamma-butyrolacton-online-kaufen\\\/\",\"url\":\"https:\\\/\\\/chemgramx.com\\\/product\\\/gbl-gamma-butyrolacton-online-kaufen\\\/\",\"name\":\"GBL (Gamma-Butyrolacton) online kaufen | Chemgramx\",\"isPartOf\":{\"@id\":\"https:\\\/\\\/chemgramx.com\\\/#website\"},\"primaryImageOfPage\":{\"@id\":\"https:\\\/\\\/chemgramx.com\\\/product\\\/gbl-gamma-butyrolacton-online-kaufen\\\/#primaryimage\"},\"image\":{\"@id\":\"https:\\\/\\\/chemgramx.com\\\/product\\\/gbl-gamma-butyrolacton-online-kaufen\\\/#primaryimage\"},\"thumbnailUrl\":\"https:\\\/\\\/chemgramx.com\\\/wp-content\\\/uploads\\\/2025\\\/11\\\/GBL-Gamma-Butyrolacton-kaufen.jpg\",\"datePublished\":\"2025-11-21T16:44:48+00:00\",\"dateModified\":\"2025-12-10T15:54:22+00:00\",\"description\":\"Kaufen Sie GBL (Gamma-Butyrolacton) bei ChemGramX. Reines, laborgetestetes GBL mit schneller und diskreter Lieferung. Jetzt online bestellen!\",\"breadcrumb\":{\"@id\":\"https:\\\/\\\/chemgramx.com\\\/product\\\/gbl-gamma-butyrolacton-online-kaufen\\\/#breadcrumb\"},\"inLanguage\":\"nl-BE\",\"potentialAction\":[{\"@type\":\"ReadAction\",\"target\":[\"https:\\\/\\\/chemgramx.com\\\/product\\\/gbl-gamma-butyrolacton-online-kaufen\\\/\"]}]},{\"@type\":\"ImageObject\",\"inLanguage\":\"nl-BE\",\"@id\":\"https:\\\/\\\/chemgramx.com\\\/product\\\/gbl-gamma-butyrolacton-online-kaufen\\\/#primaryimage\",\"url\":\"https:\\\/\\\/chemgramx.com\\\/wp-content\\\/uploads\\\/2025\\\/11\\\/GBL-Gamma-Butyrolacton-kaufen.jpg\",\"contentUrl\":\"https:\\\/\\\/chemgramx.com\\\/wp-content\\\/uploads\\\/2025\\\/11\\\/GBL-Gamma-Butyrolacton-kaufen.jpg\",\"width\":227,\"height\":234},{\"@type\":\"BreadcrumbList\",\"@id\":\"https:\\\/\\\/chemgramx.com\\\/product\\\/gbl-gamma-butyrolacton-online-kaufen\\\/#breadcrumb\",\"itemListElement\":[{\"@type\":\"ListItem\",\"position\":1,\"name\":\"Home\",\"item\":\"https:\\\/\\\/chemgramx.com\\\/\"},{\"@type\":\"ListItem\",\"position\":2,\"name\":\"Shop\",\"item\":\"https:\\\/\\\/chemgramx.com\\\/shop\\\/\"},{\"@type\":\"ListItem\",\"position\":3,\"name\":\"GBL (Gamma-Butyrolacton) online kaufen\"}]},{\"@type\":\"WebSite\",\"@id\":\"https:\\\/\\\/chemgramx.com\\\/#website\",\"url\":\"https:\\\/\\\/chemgramx.com\\\/\",\"name\":\"Chemgramx\",\"description\":\"\",\"publisher\":{\"@id\":\"https:\\\/\\\/chemgramx.com\\\/#organization\"},\"potentialAction\":[{\"@type\":\"SearchAction\",\"target\":{\"@type\":\"EntryPoint\",\"urlTemplate\":\"https:\\\/\\\/chemgramx.com\\\/?s={search_term_string}\"},\"query-input\":{\"@type\":\"PropertyValueSpecification\",\"valueRequired\":true,\"valueName\":\"search_term_string\"}}],\"inLanguage\":\"nl-BE\"},{\"@type\":\"Organization\",\"@id\":\"https:\\\/\\\/chemgramx.com\\\/#organization\",\"name\":\"Chemgramx\",\"url\":\"https:\\\/\\\/chemgramx.com\\\/\",\"logo\":{\"@type\":\"ImageObject\",\"inLanguage\":\"nl-BE\",\"@id\":\"https:\\\/\\\/chemgramx.com\\\/#\\\/schema\\\/logo\\\/image\\\/\",\"url\":\"https:\\\/\\\/chemgramx.com\\\/wp-content\\\/uploads\\\/2024\\\/10\\\/final-logo.png\",\"contentUrl\":\"https:\\\/\\\/chemgramx.com\\\/wp-content\\\/uploads\\\/2024\\\/10\\\/final-logo.png\",\"width\":250,\"height\":48,\"caption\":\"Chemgramx\"},\"image\":{\"@id\":\"https:\\\/\\\/chemgramx.com\\\/#\\\/schema\\\/logo\\\/image\\\/\"}}]}<\/script>\n<!-- \/ Yoast SEO plugin. -->","yoast_head_json":{"title":"GBL (gamma-butyrolacton) online kopen | Chemgramx","description":"Koop GBL (gamma-butyrolacton) bij ChemGramX. Zuivere, laboratoriumgeteste GBL met snelle en discrete levering. Bestel nu online!","robots":{"index":"index","follow":"follow","max-snippet":"max-snippet:-1","max-image-preview":"max-image-preview:large","max-video-preview":"max-video-preview:-1"},"canonical":"https:\/\/chemgramx.com\/nl\/produkt-3\/gbl-gammabutyrolacton-online-kopen\/","og_locale":"nl_BE","og_type":"article","og_title":"GBL (Gamma-Butyrolacton) online kaufen | Chemgramx","og_description":"Kaufen Sie GBL (Gamma-Butyrolacton) bei ChemGramX. Reines, laborgetestetes GBL mit schneller und diskreter Lieferung. Jetzt online bestellen!","og_url":"https:\/\/chemgramx.com\/nl\/produkt-3\/gbl-gammabutyrolacton-online-kopen\/","og_site_name":"Chemgramx","article_modified_time":"2025-12-10T15:54:22+00:00","og_image":[{"width":227,"height":234,"url":"https:\/\/chemgramx.com\/wp-content\/uploads\/2025\/11\/GBL-Gamma-Butyrolacton-kaufen.jpg","type":"image\/jpeg"}],"twitter_card":"summary_large_image","twitter_misc":{"Geschatte leestijd":"2 minuten"},"schema":{"@context":"https:\/\/schema.org","@graph":[{"@type":"WebPage","@id":"https:\/\/chemgramx.com\/product\/gbl-gamma-butyrolacton-online-kaufen\/","url":"https:\/\/chemgramx.com\/product\/gbl-gamma-butyrolacton-online-kaufen\/","name":"GBL (gamma-butyrolacton) online kopen | Chemgramx","isPartOf":{"@id":"https:\/\/chemgramx.com\/#website"},"primaryImageOfPage":{"@id":"https:\/\/chemgramx.com\/product\/gbl-gamma-butyrolacton-online-kaufen\/#primaryimage"},"image":{"@id":"https:\/\/chemgramx.com\/product\/gbl-gamma-butyrolacton-online-kaufen\/#primaryimage"},"thumbnailUrl":"https:\/\/chemgramx.com\/wp-content\/uploads\/2025\/11\/GBL-Gamma-Butyrolacton-kaufen.jpg","datePublished":"2025-11-21T16:44:48+00:00","dateModified":"2025-12-10T15:54:22+00:00","description":"Koop GBL (gamma-butyrolacton) bij ChemGramX. Zuivere, laboratoriumgeteste GBL met snelle en discrete levering. Bestel nu online!","breadcrumb":{"@id":"https:\/\/chemgramx.com\/product\/gbl-gamma-butyrolacton-online-kaufen\/#breadcrumb"},"inLanguage":"nl-BE","potentialAction":[{"@type":"ReadAction","target":["https:\/\/chemgramx.com\/product\/gbl-gamma-butyrolacton-online-kaufen\/"]}]},{"@type":"ImageObject","inLanguage":"nl-BE","@id":"https:\/\/chemgramx.com\/product\/gbl-gamma-butyrolacton-online-kaufen\/#primaryimage","url":"https:\/\/chemgramx.com\/wp-content\/uploads\/2025\/11\/GBL-Gamma-Butyrolacton-kaufen.jpg","contentUrl":"https:\/\/chemgramx.com\/wp-content\/uploads\/2025\/11\/GBL-Gamma-Butyrolacton-kaufen.jpg","width":227,"height":234},{"@type":"BreadcrumbList","@id":"https:\/\/chemgramx.com\/product\/gbl-gamma-butyrolacton-online-kaufen\/#breadcrumb","itemListElement":[{"@type":"ListItem","position":1,"name":"Home","item":"https:\/\/chemgramx.com\/"},{"@type":"ListItem","position":2,"name":"Shop","item":"https:\/\/chemgramx.com\/shop\/"},{"@type":"ListItem","position":3,"name":"GBL (Gamma-Butyrolacton) online kaufen"}]},{"@type":"WebSite","@id":"https:\/\/chemgramx.com\/#website","url":"https:\/\/chemgramx.com\/","name":"Chemgramx","description":"","publisher":{"@id":"https:\/\/chemgramx.com\/#organization"},"potentialAction":[{"@type":"SearchAction","target":{"@type":"EntryPoint","urlTemplate":"https:\/\/chemgramx.com\/?s={search_term_string}"},"query-input":{"@type":"PropertyValueSpecification","valueRequired":true,"valueName":"search_term_string"}}],"inLanguage":"nl-BE"},{"@type":"Organization","@id":"https:\/\/chemgramx.com\/#organization","name":"Chemgramx","url":"https:\/\/chemgramx.com\/","logo":{"@type":"ImageObject","inLanguage":"nl-BE","@id":"https:\/\/chemgramx.com\/#\/schema\/logo\/image\/","url":"https:\/\/chemgramx.com\/wp-content\/uploads\/2024\/10\/final-logo.png","contentUrl":"https:\/\/chemgramx.com\/wp-content\/uploads\/2024\/10\/final-logo.png","width":250,"height":48,"caption":"Chemgramx"},"image":{"@id":"https:\/\/chemgramx.com\/#\/schema\/logo\/image\/"}}]}},"_links":{"self":[{"href":"https:\/\/chemgramx.com\/nl\/wp-json\/wp\/v2\/product\/7987","targetHints":{"allow":["GET"]}}],"collection":[{"href":"https:\/\/chemgramx.com\/nl\/wp-json\/wp\/v2\/product"}],"about":[{"href":"https:\/\/chemgramx.com\/nl\/wp-json\/wp\/v2\/types\/product"}],"replies":[{"embeddable":true,"href":"https:\/\/chemgramx.com\/nl\/wp-json\/wp\/v2\/comments?post=7987"}],"wp:featuredmedia":[{"embeddable":true,"href":"https:\/\/chemgramx.com\/nl\/wp-json\/wp\/v2\/media\/8029"}],"wp:attachment":[{"href":"https:\/\/chemgramx.com\/nl\/wp-json\/wp\/v2\/media?parent=7987"}],"wp:term":[{"taxonomy":"product_brand","embeddable":true,"href":"https:\/\/chemgramx.com\/nl\/wp-json\/wp\/v2\/product_brand?post=7987"},{"taxonomy":"product_cat","embeddable":true,"href":"https:\/\/chemgramx.com\/nl\/wp-json\/wp\/v2\/product_cat?post=7987"},{"taxonomy":"product_tag","embeddable":true,"href":"https:\/\/chemgramx.com\/nl\/wp-json\/wp\/v2\/product_tag?post=7987"}],"curies":[{"name":"wp","href":"https:\/\/api.w.org\/{rel}","templated":true}]}}