{"id":8722,"date":"2025-12-11T00:49:22","date_gmt":"2025-12-11T00:49:22","guid":{"rendered":"https:\/\/chemgramx.com\/?post_type=product&#038;p=8722"},"modified":"2025-12-11T01:03:57","modified_gmt":"2025-12-11T01:03:57","slug":"changa-dmt-online-bestellen","status":"publish","type":"product","link":"https:\/\/chemgramx.com\/nl\/product\/changa-dmt-online-bestellung\/","title":{"rendered":"Changa DMT online bestellen"},"content":{"rendered":"<p data-start=\"104\" data-end=\"513\"><strong data-start=\"104\" data-end=\"118\">Changa DMT<\/strong> is een krachtig psychedelisch rookmengsel gemaakt van een combinatie van natuurlijke kruiden, <strong data-start=\"216\" data-end=\"243\">Dimethyltryptamine (DMT)<\/strong> en <strong data-start=\"248\" data-end=\"283\">Monoamine oxidase remmers (MAOI)<\/strong> bestaat. Deze unieke verbinding cre\u00ebert een diepgaande, spirituele en transformatieve ervaring die steeds meer aandacht krijgt in modern bewustzijnsonderzoek, studies over sjamanisme en spirituele praktijken.<\/p>\n<p data-start=\"515\" data-end=\"873\">Als u <strong data-start=\"524\" data-end=\"552\">Changa DMT online kopen<\/strong>, krijg je een zorgvuldig samengesteld mengsel dat gewaardeerd wordt om zijn stabiliteit, zuiverheid en consistente werking. Leveranciers die <strong data-start=\"695\" data-end=\"718\">Changa DMT te koop<\/strong> leveren wereldwijd onderzoeksinstituten en spirituele gemeenschappen die betrokken zijn bij onderzoek naar veranderde bewustzijnstoestanden.<\/p>\n<h2 data-start=\"880\" data-end=\"904\">Oorsprong van Changa<\/h2>\n<p data-start=\"906\" data-end=\"1297\">De geschiedenis van <strong data-start=\"925\" data-end=\"935\">Changa<\/strong> dateert uit het begin van de jaren 2000. De Australische etnobotanicus <strong data-start=\"1010\" data-end=\"1027\">Julian Palmer<\/strong> ontwikkelde deze melange tussen 2000 en 2004, ge\u00efnspireerd door het traditionele gebruik van <strong data-start=\"1128\" data-end=\"1141\">Ayahuasca<\/strong>. De naam \u201eChanga\u201c ontstond tijdens een sjamanistische sessie toen Palmer op zoek was naar een geschikte naam voor deze nieuwe vorm van DMT-inname.<\/p>\n<p data-start=\"1299\" data-end=\"1592\">In het midden van de jaren 2000 werd changa een populair middel in Australi\u00eb voor spirituele en andere doeleinden. <a href=\"\/product\/columbia-kokainblocke\/\">artistiek<\/a> kringen. De internationale verspreiding begon rond de <strong data-start=\"1473\" data-end=\"1495\">Boom Festival 2008<\/strong> in Portugal, waar veel van de eerste meldingen van het gebruik buiten Australi\u00eb vandaan kwamen.<\/p>\n<p data-start=\"1594\" data-end=\"1882\">Het doorslaggevende voordeel van Changa ten opzichte van pure DMT ligt in zijn <strong data-start=\"1668\" data-end=\"1694\">gemakkelijk te roken<\/strong> en <strong data-start=\"1699\" data-end=\"1725\">langere werkingsduur<\/strong>. Terwijl DMT-kristallen meestal maar 5-7 minuten werken, kan de Changa-ervaring tussen de 5-7 minuten duren. <strong data-start=\"1810\" data-end=\"1831\">10 en 20 minuten<\/strong> met een soepeler in- en uitstappen.<\/p>\n<h2 data-start=\"1889\" data-end=\"1934\">Chemische en botanische samenstelling<\/h2>\n<p data-start=\"1936\" data-end=\"1995\">Changa bestaat in wezen uit drie hoofdcomponenten:<\/p>\n<ul data-start=\"1997\" data-end=\"2433\">\n<li data-start=\"1997\" data-end=\"2096\">\n<p data-start=\"1999\" data-end=\"2096\"><strong data-start=\"1999\" data-end=\"2027\">DMT (dimethyltryptamine):<\/strong> Het belangrijkste actieve ingredi\u00ebnt dat verantwoordelijk is voor het psychedelische effect.<\/p>\n<\/li>\n<li data-start=\"2097\" data-end=\"2256\">\n<p data-start=\"2099\" data-end=\"2256\"><strong data-start=\"2099\" data-end=\"2134\">MAOI (monoamine oxidase remmers):<\/strong> Verlengt en intensiveert het effect van DMT, meestal van <em data-start=\"2203\" data-end=\"2225\">Banisteriopsis caapi<\/em> of <em data-start=\"2231\" data-end=\"2253\">Passiflora incarnata<\/em>.<\/p>\n<\/li>\n<li data-start=\"2257\" data-end=\"2433\">\n<p data-start=\"2259\" data-end=\"2433\"><strong data-start=\"2259\" data-end=\"2276\">Kruidenbasis:<\/strong> Plantaardige dragermaterialen zoals <em data-start=\"2311\" data-end=\"2320\">Damiana<\/em>, <em data-start=\"2322\" data-end=\"2331\">Mullein<\/em>, <em data-start=\"2333\" data-end=\"2345\">Blauwe lotus<\/em> of <em data-start=\"2351\" data-end=\"2371\">Calea Zacatechichi<\/em>, die de smaak, het aroma en het effect be\u00efnvloeden.<\/p>\n<\/li>\n<\/ul>\n<p data-start=\"2435\" data-end=\"2583\">De concentratie DMT en MAOI kan vari\u00ebren. Traditionele mengsels bevatten meestal 25-50 % DMT, afhankelijk van het gewenste intensiteitsniveau.<\/p>\n<h2 data-start=\"2590\" data-end=\"2615\">Effect en ervaring<\/h2>\n<p data-start=\"2617\" data-end=\"2851\">Het effect van <strong data-start=\"2633\" data-end=\"2647\">Changa DMT<\/strong> meestal optreedt <strong data-start=\"2667\" data-end=\"2697\">binnen <a href=\"\/product\/columbia-kokainblocke\/\">minder<\/a> Seconden<\/strong> na inhalatie en leidt tot een intense psychedelische toestand die wordt gekenmerkt door visuele, emotionele en spirituele diepgang.<\/p>\n<h3 data-start=\"2853\" data-end=\"2876\">Typische effecten:<\/h3>\n<ul data-start=\"2877\" data-end=\"3096\">\n<li data-start=\"2877\" data-end=\"2926\">\n<p data-start=\"2879\" data-end=\"2926\">Diepe visuele patronen en geometrische vormen<\/p>\n<\/li>\n<li data-start=\"2927\" data-end=\"2975\">\n<p data-start=\"2929\" data-end=\"2975\">Gevoel van samensmelten met bewustzijn<\/p>\n<\/li>\n<li data-start=\"2976\" data-end=\"3012\">\n<p data-start=\"2978\" data-end=\"3012\">Opheffing van het ego (\u201eego dood\u201c)<\/p>\n<\/li>\n<li data-start=\"3013\" data-end=\"3050\">\n<p data-start=\"3015\" data-end=\"3050\">Emotionele catharsis en helderheid<\/p>\n<\/li>\n<li data-start=\"3051\" data-end=\"3096\">\n<p data-start=\"3053\" data-end=\"3096\">Spirituele of transcendentale inzichten<\/p>\n<\/li>\n<\/ul>\n<p data-start=\"3098\" data-end=\"3348\">In combinatie met MAO-remmers is het effect zachter en houdt het langer aan dan bij pure DMT. Veel gebruikers melden een <strong data-start=\"3238\" data-end=\"3281\">\u201eopenhartige\u201c en harmonieuze ervaring<\/strong>, die minder abrupt is en een therapeutische resonantie heeft.<\/p>\n<h2 data-start=\"3355\" data-end=\"3386\">Toepassing en vormen van consumptie<\/h2>\n<p data-start=\"3388\" data-end=\"3514\">Changa kan op verschillende manieren worden geconsumeerd, waarbij de meest gebruikelijke methode de <strong data-start=\"3480\" data-end=\"3507\">Roken of verdampen<\/strong> is.<\/p>\n<h3 data-start=\"3516\" data-end=\"3545\">Gebruikelijke consumptiemethoden:<\/h3>\n<ul data-start=\"3546\" data-end=\"3776\">\n<li data-start=\"3546\" data-end=\"3620\">\n<p data-start=\"3548\" data-end=\"3620\"><strong data-start=\"3548\" data-end=\"3569\">Pijp of waterpijp:<\/strong> Klassieke methode met directe blootstelling aan hitte.<\/p>\n<\/li>\n<li data-start=\"3621\" data-end=\"3703\">\n<p data-start=\"3623\" data-end=\"3703\"><strong data-start=\"3623\" data-end=\"3637\">Verdamper:<\/strong> Vooral effectief bij 180-200 \u00b0C voor gelijkmatige verdamping.<\/p>\n<\/li>\n<li data-start=\"3704\" data-end=\"3776\">\n<p data-start=\"3706\" data-end=\"3776\"><strong data-start=\"3706\" data-end=\"3727\">Gewricht of stomp:<\/strong> Mengsel met kruiden voor een langzamere opname.<\/p>\n<\/li>\n<\/ul>\n<p data-start=\"3778\" data-end=\"3921\">Aanbevolen voor een gecontroleerde ervaring, <strong data-start=\"3826\" data-end=\"3848\">Kleine doseringen<\/strong> en een rustige, veilige en respectvolle omgeving te cre\u00ebren.<\/p>\n<h2 data-start=\"4090\" data-end=\"4140\">Changa DMT kopen - Waar je op moet letten<\/h2>\n<p data-start=\"4142\" data-end=\"4373\">Als u <strong data-start=\"4151\" data-end=\"4179\">Changa DMT online kopen<\/strong>, is het cruciaal om <strong data-start=\"4206\" data-end=\"4257\">Zuiverheid, oorsprong en betrouwbaarheid van de leverancier<\/strong> om op te letten. Door de grote vraag zijn er veel inferieure of vervuilde producten op de markt.<\/p>\n<p data-start=\"4375\" data-end=\"4448\">A <strong data-start=\"4379\" data-end=\"4410\">betrouwbare leverancier<\/strong> moeten aan de volgende criteria voldoen:<\/p>\n<ul data-start=\"4449\" data-end=\"4671\">\n<li data-start=\"4449\" data-end=\"4502\">\n<p data-start=\"4451\" data-end=\"4502\">In het laboratorium geteste ingredi\u00ebnten met analysecertificaat<\/p>\n<\/li>\n<li data-start=\"4503\" data-end=\"4567\">\n<p data-start=\"4505\" data-end=\"4567\">Duidelijke vermelding van de samenstelling (verhouding DMT\/MAOI)<\/p>\n<\/li>\n<li data-start=\"4568\" data-end=\"4612\">\n<p data-start=\"4570\" data-end=\"4612\">Discrete, veilige verpakking en verzending<\/p>\n<\/li>\n<li data-start=\"4613\" data-end=\"4671\">\n<p data-start=\"4615\" data-end=\"4671\">Positieve klantbeoordelingen en gedocumenteerde ervaring<\/p>\n<\/li>\n<\/ul>\n<p data-start=\"4673\" data-end=\"4817\">Veel gebruikers die <strong data-start=\"4691\" data-end=\"4714\">Changa DMT te koop<\/strong> Geef de voorkeur aan leveranciers met transparante productiedocumentatie en geteste laboratoriumkwaliteit.<\/p>\n<h2 data-start=\"4824\" data-end=\"4852\">Prijs en beschikbaarheid<\/h2>\n<p data-start=\"4854\" data-end=\"5042\">De <strong data-start=\"4858\" data-end=\"4878\">Changa DMT Prijs<\/strong> varieert afhankelijk van de concentratie, samenstelling en bestelhoeveelheid. Grote hoeveelheden zijn meestal goedkoper per gram, vooral voor <strong data-start=\"5012\" data-end=\"5039\">Groothandelsorders<\/strong>.<\/p>\n<p data-start=\"5044\" data-end=\"5073\">Typische aanbiedingen zijn onder andere:<\/p>\n<ul data-start=\"5074\" data-end=\"5242\">\n<li data-start=\"5074\" data-end=\"5123\">\n<p data-start=\"5076\" data-end=\"5123\"><strong data-start=\"5076\" data-end=\"5083\">1 g<\/strong> - Voor individueel onderzoek of microtesten<\/p>\n<\/li>\n<li data-start=\"5124\" data-end=\"5172\">\n<p data-start=\"5126\" data-end=\"5172\"><strong data-start=\"5126\" data-end=\"5133\">5 g<\/strong> - Standaardhoeveelheid voor onderzoeksreeksen<\/p>\n<\/li>\n<li data-start=\"5173\" data-end=\"5242\">\n<p data-start=\"5175\" data-end=\"5242\"><strong data-start=\"5175\" data-end=\"5193\">10 g of meer<\/strong> - Voor academische en etnobotanische projecten<\/p>\n<\/li>\n<\/ul>\n<p data-start=\"5244\" data-end=\"5384\">Gerenommeerde dealers bieden <strong data-start=\"5267\" data-end=\"5288\">discrete verzending<\/strong> binnen 1-3 werkdagen, meestal met neutrale verpakking en optionele expreslevering.<\/p>\n<h2 data-start=\"5391\" data-end=\"5415\">Juridische kennisgeving<\/h2>\n<p data-start=\"5417\" data-end=\"5635\">De juridische status van <strong data-start=\"5443\" data-end=\"5457\">Changa DMT<\/strong> varieert wereldwijd. In Duitsland, Oostenrijk en Zwitserland is de <strong data-start=\"5526\" data-end=\"5533\">DMT<\/strong> onder de <strong data-start=\"5544\" data-end=\"5577\">Wet verdovende middelen (BtMG)<\/strong> en is daarom <strong data-start=\"5592\" data-end=\"5632\">niet legaal voor consumptie of distributie<\/strong>.<\/p>\n<p data-start=\"5637\" data-end=\"5850\">De hier beschreven informatie dient uitsluitend <strong data-start=\"5696\" data-end=\"5767\">wetenschappelijke, etnobotanische en historische documentatie<\/strong>. Elke verwerving of consumptie buiten het wettelijke kader is verboden.<\/p>","protected":false},"excerpt":{"rendered":"<p>Changa DMT is een krachtig, in het laboratorium getest psychedelisch kruidenmengsel van <strong data-start=\"105\" data-end=\"132\" data-is-only-node=\"\">DMT (dimethyltryptamine)<\/strong> en <strong data-start=\"137\" data-end=\"172\">MAOI-bevattende plantenextracten<\/strong>, ontwikkeld voor <strong data-start=\"189\" data-end=\"230\">Onderzoek en etnobotanische studies<\/strong>. Bekend om hun <strong data-start=\"249\" data-end=\"296\">Intensief effect van 10-20 minuten<\/strong>, Changa biedt een harmonieuze, spiritueel diepgaande ervaring.<\/p>","protected":false},"featured_media":8752,"comment_status":"open","ping_status":"closed","template":"","meta":{"_joinchat":[]},"product_brand":[],"product_cat":[54],"product_tag":[],"class_list":{"0":"post-8722","1":"product","2":"type-product","3":"status-publish","4":"has-post-thumbnail","6":"product_cat-tryptamines","8":"first","9":"instock","10":"shipping-taxable","11":"purchasable","12":"product-type-variable"},"yoast_head":"<!-- This site is optimized with the Yoast SEO plugin v27.5 - https:\/\/yoast.com\/product\/yoast-seo-wordpress\/ -->\n<title>Changa DMT Online-Bestellung - Chemgramx<\/title>\n<meta name=\"description\" content=\"Changa DMT ist eine kraftvolle, laborgepr\u00fcfte psychedelische Kr\u00e4utermischung aus DMT (Dimethyltryptamin) und MAOI-haltigen Pflanzenextrakten, entwickelt f\u00fcr Forschung und ethnobotanische Studien.\" \/>\n<meta name=\"robots\" content=\"index, follow, max-snippet:-1, max-image-preview:large, max-video-preview:-1\" \/>\n<link rel=\"canonical\" href=\"https:\/\/chemgramx.com\/nl\/produkt-3\/changa-dmt-online-bestellen\/\" \/>\n<meta property=\"og:locale\" content=\"nl_BE\" \/>\n<meta property=\"og:type\" content=\"article\" \/>\n<meta property=\"og:title\" content=\"Changa DMT Online-Bestellung - Chemgramx\" \/>\n<meta property=\"og:description\" content=\"Changa DMT ist eine kraftvolle, laborgepr\u00fcfte psychedelische Kr\u00e4utermischung aus DMT (Dimethyltryptamin) und MAOI-haltigen Pflanzenextrakten, entwickelt f\u00fcr Forschung und ethnobotanische Studien.\" \/>\n<meta property=\"og:url\" content=\"https:\/\/chemgramx.com\/nl\/produkt-3\/changa-dmt-online-bestellen\/\" \/>\n<meta property=\"og:site_name\" content=\"Chemgramx\" \/>\n<meta property=\"article:modified_time\" content=\"2025-12-11T01:03:57+00:00\" \/>\n<meta property=\"og:image\" content=\"https:\/\/chemgramx.com\/wp-content\/uploads\/2025\/12\/changa-dmt.webp\" \/>\n\t<meta property=\"og:image:width\" content=\"550\" \/>\n\t<meta property=\"og:image:height\" content=\"707\" \/>\n\t<meta property=\"og:image:type\" content=\"image\/webp\" \/>\n<meta name=\"twitter:card\" content=\"summary_large_image\" \/>\n<meta name=\"twitter:label1\" content=\"Geschatte leestijd\" \/>\n\t<meta name=\"twitter:data1\" content=\"4 minuten\" \/>\n<script type=\"application\/ld+json\" class=\"yoast-schema-graph\">{\"@context\":\"https:\\\/\\\/schema.org\",\"@graph\":[{\"@type\":\"WebPage\",\"@id\":\"https:\\\/\\\/chemgramx.com\\\/product\\\/changa-dmt-online-bestellung\\\/\",\"url\":\"https:\\\/\\\/chemgramx.com\\\/product\\\/changa-dmt-online-bestellung\\\/\",\"name\":\"Changa DMT Online-Bestellung - Chemgramx\",\"isPartOf\":{\"@id\":\"https:\\\/\\\/chemgramx.com\\\/#website\"},\"primaryImageOfPage\":{\"@id\":\"https:\\\/\\\/chemgramx.com\\\/product\\\/changa-dmt-online-bestellung\\\/#primaryimage\"},\"image\":{\"@id\":\"https:\\\/\\\/chemgramx.com\\\/product\\\/changa-dmt-online-bestellung\\\/#primaryimage\"},\"thumbnailUrl\":\"https:\\\/\\\/chemgramx.com\\\/wp-content\\\/uploads\\\/2025\\\/12\\\/changa-dmt.webp\",\"datePublished\":\"2025-12-11T00:49:22+00:00\",\"dateModified\":\"2025-12-11T01:03:57+00:00\",\"description\":\"Changa DMT ist eine kraftvolle, laborgepr\u00fcfte psychedelische Kr\u00e4utermischung aus DMT (Dimethyltryptamin) und MAOI-haltigen Pflanzenextrakten, entwickelt f\u00fcr Forschung und ethnobotanische Studien.\",\"breadcrumb\":{\"@id\":\"https:\\\/\\\/chemgramx.com\\\/product\\\/changa-dmt-online-bestellung\\\/#breadcrumb\"},\"inLanguage\":\"nl-BE\",\"potentialAction\":[{\"@type\":\"ReadAction\",\"target\":[\"https:\\\/\\\/chemgramx.com\\\/product\\\/changa-dmt-online-bestellung\\\/\"]}]},{\"@type\":\"ImageObject\",\"inLanguage\":\"nl-BE\",\"@id\":\"https:\\\/\\\/chemgramx.com\\\/product\\\/changa-dmt-online-bestellung\\\/#primaryimage\",\"url\":\"https:\\\/\\\/chemgramx.com\\\/wp-content\\\/uploads\\\/2025\\\/12\\\/changa-dmt.webp\",\"contentUrl\":\"https:\\\/\\\/chemgramx.com\\\/wp-content\\\/uploads\\\/2025\\\/12\\\/changa-dmt.webp\",\"width\":550,\"height\":707},{\"@type\":\"BreadcrumbList\",\"@id\":\"https:\\\/\\\/chemgramx.com\\\/product\\\/changa-dmt-online-bestellung\\\/#breadcrumb\",\"itemListElement\":[{\"@type\":\"ListItem\",\"position\":1,\"name\":\"Home\",\"item\":\"https:\\\/\\\/chemgramx.com\\\/\"},{\"@type\":\"ListItem\",\"position\":2,\"name\":\"Shop\",\"item\":\"https:\\\/\\\/chemgramx.com\\\/shop\\\/\"},{\"@type\":\"ListItem\",\"position\":3,\"name\":\"Changa DMT Online-Bestellung\"}]},{\"@type\":\"WebSite\",\"@id\":\"https:\\\/\\\/chemgramx.com\\\/#website\",\"url\":\"https:\\\/\\\/chemgramx.com\\\/\",\"name\":\"Chemgramx\",\"description\":\"\",\"publisher\":{\"@id\":\"https:\\\/\\\/chemgramx.com\\\/#organization\"},\"potentialAction\":[{\"@type\":\"SearchAction\",\"target\":{\"@type\":\"EntryPoint\",\"urlTemplate\":\"https:\\\/\\\/chemgramx.com\\\/?s={search_term_string}\"},\"query-input\":{\"@type\":\"PropertyValueSpecification\",\"valueRequired\":true,\"valueName\":\"search_term_string\"}}],\"inLanguage\":\"nl-BE\"},{\"@type\":\"Organization\",\"@id\":\"https:\\\/\\\/chemgramx.com\\\/#organization\",\"name\":\"Chemgramx\",\"url\":\"https:\\\/\\\/chemgramx.com\\\/\",\"logo\":{\"@type\":\"ImageObject\",\"inLanguage\":\"nl-BE\",\"@id\":\"https:\\\/\\\/chemgramx.com\\\/#\\\/schema\\\/logo\\\/image\\\/\",\"url\":\"https:\\\/\\\/chemgramx.com\\\/wp-content\\\/uploads\\\/2024\\\/10\\\/final-logo.png\",\"contentUrl\":\"https:\\\/\\\/chemgramx.com\\\/wp-content\\\/uploads\\\/2024\\\/10\\\/final-logo.png\",\"width\":250,\"height\":48,\"caption\":\"Chemgramx\"},\"image\":{\"@id\":\"https:\\\/\\\/chemgramx.com\\\/#\\\/schema\\\/logo\\\/image\\\/\"}}]}<\/script>\n<!-- \/ Yoast SEO plugin. -->","yoast_head_json":{"title":"Changa DMT online bestellen - Chemgramx","description":"Changa DMT is een krachtig, in het laboratorium getest psychedelisch kruidenmengsel van DMT (dimethyltryptamine) en MAO-houdende plantenextracten, ontwikkeld voor onderzoek en etnobotanische studies.","robots":{"index":"index","follow":"follow","max-snippet":"max-snippet:-1","max-image-preview":"max-image-preview:large","max-video-preview":"max-video-preview:-1"},"canonical":"https:\/\/chemgramx.com\/nl\/produkt-3\/changa-dmt-online-bestellen\/","og_locale":"nl_BE","og_type":"article","og_title":"Changa DMT Online-Bestellung - Chemgramx","og_description":"Changa DMT ist eine kraftvolle, laborgepr\u00fcfte psychedelische Kr\u00e4utermischung aus DMT (Dimethyltryptamin) und MAOI-haltigen Pflanzenextrakten, entwickelt f\u00fcr Forschung und ethnobotanische Studien.","og_url":"https:\/\/chemgramx.com\/nl\/produkt-3\/changa-dmt-online-bestellen\/","og_site_name":"Chemgramx","article_modified_time":"2025-12-11T01:03:57+00:00","og_image":[{"width":550,"height":707,"url":"https:\/\/chemgramx.com\/wp-content\/uploads\/2025\/12\/changa-dmt.webp","type":"image\/webp"}],"twitter_card":"summary_large_image","twitter_misc":{"Geschatte leestijd":"4 minuten"},"schema":{"@context":"https:\/\/schema.org","@graph":[{"@type":"WebPage","@id":"https:\/\/chemgramx.com\/product\/changa-dmt-online-bestellung\/","url":"https:\/\/chemgramx.com\/product\/changa-dmt-online-bestellung\/","name":"Changa DMT online bestellen - Chemgramx","isPartOf":{"@id":"https:\/\/chemgramx.com\/#website"},"primaryImageOfPage":{"@id":"https:\/\/chemgramx.com\/product\/changa-dmt-online-bestellung\/#primaryimage"},"image":{"@id":"https:\/\/chemgramx.com\/product\/changa-dmt-online-bestellung\/#primaryimage"},"thumbnailUrl":"https:\/\/chemgramx.com\/wp-content\/uploads\/2025\/12\/changa-dmt.webp","datePublished":"2025-12-11T00:49:22+00:00","dateModified":"2025-12-11T01:03:57+00:00","description":"Changa DMT is een krachtig, in het laboratorium getest psychedelisch kruidenmengsel van DMT (dimethyltryptamine) en MAO-houdende plantenextracten, ontwikkeld voor onderzoek en etnobotanische studies.","breadcrumb":{"@id":"https:\/\/chemgramx.com\/product\/changa-dmt-online-bestellung\/#breadcrumb"},"inLanguage":"nl-BE","potentialAction":[{"@type":"ReadAction","target":["https:\/\/chemgramx.com\/product\/changa-dmt-online-bestellung\/"]}]},{"@type":"ImageObject","inLanguage":"nl-BE","@id":"https:\/\/chemgramx.com\/product\/changa-dmt-online-bestellung\/#primaryimage","url":"https:\/\/chemgramx.com\/wp-content\/uploads\/2025\/12\/changa-dmt.webp","contentUrl":"https:\/\/chemgramx.com\/wp-content\/uploads\/2025\/12\/changa-dmt.webp","width":550,"height":707},{"@type":"BreadcrumbList","@id":"https:\/\/chemgramx.com\/product\/changa-dmt-online-bestellung\/#breadcrumb","itemListElement":[{"@type":"ListItem","position":1,"name":"Home","item":"https:\/\/chemgramx.com\/"},{"@type":"ListItem","position":2,"name":"Shop","item":"https:\/\/chemgramx.com\/shop\/"},{"@type":"ListItem","position":3,"name":"Changa DMT Online-Bestellung"}]},{"@type":"WebSite","@id":"https:\/\/chemgramx.com\/#website","url":"https:\/\/chemgramx.com\/","name":"Chemgramx","description":"","publisher":{"@id":"https:\/\/chemgramx.com\/#organization"},"potentialAction":[{"@type":"SearchAction","target":{"@type":"EntryPoint","urlTemplate":"https:\/\/chemgramx.com\/?s={search_term_string}"},"query-input":{"@type":"PropertyValueSpecification","valueRequired":true,"valueName":"search_term_string"}}],"inLanguage":"nl-BE"},{"@type":"Organization","@id":"https:\/\/chemgramx.com\/#organization","name":"Chemgramx","url":"https:\/\/chemgramx.com\/","logo":{"@type":"ImageObject","inLanguage":"nl-BE","@id":"https:\/\/chemgramx.com\/#\/schema\/logo\/image\/","url":"https:\/\/chemgramx.com\/wp-content\/uploads\/2024\/10\/final-logo.png","contentUrl":"https:\/\/chemgramx.com\/wp-content\/uploads\/2024\/10\/final-logo.png","width":250,"height":48,"caption":"Chemgramx"},"image":{"@id":"https:\/\/chemgramx.com\/#\/schema\/logo\/image\/"}}]}},"_links":{"self":[{"href":"https:\/\/chemgramx.com\/nl\/wp-json\/wp\/v2\/product\/8722","targetHints":{"allow":["GET"]}}],"collection":[{"href":"https:\/\/chemgramx.com\/nl\/wp-json\/wp\/v2\/product"}],"about":[{"href":"https:\/\/chemgramx.com\/nl\/wp-json\/wp\/v2\/types\/product"}],"replies":[{"embeddable":true,"href":"https:\/\/chemgramx.com\/nl\/wp-json\/wp\/v2\/comments?post=8722"}],"wp:featuredmedia":[{"embeddable":true,"href":"https:\/\/chemgramx.com\/nl\/wp-json\/wp\/v2\/media\/8752"}],"wp:attachment":[{"href":"https:\/\/chemgramx.com\/nl\/wp-json\/wp\/v2\/media?parent=8722"}],"wp:term":[{"taxonomy":"product_brand","embeddable":true,"href":"https:\/\/chemgramx.com\/nl\/wp-json\/wp\/v2\/product_brand?post=8722"},{"taxonomy":"product_cat","embeddable":true,"href":"https:\/\/chemgramx.com\/nl\/wp-json\/wp\/v2\/product_cat?post=8722"},{"taxonomy":"product_tag","embeddable":true,"href":"https:\/\/chemgramx.com\/nl\/wp-json\/wp\/v2\/product_tag?post=8722"}],"curies":[{"name":"wp","href":"https:\/\/api.w.org\/{rel}","templated":true}]}}