{"id":8776,"date":"2025-12-11T01:04:42","date_gmt":"2025-12-11T01:04:42","guid":{"rendered":"https:\/\/chemgramx.com\/?post_type=product&#038;p=8776"},"modified":"2025-12-11T01:05:13","modified_gmt":"2025-12-11T01:05:13","slug":"ecpla-l-tartraat-online-bestellen","status":"publish","type":"product","link":"https:\/\/chemgramx.com\/nl\/product\/ecpla-l-tartrate-online-bestellung\/","title":{"rendered":"ECPLA L-tartraat online bestellen"},"content":{"rendered":"<h2 data-start=\"182\" data-end=\"249\">ECPLA L-Tartraat online kopen \u2013 onderzoek van de hoogste kwaliteit<\/h2>\n<p data-start=\"267\" data-end=\"799\">Buy ECPLA L-Tartrate Online wint steeds meer aan belang in wetenschappelijk onderzoek. ECPLA L-Tartrate is een nieuwe psychedelische stof uit de lysergamideklasse, ontwikkeld als structureel analoog van LSD. Met zijn vergelijkbare moleculaire structuur en vergelijkbare eigenschappen wordt <a href=\"https:\/\/chemgramx.com\/product\/ecpla-l-tartrate\/\">ECPLA L-tartraat te koop<\/a> Wordt voornamelijk gebruikt in laboratoria. Het is belangrijk om te weten dat deze stof niet bedoeld is voor menselijke consumptie en alleen mag worden gebruikt in gecontroleerde onderzoeksomgevingen.<\/p>\n<h3 data-start=\"801\" data-end=\"830\">Wat is ECPLA L-tartraat?<\/h3>\n<p data-start=\"831\" data-end=\"1240\"><a href=\"https:\/\/en.wikipedia.org\/wiki\/ECPLA\">ECPLA L-tartraat<\/a> online kopen, ook bekend als lyserzuur N-ethyl-N-cyclopropylamide hemi-L-tartraat, is een synthetisch derivaat van lyserzuur. Het behoort tot de groep van lysergamiden en vertoont structurele overeenkomsten met LSD. De modificaties van de structuur kunnen de farmacologische eigenschappen be\u00efnvloeden. Wetenschappelijke analyses houden zich intensief bezig met deze mechanismen.<\/p>\n<h3 data-start=\"1242\" data-end=\"1285\">Chemische classificatie en vergelijking<\/h3>\n<p data-start=\"1286\" data-end=\"1694\">In vergelijking met klassieke stimulerende middelen zoals amfetaminen behoort ECPLA L-tartraat tot de lysergamide-klasse. Deze stoffen werken voornamelijk in op serotoninereceptoren in de hersenen, met name de 5-HT2A-receptor. Hierdoor kunnen veranderingen in de waarneming optreden. Hoewel de precieze effecten nog niet volledig zijn gedocumenteerd, groeit de belangstelling voor ECPLA L-tartraat voor onderzoek gestaag.<\/p>\n<h3 data-start=\"1696\" data-end=\"1741\">Effecten en voordelen van ECPLA L-tartraat<\/h3>\n<p data-start=\"1742\" data-end=\"1853\">Uit voorlopige rapporten blijkt dat de aankoop van ECPLA L-Tartraat in laboratoriumtests vergelijkbare effecten kan veroorzaken als LSD:<\/p>\n<ul data-start=\"1855\" data-end=\"1952\">\n<li data-start=\"1855\" data-end=\"1892\">\n<p data-start=\"1857\" data-end=\"1892\">veranderde visuele percepties<\/p>\n<\/li>\n<li data-start=\"1893\" data-end=\"1927\">\n<p data-start=\"1895\" data-end=\"1927\">verhoogde zintuiglijke waarnemingen<\/p>\n<\/li>\n<li data-start=\"1928\" data-end=\"1952\">\n<p data-start=\"1930\" data-end=\"1952\">introspectieve samenvatting<\/p>\n<\/li>\n<\/ul>\n<p data-start=\"1954\" data-end=\"2044\">Omdat er geen volledige klinische gegevens beschikbaar zijn, blijft veilige behandeling van cruciaal belang.<\/p>\n<h3 data-start=\"2046\" data-end=\"2086\">Aanbevolen dosering en behandeling<\/h3>\n<p data-start=\"2087\" data-end=\"2324\">De dosering van ECPLA L-tartraat dat te koop is, mag uitsluitend door professionals voor onderzoeksdoeleinden worden bepaald. Poeder en blotter zijn gangbare vormen. Een professionele laboratoriumomgeving en nauwkeurige meetmethoden zijn noodzakelijk.<\/p>\n<h3 data-start=\"2326\" data-end=\"2348\">Duur van de effecten<\/h3>\n<p data-start=\"2349\" data-end=\"2537\">De duur van de effecten is niet uitgebreid gedocumenteerd. Onderzoekers raden herdosering af. In plaats daarvan moet elke toepassing duidelijk worden gedefinieerd en strikt worden gecontroleerd.<\/p>\n<h3 data-start=\"2539\" data-end=\"2580\">Waarom ECPLA L-Tartraat online kopen?<\/h3>\n<p data-start=\"2581\" data-end=\"2631\">Het online kopen van D-Tertylone biedt vele voordelen:<\/p>\n<ul data-start=\"2633\" data-end=\"2895\">\n<li data-start=\"2633\" data-end=\"2699\">\n<p data-start=\"2635\" data-end=\"2699\">Gemakkelijke toegang tot Waar kan men ECPLA L-tartraat kopen? wereldwijd<\/p>\n<\/li>\n<li data-start=\"2700\" data-end=\"2772\">\n<p data-start=\"2702\" data-end=\"2772\">Goedkope ECPLA L-Tartraat prijs vergeleken met lokale bronnen<\/p>\n<\/li>\n<li data-start=\"2773\" data-end=\"2822\">\n<p data-start=\"2775\" data-end=\"2822\">Discrete verpakking en betrouwbare verzending<\/p>\n<\/li>\n<li data-start=\"2823\" data-end=\"2895\">\n<p data-start=\"2825\" data-end=\"2895\">Beschikbaarheid van gespecialiseerde leveranciers die de zuiverheid kunnen bewijzen<\/p>\n<\/li>\n<\/ul>\n<h3 data-start=\"2897\" data-end=\"2917\">Juridische situatie<\/h3>\n<p data-start=\"2918\" data-end=\"3152\">De juridische situatie varieert sterk. Terwijl het in sommige landen als een gereguleerde stof wordt beschouwd, is het in andere landen juridisch niet duidelijk geregeld. Wie ECPLA L-tartraat online wil kopen, moet eerst de lokale wetgeving controleren.<\/p>\n<h3 data-start=\"3154\" data-end=\"3206\">Beste plaatsen om IMPVP online te kopen<\/h3>\n<p data-start=\"3207\" data-end=\"3286\">De beste plek om ECPLA L-Tartraat online te kopen, voldoet aan belangrijke criteria:<\/p>\n<ul data-start=\"3288\" data-end=\"3410\">\n<li data-start=\"3288\" data-end=\"3312\">Gecertificeerde laboratoria<\/li>\n<li data-start=\"3313\" data-end=\"3353\">\n<p data-start=\"3315\" data-end=\"3353\">Transparante veiligheidsinformatiebladen<\/p>\n<\/li>\n<li data-start=\"3354\" data-end=\"3379\">\n<p data-start=\"3356\" data-end=\"3379\">Aantoonbare zuiverheid<\/p>\n<\/li>\n<li data-start=\"3380\" data-end=\"3410\">\n<p data-start=\"3382\" data-end=\"3410\">Positieve klantbeoordelingen<\/p>\n<\/li>\n<\/ul>\n<p data-start=\"3412\" data-end=\"3588\">Leveranciers van onderzoekschemie zoals Biochemal of TeamChemists bieden ECPLA L-tartraat te koop aan in analytische kwaliteit, altijd in overeenstemming met de geldende wetgeving.<\/p>\n<h2 data-start=\"3590\" data-end=\"3600\">Conclusie<\/h2>\n<p data-start=\"3601\" data-end=\"3907\">ECPLA L-tartraat online kopen bij een betrouwbare onderzoeksbron is de beste keuze voor wetenschappers die op zoek zijn naar zuiverheid, veiligheid en betrouwbaarheid. Wie ECPLA L-tartraat online wil kopen, moet uitsluitend vertrouwen op betrouwbare bronnen die transparante kwaliteitsnormen bieden.<\/p>\n<p data-start=\"3909\" data-end=\"4089\">Met een betrouwbare leverancier bent u niet alleen verzekerd van de beste prijs voor ECPLA L-tartraat, maar ook van de zekerheid dat uw onderzoek gebaseerd is op betrouwbaar materiaal.<\/p>","protected":false},"excerpt":{"rendered":"<p><strong>ECPLA L-tartraat<\/strong> is een synthetische onderzoekschemicalie van de <strong>Tryptamine klasse<\/strong>dat vaak wordt onderzocht op zijn potenti\u00eble psychedelische effecten. Het is structureel verwant aan andere serotonerge verbindingen en heeft waarschijnlijk een wisselwerking met <strong>Serotoninereceptoren<\/strong> in de hersenen, wat kan leiden tot veranderde zintuiglijke waarnemingen en emotionele ervaringen. ECPLA L-tartraat is niet toegestaan voor menselijke consumptie en wordt uitsluitend gebruikt in laboratoriumonderzoek.<\/p>","protected":false},"featured_media":8794,"comment_status":"open","ping_status":"closed","template":"","meta":{"_joinchat":[]},"product_brand":[],"product_cat":[56],"product_tag":[2602,2597,2599,2596,2598,2601,2603,2600,2015],"class_list":{"0":"post-8776","1":"product","2":"type-product","3":"status-publish","4":"has-post-thumbnail","6":"product_cat-opioids","7":"product_tag-ecpla-chemikalien","8":"product_tag-ecpla-kaufen","9":"product_tag-ecpla-kristalle","10":"product_tag-ecpla-l-tartrat","11":"product_tag-ecpla-l-tartrate-kaufen","12":"product_tag-ecpla-online-kaufen","13":"product_tag-ecpla-preis","14":"product_tag-l-tartrate-kaufen","15":"product_tag-synthetische-drogen","17":"first","18":"instock","19":"shipping-taxable","20":"purchasable","21":"product-type-variable"},"yoast_head":"<!-- This site is optimized with the Yoast SEO plugin v27.5 - https:\/\/yoast.com\/product\/yoast-seo-wordpress\/ -->\n<title>ECPLA L-Tartrate Kaufen \u2013 H\u00f6chste Qualit\u00e4t | Chemgramx<\/title>\n<meta name=\"description\" content=\"Kaufen Sie ECPLA L-Tartrate Pulver online bei Chemgramx. Laborgepr\u00fcft, \u226599% Reinheit, schnelle Lieferung und faire Preise. Jetzt bestellen!\" \/>\n<meta name=\"robots\" content=\"index, follow, max-snippet:-1, max-image-preview:large, max-video-preview:-1\" \/>\n<link rel=\"canonical\" href=\"https:\/\/chemgramx.com\/nl\/produkt-3\/ecpla-l-tartraat-online-bestellen\/\" \/>\n<meta property=\"og:locale\" content=\"nl_BE\" \/>\n<meta property=\"og:type\" content=\"article\" \/>\n<meta property=\"og:title\" content=\"ECPLA L-Tartrate Kaufen \u2013 H\u00f6chste Qualit\u00e4t | Chemgramx\" \/>\n<meta property=\"og:description\" content=\"Kaufen Sie ECPLA L-Tartrate Pulver online bei Chemgramx. Laborgepr\u00fcft, \u226599% Reinheit, schnelle Lieferung und faire Preise. Jetzt bestellen!\" \/>\n<meta property=\"og:url\" content=\"https:\/\/chemgramx.com\/nl\/produkt-3\/ecpla-l-tartraat-online-bestellen\/\" \/>\n<meta property=\"og:site_name\" content=\"Chemgramx\" \/>\n<meta property=\"article:modified_time\" content=\"2025-12-11T01:05:13+00:00\" \/>\n<meta property=\"og:image\" content=\"https:\/\/chemgramx.com\/wp-content\/uploads\/2025\/12\/Buy-ECPLA-L-tartrate-online.webp\" \/>\n\t<meta property=\"og:image:width\" content=\"800\" \/>\n\t<meta property=\"og:image:height\" content=\"600\" \/>\n\t<meta property=\"og:image:type\" content=\"image\/webp\" \/>\n<meta name=\"twitter:card\" content=\"summary_large_image\" \/>\n<meta name=\"twitter:label1\" content=\"Geschatte leestijd\" \/>\n\t<meta name=\"twitter:data1\" content=\"3 minuten\" \/>\n<script type=\"application\/ld+json\" class=\"yoast-schema-graph\">{\"@context\":\"https:\\\/\\\/schema.org\",\"@graph\":[{\"@type\":\"WebPage\",\"@id\":\"https:\\\/\\\/chemgramx.com\\\/product\\\/ecpla-l-tartrate-online-bestellung\\\/\",\"url\":\"https:\\\/\\\/chemgramx.com\\\/product\\\/ecpla-l-tartrate-online-bestellung\\\/\",\"name\":\"ECPLA L-Tartrate Kaufen \u2013 H\u00f6chste Qualit\u00e4t | Chemgramx\",\"isPartOf\":{\"@id\":\"https:\\\/\\\/chemgramx.com\\\/#website\"},\"primaryImageOfPage\":{\"@id\":\"https:\\\/\\\/chemgramx.com\\\/product\\\/ecpla-l-tartrate-online-bestellung\\\/#primaryimage\"},\"image\":{\"@id\":\"https:\\\/\\\/chemgramx.com\\\/product\\\/ecpla-l-tartrate-online-bestellung\\\/#primaryimage\"},\"thumbnailUrl\":\"https:\\\/\\\/chemgramx.com\\\/wp-content\\\/uploads\\\/2025\\\/12\\\/Buy-ECPLA-L-tartrate-online.webp\",\"datePublished\":\"2025-12-11T01:04:42+00:00\",\"dateModified\":\"2025-12-11T01:05:13+00:00\",\"description\":\"Kaufen Sie ECPLA L-Tartrate Pulver online bei Chemgramx. Laborgepr\u00fcft, \u226599% Reinheit, schnelle Lieferung und faire Preise. Jetzt bestellen!\",\"breadcrumb\":{\"@id\":\"https:\\\/\\\/chemgramx.com\\\/product\\\/ecpla-l-tartrate-online-bestellung\\\/#breadcrumb\"},\"inLanguage\":\"nl-BE\",\"potentialAction\":[{\"@type\":\"ReadAction\",\"target\":[\"https:\\\/\\\/chemgramx.com\\\/product\\\/ecpla-l-tartrate-online-bestellung\\\/\"]}]},{\"@type\":\"ImageObject\",\"inLanguage\":\"nl-BE\",\"@id\":\"https:\\\/\\\/chemgramx.com\\\/product\\\/ecpla-l-tartrate-online-bestellung\\\/#primaryimage\",\"url\":\"https:\\\/\\\/chemgramx.com\\\/wp-content\\\/uploads\\\/2025\\\/12\\\/Buy-ECPLA-L-tartrate-online.webp\",\"contentUrl\":\"https:\\\/\\\/chemgramx.com\\\/wp-content\\\/uploads\\\/2025\\\/12\\\/Buy-ECPLA-L-tartrate-online.webp\",\"width\":800,\"height\":600},{\"@type\":\"BreadcrumbList\",\"@id\":\"https:\\\/\\\/chemgramx.com\\\/product\\\/ecpla-l-tartrate-online-bestellung\\\/#breadcrumb\",\"itemListElement\":[{\"@type\":\"ListItem\",\"position\":1,\"name\":\"Home\",\"item\":\"https:\\\/\\\/chemgramx.com\\\/\"},{\"@type\":\"ListItem\",\"position\":2,\"name\":\"Shop\",\"item\":\"https:\\\/\\\/chemgramx.com\\\/shop\\\/\"},{\"@type\":\"ListItem\",\"position\":3,\"name\":\"ECPLA L-Tartrate Online Bestellung\"}]},{\"@type\":\"WebSite\",\"@id\":\"https:\\\/\\\/chemgramx.com\\\/#website\",\"url\":\"https:\\\/\\\/chemgramx.com\\\/\",\"name\":\"Chemgramx\",\"description\":\"\",\"publisher\":{\"@id\":\"https:\\\/\\\/chemgramx.com\\\/#organization\"},\"potentialAction\":[{\"@type\":\"SearchAction\",\"target\":{\"@type\":\"EntryPoint\",\"urlTemplate\":\"https:\\\/\\\/chemgramx.com\\\/?s={search_term_string}\"},\"query-input\":{\"@type\":\"PropertyValueSpecification\",\"valueRequired\":true,\"valueName\":\"search_term_string\"}}],\"inLanguage\":\"nl-BE\"},{\"@type\":\"Organization\",\"@id\":\"https:\\\/\\\/chemgramx.com\\\/#organization\",\"name\":\"Chemgramx\",\"url\":\"https:\\\/\\\/chemgramx.com\\\/\",\"logo\":{\"@type\":\"ImageObject\",\"inLanguage\":\"nl-BE\",\"@id\":\"https:\\\/\\\/chemgramx.com\\\/#\\\/schema\\\/logo\\\/image\\\/\",\"url\":\"https:\\\/\\\/chemgramx.com\\\/wp-content\\\/uploads\\\/2024\\\/10\\\/final-logo.png\",\"contentUrl\":\"https:\\\/\\\/chemgramx.com\\\/wp-content\\\/uploads\\\/2024\\\/10\\\/final-logo.png\",\"width\":250,\"height\":48,\"caption\":\"Chemgramx\"},\"image\":{\"@id\":\"https:\\\/\\\/chemgramx.com\\\/#\\\/schema\\\/logo\\\/image\\\/\"}}]}<\/script>\n<!-- \/ Yoast SEO plugin. -->","yoast_head_json":{"title":"ECPLA L-Tartraat Kopen \u2013 Hoogste Kwaliteit | Chemgramx","description":"ECPLA L-tartraatpoeder online kopen bij Chemgramx. Laboratoriumgetest, \u226599% zuiverheid, snelle levering en eerlijke prijzen. Bestel nu!","robots":{"index":"index","follow":"follow","max-snippet":"max-snippet:-1","max-image-preview":"max-image-preview:large","max-video-preview":"max-video-preview:-1"},"canonical":"https:\/\/chemgramx.com\/nl\/produkt-3\/ecpla-l-tartraat-online-bestellen\/","og_locale":"nl_BE","og_type":"article","og_title":"ECPLA L-Tartrate Kaufen \u2013 H\u00f6chste Qualit\u00e4t | Chemgramx","og_description":"Kaufen Sie ECPLA L-Tartrate Pulver online bei Chemgramx. Laborgepr\u00fcft, \u226599% Reinheit, schnelle Lieferung und faire Preise. Jetzt bestellen!","og_url":"https:\/\/chemgramx.com\/nl\/produkt-3\/ecpla-l-tartraat-online-bestellen\/","og_site_name":"Chemgramx","article_modified_time":"2025-12-11T01:05:13+00:00","og_image":[{"width":800,"height":600,"url":"https:\/\/chemgramx.com\/wp-content\/uploads\/2025\/12\/Buy-ECPLA-L-tartrate-online.webp","type":"image\/webp"}],"twitter_card":"summary_large_image","twitter_misc":{"Geschatte leestijd":"3 minuten"},"schema":{"@context":"https:\/\/schema.org","@graph":[{"@type":"WebPage","@id":"https:\/\/chemgramx.com\/product\/ecpla-l-tartrate-online-bestellung\/","url":"https:\/\/chemgramx.com\/product\/ecpla-l-tartrate-online-bestellung\/","name":"ECPLA L-Tartraat Kopen \u2013 Hoogste Kwaliteit | Chemgramx","isPartOf":{"@id":"https:\/\/chemgramx.com\/#website"},"primaryImageOfPage":{"@id":"https:\/\/chemgramx.com\/product\/ecpla-l-tartrate-online-bestellung\/#primaryimage"},"image":{"@id":"https:\/\/chemgramx.com\/product\/ecpla-l-tartrate-online-bestellung\/#primaryimage"},"thumbnailUrl":"https:\/\/chemgramx.com\/wp-content\/uploads\/2025\/12\/Buy-ECPLA-L-tartrate-online.webp","datePublished":"2025-12-11T01:04:42+00:00","dateModified":"2025-12-11T01:05:13+00:00","description":"ECPLA L-tartraatpoeder online kopen bij Chemgramx. Laboratoriumgetest, \u226599% zuiverheid, snelle levering en eerlijke prijzen. Bestel nu!","breadcrumb":{"@id":"https:\/\/chemgramx.com\/product\/ecpla-l-tartrate-online-bestellung\/#breadcrumb"},"inLanguage":"nl-BE","potentialAction":[{"@type":"ReadAction","target":["https:\/\/chemgramx.com\/product\/ecpla-l-tartrate-online-bestellung\/"]}]},{"@type":"ImageObject","inLanguage":"nl-BE","@id":"https:\/\/chemgramx.com\/product\/ecpla-l-tartrate-online-bestellung\/#primaryimage","url":"https:\/\/chemgramx.com\/wp-content\/uploads\/2025\/12\/Buy-ECPLA-L-tartrate-online.webp","contentUrl":"https:\/\/chemgramx.com\/wp-content\/uploads\/2025\/12\/Buy-ECPLA-L-tartrate-online.webp","width":800,"height":600},{"@type":"BreadcrumbList","@id":"https:\/\/chemgramx.com\/product\/ecpla-l-tartrate-online-bestellung\/#breadcrumb","itemListElement":[{"@type":"ListItem","position":1,"name":"Home","item":"https:\/\/chemgramx.com\/"},{"@type":"ListItem","position":2,"name":"Shop","item":"https:\/\/chemgramx.com\/shop\/"},{"@type":"ListItem","position":3,"name":"ECPLA L-Tartrate Online Bestellung"}]},{"@type":"WebSite","@id":"https:\/\/chemgramx.com\/#website","url":"https:\/\/chemgramx.com\/","name":"Chemgramx","description":"","publisher":{"@id":"https:\/\/chemgramx.com\/#organization"},"potentialAction":[{"@type":"SearchAction","target":{"@type":"EntryPoint","urlTemplate":"https:\/\/chemgramx.com\/?s={search_term_string}"},"query-input":{"@type":"PropertyValueSpecification","valueRequired":true,"valueName":"search_term_string"}}],"inLanguage":"nl-BE"},{"@type":"Organization","@id":"https:\/\/chemgramx.com\/#organization","name":"Chemgramx","url":"https:\/\/chemgramx.com\/","logo":{"@type":"ImageObject","inLanguage":"nl-BE","@id":"https:\/\/chemgramx.com\/#\/schema\/logo\/image\/","url":"https:\/\/chemgramx.com\/wp-content\/uploads\/2024\/10\/final-logo.png","contentUrl":"https:\/\/chemgramx.com\/wp-content\/uploads\/2024\/10\/final-logo.png","width":250,"height":48,"caption":"Chemgramx"},"image":{"@id":"https:\/\/chemgramx.com\/#\/schema\/logo\/image\/"}}]}},"_links":{"self":[{"href":"https:\/\/chemgramx.com\/nl\/wp-json\/wp\/v2\/product\/8776","targetHints":{"allow":["GET"]}}],"collection":[{"href":"https:\/\/chemgramx.com\/nl\/wp-json\/wp\/v2\/product"}],"about":[{"href":"https:\/\/chemgramx.com\/nl\/wp-json\/wp\/v2\/types\/product"}],"replies":[{"embeddable":true,"href":"https:\/\/chemgramx.com\/nl\/wp-json\/wp\/v2\/comments?post=8776"}],"wp:featuredmedia":[{"embeddable":true,"href":"https:\/\/chemgramx.com\/nl\/wp-json\/wp\/v2\/media\/8794"}],"wp:attachment":[{"href":"https:\/\/chemgramx.com\/nl\/wp-json\/wp\/v2\/media?parent=8776"}],"wp:term":[{"taxonomy":"product_brand","embeddable":true,"href":"https:\/\/chemgramx.com\/nl\/wp-json\/wp\/v2\/product_brand?post=8776"},{"taxonomy":"product_cat","embeddable":true,"href":"https:\/\/chemgramx.com\/nl\/wp-json\/wp\/v2\/product_cat?post=8776"},{"taxonomy":"product_tag","embeddable":true,"href":"https:\/\/chemgramx.com\/nl\/wp-json\/wp\/v2\/product_tag?post=8776"}],"curies":[{"name":"wp","href":"https:\/\/api.w.org\/{rel}","templated":true}]}}