{"id":6419,"date":"2025-11-21T11:05:19","date_gmt":"2025-11-21T11:05:19","guid":{"rendered":"https:\/\/chemgramx.com\/?post_type=product&#038;p=6419"},"modified":"2025-11-21T11:06:13","modified_gmt":"2025-11-21T11:06:13","slug":"kup-5-meo-dalt-hcl","status":"publish","type":"product","link":"https:\/\/chemgramx.com\/pl\/product\/5-meo-dalt-hcl-kaufen\/","title":{"rendered":"Kup 5-MeO-DALT HCl"},"content":{"rendered":"<p>Potrzeba precyzyjnych odczynnik\u00f3w o wysokiej czysto\u015bci ma ogromne znaczenie dla wiarygodno\u015bci wynik\u00f3w bada\u0144 molekularnych i chemicznych. <b>Chlorowodorek 5-MeO-DALT<\/b> jest oferowany jako specjalistyczna substancja chemiczna do bada\u0144 w postaci soli, kt\u00f3ra <b>wy\u0142\u0105cznie<\/b> jest przeznaczony do bada\u0144 analitycznych i naukowych w \u015bci\u015ble kontrolowanych obiektach laboratoryjnych. Nasze zaanga\u017cowanie w wysoki poziom czysto\u015bci zapewnia niezawodno\u015b\u0107 i integralno\u015b\u0107 projekt\u00f3w badawczych w dziedzinie pochodnych tryptaminy, co stanowi podstaw\u0119 ka\u017cdej powa\u017cnej pracy naukowej.<\/p>\n<p>Ze wzgl\u0119du na potencjaln\u0105 reaktywno\u015b\u0107 chemiczn\u0105 i potrzeb\u0119 precyzyjnego obchodzenia si\u0119 z tym materia\u0142em, jest on przeznaczony do u\u017cytku wy\u0142\u0105cznie przez wykwalifikowanych chemik\u00f3w, farmakolog\u00f3w i laboratoria analityczne. Musi by\u0107 u\u017cywany w \u015bcis\u0142ej zgodno\u015bci z obowi\u0105zuj\u0105cymi protoko\u0142ami bezpiecze\u0144stwa i regulacyjnymi. Nale\u017cy to wyra\u017anie zaznaczy\u0107: U\u017cycie do cel\u00f3w konsumenckich lub poza dozwolonymi ramami naukowymi jest surowo zabronione.<\/p>\n<h2>Charakterystyka chemiczna i zalety postaci chlorowodorkowej<\/h2>\n<p>W badaniach chemicznych wyb\u00f3r formy soli jest cz\u0119sto decyduj\u0105cym czynnikiem dla obs\u0142ugi, stabilno\u015bci, a przede wszystkim rozpuszczalno\u015bci zwi\u0105zku. Z <b>5-MeO-DALT<\/b> S\u00f3l chlorowodorkowa oferuje znacz\u0105ce korzy\u015bci w por\u00f3wnaniu z woln\u0105 zasad\u0105, szczeg\u00f3lnie w zastosowaniach wymagaj\u0105cych rozpuszczalnik\u00f3w wodnych lub polarnych. Jest to <b>drobny krystaliczny proszek<\/b>, forma sprzyjaj\u0105ca analizie grawimetrycznej i precyzyjnemu dozowaniu.<\/p>\n<h3>Szczeg\u00f3\u0142owa specyfikacja materia\u0142u badawczego<\/h3>\n<p>Aby u\u0142atwi\u0107 jego wykorzystanie w badaniach ilo\u015bciowych, niezb\u0119dna jest dok\u0142adna charakterystyka chemiczna. Zwi\u0105zek jest dost\u0119pny jako <b>5-metoksy-N,N-<a href=\"\/product\/forbidden-fruit-indica-hybrid-strain-23-26-thc\/\">dimetylotryptamina<\/a> Chlorowodorek<\/b> sklasyfikowane. The <b>Masa cz\u0105steczkowa<\/b> wynosi <span class=\"math-inline\" data-math=\"mathbf{258.76 , g\/mol}\">$mathbf{258.76 , g\/mol}$<\/span>, precyzyjna specyfikacja, kt\u00f3ra jest niezb\u0119dna do wszystkich oblicze\u0144 st\u0119\u017ce\u0144 molowych. S\u00f3l chlorowodorkowa ma <b>dobra rozpuszczalno\u015b\u0107<\/b> w rozpuszczalnikach polarnych, takich jak <b>Woda, metanol i etanol<\/b> na. Ta wysoka hydrofilowo\u015b\u0107 jest krytycznym aspektem dla szybkiego i precyzyjnego przygotowania roztwor\u00f3w wzorcowych i roboczych, wymaganych w testach biologicznych i do kalibracji system\u00f3w chromatograficznych.<\/p>\n<h3>Gwarantowana jako\u015b\u0107 i stabilno\u015b\u0107<\/h3>\n<p>Gwarantujemy analitycznie potwierdzon\u0105 czysto\u015b\u0107 <b><span class=\"math-inline\" data-math=\"ge 97%\">$ge 97%$<\/span><\/b> poprzez kompleksowy zakres analitycznych procedur kontrolnych. Ka\u017cda partia jest analizowana za pomoc\u0105 <b>kompletny certyfikat analizy (CoA)<\/b> kt\u00f3ry podsumowuje wyniki <b>Analizy HPLC i GC\/MS<\/b> co potwierdza czysto\u015b\u0107, to\u017csamo\u015b\u0107 i integralno\u015b\u0107 strukturaln\u0105 zwi\u0105zku ponad wszelk\u0105 w\u0105tpliwo\u015b\u0107. The <b>Sp\u00f3jno\u015b\u0107 partii<\/b> jest zapewniona przez znormalizowane protoko\u0142y produkcji i czyszczenia, co ma kluczowe znaczenie dla odtwarzalno\u015bci bada\u0144 d\u0142ugoterminowych. Jednak\u017ce substancja <b>Wra\u017cliwo\u015b\u0107 na \u015bwiat\u0142o i tlen<\/b>. Chocia\u017c posta\u0107 soli zapewnia lepsz\u0105 stabilno\u015b\u0107 w por\u00f3wnaniu z woln\u0105 zasad\u0105, \u015bcis\u0142e przestrzeganie protoko\u0142\u00f3w ch\u0142odzenia i ochrony przed \u015bwiat\u0142em jest obowi\u0105zkowe, aby unikn\u0105\u0107 degradacji, a tym samym zmniejszenia czysto\u015bci.<\/p>\n<h2>Podstawowe zastosowania badawcze w neurochemii<\/h2>\n<p>5-MeO-DALT HCl s\u0142u\u017cy jako wa\u017cny standard w badaniach nad sposobem dzia\u0142ania metoksy tryptamin w o\u015brodkowym uk\u0142adzie nerwowym oraz w chemii analitycznej. Badania w tym obszarze maj\u0105 na celu rozszyfrowanie molekularnych podstaw dzia\u0142ania tryptaminy.<\/p>\n<h3>Mo\u017cliwe obszary bada\u0144<\/h3>\n<p>Materia\u0142 jest u\u017cywany jako ligand dla <b>Badania nad receptorami serotoniny<\/b> u\u017cywany do <b>Powinowactwo przywi\u0105zania, <a href=\"\/product\/1p-lsd-100mcg-blotters-kaufen\/\">funkcjonalny<\/a> Aktywno\u015b\u0107<\/b> i profil farmakologiczny r\u00f3\u017cnych podtyp\u00f3w. Co wi\u0119cej, jest wa\u017cnym substratem dla <b>Badania nad metabolizmem<\/b>. Badania in vitro identyfikuj\u0105 transformacje enzymatyczne w uk\u0142adach biologicznych. Wynikaj\u0105ce z tego <b>Produkty degradacji<\/b> s\u0105 dla <b>Analiza kryminalistyczna i toksykologiczna<\/b> ma kluczowe znaczenie. W ko\u0144cu proszek o wysokiej czysto\u015bci s\u0142u\u017cy jako <b>standard analityczny<\/b> do kalibracji urz\u0105dze\u0144 HPLC i GC\/MS oraz do opracowywania nowych metod wykrywania w wyja\u015bnianiu struktury.<\/p>\n<h2>Rygorystyczne protoko\u0142y bezpiecze\u0144stwa i wymagania laboratoryjne<\/h2>\n<p>Obs\u0142uga silnych chemikali\u00f3w badawczych wymaga bezkompromisowego bezpiecze\u0144stwa. Personel musi by\u0107 chroniony przez ca\u0142y czas, a \u015brodowisko musi spe\u0142nia\u0107 najwy\u017csze standardy naukowe. Poni\u017csze \u015brodki ostro\u017cno\u015bci s\u0105 obowi\u0105zkowe:<\/p>\n<ul>\n<li>Praca odbywa si\u0119 wy\u0142\u0105cznie w <b>Zgodno\u015b\u0107 z GLP<\/b> dozwolone udogodnienia.<\/li>\n<li>Aby zapobiec nara\u017ceniu, stosowanie <b>Fartuch laboratoryjny, r\u0119kawiczki jednorazowe<\/b> i jeden <b>Okulary ochronne<\/b> obowi\u0105zkowe.<\/li>\n<li>Wa\u017cenie i przygotowanie roztworu proszku wymaga <b>Wystarczaj\u0105ca technologia wentylacji z powietrzem wywiewanym<\/b> (dygestorium chemiczne).<\/li>\n<li>Dost\u0119pny <b>Prysznic do przemywania oczu i bezpiecze\u0144stwa<\/b> jest absolutnie niezb\u0119dna w nag\u0142ych wypadkach.<\/li>\n<\/ul>\n<h2>Optymalne przechowywanie i obchodzenie si\u0119 z sol\u0105 chlorowodorkow\u0105<\/h2>\n<p>Chocia\u017c s\u00f3l chlorowodorkowa ma stosunkowo dobr\u0105 stabilno\u015b\u0107, jej wra\u017cliwo\u015b\u0107 na \u015bwiat\u0142o i wilgo\u0107 wymaga kontrolowanego przechowywania w celu zapewnienia integralno\u015bci chemicznej. Optymalne warunki d\u0142ugotrwa\u0142ego przechowywania to <b><span class=\"math-inline\" data-math=\"mathbf{-20^circ C}\">-20 C<\/span>\u00a0(zamra\u017carka)<\/b>. Aby zapobiec procesom utleniania, substancja musi by\u0107 przechowywana pod <b>Gaz oboj\u0119tny<a href=\"\/product\/alpha-methyltryptamine-amt-kaufen\/\">Atmosfera<\/a><\/b> (argon\/azot) i przechowywane w <b>ciemne pojemniki chronione przed \u015bwiat\u0142em<\/b> by\u0107 przechowywane. Pojemniki musz\u0105 <b>Szczelnie zamkni\u0119te<\/b> i czysty <b>oznaczony<\/b> aby zapewni\u0107 bezpiecze\u0144stwo i integralno\u015b\u0107.<\/p>\n<h2>Wymagania prawne i informacje dotycz\u0105ce zamawiania<\/h2>\n<p>Ta specjalistyczna substancja chemiczna jest dystrybuowana wy\u0142\u0105cznie do zweryfikowanych instytucji naukowych, kt\u00f3re spe\u0142niaj\u0105 rygorystyczne wymagania. Dost\u0119pne ilo\u015bci s\u0105 roz\u0142o\u017cone w czasie, aby zaspokoi\u0107 r\u00f3\u017cne potrzeby badawcze:<\/p>\n<p><strong>Pr\u00f3bka badawcza:<\/strong> 10g;<br \/>\n<strong>Ma\u0142a ilo\u015b\u0107:<\/strong> 25g;<br \/>\n<strong>Standardowa ilo\u015b\u0107:<\/strong> 50g;<br \/>\n<strong>Ilo\u015b\u0107 hurtowa:<\/strong>\u00a0 100g.<\/p>\n<p>Poni\u017csze wydruki pr\u00f3bne s\u0105 obowi\u0105zkowe przed z\u0142o\u017ceniem zam\u00f3wienia:<\/p>\n<ol start=\"1\">\n<li><b>Certyfikat instytutu:<\/b> Dokumentacja instytucji badawczej lub laboratorium.<\/li>\n<li><b>Przeznaczenie:<\/b> Naukowy opis projektu badawczego.<\/li>\n<li><b>Potwierdzenie karty charakterystyki:<\/b> Potwierdzenie znajomo\u015bci i przestrzegania wszystkich protoko\u0142\u00f3w bezpiecze\u0144stwa.<\/li>\n<\/ol>\n<h2>Wa\u017cne informacje i najcz\u0119\u015bciej zadawane pytania dla badaczy<\/h2>\n<p>Tutaj znajdziesz odpowiedzi na najcz\u0119\u015bciej zadawane pytania dotycz\u0105ce obs\u0142ugi produktu:<\/p>\n<ul>\n<li><strong>P: Czy 5-MeO-DALT HCl nadaje si\u0119 do stosowania u ludzi?<\/strong>\n<p>Ten produkt jest przeznaczony wy\u0142\u0105cznie do cel\u00f3w badawczych.<\/li>\n<li><strong>P: Jakie dane analityczne s\u0105 za\u0142\u0105czone?<\/strong>\n<p>O: Ka\u017cda partia zawiera szczeg\u00f3\u0142owe dane HPLC, GC\/MS i NMR oraz pe\u0142ny certyfikat analizy.<\/li>\n<li><strong>P: Czy potrzebuj\u0119 specjalnych warunk\u00f3w przechowywania?<\/strong>\n<p>O: Tak, przechowywanie w ch\u0142odnym, suchym i chronionym przed \u015bwiat\u0142em miejscu jest niezb\u0119dne dla zapewnienia d\u0142ugoterminowej stabilno\u015bci.<\/li>\n<li><strong>P: W jaki spos\u00f3b kontrolowana jest jako\u015b\u0107?<\/strong>\n<p>O: Poprzez wieloetapowe procedury kontroli analitycznej w niezale\u017cnych laboratoriach.<\/li>\n<li><strong>P: Czy wysy\u0142ka jest dyskretna?<\/strong>\n<p>O: Tak, w neutralnym opakowaniu laboratoryjnym bez zewn\u0119trznego oznakowania.<\/li>\n<\/ul>\n<h2>Nota prawna - \u015bcis\u0142e przestrzeganie przepis\u00f3w<\/h2>\n<p>Ten produkt jest <b>wy\u0142\u0105cznie do cel\u00f3w badawczych<\/b> w instytucjach naukowych. Kupuj\u0105cy potwierdza poprzez zakup: wykorzystanie wy\u0142\u0105cznie w <b>\u015brodowiska bada\u0144 prawnych<\/b>kt\u00f3ry <b>Zgodno\u015b\u0107 ze wszystkimi lokalnymi przepisami i regulacjami<\/b>kt\u00f3ry <b>Wdro\u017cenie odpowiednich \u015brodk\u00f3w bezpiecze\u0144stwa<\/b> i <b>Zakaz nieautoryzowanego u\u017cytkowania<\/b>.<\/p>","protected":false},"excerpt":{"rendered":"<p>Kup 5-MeO-DALT HCl: Substancja chemiczna o wysokiej czysto\u015bci w postaci chlorowodorku. Wy\u0142\u0105cznie do cel\u00f3w bada\u0144 naukowych w \u015brodowiskach laboratoryjnych. Jako\u015b\u0107 testowana laboratoryjnie z certyfikatem analizy.<\/p>","protected":false},"featured_media":6449,"comment_status":"open","ping_status":"closed","template":"","meta":{"_joinchat":[]},"product_brand":[],"product_cat":[54],"product_tag":[3100,3076,2907,3080,2917,3079,3077,3078,3074,3075],"class_list":{"0":"post-6419","1":"product","2":"type-product","3":"status-publish","4":"has-post-thumbnail","6":"product_cat-tryptamines","7":"product_tag-5-meo-dalt-hcl","8":"product_tag-analytische-chemie","9":"product_tag-forschungschemikalie","10":"product_tag-hydrochlorid","11":"product_tag-laborchemikalie","12":"product_tag-laborqualitaet","13":"product_tag-pharmakologische-studie","14":"product_tag-reinstoff","15":"product_tag-research-chemical","16":"product_tag-wissenschaftliche-forschung","18":"first","19":"instock","20":"shipping-taxable","21":"purchasable","22":"product-type-variable"},"yoast_head":"<!-- This site is optimized with the Yoast SEO plugin v27.5 - https:\/\/yoast.com\/product\/yoast-seo-wordpress\/ -->\n<title>5-MeO-DALT HCl Kaufen | Research Chemical | Laborqualit\u00e4t Chemgramx<\/title>\n<meta name=\"description\" content=\"5-MeO-DALT HCl kaufen - Hochreine Forschungschemikalie f\u00fcr wissenschaftliche Zwecke. Laborgepr\u00fcfte Qualit\u00e4t, diskret &amp; sicher. Nur f\u00fcr Forschungszwecke.\" \/>\n<meta name=\"robots\" content=\"index, follow, max-snippet:-1, max-image-preview:large, max-video-preview:-1\" \/>\n<link rel=\"canonical\" href=\"https:\/\/chemgramx.com\/pl\/produkt-1\/kup-5-meo-dalt-hcl\/\" \/>\n<meta property=\"og:locale\" content=\"pl_PL\" \/>\n<meta property=\"og:type\" content=\"article\" \/>\n<meta property=\"og:title\" content=\"5-MeO-DALT HCl Kaufen | Research Chemical | Laborqualit\u00e4t Chemgramx\" \/>\n<meta property=\"og:description\" content=\"5-MeO-DALT HCl kaufen - Hochreine Forschungschemikalie f\u00fcr wissenschaftliche Zwecke. Laborgepr\u00fcfte Qualit\u00e4t, diskret &amp; sicher. Nur f\u00fcr Forschungszwecke.\" \/>\n<meta property=\"og:url\" content=\"https:\/\/chemgramx.com\/pl\/produkt-1\/kup-5-meo-dalt-hcl\/\" \/>\n<meta property=\"og:site_name\" content=\"Chemgramx\" \/>\n<meta property=\"article:modified_time\" content=\"2025-11-21T11:06:13+00:00\" \/>\n<meta property=\"og:image\" content=\"https:\/\/chemgramx.com\/wp-content\/uploads\/2025\/11\/5-meo-dalt-hcl-chem-store-online.png\" \/>\n\t<meta property=\"og:image:width\" content=\"491\" \/>\n\t<meta property=\"og:image:height\" content=\"446\" \/>\n\t<meta property=\"og:image:type\" content=\"image\/png\" \/>\n<meta name=\"twitter:card\" content=\"summary_large_image\" \/>\n<meta name=\"twitter:label1\" content=\"Szacowany czas czytania\" \/>\n\t<meta name=\"twitter:data1\" content=\"4 minuty\" \/>\n<script type=\"application\/ld+json\" class=\"yoast-schema-graph\">{\"@context\":\"https:\\\/\\\/schema.org\",\"@graph\":[{\"@type\":\"WebPage\",\"@id\":\"https:\\\/\\\/chemgramx.com\\\/product\\\/5-meo-dalt-hcl-kaufen\\\/\",\"url\":\"https:\\\/\\\/chemgramx.com\\\/product\\\/5-meo-dalt-hcl-kaufen\\\/\",\"name\":\"5-MeO-DALT HCl Kaufen | Research Chemical | Laborqualit\u00e4t Chemgramx\",\"isPartOf\":{\"@id\":\"https:\\\/\\\/chemgramx.com\\\/#website\"},\"primaryImageOfPage\":{\"@id\":\"https:\\\/\\\/chemgramx.com\\\/product\\\/5-meo-dalt-hcl-kaufen\\\/#primaryimage\"},\"image\":{\"@id\":\"https:\\\/\\\/chemgramx.com\\\/product\\\/5-meo-dalt-hcl-kaufen\\\/#primaryimage\"},\"thumbnailUrl\":\"https:\\\/\\\/chemgramx.com\\\/wp-content\\\/uploads\\\/2025\\\/11\\\/5-meo-dalt-hcl-chem-store-online.png\",\"datePublished\":\"2025-11-21T11:05:19+00:00\",\"dateModified\":\"2025-11-21T11:06:13+00:00\",\"description\":\"5-MeO-DALT HCl kaufen - Hochreine Forschungschemikalie f\u00fcr wissenschaftliche Zwecke. Laborgepr\u00fcfte Qualit\u00e4t, diskret &amp; sicher. Nur f\u00fcr Forschungszwecke.\",\"breadcrumb\":{\"@id\":\"https:\\\/\\\/chemgramx.com\\\/product\\\/5-meo-dalt-hcl-kaufen\\\/#breadcrumb\"},\"inLanguage\":\"pl-PL\",\"potentialAction\":[{\"@type\":\"ReadAction\",\"target\":[\"https:\\\/\\\/chemgramx.com\\\/product\\\/5-meo-dalt-hcl-kaufen\\\/\"]}]},{\"@type\":\"ImageObject\",\"inLanguage\":\"pl-PL\",\"@id\":\"https:\\\/\\\/chemgramx.com\\\/product\\\/5-meo-dalt-hcl-kaufen\\\/#primaryimage\",\"url\":\"https:\\\/\\\/chemgramx.com\\\/wp-content\\\/uploads\\\/2025\\\/11\\\/5-meo-dalt-hcl-chem-store-online.png\",\"contentUrl\":\"https:\\\/\\\/chemgramx.com\\\/wp-content\\\/uploads\\\/2025\\\/11\\\/5-meo-dalt-hcl-chem-store-online.png\",\"width\":491,\"height\":446},{\"@type\":\"BreadcrumbList\",\"@id\":\"https:\\\/\\\/chemgramx.com\\\/product\\\/5-meo-dalt-hcl-kaufen\\\/#breadcrumb\",\"itemListElement\":[{\"@type\":\"ListItem\",\"position\":1,\"name\":\"Home\",\"item\":\"https:\\\/\\\/chemgramx.com\\\/\"},{\"@type\":\"ListItem\",\"position\":2,\"name\":\"Shop\",\"item\":\"https:\\\/\\\/chemgramx.com\\\/shop\\\/\"},{\"@type\":\"ListItem\",\"position\":3,\"name\":\"5-MeO-DALT HCl kaufen\"}]},{\"@type\":\"WebSite\",\"@id\":\"https:\\\/\\\/chemgramx.com\\\/#website\",\"url\":\"https:\\\/\\\/chemgramx.com\\\/\",\"name\":\"Chemgramx\",\"description\":\"\",\"publisher\":{\"@id\":\"https:\\\/\\\/chemgramx.com\\\/#organization\"},\"potentialAction\":[{\"@type\":\"SearchAction\",\"target\":{\"@type\":\"EntryPoint\",\"urlTemplate\":\"https:\\\/\\\/chemgramx.com\\\/?s={search_term_string}\"},\"query-input\":{\"@type\":\"PropertyValueSpecification\",\"valueRequired\":true,\"valueName\":\"search_term_string\"}}],\"inLanguage\":\"pl-PL\"},{\"@type\":\"Organization\",\"@id\":\"https:\\\/\\\/chemgramx.com\\\/#organization\",\"name\":\"Chemgramx\",\"url\":\"https:\\\/\\\/chemgramx.com\\\/\",\"logo\":{\"@type\":\"ImageObject\",\"inLanguage\":\"pl-PL\",\"@id\":\"https:\\\/\\\/chemgramx.com\\\/#\\\/schema\\\/logo\\\/image\\\/\",\"url\":\"https:\\\/\\\/chemgramx.com\\\/wp-content\\\/uploads\\\/2024\\\/10\\\/final-logo.png\",\"contentUrl\":\"https:\\\/\\\/chemgramx.com\\\/wp-content\\\/uploads\\\/2024\\\/10\\\/final-logo.png\",\"width\":250,\"height\":48,\"caption\":\"Chemgramx\"},\"image\":{\"@id\":\"https:\\\/\\\/chemgramx.com\\\/#\\\/schema\\\/logo\\\/image\\\/\"}}]}<\/script>\n<!-- \/ Yoast SEO plugin. -->","yoast_head_json":{"title":"Kup 5-MeO-DALT HCl | Chemikalia badawcze | Jako\u015b\u0107 laboratoryjna Chemgramx","description":"Kup 5-MeO-DALT HCl - chemikalia badawcze o wysokiej czysto\u015bci do cel\u00f3w naukowych. Jako\u015b\u0107 testowana laboratoryjnie, dyskretna i bezpieczna. Wy\u0142\u0105cznie do u\u017cytku badawczego.","robots":{"index":"index","follow":"follow","max-snippet":"max-snippet:-1","max-image-preview":"max-image-preview:large","max-video-preview":"max-video-preview:-1"},"canonical":"https:\/\/chemgramx.com\/pl\/produkt-1\/kup-5-meo-dalt-hcl\/","og_locale":"pl_PL","og_type":"article","og_title":"5-MeO-DALT HCl Kaufen | Research Chemical | Laborqualit\u00e4t Chemgramx","og_description":"5-MeO-DALT HCl kaufen - Hochreine Forschungschemikalie f\u00fcr wissenschaftliche Zwecke. Laborgepr\u00fcfte Qualit\u00e4t, diskret &amp; sicher. Nur f\u00fcr Forschungszwecke.","og_url":"https:\/\/chemgramx.com\/pl\/produkt-1\/kup-5-meo-dalt-hcl\/","og_site_name":"Chemgramx","article_modified_time":"2025-11-21T11:06:13+00:00","og_image":[{"width":491,"height":446,"url":"https:\/\/chemgramx.com\/wp-content\/uploads\/2025\/11\/5-meo-dalt-hcl-chem-store-online.png","type":"image\/png"}],"twitter_card":"summary_large_image","twitter_misc":{"Szacowany czas czytania":"4 minuty"},"schema":{"@context":"https:\/\/schema.org","@graph":[{"@type":"WebPage","@id":"https:\/\/chemgramx.com\/product\/5-meo-dalt-hcl-kaufen\/","url":"https:\/\/chemgramx.com\/product\/5-meo-dalt-hcl-kaufen\/","name":"Kup 5-MeO-DALT HCl | Chemikalia badawcze | Jako\u015b\u0107 laboratoryjna Chemgramx","isPartOf":{"@id":"https:\/\/chemgramx.com\/#website"},"primaryImageOfPage":{"@id":"https:\/\/chemgramx.com\/product\/5-meo-dalt-hcl-kaufen\/#primaryimage"},"image":{"@id":"https:\/\/chemgramx.com\/product\/5-meo-dalt-hcl-kaufen\/#primaryimage"},"thumbnailUrl":"https:\/\/chemgramx.com\/wp-content\/uploads\/2025\/11\/5-meo-dalt-hcl-chem-store-online.png","datePublished":"2025-11-21T11:05:19+00:00","dateModified":"2025-11-21T11:06:13+00:00","description":"Kup 5-MeO-DALT HCl - chemikalia badawcze o wysokiej czysto\u015bci do cel\u00f3w naukowych. Jako\u015b\u0107 testowana laboratoryjnie, dyskretna i bezpieczna. Wy\u0142\u0105cznie do u\u017cytku badawczego.","breadcrumb":{"@id":"https:\/\/chemgramx.com\/product\/5-meo-dalt-hcl-kaufen\/#breadcrumb"},"inLanguage":"pl-PL","potentialAction":[{"@type":"ReadAction","target":["https:\/\/chemgramx.com\/product\/5-meo-dalt-hcl-kaufen\/"]}]},{"@type":"ImageObject","inLanguage":"pl-PL","@id":"https:\/\/chemgramx.com\/product\/5-meo-dalt-hcl-kaufen\/#primaryimage","url":"https:\/\/chemgramx.com\/wp-content\/uploads\/2025\/11\/5-meo-dalt-hcl-chem-store-online.png","contentUrl":"https:\/\/chemgramx.com\/wp-content\/uploads\/2025\/11\/5-meo-dalt-hcl-chem-store-online.png","width":491,"height":446},{"@type":"BreadcrumbList","@id":"https:\/\/chemgramx.com\/product\/5-meo-dalt-hcl-kaufen\/#breadcrumb","itemListElement":[{"@type":"ListItem","position":1,"name":"Home","item":"https:\/\/chemgramx.com\/"},{"@type":"ListItem","position":2,"name":"Shop","item":"https:\/\/chemgramx.com\/shop\/"},{"@type":"ListItem","position":3,"name":"5-MeO-DALT HCl kaufen"}]},{"@type":"WebSite","@id":"https:\/\/chemgramx.com\/#website","url":"https:\/\/chemgramx.com\/","name":"Chemgramx","description":"","publisher":{"@id":"https:\/\/chemgramx.com\/#organization"},"potentialAction":[{"@type":"SearchAction","target":{"@type":"EntryPoint","urlTemplate":"https:\/\/chemgramx.com\/?s={search_term_string}"},"query-input":{"@type":"PropertyValueSpecification","valueRequired":true,"valueName":"search_term_string"}}],"inLanguage":"pl-PL"},{"@type":"Organization","@id":"https:\/\/chemgramx.com\/#organization","name":"Chemgramx","url":"https:\/\/chemgramx.com\/","logo":{"@type":"ImageObject","inLanguage":"pl-PL","@id":"https:\/\/chemgramx.com\/#\/schema\/logo\/image\/","url":"https:\/\/chemgramx.com\/wp-content\/uploads\/2024\/10\/final-logo.png","contentUrl":"https:\/\/chemgramx.com\/wp-content\/uploads\/2024\/10\/final-logo.png","width":250,"height":48,"caption":"Chemgramx"},"image":{"@id":"https:\/\/chemgramx.com\/#\/schema\/logo\/image\/"}}]}},"_links":{"self":[{"href":"https:\/\/chemgramx.com\/pl\/wp-json\/wp\/v2\/product\/6419","targetHints":{"allow":["GET"]}}],"collection":[{"href":"https:\/\/chemgramx.com\/pl\/wp-json\/wp\/v2\/product"}],"about":[{"href":"https:\/\/chemgramx.com\/pl\/wp-json\/wp\/v2\/types\/product"}],"replies":[{"embeddable":true,"href":"https:\/\/chemgramx.com\/pl\/wp-json\/wp\/v2\/comments?post=6419"}],"wp:featuredmedia":[{"embeddable":true,"href":"https:\/\/chemgramx.com\/pl\/wp-json\/wp\/v2\/media\/6449"}],"wp:attachment":[{"href":"https:\/\/chemgramx.com\/pl\/wp-json\/wp\/v2\/media?parent=6419"}],"wp:term":[{"taxonomy":"product_brand","embeddable":true,"href":"https:\/\/chemgramx.com\/pl\/wp-json\/wp\/v2\/product_brand?post=6419"},{"taxonomy":"product_cat","embeddable":true,"href":"https:\/\/chemgramx.com\/pl\/wp-json\/wp\/v2\/product_cat?post=6419"},{"taxonomy":"product_tag","embeddable":true,"href":"https:\/\/chemgramx.com\/pl\/wp-json\/wp\/v2\/product_tag?post=6419"}],"curies":[{"name":"wp","href":"https:\/\/api.w.org\/{rel}","templated":true}]}}