{"id":6420,"date":"2025-11-21T11:05:19","date_gmt":"2025-11-21T11:05:19","guid":{"rendered":"https:\/\/chemgramx.com\/?post_type=product&#038;p=6420"},"modified":"2025-11-30T16:26:12","modified_gmt":"2025-11-30T16:26:12","slug":"4-kupic-fumaran-aco-det","status":"publish","type":"product","link":"https:\/\/chemgramx.com\/pl\/product\/4-aco-det-fumarate-kaufen\/","title":{"rendered":"Kup fumaran 4-AcO-DET"},"content":{"rendered":"<p>Zapewnienie wysokiej czysto\u015bci pochodnych tryptaminy w stabilnych formach soli jest podstawowym warunkiem wst\u0119pnym do przeprowadzania zatwierdzonych i powtarzalnych eksperyment\u00f3w w <b>Badania neurochemiczne<\/b>. <b>Fumaran 4-AcO-DET<\/b> jest oferowany jako specjalistyczna chemia badawcza, kt\u00f3ra <b>wy\u0142\u0105cznie<\/b> jest przeznaczony do test\u00f3w analitycznych i naukowych w \u015bci\u015ble kontrolowanych warunkach laboratoryjnych. Stabilno\u015b\u0107 chemiczna w <b>Posta\u0107 fumaranu<\/b> gwarantuje wiarygodno\u015b\u0107 i integralno\u015b\u0107 wynik\u00f3w bada\u0144.<\/p>\n<p>Ze wzgl\u0119du na potencjaln\u0105 reaktywno\u015b\u0107 chemiczn\u0105 i potrzeb\u0119 precyzyjnego obchodzenia si\u0119 z tym materia\u0142em, jest on przeznaczony do u\u017cytku wy\u0142\u0105cznie przez wykwalifikowanych chemik\u00f3w, farmakolog\u00f3w i laboratoria analityczne. Musi by\u0107 u\u017cywany w \u015bcis\u0142ej zgodno\u015bci z obowi\u0105zuj\u0105cymi protoko\u0142ami bezpiecze\u0144stwa i prawnymi.<\/p>\n<h2>Charakterystyka chemiczna i zalety formy fumaranu<\/h2>\n<p>W badaniach chemicznych wyb\u00f3r formy soli ma decyduj\u0105ce znaczenie dla stabilno\u015bci i rozpuszczalno\u015bci zwi\u0105zku. S\u00f3l fumaranu oferuje szczeg\u00f3lne korzy\u015bci w por\u00f3wnaniu z woln\u0105 zasad\u0105.<\/p>\n<h3>Szczeg\u00f3\u0142owa specyfikacja materia\u0142u badawczego<\/h3>\n<ul>\n<li><b>Nazwa IUPAC:<\/b> Prawid\u0142owe oznaczenie to <b>Fumaran 4-acetoksy-N,N-dietylotryptaminy<\/b>.<\/li>\n<li><b>Klasyfikacja:<\/b> Jest to pochodna tryptaminy, kt\u00f3ra s\u0142u\u017cy jako obiekt badawczy do badania serotoninergicznych szlak\u00f3w sygnalizacyjnych.<\/li>\n<li><b>Forma:<\/b> Odczynnik jest dost\u0119pny jako <b>krystaliczny proszek<\/b> co u\u0142atwia precyzyjn\u0105 analiz\u0119 grawimetryczn\u0105 i przygotowanie roztwor\u00f3w.<\/li>\n<li><b>Masa cz\u0105steczkowa:<\/b> Dok\u0142adna masa cz\u0105steczkowa to <b>378,43 g\/mol<\/b>. Informacje te s\u0105 niezb\u0119dne dla wszystkich eksperyment\u00f3w ilo\u015bciowych, zw\u0142aszcza do obliczania st\u0119\u017ce\u0144 molowych.<\/li>\n<li><b>Rozpuszczalno\u015b\u0107:<\/b> Fumaran 4-AcO-DET ma nast\u0119puj\u0105ce w\u0142a\u015bciwo\u015bci <b>Umiarkowanie dobra rozpuszczalno\u015b\u0107 w wodzie<\/b> na. Jest to korzystne w przypadku przygotowywania standardowych roztwor\u00f3w stosowanych w biologicznych lub wodnych testach analitycznych.<\/li>\n<\/ul>\n<h3>Gwarantowana jako\u015b\u0107 i stabilno\u015b\u0107<\/h3>\n<p>Gwarantujemy analitycznie potwierdzon\u0105 czysto\u015b\u0107 <b><span class=\"math-inline\" data-math=\"ge 97%\">\u00a097%<\/span><\/b>\u00a0poprzez kompleksowe procedury testowe.<\/p>\n<ul>\n<li><b>Zaleta formy fumaranu:<\/b> S\u00f3l fumaranu oferuje <b>poprawiona stabilno\u015b\u0107 chemiczna i <a href=\"\/product\/1d-lsd-225mcg-pellets-kaufen\/\">Okres trwa\u0142o\u015bci<\/a><\/b> w por\u00f3wnaniu do innych form soli lub wolnej zasady. Ma to kluczowe znaczenie, poniewa\u017c pochodne tryptaminy s\u0105 cz\u0119sto wra\u017cliwe na \u015bwiat\u0142o i tlen.<\/li>\n<li><b>Dokumentacja analityczna:<\/b> Ka\u017cda partia jest oznaczona etykiet\u0105 <b>kompletny certyfikat analizy (CoA)<\/b> kt\u00f3ry podsumowuje wyniki <b><a href=\"\/product\/1d-lsd-150mcg-blotters-kaufen\/\">HPLC<\/a>- i analizy GC\/MS<\/b> aby potwierdzi\u0107 czysto\u015b\u0107 i to\u017csamo\u015b\u0107.<\/li>\n<li><b>Sp\u00f3jno\u015b\u0107 partii:<\/b> Dzi\u0119ki ustandaryzowanym protoko\u0142om syntezy i czyszczenia zapewniamy <b>Sta\u0142a jako\u015b\u0107<\/b> mi\u0119dzy partiami, co ma kluczowe znaczenie dla odtwarzalno\u015bci bada\u0144 d\u0142ugoterminowych.<\/li>\n<li><b>Uwaga dotycz\u0105ca stabilno\u015bci:<\/b> Pomimo stabilizuj\u0105cej formy fumaranu, substancja jest <b>Wra\u017cliwo\u015b\u0107 na \u015bwiat\u0142o i tlen<\/b>. Przestrzeganie \u015bcis\u0142ych protoko\u0142\u00f3w przechowywania jest obowi\u0105zkowe.<\/li>\n<\/ul>\n<h2>Podstawowe zastosowania badawcze w farmakologii<\/h2>\n<p>Fumaran 4-AcO-DET s\u0142u\u017cy jako podstawowy odczynnik w badaniach nad sposobem dzia\u0142ania acetoksy-tryptamin w o\u015brodkowym uk\u0142adzie nerwowym.<\/p>\n<h3>Mo\u017cliwe obszary bada\u0144<\/h3>\n<ul>\n<li><b>Badania receptor\u00f3w i testy farmakologiczne:<\/b> Zwi\u0105zek ten jest stosowany jako ligand dla <b>Badania nad receptorami serotoniny<\/b> w szczeg\u00f3lno\u015bci do okre\u015blenia powinowactwa wi\u0105zania i aktywno\u015bci funkcjonalnej przy <b>Receptor 5-HT2A<\/b>.<\/li>\n<li><b>Badania metabolizmu i analizy \u015bcie\u017cek degradacji:<\/b> Materia\u0142 ten s\u0142u\u017cy jako substrat do badania enzymatycznego rozszczepienia grupy acetoksy do 4-HO-DET (pochodnej hydroksylowej) przez esterazy i dalszego metabolizmu przez inne enzymy.<\/li>\n<li><b>Badania por\u00f3wnawcze:<\/b> Fumaran 4-AcO-DET s\u0142u\u017cy jako punkt odniesienia do badania <b>Zale\u017cno\u015bci struktura-aktywno\u015b\u0107<\/b> (<b>SAR<\/b>) w klasie tryptamin poprzez por\u00f3wnanie jej w\u0142a\u015bciwo\u015bci z w\u0142a\u015bciwo\u015bciami innych N,N-dipodstawionych pochodnych.<\/li>\n<li><b>Wyja\u015bnienie struktury:<\/b> Proszek o wysokiej czysto\u015bci jest u\u017cywany jako <b>standard analityczny<\/b> do kalibracji urz\u0105dze\u0144 HPLC i GC\/MS oraz do opracowywania metod wykrywania w chemii kryminalistycznej.<\/li>\n<\/ul>\n<h2>Rygorystyczne protoko\u0142y bezpiecze\u0144stwa i wymagania laboratoryjne<\/h2>\n<p>Zgodno\u015b\u0107 z wytycznymi dotycz\u0105cymi bezpiecze\u0144stwa jest najwy\u017cszym priorytetem podczas pracy z silnymi chemikaliami badawczymi.<\/p>\n<h3>Niezb\u0119dne \u015brodki ostro\u017cno\u015bci w laboratorium<\/h3>\n<ul>\n<li><b>Standard laboratoryjny:<\/b> Praca odbywa si\u0119 wy\u0142\u0105cznie w <b>Zgodno\u015b\u0107 z GLP (Dobra Praktyka Laboratoryjna)<\/b> dozwolone udogodnienia.<\/li>\n<li><b>\u015arodki ochrony indywidualnej (PPE):<\/b> Aby zapobiec nara\u017ceniu, stosowanie <b>Fartuch laboratoryjny, r\u0119kawiczki jednorazowe<\/b> i jeden <b>Okulary ochronne<\/b> obowi\u0105zkowe.<\/li>\n<li><b>Wentylacja:<\/b> Wa\u017cenie i przygotowywanie roztworu musz\u0105 by\u0107 przeprowadzane w jednym miejscu. <b>Dygestorium chemiczne<\/b> mie\u0107 miejsce.<\/li>\n<li><b>\u015arodki nadzwyczajne:<\/b> Dost\u0119pny <b>Prysznic do przemywania oczu i bezpiecze\u0144stwa<\/b> jest obowi\u0105zkowe.<\/li>\n<\/ul>\n<h2>Optymalne przechowywanie i obs\u0142uga soli fumaranu<\/h2>\n<p>Ze wzgl\u0119du na wra\u017cliwo\u015b\u0107 substancji na \u015bwiat\u0142o i tlen, konieczne jest kontrolowane przechowywanie w celu zapewnienia stabilno\u015bci chemicznej.<\/p>\n<h3>Optymalne warunki przechowywania<\/h3>\n<ul>\n<li><b>Kontrola temperatury:<\/b> Optymalne przechowywanie d\u0142ugoterminowe ma miejsce w <b>-20\u00b0C (zamra\u017carka)<\/b>.<\/li>\n<li><b>Atmosfera:<\/b> Substancja musi by\u0107 obj\u0119ta <b>Atmosfera gazu oboj\u0119tnego<\/b> (<b>Argon\/azot<\/b>), aby zapobiec procesom utleniania.<\/li>\n<li><b>Ochrona przed \u015bwiat\u0142em:<\/b> Materia\u0142 musi <b>Chronione przed \u015bwiat\u0142em<\/b> w <b>ciemne, nieprzezroczyste pojemniki<\/b> by\u0107 przechowywane.<\/li>\n<li><b>Pojemnik:<\/b> Pojemniki musz\u0105 <b>Szczelnie zamkni\u0119te<\/b> i czysty <b>oznaczony<\/b> by\u0107.<\/li>\n<\/ul>\n<h2>Informacje dotycz\u0105ce zamawiania i wymogi prawne<\/h2>\n<p>Ta specjalistyczna substancja chemiczna jest dystrybuowana wy\u0142\u0105cznie do zweryfikowanych instytucji naukowych, kt\u00f3re spe\u0142niaj\u0105 rygorystyczne wymagania.<\/p>\n<h3>Dost\u0119pne ilo\u015bci dla instytucji badawczych<\/h3>\n<ul>\n<li>Pr\u00f3bka badawcza: 10g<\/li>\n<li>Ma\u0142a ilo\u015b\u0107: 25g<\/li>\n<li>Standardowa ilo\u015b\u0107: 50 g<\/li>\n<li>Ilo\u015b\u0107 luzem: 100g<\/li>\n<\/ul>\n<h3>Obowi\u0105zkowe wymogi dotycz\u0105ce zam\u00f3wie\u0144<\/h3>\n<ol start=\"1\">\n<li><b>Certyfikat instytutu:<\/b> Dokumentacja instytucji badawczej lub laboratorium.<\/li>\n<li><b>Przeznaczenie:<\/b> Naukowy opis projektu badawczego.<\/li>\n<li><b>Potwierdzenie karty charakterystyki:<\/b> Potwierdzenie znajomo\u015bci i przestrzegania wszystkich protoko\u0142\u00f3w bezpiecze\u0144stwa.<\/li>\n<\/ol>\n<h2>Wa\u017cne informacje i najcz\u0119\u015bciej zadawane pytania dla badaczy<\/h2>\n<ul>\n<li><strong>P: Czy 4-AcO-DET Fumarate nadaje si\u0119 do stosowania u ludzi?<\/strong>Ten produkt jest przeznaczony wy\u0142\u0105cznie do cel\u00f3w badawczych.<\/li>\n<li><strong>P: Jakie dane analityczne s\u0105 za\u0142\u0105czone?<\/strong>O: Ka\u017cda partia zawiera szczeg\u00f3\u0142owe dane HPLC i GC\/MS oraz pe\u0142ny certyfikat analizy.<\/li>\n<li><strong>P: Dlaczego forma fumaranu?<\/strong>O: Forma fumaranu zapewnia lepsz\u0105 stabilno\u015b\u0107 chemiczn\u0105 i trwa\u0142o\u015b\u0107.<\/li>\n<li><strong>P: W jaki spos\u00f3b kontrolowana jest jako\u015b\u0107?<\/strong>O: Poprzez wieloetapowe procedury kontroli analitycznej w niezale\u017cnych laboratoriach.<\/li>\n<li><strong>P: Czy wysy\u0142ka jest dyskretna?<\/strong>O: Tak, w neutralnym opakowaniu laboratoryjnym bez zewn\u0119trznego oznakowania.<\/li>\n<\/ul>\n<h2>Nota prawna - \u015bcis\u0142e przestrzeganie przepis\u00f3w<\/h2>\n<p>Ten produkt jest <b>wy\u0142\u0105cznie do cel\u00f3w badawczych<\/b> w instytucjach naukowych. Kupuj\u0105cy potwierdza zakup:<\/p>\n<ul>\n<li>U\u017cywa\u0107 tylko w <b>\u015brodowiska bada\u0144 prawnych<\/b>.<\/li>\n<li>The <b>Zgodno\u015b\u0107 ze wszystkimi lokalnymi przepisami i regulacjami<\/b>.<\/li>\n<li>The <b>Wdro\u017cenie odpowiednich \u015brodk\u00f3w bezpiecze\u0144stwa<\/b>.<\/li>\n<li>The <b>Zakaz nieautoryzowanego u\u017cytkowania<\/b>.<\/li>\n<\/ul>","protected":false},"excerpt":{"rendered":"<p>Kup Fumaran 4-AcO-DET: Badawczy \u015brodek chemiczny o wysokiej czysto\u015bci w postaci fumaranu. Wy\u0142\u0105cznie do cel\u00f3w bada\u0144 naukowych w \u015brodowiskach laboratoryjnych. Jako\u015b\u0107 testowana laboratoryjnie z certyfikatem analizy.<\/p>","protected":false},"featured_media":6450,"comment_status":"open","ping_status":"closed","template":"","meta":{"_joinchat":[]},"product_brand":[],"product_cat":[54],"product_tag":[],"class_list":{"0":"post-6420","1":"product","2":"type-product","3":"status-publish","4":"has-post-thumbnail","6":"product_cat-tryptamines","8":"first","9":"instock","10":"shipping-taxable","11":"purchasable","12":"product-type-variable"},"yoast_head":"<!-- This site is optimized with the Yoast SEO plugin v27.5 - https:\/\/yoast.com\/product\/yoast-seo-wordpress\/ -->\n<title>4-AcO-DET Fumarate Kaufen | Research Chemical | Laborqualit\u00e4tChemgramx<\/title>\n<meta name=\"description\" content=\"4-AcO-DET Fumarate kaufen - Hochreine Forschungschemikalie f\u00fcr wissenschaftliche Zwecke. Laborgepr\u00fcfte Qualit\u00e4t, diskret &amp; sicher. Nur f\u00fcr Forschungszwecke.\" \/>\n<meta name=\"robots\" content=\"index, follow, max-snippet:-1, max-image-preview:large, max-video-preview:-1\" \/>\n<link rel=\"canonical\" href=\"https:\/\/chemgramx.com\/pl\/produkt-1\/4-kupic-fumaran-aco-det\/\" \/>\n<meta property=\"og:locale\" content=\"pl_PL\" \/>\n<meta property=\"og:type\" content=\"article\" \/>\n<meta property=\"og:title\" content=\"4-AcO-DET Fumarate Kaufen | Research Chemical | Laborqualit\u00e4tChemgramx\" \/>\n<meta property=\"og:description\" content=\"4-AcO-DET Fumarate kaufen - Hochreine Forschungschemikalie f\u00fcr wissenschaftliche Zwecke. Laborgepr\u00fcfte Qualit\u00e4t, diskret &amp; sicher. Nur f\u00fcr Forschungszwecke.\" \/>\n<meta property=\"og:url\" content=\"https:\/\/chemgramx.com\/pl\/produkt-1\/4-kupic-fumaran-aco-det\/\" \/>\n<meta property=\"og:site_name\" content=\"Chemgramx\" \/>\n<meta property=\"article:modified_time\" content=\"2025-11-30T16:26:12+00:00\" \/>\n<meta property=\"og:image\" content=\"https:\/\/chemgramx.com\/wp-content\/uploads\/2025\/11\/4-aco-det-fumarate-chem-store-online.png\" \/>\n\t<meta property=\"og:image:width\" content=\"651\" \/>\n\t<meta property=\"og:image:height\" content=\"402\" \/>\n\t<meta property=\"og:image:type\" content=\"image\/png\" \/>\n<meta name=\"twitter:card\" content=\"summary_large_image\" \/>\n<meta name=\"twitter:label1\" content=\"Szacowany czas czytania\" \/>\n\t<meta name=\"twitter:data1\" content=\"4 minuty\" \/>\n<script type=\"application\/ld+json\" class=\"yoast-schema-graph\">{\"@context\":\"https:\\\/\\\/schema.org\",\"@graph\":[{\"@type\":\"WebPage\",\"@id\":\"https:\\\/\\\/chemgramx.com\\\/product\\\/4-aco-det-fumarate-kaufen\\\/\",\"url\":\"https:\\\/\\\/chemgramx.com\\\/product\\\/4-aco-det-fumarate-kaufen\\\/\",\"name\":\"4-AcO-DET Fumarate Kaufen | Research Chemical | Laborqualit\u00e4tChemgramx\",\"isPartOf\":{\"@id\":\"https:\\\/\\\/chemgramx.com\\\/#website\"},\"primaryImageOfPage\":{\"@id\":\"https:\\\/\\\/chemgramx.com\\\/product\\\/4-aco-det-fumarate-kaufen\\\/#primaryimage\"},\"image\":{\"@id\":\"https:\\\/\\\/chemgramx.com\\\/product\\\/4-aco-det-fumarate-kaufen\\\/#primaryimage\"},\"thumbnailUrl\":\"https:\\\/\\\/chemgramx.com\\\/wp-content\\\/uploads\\\/2025\\\/11\\\/4-aco-det-fumarate-chem-store-online.png\",\"datePublished\":\"2025-11-21T11:05:19+00:00\",\"dateModified\":\"2025-11-30T16:26:12+00:00\",\"description\":\"4-AcO-DET Fumarate kaufen - Hochreine Forschungschemikalie f\u00fcr wissenschaftliche Zwecke. Laborgepr\u00fcfte Qualit\u00e4t, diskret & sicher. Nur f\u00fcr Forschungszwecke.\",\"breadcrumb\":{\"@id\":\"https:\\\/\\\/chemgramx.com\\\/product\\\/4-aco-det-fumarate-kaufen\\\/#breadcrumb\"},\"inLanguage\":\"pl-PL\",\"potentialAction\":[{\"@type\":\"ReadAction\",\"target\":[\"https:\\\/\\\/chemgramx.com\\\/product\\\/4-aco-det-fumarate-kaufen\\\/\"]}]},{\"@type\":\"ImageObject\",\"inLanguage\":\"pl-PL\",\"@id\":\"https:\\\/\\\/chemgramx.com\\\/product\\\/4-aco-det-fumarate-kaufen\\\/#primaryimage\",\"url\":\"https:\\\/\\\/chemgramx.com\\\/wp-content\\\/uploads\\\/2025\\\/11\\\/4-aco-det-fumarate-chem-store-online.png\",\"contentUrl\":\"https:\\\/\\\/chemgramx.com\\\/wp-content\\\/uploads\\\/2025\\\/11\\\/4-aco-det-fumarate-chem-store-online.png\",\"width\":651,\"height\":402},{\"@type\":\"BreadcrumbList\",\"@id\":\"https:\\\/\\\/chemgramx.com\\\/product\\\/4-aco-det-fumarate-kaufen\\\/#breadcrumb\",\"itemListElement\":[{\"@type\":\"ListItem\",\"position\":1,\"name\":\"Home\",\"item\":\"https:\\\/\\\/chemgramx.com\\\/\"},{\"@type\":\"ListItem\",\"position\":2,\"name\":\"Shop\",\"item\":\"https:\\\/\\\/chemgramx.com\\\/shop\\\/\"},{\"@type\":\"ListItem\",\"position\":3,\"name\":\"4-AcO-DET Fumarate kaufen\"}]},{\"@type\":\"WebSite\",\"@id\":\"https:\\\/\\\/chemgramx.com\\\/#website\",\"url\":\"https:\\\/\\\/chemgramx.com\\\/\",\"name\":\"Chemgramx\",\"description\":\"\",\"publisher\":{\"@id\":\"https:\\\/\\\/chemgramx.com\\\/#organization\"},\"potentialAction\":[{\"@type\":\"SearchAction\",\"target\":{\"@type\":\"EntryPoint\",\"urlTemplate\":\"https:\\\/\\\/chemgramx.com\\\/?s={search_term_string}\"},\"query-input\":{\"@type\":\"PropertyValueSpecification\",\"valueRequired\":true,\"valueName\":\"search_term_string\"}}],\"inLanguage\":\"pl-PL\"},{\"@type\":\"Organization\",\"@id\":\"https:\\\/\\\/chemgramx.com\\\/#organization\",\"name\":\"Chemgramx\",\"url\":\"https:\\\/\\\/chemgramx.com\\\/\",\"logo\":{\"@type\":\"ImageObject\",\"inLanguage\":\"pl-PL\",\"@id\":\"https:\\\/\\\/chemgramx.com\\\/#\\\/schema\\\/logo\\\/image\\\/\",\"url\":\"https:\\\/\\\/chemgramx.com\\\/wp-content\\\/uploads\\\/2024\\\/10\\\/final-logo.png\",\"contentUrl\":\"https:\\\/\\\/chemgramx.com\\\/wp-content\\\/uploads\\\/2024\\\/10\\\/final-logo.png\",\"width\":250,\"height\":48,\"caption\":\"Chemgramx\"},\"image\":{\"@id\":\"https:\\\/\\\/chemgramx.com\\\/#\\\/schema\\\/logo\\\/image\\\/\"}}]}<\/script>\n<!-- \/ Yoast SEO plugin. -->","yoast_head_json":{"title":"4-AcO-DET Fumarate Buy | Research Chemical | Lab QualityChemgramx","description":"Kup Fumaran 4-AcO-DET - wysokiej czysto\u015bci substancja chemiczna do cel\u00f3w naukowych. Jako\u015b\u0107 testowana laboratoryjnie, dyskretna i bezpieczna. Wy\u0142\u0105cznie do u\u017cytku badawczego.","robots":{"index":"index","follow":"follow","max-snippet":"max-snippet:-1","max-image-preview":"max-image-preview:large","max-video-preview":"max-video-preview:-1"},"canonical":"https:\/\/chemgramx.com\/pl\/produkt-1\/4-kupic-fumaran-aco-det\/","og_locale":"pl_PL","og_type":"article","og_title":"4-AcO-DET Fumarate Kaufen | Research Chemical | Laborqualit\u00e4tChemgramx","og_description":"4-AcO-DET Fumarate kaufen - Hochreine Forschungschemikalie f\u00fcr wissenschaftliche Zwecke. Laborgepr\u00fcfte Qualit\u00e4t, diskret & sicher. Nur f\u00fcr Forschungszwecke.","og_url":"https:\/\/chemgramx.com\/pl\/produkt-1\/4-kupic-fumaran-aco-det\/","og_site_name":"Chemgramx","article_modified_time":"2025-11-30T16:26:12+00:00","og_image":[{"width":651,"height":402,"url":"https:\/\/chemgramx.com\/wp-content\/uploads\/2025\/11\/4-aco-det-fumarate-chem-store-online.png","type":"image\/png"}],"twitter_card":"summary_large_image","twitter_misc":{"Szacowany czas czytania":"4 minuty"},"schema":{"@context":"https:\/\/schema.org","@graph":[{"@type":"WebPage","@id":"https:\/\/chemgramx.com\/product\/4-aco-det-fumarate-kaufen\/","url":"https:\/\/chemgramx.com\/product\/4-aco-det-fumarate-kaufen\/","name":"4-AcO-DET Fumarate Buy | Research Chemical | Lab QualityChemgramx","isPartOf":{"@id":"https:\/\/chemgramx.com\/#website"},"primaryImageOfPage":{"@id":"https:\/\/chemgramx.com\/product\/4-aco-det-fumarate-kaufen\/#primaryimage"},"image":{"@id":"https:\/\/chemgramx.com\/product\/4-aco-det-fumarate-kaufen\/#primaryimage"},"thumbnailUrl":"https:\/\/chemgramx.com\/wp-content\/uploads\/2025\/11\/4-aco-det-fumarate-chem-store-online.png","datePublished":"2025-11-21T11:05:19+00:00","dateModified":"2025-11-30T16:26:12+00:00","description":"Kup Fumaran 4-AcO-DET - wysokiej czysto\u015bci substancja chemiczna do cel\u00f3w naukowych. Jako\u015b\u0107 testowana laboratoryjnie, dyskretna i bezpieczna. Wy\u0142\u0105cznie do u\u017cytku badawczego.","breadcrumb":{"@id":"https:\/\/chemgramx.com\/product\/4-aco-det-fumarate-kaufen\/#breadcrumb"},"inLanguage":"pl-PL","potentialAction":[{"@type":"ReadAction","target":["https:\/\/chemgramx.com\/product\/4-aco-det-fumarate-kaufen\/"]}]},{"@type":"ImageObject","inLanguage":"pl-PL","@id":"https:\/\/chemgramx.com\/product\/4-aco-det-fumarate-kaufen\/#primaryimage","url":"https:\/\/chemgramx.com\/wp-content\/uploads\/2025\/11\/4-aco-det-fumarate-chem-store-online.png","contentUrl":"https:\/\/chemgramx.com\/wp-content\/uploads\/2025\/11\/4-aco-det-fumarate-chem-store-online.png","width":651,"height":402},{"@type":"BreadcrumbList","@id":"https:\/\/chemgramx.com\/product\/4-aco-det-fumarate-kaufen\/#breadcrumb","itemListElement":[{"@type":"ListItem","position":1,"name":"Home","item":"https:\/\/chemgramx.com\/"},{"@type":"ListItem","position":2,"name":"Shop","item":"https:\/\/chemgramx.com\/shop\/"},{"@type":"ListItem","position":3,"name":"4-AcO-DET Fumarate kaufen"}]},{"@type":"WebSite","@id":"https:\/\/chemgramx.com\/#website","url":"https:\/\/chemgramx.com\/","name":"Chemgramx","description":"","publisher":{"@id":"https:\/\/chemgramx.com\/#organization"},"potentialAction":[{"@type":"SearchAction","target":{"@type":"EntryPoint","urlTemplate":"https:\/\/chemgramx.com\/?s={search_term_string}"},"query-input":{"@type":"PropertyValueSpecification","valueRequired":true,"valueName":"search_term_string"}}],"inLanguage":"pl-PL"},{"@type":"Organization","@id":"https:\/\/chemgramx.com\/#organization","name":"Chemgramx","url":"https:\/\/chemgramx.com\/","logo":{"@type":"ImageObject","inLanguage":"pl-PL","@id":"https:\/\/chemgramx.com\/#\/schema\/logo\/image\/","url":"https:\/\/chemgramx.com\/wp-content\/uploads\/2024\/10\/final-logo.png","contentUrl":"https:\/\/chemgramx.com\/wp-content\/uploads\/2024\/10\/final-logo.png","width":250,"height":48,"caption":"Chemgramx"},"image":{"@id":"https:\/\/chemgramx.com\/#\/schema\/logo\/image\/"}}]}},"_links":{"self":[{"href":"https:\/\/chemgramx.com\/pl\/wp-json\/wp\/v2\/product\/6420","targetHints":{"allow":["GET"]}}],"collection":[{"href":"https:\/\/chemgramx.com\/pl\/wp-json\/wp\/v2\/product"}],"about":[{"href":"https:\/\/chemgramx.com\/pl\/wp-json\/wp\/v2\/types\/product"}],"replies":[{"embeddable":true,"href":"https:\/\/chemgramx.com\/pl\/wp-json\/wp\/v2\/comments?post=6420"}],"wp:featuredmedia":[{"embeddable":true,"href":"https:\/\/chemgramx.com\/pl\/wp-json\/wp\/v2\/media\/6450"}],"wp:attachment":[{"href":"https:\/\/chemgramx.com\/pl\/wp-json\/wp\/v2\/media?parent=6420"}],"wp:term":[{"taxonomy":"product_brand","embeddable":true,"href":"https:\/\/chemgramx.com\/pl\/wp-json\/wp\/v2\/product_brand?post=6420"},{"taxonomy":"product_cat","embeddable":true,"href":"https:\/\/chemgramx.com\/pl\/wp-json\/wp\/v2\/product_cat?post=6420"},{"taxonomy":"product_tag","embeddable":true,"href":"https:\/\/chemgramx.com\/pl\/wp-json\/wp\/v2\/product_tag?post=6420"}],"curies":[{"name":"wp","href":"https:\/\/api.w.org\/{rel}","templated":true}]}}