{"id":6421,"date":"2025-11-21T11:05:20","date_gmt":"2025-11-21T11:05:20","guid":{"rendered":"https:\/\/chemgramx.com\/?post_type=product&#038;p=6421"},"modified":"2025-11-21T11:06:13","modified_gmt":"2025-11-21T11:06:13","slug":"4-kupic-aco-det-20mg-granulki","status":"publish","type":"product","link":"https:\/\/chemgramx.com\/pl\/product\/4-aco-det-20mg-pellets-kaufen\/","title":{"rendered":"Kup 4-AcO-DET 20mg granulki"},"content":{"rendered":"<p>Dok\u0142adno\u015b\u0107 dozowania ma fundamentalne znaczenie dla wa\u017cno\u015bci i powtarzalno\u015bci eksperyment\u00f3w ilo\u015bciowych w dziedzinie bada\u0144 chemicznych i farmakologicznych. Nasze <b>4-AcO-DET 20mg granulat<\/b> zosta\u0142y opracowane jako specjalistyczna posta\u0107 dawkowania, aby spe\u0142ni\u0107 te wysokie wymagania w kontrolowanych warunkach laboratoryjnych. Formu\u0142a ta zapewnia znormalizowan\u0105, \u0142atw\u0105 w u\u017cyciu i precyzyjnie dozowan\u0105 ilo\u015b\u0107 pochodnej tryptaminy <b>4-acetoksy-N,N-dietylotryptamina<\/b>.<\/p>\n<p>The <b>mikrotabletki w postaci peletek<\/b> zosta\u0142 zaprojektowany w celu unikni\u0119cia typowych niedok\u0142adno\u015bci, kt\u00f3re mog\u0105 wyst\u0105pi\u0107 podczas r\u0119cznego wa\u017cenia bardzo ma\u0142ych ilo\u015bci proszku. Ka\u017cdy granulat zapewnia precyzyjn\u0105 dawk\u0119 <b>20 miligram\u00f3w (mg)<\/b> z nisk\u0105 tolerancj\u0105 pomiaru wynosz\u0105c\u0105 <b>\u00b1 1mg<\/b>, co jest krytycznym warunkiem uzyskania wiarygodnych wynik\u00f3w.<\/p>\n<p><b>\u015acis\u0142e ograniczenie:<\/b> Ten materia\u0142 jest <b>wy\u0142\u0105cznie<\/b> przeznaczone do u\u017cytku przez wykwalifikowany personel w autoryzowanych laboratoriach badawczych. Jakiekolwiek u\u017cycie poza tymi ramami naukowymi, w szczeg\u00f3lno\u015bci spo\u017cycie przez ludzi, jest surowo zabronione.<\/p>\n<h2>Specyfikacje analityczne i gwarancja jako\u015bci<\/h2>\n<p>Czysto\u015b\u0107 chemiczna i konsystencja granulatu 4-AcO-DET s\u0105 zapewnione dzi\u0119ki rygorystycznym procedurom testowym, aby zapewni\u0107 integralno\u015b\u0107 bada\u0144.<\/p>\n<h3>Szczeg\u00f3\u0142owa specyfikacja materia\u0142u badawczego<\/h3>\n<ul>\n<li><b>Substancja:<\/b> Aktywne po\u0142\u0105czenie to <b>4-acetoksy-N,N-dietylotryptamina (4-AcO-DET)<\/b>. Nale\u017cy do klasy pochodnych tryptaminy i jest wykorzystywany do bada\u0144 nad zale\u017cno\u015bci\u0105 struktura-aktywno\u015b\u0107.<\/li>\n<li><b>Posta\u0107 dawkowania:<\/b> <b>Pelet z mikrotabletek<\/b>. Ta sta\u0142a, skompresowana forma zapewnia lepsz\u0105 obs\u0142ug\u0119 i stabilno\u015b\u0107 chemiczn\u0105.<\/li>\n<li><b>Dawkowanie:<\/b> Dok\u0142adny <b>20 mg<\/b> na peletk\u0119, z minimaln\u0105 tolerancj\u0105 <b>\u00b1 1mg<\/b>. Jest to idealne rozwi\u0105zanie dla podej\u015b\u0107 eksperymentalnych, kt\u00f3re wymagaj\u0105 okre\u015blonej ilo\u015bci substancji.<\/li>\n<li><b>Czysto\u015b\u0107:<\/b> Czysto\u015b\u0107 chemiczna substancji czynnej wynosi <b><span class=\"math-inline\" data-math=\"ge 97%\">\u00a097%<\/span><\/b>, kt\u00f3ry zosta\u0142 osi\u0105gni\u0119ty przez niezale\u017cne <b>Analizy HPLC<\/b> (wysokosprawna chromatografia cieczowa).<\/li>\n<li><b>Stabilno\u015b\u0107:<\/b> Je\u015bli przestrzegane s\u0105 zalecane warunki przechowywania, preparat jest <b>D\u0142ugoterminowa stabilno\u015b\u0107<\/b>.<\/li>\n<\/ul>\n<h3>Kompleksowe funkcje jako\u015bci i kontrola partii<\/h3>\n<ul>\n<li><b>Precyzyjne dozowanie:<\/b> Proces produkcyjny gwarantuje <b>R\u00f3wnomierne rozprowadzanie sk\u0142adnik\u00f3w aktywnych<\/b> w matrycy granulatu, co maksymalizuje jednorodno\u015b\u0107 materia\u0142u badawczego.<\/li>\n<li><b>Dokumentacja analityczna:<\/b> Ka\u017cda partia jest oznaczona etykiet\u0105 <b>kompletny certyfikat analizy (CoA)<\/b> co potwierdza dane analityczne dotycz\u0105ce to\u017csamo\u015bci i czysto\u015bci.<\/li>\n<li><b>Sp\u00f3jno\u015b\u0107 partii:<\/b> Dzi\u0119ki ustandaryzowanym protoko\u0142om produkcyjnym zapewniamy <b>Powtarzalna jako\u015b\u0107<\/b> co jest niezb\u0119dne do por\u00f3wnywania danych z r\u00f3\u017cnych serii test\u00f3w.<\/li>\n<li><b>Dane dotycz\u0105ce stabilno\u015bci:<\/b> B\u0119d\u0105 <b>Udokumentowane daty wa\u017cno\u015bci<\/b> kt\u00f3re potwierdzaj\u0105 stabilno\u015b\u0107 materia\u0142u przez co najmniej 18 miesi\u0119cy przy prawid\u0142owym przechowywaniu.<\/li>\n<\/ul>\n<h2>Zastosowania badawcze i obszary zastosowania 4-AcO-DET<\/h2>\n<p>Znormalizowana posta\u0107 granulatu jest szczeg\u00f3lnie przydatna do analiz ilo\u015bciowych i bada\u0144 farmakologicznych, kt\u00f3re wymagaj\u0105 dok\u0142adnego dawkowania.<\/p>\n<h3>Mo\u017cliwe obszary zastosowania w badaniach laboratoryjnych<\/h3>\n<ul>\n<li><b>Badania dawkowania:<\/b> Precyzyjna aplikacja sk\u0142adnik\u00f3w aktywnych umo\u017cliwia dok\u0142adne por\u00f3wnanie <b>Zale\u017cno\u015b\u0107 dawka-odpowied\u017a<\/b> w <b>Systemy in vitro<\/b> lub modeli przedklinicznych, co minimalizuje zmienno\u015b\u0107 wielko\u015bci wej\u015bciowej.<\/li>\n<li><b>Badanie stabilno\u015bci:<\/b> Pelety s\u0105 odpowiednie do przeprowadzania <b>Testy trwa\u0142o\u015bci<\/b> w r\u00f3\u017cnych kontrolowanych warunkach klimatycznych (temperatura, wilgotno\u015b\u0107). Badania te s\u0105 wa\u017cne dla opracowania optymalnych protoko\u0142\u00f3w przechowywania pochodnych tryptaminy.<\/li>\n<li><b>Analizy por\u00f3wnawcze:<\/b> 4-AcO-DET s\u0142u\u017cy w tej formie jako <b>analityczny wzorzec odniesienia<\/b> do walidacji nowych metod chromatografii i spektrometrii, zw\u0142aszcza w por\u00f3wnaniu z innymi N,N-dipodstawionymi tryptaminami.<\/li>\n<li><b>W\u0142a\u015bciwo\u015bci materia\u0142u:<\/b> Granulki mog\u0105 by\u0107 u\u017cywane do analizy <b>fizyczny <a href=\"\/product\/camel-stamp-hash-kaufen\/\">Charakterystyka<\/a><\/b> samego preparatu, w tym zachowania matrycy i mechanizm\u00f3w uwalniania sk\u0142adnika aktywnego.<\/li>\n<\/ul>\n<h2>Protoko\u0142y bezpiecze\u0144stwa i zgodno\u015b\u0107 z przepisami<\/h2>\n<p>Post\u0119powanie z tym silnym materia\u0142em badawczym wymaga \u015bcis\u0142ego przestrzegania wszystkich przepis\u00f3w bezpiecze\u0144stwa i prawnych.<\/p>\n<h3>Wa\u017cne \u015brodki ostro\u017cno\u015bci w laboratorium<\/h3>\n<ul>\n<li><b>Wy\u0142\u0105cznie do cel\u00f3w badawczych:<\/b> Materia\u0142 mo\u017ce <b>Brak innych zastosowa\u0144<\/b> ni\u017c te, kt\u00f3re maj\u0105 miejsce w badaniach.<\/li>\n<li><b>Warunki laboratoryjne:<\/b> Obs\u0142uga musi by\u0107 <b>wy\u0142\u0105cznie<\/b> w odpowiednio wyposa\u017conych i <b>Zgodno\u015b\u0107 z GLP<\/b> urz\u0105dzenia laboratoryjne.<\/li>\n<li><b>\u015arodki ochrony indywidualnej (PPE):<\/b> Personel musi zawsze <b>Fartuch laboratoryjny, okulary ochronne i r\u0119kawice<\/b> zu\u017cycie.<\/li>\n<li><b>Zgodno\u015b\u0107 z prawem:<\/b> Kupuj\u0105cy jest zobowi\u0105zany do spe\u0142nienia wszystkich <b>przepisy lokalne, stanowe i krajowe<\/b> dotycz\u0105ce posiadania i stosowania tej substancji chemicznej do cel\u00f3w badawczych.<\/li>\n<\/ul>\n<h2>Zalecenia dotycz\u0105ce optymalnego przechowywania i obs\u0142ugi<\/h2>\n<p>Stabilno\u015b\u0107 pochodnych tryptaminy wymaga kontrolowanych warunk\u00f3w przechowywania w celu zapewnienia czysto\u015bci przez ca\u0142y okres stosowania.<\/p>\n<h3>Optymalne warunki do d\u0142ugotrwa\u0142ego przechowywania<\/h3>\n<ul>\n<li><b>Kontrola temperatury:<\/b> Optymalna temperatura przechowywania to <b>2-8\u00b0C (lod\u00f3wka)<\/b>, w celu spowolnienia reakcji rozk\u0142adu.<\/li>\n<li><b>Ochrona przed wilgoci\u0105:<\/b> \u015arodowisko musi <b>suchy<\/b> by\u0107 (najlepiej <b>&lt;60% wilgotno\u015b\u0107 wzgl\u0119dna<\/b>).<\/li>\n<li><b>Ochrona przed \u015bwiat\u0142em:<\/b> Granulki musz\u0105 <b>od bezpo\u015bredniego \u015bwiat\u0142a s\u0142onecznego<\/b> chronione i przechowywane w ciemnych pojemnikach.<\/li>\n<li><b>Opakowanie:<\/b> The <b>Oryginalne opakowanie<\/b> musz\u0105 pozosta\u0107 szczelnie zamkni\u0119te i nienaruszone.<\/li>\n<\/ul>\n<h2>Informacje o zam\u00f3wieniu i protok\u00f3\u0142 weryfikacji<\/h2>\n<p>Dystrybucja tych specjalistycznych materia\u0142\u00f3w badawczych jest ograniczona do zweryfikowanych instytucji naukowych.<\/p>\n<h3>Dost\u0119pne ilo\u015bci dla instytucji badawczych<\/h3>\n<ul>\n<li>Ma\u0142e opakowanie: 10 granulek<\/li>\n<li>Opakowanie standardowe: 25 granulek<\/li>\n<li>Opakowanie zbiorcze: 100 granulek<\/li>\n<li>Badawcze opakowanie zbiorcze: 250 granulek<\/li>\n<\/ul>\n<h3>Obowi\u0105zkowe wymogi dotycz\u0105ce zam\u00f3wie\u0144<\/h3>\n<ol start=\"1\">\n<li><b>Instytucja badawcza:<\/b> Przed\u0142o\u017cenie formalnego dowodu od instytucji.<\/li>\n<li><b>Przeznaczenie:<\/b> Naukowy opis projektu badawczego.<\/li>\n<li><b>Wiedza z zakresu bezpiecze\u0144stwa:<\/b> Potwierdzenie znajomo\u015bci i zgodno\u015bci z kart\u0105 charakterystyki substancji niebezpiecznej (MSDS).<\/li>\n<\/ol>\n<h2>Wa\u017cne informacje i najcz\u0119\u015bciej zadawane pytania dla badaczy<\/h2>\n<ul>\n<li><strong>P: Czy granulki nadaj\u0105 si\u0119 do spo\u017cycia przez ludzi?<\/strong>\n<p>O: Nie, wy\u0142\u0105cznie do cel\u00f3w badawczych w \u015brodowiskach laboratoryjnych.<\/li>\n<li><strong>P: Jakie dane analityczne s\u0105 dost\u0119pne?<\/strong>\n<p>O: Kompletne analizy HPLC i dokumentacja partii.<\/li>\n<li><strong>P: Jaki jest okres trwa\u0142o\u015bci granulek?<\/strong>\n<p>O: Co najmniej 18 miesi\u0119cy przy prawid\u0142owym przechowywaniu (2-8\u00b0C).<\/li>\n<li><strong>P: Czy potrzebuj\u0119 specjalnych zezwole\u0144?<\/strong>\n<p>O: Organizacje badawcze musz\u0105 przestrzega\u0107 lokalnych przepis\u00f3w.<\/li>\n<li><strong>P: Czy wysy\u0142ka jest dyskretna?<\/strong>\n<p>O: Tak, w neutralnym opakowaniu laboratoryjnym bez instrukcji.<\/li>\n<\/ul>\n<h2>Nota prawna - \u015bcis\u0142e przestrzeganie przepis\u00f3w<\/h2>\n<p>Ten produkt jest <b>wy\u0142\u0105cznie do cel\u00f3w bada\u0144 naukowych<\/b> okre\u015blone. Kupuj\u0105cy potwierdza zakup:<\/p>\n<ul>\n<li>U\u017cywa\u0107 tylko w <b>\u015brodowiska bada\u0144 prawnych<\/b>.<\/li>\n<li>The <b>Zgodno\u015b\u0107 ze wszystkimi obowi\u0105zuj\u0105cymi przepisami i regulacjami<\/b>.<\/li>\n<li>The <b>Wdro\u017cenie odpowiednich \u015brodk\u00f3w bezpiecze\u0144stwa<\/b>.<\/li>\n<li>The <b>Zakaz nieautoryzowanego u\u017cytkowania<\/b>.<\/li>\n<\/ul>","protected":false},"excerpt":{"rendered":"<p>Kup granulat 4-AcO-DET 20 mg: Chemikalia badawcze w postaci r\u00f3wnomiernie dozowanych granulek do precyzyjnej pracy naukowej. Wy\u0142\u0105cznie do cel\u00f3w badawczych w \u015brodowiskach laboratoryjnych.<\/p>","protected":false},"featured_media":6451,"comment_status":"open","ping_status":"closed","template":"","meta":{"_joinchat":[]},"product_brand":[],"product_cat":[54],"product_tag":[],"class_list":{"0":"post-6421","1":"product","2":"type-product","3":"status-publish","4":"has-post-thumbnail","6":"product_cat-tryptamines","8":"first","9":"instock","10":"shipping-taxable","11":"purchasable","12":"product-type-variable"},"yoast_head":"<!-- This site is optimized with the Yoast SEO plugin v27.5 - https:\/\/yoast.com\/product\/yoast-seo-wordpress\/ -->\n<title>4-AcO-DET Pellets Kaufen | 20mg | Research Chemical Chemgramx<\/title>\n<meta name=\"description\" content=\"4-AcO-DET 20mg Pellets kaufen - Forschungschemikalie in pelletierter Form. F\u00fcr wissenschaftliche Analysen. Laborgepr\u00fcft &amp; diskret.\" \/>\n<meta name=\"robots\" content=\"index, follow, max-snippet:-1, max-image-preview:large, max-video-preview:-1\" \/>\n<link rel=\"canonical\" href=\"https:\/\/chemgramx.com\/pl\/produkt-1\/4-kupic-aco-det-20mg-granulki\/\" \/>\n<meta property=\"og:locale\" content=\"pl_PL\" \/>\n<meta property=\"og:type\" content=\"article\" \/>\n<meta property=\"og:title\" content=\"4-AcO-DET Pellets Kaufen | 20mg | Research Chemical Chemgramx\" \/>\n<meta property=\"og:description\" content=\"4-AcO-DET 20mg Pellets kaufen - Forschungschemikalie in pelletierter Form. F\u00fcr wissenschaftliche Analysen. Laborgepr\u00fcft &amp; diskret.\" \/>\n<meta property=\"og:url\" content=\"https:\/\/chemgramx.com\/pl\/produkt-1\/4-kupic-aco-det-20mg-granulki\/\" \/>\n<meta property=\"og:site_name\" content=\"Chemgramx\" \/>\n<meta property=\"article:modified_time\" content=\"2025-11-21T11:06:13+00:00\" \/>\n<meta property=\"og:image\" content=\"https:\/\/chemgramx.com\/wp-content\/uploads\/2025\/11\/4-aco-det-20mg-pellets-chem-store-online.png\" \/>\n\t<meta property=\"og:image:width\" content=\"639\" \/>\n\t<meta property=\"og:image:height\" content=\"421\" \/>\n\t<meta property=\"og:image:type\" content=\"image\/png\" \/>\n<meta name=\"twitter:card\" content=\"summary_large_image\" \/>\n<meta name=\"twitter:label1\" content=\"Szacowany czas czytania\" \/>\n\t<meta name=\"twitter:data1\" content=\"4 minuty\" \/>\n<script type=\"application\/ld+json\" class=\"yoast-schema-graph\">{\"@context\":\"https:\\\/\\\/schema.org\",\"@graph\":[{\"@type\":\"WebPage\",\"@id\":\"https:\\\/\\\/chemgramx.com\\\/product\\\/4-aco-det-20mg-pellets-kaufen\\\/\",\"url\":\"https:\\\/\\\/chemgramx.com\\\/product\\\/4-aco-det-20mg-pellets-kaufen\\\/\",\"name\":\"4-AcO-DET Pellets Kaufen | 20mg | Research Chemical Chemgramx\",\"isPartOf\":{\"@id\":\"https:\\\/\\\/chemgramx.com\\\/#website\"},\"primaryImageOfPage\":{\"@id\":\"https:\\\/\\\/chemgramx.com\\\/product\\\/4-aco-det-20mg-pellets-kaufen\\\/#primaryimage\"},\"image\":{\"@id\":\"https:\\\/\\\/chemgramx.com\\\/product\\\/4-aco-det-20mg-pellets-kaufen\\\/#primaryimage\"},\"thumbnailUrl\":\"https:\\\/\\\/chemgramx.com\\\/wp-content\\\/uploads\\\/2025\\\/11\\\/4-aco-det-20mg-pellets-chem-store-online.png\",\"datePublished\":\"2025-11-21T11:05:20+00:00\",\"dateModified\":\"2025-11-21T11:06:13+00:00\",\"description\":\"4-AcO-DET 20mg Pellets kaufen - Forschungschemikalie in pelletierter Form. F\u00fcr wissenschaftliche Analysen. Laborgepr\u00fcft &amp; diskret.\",\"breadcrumb\":{\"@id\":\"https:\\\/\\\/chemgramx.com\\\/product\\\/4-aco-det-20mg-pellets-kaufen\\\/#breadcrumb\"},\"inLanguage\":\"pl-PL\",\"potentialAction\":[{\"@type\":\"ReadAction\",\"target\":[\"https:\\\/\\\/chemgramx.com\\\/product\\\/4-aco-det-20mg-pellets-kaufen\\\/\"]}]},{\"@type\":\"ImageObject\",\"inLanguage\":\"pl-PL\",\"@id\":\"https:\\\/\\\/chemgramx.com\\\/product\\\/4-aco-det-20mg-pellets-kaufen\\\/#primaryimage\",\"url\":\"https:\\\/\\\/chemgramx.com\\\/wp-content\\\/uploads\\\/2025\\\/11\\\/4-aco-det-20mg-pellets-chem-store-online.png\",\"contentUrl\":\"https:\\\/\\\/chemgramx.com\\\/wp-content\\\/uploads\\\/2025\\\/11\\\/4-aco-det-20mg-pellets-chem-store-online.png\",\"width\":639,\"height\":421},{\"@type\":\"BreadcrumbList\",\"@id\":\"https:\\\/\\\/chemgramx.com\\\/product\\\/4-aco-det-20mg-pellets-kaufen\\\/#breadcrumb\",\"itemListElement\":[{\"@type\":\"ListItem\",\"position\":1,\"name\":\"Home\",\"item\":\"https:\\\/\\\/chemgramx.com\\\/\"},{\"@type\":\"ListItem\",\"position\":2,\"name\":\"Shop\",\"item\":\"https:\\\/\\\/chemgramx.com\\\/shop\\\/\"},{\"@type\":\"ListItem\",\"position\":3,\"name\":\"4-AcO-DET 20mg Pellets Kaufen\"}]},{\"@type\":\"WebSite\",\"@id\":\"https:\\\/\\\/chemgramx.com\\\/#website\",\"url\":\"https:\\\/\\\/chemgramx.com\\\/\",\"name\":\"Chemgramx\",\"description\":\"\",\"publisher\":{\"@id\":\"https:\\\/\\\/chemgramx.com\\\/#organization\"},\"potentialAction\":[{\"@type\":\"SearchAction\",\"target\":{\"@type\":\"EntryPoint\",\"urlTemplate\":\"https:\\\/\\\/chemgramx.com\\\/?s={search_term_string}\"},\"query-input\":{\"@type\":\"PropertyValueSpecification\",\"valueRequired\":true,\"valueName\":\"search_term_string\"}}],\"inLanguage\":\"pl-PL\"},{\"@type\":\"Organization\",\"@id\":\"https:\\\/\\\/chemgramx.com\\\/#organization\",\"name\":\"Chemgramx\",\"url\":\"https:\\\/\\\/chemgramx.com\\\/\",\"logo\":{\"@type\":\"ImageObject\",\"inLanguage\":\"pl-PL\",\"@id\":\"https:\\\/\\\/chemgramx.com\\\/#\\\/schema\\\/logo\\\/image\\\/\",\"url\":\"https:\\\/\\\/chemgramx.com\\\/wp-content\\\/uploads\\\/2024\\\/10\\\/final-logo.png\",\"contentUrl\":\"https:\\\/\\\/chemgramx.com\\\/wp-content\\\/uploads\\\/2024\\\/10\\\/final-logo.png\",\"width\":250,\"height\":48,\"caption\":\"Chemgramx\"},\"image\":{\"@id\":\"https:\\\/\\\/chemgramx.com\\\/#\\\/schema\\\/logo\\\/image\\\/\"}}]}<\/script>\n<!-- \/ Yoast SEO plugin. -->","yoast_head_json":{"title":"Kup 4-AcO-DET Pellets | 20mg | Research Chemical Chemgramx","description":"Kup 4-AcO-DET 20mg Pellets - Badawczy \u015brodek chemiczny w postaci granulatu. Do analiz naukowych. Testowany laboratoryjnie i dyskretny.","robots":{"index":"index","follow":"follow","max-snippet":"max-snippet:-1","max-image-preview":"max-image-preview:large","max-video-preview":"max-video-preview:-1"},"canonical":"https:\/\/chemgramx.com\/pl\/produkt-1\/4-kupic-aco-det-20mg-granulki\/","og_locale":"pl_PL","og_type":"article","og_title":"4-AcO-DET Pellets Kaufen | 20mg | Research Chemical Chemgramx","og_description":"4-AcO-DET 20mg Pellets kaufen - Forschungschemikalie in pelletierter Form. F\u00fcr wissenschaftliche Analysen. Laborgepr\u00fcft &amp; diskret.","og_url":"https:\/\/chemgramx.com\/pl\/produkt-1\/4-kupic-aco-det-20mg-granulki\/","og_site_name":"Chemgramx","article_modified_time":"2025-11-21T11:06:13+00:00","og_image":[{"width":639,"height":421,"url":"https:\/\/chemgramx.com\/wp-content\/uploads\/2025\/11\/4-aco-det-20mg-pellets-chem-store-online.png","type":"image\/png"}],"twitter_card":"summary_large_image","twitter_misc":{"Szacowany czas czytania":"4 minuty"},"schema":{"@context":"https:\/\/schema.org","@graph":[{"@type":"WebPage","@id":"https:\/\/chemgramx.com\/product\/4-aco-det-20mg-pellets-kaufen\/","url":"https:\/\/chemgramx.com\/product\/4-aco-det-20mg-pellets-kaufen\/","name":"Kup 4-AcO-DET Pellets | 20mg | Research Chemical Chemgramx","isPartOf":{"@id":"https:\/\/chemgramx.com\/#website"},"primaryImageOfPage":{"@id":"https:\/\/chemgramx.com\/product\/4-aco-det-20mg-pellets-kaufen\/#primaryimage"},"image":{"@id":"https:\/\/chemgramx.com\/product\/4-aco-det-20mg-pellets-kaufen\/#primaryimage"},"thumbnailUrl":"https:\/\/chemgramx.com\/wp-content\/uploads\/2025\/11\/4-aco-det-20mg-pellets-chem-store-online.png","datePublished":"2025-11-21T11:05:20+00:00","dateModified":"2025-11-21T11:06:13+00:00","description":"Kup 4-AcO-DET 20mg Pellets - Badawczy \u015brodek chemiczny w postaci granulatu. Do analiz naukowych. Testowany laboratoryjnie i dyskretny.","breadcrumb":{"@id":"https:\/\/chemgramx.com\/product\/4-aco-det-20mg-pellets-kaufen\/#breadcrumb"},"inLanguage":"pl-PL","potentialAction":[{"@type":"ReadAction","target":["https:\/\/chemgramx.com\/product\/4-aco-det-20mg-pellets-kaufen\/"]}]},{"@type":"ImageObject","inLanguage":"pl-PL","@id":"https:\/\/chemgramx.com\/product\/4-aco-det-20mg-pellets-kaufen\/#primaryimage","url":"https:\/\/chemgramx.com\/wp-content\/uploads\/2025\/11\/4-aco-det-20mg-pellets-chem-store-online.png","contentUrl":"https:\/\/chemgramx.com\/wp-content\/uploads\/2025\/11\/4-aco-det-20mg-pellets-chem-store-online.png","width":639,"height":421},{"@type":"BreadcrumbList","@id":"https:\/\/chemgramx.com\/product\/4-aco-det-20mg-pellets-kaufen\/#breadcrumb","itemListElement":[{"@type":"ListItem","position":1,"name":"Home","item":"https:\/\/chemgramx.com\/"},{"@type":"ListItem","position":2,"name":"Shop","item":"https:\/\/chemgramx.com\/shop\/"},{"@type":"ListItem","position":3,"name":"4-AcO-DET 20mg Pellets Kaufen"}]},{"@type":"WebSite","@id":"https:\/\/chemgramx.com\/#website","url":"https:\/\/chemgramx.com\/","name":"Chemgramx","description":"","publisher":{"@id":"https:\/\/chemgramx.com\/#organization"},"potentialAction":[{"@type":"SearchAction","target":{"@type":"EntryPoint","urlTemplate":"https:\/\/chemgramx.com\/?s={search_term_string}"},"query-input":{"@type":"PropertyValueSpecification","valueRequired":true,"valueName":"search_term_string"}}],"inLanguage":"pl-PL"},{"@type":"Organization","@id":"https:\/\/chemgramx.com\/#organization","name":"Chemgramx","url":"https:\/\/chemgramx.com\/","logo":{"@type":"ImageObject","inLanguage":"pl-PL","@id":"https:\/\/chemgramx.com\/#\/schema\/logo\/image\/","url":"https:\/\/chemgramx.com\/wp-content\/uploads\/2024\/10\/final-logo.png","contentUrl":"https:\/\/chemgramx.com\/wp-content\/uploads\/2024\/10\/final-logo.png","width":250,"height":48,"caption":"Chemgramx"},"image":{"@id":"https:\/\/chemgramx.com\/#\/schema\/logo\/image\/"}}]}},"_links":{"self":[{"href":"https:\/\/chemgramx.com\/pl\/wp-json\/wp\/v2\/product\/6421","targetHints":{"allow":["GET"]}}],"collection":[{"href":"https:\/\/chemgramx.com\/pl\/wp-json\/wp\/v2\/product"}],"about":[{"href":"https:\/\/chemgramx.com\/pl\/wp-json\/wp\/v2\/types\/product"}],"replies":[{"embeddable":true,"href":"https:\/\/chemgramx.com\/pl\/wp-json\/wp\/v2\/comments?post=6421"}],"wp:featuredmedia":[{"embeddable":true,"href":"https:\/\/chemgramx.com\/pl\/wp-json\/wp\/v2\/media\/6451"}],"wp:attachment":[{"href":"https:\/\/chemgramx.com\/pl\/wp-json\/wp\/v2\/media?parent=6421"}],"wp:term":[{"taxonomy":"product_brand","embeddable":true,"href":"https:\/\/chemgramx.com\/pl\/wp-json\/wp\/v2\/product_brand?post=6421"},{"taxonomy":"product_cat","embeddable":true,"href":"https:\/\/chemgramx.com\/pl\/wp-json\/wp\/v2\/product_cat?post=6421"},{"taxonomy":"product_tag","embeddable":true,"href":"https:\/\/chemgramx.com\/pl\/wp-json\/wp\/v2\/product_tag?post=6421"}],"curies":[{"name":"wp","href":"https:\/\/api.w.org\/{rel}","templated":true}]}}