{"id":6423,"date":"2025-11-21T11:05:20","date_gmt":"2025-11-21T11:05:20","guid":{"rendered":"https:\/\/chemgramx.com\/?post_type=product&#038;p=6423"},"modified":"2025-11-21T11:06:13","modified_gmt":"2025-11-21T11:06:13","slug":"kup-4-granulki-aco-met-20mg","status":"publish","type":"product","link":"https:\/\/chemgramx.com\/pl\/product\/4-aco-met-20mg-pellets-kaufen\/","title":{"rendered":"Kup 4-AcO-MET 20mg granulki"},"content":{"rendered":"<p>Zapewnienie precyzji dozowania jest podstawowym filarem wiarygodnych bada\u0144 naukowych. Nasz <b>4-AcO-MET 20mg granulki<\/b> to specjalistyczna posta\u0107 dawkowania opracowana w celu spe\u0142nienia wymog\u00f3w standaryzacji i sp\u00f3jno\u015bci w wymagaj\u0105cych \u015brodowiskach laboratoryjnych. Ten preparat zapewnia precyzyjnie dozowan\u0105 i \u0142atw\u0105 w u\u017cyciu ilo\u015b\u0107 pochodnej tryptaminy <b>4-acetoksy-N-metylo-N-etylotryptamina<\/b> (4-AcO-MET).<\/p>\n<p>Forma granulatu zosta\u0142a specjalnie zaprojektowana w celu przezwyci\u0119\u017cenia niedok\u0142adno\u015bci, kt\u00f3re pojawiaj\u0105 si\u0119 podczas r\u0119cznego wa\u017cenia ma\u0142ych ilo\u015bci sproszkowanych chemikali\u00f3w badawczych. Dzi\u0119ki gwarantowanej dawce <b>20 miligram\u00f3w (mg)<\/b> na pelet, wysoka <b>Dok\u0142adno\u015b\u0107 dawki<\/b> co ma zasadnicze znaczenie dla odtwarzalno\u015bci eksperyment\u00f3w ilo\u015bciowych.<\/p>\n<p>Ten materia\u0142 jest <b>wy\u0142\u0105cznie<\/b> przeznaczony do u\u017cytku przez wykwalifikowanych specjalist\u00f3w w autoryzowanych laboratoriach badawczych. Surowo wyklucza si\u0119 jakiekolwiek u\u017cycie poza kontekstem naukowym, w szczeg\u00f3lno\u015bci spo\u017cycie przez ludzi.<\/p>\n<h2>Precyzyjna specyfikacja produktu i gwarantowana czysto\u015b\u0107 analityczna<\/h2>\n<p>Chemiczna i fizyczna integralno\u015b\u0107 naszych granulek 4-AcO-MET jest zapewniona przez \u015bcis\u0142e kontrole analityczne, aby zagwarantowa\u0107 wiarygodno\u015b\u0107 wynik\u00f3w bada\u0144.<\/p>\n<h3>Szczeg\u00f3\u0142owa specyfikacja materia\u0142u badawczego<\/h3>\n<p>Granulki charakteryzuj\u0105 si\u0119 nast\u0119puj\u0105cymi kluczowymi w\u0142a\u015bciwo\u015bciami, kt\u00f3re czyni\u0105 je idealnym odczynnikiem do bada\u0144 naukowych:<\/p>\n<ul>\n<li><b>Substancja:<\/b> Aktywne po\u0142\u0105czenie to <b>4-acetoksy-N-metylo-N-etylotryptamina (4-AcO-MET)<\/b>. Jako pochodna klasy tryptamin jest cz\u0119sto badanym odczynnikiem w neurochemii.<\/li>\n<li><b>Posta\u0107 dawkowania:<\/b> <b>Prasowane granulki<\/b>. Ta sta\u0142a forma zapewnia lepsz\u0105 stabilno\u015b\u0107 chemiczn\u0105 i upraszcza obs\u0142ug\u0119 w laboratorium.<\/li>\n<li><b>Dawkowanie:<\/b> Ka\u017cda granulka zawiera dok\u0142adnie <b>20 mg<\/b> substancji, przy minimalnej tolerancji wynosz\u0105cej jedynie <b>\u00b1 1,5 mg<\/b>. Gwarantowana dok\u0142adno\u015b\u0107 dozowania jest znacz\u0105c\u0105 zalet\u0105 w por\u00f3wnaniu z form\u0105 proszku.<\/li>\n<li><b>Czysto\u015b\u0107:<\/b> Czysto\u015b\u0107 chemiczna substancji wynosi <b>\u226598%<\/b>, kt\u00f3ry zosta\u0142 osi\u0105gni\u0119ty przez niezale\u017cne <b>Analizy HPLC<\/b> (wysokosprawna chromatografia cieczowa).<\/li>\n<li><b>Stabilno\u015b\u0107:<\/b> Produkt ma d\u0142ugi okres trwa\u0142o\u015bci, je\u015bli przestrzegane s\u0105 zalecane warunki przechowywania. <b>D\u0142ugoterminowa stabilno\u015b\u0107<\/b> na.<\/li>\n<\/ul>\n<h3>Kompleksowe cechy jako\u015bciowe i sp\u00f3jno\u015b\u0107<\/h3>\n<p>Zgodno\u015b\u0107 naszych produkt\u00f3w z najwy\u017cszymi standardami jako\u015bci zapewniaj\u0105 szczeg\u00f3\u0142owe procedury testowania i dokumentowania:<\/p>\n<ul>\n<li><b>Precyzyjne dozowanie:<\/b> Proces produkcyjny gwarantuje <b>R\u00f3wnomierne rozprowadzanie sk\u0142adnik\u00f3w aktywnych<\/b> w matrycy peletek, co maksymalizuje jednorodno\u015b\u0107 i minimalizuje wariancj\u0119 mi\u0119dzy poszczeg\u00f3lnymi pr\u00f3bkami.<\/li>\n<li><b>Dokumentacja analityczna:<\/b> Ka\u017cda partia jest oznaczona etykiet\u0105 <b>kompletny certyfikat analizy (CoA)<\/b> dostarczony. Dokument ten potwierdza to\u017csamo\u015b\u0107, czysto\u015b\u0107 i dok\u0142adno\u015b\u0107 st\u0119\u017cenia zwi\u0105zku.<\/li>\n<li><b>Sp\u00f3jno\u015b\u0107 partii:<\/b> Opieramy si\u0119 na znormalizowanych protoko\u0142ach produkcyjnych, aby zapewni\u0107, \u017ce w\u0142a\u015bciwo\u015bci chemiczne i fizyczne ka\u017cdej kolejnej partii pozostaj\u0105 niezmienne. To <b>Powtarzalna jako\u015b\u0107<\/b> ma zasadnicze znaczenie dla bada\u0144 wieloo\u015brodkowych.<\/li>\n<li><b>Dane dotycz\u0105ce stabilno\u015bci:<\/b> Udokumentowane dane dotycz\u0105ce <b>Trwa\u0142o\u015b\u0107<\/b> produktu, kt\u00f3re potwierdzaj\u0105 niezawodno\u015b\u0107 materia\u0142u w okre\u015blonym czasie.<\/li>\n<\/ul>\n<h2>Zastosowania badawcze i analityczne<\/h2>\n<p>Znormalizowana forma granulatu jest szczeg\u00f3lnie cenna w projektach badawczych, w kt\u00f3rych dok\u0142adna ilo\u015b\u0107 odczynnika ma krytyczne znaczenie.<\/p>\n<h3>Mo\u017cliwe obszary zastosowania w badaniach laboratoryjnych<\/h3>\n<ul>\n<li><b>Badania dawkowania:<\/b> Precyzyjna aplikacja sk\u0142adnika aktywnego jest idealna do bada\u0144 ilo\u015bciowych, kt\u00f3re analizuj\u0105 zale\u017cno\u015b\u0107 dawka-odpowied\u017a zwi\u0105zku w <b>Systemy in vitro<\/b> lub modeli przedklinicznych (za zgod\u0105 etyczn\u0105).<\/li>\n<li><b>Badanie stabilno\u015bci:<\/b> Pelety s\u0105 odpowiednie do przeprowadzania <b>Testy trwa\u0142o\u015bci<\/b> w r\u00f3\u017cnych warunkach klimatycznych (temperatura, wilgotno\u015b\u0107). Badania te pomagaj\u0105 okre\u015bli\u0107 szybko\u015b\u0107 degradacji stabilizowanego preparatu.<\/li>\n<li><b>Analizy por\u00f3wnawcze:<\/b> 4-AcO-MET w tej formie s\u0142u\u017cy jako <b>analityczny wzorzec odniesienia<\/b> do walidacji i optymalizacji nowych metod w chromatografii (np. LC-MS\/MS) i spektrometrii, zw\u0142aszcza w por\u00f3wnaniu z innymi analogami tryptaminy.<\/li>\n<li><b>W\u0142a\u015bciwo\u015bci materia\u0142u:<\/b> Peletki mog\u0105 by\u0107 wykorzystywane do badania ich w\u0142a\u015bciwo\u015bci fizycznych, w tym zachowania podczas rozpadu lub mechanizm\u00f3w uwalniania sk\u0142adnika aktywnego.<\/li>\n<\/ul>\n<h2>Protoko\u0142y bezpiecze\u0144stwa i zgodno\u015b\u0107 z przepisami<\/h2>\n<p>Obs\u0142uga silnie dzia\u0142aj\u0105cych chemikali\u00f3w badawczych wymaga bezkompromisowych protoko\u0142\u00f3w bezpiecze\u0144stwa i \u015bcis\u0142ej zgodno\u015bci z prawem.<\/p>\n<h3>Wa\u017cne \u015brodki ostro\u017cno\u015bci dla laboratori\u00f3w<\/h3>\n<ul>\n<li><b>Wy\u0142\u0105cznie do cel\u00f3w badawczych:<\/b> Materia\u0142 mo\u017ce by\u0107 wykorzystywany wy\u0142\u0105cznie do eksperyment\u00f3w naukowych. Jakiekolwiek u\u017cycie niezgodne z przeznaczeniem jest surowo zabronione.<\/li>\n<li><b>Warunki laboratoryjne:<\/b> Obs\u0142uga musi by\u0107 <b>wy\u0142\u0105cznie<\/b> w odpowiednio wyposa\u017conych i <b>Zgodno\u015b\u0107 z GLP<\/b> (Dobra Praktyka Laboratoryjna).<\/li>\n<li><b>\u015arodki ochrony indywidualnej (PPE):<\/b> Pracownicy musz\u0105 przez ca\u0142y czas nosi\u0107 odpowiedni\u0105 odzie\u017c ochronn\u0105, na kt\u00f3r\u0105 sk\u0142adaj\u0105 si\u0119 <b>Fartuch laboratoryjny, okulary ochronne i r\u0119kawice<\/b>, aby zapobiec jakiejkolwiek ekspozycji.<\/li>\n<li><b>Zgodno\u015b\u0107 z prawem:<\/b> Nabywca ponosi wy\u0142\u0105czn\u0105 odpowiedzialno\u015b\u0107 za zapewnienie, \u017ce wszystkie <b>przepisy lokalne, stanowe i krajowe<\/b> w odniesieniu do posiadania i stosowania tej substancji chemicznej do cel\u00f3w badawczych w jego jurysdykcji.<\/li>\n<\/ul>\n<h2>Zalecenia dotycz\u0105ce przechowywania i obs\u0142ugi<\/h2>\n<p>Przestrzeganie zalecanych warunk\u00f3w przechowywania ma kluczowe znaczenie dla utrzymania czysto\u015bci i stabilno\u015bci granulatu 4-AcO-MET 20 mg przez ca\u0142y okres jego u\u017cytkowania.<\/p>\n<h3>Optymalne warunki do d\u0142ugotrwa\u0142ego przechowywania<\/h3>\n<ul>\n<li><b>Kontrola temperatury:<\/b> Przechowywanie powinno odbywa\u0107 si\u0119 w <b><a href=\"\/product\/1b-lsd-125mcg-blotters-kaufen\/\">bardziej kontrolowany<\/a> Temperatura pokojowa (15-25\u00b0C)<\/b> mie\u0107 miejsce. Ekstremalne ciep\u0142o mo\u017ce przyspieszy\u0107 tempo rozk\u0142adu.<\/li>\n<li><b>Ochrona przed wilgoci\u0105:<\/b> \u015arodowisko musi <b>suchy<\/b> (najlepiej poni\u017cej 60% wilgotno\u015bci wzgl\u0119dnej), aby zapewni\u0107 stabilno\u015b\u0107 chemiczn\u0105.<\/li>\n<li><b>Ochrona przed \u015bwiat\u0142em:<\/b> Granulki musz\u0105 <b>od bezpo\u015bredniego \u015bwiat\u0142a s\u0142onecznego<\/b> i intensywne \u015bwiat\u0142o.<\/li>\n<li><b>Opakowanie:<\/b> The <b>Oryginalne opakowanie<\/b> musz\u0105 zawsze pozosta\u0107 szczelnie zamkni\u0119te i nienaruszone, aby zapobiec wp\u0142ywom zewn\u0119trznym.<\/li>\n<\/ul>\n<h2>Informacje o zam\u00f3wieniu i protok\u00f3\u0142 weryfikacji<\/h2>\n<p>Dystrybucja tych specjalistycznych materia\u0142\u00f3w badawczych jest ograniczona do sprawdzonych instytucji naukowych i analitycznych.<\/p>\n<h3>Dost\u0119pne ilo\u015bci dla instytucji badawczych<\/h3>\n<ul>\n<li>Ma\u0142e opakowanie: 50 granulek<\/li>\n<li>Opakowanie standardowe: 100 granulek<\/li>\n<li>Opakowanie zbiorcze: 250 granulek<\/li>\n<li>Badawcze opakowanie zbiorcze: 500 granulek<\/li>\n<\/ul>\n<h3>Obowi\u0105zkowe wymogi dotycz\u0105ce zam\u00f3wie\u0144<\/h3>\n<p>Nast\u0119puj\u0105ce dowody s\u0105 wymagane w celu ochrony standard\u00f3w naukowych:<\/p>\n<ol start=\"1\">\n<li><b>Instytucja badawcza:<\/b> Przed\u0142o\u017cenie formalnego dowodu od instytucji (uniwersytet, laboratorium badawcze).<\/li>\n<li><b>Przeznaczenie:<\/b> Pisemny opis projektu badawczego, w kt\u00f3rym granulat ma zosta\u0107 wykorzystany.<\/li>\n<li><b>Wiedza z zakresu bezpiecze\u0144stwa:<\/b> Potwierdzenie znajomo\u015bci i zgodno\u015bci z kart\u0105 charakterystyki substancji niebezpiecznej (MSDS).<\/li>\n<\/ol>\n<h2>Cz\u0119sto zadawane pytania (FAQ)<\/h2>\n<ul>\n<li><b>P: Czy granulki nadaj\u0105 si\u0119 do spo\u017cycia przez ludzi?<\/b><br \/>\nO: Nie, ten produkt jest <b>wy\u0142\u0105cznie do cel\u00f3w badawczych<\/b> w \u015brodowiskach laboratoryjnych.<\/li>\n<li><b>P: Jakie dane analityczne s\u0105 dost\u0119pne?<\/b><br \/>\nZapewniamy kompletne analizy HPLC i dokumentacj\u0119 partii.<\/li>\n<li><b>P: Jaki jest okres trwa\u0142o\u015bci granulek?<br \/>\n<\/b> O: Przy prawid\u0142owym przechowywaniu udokumentowany okres trwa\u0142o\u015bci wynosi co najmniej <b>24 miesi\u0105ce<\/b>.<\/li>\n<li><b>P: Czy potrzebuj\u0119 specjalnych zezwole\u0144?<\/b><br \/>\nO: Organizacje badawcze s\u0105 zobowi\u0105zane do przestrzegania wszystkich lokalnych i krajowych przepis\u00f3w dotycz\u0105cych chemikali\u00f3w badawczych.<\/li>\n<li><b>P: Czy wysy\u0142ka jest dyskretna?<\/b><br \/>\nO: Tak, przesy\u0142ka jest realizowana w neutralnym opakowaniu laboratoryjnym, kt\u00f3re nie wskazuje na zawarto\u015b\u0107.<\/li>\n<\/ul>\n<h2>Nota prawna - \u015bcis\u0142e przestrzeganie przepis\u00f3w<\/h2>\n<p>Ten produkt jest <b>wy\u0142\u0105cznie do cel\u00f3w bada\u0144 naukowych<\/b> ustalone. Kupuj\u0105cy nieodwo\u0142alnie potwierdza zakup:<\/p>\n<ul>\n<li>Jest on u\u017cywany tylko w <b>legalne i autoryzowane \u015brodowiska badawcze<\/b>.<\/li>\n<li>The <b>Zgodno\u015b\u0107 ze wszystkimi obowi\u0105zuj\u0105cymi przepisami i regulacjami<\/b>.<\/li>\n<li>The <b>Wdro\u017cenie odpowiednich \u015brodk\u00f3w bezpiecze\u0144stwa<\/b>.<\/li>\n<li>The <b>Zakaz nieautoryzowanego u\u017cytkowania<\/b>.<\/li>\n<\/ul>","protected":false},"excerpt":{"rendered":"<p>Kup granulat 4-AcO-MET 20 mg: Chemikalia badawcze w postaci r\u00f3wnomiernie dozowanych granulek do precyzyjnej pracy naukowej. Wy\u0142\u0105cznie do cel\u00f3w badawczych w \u015brodowiskach laboratoryjnych.<\/p>","protected":false},"featured_media":6453,"comment_status":"open","ping_status":"closed","template":"","meta":{"_joinchat":[]},"product_brand":[],"product_cat":[54],"product_tag":[3103,3102,3088,2907,2908,3086,3084,3074,3087],"class_list":{"0":"post-6423","1":"product","2":"type-product","3":"status-publish","4":"has-post-thumbnail","6":"product_cat-tryptamines","7":"product_tag-20mg","8":"product_tag-4-aco-met","9":"product_tag-dosierungsstudien","10":"product_tag-forschungschemikalie","11":"product_tag-laborbedarf","12":"product_tag-laborforschung","13":"product_tag-pellets","14":"product_tag-research-chemical","15":"product_tag-wissenschaftliche-analyse","17":"first","18":"instock","19":"shipping-taxable","20":"purchasable","21":"product-type-variable"},"yoast_head":"<!-- This site is optimized with the Yoast SEO plugin v27.5 - https:\/\/yoast.com\/product\/yoast-seo-wordpress\/ -->\n<title>4-AcO-MET Pellets Kaufen | Research Chemical | 20mg Chemgramx<\/title>\n<meta name=\"description\" content=\"4-AcO-MET 20mg Pellets kaufen - Forschungschemikalie in pelletierter Form. F\u00fcr wissenschaftliche Analysen. Laborgepr\u00fcft &amp; diskret.\" \/>\n<meta name=\"robots\" content=\"index, follow, max-snippet:-1, max-image-preview:large, max-video-preview:-1\" \/>\n<link rel=\"canonical\" href=\"https:\/\/chemgramx.com\/pl\/produkt-1\/kup-4-granulki-aco-met-20mg\/\" \/>\n<meta property=\"og:locale\" content=\"pl_PL\" \/>\n<meta property=\"og:type\" content=\"article\" \/>\n<meta property=\"og:title\" content=\"4-AcO-MET Pellets Kaufen | Research Chemical | 20mg Chemgramx\" \/>\n<meta property=\"og:description\" content=\"4-AcO-MET 20mg Pellets kaufen - Forschungschemikalie in pelletierter Form. F\u00fcr wissenschaftliche Analysen. Laborgepr\u00fcft &amp; diskret.\" \/>\n<meta property=\"og:url\" content=\"https:\/\/chemgramx.com\/pl\/produkt-1\/kup-4-granulki-aco-met-20mg\/\" \/>\n<meta property=\"og:site_name\" content=\"Chemgramx\" \/>\n<meta property=\"article:modified_time\" content=\"2025-11-21T11:06:13+00:00\" \/>\n<meta property=\"og:image\" content=\"https:\/\/chemgramx.com\/wp-content\/uploads\/2025\/11\/buy-4-aco-met-20-mg-pellets-chem-store-online.png\" \/>\n\t<meta property=\"og:image:width\" content=\"544\" \/>\n\t<meta property=\"og:image:height\" content=\"568\" \/>\n\t<meta property=\"og:image:type\" content=\"image\/png\" \/>\n<meta name=\"twitter:card\" content=\"summary_large_image\" \/>\n<meta name=\"twitter:label1\" content=\"Szacowany czas czytania\" \/>\n\t<meta name=\"twitter:data1\" content=\"5 minut\" \/>\n<script type=\"application\/ld+json\" class=\"yoast-schema-graph\">{\"@context\":\"https:\\\/\\\/schema.org\",\"@graph\":[{\"@type\":\"WebPage\",\"@id\":\"https:\\\/\\\/chemgramx.com\\\/product\\\/4-aco-met-20mg-pellets-kaufen\\\/\",\"url\":\"https:\\\/\\\/chemgramx.com\\\/product\\\/4-aco-met-20mg-pellets-kaufen\\\/\",\"name\":\"4-AcO-MET Pellets Kaufen | Research Chemical | 20mg Chemgramx\",\"isPartOf\":{\"@id\":\"https:\\\/\\\/chemgramx.com\\\/#website\"},\"primaryImageOfPage\":{\"@id\":\"https:\\\/\\\/chemgramx.com\\\/product\\\/4-aco-met-20mg-pellets-kaufen\\\/#primaryimage\"},\"image\":{\"@id\":\"https:\\\/\\\/chemgramx.com\\\/product\\\/4-aco-met-20mg-pellets-kaufen\\\/#primaryimage\"},\"thumbnailUrl\":\"https:\\\/\\\/chemgramx.com\\\/wp-content\\\/uploads\\\/2025\\\/11\\\/buy-4-aco-met-20-mg-pellets-chem-store-online.png\",\"datePublished\":\"2025-11-21T11:05:20+00:00\",\"dateModified\":\"2025-11-21T11:06:13+00:00\",\"description\":\"4-AcO-MET 20mg Pellets kaufen - Forschungschemikalie in pelletierter Form. F\u00fcr wissenschaftliche Analysen. Laborgepr\u00fcft &amp; diskret.\",\"breadcrumb\":{\"@id\":\"https:\\\/\\\/chemgramx.com\\\/product\\\/4-aco-met-20mg-pellets-kaufen\\\/#breadcrumb\"},\"inLanguage\":\"pl-PL\",\"potentialAction\":[{\"@type\":\"ReadAction\",\"target\":[\"https:\\\/\\\/chemgramx.com\\\/product\\\/4-aco-met-20mg-pellets-kaufen\\\/\"]}]},{\"@type\":\"ImageObject\",\"inLanguage\":\"pl-PL\",\"@id\":\"https:\\\/\\\/chemgramx.com\\\/product\\\/4-aco-met-20mg-pellets-kaufen\\\/#primaryimage\",\"url\":\"https:\\\/\\\/chemgramx.com\\\/wp-content\\\/uploads\\\/2025\\\/11\\\/buy-4-aco-met-20-mg-pellets-chem-store-online.png\",\"contentUrl\":\"https:\\\/\\\/chemgramx.com\\\/wp-content\\\/uploads\\\/2025\\\/11\\\/buy-4-aco-met-20-mg-pellets-chem-store-online.png\",\"width\":544,\"height\":568},{\"@type\":\"BreadcrumbList\",\"@id\":\"https:\\\/\\\/chemgramx.com\\\/product\\\/4-aco-met-20mg-pellets-kaufen\\\/#breadcrumb\",\"itemListElement\":[{\"@type\":\"ListItem\",\"position\":1,\"name\":\"Home\",\"item\":\"https:\\\/\\\/chemgramx.com\\\/\"},{\"@type\":\"ListItem\",\"position\":2,\"name\":\"Shop\",\"item\":\"https:\\\/\\\/chemgramx.com\\\/shop\\\/\"},{\"@type\":\"ListItem\",\"position\":3,\"name\":\"4-AcO-MET 20mg Pellets kaufen\"}]},{\"@type\":\"WebSite\",\"@id\":\"https:\\\/\\\/chemgramx.com\\\/#website\",\"url\":\"https:\\\/\\\/chemgramx.com\\\/\",\"name\":\"Chemgramx\",\"description\":\"\",\"publisher\":{\"@id\":\"https:\\\/\\\/chemgramx.com\\\/#organization\"},\"potentialAction\":[{\"@type\":\"SearchAction\",\"target\":{\"@type\":\"EntryPoint\",\"urlTemplate\":\"https:\\\/\\\/chemgramx.com\\\/?s={search_term_string}\"},\"query-input\":{\"@type\":\"PropertyValueSpecification\",\"valueRequired\":true,\"valueName\":\"search_term_string\"}}],\"inLanguage\":\"pl-PL\"},{\"@type\":\"Organization\",\"@id\":\"https:\\\/\\\/chemgramx.com\\\/#organization\",\"name\":\"Chemgramx\",\"url\":\"https:\\\/\\\/chemgramx.com\\\/\",\"logo\":{\"@type\":\"ImageObject\",\"inLanguage\":\"pl-PL\",\"@id\":\"https:\\\/\\\/chemgramx.com\\\/#\\\/schema\\\/logo\\\/image\\\/\",\"url\":\"https:\\\/\\\/chemgramx.com\\\/wp-content\\\/uploads\\\/2024\\\/10\\\/final-logo.png\",\"contentUrl\":\"https:\\\/\\\/chemgramx.com\\\/wp-content\\\/uploads\\\/2024\\\/10\\\/final-logo.png\",\"width\":250,\"height\":48,\"caption\":\"Chemgramx\"},\"image\":{\"@id\":\"https:\\\/\\\/chemgramx.com\\\/#\\\/schema\\\/logo\\\/image\\\/\"}}]}<\/script>\n<!-- \/ Yoast SEO plugin. -->","yoast_head_json":{"title":"Kup 4-AcO-MET Pellets | Research Chemical | 20mg Chemgramx","description":"Kup 4-AcO-MET 20mg Pellets - Badawczy \u015brodek chemiczny w postaci granulatu. Do analiz naukowych. Testowany laboratoryjnie i dyskretny.","robots":{"index":"index","follow":"follow","max-snippet":"max-snippet:-1","max-image-preview":"max-image-preview:large","max-video-preview":"max-video-preview:-1"},"canonical":"https:\/\/chemgramx.com\/pl\/produkt-1\/kup-4-granulki-aco-met-20mg\/","og_locale":"pl_PL","og_type":"article","og_title":"4-AcO-MET Pellets Kaufen | Research Chemical | 20mg Chemgramx","og_description":"4-AcO-MET 20mg Pellets kaufen - Forschungschemikalie in pelletierter Form. F\u00fcr wissenschaftliche Analysen. Laborgepr\u00fcft &amp; diskret.","og_url":"https:\/\/chemgramx.com\/pl\/produkt-1\/kup-4-granulki-aco-met-20mg\/","og_site_name":"Chemgramx","article_modified_time":"2025-11-21T11:06:13+00:00","og_image":[{"width":544,"height":568,"url":"https:\/\/chemgramx.com\/wp-content\/uploads\/2025\/11\/buy-4-aco-met-20-mg-pellets-chem-store-online.png","type":"image\/png"}],"twitter_card":"summary_large_image","twitter_misc":{"Szacowany czas czytania":"5 minut"},"schema":{"@context":"https:\/\/schema.org","@graph":[{"@type":"WebPage","@id":"https:\/\/chemgramx.com\/product\/4-aco-met-20mg-pellets-kaufen\/","url":"https:\/\/chemgramx.com\/product\/4-aco-met-20mg-pellets-kaufen\/","name":"Kup 4-AcO-MET Pellets | Research Chemical | 20mg Chemgramx","isPartOf":{"@id":"https:\/\/chemgramx.com\/#website"},"primaryImageOfPage":{"@id":"https:\/\/chemgramx.com\/product\/4-aco-met-20mg-pellets-kaufen\/#primaryimage"},"image":{"@id":"https:\/\/chemgramx.com\/product\/4-aco-met-20mg-pellets-kaufen\/#primaryimage"},"thumbnailUrl":"https:\/\/chemgramx.com\/wp-content\/uploads\/2025\/11\/buy-4-aco-met-20-mg-pellets-chem-store-online.png","datePublished":"2025-11-21T11:05:20+00:00","dateModified":"2025-11-21T11:06:13+00:00","description":"Kup 4-AcO-MET 20mg Pellets - Badawczy \u015brodek chemiczny w postaci granulatu. Do analiz naukowych. Testowany laboratoryjnie i dyskretny.","breadcrumb":{"@id":"https:\/\/chemgramx.com\/product\/4-aco-met-20mg-pellets-kaufen\/#breadcrumb"},"inLanguage":"pl-PL","potentialAction":[{"@type":"ReadAction","target":["https:\/\/chemgramx.com\/product\/4-aco-met-20mg-pellets-kaufen\/"]}]},{"@type":"ImageObject","inLanguage":"pl-PL","@id":"https:\/\/chemgramx.com\/product\/4-aco-met-20mg-pellets-kaufen\/#primaryimage","url":"https:\/\/chemgramx.com\/wp-content\/uploads\/2025\/11\/buy-4-aco-met-20-mg-pellets-chem-store-online.png","contentUrl":"https:\/\/chemgramx.com\/wp-content\/uploads\/2025\/11\/buy-4-aco-met-20-mg-pellets-chem-store-online.png","width":544,"height":568},{"@type":"BreadcrumbList","@id":"https:\/\/chemgramx.com\/product\/4-aco-met-20mg-pellets-kaufen\/#breadcrumb","itemListElement":[{"@type":"ListItem","position":1,"name":"Home","item":"https:\/\/chemgramx.com\/"},{"@type":"ListItem","position":2,"name":"Shop","item":"https:\/\/chemgramx.com\/shop\/"},{"@type":"ListItem","position":3,"name":"4-AcO-MET 20mg Pellets kaufen"}]},{"@type":"WebSite","@id":"https:\/\/chemgramx.com\/#website","url":"https:\/\/chemgramx.com\/","name":"Chemgramx","description":"","publisher":{"@id":"https:\/\/chemgramx.com\/#organization"},"potentialAction":[{"@type":"SearchAction","target":{"@type":"EntryPoint","urlTemplate":"https:\/\/chemgramx.com\/?s={search_term_string}"},"query-input":{"@type":"PropertyValueSpecification","valueRequired":true,"valueName":"search_term_string"}}],"inLanguage":"pl-PL"},{"@type":"Organization","@id":"https:\/\/chemgramx.com\/#organization","name":"Chemgramx","url":"https:\/\/chemgramx.com\/","logo":{"@type":"ImageObject","inLanguage":"pl-PL","@id":"https:\/\/chemgramx.com\/#\/schema\/logo\/image\/","url":"https:\/\/chemgramx.com\/wp-content\/uploads\/2024\/10\/final-logo.png","contentUrl":"https:\/\/chemgramx.com\/wp-content\/uploads\/2024\/10\/final-logo.png","width":250,"height":48,"caption":"Chemgramx"},"image":{"@id":"https:\/\/chemgramx.com\/#\/schema\/logo\/image\/"}}]}},"_links":{"self":[{"href":"https:\/\/chemgramx.com\/pl\/wp-json\/wp\/v2\/product\/6423","targetHints":{"allow":["GET"]}}],"collection":[{"href":"https:\/\/chemgramx.com\/pl\/wp-json\/wp\/v2\/product"}],"about":[{"href":"https:\/\/chemgramx.com\/pl\/wp-json\/wp\/v2\/types\/product"}],"replies":[{"embeddable":true,"href":"https:\/\/chemgramx.com\/pl\/wp-json\/wp\/v2\/comments?post=6423"}],"wp:featuredmedia":[{"embeddable":true,"href":"https:\/\/chemgramx.com\/pl\/wp-json\/wp\/v2\/media\/6453"}],"wp:attachment":[{"href":"https:\/\/chemgramx.com\/pl\/wp-json\/wp\/v2\/media?parent=6423"}],"wp:term":[{"taxonomy":"product_brand","embeddable":true,"href":"https:\/\/chemgramx.com\/pl\/wp-json\/wp\/v2\/product_brand?post=6423"},{"taxonomy":"product_cat","embeddable":true,"href":"https:\/\/chemgramx.com\/pl\/wp-json\/wp\/v2\/product_cat?post=6423"},{"taxonomy":"product_tag","embeddable":true,"href":"https:\/\/chemgramx.com\/pl\/wp-json\/wp\/v2\/product_tag?post=6423"}],"curies":[{"name":"wp","href":"https:\/\/api.w.org\/{rel}","templated":true}]}}