{"id":6426,"date":"2025-11-21T11:05:20","date_gmt":"2025-11-21T11:05:20","guid":{"rendered":"https:\/\/chemgramx.com\/?post_type=product&#038;p=6426"},"modified":"2025-11-21T11:06:22","modified_gmt":"2025-11-21T11:06:22","slug":"kup-5-tabletek-meo-mipt-10mg","status":"publish","type":"product","link":"https:\/\/chemgramx.com\/pl\/product\/5-meo-mipt-10mg-pellets-kaufen\/","title":{"rendered":"Kup 5-MeO-MiPT 10mg granulki"},"content":{"rendered":"<p><b>Granulki 5-MeO-MiPT<\/b> stanowi\u0105 mikrotabletkow\u0105, precyzyjnie dozowan\u0105 form\u0119 pochodnej tryptaminy <b>5-metoksy-N-metylo-N-izopropylotryptamina<\/b> reprezentowa\u0107. Ten specjalistyczny materia\u0142 badawczy jest <b>wy\u0142\u0105cznie<\/b> przeznaczony do wykwalifikowanych analiz naukowych w \u015bci\u015ble kontrolowanych \u015brodowiskach laboratoryjnych. Znormalizowane dozowanie <b>10 mg na peletk\u0119<\/b> jest decyduj\u0105c\u0105 zalet\u0105 dla powtarzalno\u015bci eksperyment\u00f3w. W rzeczywisto\u015bci wysoka czysto\u015b\u0107 i sp\u00f3jno\u015b\u0107 partii sprawiaj\u0105, \u017ce granulki te s\u0105 niezwykle niezawodnym standardem badawczym dla wymagaj\u0105cych projekt\u00f3w analitycznych. W zwi\u0105zku z tym obs\u0142uga 5-MeO-MiPT podlega najsurowszym protoko\u0142om bezpiecze\u0144stwa i prawnym, kt\u00f3rych przestrzeganie jest obowi\u0105zkowe dla ka\u017cdej organizacji badawczej.<\/p>\n<h2>Klasyfikacja chemiczna i w\u0142a\u015bciwo\u015bci strukturalne<\/h2>\n<p>Struktura chemiczna 5-MeO-MiPT dostarcza wa\u017cnych wskaz\u00f3wek dotycz\u0105cych jego potencjalnej roli w badaniach biologicznych. <b>5-MeO-MiPT<\/b> nale\u017cy do rodziny <b>podstawione tryptaminy<\/b>. Jego struktura chemiczna jest \u015bci\u015ble zwi\u0105zana z endogennym neuroprzeka\u017anikiem serotonin\u0105, co stanowi podstaw\u0119 jego znaczenia dla bada\u0144 neurofarmakologicznych. Badanie tych analog\u00f3w pozwala naukowcom precyzyjnie rozszyfrowa\u0107 z\u0142o\u017cone interakcje mi\u0119dzy struktur\u0105 chemiczn\u0105 a aktywno\u015bci\u0105 biologiczn\u0105.<\/p>\n<h3>Struktura tryptaminy i jej modyfikacje<\/h3>\n<p>The <b>Szkielet indolowo-alkiloaminowy<\/b> jest charakterystyczna dla tryptamin. Ta klasa chemiczna jest og\u00f3lnie znana ze swojej silnej interakcji z <b>Receptory serotoninowe (5-HT)<\/b> znany. The <b>Grupa 5-metoksy<\/b> w pozycji C5 pier\u015bcienia indolowego jest kluczow\u0105 modyfikacj\u0105; cz\u0119sto wp\u0142ywa na powinowactwo do niekt\u00f3rych podtyp\u00f3w receptor\u00f3w i mo\u017ce zmienia\u0107 lipofilowo\u015b\u0107 zwi\u0105zku. Ponadto <b>Podstawienia N-metylo-N-izopropylu (MiPT)<\/b> w grupie aminowej znacz\u0105co wp\u0142ywaj\u0105 na profil metaboliczny zwi\u0105zku. W rezultacie modyfikacje te okre\u015blaj\u0105, jak szybko substancja jest rozk\u0142adana i jakie w\u0142a\u015bciwo\u015bci farmakologiczne wykazuje w systemach in vitro.<\/p>\n<h2>Czysto\u015b\u0107 analityczna i stabilno\u015b\u0107 na potrzeby bada\u0144<\/h2>\n<p>Wiarygodno\u015b\u0107 danych analitycznych zale\u017cy od jako\u015bci materia\u0142\u00f3w wyj\u015bciowych. Dlatego \u015bcis\u0142a kontrola czysto\u015bci i stabilno\u015bci 5-MeO-MiPT ma ogromne znaczenie.<\/p>\n<h3>Sprawdzona jako\u015b\u0107 i integralno\u015b\u0107<\/h3>\n<p>Dokumentacja analityczna, kt\u00f3ra jest <b>HPLC (wysokosprawna chromatografia cieczowa)<\/b> jest tworzony, gwarantuje <b>Wysoka czysto\u015b\u0107<\/b> materia\u0142u. Jako\u015b\u0107 ta ma zasadnicze znaczenie dla bada\u0144 naukowych, poniewa\u017c nawet niewielkie zanieczyszczenia mog\u0105 zafa\u0142szowa\u0107 wyniki bada\u0144 wi\u0105zania lub analiz chromatograficznych. Ponadto, deklarowana <b>D\u0142ugoterminowa stabilno\u015b\u0107<\/b> przy prawid\u0142owym przechowywaniu (w ch\u0142odnym, suchym miejscu, chronionym przed \u015bwiat\u0142em) jest poparta udokumentowanymi danymi dotycz\u0105cymi stabilno\u015bci. Ma to ogromne znaczenie dla <a href=\"\/product\/legal-psychedelics-kaufen\/\">chemiczny<\/a> integralno\u015b\u0107 po\u0142\u0105czenia przez ca\u0142y czas trwania projektu badawczego.<\/p>\n<h3>Posta\u0107 dawkowania: zalety granulatu 10 mg<\/h3>\n<p>Prezentacja jako <b>granulat z mikrotabletkami<\/b> oferuje znaczne korzy\u015bci w por\u00f3wnaniu z form\u0105 proszku do pracy laboratoryjnej i zapewnienia powtarzalno\u015bci.<\/p>\n<ul>\n<li><b>Precyzyjne dozowanie i powtarzalno\u015b\u0107:<\/b> Dawka <b>10 mg na peletk\u0119<\/b> jest wykonana maszynowo i bardzo dok\u0142adna. Eliminuje to znacz\u0105ce \u017ar\u00f3d\u0142a b\u0142\u0119d\u00f3w, kt\u00f3re mog\u0105 wyst\u0105pi\u0107 podczas r\u0119cznego wa\u017cenia proszk\u00f3w, zw\u0142aszcza w ma\u0142ych ilo\u015bciach miligramowych. W rezultacie <b>Powtarzalno\u015b\u0107<\/b> bada\u0144 dawkowania i analiz por\u00f3wnawczych, co jest podstawowym warunkiem publikacji wynik\u00f3w bada\u0144.<\/li>\n<li><b>Bezpieczna obs\u0142uga:<\/b> Peletki s\u0105 \u0142atwiejsze i bezpieczniejsze w obs\u0142udze ni\u017c drobne, lotne proszki. Minimalizuje to ryzyko <b>nara\u017cenie inhalacyjne<\/b> personelu laboratoryjnego i upraszcza zachowanie zgodno\u015bci z przepisami. <b>Standardy GLP (Dobra Praktyka Laboratoryjna)<\/b>.<\/li>\n<li><b>Badanie stabilno\u015bci:<\/b> Wreszcie, same granulki s\u0142u\u017c\u0105 jako modelowy system do badania <b>Stabilno\u015b\u0107 i trwa\u0142o\u015b\u0107<\/b> substancji czynnej w sta\u0142ej postaci dawkowania, co jest istotne dla bada\u0144 nad materia\u0142ami farmaceutycznymi.<\/li>\n<\/ul>\n<h2>Zastosowania badawcze i obszary zastosowa\u0144<\/h2>\n<p>Ze wzgl\u0119du na strukturalne podobie\u0144stwo do endogennych i innych psychoaktywnych tryptamin, 5-MeO-MiPT jest wa\u017cnym narz\u0119dziem w badaniu proces\u00f3w neurochemicznych.<\/p>\n<h3>Mo\u017cliwe obszary zastosowa\u0144<\/h3>\n<p>Peletki nadaj\u0105 si\u0119 do szeregu bada\u0144 analitycznych i przedklinicznych, w kt\u00f3rych wymagana jest precyzyjna, wst\u0119pnie zdefiniowana dawka:<\/p>\n<ul>\n<li><b>Badania wi\u0105zania receptor\u00f3w:<\/b> Materia\u0142 jest wykorzystywany jako ligand do okre\u015blania powinowactwa i aktywno\u015bci funkcjonalnej w podtypach receptor\u00f3w serotoninowych.<\/li>\n<li><b>Testy farmakologiczne i mechanizmu dzia\u0142ania:<\/b> W badaniach analizowane s\u0105 mechanizmy kom\u00f3rkowe i molekularne uruchamiane przez ten zwi\u0105zek, co mo\u017ce przyczyni\u0107 si\u0119 do bada\u0144 nad nowymi szlakami sygnalizacyjnymi.<\/li>\n<li><b>Badania nad metabolizmem:<\/b> Granulki mog\u0105 s\u0142u\u017cy\u0107 jako substrat do bada\u0144 metabolizmu in vitro w celu identyfikacji szlak\u00f3w degradacji i wytwarzanych metabolit\u00f3w. Dane te s\u0105 przydatne dla <b>Toksykologia s\u0105dowa i analityczna<\/b> niezb\u0119dny.<\/li>\n<li><b>Analizy por\u00f3wnawcze:<\/b> Standaryzowane granulki s\u0142u\u017c\u0105 jako materia\u0142 referencyjny w analizie chromatograficznej do opracowywania i walidacji nowych metod wykrywania.<\/li>\n<\/ul>\n<h2>Nota prawna - \u015bcis\u0142e przestrzeganie przepis\u00f3w<\/h2>\n<p>Ten produkt jest\u00a0<b>wy\u0142\u0105cznie do cel\u00f3w badawczych<\/b>\u00a0w instytucjach naukowych. Nabywca nieodwo\u0142alnie potwierdza zakup:<\/p>\n<ul>\n<li>Jest on u\u017cywany tylko w\u00a0<b>legalne i autoryzowane \u015brodowiska badawcze<\/b>.<\/li>\n<li>The\u00a0<b>Zgodno\u015b\u0107 ze wszystkimi lokalnymi przepisami i regulacjami<\/b>\u00a0w danej jurysdykcji.<\/li>\n<li>The\u00a0<b>Wdro\u017cenie odpowiednich \u015brodk\u00f3w bezpiecze\u0144stwa<\/b>\u00a0dla ochrony personelu.<\/li>\n<li>The\u00a0<b>Zakaz nieautoryzowanego u\u017cytkowania<\/b>\u00a0i konsumpcji.<\/li>\n<\/ul>","protected":false},"excerpt":{"rendered":"<p>Kup granulat 5-MeO-MiPT 10 mg: Chemikalia badawcze w r\u00f3wnomiernie dozowanych granulkach do precyzyjnej pracy naukowej. Wy\u0142\u0105cznie do cel\u00f3w badawczych w \u015brodowiskach laboratoryjnych.<\/p>","protected":false},"featured_media":6456,"comment_status":"open","ping_status":"closed","template":"","meta":{"_joinchat":[]},"product_brand":[],"product_cat":[54],"product_tag":[],"class_list":{"0":"post-6426","1":"product","2":"type-product","3":"status-publish","4":"has-post-thumbnail","6":"product_cat-tryptamines","8":"first","9":"instock","10":"shipping-taxable","11":"purchasable","12":"product-type-variable"},"yoast_head":"<!-- This site is optimized with the Yoast SEO plugin v27.5 - https:\/\/yoast.com\/product\/yoast-seo-wordpress\/ -->\n<title>5-MeO-MiPT Pellets Kaufen | 10mg | Research Chemical Chemgramx<\/title>\n<meta name=\"description\" content=\"5-MeO-MiPT 10mg Pellets kaufen - Forschungschemikalie in pelletierter Form. F\u00fcr wissenschaftliche Analysen. Laborgepr\u00fcft &amp; diskret.\" \/>\n<meta name=\"robots\" content=\"index, follow, max-snippet:-1, max-image-preview:large, max-video-preview:-1\" \/>\n<link rel=\"canonical\" href=\"https:\/\/chemgramx.com\/pl\/produkt-1\/kup-5-tabletek-meo-mipt-10mg\/\" \/>\n<meta property=\"og:locale\" content=\"pl_PL\" \/>\n<meta property=\"og:type\" content=\"article\" \/>\n<meta property=\"og:title\" content=\"5-MeO-MiPT Pellets Kaufen | 10mg | Research Chemical Chemgramx\" \/>\n<meta property=\"og:description\" content=\"5-MeO-MiPT 10mg Pellets kaufen - Forschungschemikalie in pelletierter Form. F\u00fcr wissenschaftliche Analysen. Laborgepr\u00fcft &amp; diskret.\" \/>\n<meta property=\"og:url\" content=\"https:\/\/chemgramx.com\/pl\/produkt-1\/kup-5-tabletek-meo-mipt-10mg\/\" \/>\n<meta property=\"og:site_name\" content=\"Chemgramx\" \/>\n<meta property=\"article:modified_time\" content=\"2025-11-21T11:06:22+00:00\" \/>\n<meta property=\"og:image\" content=\"https:\/\/chemgramx.com\/wp-content\/uploads\/2025\/11\/buy-5-meo-mipt-10mg-pellets-chem-store-online.png\" \/>\n\t<meta property=\"og:image:width\" content=\"623\" \/>\n\t<meta property=\"og:image:height\" content=\"535\" \/>\n\t<meta property=\"og:image:type\" content=\"image\/png\" \/>\n<meta name=\"twitter:card\" content=\"summary_large_image\" \/>\n<meta name=\"twitter:label1\" content=\"Szacowany czas czytania\" \/>\n\t<meta name=\"twitter:data1\" content=\"4 minuty\" \/>\n<script type=\"application\/ld+json\" class=\"yoast-schema-graph\">{\"@context\":\"https:\\\/\\\/schema.org\",\"@graph\":[{\"@type\":\"WebPage\",\"@id\":\"https:\\\/\\\/chemgramx.com\\\/product\\\/5-meo-mipt-10mg-pellets-kaufen\\\/\",\"url\":\"https:\\\/\\\/chemgramx.com\\\/product\\\/5-meo-mipt-10mg-pellets-kaufen\\\/\",\"name\":\"5-MeO-MiPT Pellets Kaufen | 10mg | Research Chemical Chemgramx\",\"isPartOf\":{\"@id\":\"https:\\\/\\\/chemgramx.com\\\/#website\"},\"primaryImageOfPage\":{\"@id\":\"https:\\\/\\\/chemgramx.com\\\/product\\\/5-meo-mipt-10mg-pellets-kaufen\\\/#primaryimage\"},\"image\":{\"@id\":\"https:\\\/\\\/chemgramx.com\\\/product\\\/5-meo-mipt-10mg-pellets-kaufen\\\/#primaryimage\"},\"thumbnailUrl\":\"https:\\\/\\\/chemgramx.com\\\/wp-content\\\/uploads\\\/2025\\\/11\\\/buy-5-meo-mipt-10mg-pellets-chem-store-online.png\",\"datePublished\":\"2025-11-21T11:05:20+00:00\",\"dateModified\":\"2025-11-21T11:06:22+00:00\",\"description\":\"5-MeO-MiPT 10mg Pellets kaufen - Forschungschemikalie in pelletierter Form. F\u00fcr wissenschaftliche Analysen. Laborgepr\u00fcft &amp; diskret.\",\"breadcrumb\":{\"@id\":\"https:\\\/\\\/chemgramx.com\\\/product\\\/5-meo-mipt-10mg-pellets-kaufen\\\/#breadcrumb\"},\"inLanguage\":\"pl-PL\",\"potentialAction\":[{\"@type\":\"ReadAction\",\"target\":[\"https:\\\/\\\/chemgramx.com\\\/product\\\/5-meo-mipt-10mg-pellets-kaufen\\\/\"]}]},{\"@type\":\"ImageObject\",\"inLanguage\":\"pl-PL\",\"@id\":\"https:\\\/\\\/chemgramx.com\\\/product\\\/5-meo-mipt-10mg-pellets-kaufen\\\/#primaryimage\",\"url\":\"https:\\\/\\\/chemgramx.com\\\/wp-content\\\/uploads\\\/2025\\\/11\\\/buy-5-meo-mipt-10mg-pellets-chem-store-online.png\",\"contentUrl\":\"https:\\\/\\\/chemgramx.com\\\/wp-content\\\/uploads\\\/2025\\\/11\\\/buy-5-meo-mipt-10mg-pellets-chem-store-online.png\",\"width\":623,\"height\":535},{\"@type\":\"BreadcrumbList\",\"@id\":\"https:\\\/\\\/chemgramx.com\\\/product\\\/5-meo-mipt-10mg-pellets-kaufen\\\/#breadcrumb\",\"itemListElement\":[{\"@type\":\"ListItem\",\"position\":1,\"name\":\"Home\",\"item\":\"https:\\\/\\\/chemgramx.com\\\/\"},{\"@type\":\"ListItem\",\"position\":2,\"name\":\"Shop\",\"item\":\"https:\\\/\\\/chemgramx.com\\\/shop\\\/\"},{\"@type\":\"ListItem\",\"position\":3,\"name\":\"5-MeO-MiPT 10mg Pellets kaufen\"}]},{\"@type\":\"WebSite\",\"@id\":\"https:\\\/\\\/chemgramx.com\\\/#website\",\"url\":\"https:\\\/\\\/chemgramx.com\\\/\",\"name\":\"Chemgramx\",\"description\":\"\",\"publisher\":{\"@id\":\"https:\\\/\\\/chemgramx.com\\\/#organization\"},\"potentialAction\":[{\"@type\":\"SearchAction\",\"target\":{\"@type\":\"EntryPoint\",\"urlTemplate\":\"https:\\\/\\\/chemgramx.com\\\/?s={search_term_string}\"},\"query-input\":{\"@type\":\"PropertyValueSpecification\",\"valueRequired\":true,\"valueName\":\"search_term_string\"}}],\"inLanguage\":\"pl-PL\"},{\"@type\":\"Organization\",\"@id\":\"https:\\\/\\\/chemgramx.com\\\/#organization\",\"name\":\"Chemgramx\",\"url\":\"https:\\\/\\\/chemgramx.com\\\/\",\"logo\":{\"@type\":\"ImageObject\",\"inLanguage\":\"pl-PL\",\"@id\":\"https:\\\/\\\/chemgramx.com\\\/#\\\/schema\\\/logo\\\/image\\\/\",\"url\":\"https:\\\/\\\/chemgramx.com\\\/wp-content\\\/uploads\\\/2024\\\/10\\\/final-logo.png\",\"contentUrl\":\"https:\\\/\\\/chemgramx.com\\\/wp-content\\\/uploads\\\/2024\\\/10\\\/final-logo.png\",\"width\":250,\"height\":48,\"caption\":\"Chemgramx\"},\"image\":{\"@id\":\"https:\\\/\\\/chemgramx.com\\\/#\\\/schema\\\/logo\\\/image\\\/\"}}]}<\/script>\n<!-- \/ Yoast SEO plugin. -->","yoast_head_json":{"title":"Kup 5-MeO-MiPT Pellets | 10mg | Research Chemical Chemgramx","description":"Kup 5-MeO-MiPT 10mg Pellets - Badawcza substancja chemiczna w postaci granulatu. Do analiz naukowych. Testowany laboratoryjnie i dyskretny.","robots":{"index":"index","follow":"follow","max-snippet":"max-snippet:-1","max-image-preview":"max-image-preview:large","max-video-preview":"max-video-preview:-1"},"canonical":"https:\/\/chemgramx.com\/pl\/produkt-1\/kup-5-tabletek-meo-mipt-10mg\/","og_locale":"pl_PL","og_type":"article","og_title":"5-MeO-MiPT Pellets Kaufen | 10mg | Research Chemical Chemgramx","og_description":"5-MeO-MiPT 10mg Pellets kaufen - Forschungschemikalie in pelletierter Form. F\u00fcr wissenschaftliche Analysen. Laborgepr\u00fcft &amp; diskret.","og_url":"https:\/\/chemgramx.com\/pl\/produkt-1\/kup-5-tabletek-meo-mipt-10mg\/","og_site_name":"Chemgramx","article_modified_time":"2025-11-21T11:06:22+00:00","og_image":[{"width":623,"height":535,"url":"https:\/\/chemgramx.com\/wp-content\/uploads\/2025\/11\/buy-5-meo-mipt-10mg-pellets-chem-store-online.png","type":"image\/png"}],"twitter_card":"summary_large_image","twitter_misc":{"Szacowany czas czytania":"4 minuty"},"schema":{"@context":"https:\/\/schema.org","@graph":[{"@type":"WebPage","@id":"https:\/\/chemgramx.com\/product\/5-meo-mipt-10mg-pellets-kaufen\/","url":"https:\/\/chemgramx.com\/product\/5-meo-mipt-10mg-pellets-kaufen\/","name":"Kup 5-MeO-MiPT Pellets | 10mg | Research Chemical Chemgramx","isPartOf":{"@id":"https:\/\/chemgramx.com\/#website"},"primaryImageOfPage":{"@id":"https:\/\/chemgramx.com\/product\/5-meo-mipt-10mg-pellets-kaufen\/#primaryimage"},"image":{"@id":"https:\/\/chemgramx.com\/product\/5-meo-mipt-10mg-pellets-kaufen\/#primaryimage"},"thumbnailUrl":"https:\/\/chemgramx.com\/wp-content\/uploads\/2025\/11\/buy-5-meo-mipt-10mg-pellets-chem-store-online.png","datePublished":"2025-11-21T11:05:20+00:00","dateModified":"2025-11-21T11:06:22+00:00","description":"Kup 5-MeO-MiPT 10mg Pellets - Badawcza substancja chemiczna w postaci granulatu. Do analiz naukowych. Testowany laboratoryjnie i dyskretny.","breadcrumb":{"@id":"https:\/\/chemgramx.com\/product\/5-meo-mipt-10mg-pellets-kaufen\/#breadcrumb"},"inLanguage":"pl-PL","potentialAction":[{"@type":"ReadAction","target":["https:\/\/chemgramx.com\/product\/5-meo-mipt-10mg-pellets-kaufen\/"]}]},{"@type":"ImageObject","inLanguage":"pl-PL","@id":"https:\/\/chemgramx.com\/product\/5-meo-mipt-10mg-pellets-kaufen\/#primaryimage","url":"https:\/\/chemgramx.com\/wp-content\/uploads\/2025\/11\/buy-5-meo-mipt-10mg-pellets-chem-store-online.png","contentUrl":"https:\/\/chemgramx.com\/wp-content\/uploads\/2025\/11\/buy-5-meo-mipt-10mg-pellets-chem-store-online.png","width":623,"height":535},{"@type":"BreadcrumbList","@id":"https:\/\/chemgramx.com\/product\/5-meo-mipt-10mg-pellets-kaufen\/#breadcrumb","itemListElement":[{"@type":"ListItem","position":1,"name":"Home","item":"https:\/\/chemgramx.com\/"},{"@type":"ListItem","position":2,"name":"Shop","item":"https:\/\/chemgramx.com\/shop\/"},{"@type":"ListItem","position":3,"name":"5-MeO-MiPT 10mg Pellets kaufen"}]},{"@type":"WebSite","@id":"https:\/\/chemgramx.com\/#website","url":"https:\/\/chemgramx.com\/","name":"Chemgramx","description":"","publisher":{"@id":"https:\/\/chemgramx.com\/#organization"},"potentialAction":[{"@type":"SearchAction","target":{"@type":"EntryPoint","urlTemplate":"https:\/\/chemgramx.com\/?s={search_term_string}"},"query-input":{"@type":"PropertyValueSpecification","valueRequired":true,"valueName":"search_term_string"}}],"inLanguage":"pl-PL"},{"@type":"Organization","@id":"https:\/\/chemgramx.com\/#organization","name":"Chemgramx","url":"https:\/\/chemgramx.com\/","logo":{"@type":"ImageObject","inLanguage":"pl-PL","@id":"https:\/\/chemgramx.com\/#\/schema\/logo\/image\/","url":"https:\/\/chemgramx.com\/wp-content\/uploads\/2024\/10\/final-logo.png","contentUrl":"https:\/\/chemgramx.com\/wp-content\/uploads\/2024\/10\/final-logo.png","width":250,"height":48,"caption":"Chemgramx"},"image":{"@id":"https:\/\/chemgramx.com\/#\/schema\/logo\/image\/"}}]}},"_links":{"self":[{"href":"https:\/\/chemgramx.com\/pl\/wp-json\/wp\/v2\/product\/6426","targetHints":{"allow":["GET"]}}],"collection":[{"href":"https:\/\/chemgramx.com\/pl\/wp-json\/wp\/v2\/product"}],"about":[{"href":"https:\/\/chemgramx.com\/pl\/wp-json\/wp\/v2\/types\/product"}],"replies":[{"embeddable":true,"href":"https:\/\/chemgramx.com\/pl\/wp-json\/wp\/v2\/comments?post=6426"}],"wp:featuredmedia":[{"embeddable":true,"href":"https:\/\/chemgramx.com\/pl\/wp-json\/wp\/v2\/media\/6456"}],"wp:attachment":[{"href":"https:\/\/chemgramx.com\/pl\/wp-json\/wp\/v2\/media?parent=6426"}],"wp:term":[{"taxonomy":"product_brand","embeddable":true,"href":"https:\/\/chemgramx.com\/pl\/wp-json\/wp\/v2\/product_brand?post=6426"},{"taxonomy":"product_cat","embeddable":true,"href":"https:\/\/chemgramx.com\/pl\/wp-json\/wp\/v2\/product_cat?post=6426"},{"taxonomy":"product_tag","embeddable":true,"href":"https:\/\/chemgramx.com\/pl\/wp-json\/wp\/v2\/product_tag?post=6426"}],"curies":[{"name":"wp","href":"https:\/\/api.w.org\/{rel}","templated":true}]}}