{"id":6427,"date":"2025-11-21T11:05:20","date_gmt":"2025-11-21T11:05:20","guid":{"rendered":"https:\/\/chemgramx.com\/?post_type=product&#038;p=6427"},"modified":"2025-11-21T11:06:22","modified_gmt":"2025-11-21T11:06:22","slug":"kup-5-meo-dmt-freebase","status":"publish","type":"product","link":"https:\/\/chemgramx.com\/pl\/product\/5-meo-dmt-freebase-kaufen\/","title":{"rendered":"Kup 5-MeO-DMT Freebase"},"content":{"rendered":"<p><b>5-MeO-DMT Freebase<\/b> jest wysoce wyspecjalizowan\u0105 substancj\u0105 chemiczn\u0105 do bada\u0144 i wa\u017cn\u0105 pochodn\u0105 klasy tryptaminy. Materia\u0142 ten jest <b>wy\u0142\u0105cznie<\/b> zaprojektowany do bada\u0144 naukowych w \u015bci\u015ble kontrolowanych \u015brodowiskach laboratoryjnych. The <b>Formularz Freebase<\/b> po\u0142\u0105czenie <b>5-metoksy-N,N-dimetylotryptamina<\/b> ma specyficzne w\u0142a\u015bciwo\u015bci chemiczne, kt\u00f3re czyni\u0105 go szczeg\u00f3lnie cennym dla niekt\u00f3rych analitycznych i syntetycznych protoko\u0142\u00f3w badawczych. W rzeczywisto\u015bci, wysoka czysto\u015b\u0107 i szczeg\u00f3\u0142owa dokumentacja analityczna (HPLC, GC\/MS, NMR) zapewniaj\u0105, \u017ce <b>Wiarygodno\u015b\u0107 wynik\u00f3w bada\u0144<\/b>. W zwi\u0105zku z tym pozyskiwanie i obs\u0142uga 5-MeO-DMT Freebase podlega najsurowszym wymogom bezpiecze\u0144stwa, etycznym i prawnym, kt\u00f3rych przestrzeganie jest obowi\u0105zkowe dla ka\u017cdej organizacji badawczej.<\/p>\n<h2>W\u0142a\u015bciwo\u015bci chemiczne: Znaczenie formy \u201ewolnej bazy\u201c<\/h2>\n<p>Rozr\u00f3\u017cnienie mi\u0119dzy form\u0105 wolnej zasady a form\u0105 soli (np. chlorowodorkiem) ma fundamentalne znaczenie w badaniach chemicznych. Oznaczenie <b>Freebase<\/b> oznacza zneutralizowany, <b>niezjonizowany<\/b> Forma zwi\u0105zku aminowego. Forma ta r\u00f3\u017cni si\u0119 zasadniczo od soli protonowanych, co ma bezpo\u015bredni wp\u0142yw na w\u0142a\u015bciwo\u015bci fizykochemiczne i mo\u017cliwo\u015b\u0107 zastosowania w laboratorium.<\/p>\n<h3>R\u00f3\u017cnice fizyko-chemiczne<\/h3>\n<p>Forma wolnej bazy oferuje szczeg\u00f3lne korzy\u015bci w badaniach organiczno-chemicznych i analitycznych:<\/p>\n<ul>\n<li><b>Rozpuszczalno\u015b\u0107 i polarno\u015b\u0107:<\/b> Forma wolna 5-MeO-DMT to <b>Znacznie mniej polarny<\/b> ni\u017c ich sole. Wynika z tego, \u017ce <b>Dobra w rozpuszczalnikach organicznych<\/b> (takich jak dichlorometan, eter lub etanol) jest rozpuszczalny, ale <b>gorzej w wodzie<\/b>. Ta w\u0142a\u015bciwo\u015b\u0107 jest korzystna dla syntez chemii organicznej, w kt\u00f3rych wolna zasada musi reagowa\u0107 w niewodnych rozpuszczalnikach, a tak\u017ce dla protoko\u0142\u00f3w ekstrakcji.<\/li>\n<li><b>Stan zagregowany:<\/b> Darmowa baza to zazwyczaj <b>Krystaliczny proszek lub \u017cywica<\/b> s\u0105 obecne. Ich temperatura topnienia jest zazwyczaj ni\u017csza ni\u017c temperatura topnienia odpowiedniej soli, co nale\u017cy uwzgl\u0119dni\u0107 w analizach termicznych.<\/li>\n<li><b>Masa cz\u0105steczkowa:<\/b> The <b>Masa cz\u0105steczkowa<\/b> wynosi <span class=\"math-inline\" data-math=\"mathbf{244.33 , g\/mol}\">$mathbf{244.33 , g\/mol}$<\/span>. Informacje te s\u0105 niezb\u0119dne do dok\u0142adnego <b>Obliczenia stechiometryczne<\/b> Roztwory badawcze i reakcje s\u0105 niezb\u0119dne do zapewnienia dok\u0142adno\u015bci eksperyment\u00f3w ilo\u015bciowych.<\/li>\n<\/ul>\n<h3>Stabilno\u015b\u0107 i podatno\u015b\u0107 na utlenianie: krytyczne protoko\u0142y post\u0119powania<\/h3>\n<p>Wa\u017cnym aspektem chemicznym wolnej bazy 5-MeO-DMT jest jej <b>Wysoka niestabilno\u015b\u0107<\/b>. W przeciwie\u0144stwie do stabilnych form soli, wolna zasada jest <b>Wysoka wra\u017cliwo\u015b\u0107 na \u015bwiat\u0142o i tlen<\/b>. Ta podatno\u015b\u0107 \u0142atwo prowadzi do <b>Utlenianie<\/b> grupy aminowej lub pier\u015bcienia indolowego, co szybko zmniejsza czysto\u015b\u0107 i fa\u0142szuje wyniki bada\u0144. Dlatego \u015bcis\u0142e warunki przechowywania <b>z\u00a0 <span class=\"math-inline\" data-math=\"mathbf{-20^circ C}\">-20 C}<\/span>, w atmosferze gazu oboj\u0119tnego i chroniony przed \u015bwiat\u0142em)<\/b> Ma to zasadnicze znaczenie dla zapewnienia integralno\u015bci chemicznej materia\u0142u w czasie.<\/p>\n<h2>Neurofarmakologia i znaczenie badawcze<\/h2>\n<p>5-MeO-DMT jest centraln\u0105 pochodn\u0105 tryptaminy, kt\u00f3ra charakteryzuje si\u0119 bardzo wysokim powinowactwem do receptor\u00f3w serotoninowych. S\u0142u\u017cy jako podstawowy system modelowy w neurofarmakologii do badania z\u0142o\u017conych interakcji neuronalnych.<\/p>\n<h3>Odpowiednie obszary bada\u0144<\/h3>\n<ul>\n<li><b>Zale\u017cno\u015bci struktura-aktywno\u015b\u0107 (SAR):<\/b> Zwi\u0105zek ten jest blisko spokrewniony z endogennym neuroprzeka\u017anikiem serotonin\u0105 (5-HT) i dzia\u0142a jako silny agonista, w szczeg\u00f3lno\u015bci na <span class=\"math-inline\" data-math=\"mathbf{5-HT_{2A}}\">$mathbf{5-HT_{2A}}$<\/span><b>-receptor<\/b>. Praca badawcza wykorzystuje specyficzne substytucje <b>(5-metoksy i N,N-dimetylo)<\/b> z rusztowania tryptaminowego w celu zbadania dok\u0142adnych mechanizm\u00f3w wi\u0105zania tej klasy receptor\u00f3w.<\/li>\n<li><b>Badania nad metabolizmem:<\/b> Analiza <b>Szlak degradacji (metabolizm)<\/b> zwi\u0105zku w modelu laboratoryjnym (np. przy u\u017cyciu mikrosom\u00f3w w\u0105troby lub system\u00f3w enzymatycznych P450) ma kluczowe znaczenie. S\u0142u\u017cy do identyfikacji metabolit\u00f3w, kt\u00f3re s\u0105 istotne dla <b>Farmakokinetyka<\/b> i potencjalny profil toksykologiczny s\u0105 przedmiotem zainteresowania.<\/li>\n<li><b>Badania por\u00f3wnawcze:<\/b> Bezpo\u015brednie por\u00f3wnanie <b>5-MeO-DMT Freebase<\/b> z ich solami lub innymi pochodnymi tryptaminy ma zasadnicze znaczenie dla zrozumienia chemicznych i fizycznych wp\u0142yw\u00f3w na aktywno\u015b\u0107 wi\u0105zania, stabilno\u015b\u0107 enzymatyczn\u0105 i wykrywanie analityczne.<\/li>\n<\/ul>\n<h3>Dokumentacja analityczna i zapewnienie jako\u015bci<\/h3>\n<p>Zapewnienie jako\u015bci obejmuje szczeg\u00f3\u0142owe procedury analityczne. Zapewnienie <b>Analizy HPLC, GC\/MS i NMR<a href=\"\/product\/1d-lsd-225mcg-pellets-kaufen\/\">dane<\/a><\/b> jest wska\u017anikiem wysokiego poziomu kontroli jako\u015bci i ma zasadnicze znaczenie dla instytutu badawczego w celu zapewnienia zgodno\u015bci z przepisami prawa. <b>Wymagania GLP (Dobra Praktyka Laboratoryjna)<\/b> do udowodnienia.<\/p>\n<h2>Protoko\u0142y bezpiecze\u0144stwa i zgodno\u015b\u0107 z przepisami<\/h2>\n<p>Ze wzgl\u0119du na wysok\u0105 moc i niestabilno\u015b\u0107 chemiczn\u0105 5-MeO-DMT Freebase, nale\u017cy obchodzi\u0107 si\u0119 z nim zgodnie z najwy\u017cszymi laboratoryjnymi standardami bezpiecze\u0144stwa.<\/p>\n<h3>Bezpiecze\u0144stwo laboratoryjne i standardy GLP<\/h3>\n<ul>\n<li><b>\u015arodki ochrony indywidualnej (PPE):<\/b> Post\u0119powanie z substancj\u0105, zw\u0142aszcza podczas nape\u0142niania krystalicznego proszku lub \u017cywicy, bezwzgl\u0119dnie wymaga <b>Fartuch laboratoryjny, r\u0119kawiczki jednorazowe<\/b> oraz <b>Ochrona oczu<\/b>.<\/li>\n<li><b>Wentylacja:<\/b> Poniewa\u017c substancja \u0142atwo ulatnia si\u0119 w postaci proszku i jest wysoce aktywna, pracuj\u0105c pod <b>Dygestorium chemiczne<\/b> obowi\u0105zkowe, aby unikn\u0105\u0107 nara\u017cenia przez wdychanie.<\/li>\n<\/ul>\n<h2>Nota prawna - \u015bcis\u0142e przestrzeganie przepis\u00f3w<\/h2>\n<p>Ten produkt jest\u00a0<b>wy\u0142\u0105cznie do cel\u00f3w badawczych<\/b>\u00a0w instytucjach naukowych. Nabywca nieodwo\u0142alnie potwierdza zakup:<\/p>\n<ul>\n<li>Jest on u\u017cywany tylko w\u00a0<b>legalne i autoryzowane \u015brodowiska badawcze<\/b>.<\/li>\n<li>The\u00a0<b>Zgodno\u015b\u0107 ze wszystkimi lokalnymi przepisami i regulacjami<\/b>\u00a0w danej jurysdykcji.<\/li>\n<li>The\u00a0<b>Wdro\u017cenie odpowiednich \u015brodk\u00f3w bezpiecze\u0144stwa<\/b>\u00a0dla ochrony personelu.<\/li>\n<li>The\u00a0<b>Zakaz nieautoryzowanego u\u017cytkowania<\/b>\u00a0i konsumpcji.<\/li>\n<\/ul>","protected":false},"excerpt":{"rendered":"<p>Kup 5-MeO-DMT Freebase: Badawcza substancja chemiczna o wysokiej czysto\u015bci w postaci wolnej bazy do cel\u00f3w bada\u0144 naukowych. Jako\u015b\u0107 testowana laboratoryjnie z certyfikatem analizy. Wy\u0142\u0105cznie do cel\u00f3w badawczych w \u015brodowiskach laboratoryjnych.<\/p>","protected":false},"featured_media":6466,"comment_status":"open","ping_status":"closed","template":"","meta":{"_joinchat":[]},"product_brand":[],"product_cat":[54],"product_tag":[],"class_list":{"0":"post-6427","1":"product","2":"type-product","3":"status-publish","4":"has-post-thumbnail","6":"product_cat-tryptamines","8":"first","9":"instock","10":"shipping-taxable","11":"purchasable","12":"product-type-variable"},"yoast_head":"<!-- This site is optimized with the Yoast SEO plugin v27.5 - https:\/\/yoast.com\/product\/yoast-seo-wordpress\/ -->\n<title>5-MeO-DMT Freebase Kaufen | Research Chemical | Laborqualit\u00e4t Chemgramx<\/title>\n<meta name=\"description\" content=\"5-MeO-DMT Freebase kaufen - Hochreine Forschungschemikalie in Freebase-Form. Laborgepr\u00fcfte Qualit\u00e4t, diskret &amp; sicher. Nur f\u00fcr Forschungszwecke.\" \/>\n<meta name=\"robots\" content=\"index, follow, max-snippet:-1, max-image-preview:large, max-video-preview:-1\" \/>\n<link rel=\"canonical\" href=\"https:\/\/chemgramx.com\/pl\/produkt-1\/kup-5-meo-dmt-freebase\/\" \/>\n<meta property=\"og:locale\" content=\"pl_PL\" \/>\n<meta property=\"og:type\" content=\"article\" \/>\n<meta property=\"og:title\" content=\"5-MeO-DMT Freebase Kaufen | Research Chemical | Laborqualit\u00e4t Chemgramx\" \/>\n<meta property=\"og:description\" content=\"5-MeO-DMT Freebase kaufen - Hochreine Forschungschemikalie in Freebase-Form. Laborgepr\u00fcfte Qualit\u00e4t, diskret &amp; sicher. Nur f\u00fcr Forschungszwecke.\" \/>\n<meta property=\"og:url\" content=\"https:\/\/chemgramx.com\/pl\/produkt-1\/kup-5-meo-dmt-freebase\/\" \/>\n<meta property=\"og:site_name\" content=\"Chemgramx\" \/>\n<meta property=\"article:modified_time\" content=\"2025-11-21T11:06:22+00:00\" \/>\n<meta property=\"og:image\" content=\"https:\/\/chemgramx.com\/wp-content\/uploads\/2025\/11\/buy-5-meo-dmt-freebase-chem-store-online.png\" \/>\n\t<meta property=\"og:image:width\" content=\"619\" \/>\n\t<meta property=\"og:image:height\" content=\"474\" \/>\n\t<meta property=\"og:image:type\" content=\"image\/png\" \/>\n<meta name=\"twitter:card\" content=\"summary_large_image\" \/>\n<meta name=\"twitter:label1\" content=\"Szacowany czas czytania\" \/>\n\t<meta name=\"twitter:data1\" content=\"4 minuty\" \/>\n<script type=\"application\/ld+json\" class=\"yoast-schema-graph\">{\"@context\":\"https:\\\/\\\/schema.org\",\"@graph\":[{\"@type\":\"WebPage\",\"@id\":\"https:\\\/\\\/chemgramx.com\\\/product\\\/5-meo-dmt-freebase-kaufen\\\/\",\"url\":\"https:\\\/\\\/chemgramx.com\\\/product\\\/5-meo-dmt-freebase-kaufen\\\/\",\"name\":\"5-MeO-DMT Freebase Kaufen | Research Chemical | Laborqualit\u00e4t Chemgramx\",\"isPartOf\":{\"@id\":\"https:\\\/\\\/chemgramx.com\\\/#website\"},\"primaryImageOfPage\":{\"@id\":\"https:\\\/\\\/chemgramx.com\\\/product\\\/5-meo-dmt-freebase-kaufen\\\/#primaryimage\"},\"image\":{\"@id\":\"https:\\\/\\\/chemgramx.com\\\/product\\\/5-meo-dmt-freebase-kaufen\\\/#primaryimage\"},\"thumbnailUrl\":\"https:\\\/\\\/chemgramx.com\\\/wp-content\\\/uploads\\\/2025\\\/11\\\/buy-5-meo-dmt-freebase-chem-store-online.png\",\"datePublished\":\"2025-11-21T11:05:20+00:00\",\"dateModified\":\"2025-11-21T11:06:22+00:00\",\"description\":\"5-MeO-DMT Freebase kaufen - Hochreine Forschungschemikalie in Freebase-Form. Laborgepr\u00fcfte Qualit\u00e4t, diskret &amp; sicher. Nur f\u00fcr Forschungszwecke.\",\"breadcrumb\":{\"@id\":\"https:\\\/\\\/chemgramx.com\\\/product\\\/5-meo-dmt-freebase-kaufen\\\/#breadcrumb\"},\"inLanguage\":\"pl-PL\",\"potentialAction\":[{\"@type\":\"ReadAction\",\"target\":[\"https:\\\/\\\/chemgramx.com\\\/product\\\/5-meo-dmt-freebase-kaufen\\\/\"]}]},{\"@type\":\"ImageObject\",\"inLanguage\":\"pl-PL\",\"@id\":\"https:\\\/\\\/chemgramx.com\\\/product\\\/5-meo-dmt-freebase-kaufen\\\/#primaryimage\",\"url\":\"https:\\\/\\\/chemgramx.com\\\/wp-content\\\/uploads\\\/2025\\\/11\\\/buy-5-meo-dmt-freebase-chem-store-online.png\",\"contentUrl\":\"https:\\\/\\\/chemgramx.com\\\/wp-content\\\/uploads\\\/2025\\\/11\\\/buy-5-meo-dmt-freebase-chem-store-online.png\",\"width\":619,\"height\":474},{\"@type\":\"BreadcrumbList\",\"@id\":\"https:\\\/\\\/chemgramx.com\\\/product\\\/5-meo-dmt-freebase-kaufen\\\/#breadcrumb\",\"itemListElement\":[{\"@type\":\"ListItem\",\"position\":1,\"name\":\"Home\",\"item\":\"https:\\\/\\\/chemgramx.com\\\/\"},{\"@type\":\"ListItem\",\"position\":2,\"name\":\"Shop\",\"item\":\"https:\\\/\\\/chemgramx.com\\\/shop\\\/\"},{\"@type\":\"ListItem\",\"position\":3,\"name\":\"5-MeO-DMT Freebase kaufen\"}]},{\"@type\":\"WebSite\",\"@id\":\"https:\\\/\\\/chemgramx.com\\\/#website\",\"url\":\"https:\\\/\\\/chemgramx.com\\\/\",\"name\":\"Chemgramx\",\"description\":\"\",\"publisher\":{\"@id\":\"https:\\\/\\\/chemgramx.com\\\/#organization\"},\"potentialAction\":[{\"@type\":\"SearchAction\",\"target\":{\"@type\":\"EntryPoint\",\"urlTemplate\":\"https:\\\/\\\/chemgramx.com\\\/?s={search_term_string}\"},\"query-input\":{\"@type\":\"PropertyValueSpecification\",\"valueRequired\":true,\"valueName\":\"search_term_string\"}}],\"inLanguage\":\"pl-PL\"},{\"@type\":\"Organization\",\"@id\":\"https:\\\/\\\/chemgramx.com\\\/#organization\",\"name\":\"Chemgramx\",\"url\":\"https:\\\/\\\/chemgramx.com\\\/\",\"logo\":{\"@type\":\"ImageObject\",\"inLanguage\":\"pl-PL\",\"@id\":\"https:\\\/\\\/chemgramx.com\\\/#\\\/schema\\\/logo\\\/image\\\/\",\"url\":\"https:\\\/\\\/chemgramx.com\\\/wp-content\\\/uploads\\\/2024\\\/10\\\/final-logo.png\",\"contentUrl\":\"https:\\\/\\\/chemgramx.com\\\/wp-content\\\/uploads\\\/2024\\\/10\\\/final-logo.png\",\"width\":250,\"height\":48,\"caption\":\"Chemgramx\"},\"image\":{\"@id\":\"https:\\\/\\\/chemgramx.com\\\/#\\\/schema\\\/logo\\\/image\\\/\"}}]}<\/script>\n<!-- \/ Yoast SEO plugin. -->","yoast_head_json":{"title":"5-MeO-DMT Freebase Buy | Research Chemical | Lab Quality Chemgramx","description":"Kup 5-MeO-DMT Freebase - Badawczy \u015brodek chemiczny o wysokiej czysto\u015bci w formie freebase. Jako\u015b\u0107 testowana laboratoryjnie, dyskretna i bezpieczna. Wy\u0142\u0105cznie do u\u017cytku badawczego.","robots":{"index":"index","follow":"follow","max-snippet":"max-snippet:-1","max-image-preview":"max-image-preview:large","max-video-preview":"max-video-preview:-1"},"canonical":"https:\/\/chemgramx.com\/pl\/produkt-1\/kup-5-meo-dmt-freebase\/","og_locale":"pl_PL","og_type":"article","og_title":"5-MeO-DMT Freebase Kaufen | Research Chemical | Laborqualit\u00e4t Chemgramx","og_description":"5-MeO-DMT Freebase kaufen - Hochreine Forschungschemikalie in Freebase-Form. Laborgepr\u00fcfte Qualit\u00e4t, diskret &amp; sicher. Nur f\u00fcr Forschungszwecke.","og_url":"https:\/\/chemgramx.com\/pl\/produkt-1\/kup-5-meo-dmt-freebase\/","og_site_name":"Chemgramx","article_modified_time":"2025-11-21T11:06:22+00:00","og_image":[{"width":619,"height":474,"url":"https:\/\/chemgramx.com\/wp-content\/uploads\/2025\/11\/buy-5-meo-dmt-freebase-chem-store-online.png","type":"image\/png"}],"twitter_card":"summary_large_image","twitter_misc":{"Szacowany czas czytania":"4 minuty"},"schema":{"@context":"https:\/\/schema.org","@graph":[{"@type":"WebPage","@id":"https:\/\/chemgramx.com\/product\/5-meo-dmt-freebase-kaufen\/","url":"https:\/\/chemgramx.com\/product\/5-meo-dmt-freebase-kaufen\/","name":"5-MeO-DMT Freebase Buy | Research Chemical | Lab Quality Chemgramx","isPartOf":{"@id":"https:\/\/chemgramx.com\/#website"},"primaryImageOfPage":{"@id":"https:\/\/chemgramx.com\/product\/5-meo-dmt-freebase-kaufen\/#primaryimage"},"image":{"@id":"https:\/\/chemgramx.com\/product\/5-meo-dmt-freebase-kaufen\/#primaryimage"},"thumbnailUrl":"https:\/\/chemgramx.com\/wp-content\/uploads\/2025\/11\/buy-5-meo-dmt-freebase-chem-store-online.png","datePublished":"2025-11-21T11:05:20+00:00","dateModified":"2025-11-21T11:06:22+00:00","description":"Kup 5-MeO-DMT Freebase - Badawczy \u015brodek chemiczny o wysokiej czysto\u015bci w formie freebase. Jako\u015b\u0107 testowana laboratoryjnie, dyskretna i bezpieczna. Wy\u0142\u0105cznie do u\u017cytku badawczego.","breadcrumb":{"@id":"https:\/\/chemgramx.com\/product\/5-meo-dmt-freebase-kaufen\/#breadcrumb"},"inLanguage":"pl-PL","potentialAction":[{"@type":"ReadAction","target":["https:\/\/chemgramx.com\/product\/5-meo-dmt-freebase-kaufen\/"]}]},{"@type":"ImageObject","inLanguage":"pl-PL","@id":"https:\/\/chemgramx.com\/product\/5-meo-dmt-freebase-kaufen\/#primaryimage","url":"https:\/\/chemgramx.com\/wp-content\/uploads\/2025\/11\/buy-5-meo-dmt-freebase-chem-store-online.png","contentUrl":"https:\/\/chemgramx.com\/wp-content\/uploads\/2025\/11\/buy-5-meo-dmt-freebase-chem-store-online.png","width":619,"height":474},{"@type":"BreadcrumbList","@id":"https:\/\/chemgramx.com\/product\/5-meo-dmt-freebase-kaufen\/#breadcrumb","itemListElement":[{"@type":"ListItem","position":1,"name":"Home","item":"https:\/\/chemgramx.com\/"},{"@type":"ListItem","position":2,"name":"Shop","item":"https:\/\/chemgramx.com\/shop\/"},{"@type":"ListItem","position":3,"name":"5-MeO-DMT Freebase kaufen"}]},{"@type":"WebSite","@id":"https:\/\/chemgramx.com\/#website","url":"https:\/\/chemgramx.com\/","name":"Chemgramx","description":"","publisher":{"@id":"https:\/\/chemgramx.com\/#organization"},"potentialAction":[{"@type":"SearchAction","target":{"@type":"EntryPoint","urlTemplate":"https:\/\/chemgramx.com\/?s={search_term_string}"},"query-input":{"@type":"PropertyValueSpecification","valueRequired":true,"valueName":"search_term_string"}}],"inLanguage":"pl-PL"},{"@type":"Organization","@id":"https:\/\/chemgramx.com\/#organization","name":"Chemgramx","url":"https:\/\/chemgramx.com\/","logo":{"@type":"ImageObject","inLanguage":"pl-PL","@id":"https:\/\/chemgramx.com\/#\/schema\/logo\/image\/","url":"https:\/\/chemgramx.com\/wp-content\/uploads\/2024\/10\/final-logo.png","contentUrl":"https:\/\/chemgramx.com\/wp-content\/uploads\/2024\/10\/final-logo.png","width":250,"height":48,"caption":"Chemgramx"},"image":{"@id":"https:\/\/chemgramx.com\/#\/schema\/logo\/image\/"}}]}},"_links":{"self":[{"href":"https:\/\/chemgramx.com\/pl\/wp-json\/wp\/v2\/product\/6427","targetHints":{"allow":["GET"]}}],"collection":[{"href":"https:\/\/chemgramx.com\/pl\/wp-json\/wp\/v2\/product"}],"about":[{"href":"https:\/\/chemgramx.com\/pl\/wp-json\/wp\/v2\/types\/product"}],"replies":[{"embeddable":true,"href":"https:\/\/chemgramx.com\/pl\/wp-json\/wp\/v2\/comments?post=6427"}],"wp:featuredmedia":[{"embeddable":true,"href":"https:\/\/chemgramx.com\/pl\/wp-json\/wp\/v2\/media\/6466"}],"wp:attachment":[{"href":"https:\/\/chemgramx.com\/pl\/wp-json\/wp\/v2\/media?parent=6427"}],"wp:term":[{"taxonomy":"product_brand","embeddable":true,"href":"https:\/\/chemgramx.com\/pl\/wp-json\/wp\/v2\/product_brand?post=6427"},{"taxonomy":"product_cat","embeddable":true,"href":"https:\/\/chemgramx.com\/pl\/wp-json\/wp\/v2\/product_cat?post=6427"},{"taxonomy":"product_tag","embeddable":true,"href":"https:\/\/chemgramx.com\/pl\/wp-json\/wp\/v2\/product_tag?post=6427"}],"curies":[{"name":"wp","href":"https:\/\/api.w.org\/{rel}","templated":true}]}}