{"id":6428,"date":"2025-11-21T11:05:20","date_gmt":"2025-11-21T11:05:20","guid":{"rendered":"https:\/\/chemgramx.com\/?post_type=product&#038;p=6428"},"modified":"2025-11-21T11:06:23","modified_gmt":"2025-11-21T11:06:23","slug":"kup-alfa-metylotryptamine-amt","status":"publish","type":"product","link":"https:\/\/chemgramx.com\/pl\/product\/alpha-methyltryptamine-amt-kaufen\/","title":{"rendered":"Kup alfa-metylotryptamin\u0119 (aMT)"},"content":{"rendered":"<p><b>Alfa-metylotryptamina (<span class=\"math-inline\" data-math=\"alpha\">$alpha<\/span>)<\/b> to specjalistyczna substancja chemiczna, kt\u00f3ra nale\u017cy do podstawowej klasy tryptamin. Substancja ta jest <b>wy\u0142\u0105cznie<\/b> przeznaczone do bada\u0144 naukowych w \u015bci\u015ble kontrolowanych \u015brodowiskach laboratoryjnych. Specjalno\u015b\u0107 chemiczna <b>alfa-metylacja<\/b> sprawia <span class=\"math-inline\" data-math=\"alpha\">$alpha$<\/span>MT sta\u0142a si\u0119 podstawowym narz\u0119dziem badawczym do badania <b>Oksydaza monoaminowa (MAO)<\/b> i receptory neuroprzeka\u017anik\u00f3w. W rzeczywisto\u015bci, wysoka czysto\u015b\u0107 (<span class=\"math-inline\" data-math=\"ge 98%\">$ge 98%$<\/span>) oraz szczeg\u00f3\u0142owa dokumentacja analityczna (HPLC, GC\/MS) zapewniaj\u0105 wiarygodno\u015b\u0107 wynik\u00f3w bada\u0144. W zwi\u0105zku z tym pozyskiwanie i obs\u0142uga <span class=\"math-inline\" data-math=\"alpha\">$alpha$<\/span>Najbardziej rygorystyczne protoko\u0142y bezpiecze\u0144stwa, etyczne i prawne MT, kt\u00f3rych przestrzeganie jest obowi\u0105zkowe dla ka\u017cdej organizacji badawczej.<\/p>\n<h2>W\u0142a\u015bciwo\u015bci chemiczne: Rola<span class=\"math-inline\" data-math=\"alpha\">lpha<\/span>Metylacja<\/h2>\n<p>Struktura chemiczna <span class=\"math-inline\" data-math=\"alpha\">$alpha$<\/span>MT jest kluczem do jego wyj\u0105tkowej roli w neurofarmakologii. Nazwa chemiczna <b>alfa-metylotryptamina<\/b> opisuje struktur\u0119: Jest to cz\u0105steczka tryptaminy, kt\u00f3ra ma grup\u0119 metylow\u0105 na atomie w\u0119gla alfa \u0142a\u0144cucha bocznego.<\/p>\n<h3>Struktura i stabilno\u015b\u0107 tryptaminy<\/h3>\n<p><span class=\"math-inline\" data-math=\"alpha\">alfa<\/span>MT jest <b>Indolowa alkiloamina<\/b>, kt\u00f3ra jest chemicznie blisko spokrewniona z endogennym neuroprzeka\u017anikiem serotonin\u0105 (5-hydroksytryptamin\u0105). To podobie\u0144stwo strukturalne wyja\u015bnia jego g\u0142\u00f3wne znaczenie badawcze w dziedzinie uk\u0142ad\u00f3w monoaminowych.<\/p>\n<p>The {<span class=\"math-inline\" data-math=\"mathbf{alpha}\">alpha}<\/span>-podstawienie przy atomie C2 \u0142a\u0144cucha bocznego etyloaminy ma kluczowe znaczenie chemiczne. Nie jest to tylko ma\u0142y szczeg\u00f3\u0142 strukturalny, ale ma daleko id\u0105ce konsekwencje biologiczne. G\u0142\u00f3wnie <b>zablokowany<\/b> grupa metylowa <b>Centrum deaminacji <a href=\"\/product\/ketamine-hcl-kaufen\/\">Oksydaza monoaminowa<\/a> (MAO)<\/b>, g\u0142\u00f3wnego enzymu rozk\u0142adaj\u0105cego tryptaminy w organizmie. Wynika z tego, \u017ce MT w kontek\u015bcie badawczym ma wyra\u017ane znaczenie. <b>D\u0142u\u017cszy okres p\u00f3\u0142trwania<\/b> oraz <b>Wy\u017csza stabilno\u015b\u0107 biologiczna<\/b> w por\u00f3wnaniu do niepodstawionych tryptamin.<\/p>\n<h3>Kszta\u0142t fizyczny i wymagania dotycz\u0105ce przechowywania<\/h3>\n<p>MT jest dost\u0119pny jako <b>krystaliczny proszek<\/b> przed. Jest wysoce rozpuszczalny w rozpuszczalnikach organicznych, co znacznie u\u0142atwia przygotowanie roztwor\u00f3w badawczych do bada\u0144 chemiczno-analitycznych lub kom\u00f3rkowych. Te w\u0142a\u015bciwo\u015bci rozpuszczalno\u015bci s\u0105 wa\u017cne dla ekstrakcji i separacji chromatograficznej.<\/p>\n<p>Chocia\u017c <span class=\"math-inline\" data-math=\"alpha\">alfa<\/span>-metylacja zwi\u0119ksza stabilno\u015b\u0107 metaboliczn\u0105, sam zwi\u0105zek jest <b>Wra\u017cliwo\u015b\u0107 na \u015bwiat\u0142o i tlen<\/b>. Dlatego te\u017c rygorystyczne warunki przechowywania w <b>Zamra\u017carka <span class=\"math-inline\" data-math=\"mathbf{-20^circ C}\">-20 C<\/span><\/b>, pod <b>Atmosfera gazu oboj\u0119tnego<\/b> (np. argon\/azot) jest absolutnie niezb\u0119dna. Zapobiega to utlenianiu wra\u017cliwego pier\u015bcienia indolowego, co prowadzi\u0142oby do szybkiego rozk\u0142adu i zafa\u0142szowania czysto\u015bci.<\/p>\n<h2>Zastosowania badawcze i neurofarmakologia<\/h2>\n<p>MT jest klasycznym i podstawowym narz\u0119dziem w neurofarmakologii, poniewa\u017c mo\u017ce by\u0107 u\u017cywany jako <b>Model z wieloma celami<\/b> dla z\u0142o\u017conych system\u00f3w neuroprzeka\u017anik\u00f3w.<\/p>\n<h3>Odpowiednie obszary bada\u0144<\/h3>\n<ul>\n<li><b>Badania nad receptorami monoaminowymi:<\/b> <span class=\"math-inline\" data-math=\"alpha\">$alpha$<\/span>MT dzia\u0142a nie tylko jako agonista receptor\u00f3w serotoninowych (takich jak <span class=\"math-inline\" data-math=\"5-HT_{2A}\">$5-HT_{2A}$<\/span>), ale tak\u017ce wp\u0142ywa na uwalnianie i wychwyt zwrotny serotoniny, dopaminy i noradrenaliny. Te <b>\u201eAktywno\u015b\u0107 \u201cMulti-target\"<\/b> czyni go idealnym modelem do badania z\u0142o\u017conych interakcji mi\u0119dzy r\u00f3\u017cnymi uk\u0142adami monoaminowymi, co jest wa\u017cne dla rozwoju nowych \u015brodk\u00f3w neuroaktywnych.<\/li>\n<li><b>Badania nad metabolizmem (badania MAO):<\/b> Substancja ta s\u0142u\u017cy jako wa\u017cny standard w badaniach nad inhibicj\u0105 lub specyficzno\u015bci\u0105 substratow\u0105 <b>Oksydaza monoaminowa<\/b>. Skuteczno\u015b\u0107 <span class=\"math-inline\" data-math=\"alpha\">$alpha$<\/span>-metylacji podczas przed\u0142u\u017cania aktywno\u015bci biologicznej. Badania te maj\u0105 kluczowe znaczenie dla zrozumienia farmakokinetyki <span class=\"math-inline\" data-math=\"alpha\">$alpha$<\/span>-substancje metylowane.<\/li>\n<li><b>Zale\u017cno\u015bci struktura-aktywno\u015b\u0107 (SAR):<\/b> <span class=\"math-inline\" data-math=\"alpha\">$alpha$<\/span>MT jest uznawany za <b>Punkt odniesienia<\/b> wykorzystywane w badaniach por\u00f3wnawczych do mapowania wp\u0142ywu dalszych podstawie\u0144 (np. na pier\u015bcieniu indolowym) na powinowactwo do receptora i oporno\u015b\u0107 na MAO. Pomaga to wyizolowa\u0107 molekularne determinanty efektu biologicznego.<\/li>\n<li><b>Toksykologia analityczna:<\/b> Dobrze scharakteryzowan\u0105 substancj\u0105 jest <span class=\"math-inline\" data-math=\"alpha\">$alpha$<\/span>MT jako wa\u017cny wzorzec odniesienia dla rozwoju i walidacji kryminalistycznych metod wykrywania przy u\u017cyciu HPLC lub GC\/MS.<\/li>\n<\/ul>\n<h2>Protoko\u0142y bezpiecze\u0144stwa i zgodno\u015b\u0107 z przepisami<\/h2>\n<p>Ze wzgl\u0119du na jego historyczne zastosowanie i znan\u0105 moc farmakologiczn\u0105, nale\u017cy obchodzi\u0107 si\u0119 z nim wy\u0142\u0105cznie zgodnie z najwy\u017cszymi laboratoryjnymi standardami bezpiecze\u0144stwa i w \u015bcis\u0142ej zgodno\u015bci z prawem.<\/p>\n<h3>Bezpiecze\u0144stwo laboratoryjne i standardy GLP<\/h3>\n<p>Post\u0119powanie z krystalicznym proszkiem wymaga obowi\u0105zkowego <b>\u015arodki ochrony indywidualnej (PPE)<\/b>. Obejmuje to fartuchy laboratoryjne, r\u0119kawiczki jednorazowe i ochron\u0119 oczu. Ponadto, praca pod <b>Dygestorium chemiczne<\/b> jest obowi\u0105zkowe, aby unikn\u0105\u0107 nara\u017cenia przez wdychanie, poniewa\u017c proszek jest wysoce aktywny.<\/p>\n<p>The <b>Dokumentacja analityczna<\/b> (certyfikaty analizy, dane HPLC, GC\/MS) jest nie tylko dowodem jako\u015bci, ale tak\u017ce obowi\u0105zkowe dla obowi\u0105zku dokumentacyjnego w ramach <b>Badania zgodne z GLP<\/b> wymagane. Ponadto dost\u0119pno\u015b\u0107 <b>\u015arodki nadzwyczajne<\/b> (p\u0142ukanie oczu i prysznic ratunkowy) s\u0105 obowi\u0105zkowe w laboratorium, poniewa\u017c <span class=\"math-inline\" data-math=\"alpha\">$alpha$<\/span>MT mo\u017ce by\u0107 potencjalnie toksyczny w niekontrolowanym stanie.<\/p>\n<h3>Zobowi\u0105zania prawne i etyczne<\/h3>\n<p>Zakup tego materia\u0142u jest \u015bci\u015ble zwi\u0105zany z najwy\u017cszymi standardami etycznymi i prawnymi. Kupuj\u0105cy musi dostarczy\u0107 <b>Dow\u00f3d organizacji badawczej<\/b> i <b>cel naukowy<\/b> jasno opisa\u0107.<\/p>\n<h2>Wa\u017cne uwagi i przechowywanie<\/h2>\n<p>Utrzymanie optymalnych warunk\u00f3w przechowywania ma kluczowe znaczenie ze wzgl\u0119du na niestabilno\u015b\u0107 zwi\u0105zku.<\/p>\n<p><b>Optymalne warunki przechowywania:<\/b><\/p>\n<ul>\n<li><b>Temperatura:<\/b> <span class=\"math-inline\" data-math=\"mathbf{-20^circ C}\">-20 C<\/span>\u00a0(zamra\u017carka)<\/li>\n<li><b>Atmosfera:<\/b> Pod <b>Gaz oboj\u0119tny<\/b> (argon\/azot)<\/li>\n<li><b>Ochrona przed \u015bwiat\u0142em:<\/b> W ciemnych, nieprzezroczystych pojemnikach<\/li>\n<li><b>Pojemnik:<\/b> Szczelnie zamkni\u0119te i wyra\u017anie oznakowane<\/li>\n<\/ul>\n<p><b>Ilo\u015bci dost\u0119pne dla instytucji badawczych:<\/b><\/p>\n<ul>\n<li>Pr\u00f3bka badawcza: 100 mg<\/li>\n<li>Ma\u0142a ilo\u015b\u0107: 250 mg<\/li>\n<li>Standardowa ilo\u015b\u0107: 500 mg<\/li>\n<li>Ilo\u015b\u0107 luzem: 1g<\/li>\n<\/ul>\n<p><b>Nota prawna - \u015bcis\u0142e przestrzeganie przepis\u00f3w:<\/b><\/p>\n<p>Ten produkt jest <b>wy\u0142\u0105cznie do cel\u00f3w badawczych<\/b> w instytucjach naukowych. Nabywca nieodwo\u0142alnie potwierdza zakup:<\/p>\n<ul>\n<li>Jest on u\u017cywany tylko w <b>legalne i autoryzowane \u015brodowiska badawcze<\/b>.<\/li>\n<li>The <b>Zgodno\u015b\u0107 ze wszystkimi lokalnymi przepisami i regulacjami<\/b> w danej jurysdykcji.<\/li>\n<li>The <b>Wdro\u017cenie odpowiednich \u015brodk\u00f3w bezpiecze\u0144stwa<\/b> dla ochrony personelu.<\/li>\n<li>The <b>Zakaz nieautoryzowanego u\u017cytkowania<\/b> i konsumpcji.<\/li>\n<\/ul>","protected":false},"excerpt":{"rendered":"<p>Kup alfa-metylotryptamin\u0119 (aMT): Chemikalia badawcze o wysokiej czysto\u015bci do cel\u00f3w bada\u0144 naukowych. Jako\u015b\u0107 testowana laboratoryjnie z certyfikatem analizy. Wy\u0142\u0105cznie do cel\u00f3w badawczych w \u015brodowiskach laboratoryjnych.<\/p>","protected":false},"featured_media":6467,"comment_status":"open","ping_status":"closed","template":"","meta":{"_joinchat":[]},"product_brand":[],"product_cat":[54],"product_tag":[],"class_list":{"0":"post-6428","1":"product","2":"type-product","3":"status-publish","4":"has-post-thumbnail","6":"product_cat-tryptamines","8":"first","9":"instock","10":"shipping-taxable","11":"purchasable","12":"product-type-variable"},"yoast_head":"<!-- This site is optimized with the Yoast SEO plugin v27.5 - https:\/\/yoast.com\/product\/yoast-seo-wordpress\/ -->\n<title>Alpha-Methyltryptamine Kaufen | aMT | Research Chemical Chemgramx<\/title>\n<meta name=\"description\" content=\"Alpha-Methyltryptamine (aMT) kaufen - Hochreine Forschungschemikalie f\u00fcr wissenschaftliche Zwecke. Laborgepr\u00fcfte Qualit\u00e4t, diskret &amp; sicher. Nur f\u00fcr Forschungszwecke.\" \/>\n<meta name=\"robots\" content=\"index, follow, max-snippet:-1, max-image-preview:large, max-video-preview:-1\" \/>\n<link rel=\"canonical\" href=\"https:\/\/chemgramx.com\/pl\/produkt-1\/kup-alfa-metylotryptamine-amt\/\" \/>\n<meta property=\"og:locale\" content=\"pl_PL\" \/>\n<meta property=\"og:type\" content=\"article\" \/>\n<meta property=\"og:title\" content=\"Alpha-Methyltryptamine Kaufen | aMT | Research Chemical Chemgramx\" \/>\n<meta property=\"og:description\" content=\"Alpha-Methyltryptamine (aMT) kaufen - Hochreine Forschungschemikalie f\u00fcr wissenschaftliche Zwecke. Laborgepr\u00fcfte Qualit\u00e4t, diskret &amp; sicher. Nur f\u00fcr Forschungszwecke.\" \/>\n<meta property=\"og:url\" content=\"https:\/\/chemgramx.com\/pl\/produkt-1\/kup-alfa-metylotryptamine-amt\/\" \/>\n<meta property=\"og:site_name\" content=\"Chemgramx\" \/>\n<meta property=\"article:modified_time\" content=\"2025-11-21T11:06:23+00:00\" \/>\n<meta property=\"og:image\" content=\"https:\/\/chemgramx.com\/wp-content\/uploads\/2025\/11\/buy-amt-alpha-methyltryptamine-chem-store-online.png\" \/>\n\t<meta property=\"og:image:width\" content=\"600\" \/>\n\t<meta property=\"og:image:height\" content=\"497\" \/>\n\t<meta property=\"og:image:type\" content=\"image\/png\" \/>\n<meta name=\"twitter:card\" content=\"summary_large_image\" \/>\n<meta name=\"twitter:label1\" content=\"Szacowany czas czytania\" \/>\n\t<meta name=\"twitter:data1\" content=\"4 minuty\" \/>\n<script type=\"application\/ld+json\" class=\"yoast-schema-graph\">{\"@context\":\"https:\\\/\\\/schema.org\",\"@graph\":[{\"@type\":\"WebPage\",\"@id\":\"https:\\\/\\\/chemgramx.com\\\/product\\\/alpha-methyltryptamine-amt-kaufen\\\/\",\"url\":\"https:\\\/\\\/chemgramx.com\\\/product\\\/alpha-methyltryptamine-amt-kaufen\\\/\",\"name\":\"Alpha-Methyltryptamine Kaufen | aMT | Research Chemical Chemgramx\",\"isPartOf\":{\"@id\":\"https:\\\/\\\/chemgramx.com\\\/#website\"},\"primaryImageOfPage\":{\"@id\":\"https:\\\/\\\/chemgramx.com\\\/product\\\/alpha-methyltryptamine-amt-kaufen\\\/#primaryimage\"},\"image\":{\"@id\":\"https:\\\/\\\/chemgramx.com\\\/product\\\/alpha-methyltryptamine-amt-kaufen\\\/#primaryimage\"},\"thumbnailUrl\":\"https:\\\/\\\/chemgramx.com\\\/wp-content\\\/uploads\\\/2025\\\/11\\\/buy-amt-alpha-methyltryptamine-chem-store-online.png\",\"datePublished\":\"2025-11-21T11:05:20+00:00\",\"dateModified\":\"2025-11-21T11:06:23+00:00\",\"description\":\"Alpha-Methyltryptamine (aMT) kaufen - Hochreine Forschungschemikalie f\u00fcr wissenschaftliche Zwecke. Laborgepr\u00fcfte Qualit\u00e4t, diskret &amp; sicher. Nur f\u00fcr Forschungszwecke.\",\"breadcrumb\":{\"@id\":\"https:\\\/\\\/chemgramx.com\\\/product\\\/alpha-methyltryptamine-amt-kaufen\\\/#breadcrumb\"},\"inLanguage\":\"pl-PL\",\"potentialAction\":[{\"@type\":\"ReadAction\",\"target\":[\"https:\\\/\\\/chemgramx.com\\\/product\\\/alpha-methyltryptamine-amt-kaufen\\\/\"]}]},{\"@type\":\"ImageObject\",\"inLanguage\":\"pl-PL\",\"@id\":\"https:\\\/\\\/chemgramx.com\\\/product\\\/alpha-methyltryptamine-amt-kaufen\\\/#primaryimage\",\"url\":\"https:\\\/\\\/chemgramx.com\\\/wp-content\\\/uploads\\\/2025\\\/11\\\/buy-amt-alpha-methyltryptamine-chem-store-online.png\",\"contentUrl\":\"https:\\\/\\\/chemgramx.com\\\/wp-content\\\/uploads\\\/2025\\\/11\\\/buy-amt-alpha-methyltryptamine-chem-store-online.png\",\"width\":600,\"height\":497},{\"@type\":\"BreadcrumbList\",\"@id\":\"https:\\\/\\\/chemgramx.com\\\/product\\\/alpha-methyltryptamine-amt-kaufen\\\/#breadcrumb\",\"itemListElement\":[{\"@type\":\"ListItem\",\"position\":1,\"name\":\"Home\",\"item\":\"https:\\\/\\\/chemgramx.com\\\/\"},{\"@type\":\"ListItem\",\"position\":2,\"name\":\"Shop\",\"item\":\"https:\\\/\\\/chemgramx.com\\\/shop\\\/\"},{\"@type\":\"ListItem\",\"position\":3,\"name\":\"Alpha-Methyltryptamine (aMT) kaufen\"}]},{\"@type\":\"WebSite\",\"@id\":\"https:\\\/\\\/chemgramx.com\\\/#website\",\"url\":\"https:\\\/\\\/chemgramx.com\\\/\",\"name\":\"Chemgramx\",\"description\":\"\",\"publisher\":{\"@id\":\"https:\\\/\\\/chemgramx.com\\\/#organization\"},\"potentialAction\":[{\"@type\":\"SearchAction\",\"target\":{\"@type\":\"EntryPoint\",\"urlTemplate\":\"https:\\\/\\\/chemgramx.com\\\/?s={search_term_string}\"},\"query-input\":{\"@type\":\"PropertyValueSpecification\",\"valueRequired\":true,\"valueName\":\"search_term_string\"}}],\"inLanguage\":\"pl-PL\"},{\"@type\":\"Organization\",\"@id\":\"https:\\\/\\\/chemgramx.com\\\/#organization\",\"name\":\"Chemgramx\",\"url\":\"https:\\\/\\\/chemgramx.com\\\/\",\"logo\":{\"@type\":\"ImageObject\",\"inLanguage\":\"pl-PL\",\"@id\":\"https:\\\/\\\/chemgramx.com\\\/#\\\/schema\\\/logo\\\/image\\\/\",\"url\":\"https:\\\/\\\/chemgramx.com\\\/wp-content\\\/uploads\\\/2024\\\/10\\\/final-logo.png\",\"contentUrl\":\"https:\\\/\\\/chemgramx.com\\\/wp-content\\\/uploads\\\/2024\\\/10\\\/final-logo.png\",\"width\":250,\"height\":48,\"caption\":\"Chemgramx\"},\"image\":{\"@id\":\"https:\\\/\\\/chemgramx.com\\\/#\\\/schema\\\/logo\\\/image\\\/\"}}]}<\/script>\n<!-- \/ Yoast SEO plugin. -->","yoast_head_json":{"title":"Kup alfa-metylotryptamin\u0119 | aMT | Research Chemical Chemgramx","description":"Kup alfa-metylotryptamin\u0119 (aMT) - substancj\u0119 chemiczn\u0105 o wysokiej czysto\u015bci do cel\u00f3w naukowych. Jako\u015b\u0107 testowana laboratoryjnie, dyskretna i bezpieczna. Wy\u0142\u0105cznie do u\u017cytku badawczego.","robots":{"index":"index","follow":"follow","max-snippet":"max-snippet:-1","max-image-preview":"max-image-preview:large","max-video-preview":"max-video-preview:-1"},"canonical":"https:\/\/chemgramx.com\/pl\/produkt-1\/kup-alfa-metylotryptamine-amt\/","og_locale":"pl_PL","og_type":"article","og_title":"Alpha-Methyltryptamine Kaufen | aMT | Research Chemical Chemgramx","og_description":"Alpha-Methyltryptamine (aMT) kaufen - Hochreine Forschungschemikalie f\u00fcr wissenschaftliche Zwecke. Laborgepr\u00fcfte Qualit\u00e4t, diskret &amp; sicher. Nur f\u00fcr Forschungszwecke.","og_url":"https:\/\/chemgramx.com\/pl\/produkt-1\/kup-alfa-metylotryptamine-amt\/","og_site_name":"Chemgramx","article_modified_time":"2025-11-21T11:06:23+00:00","og_image":[{"width":600,"height":497,"url":"https:\/\/chemgramx.com\/wp-content\/uploads\/2025\/11\/buy-amt-alpha-methyltryptamine-chem-store-online.png","type":"image\/png"}],"twitter_card":"summary_large_image","twitter_misc":{"Szacowany czas czytania":"4 minuty"},"schema":{"@context":"https:\/\/schema.org","@graph":[{"@type":"WebPage","@id":"https:\/\/chemgramx.com\/product\/alpha-methyltryptamine-amt-kaufen\/","url":"https:\/\/chemgramx.com\/product\/alpha-methyltryptamine-amt-kaufen\/","name":"Kup alfa-metylotryptamin\u0119 | aMT | Research Chemical Chemgramx","isPartOf":{"@id":"https:\/\/chemgramx.com\/#website"},"primaryImageOfPage":{"@id":"https:\/\/chemgramx.com\/product\/alpha-methyltryptamine-amt-kaufen\/#primaryimage"},"image":{"@id":"https:\/\/chemgramx.com\/product\/alpha-methyltryptamine-amt-kaufen\/#primaryimage"},"thumbnailUrl":"https:\/\/chemgramx.com\/wp-content\/uploads\/2025\/11\/buy-amt-alpha-methyltryptamine-chem-store-online.png","datePublished":"2025-11-21T11:05:20+00:00","dateModified":"2025-11-21T11:06:23+00:00","description":"Kup alfa-metylotryptamin\u0119 (aMT) - substancj\u0119 chemiczn\u0105 o wysokiej czysto\u015bci do cel\u00f3w naukowych. Jako\u015b\u0107 testowana laboratoryjnie, dyskretna i bezpieczna. Wy\u0142\u0105cznie do u\u017cytku badawczego.","breadcrumb":{"@id":"https:\/\/chemgramx.com\/product\/alpha-methyltryptamine-amt-kaufen\/#breadcrumb"},"inLanguage":"pl-PL","potentialAction":[{"@type":"ReadAction","target":["https:\/\/chemgramx.com\/product\/alpha-methyltryptamine-amt-kaufen\/"]}]},{"@type":"ImageObject","inLanguage":"pl-PL","@id":"https:\/\/chemgramx.com\/product\/alpha-methyltryptamine-amt-kaufen\/#primaryimage","url":"https:\/\/chemgramx.com\/wp-content\/uploads\/2025\/11\/buy-amt-alpha-methyltryptamine-chem-store-online.png","contentUrl":"https:\/\/chemgramx.com\/wp-content\/uploads\/2025\/11\/buy-amt-alpha-methyltryptamine-chem-store-online.png","width":600,"height":497},{"@type":"BreadcrumbList","@id":"https:\/\/chemgramx.com\/product\/alpha-methyltryptamine-amt-kaufen\/#breadcrumb","itemListElement":[{"@type":"ListItem","position":1,"name":"Home","item":"https:\/\/chemgramx.com\/"},{"@type":"ListItem","position":2,"name":"Shop","item":"https:\/\/chemgramx.com\/shop\/"},{"@type":"ListItem","position":3,"name":"Alpha-Methyltryptamine (aMT) kaufen"}]},{"@type":"WebSite","@id":"https:\/\/chemgramx.com\/#website","url":"https:\/\/chemgramx.com\/","name":"Chemgramx","description":"","publisher":{"@id":"https:\/\/chemgramx.com\/#organization"},"potentialAction":[{"@type":"SearchAction","target":{"@type":"EntryPoint","urlTemplate":"https:\/\/chemgramx.com\/?s={search_term_string}"},"query-input":{"@type":"PropertyValueSpecification","valueRequired":true,"valueName":"search_term_string"}}],"inLanguage":"pl-PL"},{"@type":"Organization","@id":"https:\/\/chemgramx.com\/#organization","name":"Chemgramx","url":"https:\/\/chemgramx.com\/","logo":{"@type":"ImageObject","inLanguage":"pl-PL","@id":"https:\/\/chemgramx.com\/#\/schema\/logo\/image\/","url":"https:\/\/chemgramx.com\/wp-content\/uploads\/2024\/10\/final-logo.png","contentUrl":"https:\/\/chemgramx.com\/wp-content\/uploads\/2024\/10\/final-logo.png","width":250,"height":48,"caption":"Chemgramx"},"image":{"@id":"https:\/\/chemgramx.com\/#\/schema\/logo\/image\/"}}]}},"_links":{"self":[{"href":"https:\/\/chemgramx.com\/pl\/wp-json\/wp\/v2\/product\/6428","targetHints":{"allow":["GET"]}}],"collection":[{"href":"https:\/\/chemgramx.com\/pl\/wp-json\/wp\/v2\/product"}],"about":[{"href":"https:\/\/chemgramx.com\/pl\/wp-json\/wp\/v2\/types\/product"}],"replies":[{"embeddable":true,"href":"https:\/\/chemgramx.com\/pl\/wp-json\/wp\/v2\/comments?post=6428"}],"wp:featuredmedia":[{"embeddable":true,"href":"https:\/\/chemgramx.com\/pl\/wp-json\/wp\/v2\/media\/6467"}],"wp:attachment":[{"href":"https:\/\/chemgramx.com\/pl\/wp-json\/wp\/v2\/media?parent=6428"}],"wp:term":[{"taxonomy":"product_brand","embeddable":true,"href":"https:\/\/chemgramx.com\/pl\/wp-json\/wp\/v2\/product_brand?post=6428"},{"taxonomy":"product_cat","embeddable":true,"href":"https:\/\/chemgramx.com\/pl\/wp-json\/wp\/v2\/product_cat?post=6428"},{"taxonomy":"product_tag","embeddable":true,"href":"https:\/\/chemgramx.com\/pl\/wp-json\/wp\/v2\/product_tag?post=6428"}],"curies":[{"name":"wp","href":"https:\/\/api.w.org\/{rel}","templated":true}]}}