{"id":6430,"date":"2025-11-21T11:05:21","date_gmt":"2025-11-21T11:05:21","guid":{"rendered":"https:\/\/chemgramx.com\/?post_type=product&#038;p=6430"},"modified":"2025-11-21T11:06:23","modified_gmt":"2025-11-21T11:06:23","slug":"kupic-fumaran-metylu","status":"publish","type":"product","link":"https:\/\/chemgramx.com\/pl\/produkt-2\/kupic-fumaran-metylu\/","title":{"rendered":"Kup fumaran metylu"},"content":{"rendered":"<p><b>Fumaran MET (N-metylo-N-etylotryptamina)<\/b> jest specjalistyczn\u0105 substancj\u0105 chemiczn\u0105 do bada\u0144, kt\u00f3ra nale\u017cy do podstawowej klasy <b>Pochodne tryptaminy<\/b> nale\u017cy. Materia\u0142 ten znajduje si\u0119 w <b>Posta\u0107 soli fumaranu<\/b> i jest <b>wy\u0142\u0105cznie<\/b> zaprojektowany do bada\u0144 naukowych w \u015bci\u015ble kontrolowanych \u015brodowiskach laboratoryjnych. W por\u00f3wnaniu z woln\u0105 zasad\u0105 lub innymi solami, wyb\u00f3r formy fumaranu oferuje <b>Poprawiona stabilno\u015b\u0107 i trwa\u0142o\u015b\u0107<\/b>, co jest niezb\u0119dne w przypadku d\u0142ugoterminowych projekt\u00f3w badawczych. Ponadto, wysoka czysto\u015b\u0107 (<span class=\"math-inline\" data-math=\"mathbf{ge 98%}\">$mathbf{ge 98%}$<\/span>) oraz dok\u0142adna masa cz\u0105steczkowa zapewniaj\u0105 powtarzalno\u015b\u0107 eksperyment\u00f3w analitycznych i farmakologicznych. W zwi\u0105zku z tym pozyskiwanie i obs\u0142uga fumaranu MET <b>najsurowsze protoko\u0142y bezpiecze\u0144stwa, etyczne i prawne<\/b>.<\/p>\n<h2>Charakterystyka chemiczna i zalety formy soli fumaranu<\/h2>\n<p>Dok\u0142adna struktura chemiczna i wyb\u00f3r formy soli maj\u0105 kluczowe znaczenie dla przechowywania i stosowania MET w wodnych systemach badawczych. <b>MET<\/b> jest <b>Indolowa alkiloamina<\/b> strukturalny analog endogennego neuroprzeka\u017anika serotoniny (<span class=\"math-inline\" data-math=\"mathbf{5-HT}\">$mathbf{5-HT}$<\/span>), co uzasadnia jego badanie w kontek\u015bcie bada\u0144 nad receptorami serotoninowymi. The <b>N-alkilowanie<\/b> z <b>Grupy metylowe i etylowe<\/b> w grupie aminowej ma decyduj\u0105ce znaczenie dla w\u0142a\u015bciwo\u015bci farmakokinetycznych. Podstawniki te wp\u0142ywaj\u0105 nie tylko na powinowactwo do r\u00f3\u017cnych podtyp\u00f3w receptor\u00f3w serotoninowych, ale tak\u017ce na tempo metabolizmu zwi\u0105zku. W zwi\u0105zku z tym w <b>Badanie relacji struktura-aktywno\u015b\u0107 (SAR)<\/b> Efekt tych asymetrycznych podstawie\u0144 N by\u0142 intensywnie badany w celu zmapowania molekularnych determinant\u00f3w efektu biologicznego.<\/p>\n<p>Wyb\u00f3r <b>S\u00f3l fumaranu<\/b> jest ugruntowan\u0105 praktyk\u0105 w badaniach chemicznych, poniewa\u017c fumarany cz\u0119sto maj\u0105 <b>Lepsza stabilno\u015b\u0107 krystaliczna<\/b> oraz <b>Ni\u017csza higroskopijno\u015b\u0107<\/b> (wch\u0142anianie wilgoci) ni\u017c wolne zasady lub sole chlorowodorkowe. Ta stabilno\u015b\u0107 jest szczeg\u00f3lnie wa\u017cna dla <b>Przechowywanie d\u0142ugoterminowe<\/b> w zalecanych suchych i ch\u0142odnych warunkach, aby zapewni\u0107 chemiczn\u0105 integralno\u015b\u0107 materia\u0142u. <b>Fumarany MET<\/b> jest dost\u0119pny w postaci drobnokrystalicznego proszku i jest <b>umiarkowanie rozpuszczalny w wodzie<\/b>. Umo\u017cliwia to prost\u0105 produkcj\u0119 <b>wodne roztwory podstawowe<\/b> dla wi\u0119kszo\u015bci test\u00f3w biologicznych i procedur analitycznych. Ponadto, dok\u0142adna masa cz\u0105steczkowa<span class=\"math-inline\" data-math=\"mathbf{von , 290.35 , g\/mol}\">, 290,35 g\/mol<\/span>\u00a0absolutnie niezb\u0119dne dla <b>Dok\u0142adne obliczenia stechiometryczne<\/b>, kt\u00f3ra stanowi podstaw\u0119 odtwarzalno\u015bci wszystkich test\u00f3w ilo\u015bciowych.<\/p>\n<h2>Zastosowania badawcze w neurofarmakologii i analityce<\/h2>\n<ul>\n<li>Fumaran MET s\u0142u\u017cy jako wa\u017cne narz\u0119dzie w neurofarmakologii do wyja\u015bnienia mechanizm\u00f3w dzia\u0142ania pochodnych tryptaminy na uk\u0142ady monoaminowe. Badania podzielone s\u0105 na kilka zasadniczych obszar\u00f3w:<\/li>\n<li>G\u0142\u00f3wnym obszarem zastosowania jest badanie <b>Badania wi\u0105zania receptor\u00f3w<\/b>, gdzie <b>Powinowactwa wi\u0105\u017c\u0105ce<\/b> oraz <b>dzia\u0142ania funkcjonalne<\/b> MET na r\u00f3\u017cnych podtypach receptor\u00f3w serotoninowych. Badania te pomagaj\u0105 zrozumie\u0107 zwi\u0105zek mi\u0119dzy struktur\u0105 chemiczn\u0105 a efektem biologicznym.<\/li>\n<li>R\u00f3wnie wa\u017cne s\u0105 <b>Badania metabolizmu<\/b>, w kt\u00f3rych zwi\u0105zek jest stosowany jako substrat. Szlaki degradacji biochemicznej w uk\u0142adzie modelowym (np. mikrosomach w\u0105troby) s\u0105 mapowane w celu okre\u015blenia <b>Okres p\u00f3\u0142trwania<\/b> i <b>potencjalnie aktywne metabolity<\/b> zidentyfikowa\u0107.<\/li>\n<li>Wiedza ta jest wa\u017cna dla <b>Toksykologia i farmakokinetyka<\/b> o kluczowym znaczeniu. Materia\u0142 o wysokiej czysto\u015bci s\u0142u\u017cy r\u00f3wnie\u017c jako <b>standard analityczny<\/b> dla <b>Walidacja GC\/MS i HPLC<\/b> w laboratoriach kryminalistycznych i toksykologicznych.<\/li>\n<li>Wreszcie, MET w <b>Badania por\u00f3wnawcze SAR<\/b> zosta\u0142 u\u017cyty jako punkt odniesienia do mapowania wp\u0142ywu dalszych podstawie\u0144 w rdzeniu tryptaminy na powinowactwo receptora.<\/li>\n<\/ul>\n<h2>Protoko\u0142y bezpiecze\u0144stwa i zgodno\u015b\u0107 z przepisami<\/h2>\n<p>Potencjalna aktywno\u015b\u0107 farmakologiczna i klasyfikacja chemiczna wymagaj\u0105 najwy\u017cszych standard\u00f3w bezpiecze\u0144stwa i \u015bcis\u0142ego przestrzegania prawa, w szczeg\u00f3lno\u015bci <b>Standardy GLP (Dobra Praktyka Laboratoryjna)<\/b>.<\/p>\n<p>Aby chroni\u0107 personel laboratoryjny, drobny proszek mo\u017ce by\u0107 przenoszony wy\u0142\u0105cznie z obowi\u0105zkowymi <b><a href=\"\/pl\/produkt-2\/1b-lsd-125mcg-blotters-kaufen\/\">Bardziej osobisty<\/a> Sprz\u0119t ochronny (PPE)<\/b>, sk\u0142adaj\u0105cy si\u0119 z fartucha laboratoryjnego, r\u0119kawic i okular\u00f3w ochronnych. Ponadto praca musi by\u0107 wykonywana pod <b>Dygestorium chemiczne<\/b> poniewa\u017c minimalizuje to ryzyko wdychania i zanieczyszczenia krzy\u017cowego w laboratorium. Za\u0142\u0105czony <b><a href=\"\/pl\/produkt-2\/xanax-alprazolam-2mg\/\">Certyfikaty analizy<\/a> (HPLC, GC\/MS)<\/b> nie tylko s\u0142u\u017c\u0105 jako dow\u00f3d jako\u015bci, ale s\u0105 r\u00f3wnie\u017c obowi\u0105zkowe w celu zapewnienia zgodno\u015bci z przepisami <b>Obowi\u0105zek dokumentacyjny<\/b> wymagane w kontek\u015bcie bada\u0144 naukowych.<\/p>\n<p>Nale\u017cy jednoznacznie podkre\u015bli\u0107, \u017ce MET Fumarate w Niemczech i wielu innych krajach podlega <b>Ustawa o nowych substancjach psychoaktywnych (NpSG)<\/b> lub podobnych przepis\u00f3w antynarkotykowych. Nabycie wymaga zatem <b>Dow\u00f3d organizacji badawczej<\/b> i <b>Opis naukowy projektu<\/b>, aby zapewni\u0107, \u017ce substancja chemiczna jest wykorzystywana wy\u0142\u0105cznie w legalnych, naukowych i etycznych projektach badawczych.<\/p>\n<h2>Informacje dotycz\u0105ce optymalnego przechowywania i zamawiania<\/h2>\n<p>Aby zapewni\u0107 stabilno\u015b\u0107 chemiczn\u0105 MET Fumarate, nale\u017cy przestrzega\u0107 \u015bcis\u0142ych warunk\u00f3w przechowywania. Optymalne przechowywanie d\u0142ugoterminowe odbywa si\u0119 w temperaturze <b><span class=\"math-inline\" data-math=\"mathbf{-20^circ C}\">$mathbf{-20^circ C}$<\/span> (zamra\u017carka)<\/b>, aby spowolni\u0107 procesy rozk\u0142adu. Substancja musi by\u0107 <b>Atmosfera gazu oboj\u0119tnego<\/b> (argon\/azot), oraz <b>Chronione przed \u015bwiat\u0142em<\/b> przechowywa\u0107 w ciemnych, szczelnie zamkni\u0119tych pojemnikach.<\/p>\n<p><b>Ilo\u015bci dost\u0119pne dla instytucji badawczych:<\/b><\/p>\n<ul>\n<li>Pr\u00f3bka badawcza: 10g<\/li>\n<li>Ma\u0142a ilo\u015b\u0107: 25g<\/li>\n<li>Standardowa ilo\u015b\u0107: 50 g<\/li>\n<li>Ilo\u015b\u0107 luzem: 100g<\/li>\n<\/ul>\n<h2>Nota prawna - \u015bcis\u0142e przestrzeganie przepis\u00f3w<\/h2>\n<p>Ten produkt jest\u00a0<b>wy\u0142\u0105cznie do cel\u00f3w badawczych<\/b>\u00a0w instytucjach naukowych. Nabywca nieodwo\u0142alnie potwierdza zakup:<\/p>\n<ul>\n<li>Jest on u\u017cywany tylko w\u00a0<b>legalne i autoryzowane \u015brodowiska badawcze<\/b>.<\/li>\n<li>The\u00a0<b>Zgodno\u015b\u0107 ze wszystkimi lokalnymi przepisami i regulacjami<\/b>\u00a0w danej jurysdykcji.<\/li>\n<li>The\u00a0<b>Wdro\u017cenie odpowiednich \u015brodk\u00f3w bezpiecze\u0144stwa<\/b>\u00a0dla ochrony personelu.<\/li>\n<li>The\u00a0<b>Zakaz nieautoryzowanego u\u017cytkowania<\/b>\u00a0i konsumpcji.<\/li>\n<\/ul>","protected":false},"excerpt":{"rendered":"<p>Kup MET Fumarate: N-metylo-N-etylotryptamina w postaci fumaranu do cel\u00f3w bada\u0144 naukowych. Wysoka czysto\u015b\u0107 z certyfikatem analizy. Tylko dla wykwalifikowanych organizacji badawczych.<\/p>","protected":false},"featured_media":6469,"comment_status":"open","ping_status":"closed","template":"","meta":{"_joinchat":[]},"product_brand":[],"product_cat":[54],"product_tag":[],"class_list":{"0":"post-6430","1":"product","2":"type-product","3":"status-publish","4":"has-post-thumbnail","6":"product_cat-tryptamines","8":"first","9":"instock","10":"shipping-taxable","11":"purchasable","12":"product-type-variable"},"yoast_head":"<!-- This site is optimized with the Yoast SEO plugin v26.3 - https:\/\/yoast.com\/wordpress\/plugins\/seo\/ -->\n<title>MET Fumarate Kaufen | N-methyl-N-ethyltryptamineChemgramx<\/title>\n<meta name=\"description\" content=\"MET Fumarate kaufen - N-methyl-N-ethyltryptamine f\u00fcr wissenschaftliche Forschung. Hochrein, laborgepr\u00fcft. Ausschlie\u00dflich f\u00fcr Forschungszwecke.\" \/>\n<meta name=\"robots\" content=\"noindex, follow, max-snippet:-1, max-image-preview:large, max-video-preview:-1\" \/>\n<meta property=\"og:locale\" content=\"pl_PL\" \/>\n<meta property=\"og:type\" content=\"article\" \/>\n<meta property=\"og:title\" content=\"MET Fumarate Kaufen | N-methyl-N-ethyltryptamineChemgramx\" \/>\n<meta property=\"og:description\" content=\"MET Fumarate kaufen - N-methyl-N-ethyltryptamine f\u00fcr wissenschaftliche Forschung. Hochrein, laborgepr\u00fcft. Ausschlie\u00dflich f\u00fcr Forschungszwecke.\" \/>\n<meta property=\"og:url\" content=\"https:\/\/chemgramx.com\/pl\/produkt-2\/kupic-fumaran-metylu\/\" \/>\n<meta property=\"og:site_name\" content=\"Chemgramx\" \/>\n<meta property=\"article:modified_time\" content=\"2025-11-21T11:06:23+00:00\" \/>\n<meta property=\"og:image\" content=\"https:\/\/chemgramx.com\/wp-content\/uploads\/2025\/11\/buy-met-fumarate-n-methyl-n-ethyltryptamine-chem-store-online.png\" \/>\n\t<meta property=\"og:image:width\" content=\"643\" \/>\n\t<meta property=\"og:image:height\" content=\"379\" \/>\n\t<meta property=\"og:image:type\" content=\"image\/png\" \/>\n<meta name=\"twitter:card\" content=\"summary_large_image\" \/>\n<meta name=\"twitter:label1\" content=\"Szacowany czas czytania\" \/>\n\t<meta name=\"twitter:data1\" content=\"4 minuty\" \/>\n<script type=\"application\/ld+json\" class=\"yoast-schema-graph\">{\"@context\":\"https:\/\/schema.org\",\"@graph\":[{\"@type\":\"WebPage\",\"@id\":\"https:\/\/chemgramx.com\/product\/met-fumarate-kaufen\/\",\"url\":\"https:\/\/chemgramx.com\/product\/met-fumarate-kaufen\/\",\"name\":\"MET Fumarate Kaufen | N-methyl-N-ethyltryptamineChemgramx\",\"isPartOf\":{\"@id\":\"https:\/\/chemgramx.com\/#website\"},\"primaryImageOfPage\":{\"@id\":\"https:\/\/chemgramx.com\/product\/met-fumarate-kaufen\/#primaryimage\"},\"image\":{\"@id\":\"https:\/\/chemgramx.com\/product\/met-fumarate-kaufen\/#primaryimage\"},\"thumbnailUrl\":\"https:\/\/chemgramx.com\/wp-content\/uploads\/2025\/11\/buy-met-fumarate-n-methyl-n-ethyltryptamine-chem-store-online.png\",\"datePublished\":\"2025-11-21T11:05:21+00:00\",\"dateModified\":\"2025-11-21T11:06:23+00:00\",\"description\":\"MET Fumarate kaufen - N-methyl-N-ethyltryptamine f\u00fcr wissenschaftliche Forschung. Hochrein, laborgepr\u00fcft. Ausschlie\u00dflich f\u00fcr Forschungszwecke.\",\"breadcrumb\":{\"@id\":\"https:\/\/chemgramx.com\/product\/met-fumarate-kaufen\/#breadcrumb\"},\"inLanguage\":\"pl-PL\",\"potentialAction\":[{\"@type\":\"ReadAction\",\"target\":[\"https:\/\/chemgramx.com\/product\/met-fumarate-kaufen\/\"]}]},{\"@type\":\"ImageObject\",\"inLanguage\":\"pl-PL\",\"@id\":\"https:\/\/chemgramx.com\/product\/met-fumarate-kaufen\/#primaryimage\",\"url\":\"https:\/\/chemgramx.com\/wp-content\/uploads\/2025\/11\/buy-met-fumarate-n-methyl-n-ethyltryptamine-chem-store-online.png\",\"contentUrl\":\"https:\/\/chemgramx.com\/wp-content\/uploads\/2025\/11\/buy-met-fumarate-n-methyl-n-ethyltryptamine-chem-store-online.png\",\"width\":643,\"height\":379},{\"@type\":\"BreadcrumbList\",\"@id\":\"https:\/\/chemgramx.com\/product\/met-fumarate-kaufen\/#breadcrumb\",\"itemListElement\":[{\"@type\":\"ListItem\",\"position\":1,\"name\":\"Home\",\"item\":\"https:\/\/chemgramx.com\/\"},{\"@type\":\"ListItem\",\"position\":2,\"name\":\"Shop\",\"item\":\"https:\/\/chemgramx.com\/shop\/\"},{\"@type\":\"ListItem\",\"position\":3,\"name\":\"MET Fumarate kaufen\"}]},{\"@type\":\"WebSite\",\"@id\":\"https:\/\/chemgramx.com\/#website\",\"url\":\"https:\/\/chemgramx.com\/\",\"name\":\"Chemgramx\",\"description\":\"\",\"publisher\":{\"@id\":\"https:\/\/chemgramx.com\/#organization\"},\"potentialAction\":[{\"@type\":\"SearchAction\",\"target\":{\"@type\":\"EntryPoint\",\"urlTemplate\":\"https:\/\/chemgramx.com\/?s={search_term_string}\"},\"query-input\":{\"@type\":\"PropertyValueSpecification\",\"valueRequired\":true,\"valueName\":\"search_term_string\"}}],\"inLanguage\":\"pl-PL\"},{\"@type\":\"Organization\",\"@id\":\"https:\/\/chemgramx.com\/#organization\",\"name\":\"Chemgramx\",\"url\":\"https:\/\/chemgramx.com\/\",\"logo\":{\"@type\":\"ImageObject\",\"inLanguage\":\"pl-PL\",\"@id\":\"https:\/\/chemgramx.com\/#\/schema\/logo\/image\/\",\"url\":\"https:\/\/chemgramx.com\/wp-content\/uploads\/2024\/10\/final-logo.png\",\"contentUrl\":\"https:\/\/chemgramx.com\/wp-content\/uploads\/2024\/10\/final-logo.png\",\"width\":250,\"height\":48,\"caption\":\"Chemgramx\"},\"image\":{\"@id\":\"https:\/\/chemgramx.com\/#\/schema\/logo\/image\/\"}}]}<\/script>\n<!-- \/ Yoast SEO plugin. -->","yoast_head_json":{"title":"Kup MET Fumarate | N-metylo-N-etylotryptaminaChemgramx","description":"Kup MET Fumarate - N-metylo-N-etylotryptamin\u0119 do bada\u0144 naukowych. Wysoka czysto\u015b\u0107, testowana laboratoryjnie. Wy\u0142\u0105cznie do cel\u00f3w badawczych.","robots":{"index":"noindex","follow":"follow","max-snippet":"max-snippet:-1","max-image-preview":"max-image-preview:large","max-video-preview":"max-video-preview:-1"},"og_locale":"pl_PL","og_type":"article","og_title":"MET Fumarate Kaufen | N-methyl-N-ethyltryptamineChemgramx","og_description":"MET Fumarate kaufen - N-methyl-N-ethyltryptamine f\u00fcr wissenschaftliche Forschung. Hochrein, laborgepr\u00fcft. Ausschlie\u00dflich f\u00fcr Forschungszwecke.","og_url":"https:\/\/chemgramx.com\/pl\/produkt-2\/kupic-fumaran-metylu\/","og_site_name":"Chemgramx","article_modified_time":"2025-11-21T11:06:23+00:00","og_image":[{"width":643,"height":379,"url":"https:\/\/chemgramx.com\/wp-content\/uploads\/2025\/11\/buy-met-fumarate-n-methyl-n-ethyltryptamine-chem-store-online.png","type":"image\/png"}],"twitter_card":"summary_large_image","twitter_misc":{"Szacowany czas czytania":"4 minuty"},"schema":{"@context":"https:\/\/schema.org","@graph":[{"@type":"WebPage","@id":"https:\/\/chemgramx.com\/product\/met-fumarate-kaufen\/","url":"https:\/\/chemgramx.com\/product\/met-fumarate-kaufen\/","name":"Kup MET Fumarate | N-metylo-N-etylotryptaminaChemgramx","isPartOf":{"@id":"https:\/\/chemgramx.com\/#website"},"primaryImageOfPage":{"@id":"https:\/\/chemgramx.com\/product\/met-fumarate-kaufen\/#primaryimage"},"image":{"@id":"https:\/\/chemgramx.com\/product\/met-fumarate-kaufen\/#primaryimage"},"thumbnailUrl":"https:\/\/chemgramx.com\/wp-content\/uploads\/2025\/11\/buy-met-fumarate-n-methyl-n-ethyltryptamine-chem-store-online.png","datePublished":"2025-11-21T11:05:21+00:00","dateModified":"2025-11-21T11:06:23+00:00","description":"Kup MET Fumarate - N-metylo-N-etylotryptamin\u0119 do bada\u0144 naukowych. Wysoka czysto\u015b\u0107, testowana laboratoryjnie. Wy\u0142\u0105cznie do cel\u00f3w badawczych.","breadcrumb":{"@id":"https:\/\/chemgramx.com\/product\/met-fumarate-kaufen\/#breadcrumb"},"inLanguage":"pl-PL","potentialAction":[{"@type":"ReadAction","target":["https:\/\/chemgramx.com\/product\/met-fumarate-kaufen\/"]}]},{"@type":"ImageObject","inLanguage":"pl-PL","@id":"https:\/\/chemgramx.com\/product\/met-fumarate-kaufen\/#primaryimage","url":"https:\/\/chemgramx.com\/wp-content\/uploads\/2025\/11\/buy-met-fumarate-n-methyl-n-ethyltryptamine-chem-store-online.png","contentUrl":"https:\/\/chemgramx.com\/wp-content\/uploads\/2025\/11\/buy-met-fumarate-n-methyl-n-ethyltryptamine-chem-store-online.png","width":643,"height":379},{"@type":"BreadcrumbList","@id":"https:\/\/chemgramx.com\/product\/met-fumarate-kaufen\/#breadcrumb","itemListElement":[{"@type":"ListItem","position":1,"name":"Home","item":"https:\/\/chemgramx.com\/"},{"@type":"ListItem","position":2,"name":"Shop","item":"https:\/\/chemgramx.com\/shop\/"},{"@type":"ListItem","position":3,"name":"MET Fumarate kaufen"}]},{"@type":"WebSite","@id":"https:\/\/chemgramx.com\/#website","url":"https:\/\/chemgramx.com\/","name":"Chemgramx","description":"","publisher":{"@id":"https:\/\/chemgramx.com\/#organization"},"potentialAction":[{"@type":"SearchAction","target":{"@type":"EntryPoint","urlTemplate":"https:\/\/chemgramx.com\/?s={search_term_string}"},"query-input":{"@type":"PropertyValueSpecification","valueRequired":true,"valueName":"search_term_string"}}],"inLanguage":"pl-PL"},{"@type":"Organization","@id":"https:\/\/chemgramx.com\/#organization","name":"Chemgramx","url":"https:\/\/chemgramx.com\/","logo":{"@type":"ImageObject","inLanguage":"pl-PL","@id":"https:\/\/chemgramx.com\/#\/schema\/logo\/image\/","url":"https:\/\/chemgramx.com\/wp-content\/uploads\/2024\/10\/final-logo.png","contentUrl":"https:\/\/chemgramx.com\/wp-content\/uploads\/2024\/10\/final-logo.png","width":250,"height":48,"caption":"Chemgramx"},"image":{"@id":"https:\/\/chemgramx.com\/#\/schema\/logo\/image\/"}}]}},"_links":{"self":[{"href":"https:\/\/chemgramx.com\/pl\/wp-json\/wp\/v2\/product\/6430","targetHints":{"allow":["GET"]}}],"collection":[{"href":"https:\/\/chemgramx.com\/pl\/wp-json\/wp\/v2\/product"}],"about":[{"href":"https:\/\/chemgramx.com\/pl\/wp-json\/wp\/v2\/types\/product"}],"replies":[{"embeddable":true,"href":"https:\/\/chemgramx.com\/pl\/wp-json\/wp\/v2\/comments?post=6430"}],"wp:featuredmedia":[{"embeddable":true,"href":"https:\/\/chemgramx.com\/pl\/wp-json\/wp\/v2\/media\/6469"}],"wp:attachment":[{"href":"https:\/\/chemgramx.com\/pl\/wp-json\/wp\/v2\/media?parent=6430"}],"wp:term":[{"taxonomy":"product_brand","embeddable":true,"href":"https:\/\/chemgramx.com\/pl\/wp-json\/wp\/v2\/product_brand?post=6430"},{"taxonomy":"product_cat","embeddable":true,"href":"https:\/\/chemgramx.com\/pl\/wp-json\/wp\/v2\/product_cat?post=6430"},{"taxonomy":"product_tag","embeddable":true,"href":"https:\/\/chemgramx.com\/pl\/wp-json\/wp\/v2\/product_tag?post=6430"}],"curies":[{"name":"wp","href":"https:\/\/api.w.org\/{rel}","templated":true}]}}