{"id":6431,"date":"2025-11-21T11:05:21","date_gmt":"2025-11-21T11:05:21","guid":{"rendered":"https:\/\/chemgramx.com\/?post_type=product&#038;p=6431"},"modified":"2025-11-21T11:06:23","modified_gmt":"2025-11-21T11:06:23","slug":"kupic-fumaran-mipt","status":"publish","type":"product","link":"https:\/\/chemgramx.com\/pl\/product\/mipt-fumarate-kaufen\/","title":{"rendered":"Kup MiPT Fumarate"},"content":{"rendered":"<p><b>Fumaran MiPT (N-metylo-N-izopropylotryptamina)<\/b> jest specjalistyczn\u0105 substancj\u0105 chemiczn\u0105 do bada\u0144, kt\u00f3ra nale\u017cy do podstawowej klasy <b>Pochodne tryptaminy<\/b> nale\u017cy. Materia\u0142 ten znajduje si\u0119 w <b>Posta\u0107 soli fumaranu<\/b> i jest <b>wy\u0142\u0105cznie<\/b> zaprojektowany do bada\u0144 naukowych w \u015bci\u015ble kontrolowanych \u015brodowiskach laboratoryjnych. Wyb\u00f3r formy fumaranu oferuje <b>Poprawiona stabilno\u015b\u0107 i trwa\u0142o\u015b\u0107<\/b> w por\u00f3wnaniu z woln\u0105 zasad\u0105 lub innymi solami, co ma kluczowe znaczenie dla niezawodno\u015bci d\u0142ugoterminowych projekt\u00f3w badawczych. Ponadto, wysoka czysto\u015b\u0107 (<span class=\"math-inline\" data-math=\"mathbf{ge 98%}\">$mathbf{ge 98%}$<\/span>) oraz dok\u0142adna masa cz\u0105steczkowa zapewniaj\u0105 powtarzalno\u015b\u0107 eksperyment\u00f3w analitycznych i farmakologicznych. W zwi\u0105zku z tym pozyskiwanie i obs\u0142uga MiPT Fumarate <b>najsurowsze protoko\u0142y bezpiecze\u0144stwa, etyczne i prawne<\/b>.<\/p>\n<h2>Struktura chemiczna i zalety stabilno\u015bci formy fumaranu<\/h2>\n<p>Nazwa chemiczna <b>Fumaran N-metylo-N-izopropylotryptaminy<\/b> okre\u015bla dok\u0142adn\u0105 konfiguracj\u0119 tej N-alkilowanej tryptaminy. Zrozumienie tej struktury i zalet formy soli ma ogromne znaczenie dla zastosowa\u0144 laboratoryjnych.<\/p>\n<h3>Asymetryczna N-alkilacja i farmakokinetyka<\/h3>\n<p>Jak <b>Indolowa pochodna alkiloaminy<\/b> MiPT jest strukturalnym analogiem endogennego neuroprzeka\u017anika serotoniny (<span class=\"math-inline\" data-math=\"mathbf{5-HT}\">$mathbf{5-HT}$<\/span>). To podobie\u0144stwo strukturalne jest g\u0142\u00f3wn\u0105 podstaw\u0105 do jego badania w neurofarmakologii. Z drugiej strony <b>asymetryczna N-alkilacja<\/b> z grup\u0105 metylow\u0105 i izopropylow\u0105 na grupie aminowej ma kluczowe znaczenie dla w\u0142a\u015bciwo\u015bci farmakokinetycznych i powinowactwa zwi\u0105zku do receptora. W szczeg\u00f3lno\u015bci <b>Du\u017ca pozosta\u0142o\u015b\u0107 izopropylu<\/b> w <b>Lipofilia<\/b> i metaboliczny los substancji. W zwi\u0105zku z tym, efekt tych asymetrycznych N-podstawie\u0144 w <b>Badanie relacji struktura-aktywno\u015b\u0107 (SAR)<\/b> intensywnie badane w celu zmapowania molekularnych determinant\u00f3w efektu biologicznego.<\/p>\n<h3>S\u00f3l fumaranu i precyzja analityczna<\/h3>\n<p>Korzystanie z <b>S\u00f3l fumaranu<\/b> jest powszechn\u0105 i preferowan\u0105 praktyk\u0105 w badaniach chemicznych. Wynika to z faktu, \u017ce fumarany cz\u0119sto posiadaj\u0105 <b>Lepsza stabilno\u015b\u0107 krystaliczna<\/b> oraz <b><a href=\"\/product\/1b-lsd-125mcg-blotters-kaufen\/\">ni\u017cszy<\/a> Absorpcja wilgoci (higroskopijno\u015b\u0107)<\/b> ni\u017c inne formy soli lub wolne zasady. Ta w\u0142a\u015bciwo\u015b\u0107 ma kluczowe znaczenie dla d\u0142ugotrwa\u0142ego przechowywania w zalecanych suchych i ch\u0142odnych warunkach, aby zapewni\u0107 integralno\u015b\u0107 chemiczn\u0105 materia\u0142u. Wreszcie <b>Fumarany MiPT<\/b> jak <b>krystaliczny proszek<\/b> i jest <b>umiarkowanie rozpuszczalny w wodzie<\/b>, co u\u0142atwia nieskomplikowan\u0105 produkcj\u0119 <b>wodne roztwory podstawowe<\/b> dla wi\u0119kszo\u015bci test\u00f3w biologicznych i procedur analitycznych.<\/p>\n<h2>Aplikacje badawcze i zgodno\u015b\u0107 z przepisami<\/h2>\n<p>Fumaran MiPT s\u0142u\u017cy jako wa\u017cny system modelowy w neurofarmakologii do wyja\u015bnienia mechanizm\u00f3w dzia\u0142ania pochodnych tryptaminy na uk\u0142ady monoaminowe.<\/p>\n<h3>Znaczenie dla bada\u0144 nad receptorami serotoninowymi<\/h3>\n<p>G\u0142\u00f3wnym obszarem zastosowania jest badanie <b>Powinowactwa wi\u0105\u017c\u0105ce<\/b> oraz <b>dzia\u0142ania funkcjonalne<\/b> od MiPT do <a href=\"\/product\/black-gold-hash-kaufen\/\">r\u00f3\u017cne<\/a> Podtypy receptor\u00f3w serotoninowych. Badania te pomagaj\u0105 zrozumie\u0107 zwi\u0105zek mi\u0119dzy struktur\u0105 chemiczn\u0105 a efektem biologicznym. Ponadto zwi\u0105zek ten jest stosowany jako substrat w <b>Badania metabolizmu<\/b> jest u\u017cywany. Obejmuje to mapowanie biochemicznych szlak\u00f3w degradacji i roli enzym\u00f3w detoksykacyjnych (np. cytochromu P450). Wiedza ta jest <b>Podstawy farmakokinetyki<\/b> i przewidywanie potencjalnych aktywno\u015bci metabolit\u00f3w.<\/p>\n<h3>Potrzeba \u015bcis\u0142ych protoko\u0142\u00f3w bezpiecze\u0144stwa<\/h3>\n<p>Ze wzgl\u0119du na potencjaln\u0105 aktywno\u015b\u0107 farmakologiczn\u0105 i klasyfikacj\u0119 chemiczn\u0105 jako chemikalia badawcze, obs\u0142uga musi odbywa\u0107 si\u0119 zgodnie z najwy\u017cszymi standardami bezpiecze\u0144stwa. <b>Laboratoryjne standardy bezpiecze\u0144stwa<\/b> mie\u0107 miejsce.<\/p>\n<ul>\n<li>Post\u0119powanie z krystalicznym proszkiem wymaga obowi\u0105zkowego <b>\u015arodki ochrony indywidualnej (PPE)<\/b>, sk\u0142adaj\u0105cy si\u0119 z fartucha laboratoryjnego, r\u0119kawic i okular\u00f3w ochronnych.<\/li>\n<li>Praca pod <b>Dygestorium chemiczne<\/b> jest obowi\u0105zkowe, aby unikn\u0105\u0107 nara\u017cenia przez wdychanie.<\/li>\n<li>W za\u0142\u0105czeniu <b>Certyfikaty analizy<\/b> s\u0105 nie tylko dowodem jako\u015bci, ale s\u0105 r\u00f3wnie\u017c obowi\u0105zkowe dla <b>Obowi\u0105zek dokumentacyjny<\/b> jako cz\u0119\u015b\u0107 <b>Badania zgodne z GLP<\/b> wymagane.<\/li>\n<\/ul>\n<h2>Przechowywanie i wymogi prawne<\/h2>\n<p>Prawid\u0142owe przechowywanie ma zasadnicze znaczenie dla zapewnienia stabilno\u015bci substancji. Przestrzeganie wszystkich przepis\u00f3w lokalnych i krajowych jest obowi\u0105zkowe.<\/p>\n<h3>Optymalne warunki przechowywania<\/h3>\n<ul>\n<li><b>Temperatura:<\/b> Optymalne przechowywanie d\u0142ugoterminowe ma miejsce w <b>-20\u00b0C (zamra\u017carka)<\/b>.<\/li>\n<li><b>Atmosfera:<\/b> Pod <b>Atmosfera gazu oboj\u0119tnego<\/b> (argon\/azot).<\/li>\n<li><b>Ochrona przed \u015bwiat\u0142em:<\/b> W ciemnych, nieprzezroczystych pojemnikach.<\/li>\n<li><b>Pojemnik:<\/b> Szczelnie zamkni\u0119te i wyra\u017anie oznakowane.<\/li>\n<\/ul>\n<h2>Wymagania dotycz\u0105ce zam\u00f3wie\u0144 i informacje prawne<\/h2>\n<p>Uzyskanie tej specjalistycznej chemii badawczej jest mo\u017cliwe tylko w sprawdzonych instytucjach naukowych.<\/p>\n<p><b>Ilo\u015bci dost\u0119pne dla instytucji badawczych:<\/b><\/p>\n<ul>\n<li>Pr\u00f3bka badawcza: 10g<\/li>\n<li>Ma\u0142a ilo\u015b\u0107: 25g<\/li>\n<li>Standardowa ilo\u015b\u0107: 50 g<\/li>\n<li>Ilo\u015b\u0107 luzem: 100g<\/li>\n<\/ul>\n<h2><b>Nota prawna - \u015bcis\u0142e przestrzeganie przepis\u00f3w:<\/b><\/h2>\n<p>Ten produkt jest <b>wy\u0142\u0105cznie do cel\u00f3w bada\u0144 naukowych<\/b> ustalone. Kupuj\u0105cy nieodwo\u0142alnie potwierdza poprzez zakup <b>U\u017cywaj tylko w \u015brodowiskach bada\u0144 prawnych<\/b>kt\u00f3ry <b>Zgodno\u015b\u0107 ze wszystkimi obowi\u0105zuj\u0105cymi przepisami i regulacjami<\/b>kt\u00f3ry <b>Wdro\u017cenie odpowiednich \u015brodk\u00f3w bezpiecze\u0144stwa<\/b> i <b>Zakaz nieautoryzowanego u\u017cytkowania<\/b>.<\/p>","protected":false},"excerpt":{"rendered":"<p>Kup MiPT Fumarate: N-metylo-N-izopropylotryptamina w postaci fumaranu do cel\u00f3w bada\u0144 naukowych. Wysoka czysto\u015b\u0107 z certyfikatem analizy. Tylko dla wykwalifikowanych organizacji badawczych.<\/p>","protected":false},"featured_media":6470,"comment_status":"open","ping_status":"closed","template":"","meta":{"_joinchat":[]},"product_brand":[],"product_cat":[54],"product_tag":[],"class_list":{"0":"post-6431","1":"product","2":"type-product","3":"status-publish","4":"has-post-thumbnail","6":"product_cat-tryptamines","8":"first","9":"instock","10":"shipping-taxable","11":"purchasable","12":"product-type-variable"},"yoast_head":"<!-- This site is optimized with the Yoast SEO plugin v27.5 - https:\/\/yoast.com\/product\/yoast-seo-wordpress\/ -->\n<title>MiPT Fumarate Kaufen | N-methyl-N-isopropyltryptamine- Chemgramx<\/title>\n<meta name=\"description\" content=\"MiPT Fumarate kaufen - N-methyl-N-isopropyltryptamine f\u00fcr wissenschaftliche Forschung. Hochrein, laborgepr\u00fcft. Ausschlie\u00dflich f\u00fcr Forschungszwecke.\" \/>\n<meta name=\"robots\" content=\"index, follow, max-snippet:-1, max-image-preview:large, max-video-preview:-1\" \/>\n<link rel=\"canonical\" href=\"https:\/\/chemgramx.com\/pl\/produkt-1\/kupic-fumaran-mipt\/\" \/>\n<meta property=\"og:locale\" content=\"pl_PL\" \/>\n<meta property=\"og:type\" content=\"article\" \/>\n<meta property=\"og:title\" content=\"MiPT Fumarate Kaufen | N-methyl-N-isopropyltryptamine- Chemgramx\" \/>\n<meta property=\"og:description\" content=\"MiPT Fumarate kaufen - N-methyl-N-isopropyltryptamine f\u00fcr wissenschaftliche Forschung. Hochrein, laborgepr\u00fcft. Ausschlie\u00dflich f\u00fcr Forschungszwecke.\" \/>\n<meta property=\"og:url\" content=\"https:\/\/chemgramx.com\/pl\/produkt-1\/kupic-fumaran-mipt\/\" \/>\n<meta property=\"og:site_name\" content=\"Chemgramx\" \/>\n<meta property=\"article:modified_time\" content=\"2025-11-21T11:06:23+00:00\" \/>\n<meta property=\"og:image\" content=\"https:\/\/chemgramx.com\/wp-content\/uploads\/2025\/11\/buy-mipt-fumarate-n-methyl-n-isopropyltryptamine-chem-store-online.png\" \/>\n\t<meta property=\"og:image:width\" content=\"618\" \/>\n\t<meta property=\"og:image:height\" content=\"389\" \/>\n\t<meta property=\"og:image:type\" content=\"image\/png\" \/>\n<meta name=\"twitter:card\" content=\"summary_large_image\" \/>\n<meta name=\"twitter:label1\" content=\"Szacowany czas czytania\" \/>\n\t<meta name=\"twitter:data1\" content=\"3 minuty\" \/>\n<script type=\"application\/ld+json\" class=\"yoast-schema-graph\">{\"@context\":\"https:\\\/\\\/schema.org\",\"@graph\":[{\"@type\":\"WebPage\",\"@id\":\"https:\\\/\\\/chemgramx.com\\\/product\\\/mipt-fumarate-kaufen\\\/\",\"url\":\"https:\\\/\\\/chemgramx.com\\\/product\\\/mipt-fumarate-kaufen\\\/\",\"name\":\"MiPT Fumarate Kaufen | N-methyl-N-isopropyltryptamine- Chemgramx\",\"isPartOf\":{\"@id\":\"https:\\\/\\\/chemgramx.com\\\/#website\"},\"primaryImageOfPage\":{\"@id\":\"https:\\\/\\\/chemgramx.com\\\/product\\\/mipt-fumarate-kaufen\\\/#primaryimage\"},\"image\":{\"@id\":\"https:\\\/\\\/chemgramx.com\\\/product\\\/mipt-fumarate-kaufen\\\/#primaryimage\"},\"thumbnailUrl\":\"https:\\\/\\\/chemgramx.com\\\/wp-content\\\/uploads\\\/2025\\\/11\\\/buy-mipt-fumarate-n-methyl-n-isopropyltryptamine-chem-store-online.png\",\"datePublished\":\"2025-11-21T11:05:21+00:00\",\"dateModified\":\"2025-11-21T11:06:23+00:00\",\"description\":\"MiPT Fumarate kaufen - N-methyl-N-isopropyltryptamine f\u00fcr wissenschaftliche Forschung. Hochrein, laborgepr\u00fcft. Ausschlie\u00dflich f\u00fcr Forschungszwecke.\",\"breadcrumb\":{\"@id\":\"https:\\\/\\\/chemgramx.com\\\/product\\\/mipt-fumarate-kaufen\\\/#breadcrumb\"},\"inLanguage\":\"pl-PL\",\"potentialAction\":[{\"@type\":\"ReadAction\",\"target\":[\"https:\\\/\\\/chemgramx.com\\\/product\\\/mipt-fumarate-kaufen\\\/\"]}]},{\"@type\":\"ImageObject\",\"inLanguage\":\"pl-PL\",\"@id\":\"https:\\\/\\\/chemgramx.com\\\/product\\\/mipt-fumarate-kaufen\\\/#primaryimage\",\"url\":\"https:\\\/\\\/chemgramx.com\\\/wp-content\\\/uploads\\\/2025\\\/11\\\/buy-mipt-fumarate-n-methyl-n-isopropyltryptamine-chem-store-online.png\",\"contentUrl\":\"https:\\\/\\\/chemgramx.com\\\/wp-content\\\/uploads\\\/2025\\\/11\\\/buy-mipt-fumarate-n-methyl-n-isopropyltryptamine-chem-store-online.png\",\"width\":618,\"height\":389},{\"@type\":\"BreadcrumbList\",\"@id\":\"https:\\\/\\\/chemgramx.com\\\/product\\\/mipt-fumarate-kaufen\\\/#breadcrumb\",\"itemListElement\":[{\"@type\":\"ListItem\",\"position\":1,\"name\":\"Home\",\"item\":\"https:\\\/\\\/chemgramx.com\\\/\"},{\"@type\":\"ListItem\",\"position\":2,\"name\":\"Shop\",\"item\":\"https:\\\/\\\/chemgramx.com\\\/shop\\\/\"},{\"@type\":\"ListItem\",\"position\":3,\"name\":\"MiPT Fumarate kaufen\"}]},{\"@type\":\"WebSite\",\"@id\":\"https:\\\/\\\/chemgramx.com\\\/#website\",\"url\":\"https:\\\/\\\/chemgramx.com\\\/\",\"name\":\"Chemgramx\",\"description\":\"\",\"publisher\":{\"@id\":\"https:\\\/\\\/chemgramx.com\\\/#organization\"},\"potentialAction\":[{\"@type\":\"SearchAction\",\"target\":{\"@type\":\"EntryPoint\",\"urlTemplate\":\"https:\\\/\\\/chemgramx.com\\\/?s={search_term_string}\"},\"query-input\":{\"@type\":\"PropertyValueSpecification\",\"valueRequired\":true,\"valueName\":\"search_term_string\"}}],\"inLanguage\":\"pl-PL\"},{\"@type\":\"Organization\",\"@id\":\"https:\\\/\\\/chemgramx.com\\\/#organization\",\"name\":\"Chemgramx\",\"url\":\"https:\\\/\\\/chemgramx.com\\\/\",\"logo\":{\"@type\":\"ImageObject\",\"inLanguage\":\"pl-PL\",\"@id\":\"https:\\\/\\\/chemgramx.com\\\/#\\\/schema\\\/logo\\\/image\\\/\",\"url\":\"https:\\\/\\\/chemgramx.com\\\/wp-content\\\/uploads\\\/2024\\\/10\\\/final-logo.png\",\"contentUrl\":\"https:\\\/\\\/chemgramx.com\\\/wp-content\\\/uploads\\\/2024\\\/10\\\/final-logo.png\",\"width\":250,\"height\":48,\"caption\":\"Chemgramx\"},\"image\":{\"@id\":\"https:\\\/\\\/chemgramx.com\\\/#\\\/schema\\\/logo\\\/image\\\/\"}}]}<\/script>\n<!-- \/ Yoast SEO plugin. -->","yoast_head_json":{"title":"Kup MiPT Fumarate | N-metylo-N-izopropylotryptamina- Chemgramx","description":"Kup MiPT Fumarate - N-metylo-N-izopropylotryptamin\u0119 do bada\u0144 naukowych. Wysoka czysto\u015b\u0107, testowana laboratoryjnie. Wy\u0142\u0105cznie do cel\u00f3w badawczych.","robots":{"index":"index","follow":"follow","max-snippet":"max-snippet:-1","max-image-preview":"max-image-preview:large","max-video-preview":"max-video-preview:-1"},"canonical":"https:\/\/chemgramx.com\/pl\/produkt-1\/kupic-fumaran-mipt\/","og_locale":"pl_PL","og_type":"article","og_title":"MiPT Fumarate Kaufen | N-methyl-N-isopropyltryptamine- Chemgramx","og_description":"MiPT Fumarate kaufen - N-methyl-N-isopropyltryptamine f\u00fcr wissenschaftliche Forschung. Hochrein, laborgepr\u00fcft. Ausschlie\u00dflich f\u00fcr Forschungszwecke.","og_url":"https:\/\/chemgramx.com\/pl\/produkt-1\/kupic-fumaran-mipt\/","og_site_name":"Chemgramx","article_modified_time":"2025-11-21T11:06:23+00:00","og_image":[{"width":618,"height":389,"url":"https:\/\/chemgramx.com\/wp-content\/uploads\/2025\/11\/buy-mipt-fumarate-n-methyl-n-isopropyltryptamine-chem-store-online.png","type":"image\/png"}],"twitter_card":"summary_large_image","twitter_misc":{"Szacowany czas czytania":"3 minuty"},"schema":{"@context":"https:\/\/schema.org","@graph":[{"@type":"WebPage","@id":"https:\/\/chemgramx.com\/product\/mipt-fumarate-kaufen\/","url":"https:\/\/chemgramx.com\/product\/mipt-fumarate-kaufen\/","name":"Kup MiPT Fumarate | N-metylo-N-izopropylotryptamina- Chemgramx","isPartOf":{"@id":"https:\/\/chemgramx.com\/#website"},"primaryImageOfPage":{"@id":"https:\/\/chemgramx.com\/product\/mipt-fumarate-kaufen\/#primaryimage"},"image":{"@id":"https:\/\/chemgramx.com\/product\/mipt-fumarate-kaufen\/#primaryimage"},"thumbnailUrl":"https:\/\/chemgramx.com\/wp-content\/uploads\/2025\/11\/buy-mipt-fumarate-n-methyl-n-isopropyltryptamine-chem-store-online.png","datePublished":"2025-11-21T11:05:21+00:00","dateModified":"2025-11-21T11:06:23+00:00","description":"Kup MiPT Fumarate - N-metylo-N-izopropylotryptamin\u0119 do bada\u0144 naukowych. Wysoka czysto\u015b\u0107, testowana laboratoryjnie. Wy\u0142\u0105cznie do cel\u00f3w badawczych.","breadcrumb":{"@id":"https:\/\/chemgramx.com\/product\/mipt-fumarate-kaufen\/#breadcrumb"},"inLanguage":"pl-PL","potentialAction":[{"@type":"ReadAction","target":["https:\/\/chemgramx.com\/product\/mipt-fumarate-kaufen\/"]}]},{"@type":"ImageObject","inLanguage":"pl-PL","@id":"https:\/\/chemgramx.com\/product\/mipt-fumarate-kaufen\/#primaryimage","url":"https:\/\/chemgramx.com\/wp-content\/uploads\/2025\/11\/buy-mipt-fumarate-n-methyl-n-isopropyltryptamine-chem-store-online.png","contentUrl":"https:\/\/chemgramx.com\/wp-content\/uploads\/2025\/11\/buy-mipt-fumarate-n-methyl-n-isopropyltryptamine-chem-store-online.png","width":618,"height":389},{"@type":"BreadcrumbList","@id":"https:\/\/chemgramx.com\/product\/mipt-fumarate-kaufen\/#breadcrumb","itemListElement":[{"@type":"ListItem","position":1,"name":"Home","item":"https:\/\/chemgramx.com\/"},{"@type":"ListItem","position":2,"name":"Shop","item":"https:\/\/chemgramx.com\/shop\/"},{"@type":"ListItem","position":3,"name":"MiPT Fumarate kaufen"}]},{"@type":"WebSite","@id":"https:\/\/chemgramx.com\/#website","url":"https:\/\/chemgramx.com\/","name":"Chemgramx","description":"","publisher":{"@id":"https:\/\/chemgramx.com\/#organization"},"potentialAction":[{"@type":"SearchAction","target":{"@type":"EntryPoint","urlTemplate":"https:\/\/chemgramx.com\/?s={search_term_string}"},"query-input":{"@type":"PropertyValueSpecification","valueRequired":true,"valueName":"search_term_string"}}],"inLanguage":"pl-PL"},{"@type":"Organization","@id":"https:\/\/chemgramx.com\/#organization","name":"Chemgramx","url":"https:\/\/chemgramx.com\/","logo":{"@type":"ImageObject","inLanguage":"pl-PL","@id":"https:\/\/chemgramx.com\/#\/schema\/logo\/image\/","url":"https:\/\/chemgramx.com\/wp-content\/uploads\/2024\/10\/final-logo.png","contentUrl":"https:\/\/chemgramx.com\/wp-content\/uploads\/2024\/10\/final-logo.png","width":250,"height":48,"caption":"Chemgramx"},"image":{"@id":"https:\/\/chemgramx.com\/#\/schema\/logo\/image\/"}}]}},"_links":{"self":[{"href":"https:\/\/chemgramx.com\/pl\/wp-json\/wp\/v2\/product\/6431","targetHints":{"allow":["GET"]}}],"collection":[{"href":"https:\/\/chemgramx.com\/pl\/wp-json\/wp\/v2\/product"}],"about":[{"href":"https:\/\/chemgramx.com\/pl\/wp-json\/wp\/v2\/types\/product"}],"replies":[{"embeddable":true,"href":"https:\/\/chemgramx.com\/pl\/wp-json\/wp\/v2\/comments?post=6431"}],"wp:featuredmedia":[{"embeddable":true,"href":"https:\/\/chemgramx.com\/pl\/wp-json\/wp\/v2\/media\/6470"}],"wp:attachment":[{"href":"https:\/\/chemgramx.com\/pl\/wp-json\/wp\/v2\/media?parent=6431"}],"wp:term":[{"taxonomy":"product_brand","embeddable":true,"href":"https:\/\/chemgramx.com\/pl\/wp-json\/wp\/v2\/product_brand?post=6431"},{"taxonomy":"product_cat","embeddable":true,"href":"https:\/\/chemgramx.com\/pl\/wp-json\/wp\/v2\/product_cat?post=6431"},{"taxonomy":"product_tag","embeddable":true,"href":"https:\/\/chemgramx.com\/pl\/wp-json\/wp\/v2\/product_tag?post=6431"}],"curies":[{"name":"wp","href":"https:\/\/api.w.org\/{rel}","templated":true}]}}