{"id":6547,"date":"2025-11-21T11:06:33","date_gmt":"2025-11-21T11:06:33","guid":{"rendered":"https:\/\/chemgramx.com\/?post_type=product&#038;p=6547"},"modified":"2025-11-21T11:07:18","modified_gmt":"2025-11-21T11:07:18","slug":"2-mcf-zamowienie-online","status":"publish","type":"product","link":"https:\/\/chemgramx.com\/pl\/product\/2-mcf-online-bestellung\/","title":{"rendered":"2-mcf zam\u00f3wienie online"},"content":{"rendered":"<p>2-MCF jest syntetycznym zwi\u0105zkiem z grupy katynon\u00f3w i jest coraz cz\u0119\u015bciej badany w nowoczesnych badaniach chemicznych i farmakologicznych.<br \/>\nZwi\u0105zek ten s\u0142u\u017cy naukowcom jako cenny model do analizy zachowania cz\u0105steczek stymuluj\u0105cych w o\u015brodkowym uk\u0142adzie nerwowym.<br \/>\nW warunkach laboratoryjnych 2-MCF jest wykorzystywany do bada\u0144 eksperymentalnych nad struktur\u0105 molekularn\u0105, uwalnianiem neuroprzeka\u017anik\u00f3w i aktywno\u015bci\u0105 receptor\u00f3w.<br \/>\nNacisk k\u0142adziony jest na badanie podstawowych mechanizm\u00f3w, kt\u00f3re mog\u0105 przyczyni\u0107 si\u0119 do rozwoju nowych koncepcji terapeutycznych.<\/p>\n<p>Poniewa\u017c jest to <strong>czysty <a href=\"\/product\/ebk-online-kaufen\/\">Badania chemiczne<\/a><\/strong> 2-MCF mo\u017ce by\u0107 stosowany wy\u0142\u0105cznie w kontrolowanych laboratoriach zgodnie z mi\u0119dzynarodowymi normami bezpiecze\u0144stwa.<br \/>\nSubstancja nie jest przeznaczona do spo\u017cycia przez ludzi lub zwierz\u0119ta i jest stosowana wy\u0142\u0105cznie do analiz naukowych, bada\u0144 toksykologicznych i charakterystyki chemicznej.<\/p>\n<h2>Struktura chemiczna i klasyfikacja<\/h2>\n<p>Pod wzgl\u0119dem chemicznym 2-MCF (fluorek 2-metylometkatynonu) nale\u017cy do grupy podstawionych fluork\u00f3w. <strong>Katynon<\/strong> - Zwi\u0105zki, kt\u00f3re s\u0105 strukturalnie powi\u0105zane z amfetaminami.<br \/>\nCharakteryzuj\u0105 si\u0119 one grup\u0105 ketonow\u0105 w pozycji \u03b2, co zapewnia im szczeg\u00f3ln\u0105 stabilno\u015b\u0107 i reaktywno\u015b\u0107.<br \/>\n2-MCF jest odmian\u0105 tej podstawowej struktury, w kt\u00f3rej wprowadzono grup\u0119 metylow\u0105 w pozycji 2 i podstawnik fluorkowy.<br \/>\nModyfikacje te wp\u0142ywaj\u0105 na profil farmakologiczny i powinowactwo wi\u0105zania do okre\u015blonych uk\u0142ad\u00f3w receptorowych, co czyni zwi\u0105zek interesuj\u0105cym dla instytucji badawczych.<\/p>\n<h3>Wa\u017cne parametry chemiczne<\/h3>\n<ul>\n<li><strong>Nazwa chemiczna:<\/strong> Fluorek 2-metylometkatynonu<\/li>\n<li><strong>Wz\u00f3r cz\u0105steczkowy:<\/strong> C<sub>11<\/sub>H<sub>14<\/sub>FNO<\/li>\n<li><strong>Masa cz\u0105steczkowa:<\/strong> oko\u0142o 195,2 g\/mol<\/li>\n<li><strong>Czysto\u015b\u0107:<\/strong> \u226598 % (w zale\u017cno\u015bci od testu analitycznego)<\/li>\n<li><strong>Forma wygl\u0105du:<\/strong> krystaliczny proszek, bezbarwny do lekko be\u017cowego<\/li>\n<li><strong>Rozpuszczalno\u015b\u0107:<\/strong> umiarkowanie rozpuszczalny w etanolu, metanolu i wodzie<\/li>\n<li><strong>Stabilno\u015b\u0107:<\/strong> Wra\u017cliwy na \u015bwiat\u0142o i wilgo\u0107, przechowywa\u0107 w ch\u0142odnym i suchym miejscu<\/li>\n<\/ul>\n<p>Te w\u0142a\u015bciwo\u015bci chemiczne sprawiaj\u0105, \u017ce 2-MCF jest wszechstronn\u0105 substancj\u0105 do bada\u0144 analitycznych i farmakologicznych.<br \/>\nW po\u0142\u0105czeniu z metodami instrumentalnymi, takimi jak <strong>Chromatografia gazowa ze spektrometri\u0105 mas (GC-MS)<\/strong> lub <strong>Chromatografia cieczowa (HPLC)<\/strong> substancj\u0119 mo\u017cna dok\u0142adnie scharakteryzowa\u0107.<\/p>\n<h2>Znaczenie farmakologiczne<\/h2>\n<p>2-MCF ma strukturalne podobie\u0144stwa do znanych stymulant\u00f3w, ale r\u00f3\u017cni si\u0119 modyfikacj\u0105 chemiczn\u0105, kt\u00f3ra zmienia jego wi\u0105zanie z receptorem i w\u0142a\u015bciwo\u015bci farmakodynamiczne.<br \/>\nW badaniach laboratoryjnych s\u0142u\u017cy zatem jako substancja modelowa do badania sygnalizacji dopaminergicznej i serotoninergicznej.<br \/>\nBadania te zapewniaj\u0105 fundamentalny wgl\u0105d w procesy neuronalne, kt\u00f3re s\u0105 istotne dla nastroju, motywacji i wydajno\u015bci poznawczej.<\/p>\n<p>Celem bada\u0144 naukowych nad 2-MCF jest zrozumienie interakcji mi\u0119dzy struktur\u0105 molekularn\u0105 a efektem fizjologicznym.<br \/>\nW tym celu modele in vitro s\u0105 wykorzystywane do analizy powinowactwa wi\u0105zania, mechanizm\u00f3w transportu i mo\u017cliwych szlak\u00f3w metabolicznych.<\/p>\n<h3>Mo\u017cliwe mechanizmy dzia\u0142ania<\/h3>\n<ul>\n<li>Po\u015bredni wp\u0142yw na transportery dopaminy i serotoniny<\/li>\n<li>Zmiana pobudliwo\u015bci neuron\u00f3w poprzez interakcj\u0119 z uk\u0142adami monoaminergicznymi<\/li>\n<li>Analiza zale\u017cno\u015bci mi\u0119dzy struktur\u0105 molekularn\u0105 a aktywno\u015bci\u0105 syntetycznych katynon\u00f3w<\/li>\n<\/ul>\n<p>Wyniki takich bada\u0144 mog\u0105 pom\u00f3c zrozumie\u0107 neurobiologiczne podstawy dzia\u0142ania substancji stymuluj\u0105cych i lepiej sklasyfikowa\u0107 zagro\u017cenia toksykologiczne.<\/p>\n<h2>Zastosowania w badaniach naukowych<\/h2>\n<p>2-MCF jest stosowany w r\u00f3\u017cnych obszarach bada\u0144, w tym <strong>Neurochemia<\/strong>, <strong>Toksykologia<\/strong> oraz <strong>chemia analityczna<\/strong>.<br \/>\nSubstancja ta jest g\u0142\u00f3wnie wykorzystywana do opracowywania i walidacji nowych metod wykrywania w celu identyfikacji powi\u0105zanych stymulant\u00f3w w pr\u00f3bkach biologicznych.<br \/>\nDostarcza r\u00f3wnie\u017c wa\u017cnych danych por\u00f3wnawczych dla farmakologicznych analiz struktura-aktywno\u015b\u0107.<\/p>\n<h3>Typowe zastosowania badawcze<\/h3>\n<ul>\n<li><strong>Badania farmakologiczne:<\/strong> Ocena wi\u0105zania receptora i transdukcji sygna\u0142u<\/li>\n<li><strong>Badania analityczne:<\/strong> Opracowanie krzywych wzorcowych i widm masowych dla odniesienia<\/li>\n<li><strong>Eksperymenty toksykologiczne:<\/strong> Badanie produkt\u00f3w przemiany materii i mechanizm\u00f3w degradacji biologicznej<\/li>\n<li><strong>Badania por\u00f3wnawcze:<\/strong> Analiza chemicznych i biologicznych r\u00f3\u017cnic w stosunku do pokrewnych katynon\u00f3w<\/li>\n<li><strong>Analityka kryminalistyczna:<\/strong> Identyfikacja syntetycznych katynon\u00f3w w pr\u00f3bkach laboratoryjnych<\/li>\n<\/ul>\n<p>Zastosowania te ilustruj\u0105, \u017ce 2-MCF jest cennym narz\u0119dziem w badaniach podstawowych i stosowanych, szczeg\u00f3lnie dla laboratori\u00f3w zajmuj\u0105cych si\u0119 klasyfikacj\u0105 i wykrywaniem zwi\u0105zk\u00f3w psychoaktywnych.<\/p>\n<h2>Testowanie jako\u015bci i standardy laboratoryjne<\/h2>\n<p>Ka\u017cda partia 2-MCF u\u017cywana do prac naukowych jest poddawana kompleksowym testom analitycznym.<br \/>\nMetody kontroli jako\u015bci, takie jak <strong>HPLC<\/strong>, <strong>GC-MS<\/strong> oraz <strong>Spektroskopia NMR<\/strong> stosowane w celu zapewnienia sk\u0142adu chemicznego i czysto\u015bci.<br \/>\nPonadto <strong>Certyfikaty COA (certyfikaty analizy)<\/strong> kt\u00f3re dokumentuj\u0105 wszystkie istotne parametry jako\u015bciowe.<\/p>\n<p>Te znormalizowane procesy testowe zapewniaj\u0105 powtarzalno\u015b\u0107, por\u00f3wnywalno\u015b\u0107 i wiarygodno\u015b\u0107 wynik\u00f3w eksperymentalnych.<br \/>\nCzysto\u015b\u0107 2-MCF ma kluczowe znaczenie dla cel\u00f3w badawczych, poniewa\u017c nawet niewielkie zanieczyszczenia mog\u0105 zmieni\u0107 zachowanie substancji w eksperymencie.<\/p>\n<h2>Instrukcje dotycz\u0105ce bezpiecze\u0144stwa i obs\u0142ugi<\/h2>\n<p>Poniewa\u017c 2-MCF jest aktywn\u0105 substancj\u0105 chemiczn\u0105 wykorzystywan\u0105 w badaniach, do jej obs\u0142ugi stosuje si\u0119 \u015bcis\u0142e wytyczne dotycz\u0105ce bezpiecze\u0144stwa.<br \/>\nPersonel laboratorium musi by\u0107 odpowiednio przeszkolony i mo\u017ce u\u017cywa\u0107 substancji wy\u0142\u0105cznie w <strong>Zgodno\u015b\u0107 z GLP<\/strong> udogodnienia obs\u0142ugi.<br \/>\nNale\u017cy zachowa\u0107 szczeg\u00f3ln\u0105 ostro\u017cno\u015b\u0107 podczas dozowania proszk\u00f3w i obchodzenia si\u0119 z rozpuszczalnikami, poniewa\u017c nale\u017cy unika\u0107 przypadkowego wdychania lub nara\u017cenia sk\u00f3ry.<\/p>\n<h3>Zalecane \u015brodki bezpiecze\u0144stwa<\/h3>\n<ul>\n<li>Praca pod wentylowanym dygestorium chemicznym<\/li>\n<li>Nosi\u0107 okulary ochronne, fartuch laboratoryjny i r\u0119kawice.<\/li>\n<li>U\u017cywanie szczelnych pojemnik\u00f3w i jednorazowych pipet<\/li>\n<li>Brak bezpo\u015bredniego kontaktu ze sk\u00f3r\u0105 lub b\u0142on\u0105 \u015bluzow\u0105<\/li>\n<li>Usuwanie zanieczyszczonych materia\u0142\u00f3w zgodnie z wytycznymi dotycz\u0105cymi substancji niebezpiecznych<\/li>\n<\/ul>\n<p>Nale\u017cy r\u00f3wnie\u017c upewni\u0107 si\u0119, \u017ce w laboratorium dost\u0119pne s\u0105 odpowiednie \u015brodki pierwszej pomocy, takie jak prysznice do oczu i prysznice bezpiecze\u0144stwa.<br \/>\nPrace powinny by\u0107 wykonywane wy\u0142\u0105cznie przez wykwalifikowany personel pod nadzorem odpowiedzialnego kierownika laboratorium.<\/p>\n<h2>Przechowywanie i stabilno\u015b\u0107<\/h2>\n<p>Aby zapewni\u0107 stabilno\u015b\u0107 chemiczn\u0105, 2-MCF powinien by\u0107 stosowany w <strong>ch\u0142odny, suchy i ciemny<\/strong> \u015brodowisko.<br \/>\nZalecane s\u0105 temperatury od 2 \u00b0C do 8 \u00b0C.<br \/>\nSubstancja powinna by\u0107 przechowywana hermetycznie w pojemnikach odpornych na chemikalia i chroniona przed wilgoci\u0105, tlenem i promieniowaniem UV.<br \/>\nW takich warunkach czysto\u015b\u0107 jest utrzymywana przez d\u0142u\u017cszy czas.<\/p>\n<h2>Status prawny<\/h2>\n<p>Status prawny 2-MCF r\u00f3\u017cni si\u0119 w zale\u017cno\u015bci od kraju.<br \/>\nW niekt\u00f3rych krajach substancja ta nie jest jeszcze wyra\u017anie uregulowana, ale wchodzi w zakres tzw. <strong>Nagrania analogowe<\/strong> lub prawa, kt\u00f3re wychwytuj\u0105 podobne struktury chemiczne.<br \/>\nW Niemczech i du\u017cej cz\u0119\u015bci Europy 2-MCF mo\u017ce zatem <strong>Ustawa o nowych substancjach psychoaktywnych (NpSG)<\/strong> lub podlegaj\u0105 odpowiednim przepisom.<br \/>\nW USA i Kanadzie istnieje por\u00f3wnywalna kategoryzacja za po\u015brednictwem <strong>Federalna ustawa o analogach<\/strong>.<\/p>\n<p>Instytucje badawcze musz\u0105 upewni\u0107 si\u0119, \u017ce posiadaj\u0105 wszystkie niezb\u0119dne zezwolenia i u\u017cywaj\u0105 substancji wy\u0142\u0105cznie do cel\u00f3w naukowych.<br \/>\nHandel i konsumpcja poza autoryzowanymi \u015brodowiskami laboratoryjnymi s\u0105 niedozwolone.<\/p>\n<h2>Znaczenie naukowe<\/h2>\n<p>Badanie 2-MCF oferuje naukowcom mo\u017cliwo\u015b\u0107 przeanalizowania podstawowych zale\u017cno\u015bci mi\u0119dzy struktur\u0105 chemiczn\u0105 a efektem neurobiologicznym.<br \/>\nZapewnia wgl\u0105d w aktywno\u015b\u0107 analog\u00f3w katynonu i ich wp\u0142yw na procesy sygnalizacji neuronalnej.<br \/>\nPonadto badania nad 2-MCF wspieraj\u0105 rozw\u00f3j analitycznych metod wykrywania substancji pokrewnych w kontek\u015bcie kryminalistycznym i klinicznym.<\/p>\n<p>Og\u00f3lnie rzecz bior\u0105c, 2-MCF przyczynia si\u0119 do dalszego rozwoju nowoczesnej neurochemii i farmakologii, poniewa\u017c stanowi pomost mi\u0119dzy struktur\u0105 molekularn\u0105 a efektem funkcjonalnym.<br \/>\nJego badania pomagaj\u0105 lepiej zrozumie\u0107 zagro\u017cenia i mechanizmy dzia\u0142ania syntetycznych stymulant\u00f3w, co stanowi wa\u017cny wk\u0142ad w zdrowie publiczne i bezpiecze\u0144stwo substancji.<\/p>\n<h2>Wnioski<\/h2>\n<p>2-MCF to syntetyczna substancja chemiczna z rodziny katynon\u00f3w o istotnym znaczeniu dla eksperymentalnej neuronauki i chemii analitycznej.<br \/>\nJego stabilna struktura, wysoka czysto\u015b\u0107 i okre\u015blona aktywno\u015b\u0107 farmakologiczna sprawiaj\u0105, \u017ce idealnie nadaje si\u0119 do bada\u0144 laboratoryjnych w kontrolowanych warunkach.<br \/>\nPrawid\u0142owa, zgodna z prawem obs\u0142uga 2-MCF jest niezb\u0119dna do uzyskania prawid\u0142owych wynik\u00f3w i zapewnienia bezpiecze\u0144stwa wszystkim zaanga\u017cowanym stronom.<\/p>\n<p>Og\u00f3lnie rzecz bior\u0105c, 2-MCF pozostaje cennym narz\u0119dziem w badaniach podstawowych - zar\u00f3wno w celu wyja\u015bnienia mechanizm\u00f3w neurochemicznych, jak i poprawy metod analitycznych.<br \/>\nJego naukowe znaczenie polega w mniejszym stopniu na jego praktycznym zastosowaniu, ni\u017c na jego wk\u0142adzie w zrozumienie z\u0142o\u017conych interakcji mi\u0119dzy chemi\u0105, biologi\u0105 i zachowaniem.<\/p>","protected":false},"excerpt":{"rendered":"<p><strong>2-MCF<\/strong> to wysoce czysty, syntetyczny zwi\u0105zek chemiczny, kt\u00f3ry zosta\u0142 opracowany do cel\u00f3w bada\u0144 naukowych. S\u0142u\u017cy do badania reakcji neurochemicznych i efekt\u00f3w psychoaktywnych. Ka\u017cda partia jest testowana pod k\u0105tem najwy\u017cszej czysto\u015bci. Wy\u0142\u0105cznie do bada\u0144 naukowych - nie nadaje si\u0119 do spo\u017cycia przez ludzi.<\/p>","protected":false},"featured_media":6575,"comment_status":"open","ping_status":"closed","template":"","meta":{"_joinchat":[]},"product_brand":[],"product_cat":[1800],"product_tag":[2275,2283,2281,2282,2276,2280,2278,2279,2277,2182],"class_list":{"0":"post-6547","1":"product","2":"type-product","3":"status-publish","4":"has-post-thumbnail","6":"product_cat-sedatives","7":"product_tag-2-mcf","8":"product_tag-2-mcf-chemikalien","9":"product_tag-2-mcf-forschung","10":"product_tag-2-mcf-fur-forschung","11":"product_tag-2-mcf-kaufen","12":"product_tag-2-mcf-kristalle","13":"product_tag-2-mcf-online","14":"product_tag-2-mcf-pulver","15":"product_tag-2-mcf-zum-verkauf","16":"product_tag-synthetische-chemikalien","18":"first","19":"instock","20":"shipping-taxable","21":"purchasable","22":"product-type-variable"},"yoast_head":"<!-- This site is optimized with the Yoast SEO plugin v27.5 - https:\/\/yoast.com\/product\/yoast-seo-wordpress\/ -->\n<title>2-MCF online kaufen \u2013 2-MCF zu verkaufen<\/title>\n<meta name=\"description\" content=\"Bei chemgramx k\u00f6nnen Sie 2-mcf zu g\u00fcnstigen Preisen kaufen. Hier k\u00f6nnen Sie 2-mcf online in hoher Qualit\u00e4t jetzt mit schnellem und sicherem Versandservice in unserem Shop kaufen. Jetzt bestellen!\" \/>\n<meta name=\"robots\" content=\"index, follow, max-snippet:-1, max-image-preview:large, max-video-preview:-1\" \/>\n<link rel=\"canonical\" href=\"https:\/\/chemgramx.com\/pl\/produkt-1\/2-mcf-zamowienie-online\/\" \/>\n<meta property=\"og:locale\" content=\"pl_PL\" \/>\n<meta property=\"og:type\" content=\"article\" \/>\n<meta property=\"og:title\" content=\"2-MCF online kaufen \u2013 2-MCF zu verkaufen\" \/>\n<meta property=\"og:description\" content=\"Bei chemgramx k\u00f6nnen Sie 2-mcf zu g\u00fcnstigen Preisen kaufen. Hier k\u00f6nnen Sie 2-mcf online in hoher Qualit\u00e4t jetzt mit schnellem und sicherem Versandservice in unserem Shop kaufen. Jetzt bestellen!\" \/>\n<meta property=\"og:url\" content=\"https:\/\/chemgramx.com\/pl\/produkt-1\/2-mcf-zamowienie-online\/\" \/>\n<meta property=\"og:site_name\" content=\"Chemgramx\" \/>\n<meta property=\"article:modified_time\" content=\"2025-11-21T11:07:18+00:00\" \/>\n<meta property=\"og:image\" content=\"https:\/\/chemgramx.com\/wp-content\/uploads\/2025\/11\/2mcf.png\" \/>\n\t<meta property=\"og:image:width\" content=\"600\" \/>\n\t<meta property=\"og:image:height\" content=\"400\" \/>\n\t<meta property=\"og:image:type\" content=\"image\/png\" \/>\n<meta name=\"twitter:card\" content=\"summary_large_image\" \/>\n<meta name=\"twitter:label1\" content=\"Szacowany czas czytania\" \/>\n\t<meta name=\"twitter:data1\" content=\"5 minut\" \/>\n<script type=\"application\/ld+json\" class=\"yoast-schema-graph\">{\"@context\":\"https:\\\/\\\/schema.org\",\"@graph\":[{\"@type\":\"WebPage\",\"@id\":\"https:\\\/\\\/chemgramx.com\\\/product\\\/2-mcf-online-bestellung\\\/\",\"url\":\"https:\\\/\\\/chemgramx.com\\\/product\\\/2-mcf-online-bestellung\\\/\",\"name\":\"2-MCF online kaufen \u2013 2-MCF zu verkaufen\",\"isPartOf\":{\"@id\":\"https:\\\/\\\/chemgramx.com\\\/#website\"},\"primaryImageOfPage\":{\"@id\":\"https:\\\/\\\/chemgramx.com\\\/product\\\/2-mcf-online-bestellung\\\/#primaryimage\"},\"image\":{\"@id\":\"https:\\\/\\\/chemgramx.com\\\/product\\\/2-mcf-online-bestellung\\\/#primaryimage\"},\"thumbnailUrl\":\"https:\\\/\\\/chemgramx.com\\\/wp-content\\\/uploads\\\/2025\\\/11\\\/2mcf.png\",\"datePublished\":\"2025-11-21T11:06:33+00:00\",\"dateModified\":\"2025-11-21T11:07:18+00:00\",\"description\":\"Bei chemgramx k\u00f6nnen Sie 2-mcf zu g\u00fcnstigen Preisen kaufen. Hier k\u00f6nnen Sie 2-mcf online in hoher Qualit\u00e4t jetzt mit schnellem und sicherem Versandservice in unserem Shop kaufen. Jetzt bestellen!\",\"breadcrumb\":{\"@id\":\"https:\\\/\\\/chemgramx.com\\\/product\\\/2-mcf-online-bestellung\\\/#breadcrumb\"},\"inLanguage\":\"pl-PL\",\"potentialAction\":[{\"@type\":\"ReadAction\",\"target\":[\"https:\\\/\\\/chemgramx.com\\\/product\\\/2-mcf-online-bestellung\\\/\"]}]},{\"@type\":\"ImageObject\",\"inLanguage\":\"pl-PL\",\"@id\":\"https:\\\/\\\/chemgramx.com\\\/product\\\/2-mcf-online-bestellung\\\/#primaryimage\",\"url\":\"https:\\\/\\\/chemgramx.com\\\/wp-content\\\/uploads\\\/2025\\\/11\\\/2mcf.png\",\"contentUrl\":\"https:\\\/\\\/chemgramx.com\\\/wp-content\\\/uploads\\\/2025\\\/11\\\/2mcf.png\",\"width\":600,\"height\":400},{\"@type\":\"BreadcrumbList\",\"@id\":\"https:\\\/\\\/chemgramx.com\\\/product\\\/2-mcf-online-bestellung\\\/#breadcrumb\",\"itemListElement\":[{\"@type\":\"ListItem\",\"position\":1,\"name\":\"Home\",\"item\":\"https:\\\/\\\/chemgramx.com\\\/\"},{\"@type\":\"ListItem\",\"position\":2,\"name\":\"Shop\",\"item\":\"https:\\\/\\\/chemgramx.com\\\/shop\\\/\"},{\"@type\":\"ListItem\",\"position\":3,\"name\":\"2-mcf Online Bestellung\"}]},{\"@type\":\"WebSite\",\"@id\":\"https:\\\/\\\/chemgramx.com\\\/#website\",\"url\":\"https:\\\/\\\/chemgramx.com\\\/\",\"name\":\"Chemgramx\",\"description\":\"\",\"publisher\":{\"@id\":\"https:\\\/\\\/chemgramx.com\\\/#organization\"},\"potentialAction\":[{\"@type\":\"SearchAction\",\"target\":{\"@type\":\"EntryPoint\",\"urlTemplate\":\"https:\\\/\\\/chemgramx.com\\\/?s={search_term_string}\"},\"query-input\":{\"@type\":\"PropertyValueSpecification\",\"valueRequired\":true,\"valueName\":\"search_term_string\"}}],\"inLanguage\":\"pl-PL\"},{\"@type\":\"Organization\",\"@id\":\"https:\\\/\\\/chemgramx.com\\\/#organization\",\"name\":\"Chemgramx\",\"url\":\"https:\\\/\\\/chemgramx.com\\\/\",\"logo\":{\"@type\":\"ImageObject\",\"inLanguage\":\"pl-PL\",\"@id\":\"https:\\\/\\\/chemgramx.com\\\/#\\\/schema\\\/logo\\\/image\\\/\",\"url\":\"https:\\\/\\\/chemgramx.com\\\/wp-content\\\/uploads\\\/2024\\\/10\\\/final-logo.png\",\"contentUrl\":\"https:\\\/\\\/chemgramx.com\\\/wp-content\\\/uploads\\\/2024\\\/10\\\/final-logo.png\",\"width\":250,\"height\":48,\"caption\":\"Chemgramx\"},\"image\":{\"@id\":\"https:\\\/\\\/chemgramx.com\\\/#\\\/schema\\\/logo\\\/image\\\/\"}}]}<\/script>\n<!-- \/ Yoast SEO plugin. -->","yoast_head_json":{"title":"Kup 2-MCF online \u2013 2-MCF na sprzeda\u017c","description":"W Chemgramx mo\u017cesz kupi\u0107 2-mcf w przyst\u0119pnych cenach. Tutaj mo\u017cesz kupi\u0107 wysokiej jako\u015bci 2-mcf online ju\u017c teraz z szybk\u0105 i bezpieczn\u0105 wysy\u0142k\u0105 w naszym sklepie. Zam\u00f3w ju\u017c teraz!","robots":{"index":"index","follow":"follow","max-snippet":"max-snippet:-1","max-image-preview":"max-image-preview:large","max-video-preview":"max-video-preview:-1"},"canonical":"https:\/\/chemgramx.com\/pl\/produkt-1\/2-mcf-zamowienie-online\/","og_locale":"pl_PL","og_type":"article","og_title":"2-MCF online kaufen \u2013 2-MCF zu verkaufen","og_description":"Bei chemgramx k\u00f6nnen Sie 2-mcf zu g\u00fcnstigen Preisen kaufen. Hier k\u00f6nnen Sie 2-mcf online in hoher Qualit\u00e4t jetzt mit schnellem und sicherem Versandservice in unserem Shop kaufen. Jetzt bestellen!","og_url":"https:\/\/chemgramx.com\/pl\/produkt-1\/2-mcf-zamowienie-online\/","og_site_name":"Chemgramx","article_modified_time":"2025-11-21T11:07:18+00:00","og_image":[{"width":600,"height":400,"url":"https:\/\/chemgramx.com\/wp-content\/uploads\/2025\/11\/2mcf.png","type":"image\/png"}],"twitter_card":"summary_large_image","twitter_misc":{"Szacowany czas czytania":"5 minut"},"schema":{"@context":"https:\/\/schema.org","@graph":[{"@type":"WebPage","@id":"https:\/\/chemgramx.com\/product\/2-mcf-online-bestellung\/","url":"https:\/\/chemgramx.com\/product\/2-mcf-online-bestellung\/","name":"Kup 2-MCF online \u2013 2-MCF na sprzeda\u017c","isPartOf":{"@id":"https:\/\/chemgramx.com\/#website"},"primaryImageOfPage":{"@id":"https:\/\/chemgramx.com\/product\/2-mcf-online-bestellung\/#primaryimage"},"image":{"@id":"https:\/\/chemgramx.com\/product\/2-mcf-online-bestellung\/#primaryimage"},"thumbnailUrl":"https:\/\/chemgramx.com\/wp-content\/uploads\/2025\/11\/2mcf.png","datePublished":"2025-11-21T11:06:33+00:00","dateModified":"2025-11-21T11:07:18+00:00","description":"W Chemgramx mo\u017cesz kupi\u0107 2-mcf w przyst\u0119pnych cenach. Tutaj mo\u017cesz kupi\u0107 wysokiej jako\u015bci 2-mcf online ju\u017c teraz z szybk\u0105 i bezpieczn\u0105 wysy\u0142k\u0105 w naszym sklepie. Zam\u00f3w ju\u017c teraz!","breadcrumb":{"@id":"https:\/\/chemgramx.com\/product\/2-mcf-online-bestellung\/#breadcrumb"},"inLanguage":"pl-PL","potentialAction":[{"@type":"ReadAction","target":["https:\/\/chemgramx.com\/product\/2-mcf-online-bestellung\/"]}]},{"@type":"ImageObject","inLanguage":"pl-PL","@id":"https:\/\/chemgramx.com\/product\/2-mcf-online-bestellung\/#primaryimage","url":"https:\/\/chemgramx.com\/wp-content\/uploads\/2025\/11\/2mcf.png","contentUrl":"https:\/\/chemgramx.com\/wp-content\/uploads\/2025\/11\/2mcf.png","width":600,"height":400},{"@type":"BreadcrumbList","@id":"https:\/\/chemgramx.com\/product\/2-mcf-online-bestellung\/#breadcrumb","itemListElement":[{"@type":"ListItem","position":1,"name":"Home","item":"https:\/\/chemgramx.com\/"},{"@type":"ListItem","position":2,"name":"Shop","item":"https:\/\/chemgramx.com\/shop\/"},{"@type":"ListItem","position":3,"name":"2-mcf Online Bestellung"}]},{"@type":"WebSite","@id":"https:\/\/chemgramx.com\/#website","url":"https:\/\/chemgramx.com\/","name":"Chemgramx","description":"","publisher":{"@id":"https:\/\/chemgramx.com\/#organization"},"potentialAction":[{"@type":"SearchAction","target":{"@type":"EntryPoint","urlTemplate":"https:\/\/chemgramx.com\/?s={search_term_string}"},"query-input":{"@type":"PropertyValueSpecification","valueRequired":true,"valueName":"search_term_string"}}],"inLanguage":"pl-PL"},{"@type":"Organization","@id":"https:\/\/chemgramx.com\/#organization","name":"Chemgramx","url":"https:\/\/chemgramx.com\/","logo":{"@type":"ImageObject","inLanguage":"pl-PL","@id":"https:\/\/chemgramx.com\/#\/schema\/logo\/image\/","url":"https:\/\/chemgramx.com\/wp-content\/uploads\/2024\/10\/final-logo.png","contentUrl":"https:\/\/chemgramx.com\/wp-content\/uploads\/2024\/10\/final-logo.png","width":250,"height":48,"caption":"Chemgramx"},"image":{"@id":"https:\/\/chemgramx.com\/#\/schema\/logo\/image\/"}}]}},"_links":{"self":[{"href":"https:\/\/chemgramx.com\/pl\/wp-json\/wp\/v2\/product\/6547","targetHints":{"allow":["GET"]}}],"collection":[{"href":"https:\/\/chemgramx.com\/pl\/wp-json\/wp\/v2\/product"}],"about":[{"href":"https:\/\/chemgramx.com\/pl\/wp-json\/wp\/v2\/types\/product"}],"replies":[{"embeddable":true,"href":"https:\/\/chemgramx.com\/pl\/wp-json\/wp\/v2\/comments?post=6547"}],"wp:featuredmedia":[{"embeddable":true,"href":"https:\/\/chemgramx.com\/pl\/wp-json\/wp\/v2\/media\/6575"}],"wp:attachment":[{"href":"https:\/\/chemgramx.com\/pl\/wp-json\/wp\/v2\/media?parent=6547"}],"wp:term":[{"taxonomy":"product_brand","embeddable":true,"href":"https:\/\/chemgramx.com\/pl\/wp-json\/wp\/v2\/product_brand?post=6547"},{"taxonomy":"product_cat","embeddable":true,"href":"https:\/\/chemgramx.com\/pl\/wp-json\/wp\/v2\/product_cat?post=6547"},{"taxonomy":"product_tag","embeddable":true,"href":"https:\/\/chemgramx.com\/pl\/wp-json\/wp\/v2\/product_tag?post=6547"}],"curies":[{"name":"wp","href":"https:\/\/api.w.org\/{rel}","templated":true}]}}